{"id":1495,"date":"2022-11-25T09:33:12","date_gmt":"2022-11-25T02:33:12","guid":{"rendered":"https:\/\/aslighting.com.vn\/?post_type=product&#038;p=1495"},"modified":"2023-06-24T11:55:16","modified_gmt":"2023-06-24T04:55:16","slug":"bo-den-simplitz-batten-v3-osram","status":"publish","type":"product","link":"https:\/\/aslighting.com.vn\/en\/product\/bo-den-simplitz-batten-v3-osram\/","title":{"rendered":"B\u1ed8 \u0110\u00c8N LED SIMPLITZ BATTEN V3 OSRAM"},"content":{"rendered":"<p><span style=\"font-weight: 400;\"><span style=\"color: #000098;\"><strong><a href=\"https:\/\/aslighting.com.vn\/en\/product\/bo-den-simplitz-batten-v3-osram\/\"><span style=\"color: #000098;\">\u0110\u00e8n Simplitz Batten V3<\/span><\/a> <\/strong><\/span>c\u1ee7a h\u00e3ng Osram l\u00e0 phi\u00ean b\u1ea3n m\u1edbi nh\u1ea5t ph\u00f9 h\u1ee3p v\u1edbi c\u00e1c kh\u00f4ng gian c\u0103n h\u1ed9 gia \u0111\u00ecnh, c\u1eeda h\u00e0ng, nh\u00e0 x\u01b0\u1edfng nh\u1ecf. N\u1ebfu kh\u00e1ch h\u00e0ng \u0111ang quan t\u00e2m v\u00e0 t\u00ecm hi\u1ec3u d\u00f2ng s\u1ea3n ph\u1ea9m n\u00e0y, h\u00e3y xem c\u00e1c th\u00f4ng tin d\u01b0\u1edbi \u0111\u00e2y.<\/span><\/p>\n<p><a href=\"https:\/\/aslighting.com.vn\/wp-content\/uploads\/2022\/11\/20210705164346_batten-v31.png\"><img fetchpriority=\"high\" decoding=\"async\" class=\"aligncenter wp-image-3823\" src=\"https:\/\/aslighting.com.vn\/wp-content\/uploads\/2022\/11\/20210705164346_batten-v31.png\" alt=\"\" width=\"500\" height=\"500\" srcset=\"\/wp-content\/uploads\/2022\/11\/20210705164346_batten-v31.png 911w, \/wp-content\/uploads\/2022\/11\/20210705164346_batten-v31-300x300.png 300w, \/wp-content\/uploads\/2022\/11\/20210705164346_batten-v31-150x150.png 150w, \/wp-content\/uploads\/2022\/11\/20210705164346_batten-v31-768x768.png 768w, \/wp-content\/uploads\/2022\/11\/20210705164346_batten-v31-12x12.png 12w, \/wp-content\/uploads\/2022\/11\/20210705164346_batten-v31-600x600.png 600w, \/wp-content\/uploads\/2022\/11\/20210705164346_batten-v31-100x100.png 100w\" sizes=\"(max-width: 500px) 100vw, 500px\" \/><\/a><\/p>\n<p style=\"text-align: center;\"><span style=\"font-size: 10pt;\"><em>\u0110\u00e8n Simplitz Batten Batten V3 Osram \u0111\u01b0\u1ee3c \u00c1nh Sao ph\u00e2n ph\u1ed1i ch\u00ednh h\u00e3ng<\/em><\/span><\/p>\n<h2><span style=\"color: #000080;\"><strong>I\/ \u0110\u1eb7c \u0111i\u1ec3m c\u1ee7a \u0111\u00e8n Simplitz Batten V3<\/strong><\/span><\/h2>\n<p><span style=\"font-weight: 400;\">Nh\u01b0 \u0111\u00e3 n\u00f3i \u1edf tr\u00ean, d\u00f2ng s\u1ea3n ph\u1ea9m n\u00e0y c\u1ea3i ti\u1ebfn nh\u1ea5t ph\u1ee5c v\u1ee5 cho nh\u1eefng kh\u00f4ng gian nh\u1ecf. Gi\u1ea3i ph\u00e1p n\u00e0y v\u1edbi nhi\u1ec1u t\u00ednh n\u0103ng kh\u00e1c nhau ph\u00f9 h\u1ee3p cho th\u1ea9m m\u1ef9 c\u0169ng nh\u01b0 chi ph\u00ed.<\/span><\/p>\n<h3><strong><span style=\"color: #ff6600;\">1. Thi\u1ebft k\u1ebf c\u1ee7a Simplitz Batten V3<\/span><\/strong><\/h3>\n<ul>\n<li><span style=\"font-weight: 400;\">S\u1ea3n ph\u1ea9m Batten V3 Osram \u0111\u01b0\u1ee3c thi\u1ebft k\u1ebf v\u1edbi ki\u1ec3u d\u00e1ng nh\u1ecf g\u1ecdn, tr\u1ecdng l\u01b0\u1ee3ng nh\u1eb9 ph\u00f9 h\u1ee3p v\u1edbi chi\u1ebfu s\u00e1ng kh\u00f4ng gian s\u1ed1ng c\u1ee7a m\u1ed7i gia \u0111\u00ecnh.\u00a0<\/span><\/li>\n<li><span style=\"font-weight: 400;\">S\u1ea3n ph\u1ea9m ra m\u1eaft l\u00e0 m\u00e3 c\u1ea3i ti\u1ebfn nh\u1ea5t so v\u1edbi c\u00e1c m\u00e3 \u0111\u00e8n chi\u1ebfu s\u00e1ng gia \u0111\u00ecnh tr\u01b0\u1edbc \u0111\u00e2y.\u00a0<\/span><\/li>\n<li><span style=\"font-weight: 400;\">Simplitz \u0111\u01b0\u1ee3c thi\u1ebft k\u1ebf gia c\u00f4ng theo ti\u00eau chu\u1ea9n qu\u1ed1c t\u1ebf nh\u01b0: Electrical Protection Class I, CB, CCC, TISI \u0111\u1ea3m b\u1ea3o ti\u00eau chu\u1ea9n an to\u00e0n v\u00e0 chi\u1ebfu s\u00e1ng.\u00a0<\/span><\/li>\n<\/ul>\n<h3><span style=\"color: #ff6600;\"><strong>2. \u01afu \u0111i\u1ec3m n\u1ed5i b\u1eadt<\/strong><\/span><\/h3>\n<ul>\n<li><span style=\"font-weight: 400;\">Tu\u1ed5i th\u1ecd trung b\u00ecnh c\u1ee7a \u0111\u00e8n l\u00ean t\u1edbi 50.000 gi\u1edd, \u0111\u1ed9 b\u1ec1n cao l\u00e0m n\u00ean th\u01b0\u01a1ng hi\u1ec7u <a href=\"https:\/\/aslighting.com.vn\/en\/product-category\/osram\/\"><strong>Osram<\/strong><\/a> tr\u00ean th\u1ecb tr\u01b0\u1eddng.\u00a0<\/span><\/li>\n<li><span style=\"font-weight: 400;\">\u0110\u00e8n \u0111\u01b0\u1ee3c l\u00e0m b\u1eb1ng v\u1ecf nh\u00f4m ch\u1eafc ch\u1eafn, kh\u1ea3 n\u0103ng t\u1ea3n nhi\u1ec7t v\u00e0 \u1ed5n \u0111\u1ecbnh nhi\u1ec7t \u0111\u1ed9 t\u1ed1t.<\/span><\/li>\n<li><span style=\"font-weight: 400;\">Khi s\u1eed d\u1ee5ng s\u1ea3n ph\u1ea9m \u0111\u00e8n Batten V3 c\u1ee7a Osram c\u00f3 th\u1ec3 ti\u1ebft ki\u1ec7m l\u00ean t\u1edbi 60% \u0111i\u1ec7n n\u0103ng ti\u00eau th\u1ee5 so v\u1edbi c\u00e1c lo\u1ea1i \u0111\u00e8n kh\u00e1c.<\/span><\/li>\n<\/ul>\n<h3><span style=\"color: #ff6600;\"><strong>3. Th\u00f4ng s\u1ed1 k\u1ef9 thu\u1eadt<\/strong><\/span><\/h3>\n<table>\n<tbody>\n<tr>\n<td style=\"width: 29.2831%; text-align: center;\"><strong>C\u00f4ng su\u1ea5t<\/strong><\/td>\n<td style=\"width: 40.2928%; text-align: center;\"><strong>K\u00edch th\u01b0\u1edbc<\/strong><\/td>\n<td style=\"width: 77.1466%; text-align: center;\"><strong>Quang th\u00f4ng<\/strong><\/td>\n<\/tr>\n<tr>\n<td style=\"width: 29.2831%; text-align: center;\">16W<\/td>\n<td style=\"width: 40.2928%; text-align: center;\">585mm x 43mm x 52mm<\/td>\n<td style=\"width: 77.1466%; text-align: center;\">2100lm<\/td>\n<\/tr>\n<tr>\n<td style=\"width: 29.2831%; text-align: center;\"><\/td>\n<td style=\"width: 40.2928%; text-align: center;\">1170mm x 43mm x 52mm<\/td>\n<td style=\"width: 77.1466%; text-align: center;\">2100lm<\/td>\n<\/tr>\n<tr>\n<td style=\"width: 29.2831%; text-align: center;\">33W<\/td>\n<td style=\"width: 40.2928%; text-align: center;\">1170mm \u00d7 43mm \u00d7 52mm<\/td>\n<td style=\"width: 77.1466%; text-align: center;\">4300lm<\/td>\n<\/tr>\n<\/tbody>\n<\/table>\n<h3><span style=\"color: #ff6600;\"><strong>4. \u0110\u01b0\u1eddng cong tr\u1eafc quang<\/strong><\/span><\/h3>\n<p><a href=\"https:\/\/aslighting.com.vn\/wp-content\/uploads\/2022\/11\/screenshot_1679628900.png\"><img decoding=\"async\" class=\"aligncenter wp-image-3824 lazyload\" data-src=\"https:\/\/aslighting.com.vn\/wp-content\/uploads\/2022\/11\/screenshot_1679628900.png\" alt=\"\" width=\"600\" height=\"646\" data-srcset=\"\/wp-content\/uploads\/2022\/11\/screenshot_1679628900.png 771w, \/wp-content\/uploads\/2022\/11\/screenshot_1679628900-279x300.png 279w, \/wp-content\/uploads\/2022\/11\/screenshot_1679628900-768x827.png 768w, \/wp-content\/uploads\/2022\/11\/screenshot_1679628900-11x12.png 11w, \/wp-content\/uploads\/2022\/11\/screenshot_1679628900-300x323.png 300w, \/wp-content\/uploads\/2022\/11\/screenshot_1679628900-600x646.png 600w\" data-sizes=\"(max-width: 600px) 100vw, 600px\" src=\"data:image\/svg+xml;base64,PHN2ZyB3aWR0aD0iMSIgaGVpZ2h0PSIxIiB4bWxucz0iaHR0cDovL3d3dy53My5vcmcvMjAwMC9zdmciPjwvc3ZnPg==\" style=\"--smush-placeholder-width: 600px; --smush-placeholder-aspect-ratio: 600\/646;\" \/><\/a><\/p>\n<h2><strong><span style=\"color: #000080;\">II\/ \u1ee8ng d\u1ee5ng c\u1ee7a \u0111\u00e8n Simplitz Batten V3<\/span><\/strong><\/h2>\n<p><span style=\"font-weight: 400;\">V\u1edbi nhi\u1ec1u \u0111i\u1ec3m v\u01b0\u1ee3t tr\u1ed9i c\u1ee7a \u0111\u00e8n Batten, s\u1ea3n ph\u1ea9m \u0111\u01b0\u1ee3c \u1ee9ng d\u1ee5ng trong nhi\u1ec1u kh\u00f4ng gian kh\u00e1c nhau:\u00a0<\/span><\/p>\n<ul>\n<li style=\"font-weight: 400;\" aria-level=\"1\"><span style=\"font-weight: 400;\">Chi\u1ebfu s\u00e1ng c\u00e1c kh\u00f4ng gian nh\u01b0 c\u0103n h\u1ed9 gia \u0111\u00ecnh, kh\u00f4ng gian s\u1ed1ng.<\/span><\/li>\n<li style=\"font-weight: 400;\" aria-level=\"1\"><span style=\"font-weight: 400;\">Chi\u1ebfu s\u00e1ng kh\u00f4ng gian nh\u00e0 x\u01b0\u1edfng s\u1ea3n xu\u1ea5t nh\u1ecf.\u00a0<\/span><\/li>\n<li style=\"font-weight: 400;\" aria-level=\"1\"><span style=\"font-weight: 400;\">Ph\u00f9 h\u1ee3p chi\u1ebfu s\u00e1ng cho c\u00e1c c\u1eeda h\u00e0ng ti\u1ec7n l\u1ee3i nh\u1ecf.<\/span><span style=\"font-weight: 400;\">\u00a0<\/span><\/li>\n<\/ul>\n<p><a href=\"https:\/\/aslighting.com.vn\/wp-content\/uploads\/2022\/11\/ung-dung-den-led-nha-o_mpe-scaled.jpg\"><img decoding=\"async\" class=\"aligncenter wp-image-3825 lazyload\" data-src=\"https:\/\/aslighting.com.vn\/wp-content\/uploads\/2022\/11\/ung-dung-den-led-nha-o_mpe-scaled.jpg\" alt=\"\" width=\"600\" height=\"338\" data-srcset=\"\/wp-content\/uploads\/2022\/11\/ung-dung-den-led-nha-o_mpe-scaled.jpg 1000w, \/wp-content\/uploads\/2022\/11\/ung-dung-den-led-nha-o_mpe-300x169.jpg 300w, \/wp-content\/uploads\/2022\/11\/ung-dung-den-led-nha-o_mpe-1024x576.jpg 1024w, \/wp-content\/uploads\/2022\/11\/ung-dung-den-led-nha-o_mpe-768x432.jpg 768w, \/wp-content\/uploads\/2022\/11\/ung-dung-den-led-nha-o_mpe-18x10.jpg 18w, \/wp-content\/uploads\/2022\/11\/ung-dung-den-led-nha-o_mpe-600x338.jpg 600w\" data-sizes=\"(max-width: 600px) 100vw, 600px\" src=\"data:image\/svg+xml;base64,PHN2ZyB3aWR0aD0iMSIgaGVpZ2h0PSIxIiB4bWxucz0iaHR0cDovL3d3dy53My5vcmcvMjAwMC9zdmciPjwvc3ZnPg==\" style=\"--smush-placeholder-width: 600px; --smush-placeholder-aspect-ratio: 600\/338;\" \/><\/a><\/p>\n<h2><strong><span style=\"color: #000080;\">III\/ M\u00e3 Ean<\/span><\/strong><\/h2>\n<table width=\"435\">\n<tbody>\n<tr>\n<td width=\"64\">Short Text<\/td>\n<td width=\"64\">Power<\/td>\n<td width=\"64\">CCT<\/td>\n<td width=\"64\">Material<\/td>\n<td width=\"84\">EAN10<\/td>\n<td width=\"95\">EAN40<\/td>\n<\/tr>\n<tr>\n<td width=\"64\">SIM BTN 16W 840 L600 SL V3 20X1 OSRAM<\/td>\n<td width=\"64\">16W<\/td>\n<td width=\"64\">4000K<\/td>\n<td width=\"64\">AM275970055<\/td>\n<td width=\"84\">4062172049771<\/td>\n<td width=\"95\">4062172048088<\/td>\n<\/tr>\n<tr>\n<td width=\"64\">SIM BTN 16W 865 L600 SL V3 20X1 OSRAM<\/td>\n<td width=\"64\">16W<\/td>\n<td width=\"64\">6500K<\/td>\n<td width=\"64\">AM275980055<\/td>\n<td width=\"84\">4062172049788<\/td>\n<td width=\"95\">4062172048095<\/td>\n<\/tr>\n<tr>\n<td width=\"64\">SIM BTN 16W 840 L1200 SL V3 20X1 OSRAM<\/td>\n<td width=\"64\">16W<\/td>\n<td width=\"64\">4000K<\/td>\n<td width=\"64\">AM275950055<\/td>\n<td width=\"84\">4062172049757<\/td>\n<td width=\"95\">4062172048064<\/td>\n<\/tr>\n<tr>\n<td width=\"64\">SIM BTN 16W 865 L1200 SL V3 20X1 OSRAM<\/td>\n<td width=\"64\">16W<\/td>\n<td width=\"64\">6500K<\/td>\n<td width=\"64\">AM275960055<\/td>\n<td width=\"84\">4062172049764<\/td>\n<td width=\"95\">4062172048071<\/td>\n<\/tr>\n<tr>\n<td width=\"64\">SIM BTN 33W 840 L1200 SL V3 20X1 OSRAM<\/td>\n<td width=\"64\">33W<\/td>\n<td width=\"64\">4000K<\/td>\n<td width=\"64\">AM275990055<\/td>\n<td width=\"84\">4062172049795<\/td>\n<td width=\"95\">4062172048040<\/td>\n<\/tr>\n<tr>\n<td width=\"64\">SIM BTN 33W 865 L1200 SL V3 20X1 OSRAM<\/td>\n<td width=\"64\">33W<\/td>\n<td width=\"64\">6500K<\/td>\n<td width=\"64\">AM275940055<\/td>\n<td width=\"84\">4062172049740<\/td>\n<td width=\"95\">4062172048057<\/td>\n<\/tr>\n<\/tbody>\n<\/table>\n<p><a href=\"http:\/\/ls.osram.com.cn\/pdf\/EN_Simplitz_Batten_V3_Datasheet_v1p0_15Apr2019.pdf\">http:\/\/ls.osram.com.cn\/pdf\/EN_Simplitz_Batten_V3_Datasheet_v1p0_15Apr2019.pdf<\/a><\/p>\n<p style=\"text-align: center;\"><a href=\"https:\/\/drive.google.com\/file\/d\/1v8LN9dQb-m1OfiSli3U_RtPGPJ5BhTae\/view?usp=sharing\"><img decoding=\"async\" class=\"alignnone size-medium wp-image-4530 lazyload\" data-src=\"https:\/\/aslighting.com.vn\/wp-content\/uploads\/2022\/11\/button_tai-catalogue-tai-day-1-300x49.png\" alt=\"\" width=\"300\" height=\"49\" data-srcset=\"\/wp-content\/uploads\/2022\/11\/button_tai-catalogue-tai-day-1-300x49.png 300w, \/wp-content\/uploads\/2022\/11\/button_tai-catalogue-tai-day-1-18x3.png 18w, \/wp-content\/uploads\/2022\/11\/button_tai-catalogue-tai-day-1.png 407w\" data-sizes=\"(max-width: 300px) 100vw, 300px\" src=\"data:image\/svg+xml;base64,PHN2ZyB3aWR0aD0iMSIgaGVpZ2h0PSIxIiB4bWxucz0iaHR0cDovL3d3dy53My5vcmcvMjAwMC9zdmciPjwvc3ZnPg==\" style=\"--smush-placeholder-width: 300px; --smush-placeholder-aspect-ratio: 300\/49;\" \/><\/a><\/p>","protected":false},"excerpt":{"rendered":"<p><strong>C\u00f4ng su\u1ea5t:<\/strong> 16W, 33W<\/p>\n<p><strong>Nhi\u1ec7t \u0111\u1ed9 m\u00e0u: <\/strong>4000K, 6500K<\/p>\n<p><strong>Hi\u1ec7u su\u1ea5t ph\u00e1t quang: <\/strong>130lm\/W<\/p>\n<p><strong>G\u00f3c chi\u1ebfu:<\/strong> 110<sup>o<\/sup><\/p>\n<p><strong>K\u00edch th\u01b0\u1edbc:<\/strong> 585mm x 43mm x 52mm, 1170mm x 43mm x 52mm,<\/p>\n<p><strong>IP:\u00a0<\/strong>20<\/p>\n<p><strong>CRI:\u00a0<\/strong>&gt;80<\/p>\n<p><strong>Tu\u1ed5i th\u1ecd: <\/strong>50.000 gi\u1edd<\/p>\n<p><strong>B\u1ea3o h\u00e0nh:\u00a0<\/strong>24 th\u00e1ng<\/p>","protected":false},"featured_media":3587,"comment_status":"open","ping_status":"closed","template":"","meta":[],"product_brand":[],"product_cat":[95,77,49],"product_tag":[],"class_list":{"0":"post-1495","1":"product","2":"type-product","3":"status-publish","4":"has-post-thumbnail","6":"product_cat-bo-den-led-simplitz-batten-v3-osram","7":"product_cat-den-led-batten-ribbon","8":"product_cat-osram","10":"first","11":"instock","12":"shipping-taxable","13":"product-type-simple"},"yoast_head":"<!-- This site is optimized with the Yoast SEO Premium plugin v22.0 (Yoast SEO v22.5) - https:\/\/yoast.com\/wordpress\/plugins\/seo\/ -->\n<title>\u0110\u00e8n Simplitz Batten Batten V3 Osram ch\u00ednh h\u00e3ng gi\u00e1 t\u1ed1t<\/title>\n<meta name=\"description\" content=\"\u0110\u00e8n Simplitz Batten Batten V3 Osram \u0111\u01b0\u1ee3c c\u00f4ng ty c\u1ed5 ph\u1ea7n thi\u1ebft b\u1ecb chi\u1ebfu s\u00e1ng \u00c1nh Sao cung c\u1ea5p t\u1edbi kh\u00e1ch h\u00e0ng: m\u00e3 ean, th\u00f4ng s\u1ed1 k\u1ef9 thu\u1eadt, \u0111\u1ed9 r\u1ecdi...\" \/>\n<meta name=\"robots\" content=\"index, follow, max-snippet:-1, max-image-preview:large, max-video-preview:-1\" \/>\n<link rel=\"canonical\" href=\"https:\/\/aslighting.com.vn\/en\/product\/bo-den-simplitz-batten-v3-osram\/\" \/>\n<meta property=\"og:locale\" content=\"en_US\" \/>\n<meta property=\"og:type\" content=\"article\" \/>\n<meta property=\"og:title\" content=\"B\u1ed8 \u0110\u00c8N LED SIMPLITZ BATTEN V3 OSRAM\" \/>\n<meta property=\"og:description\" content=\"\u0110\u00e8n Simplitz Batten Batten V3 Osram \u0111\u01b0\u1ee3c c\u00f4ng ty c\u1ed5 ph\u1ea7n thi\u1ebft b\u1ecb chi\u1ebfu s\u00e1ng \u00c1nh Sao cung c\u1ea5p t\u1edbi kh\u00e1ch h\u00e0ng: m\u00e3 ean, th\u00f4ng s\u1ed1 k\u1ef9 thu\u1eadt, \u0111\u1ed9 r\u1ecdi...\" \/>\n<meta property=\"og:url\" content=\"https:\/\/aslighting.com.vn\/en\/product\/bo-den-simplitz-batten-v3-osram\/\" \/>\n<meta property=\"og:site_name\" content=\"C\u00f4ng Ty C\u1ed5 Ph\u1ea7n Gi\u1ea3i Ph\u00e1p Chi\u1ebfu S\u00e1ng To\u00e0n Di\u1ec7n \u00c1nh Sao\" \/>\n<meta property=\"article:modified_time\" content=\"2023-06-24T04:55:16+00:00\" \/>\n<meta property=\"og:image\" content=\"https:\/\/aslighting.com.vn\/wp-content\/uploads\/2022\/11\/20210705164346_batten-v301.png\" \/>\n\t<meta property=\"og:image:width\" content=\"900\" \/>\n\t<meta property=\"og:image:height\" content=\"780\" \/>\n\t<meta property=\"og:image:type\" content=\"image\/png\" \/>\n<meta name=\"twitter:card\" content=\"summary_large_image\" \/>\n<meta name=\"twitter:label1\" content=\"Est. reading time\" \/>\n\t<meta name=\"twitter:data1\" content=\"4 minutes\" \/>\n<script type=\"application\/ld+json\" class=\"yoast-schema-graph\">{\"@context\":\"https:\/\/schema.org\",\"@graph\":[{\"@type\":\"WebPage\",\"@id\":\"https:\/\/aslighting.com.vn\/san-pham\/bo-den-simplitz-batten-v3-osram\/\",\"url\":\"https:\/\/aslighting.com.vn\/san-pham\/bo-den-simplitz-batten-v3-osram\/\",\"name\":\"\u0110\u00e8n Simplitz Batten Batten V3 Osram ch\u00ednh h\u00e3ng gi\u00e1 t\u1ed1t\",\"isPartOf\":{\"@id\":\"https:\/\/aslighting.com.vn\/#website\"},\"primaryImageOfPage\":{\"@id\":\"https:\/\/aslighting.com.vn\/san-pham\/bo-den-simplitz-batten-v3-osram\/#primaryimage\"},\"image\":{\"@id\":\"https:\/\/aslighting.com.vn\/san-pham\/bo-den-simplitz-batten-v3-osram\/#primaryimage\"},\"thumbnailUrl\":\"\/wp-content\/uploads\/2022\/11\/20210705164346_batten-v301.png\",\"datePublished\":\"2022-11-25T02:33:12+00:00\",\"dateModified\":\"2023-06-24T04:55:16+00:00\",\"description\":\"\u0110\u00e8n Simplitz Batten Batten V3 Osram \u0111\u01b0\u1ee3c c\u00f4ng ty c\u1ed5 ph\u1ea7n thi\u1ebft b\u1ecb chi\u1ebfu s\u00e1ng \u00c1nh Sao cung c\u1ea5p t\u1edbi kh\u00e1ch h\u00e0ng: m\u00e3 ean, th\u00f4ng s\u1ed1 k\u1ef9 thu\u1eadt, \u0111\u1ed9 r\u1ecdi...\",\"breadcrumb\":{\"@id\":\"https:\/\/aslighting.com.vn\/san-pham\/bo-den-simplitz-batten-v3-osram\/#breadcrumb\"},\"inLanguage\":\"en-US\",\"potentialAction\":[{\"@type\":\"ReadAction\",\"target\":[\"https:\/\/aslighting.com.vn\/san-pham\/bo-den-simplitz-batten-v3-osram\/\"]}]},{\"@type\":\"ImageObject\",\"inLanguage\":\"en-US\",\"@id\":\"https:\/\/aslighting.com.vn\/san-pham\/bo-den-simplitz-batten-v3-osram\/#primaryimage\",\"url\":\"\/wp-content\/uploads\/2022\/11\/20210705164346_batten-v301.png\",\"contentUrl\":\"\/wp-content\/uploads\/2022\/11\/20210705164346_batten-v301.png\",\"width\":900,\"height\":780},{\"@type\":\"BreadcrumbList\",\"@id\":\"https:\/\/aslighting.com.vn\/san-pham\/bo-den-simplitz-batten-v3-osram\/#breadcrumb\",\"itemListElement\":[{\"@type\":\"ListItem\",\"position\":1,\"name\":\"Trang ch\u1ee7\",\"item\":\"https:\/\/aslighting.com.vn\/vi\/\"},{\"@type\":\"ListItem\",\"position\":2,\"name\":\"S\u1ea3n ph\u1ea9m\",\"item\":\"https:\/\/aslighting.com.vn\/en\/san-pham\/\"},{\"@type\":\"ListItem\",\"position\":3,\"name\":\"B\u1ed8 \u0110\u00c8N LED SIMPLITZ BATTEN V3 OSRAM\"}]},{\"@type\":\"WebSite\",\"@id\":\"https:\/\/aslighting.com.vn\/#website\",\"url\":\"https:\/\/aslighting.com.vn\/\",\"name\":\"C\u00f4ng Ty C\u1ed5 Ph\u1ea7n Gi\u1ea3i Ph\u00e1p Chi\u1ebfu S\u00e1ng To\u00e0n Di\u1ec7n \u00c1nh Sao\",\"description\":\"\",\"publisher\":{\"@id\":\"https:\/\/aslighting.com.vn\/#organization\"},\"potentialAction\":[{\"@type\":\"SearchAction\",\"target\":{\"@type\":\"EntryPoint\",\"urlTemplate\":\"https:\/\/aslighting.com.vn\/?s={search_term_string}\"},\"query-input\":\"required name=search_term_string\"}],\"inLanguage\":\"en-US\"},{\"@type\":\"Organization\",\"@id\":\"https:\/\/aslighting.com.vn\/#organization\",\"name\":\"C\u00f4ng Ty C\u1ed5 Ph\u1ea7n Gi\u1ea3i Ph\u00e1p Chi\u1ebfu S\u00e1ng To\u00e0n Di\u1ec7n \u00c1nh Sao\",\"url\":\"https:\/\/aslighting.com.vn\/\",\"logo\":{\"@type\":\"ImageObject\",\"inLanguage\":\"en-US\",\"@id\":\"https:\/\/aslighting.com.vn\/#\/schema\/logo\/image\/\",\"url\":\"\/wp-content\/uploads\/2022\/10\/logo-ANHSAO.png\",\"contentUrl\":\"\/wp-content\/uploads\/2022\/10\/logo-ANHSAO.png\",\"width\":1091,\"height\":360,\"caption\":\"C\u00f4ng Ty C\u1ed5 Ph\u1ea7n Gi\u1ea3i Ph\u00e1p Chi\u1ebfu S\u00e1ng To\u00e0n Di\u1ec7n \u00c1nh Sao\"},\"image\":{\"@id\":\"https:\/\/aslighting.com.vn\/#\/schema\/logo\/image\/\"}}]}<\/script>\n<!-- \/ Yoast SEO Premium plugin. -->","yoast_head_json":{"title":"\u0110\u00e8n Simplitz Batten Batten V3 Osram ch\u00ednh h\u00e3ng gi\u00e1 t\u1ed1t","description":"\u0110\u00e8n Simplitz Batten Batten V3 Osram \u0111\u01b0\u1ee3c c\u00f4ng ty c\u1ed5 ph\u1ea7n thi\u1ebft b\u1ecb chi\u1ebfu s\u00e1ng \u00c1nh Sao cung c\u1ea5p t\u1edbi kh\u00e1ch h\u00e0ng: m\u00e3 ean, th\u00f4ng s\u1ed1 k\u1ef9 thu\u1eadt, \u0111\u1ed9 r\u1ecdi...","robots":{"index":"index","follow":"follow","max-snippet":"max-snippet:-1","max-image-preview":"max-image-preview:large","max-video-preview":"max-video-preview:-1"},"canonical":"https:\/\/aslighting.com.vn\/en\/product\/bo-den-simplitz-batten-v3-osram\/","og_locale":"en_US","og_type":"article","og_title":"B\u1ed8 \u0110\u00c8N LED SIMPLITZ BATTEN V3 OSRAM","og_description":"\u0110\u00e8n Simplitz Batten Batten V3 Osram \u0111\u01b0\u1ee3c c\u00f4ng ty c\u1ed5 ph\u1ea7n thi\u1ebft b\u1ecb chi\u1ebfu s\u00e1ng \u00c1nh Sao cung c\u1ea5p t\u1edbi kh\u00e1ch h\u00e0ng: m\u00e3 ean, th\u00f4ng s\u1ed1 k\u1ef9 thu\u1eadt, \u0111\u1ed9 r\u1ecdi...","og_url":"https:\/\/aslighting.com.vn\/en\/product\/bo-den-simplitz-batten-v3-osram\/","og_site_name":"C\u00f4ng Ty C\u1ed5 Ph\u1ea7n Gi\u1ea3i Ph\u00e1p Chi\u1ebfu S\u00e1ng To\u00e0n Di\u1ec7n \u00c1nh Sao","article_modified_time":"2023-06-24T04:55:16+00:00","og_image":[{"width":900,"height":780,"url":"https:\/\/aslighting.com.vn\/wp-content\/uploads\/2022\/11\/20210705164346_batten-v301.png","type":"image\/png"}],"twitter_card":"summary_large_image","twitter_misc":{"Est. reading time":"4 minutes"},"schema":{"@context":"https:\/\/schema.org","@graph":[{"@type":"WebPage","@id":"https:\/\/aslighting.com.vn\/san-pham\/bo-den-simplitz-batten-v3-osram\/","url":"https:\/\/aslighting.com.vn\/san-pham\/bo-den-simplitz-batten-v3-osram\/","name":"\u0110\u00e8n Simplitz Batten Batten V3 Osram ch\u00ednh h\u00e3ng gi\u00e1 t\u1ed1t","isPartOf":{"@id":"https:\/\/aslighting.com.vn\/#website"},"primaryImageOfPage":{"@id":"https:\/\/aslighting.com.vn\/san-pham\/bo-den-simplitz-batten-v3-osram\/#primaryimage"},"image":{"@id":"https:\/\/aslighting.com.vn\/san-pham\/bo-den-simplitz-batten-v3-osram\/#primaryimage"},"thumbnailUrl":"\/wp-content\/uploads\/2022\/11\/20210705164346_batten-v301.png","datePublished":"2022-11-25T02:33:12+00:00","dateModified":"2023-06-24T04:55:16+00:00","description":"\u0110\u00e8n Simplitz Batten Batten V3 Osram \u0111\u01b0\u1ee3c c\u00f4ng ty c\u1ed5 ph\u1ea7n thi\u1ebft b\u1ecb chi\u1ebfu s\u00e1ng \u00c1nh Sao cung c\u1ea5p t\u1edbi kh\u00e1ch h\u00e0ng: m\u00e3 ean, th\u00f4ng s\u1ed1 k\u1ef9 thu\u1eadt, \u0111\u1ed9 r\u1ecdi...","breadcrumb":{"@id":"https:\/\/aslighting.com.vn\/san-pham\/bo-den-simplitz-batten-v3-osram\/#breadcrumb"},"inLanguage":"en-US","potentialAction":[{"@type":"ReadAction","target":["https:\/\/aslighting.com.vn\/san-pham\/bo-den-simplitz-batten-v3-osram\/"]}]},{"@type":"ImageObject","inLanguage":"en-US","@id":"https:\/\/aslighting.com.vn\/san-pham\/bo-den-simplitz-batten-v3-osram\/#primaryimage","url":"\/wp-content\/uploads\/2022\/11\/20210705164346_batten-v301.png","contentUrl":"\/wp-content\/uploads\/2022\/11\/20210705164346_batten-v301.png","width":900,"height":780},{"@type":"BreadcrumbList","@id":"https:\/\/aslighting.com.vn\/san-pham\/bo-den-simplitz-batten-v3-osram\/#breadcrumb","itemListElement":[{"@type":"ListItem","position":1,"name":"Trang ch\u1ee7","item":"https:\/\/aslighting.com.vn\/vi\/"},{"@type":"ListItem","position":2,"name":"S\u1ea3n ph\u1ea9m","item":"https:\/\/aslighting.com.vn\/en\/san-pham\/"},{"@type":"ListItem","position":3,"name":"B\u1ed8 \u0110\u00c8N LED SIMPLITZ BATTEN V3 OSRAM"}]},{"@type":"WebSite","@id":"https:\/\/aslighting.com.vn\/#website","url":"https:\/\/aslighting.com.vn\/","name":"C\u00f4ng Ty C\u1ed5 Ph\u1ea7n Gi\u1ea3i Ph\u00e1p Chi\u1ebfu S\u00e1ng To\u00e0n Di\u1ec7n \u00c1nh Sao","description":"","publisher":{"@id":"https:\/\/aslighting.com.vn\/#organization"},"potentialAction":[{"@type":"SearchAction","target":{"@type":"EntryPoint","urlTemplate":"https:\/\/aslighting.com.vn\/?s={search_term_string}"},"query-input":"required name=search_term_string"}],"inLanguage":"en-US"},{"@type":"Organization","@id":"https:\/\/aslighting.com.vn\/#organization","name":"C\u00f4ng Ty C\u1ed5 Ph\u1ea7n Gi\u1ea3i Ph\u00e1p Chi\u1ebfu S\u00e1ng To\u00e0n Di\u1ec7n \u00c1nh Sao","url":"https:\/\/aslighting.com.vn\/","logo":{"@type":"ImageObject","inLanguage":"en-US","@id":"https:\/\/aslighting.com.vn\/#\/schema\/logo\/image\/","url":"\/wp-content\/uploads\/2022\/10\/logo-ANHSAO.png","contentUrl":"\/wp-content\/uploads\/2022\/10\/logo-ANHSAO.png","width":1091,"height":360,"caption":"C\u00f4ng Ty C\u1ed5 Ph\u1ea7n Gi\u1ea3i Ph\u00e1p Chi\u1ebfu S\u00e1ng To\u00e0n Di\u1ec7n \u00c1nh Sao"},"image":{"@id":"https:\/\/aslighting.com.vn\/#\/schema\/logo\/image\/"}}]}},"_links":{"self":[{"href":"https:\/\/aslighting.com.vn\/en\/wp-json\/wp\/v2\/product\/1495","targetHints":{"allow":["GET"]}}],"collection":[{"href":"https:\/\/aslighting.com.vn\/en\/wp-json\/wp\/v2\/product"}],"about":[{"href":"https:\/\/aslighting.com.vn\/en\/wp-json\/wp\/v2\/types\/product"}],"replies":[{"embeddable":true,"href":"https:\/\/aslighting.com.vn\/en\/wp-json\/wp\/v2\/comments?post=1495"}],"wp:featuredmedia":[{"embeddable":true,"href":"https:\/\/aslighting.com.vn\/en\/wp-json\/wp\/v2\/media\/3587"}],"wp:attachment":[{"href":"https:\/\/aslighting.com.vn\/en\/wp-json\/wp\/v2\/media?parent=1495"}],"wp:term":[{"taxonomy":"product_brand","embeddable":true,"href":"https:\/\/aslighting.com.vn\/en\/wp-json\/wp\/v2\/product_brand?post=1495"},{"taxonomy":"product_cat","embeddable":true,"href":"https:\/\/aslighting.com.vn\/en\/wp-json\/wp\/v2\/product_cat?post=1495"},{"taxonomy":"product_tag","embeddable":true,"href":"https:\/\/aslighting.com.vn\/en\/wp-json\/wp\/v2\/product_tag?post=1495"}],"curies":[{"name":"wp","href":"https:\/\/api.w.org\/{rel}","templated":true}]}}