{"id":1500,"date":"2022-11-25T09:49:21","date_gmt":"2022-11-25T02:49:21","guid":{"rendered":"https:\/\/aslighting.com.vn\/?post_type=product&#038;p=1500"},"modified":"2023-06-24T11:49:34","modified_gmt":"2023-06-24T04:49:34","slug":"bo-den-ledcomfo-batten-g4-osram","status":"publish","type":"product","link":"https:\/\/aslighting.com.vn\/en\/product\/bo-den-ledcomfo-batten-g4-osram\/","title":{"rendered":"B\u1ed8 \u0110\u00c8N LEDCOMFO BATTEN G4 OSRAM"},"content":{"rendered":"<p><span style=\"font-weight: 400;\"><a href=\"https:\/\/aslighting.com.vn\/en\/product\/bo-den-ledcomfo-batten-g4-osram\/\"><span style=\"color: #000098;\"><strong>Ledcomfo Batten G4 Osram<\/strong><\/span><\/a> l\u00e0 d\u00f2ng s\u1ea3n ph\u1ea9m \u0111\u00e8n Led v\u1edbi thi\u1ebft k\u1ebf t\u1ed1i \u01b0u ho\u00e1 mang t\u1edbi gi\u1ea3i ph\u00e1p t\u1ed1i \u01b0u trong chi\u1ebfu s\u00e1ng. Qu\u00fd kh\u00e1ch h\u00e0ng c\u00f3 nhu c\u1ea7u s\u1eed d\u1ee5ng d\u00f2ng s\u1ea3n ph\u1ea9m n\u00e0y h\u00e3y theo d\u00f5i c\u00e1c th\u00f4ng tin d\u01b0\u1edbi \u0111\u00e2y.\u00a0<\/span><\/p>\n<p><a href=\"https:\/\/aslighting.com.vn\/wp-content\/uploads\/2022\/11\/20210708153458_batten-g43.png\"><img fetchpriority=\"high\" decoding=\"async\" class=\"aligncenter wp-image-3829\" src=\"https:\/\/aslighting.com.vn\/wp-content\/uploads\/2022\/11\/20210708153458_batten-g43.png\" alt=\"\" width=\"500\" height=\"500\" srcset=\"\/wp-content\/uploads\/2022\/11\/20210708153458_batten-g43.png 911w, \/wp-content\/uploads\/2022\/11\/20210708153458_batten-g43-300x300.png 300w, \/wp-content\/uploads\/2022\/11\/20210708153458_batten-g43-150x150.png 150w, \/wp-content\/uploads\/2022\/11\/20210708153458_batten-g43-768x768.png 768w, \/wp-content\/uploads\/2022\/11\/20210708153458_batten-g43-12x12.png 12w, \/wp-content\/uploads\/2022\/11\/20210708153458_batten-g43-600x600.png 600w, \/wp-content\/uploads\/2022\/11\/20210708153458_batten-g43-100x100.png 100w\" sizes=\"(max-width: 500px) 100vw, 500px\" \/><\/a><\/p>\n<p style=\"text-align: center;\"><span style=\"font-size: 10pt;\"><em>\u0110\u00e8n <span style=\"font-weight: 400;\">Ledcomfo Batten G4<\/span>\u00a0\u0111\u01b0\u1ee3c s\u1ea3n xu\u1ea5t b\u1edfi h\u00e3ng Osram<\/em><\/span><\/p>\n<h2><span style=\"color: #000080;\"><strong>I\/ \u0110\u1eb7c \u0111i\u1ec3m c\u1ee7a \u0111\u00e8n Ledcomfo Batten G4<\/strong><\/span><\/h2>\n<p><span style=\"font-weight: 400;\">D\u00f2ng s\u1ea3n ph\u1ea9m Ledcomfo kh\u00f4ng th\u1ec3 kh\u00f4ng nh\u1eafc t\u1edbi Batten G4. D\u00f2ng tu\u00fdp Led n\u00e0y v\u1edbi nhi\u1ec1u t\u00ednh n\u0103ng \u01b0u vi\u1ec7t, \u0111\u1ea3m b\u1ea3o m\u1ecdi gi\u1ea3i ph\u00e1p v\u1ec1 chi\u1ebfu s\u00e1ng.\u00a0<\/span><\/p>\n<h3><strong><span style=\"color: #ff6600;\">1. Thi\u1ebft k\u1ebf<\/span><\/strong><\/h3>\n<ul>\n<li style=\"font-weight: 400;\" aria-level=\"1\"><span style=\"font-weight: 400;\">Thi\u1ebft k\u1ebf nh\u1ecf g\u1ecdn, t\u1ed1i \u01b0u ho\u00e1 cho m\u1ecdi kh\u00f4ng gian chi\u1ebfu s\u00e1ng.\u00a0<\/span><\/li>\n<li style=\"font-weight: 400;\" aria-level=\"1\"><span style=\"font-weight: 400;\">M\u00e1ng \u0111\u00e8n \u0111i k\u00e8m \u0111\u01b0\u1ee3c thi\u1ebft k\u1ebf ch\u1eafc ch\u1eafn, b\u1ec1n \u0111\u1eb9p theo th\u1eddi gian.\u00a0<\/span><\/li>\n<li style=\"font-weight: 400;\" aria-level=\"1\"><span style=\"font-weight: 400;\">\u0110\u00e8n Ledcomfo Batten G4 \u0111i k\u00e8m nhi\u1ec1u ph\u1ee5 ki\u1ec7n ph\u00f9 h\u1ee3p v\u1edbi nhi\u1ec1u kh\u00f4ng gian.\u00a0<\/span><\/li>\n<li style=\"font-weight: 400;\" aria-level=\"1\"><span style=\"font-weight: 400;\">Chi\u1ec1u d\u00e0i c\u1ee7a \u0111\u00e8n d\u00e0i h\u01a1n \u0111\u1ea3m b\u1ea3o d\u1ec5 d\u00e0ng thay th\u1ebf cho thanh T5 truy\u1ec1n th\u1ed1ng.<\/span><\/li>\n<\/ul>\n<h3><span style=\"color: #ff6600;\"><strong>2. \u01afu \u0111i\u1ec3m\u00a0<\/strong><\/span><\/h3>\n<ul>\n<li><span style=\"font-weight: 400;\">\u0110\u00e8n Batten G4 c\u1ee7a h\u00e3ng Osram \u0111\u01b0\u1ee3c thi\u1ebft k\u1ebf \u01b0u vi\u1ec7t v\u1edbi tu\u1ed5i th\u1ecd l\u00ean t\u1edbi 20.000 gi\u1edd.\u00a0<\/span><\/li>\n<li><span style=\"font-weight: 400;\">Thi\u1ebft k\u1ebf tinh t\u1ebf, h\u1ee3p th\u1eddi trang, ph\u00f9 h\u1ee3p v\u1edbi m\u1ecdi kh\u00f4ng gian chi\u1ebfu s\u00e1ng.<\/span><\/li>\n<li><span style=\"font-weight: 400;\">S\u1ea3n ph\u1ea9m v\u1edbi nhi\u1ec1u ph\u1ee5 ki\u1ec7n \u0111i k\u00e8m, gi\u1ea3i ph\u00e1p ho\u00e0n h\u1ea3o trong chi\u1ebfu s\u00e1ng.<\/span><\/li>\n<\/ul>\n<h3><strong><span style=\"color: #ff6600;\">3. Th\u00f4ng s\u1ed1 k\u1ef9 thu\u1eadt<\/span><\/strong><\/h3>\n<table style=\"width: 99.6689%;\" width=\"500\">\n<tbody>\n<tr>\n<td style=\"width: 29.4723%; text-align: center;\"><strong>C\u00f4ng su\u1ea5t<\/strong><\/td>\n<td style=\"width: 37.3476%; text-align: center;\"><strong>Quang th\u00f4ng (M\u00e0u \u00e1nh s\u00e1ng)<\/strong><\/td>\n<td style=\"width: 142.551%; text-align: center;\"><strong>K\u00edch th\u01b0\u1edbc<\/strong><\/td>\n<\/tr>\n<tr>\n<td style=\"width: 29.4723%; text-align: center;\">4W<\/td>\n<td style=\"width: 37.3476%; text-align: center;\">320lm (830), 335lm (840\/865)<\/td>\n<td style=\"width: 142.551%; text-align: center;\">282mm x 21mm x 31mm<\/td>\n<\/tr>\n<tr>\n<td style=\"width: 29.4723%; text-align: center;\">7W<\/td>\n<td style=\"width: 37.3476%; text-align: center;\">560lm (830), 590lm (840\/856)<\/td>\n<td style=\"width: 142.551%; text-align: center;\">582mm x 21mm x 31mm\u200b<\/td>\n<\/tr>\n<tr>\n<td style=\"width: 29.4723%; text-align: center;\">10W<\/td>\n<td style=\"width: 37.3476%; text-align: center;\">790lm (830), 840lm (840\/865)<\/td>\n<td style=\"width: 142.551%; text-align: center;\">882mm x 21mm x 31mm<\/td>\n<\/tr>\n<tr>\n<td style=\"width: 29.4723%; text-align: center;\">14W<\/td>\n<td style=\"width: 37.3476%; text-align: center;\">1120lm (830), 1180lm (840\/865)<\/td>\n<td style=\"width: 142.551%; text-align: center;\">1182mm x 21mm x 31mm<\/td>\n<\/tr>\n<\/tbody>\n<\/table>\n<h2><span style=\"color: #000080;\"><strong>II\/ \u1ee8ng d\u1ee5ng c\u1ee7a \u0111\u00e8n Ledcomfo Batten G4<\/strong><\/span><\/h2>\n<p><span style=\"font-weight: 400;\">D\u00f2ng Batten G4 \u0111\u01b0\u1ee3c <a href=\"https:\/\/aslighting.com.vn\/en\/product-category\/osram\/\"><span style=\"color: #000098;\"><strong>h\u00e3ng \u0111\u00e8n Osram<\/strong><\/span><\/a> cho ra \u0111\u1eddi v\u1edbi nhi\u1ec1u \u01b0u vi\u1ec7t v\u01b0\u1ee3t tr\u1ed9i. \u0110\u00e2y l\u00e0 d\u00f2ng tu\u00fdp Led c\u00f3 th\u1ec3 s\u1eed d\u1ee5ng cho nhi\u1ec1u kh\u00f4ng gian kh\u00e1c nhau nh\u01b0 kh\u00f4ng gian s\u1ed1ng, khu nh\u00e0 x\u01b0\u1edfng, v\u0103n ph\u00f2ng l\u00e0m vi\u1ec7c, qu\u00e1n \u0103n nh\u1ecf.<\/span><\/p>\n<p><a href=\"https:\/\/aslighting.com.vn\/wp-content\/uploads\/2022\/11\/tieu-chuan-phong-sach-GMP.jpg\"><img decoding=\"async\" class=\"aligncenter wp-image-3831 lazyload\" data-src=\"https:\/\/aslighting.com.vn\/wp-content\/uploads\/2022\/11\/tieu-chuan-phong-sach-GMP.jpg\" alt=\"\" width=\"600\" height=\"455\" data-srcset=\"\/wp-content\/uploads\/2022\/11\/tieu-chuan-phong-sach-GMP.jpg 800w, \/wp-content\/uploads\/2022\/11\/tieu-chuan-phong-sach-GMP-300x227.jpg 300w, \/wp-content\/uploads\/2022\/11\/tieu-chuan-phong-sach-GMP-768x582.jpg 768w, \/wp-content\/uploads\/2022\/11\/tieu-chuan-phong-sach-GMP-16x12.jpg 16w, \/wp-content\/uploads\/2022\/11\/tieu-chuan-phong-sach-GMP-600x455.jpg 600w\" data-sizes=\"(max-width: 600px) 100vw, 600px\" src=\"data:image\/svg+xml;base64,PHN2ZyB3aWR0aD0iMSIgaGVpZ2h0PSIxIiB4bWxucz0iaHR0cDovL3d3dy53My5vcmcvMjAwMC9zdmciPjwvc3ZnPg==\" style=\"--smush-placeholder-width: 600px; --smush-placeholder-aspect-ratio: 600\/455;\" \/><\/a><\/p>\n<h2><span style=\"color: #000080;\"><strong>III\/ M\u00e3 Ean<\/strong><\/span><\/h2>\n<p><a href=\"http:\/\/ls.osram.com.cn\/pdf\/EN_LEDCOMFO_Batten_G4_Datasheet_v1p0_20171214.pdf\">http:\/\/ls.osram.com.cn\/pdf\/EN_LEDCOMFO_Batten_G4_Datasheet_v1p0_20171214.pdf<\/a><\/p>\n<p style=\"text-align: center;\"><a href=\"https:\/\/aslighting.com.vn\/wp-content\/uploads\/2022\/11\/button_tai-catalogue-tai-day-1.png\"><img decoding=\"async\" class=\"alignnone size-medium wp-image-4530 lazyload\" data-src=\"https:\/\/aslighting.com.vn\/wp-content\/uploads\/2022\/11\/button_tai-catalogue-tai-day-1-300x49.png\" alt=\"\" width=\"300\" height=\"49\" data-srcset=\"\/wp-content\/uploads\/2022\/11\/button_tai-catalogue-tai-day-1-300x49.png 300w, \/wp-content\/uploads\/2022\/11\/button_tai-catalogue-tai-day-1-18x3.png 18w, \/wp-content\/uploads\/2022\/11\/button_tai-catalogue-tai-day-1.png 407w\" data-sizes=\"(max-width: 300px) 100vw, 300px\" src=\"data:image\/svg+xml;base64,PHN2ZyB3aWR0aD0iMSIgaGVpZ2h0PSIxIiB4bWxucz0iaHR0cDovL3d3dy53My5vcmcvMjAwMC9zdmciPjwvc3ZnPg==\" style=\"--smush-placeholder-width: 300px; --smush-placeholder-aspect-ratio: 300\/49;\" \/><\/a><\/p>","protected":false},"excerpt":{"rendered":"<p><strong>C\u00f4ng su\u1ea5t:<\/strong> 4W, 7W, 10W, 14W<\/p>\n<p><strong>Nhi\u1ec7t \u0111\u1ed9 m\u00e0u: <\/strong>3000K, 4000K, 6500K<\/p>\n<p><strong>G\u00f3c chi\u1ebfu: <\/strong>110<sup>o<\/sup><\/p>\n<p><strong>IP: <\/strong>20<\/p>\n<p><strong>CRI:\u00a0<\/strong>&gt;80<\/p>\n<p><strong>Tu\u1ed5i th\u1ecd: <\/strong>20.000 gi\u1edd<\/p>\n<p><strong>B\u1ea3o h\u00e0nh:\u00a0<\/strong>24 th\u00e1ng<\/p>","protected":false},"featured_media":3589,"comment_status":"open","ping_status":"closed","template":"","meta":[],"product_brand":[],"product_cat":[97,77,49],"product_tag":[],"class_list":{"0":"post-1500","1":"product","2":"type-product","3":"status-publish","4":"has-post-thumbnail","6":"product_cat-bo-den-ledcomfo-batten-g4-osram","7":"product_cat-den-led-batten-ribbon","8":"product_cat-osram","10":"first","11":"instock","12":"shipping-taxable","13":"product-type-simple"},"yoast_head":"<!-- This site is optimized with the Yoast SEO Premium plugin v22.0 (Yoast SEO v22.5) - https:\/\/yoast.com\/wordpress\/plugins\/seo\/ -->\n<title>\u0110\u00e8n Ledcomfo Batten G4 Osram ch\u00ednh h\u00e3ng gi\u00e1 t\u1ed1t<\/title>\n<meta name=\"description\" content=\"\u0110\u00e8n Ledcomfo Batten G4 Osram ch\u00ednh h\u00e3ng gi\u00e1 t\u1ed1t nh\u1ea5t \u0111\u01b0\u1ee3c c\u00f4ng ty c\u1ed5 ph\u1ea7n thi\u1ebft b\u1ecb chi\u1ebfu s\u00e1ng \u00c1nh Sao cung c\u1ea5p t\u1edbi kh\u00e1ch h\u00e0ng ho\u00e0n h\u1ea3o nh\u1ea5t\" \/>\n<meta name=\"robots\" content=\"index, follow, max-snippet:-1, max-image-preview:large, max-video-preview:-1\" \/>\n<link rel=\"canonical\" href=\"https:\/\/aslighting.com.vn\/en\/product\/bo-den-ledcomfo-batten-g4-osram\/\" \/>\n<meta property=\"og:locale\" content=\"en_US\" \/>\n<meta property=\"og:type\" content=\"article\" \/>\n<meta property=\"og:title\" content=\"B\u1ed8 \u0110\u00c8N LEDCOMFO BATTEN G4 OSRAM\" \/>\n<meta property=\"og:description\" content=\"\u0110\u00e8n Ledcomfo Batten G4 Osram ch\u00ednh h\u00e3ng gi\u00e1 t\u1ed1t nh\u1ea5t \u0111\u01b0\u1ee3c c\u00f4ng ty c\u1ed5 ph\u1ea7n thi\u1ebft b\u1ecb chi\u1ebfu s\u00e1ng \u00c1nh Sao cung c\u1ea5p t\u1edbi kh\u00e1ch h\u00e0ng ho\u00e0n h\u1ea3o nh\u1ea5t\" \/>\n<meta property=\"og:url\" content=\"https:\/\/aslighting.com.vn\/en\/product\/bo-den-ledcomfo-batten-g4-osram\/\" \/>\n<meta property=\"og:site_name\" content=\"C\u00f4ng Ty C\u1ed5 Ph\u1ea7n Gi\u1ea3i Ph\u00e1p Chi\u1ebfu S\u00e1ng To\u00e0n Di\u1ec7n \u00c1nh Sao\" \/>\n<meta property=\"article:modified_time\" content=\"2023-06-24T04:49:34+00:00\" \/>\n<meta property=\"og:image\" content=\"https:\/\/aslighting.com.vn\/wp-content\/uploads\/2022\/11\/20210708153458_batten-g403.png\" \/>\n\t<meta property=\"og:image:width\" content=\"900\" \/>\n\t<meta property=\"og:image:height\" content=\"780\" \/>\n\t<meta property=\"og:image:type\" content=\"image\/png\" \/>\n<meta name=\"twitter:card\" content=\"summary_large_image\" \/>\n<meta name=\"twitter:label1\" content=\"Est. reading time\" \/>\n\t<meta name=\"twitter:data1\" content=\"3 minutes\" \/>\n<script type=\"application\/ld+json\" class=\"yoast-schema-graph\">{\"@context\":\"https:\/\/schema.org\",\"@graph\":[{\"@type\":\"WebPage\",\"@id\":\"https:\/\/aslighting.com.vn\/san-pham\/bo-den-ledcomfo-batten-g4-osram\/\",\"url\":\"https:\/\/aslighting.com.vn\/san-pham\/bo-den-ledcomfo-batten-g4-osram\/\",\"name\":\"\u0110\u00e8n Ledcomfo Batten G4 Osram ch\u00ednh h\u00e3ng gi\u00e1 t\u1ed1t\",\"isPartOf\":{\"@id\":\"https:\/\/aslighting.com.vn\/#website\"},\"primaryImageOfPage\":{\"@id\":\"https:\/\/aslighting.com.vn\/san-pham\/bo-den-ledcomfo-batten-g4-osram\/#primaryimage\"},\"image\":{\"@id\":\"https:\/\/aslighting.com.vn\/san-pham\/bo-den-ledcomfo-batten-g4-osram\/#primaryimage\"},\"thumbnailUrl\":\"\/wp-content\/uploads\/2022\/11\/20210708153458_batten-g403.png\",\"datePublished\":\"2022-11-25T02:49:21+00:00\",\"dateModified\":\"2023-06-24T04:49:34+00:00\",\"description\":\"\u0110\u00e8n Ledcomfo Batten G4 Osram ch\u00ednh h\u00e3ng gi\u00e1 t\u1ed1t nh\u1ea5t \u0111\u01b0\u1ee3c c\u00f4ng ty c\u1ed5 ph\u1ea7n thi\u1ebft b\u1ecb chi\u1ebfu s\u00e1ng \u00c1nh Sao cung c\u1ea5p t\u1edbi kh\u00e1ch h\u00e0ng ho\u00e0n h\u1ea3o nh\u1ea5t\",\"breadcrumb\":{\"@id\":\"https:\/\/aslighting.com.vn\/san-pham\/bo-den-ledcomfo-batten-g4-osram\/#breadcrumb\"},\"inLanguage\":\"en-US\",\"potentialAction\":[{\"@type\":\"ReadAction\",\"target\":[\"https:\/\/aslighting.com.vn\/san-pham\/bo-den-ledcomfo-batten-g4-osram\/\"]}]},{\"@type\":\"ImageObject\",\"inLanguage\":\"en-US\",\"@id\":\"https:\/\/aslighting.com.vn\/san-pham\/bo-den-ledcomfo-batten-g4-osram\/#primaryimage\",\"url\":\"\/wp-content\/uploads\/2022\/11\/20210708153458_batten-g403.png\",\"contentUrl\":\"\/wp-content\/uploads\/2022\/11\/20210708153458_batten-g403.png\",\"width\":900,\"height\":780},{\"@type\":\"BreadcrumbList\",\"@id\":\"https:\/\/aslighting.com.vn\/san-pham\/bo-den-ledcomfo-batten-g4-osram\/#breadcrumb\",\"itemListElement\":[{\"@type\":\"ListItem\",\"position\":1,\"name\":\"Trang ch\u1ee7\",\"item\":\"https:\/\/aslighting.com.vn\/vi\/\"},{\"@type\":\"ListItem\",\"position\":2,\"name\":\"S\u1ea3n ph\u1ea9m\",\"item\":\"https:\/\/aslighting.com.vn\/en\/san-pham\/\"},{\"@type\":\"ListItem\",\"position\":3,\"name\":\"B\u1ed8 \u0110\u00c8N LEDCOMFO BATTEN G4 OSRAM\"}]},{\"@type\":\"WebSite\",\"@id\":\"https:\/\/aslighting.com.vn\/#website\",\"url\":\"https:\/\/aslighting.com.vn\/\",\"name\":\"C\u00f4ng Ty C\u1ed5 Ph\u1ea7n Gi\u1ea3i Ph\u00e1p Chi\u1ebfu S\u00e1ng To\u00e0n Di\u1ec7n \u00c1nh Sao\",\"description\":\"\",\"publisher\":{\"@id\":\"https:\/\/aslighting.com.vn\/#organization\"},\"potentialAction\":[{\"@type\":\"SearchAction\",\"target\":{\"@type\":\"EntryPoint\",\"urlTemplate\":\"https:\/\/aslighting.com.vn\/?s={search_term_string}\"},\"query-input\":\"required name=search_term_string\"}],\"inLanguage\":\"en-US\"},{\"@type\":\"Organization\",\"@id\":\"https:\/\/aslighting.com.vn\/#organization\",\"name\":\"C\u00f4ng Ty C\u1ed5 Ph\u1ea7n Gi\u1ea3i Ph\u00e1p Chi\u1ebfu S\u00e1ng To\u00e0n Di\u1ec7n \u00c1nh Sao\",\"url\":\"https:\/\/aslighting.com.vn\/\",\"logo\":{\"@type\":\"ImageObject\",\"inLanguage\":\"en-US\",\"@id\":\"https:\/\/aslighting.com.vn\/#\/schema\/logo\/image\/\",\"url\":\"\/wp-content\/uploads\/2022\/10\/logo-ANHSAO.png\",\"contentUrl\":\"\/wp-content\/uploads\/2022\/10\/logo-ANHSAO.png\",\"width\":1091,\"height\":360,\"caption\":\"C\u00f4ng Ty C\u1ed5 Ph\u1ea7n Gi\u1ea3i Ph\u00e1p Chi\u1ebfu S\u00e1ng To\u00e0n Di\u1ec7n \u00c1nh Sao\"},\"image\":{\"@id\":\"https:\/\/aslighting.com.vn\/#\/schema\/logo\/image\/\"}}]}<\/script>\n<!-- \/ Yoast SEO Premium plugin. -->","yoast_head_json":{"title":"\u0110\u00e8n Ledcomfo Batten G4 Osram ch\u00ednh h\u00e3ng gi\u00e1 t\u1ed1t","description":"\u0110\u00e8n Ledcomfo Batten G4 Osram ch\u00ednh h\u00e3ng gi\u00e1 t\u1ed1t nh\u1ea5t \u0111\u01b0\u1ee3c c\u00f4ng ty c\u1ed5 ph\u1ea7n thi\u1ebft b\u1ecb chi\u1ebfu s\u00e1ng \u00c1nh Sao cung c\u1ea5p t\u1edbi kh\u00e1ch h\u00e0ng ho\u00e0n h\u1ea3o nh\u1ea5t","robots":{"index":"index","follow":"follow","max-snippet":"max-snippet:-1","max-image-preview":"max-image-preview:large","max-video-preview":"max-video-preview:-1"},"canonical":"https:\/\/aslighting.com.vn\/en\/product\/bo-den-ledcomfo-batten-g4-osram\/","og_locale":"en_US","og_type":"article","og_title":"B\u1ed8 \u0110\u00c8N LEDCOMFO BATTEN G4 OSRAM","og_description":"\u0110\u00e8n Ledcomfo Batten G4 Osram ch\u00ednh h\u00e3ng gi\u00e1 t\u1ed1t nh\u1ea5t \u0111\u01b0\u1ee3c c\u00f4ng ty c\u1ed5 ph\u1ea7n thi\u1ebft b\u1ecb chi\u1ebfu s\u00e1ng \u00c1nh Sao cung c\u1ea5p t\u1edbi kh\u00e1ch h\u00e0ng ho\u00e0n h\u1ea3o nh\u1ea5t","og_url":"https:\/\/aslighting.com.vn\/en\/product\/bo-den-ledcomfo-batten-g4-osram\/","og_site_name":"C\u00f4ng Ty C\u1ed5 Ph\u1ea7n Gi\u1ea3i Ph\u00e1p Chi\u1ebfu S\u00e1ng To\u00e0n Di\u1ec7n \u00c1nh Sao","article_modified_time":"2023-06-24T04:49:34+00:00","og_image":[{"width":900,"height":780,"url":"https:\/\/aslighting.com.vn\/wp-content\/uploads\/2022\/11\/20210708153458_batten-g403.png","type":"image\/png"}],"twitter_card":"summary_large_image","twitter_misc":{"Est. reading time":"3 minutes"},"schema":{"@context":"https:\/\/schema.org","@graph":[{"@type":"WebPage","@id":"https:\/\/aslighting.com.vn\/san-pham\/bo-den-ledcomfo-batten-g4-osram\/","url":"https:\/\/aslighting.com.vn\/san-pham\/bo-den-ledcomfo-batten-g4-osram\/","name":"\u0110\u00e8n Ledcomfo Batten G4 Osram ch\u00ednh h\u00e3ng gi\u00e1 t\u1ed1t","isPartOf":{"@id":"https:\/\/aslighting.com.vn\/#website"},"primaryImageOfPage":{"@id":"https:\/\/aslighting.com.vn\/san-pham\/bo-den-ledcomfo-batten-g4-osram\/#primaryimage"},"image":{"@id":"https:\/\/aslighting.com.vn\/san-pham\/bo-den-ledcomfo-batten-g4-osram\/#primaryimage"},"thumbnailUrl":"\/wp-content\/uploads\/2022\/11\/20210708153458_batten-g403.png","datePublished":"2022-11-25T02:49:21+00:00","dateModified":"2023-06-24T04:49:34+00:00","description":"\u0110\u00e8n Ledcomfo Batten G4 Osram ch\u00ednh h\u00e3ng gi\u00e1 t\u1ed1t nh\u1ea5t \u0111\u01b0\u1ee3c c\u00f4ng ty c\u1ed5 ph\u1ea7n thi\u1ebft b\u1ecb chi\u1ebfu s\u00e1ng \u00c1nh Sao cung c\u1ea5p t\u1edbi kh\u00e1ch h\u00e0ng ho\u00e0n h\u1ea3o nh\u1ea5t","breadcrumb":{"@id":"https:\/\/aslighting.com.vn\/san-pham\/bo-den-ledcomfo-batten-g4-osram\/#breadcrumb"},"inLanguage":"en-US","potentialAction":[{"@type":"ReadAction","target":["https:\/\/aslighting.com.vn\/san-pham\/bo-den-ledcomfo-batten-g4-osram\/"]}]},{"@type":"ImageObject","inLanguage":"en-US","@id":"https:\/\/aslighting.com.vn\/san-pham\/bo-den-ledcomfo-batten-g4-osram\/#primaryimage","url":"\/wp-content\/uploads\/2022\/11\/20210708153458_batten-g403.png","contentUrl":"\/wp-content\/uploads\/2022\/11\/20210708153458_batten-g403.png","width":900,"height":780},{"@type":"BreadcrumbList","@id":"https:\/\/aslighting.com.vn\/san-pham\/bo-den-ledcomfo-batten-g4-osram\/#breadcrumb","itemListElement":[{"@type":"ListItem","position":1,"name":"Trang ch\u1ee7","item":"https:\/\/aslighting.com.vn\/vi\/"},{"@type":"ListItem","position":2,"name":"S\u1ea3n ph\u1ea9m","item":"https:\/\/aslighting.com.vn\/en\/san-pham\/"},{"@type":"ListItem","position":3,"name":"B\u1ed8 \u0110\u00c8N LEDCOMFO BATTEN G4 OSRAM"}]},{"@type":"WebSite","@id":"https:\/\/aslighting.com.vn\/#website","url":"https:\/\/aslighting.com.vn\/","name":"C\u00f4ng Ty C\u1ed5 Ph\u1ea7n Gi\u1ea3i Ph\u00e1p Chi\u1ebfu S\u00e1ng To\u00e0n Di\u1ec7n \u00c1nh Sao","description":"","publisher":{"@id":"https:\/\/aslighting.com.vn\/#organization"},"potentialAction":[{"@type":"SearchAction","target":{"@type":"EntryPoint","urlTemplate":"https:\/\/aslighting.com.vn\/?s={search_term_string}"},"query-input":"required name=search_term_string"}],"inLanguage":"en-US"},{"@type":"Organization","@id":"https:\/\/aslighting.com.vn\/#organization","name":"C\u00f4ng Ty C\u1ed5 Ph\u1ea7n Gi\u1ea3i Ph\u00e1p Chi\u1ebfu S\u00e1ng To\u00e0n Di\u1ec7n \u00c1nh Sao","url":"https:\/\/aslighting.com.vn\/","logo":{"@type":"ImageObject","inLanguage":"en-US","@id":"https:\/\/aslighting.com.vn\/#\/schema\/logo\/image\/","url":"\/wp-content\/uploads\/2022\/10\/logo-ANHSAO.png","contentUrl":"\/wp-content\/uploads\/2022\/10\/logo-ANHSAO.png","width":1091,"height":360,"caption":"C\u00f4ng Ty C\u1ed5 Ph\u1ea7n Gi\u1ea3i Ph\u00e1p Chi\u1ebfu S\u00e1ng To\u00e0n Di\u1ec7n \u00c1nh Sao"},"image":{"@id":"https:\/\/aslighting.com.vn\/#\/schema\/logo\/image\/"}}]}},"_links":{"self":[{"href":"https:\/\/aslighting.com.vn\/en\/wp-json\/wp\/v2\/product\/1500","targetHints":{"allow":["GET"]}}],"collection":[{"href":"https:\/\/aslighting.com.vn\/en\/wp-json\/wp\/v2\/product"}],"about":[{"href":"https:\/\/aslighting.com.vn\/en\/wp-json\/wp\/v2\/types\/product"}],"replies":[{"embeddable":true,"href":"https:\/\/aslighting.com.vn\/en\/wp-json\/wp\/v2\/comments?post=1500"}],"wp:featuredmedia":[{"embeddable":true,"href":"https:\/\/aslighting.com.vn\/en\/wp-json\/wp\/v2\/media\/3589"}],"wp:attachment":[{"href":"https:\/\/aslighting.com.vn\/en\/wp-json\/wp\/v2\/media?parent=1500"}],"wp:term":[{"taxonomy":"product_brand","embeddable":true,"href":"https:\/\/aslighting.com.vn\/en\/wp-json\/wp\/v2\/product_brand?post=1500"},{"taxonomy":"product_cat","embeddable":true,"href":"https:\/\/aslighting.com.vn\/en\/wp-json\/wp\/v2\/product_cat?post=1500"},{"taxonomy":"product_tag","embeddable":true,"href":"https:\/\/aslighting.com.vn\/en\/wp-json\/wp\/v2\/product_tag?post=1500"}],"curies":[{"name":"wp","href":"https:\/\/api.w.org\/{rel}","templated":true}]}}