{"id":1526,"date":"2022-11-25T11:09:01","date_gmt":"2022-11-25T04:09:01","guid":{"rendered":"https:\/\/aslighting.com.vn\/?post_type=product&#038;p=1526"},"modified":"2023-06-24T08:58:49","modified_gmt":"2023-06-24T01:58:49","slug":"den-led-olux-waterproof-osram-1x28w","status":"publish","type":"product","link":"https:\/\/aslighting.com.vn\/en\/product\/den-led-olux-waterproof-osram-1x28w\/","title":{"rendered":"\u0110\u00c8N LED OLUX WATER-PROOF OSRAM 1X36W"},"content":{"rendered":"<p><span style=\"font-weight: 400;\">\u0110\u00e8n Led <a href=\"https:\/\/aslighting.com.vn\/en\/product\/den-led-olux-waterproof-osram-1x28w\/\"><span style=\"color: #000098;\"><strong>Olux Water-proof Osram 1x36W<\/strong><\/span><\/a> l\u00e0 d\u00f2ng s\u1ea3n ph\u1ea9m \u0111\u00e8n ch\u1ed1ng th\u1ea5m. \u0110\u00e2y l\u00e0 d\u00f2ng s\u1ea3n ph\u1ea9m \u0111\u01b0\u1ee3c \u1ee9ng d\u1ee5ng nhi\u1ec1u trong nh\u1eefng kh\u00f4ng gian \u1ea9m \u01b0\u1edbt. H\u00e3y c\u00f9ng Aslighting t\u00ecm hi\u1ec3u nh\u00e9.<\/span><\/p>\n<p><a href=\"https:\/\/aslighting.com.vn\/wp-content\/uploads\/2022\/11\/20220120111300_olux-water2.png\"><img fetchpriority=\"high\" decoding=\"async\" class=\"aligncenter wp-image-4002\" src=\"https:\/\/aslighting.com.vn\/wp-content\/uploads\/2022\/11\/20220120111300_olux-water2.png\" alt=\"\" width=\"500\" height=\"500\" srcset=\"\/wp-content\/uploads\/2022\/11\/20220120111300_olux-water2.png 911w, \/wp-content\/uploads\/2022\/11\/20220120111300_olux-water2-300x300.png 300w, \/wp-content\/uploads\/2022\/11\/20220120111300_olux-water2-150x150.png 150w, \/wp-content\/uploads\/2022\/11\/20220120111300_olux-water2-768x768.png 768w, \/wp-content\/uploads\/2022\/11\/20220120111300_olux-water2-12x12.png 12w, \/wp-content\/uploads\/2022\/11\/20220120111300_olux-water2-600x600.png 600w, \/wp-content\/uploads\/2022\/11\/20220120111300_olux-water2-100x100.png 100w\" sizes=\"(max-width: 500px) 100vw, 500px\" \/><\/a><\/p>\n<p style=\"text-align: center;\"><span style=\"font-size: 10pt;\"><em>\u0110\u00e8n <span style=\"font-weight: 400;\">Led Olux Water-proof Osram 1x36W<\/span> \u0111\u01b0\u1ee3c \u00c1nh Sao ph\u00e2n ph\u1ed1i ch\u00ednh h\u00e3ng<\/em><\/span><\/p>\n<h2><span style=\"color: #000080;\"><strong>I\/ \u0110\u1eb7c \u0111i\u1ec3m c\u1ee7a Olux Water-proof 1x36w<\/strong><\/span><\/h2>\n<p><span style=\"font-weight: 400;\">D\u00f2ng s\u1ea3n ph\u1ea9m n\u00e0y \u0111\u01b0\u1ee3c \u1ee9ng d\u1ee5ng ph\u1ed5 bi\u1ebfn \u1edf nhi\u1ec1u kh\u00f4ng gian. Ch\u00fang mang t\u1edbi s\u1ef1 ti\u1ec7n nghi, ho\u00e0n h\u1ea3o cho ng\u01b0\u1eddi s\u1eed d\u1ee5ng.<\/span><\/p>\n<h3><span style=\"color: #ff6600;\"><strong>1. Thi\u1ebft k\u1ebf<\/strong><\/span><\/h3>\n<ul>\n<li><span style=\"font-weight: 400;\">B\u1ed9 \u0111\u00e8n ch\u1ed1ng th\u1ea5m \u0110\u00e8n Olux Water-proof Osram 1x36W \u0111\u01b0\u1ee3c thi\u1ebft k\u1ebf theo ti\u00eau chu\u1ea9n b\u1ea3o v\u1ec7 IP 65 IK08 an to\u00e0n v\u00e0 \u0111\u1ed9 b\u1ec1n cao khi s\u1eed d\u1ee5ng.<\/span><\/li>\n<li><span style=\"font-weight: 400;\">\u0110\u00e8n Olux Water-proof Osram 1x36W \u0111\u01b0\u1ee3c thi\u1ebft k\u1ebf gia c\u00f4ng theo ti\u00eau chu\u1ea9n qu\u1ed1c t\u1ebf: Electrical Protection Class I, CB, CE, CCC, Photo-biological safety, RoHS.<\/span><\/li>\n<\/ul>\n<h3><span style=\"color: #ff6600;\"><strong>2. \u01afu \u0111i\u1ec3m n\u1ed5i b\u1eadt\u00a0<\/strong><\/span><\/h3>\n<ul>\n<li><span style=\"font-weight: 400;\">S\u1eed d\u1ee5ng b\u00f3ng LED T8 1.2m gi\u00fap ti\u1ebft ki\u1ec7m chi ph\u00ed \u0111\u00e1ng k\u1ec3 so v\u1edbi c\u00e1c lo\u1ea1i \u0111\u00e8n th\u00f4ng th\u01b0\u1eddng kh\u00e1c.\u00a0<\/span><\/li>\n<li><span style=\"font-weight: 400;\">D\u1ec5 d\u00e0ng l\u1eafp \u0111\u1eb7t &#8211; thi c\u00f4ng, h\u1ea1n ch\u1ebf b\u1ea3o tr\u00ec.<\/span><\/li>\n<li><span style=\"font-weight: 400;\">Th\u1eddi gian b\u1ea3o h\u00e0nh l\u00e2u, an t\u00e2m khi kh\u00e1ch h\u00e0ng s\u1eed d\u1ee5ng.<\/span><\/li>\n<\/ul>\n<h3><span style=\"color: #ff6600;\"><strong>3. Th\u00f4ng s\u1ed1 k\u1ef9 thu\u1eadt<\/strong><\/span><\/h3>\n<table style=\"width: 99.0928%;\" width=\"310\">\n<tbody>\n<tr>\n<td style=\"width: 48.3617%; text-align: center;\"><strong>\u0110i\u1ec7n \u00e1p:<\/strong><\/td>\n<td style=\"width: 327.718%; text-align: center;\">220-240V<\/td>\n<\/tr>\n<tr>\n<td style=\"width: 48.3617%; text-align: center;\"><strong>CRI<\/strong><\/td>\n<td style=\"width: 327.718%; text-align: center;\">&gt;80<\/td>\n<\/tr>\n<tr>\n<td style=\"width: 48.3617%; text-align: center;\"><strong>IP:<\/strong><\/td>\n<td style=\"width: 327.718%; text-align: center;\">65<\/td>\n<\/tr>\n<tr>\n<td style=\"width: 48.3617%; text-align: center;\"><strong>K\u00edch th\u01b0\u1edbc:<\/strong><\/td>\n<td style=\"width: 327.718%; text-align: center;\">1260mm x 96mm x 92mm<\/td>\n<\/tr>\n<tr>\n<td style=\"width: 48.3617%; text-align: center;\"><strong>B\u1ea3o h\u00e0nh:<\/strong><\/td>\n<td style=\"width: 327.718%; text-align: center;\">24 th\u00e1ng<\/td>\n<\/tr>\n<\/tbody>\n<\/table>\n<h2><a href=\"https:\/\/aslighting.com.vn\/wp-content\/uploads\/2022\/11\/screenshot_1681875829.png\"><img decoding=\"async\" class=\"aligncenter wp-image-4004 lazyload\" data-src=\"https:\/\/aslighting.com.vn\/wp-content\/uploads\/2022\/11\/screenshot_1681875829.png\" alt=\"\" width=\"600\" height=\"330\" data-srcset=\"\/wp-content\/uploads\/2022\/11\/screenshot_1681875829.png 1008w, \/wp-content\/uploads\/2022\/11\/screenshot_1681875829-300x165.png 300w, \/wp-content\/uploads\/2022\/11\/screenshot_1681875829-768x422.png 768w, \/wp-content\/uploads\/2022\/11\/screenshot_1681875829-18x10.png 18w, \/wp-content\/uploads\/2022\/11\/screenshot_1681875829-600x330.png 600w\" data-sizes=\"(max-width: 600px) 100vw, 600px\" src=\"data:image\/svg+xml;base64,PHN2ZyB3aWR0aD0iMSIgaGVpZ2h0PSIxIiB4bWxucz0iaHR0cDovL3d3dy53My5vcmcvMjAwMC9zdmciPjwvc3ZnPg==\" style=\"--smush-placeholder-width: 600px; --smush-placeholder-aspect-ratio: 600\/330;\" \/><\/a><\/h2>\n<h2><span style=\"color: #000080;\"><strong>II\/ \u1ee8ng d\u1ee5ng c\u1ee7a Olux Water-proof Osram 1x36W<\/strong><\/span><\/h2>\n<p><span style=\"font-weight: 400;\">V\u1edbi nh\u1eefng \u01b0u \u0111i\u1ec3m tuy\u1ec7t v\u1eddi tr\u00ean, c\u00f4ng n\u0103ng s\u1eed d\u1ee5ng c\u0169ng kh\u00e1 \u0111a d\u1ea1ng: Olux Water-proof 1x36W c\u1ee7a h\u00e3ng <a href=\"https:\/\/aslighting.com.vn\/en\/product-category\/osram\/\"><span style=\"color: #000098;\"><strong>\u0111\u00e8n chi\u1ebfu s\u00e1ng Osram<\/strong><\/span><\/a> \u0111\u01b0\u1ee3c d\u00f9ng trong chi\u1ebfu s\u00e1ng t\u1ea7ng h\u1ea7m b\u00e3i g\u1eedi xe, chi\u1ebfu s\u00e1ng nh\u00e0 x\u01b0\u1edfng, nh\u00e0 kho, chi\u1ebfu s\u00e1ng t\u1ea7ng h\u1ea7m b\u00e3i g\u1eedi xe&#8230;<\/span><\/p>\n<p><a href=\"https:\/\/aslighting.com.vn\/wp-content\/uploads\/2022\/11\/bai-do-xe-255-phan-chu-trinh-1-1576297502-width4032height2268-scaled.jpg\"><img decoding=\"async\" class=\"aligncenter wp-image-4003 lazyload\" data-src=\"https:\/\/aslighting.com.vn\/wp-content\/uploads\/2022\/11\/bai-do-xe-255-phan-chu-trinh-1-1576297502-width4032height2268-scaled.jpg\" alt=\"\" width=\"600\" height=\"338\" data-srcset=\"\/wp-content\/uploads\/2022\/11\/bai-do-xe-255-phan-chu-trinh-1-1576297502-width4032height2268-scaled.jpg 1000w, \/wp-content\/uploads\/2022\/11\/bai-do-xe-255-phan-chu-trinh-1-1576297502-width4032height2268-300x169.jpg 300w, \/wp-content\/uploads\/2022\/11\/bai-do-xe-255-phan-chu-trinh-1-1576297502-width4032height2268-1024x576.jpg 1024w, \/wp-content\/uploads\/2022\/11\/bai-do-xe-255-phan-chu-trinh-1-1576297502-width4032height2268-768x432.jpg 768w, \/wp-content\/uploads\/2022\/11\/bai-do-xe-255-phan-chu-trinh-1-1576297502-width4032height2268-1536x864.jpg 1536w, \/wp-content\/uploads\/2022\/11\/bai-do-xe-255-phan-chu-trinh-1-1576297502-width4032height2268-2048x1152.jpg 2048w, \/wp-content\/uploads\/2022\/11\/bai-do-xe-255-phan-chu-trinh-1-1576297502-width4032height2268-18x10.jpg 18w, \/wp-content\/uploads\/2022\/11\/bai-do-xe-255-phan-chu-trinh-1-1576297502-width4032height2268-600x338.jpg 600w\" data-sizes=\"(max-width: 600px) 100vw, 600px\" src=\"data:image\/svg+xml;base64,PHN2ZyB3aWR0aD0iMSIgaGVpZ2h0PSIxIiB4bWxucz0iaHR0cDovL3d3dy53My5vcmcvMjAwMC9zdmciPjwvc3ZnPg==\" style=\"--smush-placeholder-width: 600px; --smush-placeholder-aspect-ratio: 600\/338;\" \/><\/a><\/p>\n<h2><span style=\"color: #000080;\"><strong>III\/ M\u00e3 EAN<\/strong><\/span><\/h2>\n<table width=\"602\">\n<tbody>\n<tr>\n<td width=\"210\">Fixture<\/td>\n<td width=\"108\"><\/td>\n<td width=\"86\"><\/td>\n<td width=\"134\"><\/td>\n<td width=\"64\"><\/td>\n<\/tr>\n<tr>\n<td>Short Text<\/td>\n<td>Type<\/td>\n<td>Material<\/td>\n<td>EAN40<\/td>\n<td>Quantity<\/td>\n<\/tr>\n<tr>\n<td width=\"210\">OLUX WATER-PROOF 1X36W EPT HOU 8X1OSRAM<\/td>\n<td width=\"108\">1 \u00d7 36W<\/td>\n<td width=\"86\">AB496500055<\/td>\n<td width=\"134\">4052899455665<\/td>\n<td width=\"64\">8<\/td>\n<\/tr>\n<tr>\n<td width=\"210\">OLUX WATER-PROOF 2X36W EPT HOU 6X1OSRAM<\/td>\n<td width=\"108\">2 \u00d7 36W<\/td>\n<td width=\"86\">AB496500055<\/td>\n<td width=\"134\">4052899455689<\/td>\n<td width=\"64\">6<\/td>\n<\/tr>\n<\/tbody>\n<\/table>\n<p style=\"text-align: center;\"><a href=\"https:\/\/drive.google.com\/file\/d\/1t3p515MKEHh53fvldON9TpIqj0oiWVl-\/view?usp=sharing\"><img decoding=\"async\" class=\"alignnone size-medium wp-image-4530 lazyload\" data-src=\"https:\/\/aslighting.com.vn\/wp-content\/uploads\/2022\/11\/button_tai-catalogue-tai-day-1-300x49.png\" alt=\"\" width=\"300\" height=\"49\" data-srcset=\"\/wp-content\/uploads\/2022\/11\/button_tai-catalogue-tai-day-1-300x49.png 300w, \/wp-content\/uploads\/2022\/11\/button_tai-catalogue-tai-day-1-18x3.png 18w, \/wp-content\/uploads\/2022\/11\/button_tai-catalogue-tai-day-1.png 407w\" data-sizes=\"(max-width: 300px) 100vw, 300px\" src=\"data:image\/svg+xml;base64,PHN2ZyB3aWR0aD0iMSIgaGVpZ2h0PSIxIiB4bWxucz0iaHR0cDovL3d3dy53My5vcmcvMjAwMC9zdmciPjwvc3ZnPg==\" style=\"--smush-placeholder-width: 300px; --smush-placeholder-aspect-ratio: 300\/49;\" \/><\/a><\/p>","protected":false},"excerpt":{"rendered":"<p><strong>C\u00f4ng su\u1ea5t:<\/strong> 36W<\/p>\n<p><strong>Nhi\u1ec7t \u0111\u1ed9 m\u00e0u: <\/strong>3000K, 4000K, 6500K<\/p>\n<p><b>\u0110i\u1ec7n \u00e1p: <\/b>220-240V<\/p>\n<p><strong>K\u00edch th\u01b0\u1edbc:<\/strong>1260mm x 96mm x 92mm<\/p>\n<p><strong>IP: <\/strong>65<\/p>\n<p><strong>CRI:\u00a0<\/strong>&gt;80<\/p>\n<p><strong>DIM:<\/strong> ON\/OFF<\/p>\n<p><strong>B\u1ea3o h\u00e0nh:\u00a0<\/strong>24 th\u00e1ng<\/p>","protected":false},"featured_media":3604,"comment_status":"open","ping_status":"closed","template":"","meta":[],"product_brand":[],"product_cat":[106,79,49],"product_tag":[],"class_list":{"0":"post-1526","1":"product","2":"type-product","3":"status-publish","4":"has-post-thumbnail","6":"product_cat-den-led-olux-waterproof-osram-1x28w","7":"product_cat-den-led-waterproof","8":"product_cat-osram","10":"first","11":"instock","12":"shipping-taxable","13":"product-type-simple"},"yoast_head":"<!-- This site is optimized with the Yoast SEO Premium plugin v22.0 (Yoast SEO v22.5) - https:\/\/yoast.com\/wordpress\/plugins\/seo\/ -->\n<title>\u0110\u00e8n Led Olux Water-proof Osram 1x36W ch\u00ednh h\u00e3ng gi\u00e1 t\u1ed1t nh\u1ea5t<\/title>\n<meta name=\"description\" content=\"\u0110\u00e8n Led Olux Water-proof Osram 1x36W \u0111\u01b0\u1ee3c c\u00f4ng ty c\u1ed5 ph\u1ea7n thi\u1ebft b\u1ecb chi\u1ebfu s\u00e1ng \u00c1nh Sao cung c\u1ea5p t\u1edbi kh\u00e1ch h\u00e0ng: m\u00e3 ean, th\u00f4ng s\u1ed1 k\u1ef9 thu\u1eadt, \u0111\u1ed9 r\u1ecdi..\" \/>\n<meta name=\"robots\" content=\"index, follow, max-snippet:-1, max-image-preview:large, max-video-preview:-1\" \/>\n<link rel=\"canonical\" href=\"https:\/\/aslighting.com.vn\/en\/product\/den-led-olux-waterproof-osram-1x28w\/\" \/>\n<meta property=\"og:locale\" content=\"en_US\" \/>\n<meta property=\"og:type\" content=\"article\" \/>\n<meta property=\"og:title\" content=\"\u0110\u00c8N LED OLUX WATER-PROOF OSRAM 1X36W\" \/>\n<meta property=\"og:description\" content=\"\u0110\u00e8n Led Olux Water-proof Osram 1x36W \u0111\u01b0\u1ee3c c\u00f4ng ty c\u1ed5 ph\u1ea7n thi\u1ebft b\u1ecb chi\u1ebfu s\u00e1ng \u00c1nh Sao cung c\u1ea5p t\u1edbi kh\u00e1ch h\u00e0ng: m\u00e3 ean, th\u00f4ng s\u1ed1 k\u1ef9 thu\u1eadt, \u0111\u1ed9 r\u1ecdi..\" \/>\n<meta property=\"og:url\" content=\"https:\/\/aslighting.com.vn\/en\/product\/den-led-olux-waterproof-osram-1x28w\/\" \/>\n<meta property=\"og:site_name\" content=\"C\u00f4ng Ty C\u1ed5 Ph\u1ea7n Gi\u1ea3i Ph\u00e1p Chi\u1ebfu S\u00e1ng To\u00e0n Di\u1ec7n \u00c1nh Sao\" \/>\n<meta property=\"article:modified_time\" content=\"2023-06-24T01:58:49+00:00\" \/>\n<meta property=\"og:image\" content=\"https:\/\/aslighting.com.vn\/wp-content\/uploads\/2022\/11\/20220120111300_olux-water02.png\" \/>\n\t<meta property=\"og:image:width\" content=\"900\" \/>\n\t<meta property=\"og:image:height\" content=\"780\" \/>\n\t<meta property=\"og:image:type\" content=\"image\/png\" \/>\n<meta name=\"twitter:card\" content=\"summary_large_image\" \/>\n<meta name=\"twitter:label1\" content=\"Est. reading time\" \/>\n\t<meta name=\"twitter:data1\" content=\"3 minutes\" \/>\n<script type=\"application\/ld+json\" class=\"yoast-schema-graph\">{\"@context\":\"https:\/\/schema.org\",\"@graph\":[{\"@type\":\"WebPage\",\"@id\":\"https:\/\/aslighting.com.vn\/san-pham\/den-led-olux-waterproof-osram-1x28w\/\",\"url\":\"https:\/\/aslighting.com.vn\/san-pham\/den-led-olux-waterproof-osram-1x28w\/\",\"name\":\"\u0110\u00e8n Led Olux Water-proof Osram 1x36W ch\u00ednh h\u00e3ng gi\u00e1 t\u1ed1t nh\u1ea5t\",\"isPartOf\":{\"@id\":\"https:\/\/aslighting.com.vn\/#website\"},\"primaryImageOfPage\":{\"@id\":\"https:\/\/aslighting.com.vn\/san-pham\/den-led-olux-waterproof-osram-1x28w\/#primaryimage\"},\"image\":{\"@id\":\"https:\/\/aslighting.com.vn\/san-pham\/den-led-olux-waterproof-osram-1x28w\/#primaryimage\"},\"thumbnailUrl\":\"\/wp-content\/uploads\/2022\/11\/20220120111300_olux-water02.png\",\"datePublished\":\"2022-11-25T04:09:01+00:00\",\"dateModified\":\"2023-06-24T01:58:49+00:00\",\"description\":\"\u0110\u00e8n Led Olux Water-proof Osram 1x36W \u0111\u01b0\u1ee3c c\u00f4ng ty c\u1ed5 ph\u1ea7n thi\u1ebft b\u1ecb chi\u1ebfu s\u00e1ng \u00c1nh Sao cung c\u1ea5p t\u1edbi kh\u00e1ch h\u00e0ng: m\u00e3 ean, th\u00f4ng s\u1ed1 k\u1ef9 thu\u1eadt, \u0111\u1ed9 r\u1ecdi..\",\"breadcrumb\":{\"@id\":\"https:\/\/aslighting.com.vn\/san-pham\/den-led-olux-waterproof-osram-1x28w\/#breadcrumb\"},\"inLanguage\":\"en-US\",\"potentialAction\":[{\"@type\":\"ReadAction\",\"target\":[\"https:\/\/aslighting.com.vn\/san-pham\/den-led-olux-waterproof-osram-1x28w\/\"]}]},{\"@type\":\"ImageObject\",\"inLanguage\":\"en-US\",\"@id\":\"https:\/\/aslighting.com.vn\/san-pham\/den-led-olux-waterproof-osram-1x28w\/#primaryimage\",\"url\":\"\/wp-content\/uploads\/2022\/11\/20220120111300_olux-water02.png\",\"contentUrl\":\"\/wp-content\/uploads\/2022\/11\/20220120111300_olux-water02.png\",\"width\":900,\"height\":780},{\"@type\":\"BreadcrumbList\",\"@id\":\"https:\/\/aslighting.com.vn\/san-pham\/den-led-olux-waterproof-osram-1x28w\/#breadcrumb\",\"itemListElement\":[{\"@type\":\"ListItem\",\"position\":1,\"name\":\"Trang ch\u1ee7\",\"item\":\"https:\/\/aslighting.com.vn\/vi\/\"},{\"@type\":\"ListItem\",\"position\":2,\"name\":\"S\u1ea3n ph\u1ea9m\",\"item\":\"https:\/\/aslighting.com.vn\/en\/san-pham\/\"},{\"@type\":\"ListItem\",\"position\":3,\"name\":\"\u0110\u00c8N LED OLUX WATER-PROOF OSRAM 1X36W\"}]},{\"@type\":\"WebSite\",\"@id\":\"https:\/\/aslighting.com.vn\/#website\",\"url\":\"https:\/\/aslighting.com.vn\/\",\"name\":\"C\u00f4ng Ty C\u1ed5 Ph\u1ea7n Gi\u1ea3i Ph\u00e1p Chi\u1ebfu S\u00e1ng To\u00e0n Di\u1ec7n \u00c1nh Sao\",\"description\":\"\",\"publisher\":{\"@id\":\"https:\/\/aslighting.com.vn\/#organization\"},\"potentialAction\":[{\"@type\":\"SearchAction\",\"target\":{\"@type\":\"EntryPoint\",\"urlTemplate\":\"https:\/\/aslighting.com.vn\/?s={search_term_string}\"},\"query-input\":\"required name=search_term_string\"}],\"inLanguage\":\"en-US\"},{\"@type\":\"Organization\",\"@id\":\"https:\/\/aslighting.com.vn\/#organization\",\"name\":\"C\u00f4ng Ty C\u1ed5 Ph\u1ea7n Gi\u1ea3i Ph\u00e1p Chi\u1ebfu S\u00e1ng To\u00e0n Di\u1ec7n \u00c1nh Sao\",\"url\":\"https:\/\/aslighting.com.vn\/\",\"logo\":{\"@type\":\"ImageObject\",\"inLanguage\":\"en-US\",\"@id\":\"https:\/\/aslighting.com.vn\/#\/schema\/logo\/image\/\",\"url\":\"\/wp-content\/uploads\/2022\/10\/logo-ANHSAO.png\",\"contentUrl\":\"\/wp-content\/uploads\/2022\/10\/logo-ANHSAO.png\",\"width\":1091,\"height\":360,\"caption\":\"C\u00f4ng Ty C\u1ed5 Ph\u1ea7n Gi\u1ea3i Ph\u00e1p Chi\u1ebfu S\u00e1ng To\u00e0n Di\u1ec7n \u00c1nh Sao\"},\"image\":{\"@id\":\"https:\/\/aslighting.com.vn\/#\/schema\/logo\/image\/\"}}]}<\/script>\n<!-- \/ Yoast SEO Premium plugin. -->","yoast_head_json":{"title":"\u0110\u00e8n Led Olux Water-proof Osram 1x36W ch\u00ednh h\u00e3ng gi\u00e1 t\u1ed1t nh\u1ea5t","description":"\u0110\u00e8n Led Olux Water-proof Osram 1x36W \u0111\u01b0\u1ee3c c\u00f4ng ty c\u1ed5 ph\u1ea7n thi\u1ebft b\u1ecb chi\u1ebfu s\u00e1ng \u00c1nh Sao cung c\u1ea5p t\u1edbi kh\u00e1ch h\u00e0ng: m\u00e3 ean, th\u00f4ng s\u1ed1 k\u1ef9 thu\u1eadt, \u0111\u1ed9 r\u1ecdi..","robots":{"index":"index","follow":"follow","max-snippet":"max-snippet:-1","max-image-preview":"max-image-preview:large","max-video-preview":"max-video-preview:-1"},"canonical":"https:\/\/aslighting.com.vn\/en\/product\/den-led-olux-waterproof-osram-1x28w\/","og_locale":"en_US","og_type":"article","og_title":"\u0110\u00c8N LED OLUX WATER-PROOF OSRAM 1X36W","og_description":"\u0110\u00e8n Led Olux Water-proof Osram 1x36W \u0111\u01b0\u1ee3c c\u00f4ng ty c\u1ed5 ph\u1ea7n thi\u1ebft b\u1ecb chi\u1ebfu s\u00e1ng \u00c1nh Sao cung c\u1ea5p t\u1edbi kh\u00e1ch h\u00e0ng: m\u00e3 ean, th\u00f4ng s\u1ed1 k\u1ef9 thu\u1eadt, \u0111\u1ed9 r\u1ecdi..","og_url":"https:\/\/aslighting.com.vn\/en\/product\/den-led-olux-waterproof-osram-1x28w\/","og_site_name":"C\u00f4ng Ty C\u1ed5 Ph\u1ea7n Gi\u1ea3i Ph\u00e1p Chi\u1ebfu S\u00e1ng To\u00e0n Di\u1ec7n \u00c1nh Sao","article_modified_time":"2023-06-24T01:58:49+00:00","og_image":[{"width":900,"height":780,"url":"https:\/\/aslighting.com.vn\/wp-content\/uploads\/2022\/11\/20220120111300_olux-water02.png","type":"image\/png"}],"twitter_card":"summary_large_image","twitter_misc":{"Est. reading time":"3 minutes"},"schema":{"@context":"https:\/\/schema.org","@graph":[{"@type":"WebPage","@id":"https:\/\/aslighting.com.vn\/san-pham\/den-led-olux-waterproof-osram-1x28w\/","url":"https:\/\/aslighting.com.vn\/san-pham\/den-led-olux-waterproof-osram-1x28w\/","name":"\u0110\u00e8n Led Olux Water-proof Osram 1x36W ch\u00ednh h\u00e3ng gi\u00e1 t\u1ed1t nh\u1ea5t","isPartOf":{"@id":"https:\/\/aslighting.com.vn\/#website"},"primaryImageOfPage":{"@id":"https:\/\/aslighting.com.vn\/san-pham\/den-led-olux-waterproof-osram-1x28w\/#primaryimage"},"image":{"@id":"https:\/\/aslighting.com.vn\/san-pham\/den-led-olux-waterproof-osram-1x28w\/#primaryimage"},"thumbnailUrl":"\/wp-content\/uploads\/2022\/11\/20220120111300_olux-water02.png","datePublished":"2022-11-25T04:09:01+00:00","dateModified":"2023-06-24T01:58:49+00:00","description":"\u0110\u00e8n Led Olux Water-proof Osram 1x36W \u0111\u01b0\u1ee3c c\u00f4ng ty c\u1ed5 ph\u1ea7n thi\u1ebft b\u1ecb chi\u1ebfu s\u00e1ng \u00c1nh Sao cung c\u1ea5p t\u1edbi kh\u00e1ch h\u00e0ng: m\u00e3 ean, th\u00f4ng s\u1ed1 k\u1ef9 thu\u1eadt, \u0111\u1ed9 r\u1ecdi..","breadcrumb":{"@id":"https:\/\/aslighting.com.vn\/san-pham\/den-led-olux-waterproof-osram-1x28w\/#breadcrumb"},"inLanguage":"en-US","potentialAction":[{"@type":"ReadAction","target":["https:\/\/aslighting.com.vn\/san-pham\/den-led-olux-waterproof-osram-1x28w\/"]}]},{"@type":"ImageObject","inLanguage":"en-US","@id":"https:\/\/aslighting.com.vn\/san-pham\/den-led-olux-waterproof-osram-1x28w\/#primaryimage","url":"\/wp-content\/uploads\/2022\/11\/20220120111300_olux-water02.png","contentUrl":"\/wp-content\/uploads\/2022\/11\/20220120111300_olux-water02.png","width":900,"height":780},{"@type":"BreadcrumbList","@id":"https:\/\/aslighting.com.vn\/san-pham\/den-led-olux-waterproof-osram-1x28w\/#breadcrumb","itemListElement":[{"@type":"ListItem","position":1,"name":"Trang ch\u1ee7","item":"https:\/\/aslighting.com.vn\/vi\/"},{"@type":"ListItem","position":2,"name":"S\u1ea3n ph\u1ea9m","item":"https:\/\/aslighting.com.vn\/en\/san-pham\/"},{"@type":"ListItem","position":3,"name":"\u0110\u00c8N LED OLUX WATER-PROOF OSRAM 1X36W"}]},{"@type":"WebSite","@id":"https:\/\/aslighting.com.vn\/#website","url":"https:\/\/aslighting.com.vn\/","name":"C\u00f4ng Ty C\u1ed5 Ph\u1ea7n Gi\u1ea3i Ph\u00e1p Chi\u1ebfu S\u00e1ng To\u00e0n Di\u1ec7n \u00c1nh Sao","description":"","publisher":{"@id":"https:\/\/aslighting.com.vn\/#organization"},"potentialAction":[{"@type":"SearchAction","target":{"@type":"EntryPoint","urlTemplate":"https:\/\/aslighting.com.vn\/?s={search_term_string}"},"query-input":"required name=search_term_string"}],"inLanguage":"en-US"},{"@type":"Organization","@id":"https:\/\/aslighting.com.vn\/#organization","name":"C\u00f4ng Ty C\u1ed5 Ph\u1ea7n Gi\u1ea3i Ph\u00e1p Chi\u1ebfu S\u00e1ng To\u00e0n Di\u1ec7n \u00c1nh Sao","url":"https:\/\/aslighting.com.vn\/","logo":{"@type":"ImageObject","inLanguage":"en-US","@id":"https:\/\/aslighting.com.vn\/#\/schema\/logo\/image\/","url":"\/wp-content\/uploads\/2022\/10\/logo-ANHSAO.png","contentUrl":"\/wp-content\/uploads\/2022\/10\/logo-ANHSAO.png","width":1091,"height":360,"caption":"C\u00f4ng Ty C\u1ed5 Ph\u1ea7n Gi\u1ea3i Ph\u00e1p Chi\u1ebfu S\u00e1ng To\u00e0n Di\u1ec7n \u00c1nh Sao"},"image":{"@id":"https:\/\/aslighting.com.vn\/#\/schema\/logo\/image\/"}}]}},"_links":{"self":[{"href":"https:\/\/aslighting.com.vn\/en\/wp-json\/wp\/v2\/product\/1526","targetHints":{"allow":["GET"]}}],"collection":[{"href":"https:\/\/aslighting.com.vn\/en\/wp-json\/wp\/v2\/product"}],"about":[{"href":"https:\/\/aslighting.com.vn\/en\/wp-json\/wp\/v2\/types\/product"}],"replies":[{"embeddable":true,"href":"https:\/\/aslighting.com.vn\/en\/wp-json\/wp\/v2\/comments?post=1526"}],"wp:featuredmedia":[{"embeddable":true,"href":"https:\/\/aslighting.com.vn\/en\/wp-json\/wp\/v2\/media\/3604"}],"wp:attachment":[{"href":"https:\/\/aslighting.com.vn\/en\/wp-json\/wp\/v2\/media?parent=1526"}],"wp:term":[{"taxonomy":"product_brand","embeddable":true,"href":"https:\/\/aslighting.com.vn\/en\/wp-json\/wp\/v2\/product_brand?post=1526"},{"taxonomy":"product_cat","embeddable":true,"href":"https:\/\/aslighting.com.vn\/en\/wp-json\/wp\/v2\/product_cat?post=1526"},{"taxonomy":"product_tag","embeddable":true,"href":"https:\/\/aslighting.com.vn\/en\/wp-json\/wp\/v2\/product_tag?post=1526"}],"curies":[{"name":"wp","href":"https:\/\/api.w.org\/{rel}","templated":true}]}}