{"id":1655,"date":"2022-11-26T09:18:41","date_gmt":"2022-11-26T02:18:41","guid":{"rendered":"https:\/\/aslighting.com.vn\/?post_type=product&#038;p=1655"},"modified":"2023-06-23T09:52:11","modified_gmt":"2023-06-23T02:52:11","slug":"bong-cao-ap-thuy-ngan-hwl-osram","status":"publish","type":"product","link":"https:\/\/aslighting.com.vn\/en\/product\/bong-cao-ap-thuy-ngan-hwl-osram\/","title":{"rendered":"B\u00d3NG CAO \u00c1P TH\u1ee6Y NG\u00c2N HWL OSRAM"},"content":{"rendered":"<p><span style=\"font-weight: 400;\"><span style=\"color: #000098;\"><a style=\"color: #000098;\" href=\"https:\/\/aslighting.com.vn\/en\/product\/bong-cao-ap-thuy-ngan-hwl-osram\/\"><strong>B\u00f3ng cao \u00e1p thu\u1ef7 ng\u00e2n HWL<\/strong><\/a><\/span> c\u1ee7a h\u00e3ng Osram \u0111\u01b0\u1ee3c cho ra m\u1eaft th\u1ecb tr\u01b0\u1eddng v\u1edbi nhi\u1ec1u t\u00ednh n\u0103ng \u01b0u vi\u1ec7t c\u1ee7a s\u1ea3n ph\u1ea9m. H\u00e3y c\u00f9ng Aslighting t\u00ecm hi\u1ec3u v\u1ec1 d\u00f2ng s\u1ea3n ph\u1ea9m n\u00e0y nh\u00e9.<\/span><\/p>\n<p><a href=\"https:\/\/aslighting.com.vn\/wp-content\/uploads\/2022\/11\/20211002151220_42-44-hwl1.png\"><img fetchpriority=\"high\" decoding=\"async\" class=\"aligncenter wp-image-4114\" src=\"https:\/\/aslighting.com.vn\/wp-content\/uploads\/2022\/11\/20211002151220_42-44-hwl1.png\" alt=\"\" width=\"500\" height=\"500\" srcset=\"\/wp-content\/uploads\/2022\/11\/20211002151220_42-44-hwl1.png 911w, \/wp-content\/uploads\/2022\/11\/20211002151220_42-44-hwl1-300x300.png 300w, \/wp-content\/uploads\/2022\/11\/20211002151220_42-44-hwl1-150x150.png 150w, \/wp-content\/uploads\/2022\/11\/20211002151220_42-44-hwl1-768x768.png 768w, \/wp-content\/uploads\/2022\/11\/20211002151220_42-44-hwl1-12x12.png 12w, \/wp-content\/uploads\/2022\/11\/20211002151220_42-44-hwl1-600x600.png 600w, \/wp-content\/uploads\/2022\/11\/20211002151220_42-44-hwl1-100x100.png 100w\" sizes=\"(max-width: 500px) 100vw, 500px\" \/><\/a><\/p>\n<p style=\"text-align: center;\"><span style=\"font-size: 10pt;\"><em>\u0110\u00e8n <span style=\"font-weight: 400;\">cao \u00e1p thu\u1ef7 ng\u00e2n HWL<\/span> Osram \u0111\u01b0\u1ee3c \u00c1nh Sao ph\u00e2n ph\u1ed1i ch\u00ednh h\u00e3ng<\/em><\/span><\/p>\n<h2><span style=\"color: #000080;\"><strong>I\/ \u0110\u1eb7c \u0111i\u1ec3m c\u1ee7a \u0111\u00e8n cao \u00e1p thu\u1ef7 ng\u00e2n HWL\u00a0<\/strong><\/span><\/h2>\n<h3><span style=\"color: #ff6600;\"><strong>1. Thi\u1ebft k\u1ebf\u00a0<\/strong><\/span><\/h3>\n<ul>\n<li><span style=\"font-weight: 400;\">\u0110\u00e8n HWL \u0111\u01b0\u1ee3c thi\u1ebft k\u1ebf nh\u1ecf g\u1ecdn, \u0111\u1ea3m b\u1ea3o th\u1ea9m m\u1ef9 d\u1ec5 l\u1eafp \u0111\u1eb7t v\u1edbi kh\u00f4ng gian r\u1ed9ng.\u00a0<\/span><\/li>\n<li><span style=\"font-weight: 400;\">Thi\u1ebft b\u1ecb \u0111i\u1ec1u khi\u1ec3n v\u00e0 ngu\u1ed3n s\u00e1ng ri\u00eang bi\u1ec7t ph\u1ea3i \u0111\u01b0\u1ee3c x\u1eed l\u00fd an to\u00e0n khi s\u1eed d\u1ee5ng c\u0169ng nh\u01b0 t\u00e1i ch\u1ebf, \u0111\u1ea3m b\u1ea3o an to\u00e0n v\u1edbi m\u00f4i tr\u01b0\u1eddng.\u00a0<\/span><\/li>\n<li><span style=\"font-weight: 400;\">S\u1ea3n ph\u1ea9m \u0111\u01b0\u1ee3c thi\u1ebft k\u1ebf v\u1edbi quang th\u00f4ng ho\u00e0n h\u1ea3o c\u00f3 kh\u1ea3 n\u0103ng duy tr\u00ec quang th\u00f4ng r\u1ea5t t\u1ed1t trong su\u1ed1t th\u1eddi gian s\u1eed d\u1ee5ng \u0111\u00e8n HWL.<\/span><\/li>\n<li><span style=\"font-weight: 400;\">C\u00f3 th\u1ec3 \u0111i\u1ec1u ch\u1ec9nh \u0111\u1ed9 s\u00e1ng.<\/span><\/li>\n<\/ul>\n<h3><strong><span style=\"color: #ff6600;\">2. \u01afu \u0111i\u1ec3m n\u1ed5i b\u1eadt<\/span><\/strong><\/h3>\n<ul>\n<li><span style=\"font-weight: 400;\">\u0110\u00e8n HWL chi\u1ebfu s\u00e1ng t\u1ed1t, quang th\u00f4ng \u1ed5n \u0111\u1ecbnh gi\u1ed1ng nh\u01b0 d\u00f2ng <span style=\"color: #000098;\"><a style=\"color: #000098;\" href=\"https:\/\/aslighting.com.vn\/en\/product-category\/osram\/osram-ledvance\/bong-cao-ap\/\"><strong>b\u00f3ng cao \u00e1p Osram<\/strong><\/a><\/span> kh\u00e1c.\u00a0<\/span><\/li>\n<li><span style=\"font-weight: 400;\">\u0110\u00e8n c\u00f3 nhi\u1ec7t \u0111\u1ed9 m\u00e0u: 2000K \u00e1nh s\u00e1ng \u1ed5n \u0111\u1ecbnh, kh\u00f4ng h\u1ea1i m\u1eaft.\u00a0<\/span><\/li>\n<li><span style=\"font-weight: 400;\">Th\u1eddi gian s\u1eed d\u1ee5ng \u0111\u00e8n l\u00ean t\u1edbi 24.000 gi\u1edd s\u1eed d\u1ee5ng.<\/span><\/li>\n<li><span style=\"font-weight: 400;\">\u0110\u00e8n cao \u00e1p thu\u1ef7 ng\u00e2n HWL tu\u00e2n th\u1ee7 ErP theo Quy \u0111\u1ecbnh EU 245\/2009 khi s\u1eed d\u1ee5ng \u0111\u00e8n Sodium Nav- E.<\/span><\/li>\n<\/ul>\n<h3><span style=\"color: #ff6600;\"><strong>3. Th\u00f4ng s\u1ed1 k\u1ef9 thu\u1eadt<\/strong><\/span><\/h3>\n<table style=\"width: 98.9119%; height: 208px;\" width=\"500\">\n<tbody>\n<tr style=\"height: 52px;\">\n<td style=\"width: 23.711%; text-align: center; height: 52px;\"><strong>C\u00f4ng su\u1ea5t<\/strong><\/td>\n<td style=\"width: 26.307%; text-align: center; height: 52px;\"><strong>Quang th\u00f4ng<\/strong><\/td>\n<td style=\"width: 24.9196%; text-align: center; height: 52px;\"><strong>\u0110ui<\/strong><\/td>\n<td style=\"width: 34.8282%; text-align: center; height: 52px;\"><strong>K\u00edch th\u01b0\u1edbc<\/strong><\/td>\n<\/tr>\n<tr style=\"height: 52px;\">\n<td style=\"width: 23.711%; text-align: center; height: 52px;\">160W<\/td>\n<td style=\"width: 26.307%; text-align: center; height: 52px;\">3100lm<\/td>\n<td style=\"width: 24.9196%; text-align: center; height: 52px;\">E27<\/td>\n<td style=\"width: 34.8282%; text-align: center; height: 52px;\">76mm x 168mm<\/td>\n<\/tr>\n<tr style=\"height: 52px;\">\n<td style=\"width: 23.711%; text-align: center; height: 52px;\">250W<\/td>\n<td style=\"width: 26.307%; text-align: center; height: 52px;\">5600lm<\/td>\n<td style=\"width: 24.9196%; text-align: center; height: 52px;\">E40<\/td>\n<td style=\"width: 34.8282%; text-align: center; height: 52px;\">91mm x 226mm<\/td>\n<\/tr>\n<tr style=\"height: 52px;\">\n<td style=\"width: 23.711%; text-align: center; height: 52px;\">500W<\/td>\n<td style=\"width: 26.307%; text-align: center; height: 52px;\">14000lm<\/td>\n<td style=\"width: 24.9196%; text-align: center; height: 52px;\">E40<\/td>\n<td style=\"width: 34.8282%; text-align: center; height: 52px;\">122mm x 275mm<\/td>\n<\/tr>\n<\/tbody>\n<\/table>\n<h2><span style=\"color: #000080;\"><strong>II\/ \u1ee8ng d\u1ee5ng c\u1ee7a \u0111\u00e8n cao \u00e1p thu\u1ef7 ng\u00e2n HWL<\/strong><\/span><\/h2>\n<p><span style=\"font-weight: 400;\">\u1ee8ng d\u1ee5ng: d\u00f9ng trong b\u1ec7nh vi\u1ec7n, nh\u00e0 ga, nh\u00e0 x\u01b0\u1edfng, nh\u00e0 kho, \u0111\u01b0\u1eddng ph\u1ed1, t\u1ea7ng h\u1ea7m, qu\u1ea3ng c\u00e1o\u2026<\/span><\/p>\n<p><a href=\"https:\/\/aslighting.com.vn\/wp-content\/uploads\/2022\/11\/den-duong-led-100w-gia-re.jpg\"><img decoding=\"async\" class=\"wp-image-4116 aligncenter lazyload\" data-src=\"https:\/\/aslighting.com.vn\/wp-content\/uploads\/2022\/11\/den-duong-led-100w-gia-re.jpg\" alt=\"\" width=\"600\" height=\"338\" data-srcset=\"\/wp-content\/uploads\/2022\/11\/den-duong-led-100w-gia-re.jpg 752w, \/wp-content\/uploads\/2022\/11\/den-duong-led-100w-gia-re-300x169.jpg 300w, \/wp-content\/uploads\/2022\/11\/den-duong-led-100w-gia-re-18x10.jpg 18w, \/wp-content\/uploads\/2022\/11\/den-duong-led-100w-gia-re-600x338.jpg 600w\" data-sizes=\"(max-width: 600px) 100vw, 600px\" src=\"data:image\/svg+xml;base64,PHN2ZyB3aWR0aD0iMSIgaGVpZ2h0PSIxIiB4bWxucz0iaHR0cDovL3d3dy53My5vcmcvMjAwMC9zdmciPjwvc3ZnPg==\" style=\"--smush-placeholder-width: 600px; --smush-placeholder-aspect-ratio: 600\/338;\" \/><\/a><\/p>\n<h2><span style=\"color: #000080;\"><strong>III\/ M\u00e3 EAN<\/strong><\/span><\/h2>\n<table width=\"676\">\n<tbody>\n<tr>\n<td width=\"117\">Product code<\/td>\n<td width=\"142\">Product description<\/td>\n<td width=\"141\">Packaging unit<br \/>\n(Pieces\/Unit)<\/td>\n<td width=\"148\">Dimensions (length<br \/>\nx width x height)<\/td>\n<td width=\"64\">Volume<\/td>\n<td width=\"64\">Gross weight<\/td>\n<\/tr>\n<tr>\n<td>4050300216928<\/td>\n<td width=\"142\">HWL 500 W 235 V<br \/>\nE40<\/td>\n<td width=\"141\">Shipping carton box<br \/>\n12 Pieces Round<br \/>\nwrap<\/td>\n<td width=\"148\">500 mm x 322 mm x<br \/>\n382 mm<\/td>\n<td>61.50 dm\u00b3<\/td>\n<td>4229.00 g<\/td>\n<\/tr>\n<\/tbody>\n<\/table>\n<p style=\"text-align: center;\"><a href=\"https:\/\/drive.google.com\/file\/d\/1idfFM0d032RO_MFWdnXKTeexM8Jp4l0O\/view?usp=sharing\"><img decoding=\"async\" class=\"alignnone size-medium wp-image-4530 lazyload\" data-src=\"https:\/\/aslighting.com.vn\/wp-content\/uploads\/2022\/11\/button_tai-catalogue-tai-day-1-300x49.png\" alt=\"\" width=\"300\" height=\"49\" data-srcset=\"\/wp-content\/uploads\/2022\/11\/button_tai-catalogue-tai-day-1-300x49.png 300w, \/wp-content\/uploads\/2022\/11\/button_tai-catalogue-tai-day-1-18x3.png 18w, \/wp-content\/uploads\/2022\/11\/button_tai-catalogue-tai-day-1.png 407w\" data-sizes=\"(max-width: 300px) 100vw, 300px\" src=\"data:image\/svg+xml;base64,PHN2ZyB3aWR0aD0iMSIgaGVpZ2h0PSIxIiB4bWxucz0iaHR0cDovL3d3dy53My5vcmcvMjAwMC9zdmciPjwvc3ZnPg==\" style=\"--smush-placeholder-width: 300px; --smush-placeholder-aspect-ratio: 300\/49;\" \/><\/a><\/p>","protected":false},"excerpt":{"rendered":"<p><strong>C\u00f4ng su\u1ea5t:<\/strong> 160W, 250W, 500W<\/p>\n<p><strong>Nhi\u1ec7t \u0111\u1ed9 m\u00e0u:<\/strong> 2000K<\/p>\n<p><strong>H\u00ecnh d\u1ea1ng:<\/strong> D\u1ea1ng b\u1ea7u<\/p>\n<p><strong>K\u00edch th\u01b0\u1edbc:<\/strong> 76mm x 168mm, 91mm x 226mm, 122mm x 275mm<\/p>\n<p><strong>\u0110ui:<\/strong> E27, E40<\/p>\n<p><strong>Tu\u1ed5i th\u1ecd:<\/strong> 24.000 gi\u1edd<\/p>\n<p><strong>B\u1ea3o h\u00e0nh:<\/strong> 6 th\u00e1ng<\/p>","protected":false},"featured_media":3523,"comment_status":"open","ping_status":"closed","template":"","meta":[],"product_brand":[],"product_cat":[147,159,49,72],"product_tag":[],"class_list":{"0":"post-1655","1":"product","2":"type-product","3":"status-publish","4":"has-post-thumbnail","6":"product_cat-bong-cao-ap","7":"product_cat-bong-cao-ap-thuy-ngan-hwl-osram","8":"product_cat-osram","9":"product_cat-osram-ledvance","11":"first","12":"instock","13":"shipping-taxable","14":"product-type-simple"},"yoast_head":"<!-- This site is optimized with the Yoast SEO Premium plugin v22.0 (Yoast SEO v22.5) - https:\/\/yoast.com\/wordpress\/plugins\/seo\/ -->\n<title>\u0110\u00e8n cao \u00e1p thu\u1ef7 ng\u00e2n HWL Osram ch\u00ednh h\u00e3ng gi\u00e1 t\u1ed1t<\/title>\n<meta name=\"description\" content=\"\u0110\u00e8n cao \u00e1p thu\u1ef7 ng\u00e2n HWL Osram \u0111\u01b0\u1ee3c c\u00f4ng ty c\u1ed5 ph\u1ea7n thi\u1ebft b\u1ecb chi\u1ebfu s\u00e1ng \u00c1nh Sao cung c\u1ea5p t\u1edbi kh\u00e1ch h\u00e0ng: m\u00e3 ean, th\u00f4ng s\u1ed1 k\u1ef9 thu\u1eadt, \u0111\u1ed9 r\u1ecdi...\" \/>\n<meta name=\"robots\" content=\"index, follow, max-snippet:-1, max-image-preview:large, max-video-preview:-1\" \/>\n<link rel=\"canonical\" href=\"https:\/\/aslighting.com.vn\/en\/product\/bong-cao-ap-thuy-ngan-hwl-osram\/\" \/>\n<meta property=\"og:locale\" content=\"en_US\" \/>\n<meta property=\"og:type\" content=\"article\" \/>\n<meta property=\"og:title\" content=\"B\u00d3NG CAO \u00c1P TH\u1ee6Y NG\u00c2N HWL OSRAM\" \/>\n<meta property=\"og:description\" content=\"\u0110\u00e8n cao \u00e1p thu\u1ef7 ng\u00e2n HWL Osram \u0111\u01b0\u1ee3c c\u00f4ng ty c\u1ed5 ph\u1ea7n thi\u1ebft b\u1ecb chi\u1ebfu s\u00e1ng \u00c1nh Sao cung c\u1ea5p t\u1edbi kh\u00e1ch h\u00e0ng: m\u00e3 ean, th\u00f4ng s\u1ed1 k\u1ef9 thu\u1eadt, \u0111\u1ed9 r\u1ecdi...\" \/>\n<meta property=\"og:url\" content=\"https:\/\/aslighting.com.vn\/en\/product\/bong-cao-ap-thuy-ngan-hwl-osram\/\" \/>\n<meta property=\"og:site_name\" content=\"C\u00f4ng Ty C\u1ed5 Ph\u1ea7n Gi\u1ea3i Ph\u00e1p Chi\u1ebfu S\u00e1ng To\u00e0n Di\u1ec7n \u00c1nh Sao\" \/>\n<meta property=\"article:modified_time\" content=\"2023-06-23T02:52:11+00:00\" \/>\n<meta property=\"og:image\" content=\"https:\/\/aslighting.com.vn\/wp-content\/uploads\/2022\/11\/20211002151220_42-44-hwl10.png\" \/>\n\t<meta property=\"og:image:width\" content=\"900\" \/>\n\t<meta property=\"og:image:height\" content=\"780\" \/>\n\t<meta property=\"og:image:type\" content=\"image\/png\" \/>\n<meta name=\"twitter:card\" content=\"summary_large_image\" \/>\n<meta name=\"twitter:label1\" content=\"Est. reading time\" \/>\n\t<meta name=\"twitter:data1\" content=\"3 minutes\" \/>\n<script type=\"application\/ld+json\" class=\"yoast-schema-graph\">{\"@context\":\"https:\/\/schema.org\",\"@graph\":[{\"@type\":\"WebPage\",\"@id\":\"https:\/\/aslighting.com.vn\/san-pham\/bong-cao-ap-thuy-ngan-hwl-osram\/\",\"url\":\"https:\/\/aslighting.com.vn\/san-pham\/bong-cao-ap-thuy-ngan-hwl-osram\/\",\"name\":\"\u0110\u00e8n cao \u00e1p thu\u1ef7 ng\u00e2n HWL Osram ch\u00ednh h\u00e3ng gi\u00e1 t\u1ed1t\",\"isPartOf\":{\"@id\":\"https:\/\/aslighting.com.vn\/#website\"},\"primaryImageOfPage\":{\"@id\":\"https:\/\/aslighting.com.vn\/san-pham\/bong-cao-ap-thuy-ngan-hwl-osram\/#primaryimage\"},\"image\":{\"@id\":\"https:\/\/aslighting.com.vn\/san-pham\/bong-cao-ap-thuy-ngan-hwl-osram\/#primaryimage\"},\"thumbnailUrl\":\"\/wp-content\/uploads\/2022\/11\/20211002151220_42-44-hwl10.png\",\"datePublished\":\"2022-11-26T02:18:41+00:00\",\"dateModified\":\"2023-06-23T02:52:11+00:00\",\"description\":\"\u0110\u00e8n cao \u00e1p thu\u1ef7 ng\u00e2n HWL Osram \u0111\u01b0\u1ee3c c\u00f4ng ty c\u1ed5 ph\u1ea7n thi\u1ebft b\u1ecb chi\u1ebfu s\u00e1ng \u00c1nh Sao cung c\u1ea5p t\u1edbi kh\u00e1ch h\u00e0ng: m\u00e3 ean, th\u00f4ng s\u1ed1 k\u1ef9 thu\u1eadt, \u0111\u1ed9 r\u1ecdi...\",\"breadcrumb\":{\"@id\":\"https:\/\/aslighting.com.vn\/san-pham\/bong-cao-ap-thuy-ngan-hwl-osram\/#breadcrumb\"},\"inLanguage\":\"en-US\",\"potentialAction\":[{\"@type\":\"ReadAction\",\"target\":[\"https:\/\/aslighting.com.vn\/san-pham\/bong-cao-ap-thuy-ngan-hwl-osram\/\"]}]},{\"@type\":\"ImageObject\",\"inLanguage\":\"en-US\",\"@id\":\"https:\/\/aslighting.com.vn\/san-pham\/bong-cao-ap-thuy-ngan-hwl-osram\/#primaryimage\",\"url\":\"\/wp-content\/uploads\/2022\/11\/20211002151220_42-44-hwl10.png\",\"contentUrl\":\"\/wp-content\/uploads\/2022\/11\/20211002151220_42-44-hwl10.png\",\"width\":900,\"height\":780},{\"@type\":\"BreadcrumbList\",\"@id\":\"https:\/\/aslighting.com.vn\/san-pham\/bong-cao-ap-thuy-ngan-hwl-osram\/#breadcrumb\",\"itemListElement\":[{\"@type\":\"ListItem\",\"position\":1,\"name\":\"Trang ch\u1ee7\",\"item\":\"https:\/\/aslighting.com.vn\/vi\/\"},{\"@type\":\"ListItem\",\"position\":2,\"name\":\"S\u1ea3n ph\u1ea9m\",\"item\":\"https:\/\/aslighting.com.vn\/en\/san-pham\/\"},{\"@type\":\"ListItem\",\"position\":3,\"name\":\"B\u00d3NG CAO \u00c1P TH\u1ee6Y NG\u00c2N HWL OSRAM\"}]},{\"@type\":\"WebSite\",\"@id\":\"https:\/\/aslighting.com.vn\/#website\",\"url\":\"https:\/\/aslighting.com.vn\/\",\"name\":\"C\u00f4ng Ty C\u1ed5 Ph\u1ea7n Gi\u1ea3i Ph\u00e1p Chi\u1ebfu S\u00e1ng To\u00e0n Di\u1ec7n \u00c1nh Sao\",\"description\":\"\",\"publisher\":{\"@id\":\"https:\/\/aslighting.com.vn\/#organization\"},\"potentialAction\":[{\"@type\":\"SearchAction\",\"target\":{\"@type\":\"EntryPoint\",\"urlTemplate\":\"https:\/\/aslighting.com.vn\/?s={search_term_string}\"},\"query-input\":\"required name=search_term_string\"}],\"inLanguage\":\"en-US\"},{\"@type\":\"Organization\",\"@id\":\"https:\/\/aslighting.com.vn\/#organization\",\"name\":\"C\u00f4ng Ty C\u1ed5 Ph\u1ea7n Gi\u1ea3i Ph\u00e1p Chi\u1ebfu S\u00e1ng To\u00e0n Di\u1ec7n \u00c1nh Sao\",\"url\":\"https:\/\/aslighting.com.vn\/\",\"logo\":{\"@type\":\"ImageObject\",\"inLanguage\":\"en-US\",\"@id\":\"https:\/\/aslighting.com.vn\/#\/schema\/logo\/image\/\",\"url\":\"\/wp-content\/uploads\/2022\/10\/logo-ANHSAO.png\",\"contentUrl\":\"\/wp-content\/uploads\/2022\/10\/logo-ANHSAO.png\",\"width\":1091,\"height\":360,\"caption\":\"C\u00f4ng Ty C\u1ed5 Ph\u1ea7n Gi\u1ea3i Ph\u00e1p Chi\u1ebfu S\u00e1ng To\u00e0n Di\u1ec7n \u00c1nh Sao\"},\"image\":{\"@id\":\"https:\/\/aslighting.com.vn\/#\/schema\/logo\/image\/\"}}]}<\/script>\n<!-- \/ Yoast SEO Premium plugin. -->","yoast_head_json":{"title":"\u0110\u00e8n cao \u00e1p thu\u1ef7 ng\u00e2n HWL Osram ch\u00ednh h\u00e3ng gi\u00e1 t\u1ed1t","description":"\u0110\u00e8n cao \u00e1p thu\u1ef7 ng\u00e2n HWL Osram \u0111\u01b0\u1ee3c c\u00f4ng ty c\u1ed5 ph\u1ea7n thi\u1ebft b\u1ecb chi\u1ebfu s\u00e1ng \u00c1nh Sao cung c\u1ea5p t\u1edbi kh\u00e1ch h\u00e0ng: m\u00e3 ean, th\u00f4ng s\u1ed1 k\u1ef9 thu\u1eadt, \u0111\u1ed9 r\u1ecdi...","robots":{"index":"index","follow":"follow","max-snippet":"max-snippet:-1","max-image-preview":"max-image-preview:large","max-video-preview":"max-video-preview:-1"},"canonical":"https:\/\/aslighting.com.vn\/en\/product\/bong-cao-ap-thuy-ngan-hwl-osram\/","og_locale":"en_US","og_type":"article","og_title":"B\u00d3NG CAO \u00c1P TH\u1ee6Y NG\u00c2N HWL OSRAM","og_description":"\u0110\u00e8n cao \u00e1p thu\u1ef7 ng\u00e2n HWL Osram \u0111\u01b0\u1ee3c c\u00f4ng ty c\u1ed5 ph\u1ea7n thi\u1ebft b\u1ecb chi\u1ebfu s\u00e1ng \u00c1nh Sao cung c\u1ea5p t\u1edbi kh\u00e1ch h\u00e0ng: m\u00e3 ean, th\u00f4ng s\u1ed1 k\u1ef9 thu\u1eadt, \u0111\u1ed9 r\u1ecdi...","og_url":"https:\/\/aslighting.com.vn\/en\/product\/bong-cao-ap-thuy-ngan-hwl-osram\/","og_site_name":"C\u00f4ng Ty C\u1ed5 Ph\u1ea7n Gi\u1ea3i Ph\u00e1p Chi\u1ebfu S\u00e1ng To\u00e0n Di\u1ec7n \u00c1nh Sao","article_modified_time":"2023-06-23T02:52:11+00:00","og_image":[{"width":900,"height":780,"url":"https:\/\/aslighting.com.vn\/wp-content\/uploads\/2022\/11\/20211002151220_42-44-hwl10.png","type":"image\/png"}],"twitter_card":"summary_large_image","twitter_misc":{"Est. reading time":"3 minutes"},"schema":{"@context":"https:\/\/schema.org","@graph":[{"@type":"WebPage","@id":"https:\/\/aslighting.com.vn\/san-pham\/bong-cao-ap-thuy-ngan-hwl-osram\/","url":"https:\/\/aslighting.com.vn\/san-pham\/bong-cao-ap-thuy-ngan-hwl-osram\/","name":"\u0110\u00e8n cao \u00e1p thu\u1ef7 ng\u00e2n HWL Osram ch\u00ednh h\u00e3ng gi\u00e1 t\u1ed1t","isPartOf":{"@id":"https:\/\/aslighting.com.vn\/#website"},"primaryImageOfPage":{"@id":"https:\/\/aslighting.com.vn\/san-pham\/bong-cao-ap-thuy-ngan-hwl-osram\/#primaryimage"},"image":{"@id":"https:\/\/aslighting.com.vn\/san-pham\/bong-cao-ap-thuy-ngan-hwl-osram\/#primaryimage"},"thumbnailUrl":"\/wp-content\/uploads\/2022\/11\/20211002151220_42-44-hwl10.png","datePublished":"2022-11-26T02:18:41+00:00","dateModified":"2023-06-23T02:52:11+00:00","description":"\u0110\u00e8n cao \u00e1p thu\u1ef7 ng\u00e2n HWL Osram \u0111\u01b0\u1ee3c c\u00f4ng ty c\u1ed5 ph\u1ea7n thi\u1ebft b\u1ecb chi\u1ebfu s\u00e1ng \u00c1nh Sao cung c\u1ea5p t\u1edbi kh\u00e1ch h\u00e0ng: m\u00e3 ean, th\u00f4ng s\u1ed1 k\u1ef9 thu\u1eadt, \u0111\u1ed9 r\u1ecdi...","breadcrumb":{"@id":"https:\/\/aslighting.com.vn\/san-pham\/bong-cao-ap-thuy-ngan-hwl-osram\/#breadcrumb"},"inLanguage":"en-US","potentialAction":[{"@type":"ReadAction","target":["https:\/\/aslighting.com.vn\/san-pham\/bong-cao-ap-thuy-ngan-hwl-osram\/"]}]},{"@type":"ImageObject","inLanguage":"en-US","@id":"https:\/\/aslighting.com.vn\/san-pham\/bong-cao-ap-thuy-ngan-hwl-osram\/#primaryimage","url":"\/wp-content\/uploads\/2022\/11\/20211002151220_42-44-hwl10.png","contentUrl":"\/wp-content\/uploads\/2022\/11\/20211002151220_42-44-hwl10.png","width":900,"height":780},{"@type":"BreadcrumbList","@id":"https:\/\/aslighting.com.vn\/san-pham\/bong-cao-ap-thuy-ngan-hwl-osram\/#breadcrumb","itemListElement":[{"@type":"ListItem","position":1,"name":"Trang ch\u1ee7","item":"https:\/\/aslighting.com.vn\/vi\/"},{"@type":"ListItem","position":2,"name":"S\u1ea3n ph\u1ea9m","item":"https:\/\/aslighting.com.vn\/en\/san-pham\/"},{"@type":"ListItem","position":3,"name":"B\u00d3NG CAO \u00c1P TH\u1ee6Y NG\u00c2N HWL OSRAM"}]},{"@type":"WebSite","@id":"https:\/\/aslighting.com.vn\/#website","url":"https:\/\/aslighting.com.vn\/","name":"C\u00f4ng Ty C\u1ed5 Ph\u1ea7n Gi\u1ea3i Ph\u00e1p Chi\u1ebfu S\u00e1ng To\u00e0n Di\u1ec7n \u00c1nh Sao","description":"","publisher":{"@id":"https:\/\/aslighting.com.vn\/#organization"},"potentialAction":[{"@type":"SearchAction","target":{"@type":"EntryPoint","urlTemplate":"https:\/\/aslighting.com.vn\/?s={search_term_string}"},"query-input":"required name=search_term_string"}],"inLanguage":"en-US"},{"@type":"Organization","@id":"https:\/\/aslighting.com.vn\/#organization","name":"C\u00f4ng Ty C\u1ed5 Ph\u1ea7n Gi\u1ea3i Ph\u00e1p Chi\u1ebfu S\u00e1ng To\u00e0n Di\u1ec7n \u00c1nh Sao","url":"https:\/\/aslighting.com.vn\/","logo":{"@type":"ImageObject","inLanguage":"en-US","@id":"https:\/\/aslighting.com.vn\/#\/schema\/logo\/image\/","url":"\/wp-content\/uploads\/2022\/10\/logo-ANHSAO.png","contentUrl":"\/wp-content\/uploads\/2022\/10\/logo-ANHSAO.png","width":1091,"height":360,"caption":"C\u00f4ng Ty C\u1ed5 Ph\u1ea7n Gi\u1ea3i Ph\u00e1p Chi\u1ebfu S\u00e1ng To\u00e0n Di\u1ec7n \u00c1nh Sao"},"image":{"@id":"https:\/\/aslighting.com.vn\/#\/schema\/logo\/image\/"}}]}},"_links":{"self":[{"href":"https:\/\/aslighting.com.vn\/en\/wp-json\/wp\/v2\/product\/1655","targetHints":{"allow":["GET"]}}],"collection":[{"href":"https:\/\/aslighting.com.vn\/en\/wp-json\/wp\/v2\/product"}],"about":[{"href":"https:\/\/aslighting.com.vn\/en\/wp-json\/wp\/v2\/types\/product"}],"replies":[{"embeddable":true,"href":"https:\/\/aslighting.com.vn\/en\/wp-json\/wp\/v2\/comments?post=1655"}],"wp:featuredmedia":[{"embeddable":true,"href":"https:\/\/aslighting.com.vn\/en\/wp-json\/wp\/v2\/media\/3523"}],"wp:attachment":[{"href":"https:\/\/aslighting.com.vn\/en\/wp-json\/wp\/v2\/media?parent=1655"}],"wp:term":[{"taxonomy":"product_brand","embeddable":true,"href":"https:\/\/aslighting.com.vn\/en\/wp-json\/wp\/v2\/product_brand?post=1655"},{"taxonomy":"product_cat","embeddable":true,"href":"https:\/\/aslighting.com.vn\/en\/wp-json\/wp\/v2\/product_cat?post=1655"},{"taxonomy":"product_tag","embeddable":true,"href":"https:\/\/aslighting.com.vn\/en\/wp-json\/wp\/v2\/product_tag?post=1655"}],"curies":[{"name":"wp","href":"https:\/\/api.w.org\/{rel}","templated":true}]}}