{"id":2170,"date":"2022-11-29T13:17:57","date_gmt":"2022-11-29T06:17:57","guid":{"rendered":"https:\/\/aslighting.com.vn\/?post_type=product&#038;p=2170"},"modified":"2023-06-24T16:03:16","modified_gmt":"2023-06-24T09:03:16","slug":"den-sac-khan-cap-kt-402-3wx2-kentom","status":"publish","type":"product","link":"https:\/\/aslighting.com.vn\/en\/product\/den-sac-khan-cap-kt-402-3wx2-kentom\/","title":{"rendered":"\u0110\u00c8N S\u1ea0C KH\u1ea8N C\u1ea4P KT-402 3WX2 KENTOM"},"content":{"rendered":"<p><span style=\"font-weight: 400;\"><a href=\"https:\/\/aslighting.com.vn\/en\/product\/den-sac-khan-cap-kt-402-3wx2-kentom\/\"><span style=\"color: #000098;\"><strong>\u0110\u00e8n s\u1ea1c kh\u1ea9n c\u1ea5p KT-402<\/strong><\/span><\/a> c\u1ee7a h\u00e3ng Kentom l\u00e0 d\u00f2ng s\u1ea3n ph\u1ea9m v\u1edbi nhi\u1ec1u t\u00ednh n\u0103ng \u01b0u vi\u1ec7t khi g\u1eb7p s\u1ef1 c\u1ed1 m\u1ea5t \u0111i\u1ec7n. H\u00e3y c\u00f9ng xem chi ti\u1ebft d\u00f2ng s\u1ea3n ph\u1ea9m n\u00e0y nh\u00e9.<\/span><\/p>\n<p><a href=\"https:\/\/aslighting.com.vn\/wp-content\/uploads\/2022\/11\/20210812113353_kt4026.png\"><img fetchpriority=\"high\" decoding=\"async\" class=\"aligncenter wp-image-4248\" src=\"https:\/\/aslighting.com.vn\/wp-content\/uploads\/2022\/11\/20210812113353_kt4026.png\" alt=\"\" width=\"500\" height=\"500\" srcset=\"\/wp-content\/uploads\/2022\/11\/20210812113353_kt4026.png 900w, \/wp-content\/uploads\/2022\/11\/20210812113353_kt4026-300x300.png 300w, \/wp-content\/uploads\/2022\/11\/20210812113353_kt4026-150x150.png 150w, \/wp-content\/uploads\/2022\/11\/20210812113353_kt4026-768x768.png 768w, \/wp-content\/uploads\/2022\/11\/20210812113353_kt4026-12x12.png 12w, \/wp-content\/uploads\/2022\/11\/20210812113353_kt4026-600x600.png 600w, \/wp-content\/uploads\/2022\/11\/20210812113353_kt4026-100x100.png 100w\" sizes=\"(max-width: 500px) 100vw, 500px\" \/><\/a><\/p>\n<p style=\"text-align: center;\"><span style=\"font-size: 10pt;\"><em>\u0110\u00e8n s\u1ea1c kh\u1ea9n c\u1ea5p KT-402 Kentom \u0111\u01b0\u1ee3c \u00c1nh Sao ph\u00e2n ph\u1ed1i ch\u00ednh h\u00e3ng<\/em><\/span><\/p>\n<h2><span style=\"color: #000080;\"><strong>I\/ \u0110\u1eb7c \u0111i\u1ec3m c\u1ee7a \u0111\u00e8n s\u1ea1c kh\u1ea9n c\u1ea5p KT-402 3Wx2<\/strong><\/span><\/h2>\n<h3><span style=\"color: #ff6600;\"><strong>1. Thi\u1ebft k\u1ebf\u00a0<\/strong><\/span><\/h3>\n<ul>\n<li><span style=\"font-weight: 400;\">\u0110\u00e8n s\u1ea1c kh\u1ea9n c\u1ea5p KT-402 Kentom s\u1ea3n ph\u1ea9m s\u1eed d\u1ee5ng hai \u0111\u00e8n led chi\u1ebfu s\u00e1ng \u0111\u1ea3m b\u1ea3o \u0111\u01b0\u1ee3c trong qu\u00e1 tr\u00ecnh s\u1eed d\u1ee5ng ngu\u1ed3n \u00e1nh s\u00e1ng c\u1ee7a \u0111\u00e8n \u0111\u1ea3m b\u1ea3o \u1ed5n \u0111\u1ecbnh, nh\u1ea5t l\u00e0 trong c\u00e1c t\u00ecnh hu\u1ed1ng nguy hi\u1ec3m x\u1ea3y ra.<\/span><\/li>\n<li><span style=\"font-weight: 400;\">\u0110\u00e8n KT-402 c\u00f3 t\u00ednh n\u0103ng t\u1ef1 b\u1eadt s\u00e1ng m\u1ed7i khi c\u00f3 s\u1ef1 c\u1ed1 x\u1ea3y ra, \u0111\u1ea3m b\u1ea3o \u0111\u01b0\u1ee3c t\u00ednh an to\u00e0n trong qu\u00e1 tr\u00ecnh s\u1eed d\u1ee5ng. D\u01b0\u1edbi thi\u1ebft k\u1ebf c\u1ee7a d\u00f2ng s\u1ea3n ph\u1ea9m n\u00e0y b\u1ea1n lu\u00f4n c\u1ea3m th\u1ea5y m\u1ed9t cu\u1ed9c s\u1ed1ng th\u1ef1c s\u1ef1 hi\u1ec7n \u0111\u1ea1i, kh\u1eafc ph\u1ee5c \u0111\u01b0\u1ee3c s\u1ef1 c\u1ed1 m\u1ea5t \u0111i\u1ec7n.\u00a0<\/span><\/li>\n<li><span style=\"font-weight: 400;\">\u0110\u00e8n \u0111\u01b0\u1ee3c thi\u1ebft k\u1ebf v\u1edbi lo\u1ea1i pin ch\u1ea5t l\u01b0\u1ee3ng cao c\u00f3 th\u1eddi gian chi\u1ebfu s\u00e1ng li\u00ean t\u1ee5c 4 gi\u1edd \u0111\u1ed1i v\u1edbi hai b\u00f3ng v\u00e0 8 gi\u1edd \u0111\u1ed1i v\u1edbi m\u1ed9t b\u00f3ng. V\u1edbi con s\u1ed1 n\u00e0y th\u00ec khi c\u00f3 b\u1ea5t k\u00ec hi\u1ec7n t\u01b0\u1ee3ng, s\u1ef1 c\u1ed1 n\u00e0o x\u1ea3y ra th\u00ec \u0111\u00e8n v\u1eabn \u0111\u1ea3m b\u1ea3o chi\u1ebfu s\u00e1ng \u0111\u1ec3 ng\u01b0\u1eddi trong t\u00f2a nh\u00e0 k\u1ecbp tho\u00e1t ra b\u00ean ngo\u00e0i.<\/span><\/li>\n<li><span style=\"font-weight: 400;\">S\u1ea3n ph\u1ea9m c\u00f3 m\u1ea1ch b\u1ea3o v\u1ec7 t\u1ef1 \u0111\u1ed9ng ng\u1eaft \u0111i\u1ec7n khi b\u00ecnh s\u1ea1c \u0111\u1ea7y v\u00e0 c\u00f3 \u0111\u00e8n b\u00e1o b\u00e1o \u0111\u1ed9ng khi s\u1ea3n ph\u1ea9m \u0111\u1ec3 \u0111\u1ec3 s\u1ea1c \u0111\u1ea7y. Ch\u00ednh v\u00ec th\u1ebf m\u00e0 b\u1ea1n ho\u00e0n to\u00e0n y\u00ean t\u00e2m v\u1edbi ch\u1ea5t l\u01b0\u1ee3ng c\u1ee7a pin trong su\u1ed1t qu\u00e1 tr\u00ecnh s\u1eed d\u1ee5ng, c\u0169ng nh\u01b0 k\u00e9o d\u00e0i \u0111\u01b0\u1ee3c tu\u1ed5i th\u1ecd c\u1ee7a ch\u00ednh s\u1ea3n ph\u1ea9m.<\/span><\/li>\n<\/ul>\n<h3><span style=\"color: #ff6600;\"><strong>2. \u01afu \u0111i\u1ec3m n\u1ed5i b\u1eadt<\/strong><\/span><\/h3>\n<ul>\n<li><span style=\"font-weight: 400;\">S\u1ea3n ph\u1ea9m \u0111\u01b0\u1ee3c s\u1eed d\u1ee5ng ch\u1ebf ph\u1ea3n quang cao cho ch\u00f9m tia s\u00e1ng m\u1ea1nh m\u1ebd h\u01a1n v\u00e0 r\u00f5 n\u00e9t h\u01a1n. Ch\u00ednh v\u00ec th\u1ebf m\u00e0 kh\u00f4ng g\u00e2y h\u1ea1i cho m\u1eaft c\u1ee7a ng\u01b0\u1eddi s\u1eed d\u1ee5ng.\u00a0<\/span><\/li>\n<li><span style=\"font-weight: 400;\">M\u1ed9t trong nh\u1eefng \u0111i\u1ec1u \u0111\u1eb7c bi\u1ec7t c\u00f3 th\u1ec3 k\u1ec3 \u0111\u1ebfn khi s\u1eed d\u1ee5ng d\u00f2ng s\u1ea3n ph\u1ea9m n\u00e0y l\u00e0 c\u00e1c ch\u1ea5t l\u01b0\u1ee3ng c\u1ee7a s\u1ea3n ph\u1ea9m tuy\u1ec7t \u0111\u1ed1i an to\u00e0n c\u0169ng nh\u01b0 ngu\u1ed3n \u00e1nh s\u00e1ng chi\u1ebfu ra l\u00e0 \u00e1nh s\u00e1ng \u1ed5n \u0111\u1ecbnh kh\u00f4ng nh\u1ea5p nh\u00e1y, c\u0169ng nh\u01b0 kh\u00f4ng ph\u00e1t sinh ra c\u00e1c ch\u1ea5t \u0111\u1ed9c h\u1ea1i.<\/span><\/li>\n<li><span style=\"font-weight: 400;\">Ch\u00ednh v\u00ec th\u1ebf m\u00e0 tuy\u1ec7t \u0111\u1ed1i an to\u00e0n cho ng\u01b0\u1eddi ti\u00eau d\u00f9ng. \u0110\u00e8n s\u1ea1c kh\u1ea9n c\u1ea5p KT-402 Kentom \u0111\u01b0\u1ee3c ch\u1ebf li\u1ec7u t\u1eeb nh\u1eefng nguy\u00ean li\u1ec7u c\u00f3 th\u1ec3 t\u00e1i ch\u1ebf m\u1ed9t c\u00e1ch d\u1ec5 d\u00e0ng n\u00ean th\u00e2n thi\u1ec7n v\u1edbi m\u00f4i tr\u01b0\u1eddng xung quanh.<\/span><\/li>\n<\/ul>\n<h3><span style=\"color: #ff6600;\"><strong>3. Th\u00f4ng s\u1ed1 k\u1ef9 thu\u1eadt<\/strong><\/span><\/h3>\n<table style=\"width: 98.6235%; height: 168px;\" width=\"320\">\n<tbody>\n<tr style=\"height: 24px;\">\n<td style=\"width: 50.0252%; text-align: center; height: 24px;\" width=\"312\"><strong>C\u00f4ng su\u1ea5t:<\/strong><\/td>\n<td style=\"width: 277.962%; text-align: center; height: 24px;\" width=\"312\">3W x 2<\/td>\n<\/tr>\n<tr style=\"height: 24px;\">\n<td style=\"width: 50.0252%; text-align: center; height: 24px;\" width=\"312\"><strong>\u0110i\u1ec7n \u00e1p:<\/strong><\/td>\n<td style=\"width: 277.962%; text-align: center; height: 24px;\" width=\"312\">220V<\/td>\n<\/tr>\n<tr style=\"height: 24px;\">\n<td style=\"width: 50.0252%; text-align: center; height: 24px;\" width=\"312\"><strong>Pin:<\/strong><\/td>\n<td style=\"width: 277.962%; text-align: center; height: 24px;\" width=\"312\">6V 5Ah<\/td>\n<\/tr>\n<tr style=\"height: 24px;\">\n<td style=\"width: 50.0252%; text-align: center; height: 24px;\" width=\"312\"><strong>Th\u1eddi gian l\u01b0u \u0111i\u1ec7n:<\/strong><\/td>\n<td style=\"width: 277.962%; text-align: center; height: 24px;\" width=\"312\">4h\/2 b\u00f3ng &#8211; 8h\/1 b\u00f3ng<\/td>\n<\/tr>\n<tr style=\"height: 24px;\">\n<td style=\"width: 50.0252%; text-align: center; height: 24px;\" width=\"312\"><strong>Th\u1eddi gian s\u1ea1c:<\/strong><\/td>\n<td style=\"width: 277.962%; text-align: center; height: 24px;\" width=\"312\">24h<\/td>\n<\/tr>\n<tr style=\"height: 24px;\">\n<td style=\"width: 50.0252%; text-align: center; height: 24px;\" width=\"312\"><strong>K\u00edch th\u01b0\u1edbc:<\/strong><\/td>\n<td style=\"width: 277.962%; text-align: center; height: 24px;\" width=\"312\">245mm x 220mm x 85mm<\/td>\n<\/tr>\n<tr style=\"height: 24px;\">\n<td style=\"width: 50.0252%; text-align: center; height: 24px;\" width=\"312\"><strong>B\u1ea3o h\u00e0nh:<\/strong><\/td>\n<td style=\"width: 277.962%; text-align: center; height: 24px;\" width=\"312\">12 th\u00e1ng<\/td>\n<\/tr>\n<\/tbody>\n<\/table>\n<h2><span style=\"color: #000080;\"><strong>II\/ \u1ee8ng d\u1ee5ng c\u1ee7a \u0111\u00e8n s\u1ea1c kh\u1ea9n c\u1ea5p KT-402<\/strong><\/span><\/h2>\n<p><span style=\"font-weight: 400;\">L\u00e0 m\u1ed9t trong nh\u1eefng s\u1ea3n ph\u1ea9m c\u1ee7a <a href=\"https:\/\/aslighting.com.vn\/en\/product-category\/kentom\/den-sac-khan-cap\/\"><strong><span style=\"color: #000098;\">\u0111\u00e8n s\u1ea1c kh\u1ea9n c\u1ea5p Kentom<\/span><\/strong><\/a> \u0111\u00e1p \u1ee9ng t\u1ed1t cho y\u00eau c\u1ea7u c\u1ee7a ph\u00f2ng ch\u00e1y ch\u1eefa ch\u00e1y, n\u00ean r\u1ea5t c\u1ea7n thi\u1ebft trong nh\u1eefng c\u00f4ng tr\u00ecnh c\u00f3 thi\u1ebft k\u1ebf ph\u1ee9c t\u1ea1p. S\u1ea3n ph\u1ea9m n\u00e0y ph\u00f9 h\u1ee3p l\u1eafp \u0111\u1eb7t \u1edf c\u00e1c v\u1ecb tr\u00ed tho\u00e1t hi\u1ec3m nh\u01b0 trong c\u00e1c khu chung, c\u01b0 t\u00f2a nh\u00e0 cao t\u1ea7ng, kh\u00e1ch s\u1ea1n, si\u00eau th\u1ecb, b\u1ec7nh vi\u1ec7n, trong c\u00e1c c\u00f4ng x\u01b0\u1edfng, khu trung t\u00e2m th\u01b0\u01a1ng m\u1ea1i, khu c\u00f4ng nghi\u1ec7p, tr\u01b0\u1eddng h\u1ecdc, c\u00f4ng ty\u2026<\/span><\/p>\n<p><a href=\"https:\/\/aslighting.com.vn\/wp-content\/uploads\/2022\/11\/151920849_3623415627780875_4754861435250727175_o-scaled.jpg\"><img decoding=\"async\" class=\"aligncenter wp-image-4249 lazyload\" data-src=\"https:\/\/aslighting.com.vn\/wp-content\/uploads\/2022\/11\/151920849_3623415627780875_4754861435250727175_o-scaled.jpg\" alt=\"\" width=\"600\" height=\"450\" data-srcset=\"\/wp-content\/uploads\/2022\/11\/151920849_3623415627780875_4754861435250727175_o-scaled.jpg 1000w, \/wp-content\/uploads\/2022\/11\/151920849_3623415627780875_4754861435250727175_o-300x225.jpg 300w, \/wp-content\/uploads\/2022\/11\/151920849_3623415627780875_4754861435250727175_o-1024x768.jpg 1024w, \/wp-content\/uploads\/2022\/11\/151920849_3623415627780875_4754861435250727175_o-768x576.jpg 768w, \/wp-content\/uploads\/2022\/11\/151920849_3623415627780875_4754861435250727175_o-1536x1152.jpg 1536w, \/wp-content\/uploads\/2022\/11\/151920849_3623415627780875_4754861435250727175_o-16x12.jpg 16w, \/wp-content\/uploads\/2022\/11\/151920849_3623415627780875_4754861435250727175_o-600x450.jpg 600w\" data-sizes=\"(max-width: 600px) 100vw, 600px\" src=\"data:image\/svg+xml;base64,PHN2ZyB3aWR0aD0iMSIgaGVpZ2h0PSIxIiB4bWxucz0iaHR0cDovL3d3dy53My5vcmcvMjAwMC9zdmciPjwvc3ZnPg==\" style=\"--smush-placeholder-width: 600px; --smush-placeholder-aspect-ratio: 600\/450;\" \/><\/a><\/p>","protected":false},"excerpt":{"rendered":"<p><strong>C\u00f4ng su\u1ea5t:<\/strong> 3W x 2<\/p>\n<p><b>\u0110i\u1ec7n \u00e1p: <\/b>220V<\/p>\n<p><strong>Pin: <\/strong>6V 5Ah<strong><br \/>\n<\/strong><\/p>\n<p><strong>Th\u1eddi gian l\u01b0u \u0111i\u1ec7n:<\/strong>4h\/2 b\u00f3ng &#8211; 8h\/1 b\u00f3ng<strong><br \/>\n<\/strong><\/p>\n<p><strong>Th\u1eddi gian s\u1ea1c: <\/strong>24h<\/p>\n<p><strong>K\u00edch th\u01b0\u1edbc:<\/strong> 245mm x 220mm x 85mm<\/p>\n<p><strong>B\u1ea3o h\u00e0nh:<\/strong> 12 th\u00e1ng<\/p>","protected":false},"featured_media":2171,"comment_status":"open","ping_status":"closed","template":"","meta":[],"product_brand":[],"product_cat":[285,301,283],"product_tag":[],"class_list":{"0":"post-2170","1":"product","2":"type-product","3":"status-publish","4":"has-post-thumbnail","6":"product_cat-den-sac-khan-cap","7":"product_cat-den-sac-khan-cap-kt-402-3wx2","8":"product_cat-kentom","10":"first","11":"instock","12":"shipping-taxable","13":"product-type-simple"},"yoast_head":"<!-- This site is optimized with the Yoast SEO Premium plugin v22.0 (Yoast SEO v22.5) - https:\/\/yoast.com\/wordpress\/plugins\/seo\/ -->\n<title>\u0110\u00e8n s\u1ea1c kh\u1ea9n c\u1ea5p KT-402 Kentom ch\u00ednh h\u00e3ng gi\u00e1 t\u1ed1t nh\u1ea5t<\/title>\n<meta name=\"description\" content=\"\u0110\u00e8n s\u1ea1c kh\u1ea9n c\u1ea5p KT-402 Kentom ch\u00ednh h\u00e3ng gi\u00e1 t\u1ed1t nh\u1ea5t \u0111\u01b0\u1ee3c c\u00f4ng ty c\u1ed5 ph\u1ea7n thi\u1ebft b\u1ecb chi\u1ebfu s\u00e1ng \u00c1nh Sao cung c\u1ea5p t\u1edbi kh\u00e1ch h\u00e0ng ho\u00e0n h\u1ea3o nh\u1ea5t\" \/>\n<meta name=\"robots\" content=\"index, follow, max-snippet:-1, max-image-preview:large, max-video-preview:-1\" \/>\n<link rel=\"canonical\" href=\"https:\/\/aslighting.com.vn\/en\/product\/den-sac-khan-cap-kt-402-3wx2-kentom\/\" \/>\n<meta property=\"og:locale\" content=\"en_US\" \/>\n<meta property=\"og:type\" content=\"article\" \/>\n<meta property=\"og:title\" content=\"\u0110\u00c8N S\u1ea0C KH\u1ea8N C\u1ea4P KT-402 3WX2 KENTOM\" \/>\n<meta property=\"og:description\" content=\"\u0110\u00e8n s\u1ea1c kh\u1ea9n c\u1ea5p KT-402 Kentom ch\u00ednh h\u00e3ng gi\u00e1 t\u1ed1t nh\u1ea5t \u0111\u01b0\u1ee3c c\u00f4ng ty c\u1ed5 ph\u1ea7n thi\u1ebft b\u1ecb chi\u1ebfu s\u00e1ng \u00c1nh Sao cung c\u1ea5p t\u1edbi kh\u00e1ch h\u00e0ng ho\u00e0n h\u1ea3o nh\u1ea5t\" \/>\n<meta property=\"og:url\" content=\"https:\/\/aslighting.com.vn\/en\/product\/den-sac-khan-cap-kt-402-3wx2-kentom\/\" \/>\n<meta property=\"og:site_name\" content=\"C\u00f4ng Ty C\u1ed5 Ph\u1ea7n Gi\u1ea3i Ph\u00e1p Chi\u1ebfu S\u00e1ng To\u00e0n Di\u1ec7n \u00c1nh Sao\" \/>\n<meta property=\"article:modified_time\" content=\"2023-06-24T09:03:16+00:00\" \/>\n<meta property=\"og:image\" content=\"https:\/\/aslighting.com.vn\/wp-content\/uploads\/2022\/11\/20210812113353_kt402.png\" \/>\n\t<meta property=\"og:image:width\" content=\"900\" \/>\n\t<meta property=\"og:image:height\" content=\"780\" \/>\n\t<meta property=\"og:image:type\" content=\"image\/png\" \/>\n<meta name=\"twitter:card\" content=\"summary_large_image\" \/>\n<meta name=\"twitter:label1\" content=\"Est. reading time\" \/>\n\t<meta name=\"twitter:data1\" content=\"4 minutes\" \/>\n<script type=\"application\/ld+json\" class=\"yoast-schema-graph\">{\"@context\":\"https:\/\/schema.org\",\"@graph\":[{\"@type\":\"WebPage\",\"@id\":\"https:\/\/aslighting.com.vn\/san-pham\/den-sac-khan-cap-kt-402-3wx2-kentom\/\",\"url\":\"https:\/\/aslighting.com.vn\/san-pham\/den-sac-khan-cap-kt-402-3wx2-kentom\/\",\"name\":\"\u0110\u00e8n s\u1ea1c kh\u1ea9n c\u1ea5p KT-402 Kentom ch\u00ednh h\u00e3ng gi\u00e1 t\u1ed1t nh\u1ea5t\",\"isPartOf\":{\"@id\":\"https:\/\/aslighting.com.vn\/#website\"},\"primaryImageOfPage\":{\"@id\":\"https:\/\/aslighting.com.vn\/san-pham\/den-sac-khan-cap-kt-402-3wx2-kentom\/#primaryimage\"},\"image\":{\"@id\":\"https:\/\/aslighting.com.vn\/san-pham\/den-sac-khan-cap-kt-402-3wx2-kentom\/#primaryimage\"},\"thumbnailUrl\":\"\/wp-content\/uploads\/2022\/11\/20210812113353_kt402.png\",\"datePublished\":\"2022-11-29T06:17:57+00:00\",\"dateModified\":\"2023-06-24T09:03:16+00:00\",\"description\":\"\u0110\u00e8n s\u1ea1c kh\u1ea9n c\u1ea5p KT-402 Kentom ch\u00ednh h\u00e3ng gi\u00e1 t\u1ed1t nh\u1ea5t \u0111\u01b0\u1ee3c c\u00f4ng ty c\u1ed5 ph\u1ea7n thi\u1ebft b\u1ecb chi\u1ebfu s\u00e1ng \u00c1nh Sao cung c\u1ea5p t\u1edbi kh\u00e1ch h\u00e0ng ho\u00e0n h\u1ea3o nh\u1ea5t\",\"breadcrumb\":{\"@id\":\"https:\/\/aslighting.com.vn\/san-pham\/den-sac-khan-cap-kt-402-3wx2-kentom\/#breadcrumb\"},\"inLanguage\":\"en-US\",\"potentialAction\":[{\"@type\":\"ReadAction\",\"target\":[\"https:\/\/aslighting.com.vn\/san-pham\/den-sac-khan-cap-kt-402-3wx2-kentom\/\"]}]},{\"@type\":\"ImageObject\",\"inLanguage\":\"en-US\",\"@id\":\"https:\/\/aslighting.com.vn\/san-pham\/den-sac-khan-cap-kt-402-3wx2-kentom\/#primaryimage\",\"url\":\"\/wp-content\/uploads\/2022\/11\/20210812113353_kt402.png\",\"contentUrl\":\"\/wp-content\/uploads\/2022\/11\/20210812113353_kt402.png\",\"width\":900,\"height\":780},{\"@type\":\"BreadcrumbList\",\"@id\":\"https:\/\/aslighting.com.vn\/san-pham\/den-sac-khan-cap-kt-402-3wx2-kentom\/#breadcrumb\",\"itemListElement\":[{\"@type\":\"ListItem\",\"position\":1,\"name\":\"Trang ch\u1ee7\",\"item\":\"https:\/\/aslighting.com.vn\/vi\/\"},{\"@type\":\"ListItem\",\"position\":2,\"name\":\"S\u1ea3n ph\u1ea9m\",\"item\":\"https:\/\/aslighting.com.vn\/en\/san-pham\/\"},{\"@type\":\"ListItem\",\"position\":3,\"name\":\"\u0110\u00c8N S\u1ea0C KH\u1ea8N C\u1ea4P KT-402 3WX2 KENTOM\"}]},{\"@type\":\"WebSite\",\"@id\":\"https:\/\/aslighting.com.vn\/#website\",\"url\":\"https:\/\/aslighting.com.vn\/\",\"name\":\"C\u00f4ng Ty C\u1ed5 Ph\u1ea7n Gi\u1ea3i Ph\u00e1p Chi\u1ebfu S\u00e1ng To\u00e0n Di\u1ec7n \u00c1nh Sao\",\"description\":\"\",\"publisher\":{\"@id\":\"https:\/\/aslighting.com.vn\/#organization\"},\"potentialAction\":[{\"@type\":\"SearchAction\",\"target\":{\"@type\":\"EntryPoint\",\"urlTemplate\":\"https:\/\/aslighting.com.vn\/?s={search_term_string}\"},\"query-input\":\"required name=search_term_string\"}],\"inLanguage\":\"en-US\"},{\"@type\":\"Organization\",\"@id\":\"https:\/\/aslighting.com.vn\/#organization\",\"name\":\"C\u00f4ng Ty C\u1ed5 Ph\u1ea7n Gi\u1ea3i Ph\u00e1p Chi\u1ebfu S\u00e1ng To\u00e0n Di\u1ec7n \u00c1nh Sao\",\"url\":\"https:\/\/aslighting.com.vn\/\",\"logo\":{\"@type\":\"ImageObject\",\"inLanguage\":\"en-US\",\"@id\":\"https:\/\/aslighting.com.vn\/#\/schema\/logo\/image\/\",\"url\":\"\/wp-content\/uploads\/2022\/10\/logo-ANHSAO.png\",\"contentUrl\":\"\/wp-content\/uploads\/2022\/10\/logo-ANHSAO.png\",\"width\":1091,\"height\":360,\"caption\":\"C\u00f4ng Ty C\u1ed5 Ph\u1ea7n Gi\u1ea3i Ph\u00e1p Chi\u1ebfu S\u00e1ng To\u00e0n Di\u1ec7n \u00c1nh Sao\"},\"image\":{\"@id\":\"https:\/\/aslighting.com.vn\/#\/schema\/logo\/image\/\"}}]}<\/script>\n<!-- \/ Yoast SEO Premium plugin. -->","yoast_head_json":{"title":"\u0110\u00e8n s\u1ea1c kh\u1ea9n c\u1ea5p KT-402 Kentom ch\u00ednh h\u00e3ng gi\u00e1 t\u1ed1t nh\u1ea5t","description":"\u0110\u00e8n s\u1ea1c kh\u1ea9n c\u1ea5p KT-402 Kentom ch\u00ednh h\u00e3ng gi\u00e1 t\u1ed1t nh\u1ea5t \u0111\u01b0\u1ee3c c\u00f4ng ty c\u1ed5 ph\u1ea7n thi\u1ebft b\u1ecb chi\u1ebfu s\u00e1ng \u00c1nh Sao cung c\u1ea5p t\u1edbi kh\u00e1ch h\u00e0ng ho\u00e0n h\u1ea3o nh\u1ea5t","robots":{"index":"index","follow":"follow","max-snippet":"max-snippet:-1","max-image-preview":"max-image-preview:large","max-video-preview":"max-video-preview:-1"},"canonical":"https:\/\/aslighting.com.vn\/en\/product\/den-sac-khan-cap-kt-402-3wx2-kentom\/","og_locale":"en_US","og_type":"article","og_title":"\u0110\u00c8N S\u1ea0C KH\u1ea8N C\u1ea4P KT-402 3WX2 KENTOM","og_description":"\u0110\u00e8n s\u1ea1c kh\u1ea9n c\u1ea5p KT-402 Kentom ch\u00ednh h\u00e3ng gi\u00e1 t\u1ed1t nh\u1ea5t \u0111\u01b0\u1ee3c c\u00f4ng ty c\u1ed5 ph\u1ea7n thi\u1ebft b\u1ecb chi\u1ebfu s\u00e1ng \u00c1nh Sao cung c\u1ea5p t\u1edbi kh\u00e1ch h\u00e0ng ho\u00e0n h\u1ea3o nh\u1ea5t","og_url":"https:\/\/aslighting.com.vn\/en\/product\/den-sac-khan-cap-kt-402-3wx2-kentom\/","og_site_name":"C\u00f4ng Ty C\u1ed5 Ph\u1ea7n Gi\u1ea3i Ph\u00e1p Chi\u1ebfu S\u00e1ng To\u00e0n Di\u1ec7n \u00c1nh Sao","article_modified_time":"2023-06-24T09:03:16+00:00","og_image":[{"width":900,"height":780,"url":"https:\/\/aslighting.com.vn\/wp-content\/uploads\/2022\/11\/20210812113353_kt402.png","type":"image\/png"}],"twitter_card":"summary_large_image","twitter_misc":{"Est. reading time":"4 minutes"},"schema":{"@context":"https:\/\/schema.org","@graph":[{"@type":"WebPage","@id":"https:\/\/aslighting.com.vn\/san-pham\/den-sac-khan-cap-kt-402-3wx2-kentom\/","url":"https:\/\/aslighting.com.vn\/san-pham\/den-sac-khan-cap-kt-402-3wx2-kentom\/","name":"\u0110\u00e8n s\u1ea1c kh\u1ea9n c\u1ea5p KT-402 Kentom ch\u00ednh h\u00e3ng gi\u00e1 t\u1ed1t nh\u1ea5t","isPartOf":{"@id":"https:\/\/aslighting.com.vn\/#website"},"primaryImageOfPage":{"@id":"https:\/\/aslighting.com.vn\/san-pham\/den-sac-khan-cap-kt-402-3wx2-kentom\/#primaryimage"},"image":{"@id":"https:\/\/aslighting.com.vn\/san-pham\/den-sac-khan-cap-kt-402-3wx2-kentom\/#primaryimage"},"thumbnailUrl":"\/wp-content\/uploads\/2022\/11\/20210812113353_kt402.png","datePublished":"2022-11-29T06:17:57+00:00","dateModified":"2023-06-24T09:03:16+00:00","description":"\u0110\u00e8n s\u1ea1c kh\u1ea9n c\u1ea5p KT-402 Kentom ch\u00ednh h\u00e3ng gi\u00e1 t\u1ed1t nh\u1ea5t \u0111\u01b0\u1ee3c c\u00f4ng ty c\u1ed5 ph\u1ea7n thi\u1ebft b\u1ecb chi\u1ebfu s\u00e1ng \u00c1nh Sao cung c\u1ea5p t\u1edbi kh\u00e1ch h\u00e0ng ho\u00e0n h\u1ea3o nh\u1ea5t","breadcrumb":{"@id":"https:\/\/aslighting.com.vn\/san-pham\/den-sac-khan-cap-kt-402-3wx2-kentom\/#breadcrumb"},"inLanguage":"en-US","potentialAction":[{"@type":"ReadAction","target":["https:\/\/aslighting.com.vn\/san-pham\/den-sac-khan-cap-kt-402-3wx2-kentom\/"]}]},{"@type":"ImageObject","inLanguage":"en-US","@id":"https:\/\/aslighting.com.vn\/san-pham\/den-sac-khan-cap-kt-402-3wx2-kentom\/#primaryimage","url":"\/wp-content\/uploads\/2022\/11\/20210812113353_kt402.png","contentUrl":"\/wp-content\/uploads\/2022\/11\/20210812113353_kt402.png","width":900,"height":780},{"@type":"BreadcrumbList","@id":"https:\/\/aslighting.com.vn\/san-pham\/den-sac-khan-cap-kt-402-3wx2-kentom\/#breadcrumb","itemListElement":[{"@type":"ListItem","position":1,"name":"Trang ch\u1ee7","item":"https:\/\/aslighting.com.vn\/vi\/"},{"@type":"ListItem","position":2,"name":"S\u1ea3n ph\u1ea9m","item":"https:\/\/aslighting.com.vn\/en\/san-pham\/"},{"@type":"ListItem","position":3,"name":"\u0110\u00c8N S\u1ea0C KH\u1ea8N C\u1ea4P KT-402 3WX2 KENTOM"}]},{"@type":"WebSite","@id":"https:\/\/aslighting.com.vn\/#website","url":"https:\/\/aslighting.com.vn\/","name":"C\u00f4ng Ty C\u1ed5 Ph\u1ea7n Gi\u1ea3i Ph\u00e1p Chi\u1ebfu S\u00e1ng To\u00e0n Di\u1ec7n \u00c1nh Sao","description":"","publisher":{"@id":"https:\/\/aslighting.com.vn\/#organization"},"potentialAction":[{"@type":"SearchAction","target":{"@type":"EntryPoint","urlTemplate":"https:\/\/aslighting.com.vn\/?s={search_term_string}"},"query-input":"required name=search_term_string"}],"inLanguage":"en-US"},{"@type":"Organization","@id":"https:\/\/aslighting.com.vn\/#organization","name":"C\u00f4ng Ty C\u1ed5 Ph\u1ea7n Gi\u1ea3i Ph\u00e1p Chi\u1ebfu S\u00e1ng To\u00e0n Di\u1ec7n \u00c1nh Sao","url":"https:\/\/aslighting.com.vn\/","logo":{"@type":"ImageObject","inLanguage":"en-US","@id":"https:\/\/aslighting.com.vn\/#\/schema\/logo\/image\/","url":"\/wp-content\/uploads\/2022\/10\/logo-ANHSAO.png","contentUrl":"\/wp-content\/uploads\/2022\/10\/logo-ANHSAO.png","width":1091,"height":360,"caption":"C\u00f4ng Ty C\u1ed5 Ph\u1ea7n Gi\u1ea3i Ph\u00e1p Chi\u1ebfu S\u00e1ng To\u00e0n Di\u1ec7n \u00c1nh Sao"},"image":{"@id":"https:\/\/aslighting.com.vn\/#\/schema\/logo\/image\/"}}]}},"_links":{"self":[{"href":"https:\/\/aslighting.com.vn\/en\/wp-json\/wp\/v2\/product\/2170","targetHints":{"allow":["GET"]}}],"collection":[{"href":"https:\/\/aslighting.com.vn\/en\/wp-json\/wp\/v2\/product"}],"about":[{"href":"https:\/\/aslighting.com.vn\/en\/wp-json\/wp\/v2\/types\/product"}],"replies":[{"embeddable":true,"href":"https:\/\/aslighting.com.vn\/en\/wp-json\/wp\/v2\/comments?post=2170"}],"wp:featuredmedia":[{"embeddable":true,"href":"https:\/\/aslighting.com.vn\/en\/wp-json\/wp\/v2\/media\/2171"}],"wp:attachment":[{"href":"https:\/\/aslighting.com.vn\/en\/wp-json\/wp\/v2\/media?parent=2170"}],"wp:term":[{"taxonomy":"product_brand","embeddable":true,"href":"https:\/\/aslighting.com.vn\/en\/wp-json\/wp\/v2\/product_brand?post=2170"},{"taxonomy":"product_cat","embeddable":true,"href":"https:\/\/aslighting.com.vn\/en\/wp-json\/wp\/v2\/product_cat?post=2170"},{"taxonomy":"product_tag","embeddable":true,"href":"https:\/\/aslighting.com.vn\/en\/wp-json\/wp\/v2\/product_tag?post=2170"}],"curies":[{"name":"wp","href":"https:\/\/api.w.org\/{rel}","templated":true}]}}