{"id":4963,"date":"2023-06-01T17:04:34","date_gmt":"2023-06-01T10:04:34","guid":{"rendered":"https:\/\/aslighting.com.vn\/?post_type=product&#038;p=4963"},"modified":"2023-06-01T17:04:35","modified_gmt":"2023-06-01T10:04:35","slug":"wiz-pro-rgbtw-bridge-box-i-12-24v","status":"publish","type":"product","link":"https:\/\/aslighting.com.vn\/en\/product\/wiz-pro-rgbtw-bridge-box-i-12-24v\/","title":{"rendered":"Wiz Pro RGBTW Bridge Box I 12-24V"},"content":{"rendered":"<p><span style=\"font-weight: 400;\"><strong>Wiz Pro RGBTW Bridge Box I 12-24V<\/strong> l\u00e0 s\u1ea3n ph\u1ea9m ph\u1ee5 ki\u1ec7n k\u1ebft h\u1ee3p c\u00f9ng \u0111\u00e8n chi\u1ebfu s\u00e1ng t\u1ea1o th\u00e0nh s\u1ea3n ph\u1ea9m \u0111\u00e8n chi\u1ebfu s\u00e1ng th\u00f4ng minh c\u00f3 th\u1ec3 c\u00e0i \u0111\u1eb7t k\u1ebft n\u1ed1i m\u00e0u v\u00e0 th\u1eddi gian th\u1eafp s\u00e1ng theo \u00fd th\u00edch. H\u00e3y c\u00f9ng t\u00ecm hi\u1ec3u d\u00f2ng s\u1ea3n ph\u1ea9m n\u00e0y nh\u00e9.<\/span><\/p>\n<p><a href=\"https:\/\/aslighting.com.vn\/wp-content\/uploads\/2023\/06\/Khung-xanh-nen-trong-suot-khong-logo-adsas-scaled.jpg\"><img fetchpriority=\"high\" decoding=\"async\" class=\"aligncenter wp-image-4968\" src=\"https:\/\/aslighting.com.vn\/wp-content\/uploads\/2023\/06\/Khung-xanh-nen-trong-suot-khong-logo-adsas-scaled.jpg\" alt=\"\" width=\"500\" height=\"500\" srcset=\"\/wp-content\/uploads\/2023\/06\/Khung-xanh-nen-trong-suot-khong-logo-adsas-scaled.jpg 1000w, \/wp-content\/uploads\/2023\/06\/Khung-xanh-nen-trong-suot-khong-logo-adsas-300x300.jpg 300w, \/wp-content\/uploads\/2023\/06\/Khung-xanh-nen-trong-suot-khong-logo-adsas-1024x1024.jpg 1024w, \/wp-content\/uploads\/2023\/06\/Khung-xanh-nen-trong-suot-khong-logo-adsas-150x150.jpg 150w, \/wp-content\/uploads\/2023\/06\/Khung-xanh-nen-trong-suot-khong-logo-adsas-768x768.jpg 768w, \/wp-content\/uploads\/2023\/06\/Khung-xanh-nen-trong-suot-khong-logo-adsas-12x12.jpg 12w, \/wp-content\/uploads\/2023\/06\/Khung-xanh-nen-trong-suot-khong-logo-adsas-600x600.jpg 600w, \/wp-content\/uploads\/2023\/06\/Khung-xanh-nen-trong-suot-khong-logo-adsas-100x100.jpg 100w\" sizes=\"(max-width: 500px) 100vw, 500px\" \/><\/a><\/p>\n<p style=\"text-align: center;\"><span style=\"font-size: 10pt;\"><em>Wiz Pro RGBTW Bridge Box I 12-24V \u0111\u01b0\u1ee3c \u00c1nh Sao ph\u00e2n ph\u1ed1i ch\u00ednh h\u00e3ng<\/em><\/span><\/p>\n<h2><span style=\"color: #000080;\"><strong>I\/ \u0110\u1eb7c \u0111i\u1ec3m c\u1ee7a Wiz Pro RGBTW Bridge Box I 12-24V<\/strong><\/span><\/h2>\n<h3><span style=\"color: #ff6600;\"><strong>1. Thi\u1ebft k\u1ebf<\/strong><\/span><\/h3>\n<ul>\n<li><span style=\"font-weight: 400;\">Thi\u1ebft b\u1ecb c\u00f3 k\u00edch th\u01b0\u1edbc nh\u1ecf g\u1ecdn, ti\u1ec7n l\u1ee3i \u0111\u1ec3 l\u1eafp \u0111\u1eb7t trong c\u00e1c h\u1ed9p \u0111\u00e8n ho\u1eb7c t\u1ee7 \u0111i\u1ec7n. N\u00f3 \u0111\u01b0\u1ee3c c\u1ea5p ngu\u1ed3n qua \u0111\u1ea7u v\u00e0o 12-24V DC, gi\u00fap cho vi\u1ec7c k\u1ebft n\u1ed1i v\u00e0 s\u1eed d\u1ee5ng r\u1ea5t \u0111\u01a1n gi\u1ea3n.<\/span><\/li>\n<li><span style=\"font-weight: 400;\">Wiz Pro RGBTW Bridge Box I 12-24V c\u00f3 t\u00ednh n\u0103ng \u0111i\u1ec1u khi\u1ec3n t\u1eaft\/b\u1eadt v\u00e0 t\u0103ng\/gi\u1ea3m \u0111\u1ed9 s\u00e1ng kh\u00f4ng gian tho\u1ea3i m\u00e1i v\u00e0 ph\u00f9 h\u1ee3p v\u1edbi nhu c\u1ea7u s\u1eed d\u1ee5ng c\u1ee7a m\u00ecnh.\u00a0<\/span><\/li>\n<li><span style=\"font-weight: 400;\">S\u1ea3n ph\u1ea9m cho ph\u00e9p ng\u01b0\u1eddi d\u00f9ng k\u1ebft n\u1ed1i \u0111\u1ed3ng b\u1ed9 v\u1edbi c\u00e1c thi\u1ebft b\u1ecb th\u00f4ng minh kh\u00e1c nh\u01b0 Google Assistant, Amazon Alexa ho\u1eb7c Apple HomeKit, gi\u00fap \u0111i\u1ec1u khi\u1ec3n c\u00e1c thi\u1ebft b\u1ecb trong nh\u00e0 m\u1ed9t c\u00e1ch th\u00f4ng minh v\u00e0 hi\u1ec7u qu\u1ea3 h\u01a1n.<\/span><\/li>\n<li><span style=\"font-weight: 400;\">S\u1ea3n ph\u1ea9m s\u1ebd mang l\u1ea1i cho ng\u01b0\u1eddi d\u00f9ng m\u1ed9t tr\u1ea3i nghi\u1ec7m tho\u1ea3i m\u00e1i, ti\u1ec7n l\u1ee3i v\u00e0 an to\u00e0n trong vi\u1ec7c qu\u1ea3n l\u00fd c\u00e1c thi\u1ebft b\u1ecb trong nh\u00e0.<\/span><\/li>\n<li><span style=\"font-weight: 400;\">S\u1ea3n ph\u1ea9m c\u00f3 thi\u1ebft k\u1ebf v\u1edbi k\u00edch th\u01b0\u1edbc nh\u1ecf g\u1ecdn 88*41.2*28mm, tr\u1ecdng l\u01b0\u1ee3ng 57 Gram nh\u1ecf g\u1ecdn v\u1edbi m\u00e0u tr\u1eafng ch\u1ee7 \u0111\u1ea1o th\u1ec3 hi\u1ec7n s\u1ef1 tinh t\u1ebf.\u00a0<\/span><\/li>\n<li><span style=\"font-weight: 400;\">S\u1ea3n ph\u1ea9m Wiz Pro RGBTW Bridge Box I 12-24V \u0111\u01b0\u1ee3c thi\u1ebft k\u1ebf theo ti\u00eau chu\u1ea9n IP20 v\u1ec1 ch\u1ed1ng n\u01b0\u1edbc, \u0111\u1ea3m b\u1ea3o to\u00e0n trong qu\u00e1 tr\u00ecnh s\u1eed d\u1ee5ng.\u00a0<\/span><\/li>\n<\/ul>\n<h3><span style=\"color: #ff6600;\"><strong>2. \u01afu \u0111i\u1ec3m n\u1ed5i b\u1eadt\u00a0<\/strong><\/span><\/h3>\n<ul>\n<li><span style=\"font-weight: 400;\">V\u1edbi Wiz Pro RGBTW Bridge Box I 12-24V, ng\u01b0\u1eddi d\u00f9ng c\u00f3 th\u1ec3 \u0111i\u1ec1u khi\u1ec3n t\u1eaft\/b\u1eadt v\u00e0 t\u0103ng\/gi\u1ea3m \u0111\u1ed9 s\u00e1ng, \u0111i\u1ec1u ch\u1ec9nh m\u00e0u s\u1eafc cho c\u00e1c \u0111\u00e8n Dim, \u0111\u1ed3ng th\u1eddi c\u00f3 th\u1ec3 b\u1eadt\/t\u1eaft cho c\u00e1c thi\u1ebft b\u1ecb \u0111i\u1ec7n kh\u00e1c nh\u01b0 \u0111i\u1ec1u h\u00f2a, n\u00f3ng l\u1ea1nh,&#8230;.\u00a0<\/span><\/li>\n<li><span style=\"font-weight: 400;\">Thi\u1ebft b\u1ecb \u0111\u01b0\u1ee3c thi\u1ebft k\u1ebf ho\u00e0n h\u1ea3o c\u00f3 th\u1ec3 \u0111i\u1ec1u khi\u1ec3n qua s\u00f3ng wifi, cho ph\u00e9p ng\u01b0\u1eddi d\u00f9ng d\u1ec5 d\u00e0ng \u0111i\u1ec1u khi\u1ec3n t\u1eeb xa th\u00f4ng qua \u1ee9ng d\u1ee5ng \u0111i\u1ec7n tho\u1ea1i ho\u1eb7c tr\u1ee3 l\u00fd \u1ea3o.<\/span><\/li>\n<li><span style=\"font-weight: 400;\">Ngo\u00e0i vi\u1ec7c mang nhi\u1ec1u l\u1ee3i \u00edch \u01b0u vi\u1ec7t, Wiz Pro RGBTW Bridge Box I 12-24V kh\u00f4ng ch\u1ec9 mang l\u1ea1i ti\u1ec7n \u00edch cho ng\u01b0\u1eddi d\u00f9ng m\u00e0 c\u00f2n gi\u00fap ti\u1ebft ki\u1ec7m n\u0103ng l\u01b0\u1ee3ng, gi\u1ea3m thi\u1ec3u t\u00e1c \u0111\u1ed9ng \u0111\u1ebfn m\u00f4i tr\u01b0\u1eddng.\u00a0<\/span><\/li>\n<li><span style=\"font-weight: 400;\">S\u1ea3n ph\u1ea9m khi l\u1eafp \u0111\u1eb7t c\u00f9ng v\u1edbi \u0111\u00e8n c\u00f3 th\u1ec3 \u0111i\u1ec1u khi\u1ec3n \u0111\u00e8n th\u00f4ng qua \u1ee9ng d\u1ee5ng tr\u00ean \u0111i\u1ec7n tho\u1ea1i cho ph\u00e9p ng\u01b0\u1eddi d\u00f9ng c\u00f3 th\u1ec3 d\u1ec5 d\u00e0ng t\u1eaft\/b\u1eadt \u0111\u00e8n t\u1eeb xa, ki\u1ec3m so\u00e1t \u0111\u1ed9 s\u00e1ng, l\u1ecbch tr\u00ecnh v\u00e0 t\u1ef1 \u0111\u1ed9ng h\u00f3a \u0111\u00e8n \u0111\u1ec3 t\u1ed1i \u01b0u h\u00f3a vi\u1ec7c s\u1eed d\u1ee5ng n\u0103ng l\u01b0\u1ee3ng.<\/span><\/li>\n<\/ul>\n<h3><span style=\"color: #ff6600;\"><strong>3. Th\u00f4ng s\u1ed1 k\u1ef9 thu\u1eadt<\/strong><\/span><\/h3>\n<table>\n<tbody>\n<tr>\n<td style=\"text-align: center;\" width=\"245\"><strong>C\u00f4ng su\u1ea5t:<\/strong><\/td>\n<td style=\"text-align: center;\" width=\"253\">180W<\/td>\n<\/tr>\n<tr>\n<td style=\"text-align: center;\" width=\"245\"><strong>\u0110i\u1ec7n \u00e1p v\u00e0o:<\/strong><\/td>\n<td style=\"text-align: center;\" width=\"253\">12-24V<\/td>\n<\/tr>\n<tr>\n<td style=\"text-align: center;\" width=\"245\"><strong>Ti\u1ebft di\u1ec7n d\u00e2y d\u1eabn:<\/strong><\/td>\n<td style=\"text-align: center;\" width=\"253\">1.5mm2<\/td>\n<\/tr>\n<tr>\n<td style=\"text-align: center;\" width=\"245\"><strong>IP:<\/strong><\/td>\n<td style=\"text-align: center;\" width=\"253\">20<\/td>\n<\/tr>\n<tr>\n<td style=\"text-align: center;\" width=\"245\"><strong>Tr\u1ecdng l\u01b0\u1ee3ng:<\/strong><\/td>\n<td style=\"text-align: center;\" width=\"253\">57 gram<\/td>\n<\/tr>\n<tr>\n<td style=\"text-align: center;\" width=\"245\"><strong>K\u00edch th\u01b0\u1edbc:<\/strong><\/td>\n<td style=\"text-align: center;\" width=\"253\">88&#215;41.2&#215;28 mm<\/td>\n<\/tr>\n<tr>\n<td style=\"text-align: center;\" width=\"245\"><strong>Tu\u1ed5i th\u1ecd:<\/strong><\/td>\n<td style=\"text-align: center;\" width=\"253\">50.000 h<\/td>\n<\/tr>\n<\/tbody>\n<\/table>\n<h2><span style=\"color: #000080;\"><strong>II\/ \u1ee8ng d\u1ee5ng c\u1ee7a Wiz Pro RGBTW Bridge Box I 12-24V<\/strong><\/span><\/h2>\n<p><span style=\"font-weight: 400;\">S\u1ea3n ph\u1ea9m Wiz Pro RGBTW\u00a0 Bridge Box I 12-24V \u0111\u01b0\u1ee3c \u1ee9ng d\u1ee5ng c\u00e0i \u0111\u1eb7t c\u00f9ng c\u00e1c lo\u1ea1i \u0111\u00e8n t\u1ea1o ra s\u1ea3n ph\u1ea9m chi\u1ebfu s\u00e1ng th\u00f4ng minh c\u00f3 th\u1ec3 \u0111i\u1ec1u khi\u1ec3n \u0111\u1ed9 s\u00e1ng, nhi\u1ec7t \u0111\u1ed9 m\u00e0u, th\u1eddi gian chi\u1ebfu s\u00e1ng tr\u00ean c\u00e1c thi\u1ebft b\u1ecb th\u00f4ng minh. Wiz Pro RGBTW Bridge Box I 12-24V c\u00f9ng \u0111\u00e8n \u0111\u01b0\u1ee3c l\u1eafp \u0111\u1eb7t trong c\u00e1c kh\u00f4ng gian chung c\u01b0, bi\u1ec7t th\u1ef1, v\u0103n ph\u00f2ng l\u00e0m vi\u1ec7c, c\u00e1c kh\u00f4ng gian cafe, c\u00e1c kh\u00f4ng gian nh\u00e0 x\u01b0\u1edfng\u2026<\/span><\/p>\n<p><span style=\"font-weight: 400;\"> <a href=\"https:\/\/aslighting.com.vn\/wp-content\/uploads\/2023\/06\/vf3-3-184233-scaled.jpg\"><img decoding=\"async\" class=\"aligncenter wp-image-4969 lazyload\" data-src=\"https:\/\/aslighting.com.vn\/wp-content\/uploads\/2023\/06\/vf3-3-184233-scaled.jpg\" alt=\"\" width=\"600\" height=\"400\" data-srcset=\"\/wp-content\/uploads\/2023\/06\/vf3-3-184233-scaled.jpg 1000w, \/wp-content\/uploads\/2023\/06\/vf3-3-184233-300x200.jpg 300w, \/wp-content\/uploads\/2023\/06\/vf3-3-184233-1024x682.jpg 1024w, \/wp-content\/uploads\/2023\/06\/vf3-3-184233-768x512.jpg 768w, \/wp-content\/uploads\/2023\/06\/vf3-3-184233-18x12.jpg 18w, \/wp-content\/uploads\/2023\/06\/vf3-3-184233-600x400.jpg 600w\" data-sizes=\"(max-width: 600px) 100vw, 600px\" src=\"data:image\/svg+xml;base64,PHN2ZyB3aWR0aD0iMSIgaGVpZ2h0PSIxIiB4bWxucz0iaHR0cDovL3d3dy53My5vcmcvMjAwMC9zdmciPjwvc3ZnPg==\" style=\"--smush-placeholder-width: 600px; --smush-placeholder-aspect-ratio: 600\/400;\" \/><\/a><\/span><\/p>\n<p style=\"text-align: center;\"><a href=\"https:\/\/drive.google.com\/file\/d\/1iA-_i520tb74louXHkcea8yV_D31PXIo\/view?usp=sharing\"><img decoding=\"async\" class=\"alignnone size-medium wp-image-4920 lazyload\" data-src=\"https:\/\/aslighting.com.vn\/wp-content\/uploads\/2023\/06\/button_tai-catalogue-tai-day-300x49.png\" alt=\"\" width=\"300\" height=\"49\" data-srcset=\"\/wp-content\/uploads\/2023\/06\/button_tai-catalogue-tai-day-300x49.png 300w, \/wp-content\/uploads\/2023\/06\/button_tai-catalogue-tai-day-18x3.png 18w, \/wp-content\/uploads\/2023\/06\/button_tai-catalogue-tai-day.png 407w\" data-sizes=\"(max-width: 300px) 100vw, 300px\" src=\"data:image\/svg+xml;base64,PHN2ZyB3aWR0aD0iMSIgaGVpZ2h0PSIxIiB4bWxucz0iaHR0cDovL3d3dy53My5vcmcvMjAwMC9zdmciPjwvc3ZnPg==\" style=\"--smush-placeholder-width: 300px; --smush-placeholder-aspect-ratio: 300\/49;\" \/><\/a><\/p>","protected":false},"excerpt":{"rendered":"<p><strong>C\u00f4ng su\u1ea5t (W):<\/strong> 180W<\/p>\n<p><strong>\u0110i\u1ec7n \u00e1p v\u00e0o: <\/strong>12-24V<\/p>\n<p><strong>Ti\u1ebft di\u1ec7n d\u00e2y d\u1eabn: <\/strong>1.5 mm2<\/p>\n<p><strong>IP:\u00a0<\/strong>20<\/p>\n<p><strong>Tr\u1ecdng l\u01b0\u1ee3ng: <\/strong>57 gram<\/p>\n<p><strong>K\u00edch th\u01b0\u1edbc: <\/strong>88&#215;41.2&#215;28\u00a0mm<\/p>\n<p><strong>Tu\u1ed5i th\u1ecd: <\/strong>50.000h<\/p>","protected":false},"featured_media":4970,"comment_status":"open","ping_status":"closed","template":"","meta":[],"product_brand":[],"product_cat":[408,410,423],"product_tag":[],"class_list":{"0":"post-4963","1":"product","2":"type-product","3":"status-publish","4":"has-post-thumbnail","6":"product_cat-wiz-pro","7":"product_cat-wiz-pro-bridgebox-bo-chuyen-doi-wiz-pro","8":"product_cat-wiz-pro-rgbtw-bridge-box-i-12-24v","10":"first","11":"instock","12":"shipping-taxable","13":"product-type-simple"},"yoast_head":"<!-- This site is optimized with the Yoast SEO Premium plugin v22.0 (Yoast SEO v22.5) - https:\/\/yoast.com\/wordpress\/plugins\/seo\/ -->\n<title>Wiz Pro RGBTW Bridge Box I 12-24V Signify ch\u00ednh h\u00e3ng gi\u00e1 t\u1ed1t<\/title>\n<meta name=\"description\" content=\"Wiz Pro RGBTW Bridge Box I 12-24V Signify \u0111\u01b0\u1ee3c c\u00f4ng ty c\u1ed5 ph\u1ea7n thi\u1ebft b\u1ecb chi\u1ebfu s\u00e1ng \u00c1nh Sao cung c\u1ea5p t\u1edbi kh\u00e1ch h\u00e0ng: \u01b0u \u0111i\u1ec3m, th\u00f4ng s\u1ed1 k\u1ef9 thu\u1eadt...C\u00f4ng su\u1ea5t (W): 180W\u0110i\u1ec7n \u00e1p v\u00e0o: 12-24VTi\u1ebft di\u1ec7n d\u00e2y d\u1eabn: 1.5 mm2IP:\u00a020Tr\u1ecdng l\u01b0\u1ee3ng: 53\u00a0gramK\u00edch th\u01b0\u1edbc: 88x41.2x28\u00a0mmTu\u1ed5i th\u1ecd: 50.000h\" \/>\n<meta name=\"robots\" content=\"index, follow, max-snippet:-1, max-image-preview:large, max-video-preview:-1\" \/>\n<link rel=\"canonical\" href=\"https:\/\/aslighting.com.vn\/en\/product\/wiz-pro-rgbtw-bridge-box-i-12-24v\/\" \/>\n<meta property=\"og:locale\" content=\"en_US\" \/>\n<meta property=\"og:type\" content=\"article\" \/>\n<meta property=\"og:title\" content=\"Wiz Pro RGBTW Bridge Box I 12-24V\" \/>\n<meta property=\"og:description\" content=\"Wiz Pro RGBTW Bridge Box I 12-24V Signify \u0111\u01b0\u1ee3c c\u00f4ng ty c\u1ed5 ph\u1ea7n thi\u1ebft b\u1ecb chi\u1ebfu s\u00e1ng \u00c1nh Sao cung c\u1ea5p t\u1edbi kh\u00e1ch h\u00e0ng: \u01b0u \u0111i\u1ec3m, th\u00f4ng s\u1ed1 k\u1ef9 thu\u1eadt...C\u00f4ng su\u1ea5t (W): 180W\u0110i\u1ec7n \u00e1p v\u00e0o: 12-24VTi\u1ebft di\u1ec7n d\u00e2y d\u1eabn: 1.5 mm2IP:\u00a020Tr\u1ecdng l\u01b0\u1ee3ng: 53\u00a0gramK\u00edch th\u01b0\u1edbc: 88x41.2x28\u00a0mmTu\u1ed5i th\u1ecd: 50.000h\" \/>\n<meta property=\"og:url\" content=\"https:\/\/aslighting.com.vn\/en\/product\/wiz-pro-rgbtw-bridge-box-i-12-24v\/\" \/>\n<meta property=\"og:site_name\" content=\"C\u00f4ng Ty C\u1ed5 Ph\u1ea7n Gi\u1ea3i Ph\u00e1p Chi\u1ebfu S\u00e1ng To\u00e0n Di\u1ec7n \u00c1nh Sao\" \/>\n<meta property=\"article:modified_time\" content=\"2023-06-01T10:04:35+00:00\" \/>\n<meta property=\"og:image\" content=\"https:\/\/aslighting.com.vn\/wp-content\/uploads\/2023\/06\/screenshot_1685356492.png\" \/>\n\t<meta property=\"og:image:width\" content=\"820\" \/>\n\t<meta property=\"og:image:height\" content=\"658\" \/>\n\t<meta property=\"og:image:type\" content=\"image\/png\" \/>\n<meta name=\"twitter:card\" content=\"summary_large_image\" \/>\n<meta name=\"twitter:label1\" content=\"Est. reading time\" \/>\n\t<meta name=\"twitter:data1\" content=\"4 minutes\" \/>\n<script type=\"application\/ld+json\" class=\"yoast-schema-graph\">{\"@context\":\"https:\/\/schema.org\",\"@graph\":[{\"@type\":\"WebPage\",\"@id\":\"https:\/\/aslighting.com.vn\/san-pham\/wiz-pro-rgbtw-bridge-box-i-12-24v\/\",\"url\":\"https:\/\/aslighting.com.vn\/san-pham\/wiz-pro-rgbtw-bridge-box-i-12-24v\/\",\"name\":\"Wiz Pro RGBTW Bridge Box I 12-24V Signify ch\u00ednh h\u00e3ng gi\u00e1 t\u1ed1t\",\"isPartOf\":{\"@id\":\"https:\/\/aslighting.com.vn\/#website\"},\"primaryImageOfPage\":{\"@id\":\"https:\/\/aslighting.com.vn\/san-pham\/wiz-pro-rgbtw-bridge-box-i-12-24v\/#primaryimage\"},\"image\":{\"@id\":\"https:\/\/aslighting.com.vn\/san-pham\/wiz-pro-rgbtw-bridge-box-i-12-24v\/#primaryimage\"},\"thumbnailUrl\":\"\/wp-content\/uploads\/2023\/06\/screenshot_1685356492.png\",\"datePublished\":\"2023-06-01T10:04:34+00:00\",\"dateModified\":\"2023-06-01T10:04:35+00:00\",\"description\":\"Wiz Pro RGBTW Bridge Box I 12-24V Signify \u0111\u01b0\u1ee3c c\u00f4ng ty c\u1ed5 ph\u1ea7n thi\u1ebft b\u1ecb chi\u1ebfu s\u00e1ng \u00c1nh Sao cung c\u1ea5p t\u1edbi kh\u00e1ch h\u00e0ng: \u01b0u \u0111i\u1ec3m, th\u00f4ng s\u1ed1 k\u1ef9 thu\u1eadt...C\u00f4ng su\u1ea5t (W): 180W\u0110i\u1ec7n \u00e1p v\u00e0o: 12-24VTi\u1ebft di\u1ec7n d\u00e2y d\u1eabn: 1.5 mm2IP:\u00a020Tr\u1ecdng l\u01b0\u1ee3ng: 53\u00a0gramK\u00edch th\u01b0\u1edbc: 88x41.2x28\u00a0mmTu\u1ed5i th\u1ecd: 50.000h\",\"breadcrumb\":{\"@id\":\"https:\/\/aslighting.com.vn\/san-pham\/wiz-pro-rgbtw-bridge-box-i-12-24v\/#breadcrumb\"},\"inLanguage\":\"en-US\",\"potentialAction\":[{\"@type\":\"ReadAction\",\"target\":[\"https:\/\/aslighting.com.vn\/san-pham\/wiz-pro-rgbtw-bridge-box-i-12-24v\/\"]}]},{\"@type\":\"ImageObject\",\"inLanguage\":\"en-US\",\"@id\":\"https:\/\/aslighting.com.vn\/san-pham\/wiz-pro-rgbtw-bridge-box-i-12-24v\/#primaryimage\",\"url\":\"\/wp-content\/uploads\/2023\/06\/screenshot_1685356492.png\",\"contentUrl\":\"\/wp-content\/uploads\/2023\/06\/screenshot_1685356492.png\",\"width\":820,\"height\":658},{\"@type\":\"BreadcrumbList\",\"@id\":\"https:\/\/aslighting.com.vn\/san-pham\/wiz-pro-rgbtw-bridge-box-i-12-24v\/#breadcrumb\",\"itemListElement\":[{\"@type\":\"ListItem\",\"position\":1,\"name\":\"Trang ch\u1ee7\",\"item\":\"https:\/\/aslighting.com.vn\/vi\/\"},{\"@type\":\"ListItem\",\"position\":2,\"name\":\"S\u1ea3n ph\u1ea9m\",\"item\":\"https:\/\/aslighting.com.vn\/en\/san-pham\/\"},{\"@type\":\"ListItem\",\"position\":3,\"name\":\"Wiz Pro RGBTW Bridge Box I 12-24V\"}]},{\"@type\":\"WebSite\",\"@id\":\"https:\/\/aslighting.com.vn\/#website\",\"url\":\"https:\/\/aslighting.com.vn\/\",\"name\":\"C\u00f4ng Ty C\u1ed5 Ph\u1ea7n Gi\u1ea3i Ph\u00e1p Chi\u1ebfu S\u00e1ng To\u00e0n Di\u1ec7n \u00c1nh Sao\",\"description\":\"\",\"publisher\":{\"@id\":\"https:\/\/aslighting.com.vn\/#organization\"},\"potentialAction\":[{\"@type\":\"SearchAction\",\"target\":{\"@type\":\"EntryPoint\",\"urlTemplate\":\"https:\/\/aslighting.com.vn\/?s={search_term_string}\"},\"query-input\":\"required name=search_term_string\"}],\"inLanguage\":\"en-US\"},{\"@type\":\"Organization\",\"@id\":\"https:\/\/aslighting.com.vn\/#organization\",\"name\":\"C\u00f4ng Ty C\u1ed5 Ph\u1ea7n Gi\u1ea3i Ph\u00e1p Chi\u1ebfu S\u00e1ng To\u00e0n Di\u1ec7n \u00c1nh Sao\",\"url\":\"https:\/\/aslighting.com.vn\/\",\"logo\":{\"@type\":\"ImageObject\",\"inLanguage\":\"en-US\",\"@id\":\"https:\/\/aslighting.com.vn\/#\/schema\/logo\/image\/\",\"url\":\"\/wp-content\/uploads\/2022\/10\/logo-ANHSAO.png\",\"contentUrl\":\"\/wp-content\/uploads\/2022\/10\/logo-ANHSAO.png\",\"width\":1091,\"height\":360,\"caption\":\"C\u00f4ng Ty C\u1ed5 Ph\u1ea7n Gi\u1ea3i Ph\u00e1p Chi\u1ebfu S\u00e1ng To\u00e0n Di\u1ec7n \u00c1nh Sao\"},\"image\":{\"@id\":\"https:\/\/aslighting.com.vn\/#\/schema\/logo\/image\/\"}}]}<\/script>\n<!-- \/ Yoast SEO Premium plugin. -->","yoast_head_json":{"title":"Wiz Pro RGBTW Bridge Box I 12-24V Signify ch\u00ednh h\u00e3ng gi\u00e1 t\u1ed1t","description":"Wiz Pro RGBTW Bridge Box I 12-24V Signify \u0111\u01b0\u1ee3c c\u00f4ng ty c\u1ed5 ph\u1ea7n thi\u1ebft b\u1ecb chi\u1ebfu s\u00e1ng \u00c1nh Sao cung c\u1ea5p t\u1edbi kh\u00e1ch h\u00e0ng: \u01b0u \u0111i\u1ec3m, th\u00f4ng s\u1ed1 k\u1ef9 thu\u1eadt...C\u00f4ng su\u1ea5t (W): 180W\u0110i\u1ec7n \u00e1p v\u00e0o: 12-24VTi\u1ebft di\u1ec7n d\u00e2y d\u1eabn: 1.5 mm2IP:\u00a020Tr\u1ecdng l\u01b0\u1ee3ng: 53\u00a0gramK\u00edch th\u01b0\u1edbc: 88x41.2x28\u00a0mmTu\u1ed5i th\u1ecd: 50.000h","robots":{"index":"index","follow":"follow","max-snippet":"max-snippet:-1","max-image-preview":"max-image-preview:large","max-video-preview":"max-video-preview:-1"},"canonical":"https:\/\/aslighting.com.vn\/en\/product\/wiz-pro-rgbtw-bridge-box-i-12-24v\/","og_locale":"en_US","og_type":"article","og_title":"Wiz Pro RGBTW Bridge Box I 12-24V","og_description":"Wiz Pro RGBTW Bridge Box I 12-24V Signify \u0111\u01b0\u1ee3c c\u00f4ng ty c\u1ed5 ph\u1ea7n thi\u1ebft b\u1ecb chi\u1ebfu s\u00e1ng \u00c1nh Sao cung c\u1ea5p t\u1edbi kh\u00e1ch h\u00e0ng: \u01b0u \u0111i\u1ec3m, th\u00f4ng s\u1ed1 k\u1ef9 thu\u1eadt...C\u00f4ng su\u1ea5t (W): 180W\u0110i\u1ec7n \u00e1p v\u00e0o: 12-24VTi\u1ebft di\u1ec7n d\u00e2y d\u1eabn: 1.5 mm2IP:\u00a020Tr\u1ecdng l\u01b0\u1ee3ng: 53\u00a0gramK\u00edch th\u01b0\u1edbc: 88x41.2x28\u00a0mmTu\u1ed5i th\u1ecd: 50.000h","og_url":"https:\/\/aslighting.com.vn\/en\/product\/wiz-pro-rgbtw-bridge-box-i-12-24v\/","og_site_name":"C\u00f4ng Ty C\u1ed5 Ph\u1ea7n Gi\u1ea3i Ph\u00e1p Chi\u1ebfu S\u00e1ng To\u00e0n Di\u1ec7n \u00c1nh Sao","article_modified_time":"2023-06-01T10:04:35+00:00","og_image":[{"width":820,"height":658,"url":"https:\/\/aslighting.com.vn\/wp-content\/uploads\/2023\/06\/screenshot_1685356492.png","type":"image\/png"}],"twitter_card":"summary_large_image","twitter_misc":{"Est. reading time":"4 minutes"},"schema":{"@context":"https:\/\/schema.org","@graph":[{"@type":"WebPage","@id":"https:\/\/aslighting.com.vn\/san-pham\/wiz-pro-rgbtw-bridge-box-i-12-24v\/","url":"https:\/\/aslighting.com.vn\/san-pham\/wiz-pro-rgbtw-bridge-box-i-12-24v\/","name":"Wiz Pro RGBTW Bridge Box I 12-24V Signify ch\u00ednh h\u00e3ng gi\u00e1 t\u1ed1t","isPartOf":{"@id":"https:\/\/aslighting.com.vn\/#website"},"primaryImageOfPage":{"@id":"https:\/\/aslighting.com.vn\/san-pham\/wiz-pro-rgbtw-bridge-box-i-12-24v\/#primaryimage"},"image":{"@id":"https:\/\/aslighting.com.vn\/san-pham\/wiz-pro-rgbtw-bridge-box-i-12-24v\/#primaryimage"},"thumbnailUrl":"\/wp-content\/uploads\/2023\/06\/screenshot_1685356492.png","datePublished":"2023-06-01T10:04:34+00:00","dateModified":"2023-06-01T10:04:35+00:00","description":"Wiz Pro RGBTW Bridge Box I 12-24V Signify \u0111\u01b0\u1ee3c c\u00f4ng ty c\u1ed5 ph\u1ea7n thi\u1ebft b\u1ecb chi\u1ebfu s\u00e1ng \u00c1nh Sao cung c\u1ea5p t\u1edbi kh\u00e1ch h\u00e0ng: \u01b0u \u0111i\u1ec3m, th\u00f4ng s\u1ed1 k\u1ef9 thu\u1eadt...C\u00f4ng su\u1ea5t (W): 180W\u0110i\u1ec7n \u00e1p v\u00e0o: 12-24VTi\u1ebft di\u1ec7n d\u00e2y d\u1eabn: 1.5 mm2IP:\u00a020Tr\u1ecdng l\u01b0\u1ee3ng: 53\u00a0gramK\u00edch th\u01b0\u1edbc: 88x41.2x28\u00a0mmTu\u1ed5i th\u1ecd: 50.000h","breadcrumb":{"@id":"https:\/\/aslighting.com.vn\/san-pham\/wiz-pro-rgbtw-bridge-box-i-12-24v\/#breadcrumb"},"inLanguage":"en-US","potentialAction":[{"@type":"ReadAction","target":["https:\/\/aslighting.com.vn\/san-pham\/wiz-pro-rgbtw-bridge-box-i-12-24v\/"]}]},{"@type":"ImageObject","inLanguage":"en-US","@id":"https:\/\/aslighting.com.vn\/san-pham\/wiz-pro-rgbtw-bridge-box-i-12-24v\/#primaryimage","url":"\/wp-content\/uploads\/2023\/06\/screenshot_1685356492.png","contentUrl":"\/wp-content\/uploads\/2023\/06\/screenshot_1685356492.png","width":820,"height":658},{"@type":"BreadcrumbList","@id":"https:\/\/aslighting.com.vn\/san-pham\/wiz-pro-rgbtw-bridge-box-i-12-24v\/#breadcrumb","itemListElement":[{"@type":"ListItem","position":1,"name":"Trang ch\u1ee7","item":"https:\/\/aslighting.com.vn\/vi\/"},{"@type":"ListItem","position":2,"name":"S\u1ea3n ph\u1ea9m","item":"https:\/\/aslighting.com.vn\/en\/san-pham\/"},{"@type":"ListItem","position":3,"name":"Wiz Pro RGBTW Bridge Box I 12-24V"}]},{"@type":"WebSite","@id":"https:\/\/aslighting.com.vn\/#website","url":"https:\/\/aslighting.com.vn\/","name":"C\u00f4ng Ty C\u1ed5 Ph\u1ea7n Gi\u1ea3i Ph\u00e1p Chi\u1ebfu S\u00e1ng To\u00e0n Di\u1ec7n \u00c1nh Sao","description":"","publisher":{"@id":"https:\/\/aslighting.com.vn\/#organization"},"potentialAction":[{"@type":"SearchAction","target":{"@type":"EntryPoint","urlTemplate":"https:\/\/aslighting.com.vn\/?s={search_term_string}"},"query-input":"required name=search_term_string"}],"inLanguage":"en-US"},{"@type":"Organization","@id":"https:\/\/aslighting.com.vn\/#organization","name":"C\u00f4ng Ty C\u1ed5 Ph\u1ea7n Gi\u1ea3i Ph\u00e1p Chi\u1ebfu S\u00e1ng To\u00e0n Di\u1ec7n \u00c1nh Sao","url":"https:\/\/aslighting.com.vn\/","logo":{"@type":"ImageObject","inLanguage":"en-US","@id":"https:\/\/aslighting.com.vn\/#\/schema\/logo\/image\/","url":"\/wp-content\/uploads\/2022\/10\/logo-ANHSAO.png","contentUrl":"\/wp-content\/uploads\/2022\/10\/logo-ANHSAO.png","width":1091,"height":360,"caption":"C\u00f4ng Ty C\u1ed5 Ph\u1ea7n Gi\u1ea3i Ph\u00e1p Chi\u1ebfu S\u00e1ng To\u00e0n Di\u1ec7n \u00c1nh Sao"},"image":{"@id":"https:\/\/aslighting.com.vn\/#\/schema\/logo\/image\/"}}]}},"_links":{"self":[{"href":"https:\/\/aslighting.com.vn\/en\/wp-json\/wp\/v2\/product\/4963","targetHints":{"allow":["GET"]}}],"collection":[{"href":"https:\/\/aslighting.com.vn\/en\/wp-json\/wp\/v2\/product"}],"about":[{"href":"https:\/\/aslighting.com.vn\/en\/wp-json\/wp\/v2\/types\/product"}],"replies":[{"embeddable":true,"href":"https:\/\/aslighting.com.vn\/en\/wp-json\/wp\/v2\/comments?post=4963"}],"wp:featuredmedia":[{"embeddable":true,"href":"https:\/\/aslighting.com.vn\/en\/wp-json\/wp\/v2\/media\/4970"}],"wp:attachment":[{"href":"https:\/\/aslighting.com.vn\/en\/wp-json\/wp\/v2\/media?parent=4963"}],"wp:term":[{"taxonomy":"product_brand","embeddable":true,"href":"https:\/\/aslighting.com.vn\/en\/wp-json\/wp\/v2\/product_brand?post=4963"},{"taxonomy":"product_cat","embeddable":true,"href":"https:\/\/aslighting.com.vn\/en\/wp-json\/wp\/v2\/product_cat?post=4963"},{"taxonomy":"product_tag","embeddable":true,"href":"https:\/\/aslighting.com.vn\/en\/wp-json\/wp\/v2\/product_tag?post=4963"}],"curies":[{"name":"wp","href":"https:\/\/api.w.org\/{rel}","templated":true}]}}