{"id":1684,"date":"2022-11-26T10:22:11","date_gmt":"2022-11-26T03:22:11","guid":{"rendered":"https:\/\/aslighting.com.vn\/?post_type=product&#038;p=1684"},"modified":"2023-07-18T16:17:43","modified_gmt":"2023-07-18T09:17:43","slug":"den-led-downlight-am-tran-sieu-mong-ledgoes","status":"publish","type":"product","link":"https:\/\/aslighting.com.vn\/ja\/product\/den-led-downlight-am-tran-sieu-mong-ledgoes\/","title":{"rendered":"\u0110\u00c8N LED DOWNLIGHT \u00c2M TR\u1ea6N SI\u00caU M\u1eceNG LEDGOES"},"content":{"rendered":"<p><span style=\"font-weight: 400;\"><a href=\"https:\/\/aslighting.com.vn\/ja\/product\/den-led-downlight-am-tran-sieu-mong-ledgoes\/\"><span style=\"color: #000098;\"><strong>\u0110\u00e8n Led Downlight \u00e2m tr\u1ea7n si\u00eau m\u1ecfng<\/strong><\/span><\/a> c\u1ee7a h\u00e3ng Ledgoes l\u00e0 d\u00f2ng s\u1ea3n ph\u1ea9m \u0111\u00e8n \u00e2m tr\u1ea7n v\u1edbi m\u1ee9c gi\u00e1 t\u1ed1t m\u00e0 ch\u1ea5t l\u01b0\u1ee3ng t\u1ed1t. \u0110\u00e2y l\u00e0 s\u1ea3n ph\u1ea9m \u0111\u01b0\u1ee3c nhi\u1ec1u ng\u01b0\u1eddi tin t\u01b0\u1edfng l\u1ef1a ch\u1ecdn. H\u00e3y c\u00f9ng theo d\u00f5i chi ti\u1ebft s\u1ea3n ph\u1ea9m Downlight n\u00e0y nh\u00e9.<\/span><\/p>\n<p><a href=\"https:\/\/aslighting.com.vn\/wp-content\/uploads\/2022\/11\/1-2-2.png\"><img fetchpriority=\"high\" decoding=\"async\" class=\"aligncenter wp-image-4553\" src=\"https:\/\/aslighting.com.vn\/wp-content\/uploads\/2022\/11\/1-2-2.png\" alt=\"\" width=\"500\" height=\"500\" srcset=\"\/wp-content\/uploads\/2022\/11\/1-2-2.png 900w, \/wp-content\/uploads\/2022\/11\/1-2-2-300x300.png 300w, \/wp-content\/uploads\/2022\/11\/1-2-2-150x150.png 150w, \/wp-content\/uploads\/2022\/11\/1-2-2-768x768.png 768w, \/wp-content\/uploads\/2022\/11\/1-2-2-12x12.png 12w, \/wp-content\/uploads\/2022\/11\/1-2-2-600x600.png 600w, \/wp-content\/uploads\/2022\/11\/1-2-2-100x100.png 100w\" sizes=\"(max-width: 500px) 100vw, 500px\" \/><\/a><\/p>\n<p style=\"text-align: center;\"><span style=\"font-size: 10pt;\"><em>\u0110\u00e8n Led Downlight \u00e2m tr\u1ea7n si\u00eau m\u1ecfng c\u1ee7a h\u00e3ng Ledgoes \u0111\u01b0\u1ee3c \u00c1nh Sao ph\u00e2n ph\u1ed1i ch\u00ednh h\u00e3ng<\/em><\/span><\/p>\n<h2><span style=\"color: #000080;\"><strong>I\/ \u0110\u1eb7c \u0111i\u1ec3m c\u1ee7a \u0111\u00e8n Downlight \u00e2m tr\u1ea7n si\u00eau m\u1ecfng Ledgoes\u00a0<\/strong><\/span><\/h2>\n<h3><span style=\"color: #ff6600;\"><strong>1. Thi\u1ebft k\u1ebf<\/strong><\/span><\/h3>\n<ul>\n<li><span style=\"font-weight: 400;\">S\u1ea3n ph\u1ea9m c\u00f3 thi\u1ebft k\u1ebf nh\u1ecf g\u1ecdn, l\u1eafp \u0111\u1eb7t d\u1ec5 d\u00e0ng, \u0111\u1ea3m b\u1ea3o t\u00ednh th\u1ea9m m\u1ef9 trong l\u1eafp cho nhi\u1ec1u kh\u00f4ng gian kh\u00e1c nhau.\u00a0<\/span><\/li>\n<li><span style=\"font-weight: 400;\">\u0110\u00e8n Downlight \u00e2m tr\u1ea7n si\u00eau m\u1ecfng \u0111\u00e3 t\u00edch h\u1ee3p bi\u1ebfn th\u1ebf AC-DC trong b\u00f3ng, ti\u1ebft ki\u1ec7m \u0111i\u1ec7n, c\u00f3 t\u00ednh th\u1ea9m m\u1ef9 cao.\u00a0<\/span><\/li>\n<li><span style=\"font-weight: 400;\">\u0110\u00e8n \u0111\u01b0\u1ee3c thi\u1ebft k\u1ebf theo c\u00f4ng ngh\u1ec7 Led hi\u1ec7n \u0111\u1ea1i, hi\u1ec7u su\u1ea5t cao v\u00e0 th\u00e2n thi\u1ec7n v\u1edbi m\u00f4i tr\u01b0\u1eddng, an to\u00e0n cho ng\u01b0\u1eddi s\u1eed d\u1ee5ng.\u00a0<\/span><\/li>\n<li><span style=\"font-weight: 400;\">\u0110\u00e8n s\u1eed d\u1ee5ng c\u00f4ng ngh\u1ec7 ti\u00ean ti\u1ebfn, nhi\u1ec7t \u0111\u1ed9 m\u00e0u chu\u1ea9n, \u0111\u1ea3m b\u1ea3o kh\u00f4ng ch\u00f3i m\u1eaft trong qu\u00e1 tr\u00ecnh s\u1eed d\u1ee5ng.\u00a0<\/span><\/li>\n<\/ul>\n<h3><span style=\"color: #ff6600;\"><strong>2. \u01afu \u0111i\u1ec3m n\u1ed5i b\u1eadt<\/strong><\/span><\/h3>\n<ul>\n<li><span style=\"font-weight: 400;\">\u0110\u00e8n Led Downlight si\u00eau m\u1ecfng c\u1ee7a Ledgoes c\u00f3 c\u00f4ng su\u1ea5t 6,5W\/ 9W\/ 12W\/ 18W ti\u1ebft ki\u1ec7m l\u00ean t\u1edbi 80% n\u0103ng l\u01b0\u1ee3ng s\u1eed d\u1ee5ng.<\/span><\/li>\n<li><span style=\"font-weight: 400;\">Tu\u1ed5i th\u1ecd c\u1ee7a \u0111\u00e8n 20.000 gi\u1edd nh\u1edd s\u1edf h\u1eefu quang th\u00f4ng 480Lm\/ 760Lm\/ 1000Lm\/ 1600Lm.<\/span><\/li>\n<li><span style=\"font-weight: 400;\">\u0110\u00e8n Downlight si\u00eau m\u1ecfng Ledgoes \u0111\u1ea1t ti\u00eau chu\u1ea9n ch\u1ec9 s\u1ed1 CRI&gt;80. \u0110\u00e2y l\u00e0 ch\u1ec9 s\u1ed1 ho\u00e0n m\u00e0u \u1edf m\u1ee9c cao v\u00e0 \u00e1nh s\u00e1ng chi\u1ebfu tr\u00ean v\u1eadt th\u1ec3 c\u00f3 m\u00e0u s\u1eafc trung th\u1ef1c nh\u1ea5t.<\/span><\/li>\n<li><span style=\"font-weight: 400;\">\u0110\u00e8n \u0111\u01b0\u1ee3c thi\u1ebft k\u1ebf v\u1edbi l\u1ed7 kho\u00e9t 100mm\/ 120mm\/ 155mm\/ 205mm \u0111\u1ea3m b\u1ea3o an to\u00e0n cho m\u1eaft trong qu\u00e1 tr\u00ecnh b\u1edfi kh\u00f4ng c\u00f3 tia tia UV, IR v\u00e0 Hg.<\/span><\/li>\n<\/ul>\n<h3><span style=\"color: #ff6600;\"><strong>3. Th\u00f4ng s\u1ed1 k\u1ef9 thu\u1eadt<\/strong><\/span><\/h3>\n<table style=\"width: 99.5992%;\" width=\"550\">\n<tbody>\n<tr>\n<td style=\"width: 30.2536%; text-align: center;\"><strong>C\u00f4ng su\u1ea5t<\/strong><\/td>\n<td style=\"width: 16.8478%; text-align: center;\">6W<\/td>\n<td style=\"width: 16.8478%; text-align: center;\">9W<\/td>\n<td style=\"width: 16.8478%; text-align: center;\">12W<\/td>\n<td style=\"width: 107.79%; text-align: center;\">18W<\/td>\n<\/tr>\n<tr>\n<td style=\"width: 30.2536%; text-align: center;\"><strong>Quang th\u00f4ng<\/strong><\/td>\n<td style=\"width: 16.8478%; text-align: center;\">480lm<\/td>\n<td style=\"width: 16.8478%; text-align: center;\">760lm<\/td>\n<td style=\"width: 16.8478%; text-align: center;\">1000lm<\/td>\n<td style=\"width: 107.79%; text-align: center;\">1600lm<\/td>\n<\/tr>\n<tr>\n<td style=\"width: 30.2536%; text-align: center;\"><strong>\u0110\u01b0\u1eddng k\u00ednh<\/strong><\/td>\n<td style=\"width: 16.8478%; text-align: center;\">120mm<\/td>\n<td style=\"width: 16.8478%; text-align: center;\">135mm<\/td>\n<td style=\"width: 16.8478%; text-align: center;\">170mm<\/td>\n<td style=\"width: 107.79%; text-align: center;\">220mm<\/td>\n<\/tr>\n<tr>\n<td style=\"width: 30.2536%; text-align: center;\"><strong>L\u1ed7 kho\u00e9t<\/strong><\/td>\n<td style=\"width: 16.8478%; text-align: center;\">100mm<\/td>\n<td style=\"width: 16.8478%; text-align: center;\">120mm<\/td>\n<td style=\"width: 16.8478%; text-align: center;\">155mm<\/td>\n<td style=\"width: 107.79%; text-align: center;\">205mm<\/td>\n<\/tr>\n<\/tbody>\n<\/table>\n<h2><span style=\"color: #000080;\"><strong>II\/ \u1ee8ng d\u1ee5ng c\u1ee7a \u0111\u00e8n Downlight \u00e2m tr\u1ea7n si\u00eau m\u1ecfng Ledgoes<\/strong><\/span><\/h2>\n<p><span style=\"font-weight: 400;\">D\u00f2ng s\u1ea3n ph\u1ea9m \u00e2m tr\u1ea7n si\u00eau m\u1ecfng c\u1ee7a th\u01b0\u01a1ng hi\u1ec7u <a href=\"https:\/\/aslighting.com.vn\/ja\/product-category\/ledgoes\/\"><span style=\"color: #000098;\"><strong>\u0111\u00e8n Ledgoes<\/strong><\/span><\/a> \u0111\u01b0\u1ee3c thi\u1ebft k\u1ebf d\u00e2n d\u1ee5ng, ph\u1ed5 bi\u1ebfn cho nhi\u1ec1u kh\u00f4ng gian kh\u00e1c nhau. S\u1ea3n ph\u1ea9m \u0111\u01b0\u1ee3c \u1ee9ng d\u1ee5ng d\u00f9ng \u00e2m tr\u1ea7n cho c\u00e1c kh\u00f4ng gian ph\u00f2ng kh\u00e1ch, ph\u00f2ng l\u00e0m vi\u1ec7c, v\u0103n ph\u00f2ng, s\u1ea3nh b\u1ec7nh vi\u1ec7n, s\u1ea3nh s\u00e2n bay\u2026.<\/span><\/p>\n<p><a href=\"https:\/\/aslighting.com.vn\/wp-content\/uploads\/2022\/11\/img__20-1-scaled.jpg\"><img decoding=\"async\" class=\"aligncenter wp-image-4554 lazyload\" data-src=\"https:\/\/aslighting.com.vn\/wp-content\/uploads\/2022\/11\/img__20-1-scaled.jpg\" alt=\"\" width=\"600\" height=\"450\" data-srcset=\"\/wp-content\/uploads\/2022\/11\/img__20-1-scaled.jpg 1000w, \/wp-content\/uploads\/2022\/11\/img__20-1-300x225.jpg 300w, \/wp-content\/uploads\/2022\/11\/img__20-1-1024x768.jpg 1024w, \/wp-content\/uploads\/2022\/11\/img__20-1-768x576.jpg 768w, \/wp-content\/uploads\/2022\/11\/img__20-1-1536x1152.jpg 1536w, \/wp-content\/uploads\/2022\/11\/img__20-1-2048x1536.jpg 2048w, \/wp-content\/uploads\/2022\/11\/img__20-1-16x12.jpg 16w, \/wp-content\/uploads\/2022\/11\/img__20-1-600x450.jpg 600w\" data-sizes=\"(max-width: 600px) 100vw, 600px\" src=\"data:image\/svg+xml;base64,PHN2ZyB3aWR0aD0iMSIgaGVpZ2h0PSIxIiB4bWxucz0iaHR0cDovL3d3dy53My5vcmcvMjAwMC9zdmciPjwvc3ZnPg==\" style=\"--smush-placeholder-width: 600px; --smush-placeholder-aspect-ratio: 600\/450;\" \/><\/a><\/p>","protected":false},"excerpt":{"rendered":"<p><strong>C\u00f4ng su\u1ea5t: <\/strong>6W, 9W, 12W, 18W<\/p>\n<p><b>Nhi\u1ec7t \u0111\u1ed9 m\u00e0u: <\/b>3000K, 4000K, 6500K<\/p>\n<p><strong>\u0110i\u1ec7n \u00e1p:<\/strong> 220-240V<\/p>\n<p><strong>G\u00f3c chi\u1ebfu: <\/strong>120<sup>o<\/sup><\/p>\n<p><strong>IP: <\/strong>20<\/p>\n<p><strong>CRI: <\/strong>&gt;80<\/p>\n<p><strong>DIM:<\/strong> ON\/OFF<\/p>\n<p><strong>K\u00edch th\u01b0\u1edbc:<\/strong> 8mm x 120mm, 8mm x 145mm, 8mm x 170mm, 8mm x 220mm<\/p>\n<p><strong>L\u1ed7 kho\u00e9t:<\/strong> 100mm, 120mm, 155mm, 205mm<\/p>\n<p><strong>Tu\u1ed5i th\u1ecd:<\/strong> 25.000 gi\u1edd<\/p>\n<p><strong>B\u1ea3o h\u00e0nh:<\/strong> 24 th\u00e1ng<\/p>","protected":false},"featured_media":3654,"comment_status":"open","ping_status":"closed","template":"","meta":[],"product_brand":[],"product_cat":[174,181,173],"product_tag":[],"class_list":{"0":"post-1684","1":"product","2":"type-product","3":"status-publish","4":"has-post-thumbnail","6":"product_cat-den-led-downlight-ledgoes","7":"product_cat-den-led-downlight-am-tran-sieu-mong-ledgoes","8":"product_cat-ledgoes","10":"first","11":"instock","12":"shipping-taxable","13":"product-type-simple"},"yoast_head":"<!-- This site is optimized with the Yoast SEO Premium plugin v22.0 (Yoast SEO v22.5) - https:\/\/yoast.com\/wordpress\/plugins\/seo\/ -->\n<title>\u0110\u00e8n Led Downlight \u00e2m tr\u1ea7n si\u00eau m\u1ecfng Ledgoes ch\u00ednh h\u00e3ng gi\u00e1 t\u1ed1t<\/title>\n<meta name=\"description\" content=\"\u0110\u00e8n Led Downlight \u00e2m tr\u1ea7n si\u00eau m\u1ecfng Ledgoes \u0111\u01b0\u1ee3c c\u00f4ng ty c\u1ed5 ph\u1ea7n thi\u1ebft b\u1ecb chi\u1ebfu s\u00e1ng \u00c1nh Sao cung c\u1ea5p t\u1edbi kh\u00e1ch h\u00e0ng: m\u00e3 ean, th\u00f4ng s\u1ed1 k\u1ef9 thu\u1eadt, \u0111\u1ed9 r\u1ecdi...\" \/>\n<meta name=\"robots\" content=\"index, follow, max-snippet:-1, max-image-preview:large, max-video-preview:-1\" \/>\n<link rel=\"canonical\" href=\"https:\/\/aslighting.com.vn\/ja\/product\/den-led-downlight-am-tran-sieu-mong-ledgoes\/\" \/>\n<meta property=\"og:locale\" content=\"ja_JP\" \/>\n<meta property=\"og:type\" content=\"article\" \/>\n<meta property=\"og:title\" content=\"\u0110\u00c8N LED DOWNLIGHT \u00c2M TR\u1ea6N SI\u00caU M\u1eceNG LEDGOES\" \/>\n<meta property=\"og:description\" content=\"\u0110\u00e8n Led Downlight \u00e2m tr\u1ea7n si\u00eau m\u1ecfng Ledgoes \u0111\u01b0\u1ee3c c\u00f4ng ty c\u1ed5 ph\u1ea7n thi\u1ebft b\u1ecb chi\u1ebfu s\u00e1ng \u00c1nh Sao cung c\u1ea5p t\u1edbi kh\u00e1ch h\u00e0ng: m\u00e3 ean, th\u00f4ng s\u1ed1 k\u1ef9 thu\u1eadt, \u0111\u1ed9 r\u1ecdi...\" \/>\n<meta property=\"og:url\" content=\"https:\/\/aslighting.com.vn\/ja\/product\/den-led-downlight-am-tran-sieu-mong-ledgoes\/\" \/>\n<meta property=\"og:site_name\" content=\"C\u00f4ng Ty C\u1ed5 Ph\u1ea7n Gi\u1ea3i Ph\u00e1p Chi\u1ebfu S\u00e1ng To\u00e0n Di\u1ec7n \u00c1nh Sao\" \/>\n<meta property=\"article:modified_time\" content=\"2023-07-18T09:17:43+00:00\" \/>\n<meta property=\"og:image\" content=\"https:\/\/aslighting.com.vn\/wp-content\/uploads\/2022\/11\/1-2-1.png\" \/>\n\t<meta property=\"og:image:width\" content=\"900\" \/>\n\t<meta property=\"og:image:height\" content=\"780\" \/>\n\t<meta property=\"og:image:type\" content=\"image\/png\" \/>\n<meta name=\"twitter:card\" content=\"summary_large_image\" \/>\n<meta name=\"twitter:label1\" content=\"\u63a8\u5b9a\u8aad\u307f\u53d6\u308a\u6642\u9593\" \/>\n\t<meta name=\"twitter:data1\" content=\"3\u5206\" \/>\n<script type=\"application\/ld+json\" class=\"yoast-schema-graph\">{\"@context\":\"https:\/\/schema.org\",\"@graph\":[{\"@type\":\"WebPage\",\"@id\":\"https:\/\/aslighting.com.vn\/san-pham\/den-led-downlight-am-tran-sieu-mong-ledgoes\/\",\"url\":\"https:\/\/aslighting.com.vn\/san-pham\/den-led-downlight-am-tran-sieu-mong-ledgoes\/\",\"name\":\"\u0110\u00e8n Led Downlight \u00e2m tr\u1ea7n si\u00eau m\u1ecfng Ledgoes ch\u00ednh h\u00e3ng gi\u00e1 t\u1ed1t\",\"isPartOf\":{\"@id\":\"https:\/\/aslighting.com.vn\/#website\"},\"primaryImageOfPage\":{\"@id\":\"https:\/\/aslighting.com.vn\/san-pham\/den-led-downlight-am-tran-sieu-mong-ledgoes\/#primaryimage\"},\"image\":{\"@id\":\"https:\/\/aslighting.com.vn\/san-pham\/den-led-downlight-am-tran-sieu-mong-ledgoes\/#primaryimage\"},\"thumbnailUrl\":\"\/wp-content\/uploads\/2022\/11\/1-2-1.png\",\"datePublished\":\"2022-11-26T03:22:11+00:00\",\"dateModified\":\"2023-07-18T09:17:43+00:00\",\"description\":\"\u0110\u00e8n Led Downlight \u00e2m tr\u1ea7n si\u00eau m\u1ecfng Ledgoes \u0111\u01b0\u1ee3c c\u00f4ng ty c\u1ed5 ph\u1ea7n thi\u1ebft b\u1ecb chi\u1ebfu s\u00e1ng \u00c1nh Sao cung c\u1ea5p t\u1edbi kh\u00e1ch h\u00e0ng: m\u00e3 ean, th\u00f4ng s\u1ed1 k\u1ef9 thu\u1eadt, \u0111\u1ed9 r\u1ecdi...\",\"breadcrumb\":{\"@id\":\"https:\/\/aslighting.com.vn\/san-pham\/den-led-downlight-am-tran-sieu-mong-ledgoes\/#breadcrumb\"},\"inLanguage\":\"ja\",\"potentialAction\":[{\"@type\":\"ReadAction\",\"target\":[\"https:\/\/aslighting.com.vn\/san-pham\/den-led-downlight-am-tran-sieu-mong-ledgoes\/\"]}]},{\"@type\":\"ImageObject\",\"inLanguage\":\"ja\",\"@id\":\"https:\/\/aslighting.com.vn\/san-pham\/den-led-downlight-am-tran-sieu-mong-ledgoes\/#primaryimage\",\"url\":\"\/wp-content\/uploads\/2022\/11\/1-2-1.png\",\"contentUrl\":\"\/wp-content\/uploads\/2022\/11\/1-2-1.png\",\"width\":900,\"height\":780},{\"@type\":\"BreadcrumbList\",\"@id\":\"https:\/\/aslighting.com.vn\/san-pham\/den-led-downlight-am-tran-sieu-mong-ledgoes\/#breadcrumb\",\"itemListElement\":[{\"@type\":\"ListItem\",\"position\":1,\"name\":\"Trang ch\u1ee7\",\"item\":\"https:\/\/aslighting.com.vn\/vi\/\"},{\"@type\":\"ListItem\",\"position\":2,\"name\":\"S\u1ea3n ph\u1ea9m\",\"item\":\"https:\/\/aslighting.com.vn\/en\/san-pham\/\"},{\"@type\":\"ListItem\",\"position\":3,\"name\":\"\u0110\u00c8N LED DOWNLIGHT \u00c2M TR\u1ea6N SI\u00caU M\u1eceNG LEDGOES\"}]},{\"@type\":\"WebSite\",\"@id\":\"https:\/\/aslighting.com.vn\/#website\",\"url\":\"https:\/\/aslighting.com.vn\/\",\"name\":\"C\u00f4ng Ty C\u1ed5 Ph\u1ea7n Gi\u1ea3i Ph\u00e1p Chi\u1ebfu S\u00e1ng To\u00e0n Di\u1ec7n \u00c1nh Sao\",\"description\":\"\",\"publisher\":{\"@id\":\"https:\/\/aslighting.com.vn\/#organization\"},\"potentialAction\":[{\"@type\":\"SearchAction\",\"target\":{\"@type\":\"EntryPoint\",\"urlTemplate\":\"https:\/\/aslighting.com.vn\/?s={search_term_string}\"},\"query-input\":\"required name=search_term_string\"}],\"inLanguage\":\"ja\"},{\"@type\":\"Organization\",\"@id\":\"https:\/\/aslighting.com.vn\/#organization\",\"name\":\"C\u00f4ng Ty C\u1ed5 Ph\u1ea7n Gi\u1ea3i Ph\u00e1p Chi\u1ebfu S\u00e1ng To\u00e0n Di\u1ec7n \u00c1nh Sao\",\"url\":\"https:\/\/aslighting.com.vn\/\",\"logo\":{\"@type\":\"ImageObject\",\"inLanguage\":\"ja\",\"@id\":\"https:\/\/aslighting.com.vn\/#\/schema\/logo\/image\/\",\"url\":\"\/wp-content\/uploads\/2022\/10\/logo-ANHSAO.png\",\"contentUrl\":\"\/wp-content\/uploads\/2022\/10\/logo-ANHSAO.png\",\"width\":1091,\"height\":360,\"caption\":\"C\u00f4ng Ty C\u1ed5 Ph\u1ea7n Gi\u1ea3i Ph\u00e1p Chi\u1ebfu S\u00e1ng To\u00e0n Di\u1ec7n \u00c1nh Sao\"},\"image\":{\"@id\":\"https:\/\/aslighting.com.vn\/#\/schema\/logo\/image\/\"}}]}<\/script>\n<!-- \/ Yoast SEO Premium plugin. -->","yoast_head_json":{"title":"\u0110\u00e8n Led Downlight \u00e2m tr\u1ea7n si\u00eau m\u1ecfng Ledgoes ch\u00ednh h\u00e3ng gi\u00e1 t\u1ed1t","description":"\u0110\u00e8n Led Downlight \u00e2m tr\u1ea7n si\u00eau m\u1ecfng Ledgoes \u0111\u01b0\u1ee3c c\u00f4ng ty c\u1ed5 ph\u1ea7n thi\u1ebft b\u1ecb chi\u1ebfu s\u00e1ng \u00c1nh Sao cung c\u1ea5p t\u1edbi kh\u00e1ch h\u00e0ng: m\u00e3 ean, th\u00f4ng s\u1ed1 k\u1ef9 thu\u1eadt, \u0111\u1ed9 r\u1ecdi...","robots":{"index":"index","follow":"follow","max-snippet":"max-snippet:-1","max-image-preview":"max-image-preview:large","max-video-preview":"max-video-preview:-1"},"canonical":"https:\/\/aslighting.com.vn\/ja\/product\/den-led-downlight-am-tran-sieu-mong-ledgoes\/","og_locale":"ja_JP","og_type":"article","og_title":"\u0110\u00c8N LED DOWNLIGHT \u00c2M TR\u1ea6N SI\u00caU M\u1eceNG LEDGOES","og_description":"\u0110\u00e8n Led Downlight \u00e2m tr\u1ea7n si\u00eau m\u1ecfng Ledgoes \u0111\u01b0\u1ee3c c\u00f4ng ty c\u1ed5 ph\u1ea7n thi\u1ebft b\u1ecb chi\u1ebfu s\u00e1ng \u00c1nh Sao cung c\u1ea5p t\u1edbi kh\u00e1ch h\u00e0ng: m\u00e3 ean, th\u00f4ng s\u1ed1 k\u1ef9 thu\u1eadt, \u0111\u1ed9 r\u1ecdi...","og_url":"https:\/\/aslighting.com.vn\/ja\/product\/den-led-downlight-am-tran-sieu-mong-ledgoes\/","og_site_name":"C\u00f4ng Ty C\u1ed5 Ph\u1ea7n Gi\u1ea3i Ph\u00e1p Chi\u1ebfu S\u00e1ng To\u00e0n Di\u1ec7n \u00c1nh Sao","article_modified_time":"2023-07-18T09:17:43+00:00","og_image":[{"width":900,"height":780,"url":"https:\/\/aslighting.com.vn\/wp-content\/uploads\/2022\/11\/1-2-1.png","type":"image\/png"}],"twitter_card":"summary_large_image","twitter_misc":{"\u63a8\u5b9a\u8aad\u307f\u53d6\u308a\u6642\u9593":"3\u5206"},"schema":{"@context":"https:\/\/schema.org","@graph":[{"@type":"WebPage","@id":"https:\/\/aslighting.com.vn\/san-pham\/den-led-downlight-am-tran-sieu-mong-ledgoes\/","url":"https:\/\/aslighting.com.vn\/san-pham\/den-led-downlight-am-tran-sieu-mong-ledgoes\/","name":"\u0110\u00e8n Led Downlight \u00e2m tr\u1ea7n si\u00eau m\u1ecfng Ledgoes ch\u00ednh h\u00e3ng gi\u00e1 t\u1ed1t","isPartOf":{"@id":"https:\/\/aslighting.com.vn\/#website"},"primaryImageOfPage":{"@id":"https:\/\/aslighting.com.vn\/san-pham\/den-led-downlight-am-tran-sieu-mong-ledgoes\/#primaryimage"},"image":{"@id":"https:\/\/aslighting.com.vn\/san-pham\/den-led-downlight-am-tran-sieu-mong-ledgoes\/#primaryimage"},"thumbnailUrl":"\/wp-content\/uploads\/2022\/11\/1-2-1.png","datePublished":"2022-11-26T03:22:11+00:00","dateModified":"2023-07-18T09:17:43+00:00","description":"\u0110\u00e8n Led Downlight \u00e2m tr\u1ea7n si\u00eau m\u1ecfng Ledgoes \u0111\u01b0\u1ee3c c\u00f4ng ty c\u1ed5 ph\u1ea7n thi\u1ebft b\u1ecb chi\u1ebfu s\u00e1ng \u00c1nh Sao cung c\u1ea5p t\u1edbi kh\u00e1ch h\u00e0ng: m\u00e3 ean, th\u00f4ng s\u1ed1 k\u1ef9 thu\u1eadt, \u0111\u1ed9 r\u1ecdi...","breadcrumb":{"@id":"https:\/\/aslighting.com.vn\/san-pham\/den-led-downlight-am-tran-sieu-mong-ledgoes\/#breadcrumb"},"inLanguage":"ja","potentialAction":[{"@type":"ReadAction","target":["https:\/\/aslighting.com.vn\/san-pham\/den-led-downlight-am-tran-sieu-mong-ledgoes\/"]}]},{"@type":"ImageObject","inLanguage":"ja","@id":"https:\/\/aslighting.com.vn\/san-pham\/den-led-downlight-am-tran-sieu-mong-ledgoes\/#primaryimage","url":"\/wp-content\/uploads\/2022\/11\/1-2-1.png","contentUrl":"\/wp-content\/uploads\/2022\/11\/1-2-1.png","width":900,"height":780},{"@type":"BreadcrumbList","@id":"https:\/\/aslighting.com.vn\/san-pham\/den-led-downlight-am-tran-sieu-mong-ledgoes\/#breadcrumb","itemListElement":[{"@type":"ListItem","position":1,"name":"Trang ch\u1ee7","item":"https:\/\/aslighting.com.vn\/vi\/"},{"@type":"ListItem","position":2,"name":"S\u1ea3n ph\u1ea9m","item":"https:\/\/aslighting.com.vn\/en\/san-pham\/"},{"@type":"ListItem","position":3,"name":"\u0110\u00c8N LED DOWNLIGHT \u00c2M TR\u1ea6N SI\u00caU M\u1eceNG LEDGOES"}]},{"@type":"WebSite","@id":"https:\/\/aslighting.com.vn\/#website","url":"https:\/\/aslighting.com.vn\/","name":"C\u00f4ng Ty C\u1ed5 Ph\u1ea7n Gi\u1ea3i Ph\u00e1p Chi\u1ebfu S\u00e1ng To\u00e0n Di\u1ec7n \u00c1nh Sao","description":"","publisher":{"@id":"https:\/\/aslighting.com.vn\/#organization"},"potentialAction":[{"@type":"SearchAction","target":{"@type":"EntryPoint","urlTemplate":"https:\/\/aslighting.com.vn\/?s={search_term_string}"},"query-input":"required name=search_term_string"}],"inLanguage":"ja"},{"@type":"Organization","@id":"https:\/\/aslighting.com.vn\/#organization","name":"C\u00f4ng Ty C\u1ed5 Ph\u1ea7n Gi\u1ea3i Ph\u00e1p Chi\u1ebfu S\u00e1ng To\u00e0n Di\u1ec7n \u00c1nh Sao","url":"https:\/\/aslighting.com.vn\/","logo":{"@type":"ImageObject","inLanguage":"ja","@id":"https:\/\/aslighting.com.vn\/#\/schema\/logo\/image\/","url":"\/wp-content\/uploads\/2022\/10\/logo-ANHSAO.png","contentUrl":"\/wp-content\/uploads\/2022\/10\/logo-ANHSAO.png","width":1091,"height":360,"caption":"C\u00f4ng Ty C\u1ed5 Ph\u1ea7n Gi\u1ea3i Ph\u00e1p Chi\u1ebfu S\u00e1ng To\u00e0n Di\u1ec7n \u00c1nh Sao"},"image":{"@id":"https:\/\/aslighting.com.vn\/#\/schema\/logo\/image\/"}}]}},"_links":{"self":[{"href":"https:\/\/aslighting.com.vn\/ja\/wp-json\/wp\/v2\/product\/1684","targetHints":{"allow":["GET"]}}],"collection":[{"href":"https:\/\/aslighting.com.vn\/ja\/wp-json\/wp\/v2\/product"}],"about":[{"href":"https:\/\/aslighting.com.vn\/ja\/wp-json\/wp\/v2\/types\/product"}],"replies":[{"embeddable":true,"href":"https:\/\/aslighting.com.vn\/ja\/wp-json\/wp\/v2\/comments?post=1684"}],"wp:featuredmedia":[{"embeddable":true,"href":"https:\/\/aslighting.com.vn\/ja\/wp-json\/wp\/v2\/media\/3654"}],"wp:attachment":[{"href":"https:\/\/aslighting.com.vn\/ja\/wp-json\/wp\/v2\/media?parent=1684"}],"wp:term":[{"taxonomy":"product_brand","embeddable":true,"href":"https:\/\/aslighting.com.vn\/ja\/wp-json\/wp\/v2\/product_brand?post=1684"},{"taxonomy":"product_cat","embeddable":true,"href":"https:\/\/aslighting.com.vn\/ja\/wp-json\/wp\/v2\/product_cat?post=1684"},{"taxonomy":"product_tag","embeddable":true,"href":"https:\/\/aslighting.com.vn\/ja\/wp-json\/wp\/v2\/product_tag?post=1684"}],"curies":[{"name":"wp","href":"https:\/\/api.w.org\/{rel}","templated":true}]}}