{"id":2113,"date":"2022-11-28T16:38:49","date_gmt":"2022-11-28T09:38:49","guid":{"rendered":"https:\/\/aslighting.com.vn\/?post_type=product&#038;p=2113"},"modified":"2023-06-09T17:25:56","modified_gmt":"2023-06-09T10:25:56","slug":"phich-cam-gan-noi-252-mennekes","status":"publish","type":"product","link":"https:\/\/aslighting.com.vn\/ja\/product\/phich-cam-gan-noi-252-mennekes\/","title":{"rendered":"PH\u00cdCH C\u1eaeM G\u1eaeN N\u1ed4I 252 MENNEKES"},"content":{"rendered":"<p style=\"text-align: justify;\"><span style=\"font-weight: 400;\"><strong>Ph\u00edch c\u1eafm g\u1eafn n\u1ed5i 252 Mennekes<\/strong> \u0111\u01b0\u1ee3c s\u1eed d\u1ee5ng trong c\u00e1c ng\u00e0nh c\u00f4ng nghi\u1ec7p v\u1edbi nhi\u1ec1u t\u00ednh n\u0103ng \u01b0u vi\u1ec7t h\u00e0ng \u0111\u1ea7u khi s\u1eed d\u1ee5ng. H\u00e3y c\u00f9ng t\u00ecm hi\u1ec3u chi ti\u1ebft v\u1ec1 d\u00f2ng s\u1ea3n ph\u1ea9m n\u00e0y ngay sau \u0111\u00e2y.\u00a0<\/span><\/p>\n<p><a href=\"https:\/\/aslighting.com.vn\/wp-content\/uploads\/2022\/11\/20210922164901_15.png\"><img fetchpriority=\"high\" decoding=\"async\" class=\"aligncenter wp-image-5026\" src=\"https:\/\/aslighting.com.vn\/wp-content\/uploads\/2022\/11\/20210922164901_15.png\" alt=\"\" width=\"500\" height=\"500\" srcset=\"\/wp-content\/uploads\/2022\/11\/20210922164901_15.png 900w, \/wp-content\/uploads\/2022\/11\/20210922164901_15-300x300.png 300w, \/wp-content\/uploads\/2022\/11\/20210922164901_15-150x150.png 150w, \/wp-content\/uploads\/2022\/11\/20210922164901_15-768x768.png 768w, \/wp-content\/uploads\/2022\/11\/20210922164901_15-12x12.png 12w, \/wp-content\/uploads\/2022\/11\/20210922164901_15-600x600.png 600w, \/wp-content\/uploads\/2022\/11\/20210922164901_15-100x100.png 100w\" sizes=\"(max-width: 500px) 100vw, 500px\" \/><\/a><\/p>\n<p style=\"text-align: center;\"><span style=\"font-size: 10pt;\"><em>S\u1ea3n ph\u1ea9m \u0111\u01b0\u1ee3c ph\u00e2n ph\u1ed1i ch\u00ednh h\u00e3ng t\u1ea1i Aslighting\u00a0<\/em><\/span><\/p>\n<h2 style=\"text-align: justify;\"><span style=\"font-size: 18pt; color: #000080;\"><strong>I\/ \u0110\u1eb7c \u0111i\u1ec3m c\u1ee7a ph\u00edch c\u1eafm g\u1eafn n\u1ed5i 252 Mennekes<\/strong><\/span><\/h2>\n<h3><span style=\"font-size: 14pt; color: #ff6600;\"><strong>1. Thi\u1ebft k\u1ebf<\/strong><\/span><\/h3>\n<ul>\n<li style=\"text-align: justify;\"><span style=\"font-weight: 400;\">Mennekes l\u00e0 nh\u00e0 s\u1ea3n xu\u1ea5t ph\u00edch c\u1eafm, \u1ed5 c\u1eafm cho th\u1ecb tr\u01b0\u1eddng to\u00e0n c\u1ea7u. Tr\u1ee5 s\u1edf ch\u00ednh \u0111\u01b0\u1ee3c \u0111\u1eb7t t\u1ea1i Kirchhundem &#8211; \u0110\u1ee9c v\u1edbi thi\u1ebft k\u1ebf v\u00e0 m\u1eabu m\u00e3 \u0111a d\u1ea1ng v\u1ec1 ph\u00edch c\u1eafm g\u1eafn n\u1ed5i.\u00a0<\/span><\/li>\n<li style=\"text-align: justify;\"><span style=\"font-weight: 400;\">S\u1ea3n ph\u1ea9m ph\u00edch g\u1eafn n\u1ed5i 252 Mennekes s\u1edf h\u1eefu nhi\u1ec7t \u0111\u1ed9, b\u1ee5i b\u1ea9n, ch\u1ed1ng th\u1ea5m n\u01b0\u1edbc, ..\u0111\u00e3 \u0111\u01b0\u1ee3c th\u1ef1c hi\u1ec7n r\u1ea5t nhi\u1ec1u l\u1ea7n trong ph\u00f2ng th\u00ed nghi\u1ec7m tr\u01b0\u1edbc khi \u0111\u01b0a ra th\u1ecb tr\u01b0\u1eddng \u0111\u1ea3m b\u1ea3o ch\u1ea5t l\u01b0\u1ee3ng t\u1ed1t.\u00a0<\/span><\/li>\n<li style=\"text-align: justify;\"><span style=\"font-weight: 400;\">V\u1eadt li\u1ec7u d\u00f9ng trong ph\u00edch g\u1eafn n\u1ed5i 252 cung c\u1ea5p kh\u1ea3 n\u0103ng c\u00e1ch \u0111i\u1ec7n t\u1ed1t v\u00e0 s\u1ebd \u0111\u00e1p \u1ee9ng c\u00e1c y\u00eau c\u1ea7u c\u1ee7a h\u1ea7u h\u1ebft c\u00e1c m\u00f4i tr\u01b0\u1eddng c\u00f4ng nghi\u1ec7p.\u00a0<\/span><\/li>\n<li style=\"text-align: justify;\"><span style=\"font-weight: 400;\">C\u00e1c \u1ed1ng v\u00e0 ch\u1ed1t c\u1ee7a ph\u00edch g\u1eafn n\u1ed5i 252 ti\u1ebfp x\u00fac \u0111\u01b0\u1ee3c l\u00e0m b\u1eb1ng \u0111\u1ed3ng thau. \u0110\u1ec3 tr\u00e1nh k\u1ebft n\u1ed1i sai, \u0111i\u1ec3m ti\u1ebfp \u0111\u1ea5t \u1edf m\u1ed9t v\u1ecb tr\u00ed kh\u00e1c, t\u01b0\u01a1ng \u1ee9ng v\u1edbi c\u00e1ch kh\u00f3a an to\u00e0n tr\u00ean m\u1ed7i \u1ed5 c\u1eafm, \u0111\u1ed1i v\u1edbi m\u1ed7i \u0111i\u1ec7n \u00e1p.<\/span><\/li>\n<li style=\"text-align: justify;\"><span style=\"font-weight: 400;\">\u00a0T\u1ea5t c\u1ea3 c\u00e1c lo\u1ea1i \u0111\u1ec1u \u0111\u01b0\u1ee3c m\u00e3 h\u00f3a m\u00e0u theo \u0111i\u1ec7n \u00e1p v\u00e0 ph\u00f9 h\u1ee3p v\u1edbi ho\u1ea1t \u0111\u1ed9ng 50\/60Hz, s\u1ea3n ph\u1ea9m \u0111\u01b0\u1ee3c th\u1eed nghi\u1ec7m lo\u1ea1i v\u1edbi VDE.<\/span><\/li>\n<\/ul>\n<p><a href=\"https:\/\/aslighting.com.vn\/wp-content\/uploads\/2022\/11\/20210924085502_26.png\"><img decoding=\"async\" class=\"wp-image-5028 aligncenter lazyload\" data-src=\"https:\/\/aslighting.com.vn\/wp-content\/uploads\/2022\/11\/20210924085502_26.png\" alt=\"\" width=\"500\" height=\"500\" data-srcset=\"\/wp-content\/uploads\/2022\/11\/20210924085502_26.png 900w, \/wp-content\/uploads\/2022\/11\/20210924085502_26-300x300.png 300w, \/wp-content\/uploads\/2022\/11\/20210924085502_26-150x150.png 150w, \/wp-content\/uploads\/2022\/11\/20210924085502_26-768x768.png 768w, \/wp-content\/uploads\/2022\/11\/20210924085502_26-12x12.png 12w, \/wp-content\/uploads\/2022\/11\/20210924085502_26-600x600.png 600w, \/wp-content\/uploads\/2022\/11\/20210924085502_26-100x100.png 100w\" data-sizes=\"(max-width: 500px) 100vw, 500px\" src=\"data:image\/svg+xml;base64,PHN2ZyB3aWR0aD0iMSIgaGVpZ2h0PSIxIiB4bWxucz0iaHR0cDovL3d3dy53My5vcmcvMjAwMC9zdmciPjwvc3ZnPg==\" style=\"--smush-placeholder-width: 500px; --smush-placeholder-aspect-ratio: 500\/500;\" \/><\/a><\/p>\n<p style=\"text-align: center;\"><span style=\"font-size: 10pt;\"><em>S\u1ea3n ph\u1ea9m \u0111\u01b0\u1ee3c thi\u1ebft k\u1ebf nh\u1ecf g\u1ecdn, tinh t\u1ebf<\/em><\/span><\/p>\n<h3><span style=\"font-size: 14pt; color: #ff6600;\"><strong>2. \u01afu \u0111i\u1ec3m n\u1ed5i b\u1eadt<\/strong><\/span><\/h3>\n<ul>\n<li style=\"text-align: justify;\"><span style=\"font-weight: 400;\">Ph\u00edch c\u1eafm n\u1ed5i 252 Mennekes s\u1edf h\u1eefu k\u1ebft c\u1ea5u ch\u1eafc ch\u1eafn \u0111\u1ec3 t\u0103ng \u0111\u1ed9 b\u1ec1n.<\/span><\/li>\n<li style=\"text-align: justify;\"><span style=\"font-weight: 400;\">Ph\u00edch c\u1eafm c\u00f3 k\u1ebft n\u1ed1i thi\u1ebft b\u1ecb \u0111\u1ea7u cu\u1ed1i v\u00edt. T\u1ea5t c\u1ea3 c\u00e1c thi\u1ebft b\u1ecb \u0111\u1ea7u cu\u1ed1i k\u1ebft n\u1ed1i m\u1edf \u0111\u1ec1u quay v\u1ec1 c\u00f9ng m\u1ed9t h\u01b0\u1edbng cho ph\u00e9p n\u1ed1i d\u00e2y nhanh ch\u00f3ng.<\/span><\/li>\n<li style=\"text-align: justify;\"><span style=\"font-weight: 400;\">Ch\u1ea5t mang ti\u1ebfp x\u00fac ch\u1ecbu nhi\u1ec7t cao v\u1edbi c\u00e1c ti\u1ebfp \u0111i\u1ec3m m\u1ea1 niken, h\u1ed7 tr\u1ee3 ch\u1ed1ng \u0103n m\u00f2n v\u00e0 m\u00e0i m\u00f2n \u0111\u1ea3m b\u1ea3o \u0111\u1ed9 b\u1ec1n trong qu\u00e1 tr\u00ecnh s\u1eed d\u1ee5ng.\u00a0<\/span><\/li>\n<li style=\"text-align: justify;\"><span style=\"font-weight: 400;\">Ph\u00edch c\u1eafm g\u1eafn n\u1ed5i 252 c\u00f3 c\u00e1c \u0111\u1ea7u v\u00edt m\u1edf \u0111\u01a1n gi\u1ea3n, t\u1ea5t c\u1ea3 \u0111\u1ec1u h\u01b0\u1edbng v\u1ec1 c\u00f9ng m\u1ed9t h\u01b0\u1edbng, t\u00ednh n\u0103ng \u0111\u1ed9c \u0111\u00e1o n\u00e0y cho ph\u00e9p k\u1ebft n\u1ed1i t\u1ea1i hi\u1ec7n tr\u01b0\u1eddng nhanh ch\u00f3ng, ti\u1ebft ki\u1ec7m th\u1eddi gian qu\u00fd b\u00e1u.<\/span><\/li>\n<li style=\"text-align: justify;\"><span style=\"font-weight: 400;\">Ph\u00edch c\u1eafm 252 \u0111\u01b0\u1ee3c d\u00f9ng b\u1eb1ng ch\u1ea5t li\u1ec7u Polyamide v\u1eadt li\u1ec7u nhi\u1ec7t d\u1ebbo d\u1ebbo dai, ch\u1ea5t l\u01b0\u1ee3ng cao v\u1edbi c\u00e1c \u0111\u1eb7c t\u00ednh tuy\u1ec7t v\u1eddi.\u00a0<\/span><\/li>\n<\/ul>\n<h2 style=\"text-align: justify;\"><span style=\"font-size: 18pt; color: #000080;\"><strong>II\/ Th\u00f4ng s\u1ed1 k\u1ef9 thu\u1eadt<\/strong><\/span><\/h2>\n<table style=\"width: 99.7491%; height: 192px;\" width=\"250\">\n<tbody>\n<tr style=\"height: 24px;\">\n<td style=\"width: 48.6275%; text-align: center; height: 24px;\"><strong>Lo\u1ea1i:<\/strong><\/td>\n<td style=\"width: 347.8%; text-align: center; height: 24px;\">Ph\u00edch c\u1eafm g\u1eafn n\u1ed5i<\/td>\n<\/tr>\n<tr style=\"height: 24px;\">\n<td style=\"width: 48.6275%; text-align: center; height: 24px;\"><strong>S\u1ed1 c\u1ef1c:<\/strong><\/td>\n<td style=\"width: 347.8%; text-align: center; height: 24px;\">4P (3P+E)<\/td>\n<\/tr>\n<tr style=\"height: 24px;\">\n<td style=\"width: 48.6275%; text-align: center; height: 24px;\"><strong>D\u00f2ng \u0111\u1ecbnh m\u1ee9c:<\/strong><\/td>\n<td style=\"width: 347.8%; text-align: center; height: 24px;\">16A<\/td>\n<\/tr>\n<tr style=\"height: 24px;\">\n<td style=\"width: 48.6275%; text-align: center; height: 24px;\"><strong>\u0110i\u1ec7n \u00e1p:<\/strong><\/td>\n<td style=\"width: 347.8%; text-align: center; height: 24px;\">400 VAC 50\/60 Hz<\/td>\n<\/tr>\n<tr style=\"height: 24px;\">\n<td style=\"width: 48.6275%; text-align: center; height: 24px;\"><strong>IP:<\/strong><\/td>\n<td style=\"width: 347.8%; text-align: center; height: 24px;\">44<\/td>\n<\/tr>\n<tr style=\"height: 24px;\">\n<td style=\"width: 48.6275%; text-align: center; height: 24px;\"><strong>L\u1eafp \u0111\u1eb7t:<\/strong><\/td>\n<td style=\"width: 347.8%; text-align: center; height: 24px;\">G\u1eafn n\u1ed5i<\/td>\n<\/tr>\n<tr style=\"height: 24px;\">\n<td style=\"width: 48.6275%; text-align: center; height: 24px;\"><strong>V\u1ecb tr\u00ed c\u1ef1c ti\u1ebfp \u0111\u1ecba:<\/strong><\/td>\n<td style=\"width: 347.8%; text-align: center; height: 24px;\">6H<\/td>\n<\/tr>\n<tr style=\"height: 24px;\">\n<td style=\"width: 48.6275%; text-align: center; height: 24px;\"><strong>B\u1ea3o h\u00e0nh:<\/strong><\/td>\n<td style=\"width: 347.8%; text-align: center; height: 24px;\">24 th\u00e1ng<\/td>\n<\/tr>\n<\/tbody>\n<\/table>\n<h2 style=\"text-align: justify;\"><span style=\"font-size: 18pt; color: #000080;\"><strong>III\/ \u1ee8ng d\u1ee5ng c\u1ee7a ph\u00edch c\u1eafm n\u1ed5i 252 Mennekes<\/strong><\/span><\/h2>\n<p style=\"text-align: justify;\"><span style=\"font-weight: 400;\">Ph\u00edch c\u1eafm n\u1ed5i 252 Mennekes \u0111\u01b0\u1ee3c \u1ee9ng d\u1ee5ng cho c\u00e1c b\u00e3i t\u00e0u v\u00e0 c\u1ea3ng v\u1edbi \u0111\u1ed9 \u1ea9m cao. H\u01a1n n\u1eefa, c\u00e1c c\u00f4ng tr\u01b0\u1eddng ngo\u00e0i tr\u1eddi, c\u00e1c \u0111\u1ea7u n\u1ed1i \u0111\u1ec3 trong \u0111i\u1ec1u ki\u1ec7n \u1ea9m \u01b0\u1edbt m\u00e1y bi\u1ebfn \u00e1p v\u00e0 m\u00e1y ph\u00e1t \u0111i\u1ec7n c\u0169ng \u0111\u01b0\u1ee3c d\u00f9ng ph\u00edch c\u1eafm n\u1ed5i 252.<\/span><\/p>\n<p><a href=\"https:\/\/drive.google.com\/drive\/folders\/1GAOu4Zw1fqbsEUTg0m0yohS-pJpR0TKg?usp=sharing\"><img decoding=\"async\" class=\"size-medium wp-image-5097 aligncenter lazyload\" data-src=\"https:\/\/aslighting.com.vn\/wp-content\/uploads\/2022\/11\/button_tai-catalogue-tai-day-3-300x49.png\" alt=\"\" width=\"300\" height=\"49\" data-srcset=\"\/wp-content\/uploads\/2022\/11\/button_tai-catalogue-tai-day-3-300x49.png 300w, \/wp-content\/uploads\/2022\/11\/button_tai-catalogue-tai-day-3-18x3.png 18w, \/wp-content\/uploads\/2022\/11\/button_tai-catalogue-tai-day-3.png 407w\" data-sizes=\"(max-width: 300px) 100vw, 300px\" src=\"data:image\/svg+xml;base64,PHN2ZyB3aWR0aD0iMSIgaGVpZ2h0PSIxIiB4bWxucz0iaHR0cDovL3d3dy53My5vcmcvMjAwMC9zdmciPjwvc3ZnPg==\" style=\"--smush-placeholder-width: 300px; --smush-placeholder-aspect-ratio: 300\/49;\" \/><\/a><\/p>","protected":false},"excerpt":{"rendered":"<p><strong>S\u1ed1 c\u1ef1c:<\/strong> 4P (3P+E)<\/p>\n<p><strong>D\u00f2ng \u0111\u1ecbnh m\u1ee9c:<\/strong> 16A<\/p>\n<p><strong>\u0110i\u1ec7n \u00e1p: <\/strong>400\u00a0VAC 50\/60 Hz<\/p>\n<p><strong>IP:<\/strong> 44<\/p>\n<p><b>L\u1eafp \u0111\u1eb7t: <\/b>G\u1eafn n\u1ed5i<\/p>\n<p><strong>B\u1ea3o h\u00e0nh:<\/strong> 24 th\u00e1ng<\/p>","protected":false},"featured_media":2114,"comment_status":"open","ping_status":"closed","template":"","meta":[],"product_brand":[],"product_cat":[209,213,280],"product_tag":[375],"class_list":{"0":"post-2113","1":"product","2":"type-product","3":"status-publish","4":"has-post-thumbnail","6":"product_cat-mennekes","7":"product_cat-phich-cam-gan-noi","8":"product_cat-phich-cam-gan-noi-252-mennekes","9":"product_tag-cong-tac-o-cam","11":"first","12":"instock","13":"shipping-taxable","14":"product-type-simple"},"yoast_head":"<!-- This site is optimized with the Yoast SEO Premium plugin v22.0 (Yoast SEO v22.5) - https:\/\/yoast.com\/wordpress\/plugins\/seo\/ -->\n<title>Ph\u00edch c\u1eafm n\u1ed5i 252 Mennekes ch\u00ednh h\u00e3ng, gi\u00e1 t\u1ed1t nh\u1ea5t - Aslighting!<\/title>\n<meta name=\"description\" content=\"Ph\u00edch c\u1eafm n\u1ed5i 252 Mennekes \u0111\u01b0\u1ee3c ph\u00e2n ph\u1ed1i b\u1edfi c\u00f4ng ty c\u1ed5 ph\u1ea7n thi\u1ebft b\u1ecb chi\u1ebfu s\u00e1ng \u00c1nh Sao v\u1edbi ch\u1ea5t l\u01b0\u1ee3ng t\u1ed1t nh\u1ea5t, gi\u00e1 th\u00e0nh t\u1ed1t nh\u1ea5t th\u1ecb tr\u01b0\u1eddng\" \/>\n<meta name=\"robots\" content=\"index, follow, max-snippet:-1, max-image-preview:large, max-video-preview:-1\" \/>\n<link rel=\"canonical\" href=\"https:\/\/aslighting.com.vn\/ja\/product\/phich-cam-gan-noi-252-mennekes\/\" \/>\n<meta property=\"og:locale\" content=\"ja_JP\" \/>\n<meta property=\"og:type\" content=\"article\" \/>\n<meta property=\"og:title\" content=\"PH\u00cdCH C\u1eaeM G\u1eaeN N\u1ed4I 252 MENNEKES\" \/>\n<meta property=\"og:description\" content=\"Ph\u00edch c\u1eafm n\u1ed5i 252 Mennekes \u0111\u01b0\u1ee3c ph\u00e2n ph\u1ed1i b\u1edfi c\u00f4ng ty c\u1ed5 ph\u1ea7n thi\u1ebft b\u1ecb chi\u1ebfu s\u00e1ng \u00c1nh Sao v\u1edbi ch\u1ea5t l\u01b0\u1ee3ng t\u1ed1t nh\u1ea5t, gi\u00e1 th\u00e0nh t\u1ed1t nh\u1ea5t th\u1ecb tr\u01b0\u1eddng\" \/>\n<meta property=\"og:url\" content=\"https:\/\/aslighting.com.vn\/ja\/product\/phich-cam-gan-noi-252-mennekes\/\" \/>\n<meta property=\"og:site_name\" content=\"C\u00f4ng Ty C\u1ed5 Ph\u1ea7n Gi\u1ea3i Ph\u00e1p Chi\u1ebfu S\u00e1ng To\u00e0n Di\u1ec7n \u00c1nh Sao\" \/>\n<meta property=\"article:modified_time\" content=\"2023-06-09T10:25:56+00:00\" \/>\n<meta property=\"og:image\" content=\"https:\/\/aslighting.com.vn\/wp-content\/uploads\/2022\/11\/20210922164901_1.png\" \/>\n\t<meta property=\"og:image:width\" content=\"900\" \/>\n\t<meta property=\"og:image:height\" content=\"780\" \/>\n\t<meta property=\"og:image:type\" content=\"image\/png\" \/>\n<meta name=\"twitter:card\" content=\"summary_large_image\" \/>\n<meta name=\"twitter:label1\" content=\"\u63a8\u5b9a\u8aad\u307f\u53d6\u308a\u6642\u9593\" \/>\n\t<meta name=\"twitter:data1\" content=\"4\u5206\" \/>\n<script type=\"application\/ld+json\" class=\"yoast-schema-graph\">{\"@context\":\"https:\/\/schema.org\",\"@graph\":[{\"@type\":\"WebPage\",\"@id\":\"https:\/\/aslighting.com.vn\/san-pham\/phich-cam-gan-noi-252-mennekes\/\",\"url\":\"https:\/\/aslighting.com.vn\/san-pham\/phich-cam-gan-noi-252-mennekes\/\",\"name\":\"Ph\u00edch c\u1eafm n\u1ed5i 252 Mennekes ch\u00ednh h\u00e3ng, gi\u00e1 t\u1ed1t nh\u1ea5t - Aslighting!\",\"isPartOf\":{\"@id\":\"https:\/\/aslighting.com.vn\/#website\"},\"primaryImageOfPage\":{\"@id\":\"https:\/\/aslighting.com.vn\/san-pham\/phich-cam-gan-noi-252-mennekes\/#primaryimage\"},\"image\":{\"@id\":\"https:\/\/aslighting.com.vn\/san-pham\/phich-cam-gan-noi-252-mennekes\/#primaryimage\"},\"thumbnailUrl\":\"\/wp-content\/uploads\/2022\/11\/20210922164901_1.png\",\"datePublished\":\"2022-11-28T09:38:49+00:00\",\"dateModified\":\"2023-06-09T10:25:56+00:00\",\"description\":\"Ph\u00edch c\u1eafm n\u1ed5i 252 Mennekes \u0111\u01b0\u1ee3c ph\u00e2n ph\u1ed1i b\u1edfi c\u00f4ng ty c\u1ed5 ph\u1ea7n thi\u1ebft b\u1ecb chi\u1ebfu s\u00e1ng \u00c1nh Sao v\u1edbi ch\u1ea5t l\u01b0\u1ee3ng t\u1ed1t nh\u1ea5t, gi\u00e1 th\u00e0nh t\u1ed1t nh\u1ea5t th\u1ecb tr\u01b0\u1eddng\",\"breadcrumb\":{\"@id\":\"https:\/\/aslighting.com.vn\/san-pham\/phich-cam-gan-noi-252-mennekes\/#breadcrumb\"},\"inLanguage\":\"ja\",\"potentialAction\":[{\"@type\":\"ReadAction\",\"target\":[\"https:\/\/aslighting.com.vn\/san-pham\/phich-cam-gan-noi-252-mennekes\/\"]}]},{\"@type\":\"ImageObject\",\"inLanguage\":\"ja\",\"@id\":\"https:\/\/aslighting.com.vn\/san-pham\/phich-cam-gan-noi-252-mennekes\/#primaryimage\",\"url\":\"\/wp-content\/uploads\/2022\/11\/20210922164901_1.png\",\"contentUrl\":\"\/wp-content\/uploads\/2022\/11\/20210922164901_1.png\",\"width\":900,\"height\":780},{\"@type\":\"BreadcrumbList\",\"@id\":\"https:\/\/aslighting.com.vn\/san-pham\/phich-cam-gan-noi-252-mennekes\/#breadcrumb\",\"itemListElement\":[{\"@type\":\"ListItem\",\"position\":1,\"name\":\"Trang ch\u1ee7\",\"item\":\"https:\/\/aslighting.com.vn\/vi\/\"},{\"@type\":\"ListItem\",\"position\":2,\"name\":\"S\u1ea3n ph\u1ea9m\",\"item\":\"https:\/\/aslighting.com.vn\/en\/san-pham\/\"},{\"@type\":\"ListItem\",\"position\":3,\"name\":\"PH\u00cdCH C\u1eaeM G\u1eaeN N\u1ed4I 252 MENNEKES\"}]},{\"@type\":\"WebSite\",\"@id\":\"https:\/\/aslighting.com.vn\/#website\",\"url\":\"https:\/\/aslighting.com.vn\/\",\"name\":\"C\u00f4ng Ty C\u1ed5 Ph\u1ea7n Gi\u1ea3i Ph\u00e1p Chi\u1ebfu S\u00e1ng To\u00e0n Di\u1ec7n \u00c1nh Sao\",\"description\":\"\",\"publisher\":{\"@id\":\"https:\/\/aslighting.com.vn\/#organization\"},\"potentialAction\":[{\"@type\":\"SearchAction\",\"target\":{\"@type\":\"EntryPoint\",\"urlTemplate\":\"https:\/\/aslighting.com.vn\/?s={search_term_string}\"},\"query-input\":\"required name=search_term_string\"}],\"inLanguage\":\"ja\"},{\"@type\":\"Organization\",\"@id\":\"https:\/\/aslighting.com.vn\/#organization\",\"name\":\"C\u00f4ng Ty C\u1ed5 Ph\u1ea7n Gi\u1ea3i Ph\u00e1p Chi\u1ebfu S\u00e1ng To\u00e0n Di\u1ec7n \u00c1nh Sao\",\"url\":\"https:\/\/aslighting.com.vn\/\",\"logo\":{\"@type\":\"ImageObject\",\"inLanguage\":\"ja\",\"@id\":\"https:\/\/aslighting.com.vn\/#\/schema\/logo\/image\/\",\"url\":\"\/wp-content\/uploads\/2022\/10\/logo-ANHSAO.png\",\"contentUrl\":\"\/wp-content\/uploads\/2022\/10\/logo-ANHSAO.png\",\"width\":1091,\"height\":360,\"caption\":\"C\u00f4ng Ty C\u1ed5 Ph\u1ea7n Gi\u1ea3i Ph\u00e1p Chi\u1ebfu S\u00e1ng To\u00e0n Di\u1ec7n \u00c1nh Sao\"},\"image\":{\"@id\":\"https:\/\/aslighting.com.vn\/#\/schema\/logo\/image\/\"}}]}<\/script>\n<!-- \/ Yoast SEO Premium plugin. -->","yoast_head_json":{"title":"Ph\u00edch c\u1eafm n\u1ed5i 252 Mennekes ch\u00ednh h\u00e3ng, gi\u00e1 t\u1ed1t nh\u1ea5t - Aslighting!","description":"Ph\u00edch c\u1eafm n\u1ed5i 252 Mennekes \u0111\u01b0\u1ee3c ph\u00e2n ph\u1ed1i b\u1edfi c\u00f4ng ty c\u1ed5 ph\u1ea7n thi\u1ebft b\u1ecb chi\u1ebfu s\u00e1ng \u00c1nh Sao v\u1edbi ch\u1ea5t l\u01b0\u1ee3ng t\u1ed1t nh\u1ea5t, gi\u00e1 th\u00e0nh t\u1ed1t nh\u1ea5t th\u1ecb tr\u01b0\u1eddng","robots":{"index":"index","follow":"follow","max-snippet":"max-snippet:-1","max-image-preview":"max-image-preview:large","max-video-preview":"max-video-preview:-1"},"canonical":"https:\/\/aslighting.com.vn\/ja\/product\/phich-cam-gan-noi-252-mennekes\/","og_locale":"ja_JP","og_type":"article","og_title":"PH\u00cdCH C\u1eaeM G\u1eaeN N\u1ed4I 252 MENNEKES","og_description":"Ph\u00edch c\u1eafm n\u1ed5i 252 Mennekes \u0111\u01b0\u1ee3c ph\u00e2n ph\u1ed1i b\u1edfi c\u00f4ng ty c\u1ed5 ph\u1ea7n thi\u1ebft b\u1ecb chi\u1ebfu s\u00e1ng \u00c1nh Sao v\u1edbi ch\u1ea5t l\u01b0\u1ee3ng t\u1ed1t nh\u1ea5t, gi\u00e1 th\u00e0nh t\u1ed1t nh\u1ea5t th\u1ecb tr\u01b0\u1eddng","og_url":"https:\/\/aslighting.com.vn\/ja\/product\/phich-cam-gan-noi-252-mennekes\/","og_site_name":"C\u00f4ng Ty C\u1ed5 Ph\u1ea7n Gi\u1ea3i Ph\u00e1p Chi\u1ebfu S\u00e1ng To\u00e0n Di\u1ec7n \u00c1nh Sao","article_modified_time":"2023-06-09T10:25:56+00:00","og_image":[{"width":900,"height":780,"url":"https:\/\/aslighting.com.vn\/wp-content\/uploads\/2022\/11\/20210922164901_1.png","type":"image\/png"}],"twitter_card":"summary_large_image","twitter_misc":{"\u63a8\u5b9a\u8aad\u307f\u53d6\u308a\u6642\u9593":"4\u5206"},"schema":{"@context":"https:\/\/schema.org","@graph":[{"@type":"WebPage","@id":"https:\/\/aslighting.com.vn\/san-pham\/phich-cam-gan-noi-252-mennekes\/","url":"https:\/\/aslighting.com.vn\/san-pham\/phich-cam-gan-noi-252-mennekes\/","name":"Ph\u00edch c\u1eafm n\u1ed5i 252 Mennekes ch\u00ednh h\u00e3ng, gi\u00e1 t\u1ed1t nh\u1ea5t - Aslighting!","isPartOf":{"@id":"https:\/\/aslighting.com.vn\/#website"},"primaryImageOfPage":{"@id":"https:\/\/aslighting.com.vn\/san-pham\/phich-cam-gan-noi-252-mennekes\/#primaryimage"},"image":{"@id":"https:\/\/aslighting.com.vn\/san-pham\/phich-cam-gan-noi-252-mennekes\/#primaryimage"},"thumbnailUrl":"\/wp-content\/uploads\/2022\/11\/20210922164901_1.png","datePublished":"2022-11-28T09:38:49+00:00","dateModified":"2023-06-09T10:25:56+00:00","description":"Ph\u00edch c\u1eafm n\u1ed5i 252 Mennekes \u0111\u01b0\u1ee3c ph\u00e2n ph\u1ed1i b\u1edfi c\u00f4ng ty c\u1ed5 ph\u1ea7n thi\u1ebft b\u1ecb chi\u1ebfu s\u00e1ng \u00c1nh Sao v\u1edbi ch\u1ea5t l\u01b0\u1ee3ng t\u1ed1t nh\u1ea5t, gi\u00e1 th\u00e0nh t\u1ed1t nh\u1ea5t th\u1ecb tr\u01b0\u1eddng","breadcrumb":{"@id":"https:\/\/aslighting.com.vn\/san-pham\/phich-cam-gan-noi-252-mennekes\/#breadcrumb"},"inLanguage":"ja","potentialAction":[{"@type":"ReadAction","target":["https:\/\/aslighting.com.vn\/san-pham\/phich-cam-gan-noi-252-mennekes\/"]}]},{"@type":"ImageObject","inLanguage":"ja","@id":"https:\/\/aslighting.com.vn\/san-pham\/phich-cam-gan-noi-252-mennekes\/#primaryimage","url":"\/wp-content\/uploads\/2022\/11\/20210922164901_1.png","contentUrl":"\/wp-content\/uploads\/2022\/11\/20210922164901_1.png","width":900,"height":780},{"@type":"BreadcrumbList","@id":"https:\/\/aslighting.com.vn\/san-pham\/phich-cam-gan-noi-252-mennekes\/#breadcrumb","itemListElement":[{"@type":"ListItem","position":1,"name":"Trang ch\u1ee7","item":"https:\/\/aslighting.com.vn\/vi\/"},{"@type":"ListItem","position":2,"name":"S\u1ea3n ph\u1ea9m","item":"https:\/\/aslighting.com.vn\/en\/san-pham\/"},{"@type":"ListItem","position":3,"name":"PH\u00cdCH C\u1eaeM G\u1eaeN N\u1ed4I 252 MENNEKES"}]},{"@type":"WebSite","@id":"https:\/\/aslighting.com.vn\/#website","url":"https:\/\/aslighting.com.vn\/","name":"C\u00f4ng Ty C\u1ed5 Ph\u1ea7n Gi\u1ea3i Ph\u00e1p Chi\u1ebfu S\u00e1ng To\u00e0n Di\u1ec7n \u00c1nh Sao","description":"","publisher":{"@id":"https:\/\/aslighting.com.vn\/#organization"},"potentialAction":[{"@type":"SearchAction","target":{"@type":"EntryPoint","urlTemplate":"https:\/\/aslighting.com.vn\/?s={search_term_string}"},"query-input":"required name=search_term_string"}],"inLanguage":"ja"},{"@type":"Organization","@id":"https:\/\/aslighting.com.vn\/#organization","name":"C\u00f4ng Ty C\u1ed5 Ph\u1ea7n Gi\u1ea3i Ph\u00e1p Chi\u1ebfu S\u00e1ng To\u00e0n Di\u1ec7n \u00c1nh Sao","url":"https:\/\/aslighting.com.vn\/","logo":{"@type":"ImageObject","inLanguage":"ja","@id":"https:\/\/aslighting.com.vn\/#\/schema\/logo\/image\/","url":"\/wp-content\/uploads\/2022\/10\/logo-ANHSAO.png","contentUrl":"\/wp-content\/uploads\/2022\/10\/logo-ANHSAO.png","width":1091,"height":360,"caption":"C\u00f4ng Ty C\u1ed5 Ph\u1ea7n Gi\u1ea3i Ph\u00e1p Chi\u1ebfu S\u00e1ng To\u00e0n Di\u1ec7n \u00c1nh Sao"},"image":{"@id":"https:\/\/aslighting.com.vn\/#\/schema\/logo\/image\/"}}]}},"_links":{"self":[{"href":"https:\/\/aslighting.com.vn\/ja\/wp-json\/wp\/v2\/product\/2113","targetHints":{"allow":["GET"]}}],"collection":[{"href":"https:\/\/aslighting.com.vn\/ja\/wp-json\/wp\/v2\/product"}],"about":[{"href":"https:\/\/aslighting.com.vn\/ja\/wp-json\/wp\/v2\/types\/product"}],"replies":[{"embeddable":true,"href":"https:\/\/aslighting.com.vn\/ja\/wp-json\/wp\/v2\/comments?post=2113"}],"wp:featuredmedia":[{"embeddable":true,"href":"https:\/\/aslighting.com.vn\/ja\/wp-json\/wp\/v2\/media\/2114"}],"wp:attachment":[{"href":"https:\/\/aslighting.com.vn\/ja\/wp-json\/wp\/v2\/media?parent=2113"}],"wp:term":[{"taxonomy":"product_brand","embeddable":true,"href":"https:\/\/aslighting.com.vn\/ja\/wp-json\/wp\/v2\/product_brand?post=2113"},{"taxonomy":"product_cat","embeddable":true,"href":"https:\/\/aslighting.com.vn\/ja\/wp-json\/wp\/v2\/product_cat?post=2113"},{"taxonomy":"product_tag","embeddable":true,"href":"https:\/\/aslighting.com.vn\/ja\/wp-json\/wp\/v2\/product_tag?post=2113"}],"curies":[{"name":"wp","href":"https:\/\/api.w.org\/{rel}","templated":true}]}}