{"id":2145,"date":"2022-11-29T10:50:54","date_gmt":"2022-11-29T03:50:54","guid":{"rendered":"https:\/\/aslighting.com.vn\/?post_type=product&#038;p=2145"},"modified":"2023-06-24T14:15:01","modified_gmt":"2023-06-24T07:15:01","slug":"den-thoat-hiem-2-mat-kt-640-6w-kentom","status":"publish","type":"product","link":"https:\/\/aslighting.com.vn\/ja\/product\/den-thoat-hiem-2-mat-kt-640-6w-kentom\/","title":{"rendered":"\u0110\u00c8N THO\u00c1T HI\u1ec2M 2 M\u1eb6T KT-640 6W KENTOM"},"content":{"rendered":"<p><span style=\"font-weight: 400;\"><a href=\"https:\/\/aslighting.com.vn\/ja\/product\/den-thoat-hiem-2-mat-kt-640-6w-kentom\/\"><span style=\"color: #000098;\"><strong>\u0110\u00e8n tho\u00e1t hi\u1ec3m 2 m\u1eb7t KT-640<\/strong><\/span><\/a> c\u1ee7a h\u00e3ng Kentom l\u00e0 d\u00f2ng s\u1ea3n ph\u1ea9m \u0111\u01b0\u1ee3c d\u00f9ng kh\u00e1 ph\u1ed5 bi\u1ebfn b\u1edfi c\u00f4ng su\u1ea5t s\u1eed d\u1ee5ng th\u1ea5p gi\u00fap ti\u1ebft ki\u1ec7m \u0111i\u1ec7n n\u0103ng m\u1ed9t c\u00e1ch t\u1ed1i \u0111a. H\u00e3y c\u00f9ng Aslighting t\u00ecm hi\u1ec3u chi ti\u1ebft v\u1ec1 d\u00f2ng s\u1ea3n ph\u1ea9m n\u00e0y nh\u00e9.<\/span><\/p>\n<p><a href=\"https:\/\/aslighting.com.vn\/wp-content\/uploads\/2022\/11\/20210811230848_kt-630-64016.png\"><img fetchpriority=\"high\" decoding=\"async\" class=\"aligncenter wp-image-4211\" src=\"https:\/\/aslighting.com.vn\/wp-content\/uploads\/2022\/11\/20210811230848_kt-630-64016.png\" alt=\"\" width=\"500\" height=\"500\" srcset=\"\/wp-content\/uploads\/2022\/11\/20210811230848_kt-630-64016.png 900w, \/wp-content\/uploads\/2022\/11\/20210811230848_kt-630-64016-300x300.png 300w, \/wp-content\/uploads\/2022\/11\/20210811230848_kt-630-64016-150x150.png 150w, \/wp-content\/uploads\/2022\/11\/20210811230848_kt-630-64016-768x768.png 768w, \/wp-content\/uploads\/2022\/11\/20210811230848_kt-630-64016-12x12.png 12w, \/wp-content\/uploads\/2022\/11\/20210811230848_kt-630-64016-600x600.png 600w, \/wp-content\/uploads\/2022\/11\/20210811230848_kt-630-64016-100x100.png 100w\" sizes=\"(max-width: 500px) 100vw, 500px\" \/><\/a><\/p>\n<p style=\"text-align: center;\"><span style=\"font-size: 10pt;\"><em>\u0110\u00e8n tho\u00e1t hi\u1ec3m 2 m\u1eb7t KT-640 Kentom \u0111\u01b0\u1ee3c \u00c1nh Sao ph\u00e2n ph\u1ed1i ch\u00ednh h\u00e3ng<\/em><\/span><\/p>\n<h2><span style=\"color: #000080;\"><strong>I\/ \u0110\u1eb7c \u0111i\u1ec3m c\u1ee7a \u0111\u00e8n tho\u00e1t hi\u1ec3m 2 m\u1eb7t KT-640\u00a0<\/strong><\/span><\/h2>\n<h3><span style=\"color: #ff6600;\"><strong>1. Thi\u1ebft k\u1ebf<\/strong><\/span><\/h3>\n<ul>\n<li><span style=\"font-weight: 400;\">\u0110\u00e8n \u0111\u01b0\u1ee3c thi\u1ebft k\u1ebf n\u1ec1n m\u00e0u xanh l\u1ee5c, t\u01b0\u01a1ng ph\u1ea3n l\u00e0 m\u00e0u tr\u1eafng r\u1ea5t n\u1ed5i b\u1eadt t\u1ea1o \u00e1nh s\u00e1ng d\u1ec5 nh\u00ecn nh\u1ea5t v\u00e0 n\u1ed5i b\u1eadt trong \u0111i\u1ec1u ki\u1ec7n thi\u1ebfu \u00e1nh s\u00e1ng.\u00a0<\/span><\/li>\n<li><span style=\"font-weight: 400;\">S\u1ea3n ph\u1ea9m c\u00f2n \u0111\u01b0\u1ee3c thi\u1ebft k\u1ebf 2 m\u1eb7t l\u1eafp \u0111\u1eb7t n\u00ean c\u00f3 th\u1ec3 \u0111\u00e1p \u1ee9ng \u0111\u01b0\u1ee3c nhu c\u1ea7u c\u1ee7a nhi\u1ec1u kh\u00f4ng gian.\u00a0<\/span><\/li>\n<li><span style=\"font-weight: 400;\">\u0110\u00e8n Exit 2 m\u1eb7t KT-640 s\u1ea3n ph\u1ea9m ch\u1ec9 d\u1eabn l\u1ed1i tho\u00e1t hi\u1ec3m th\u00f4ng th\u01b0\u1eddng m\u00e0 c\u00f2n gi\u00fap trang tr\u00ed cho kh\u00f4ng gian c\u1ee7a b\u1ea1n th\u00eam tinh t\u1ebf v\u00e0 c\u00f3 \u0111i\u1ec3m nh\u1ea5n.<\/span><\/li>\n<li><span style=\"font-weight: 400;\">Thi\u1ebft k\u1ebf c\u1ee7a \u0111\u00e8n nh\u1ecf g\u1ecdn, n\u00ean d\u1ec5 d\u00e0ng cho vi\u1ec7c l\u1eafp \u0111\u1eb7t, c\u00f9ng v\u1edbi ngu\u1ed3n nguy\u00ean li\u1ec7u ch\u1eafc ch\u1eafn, c\u1ee9ng c\u00e1p nh\u1eadn \u0111\u01b0\u1ee3c ch\u1ee9ng nh\u1eadn ti\u00eau chu\u1ea9n qu\u1ed1c t\u1ebf ISO, n\u00ean t\u1ea1o cho s\u1ea3n ph\u1ea9m c\u00f3 \u0111\u1ed9 b\u1ec1n r\u1ea5t cao.<\/span><\/li>\n<li><span style=\"font-weight: 400;\">S\u1ea3n ph\u1ea9m \u0111\u1ea1t ti\u00eau chu\u1ea9n ISO 30061:2007 E quy \u0111\u1ecbnh \u0111\u1ed9 ch\u00f3i nh\u1ecf nh\u1ea5t c\u1ee7a v\u00f9ng m\u00e0u xanh, n\u00ean an to\u00e0n cho s\u1ee9c kh\u1ecfe c\u1ee7a con ng\u01b0\u1eddi.<\/span><\/li>\n<\/ul>\n<h3><span style=\"color: #ff6600;\"><strong>2. \u01afu \u0111i\u1ec3m n\u1ed5i b\u1eadt<\/strong><\/span><\/h3>\n<ul>\n<li><span style=\"font-weight: 400;\">\u0110\u00e8n tho\u00e1t hi\u1ec3m 2 m\u1eb7t KT-640 c\u00f3 th\u1eddi gian chi\u1ebfu s\u00e1ng li\u00ean t\u1ee5c trong 2 gi\u1edd. \u0110\u00e8n s\u1ea1c \u0111\u1ea7y pin sau 24 gi\u1edd. S\u1ea3n ph\u1ea9m s\u1eed d\u1ee5ng \u00edt n\u0103ng l\u01b0\u1ee3ng, ti\u1ebft ki\u1ec7m \u0111i\u1ec7n n\u0103ng, chi ph\u00ed.<\/span><\/li>\n<li><span style=\"font-weight: 400;\">\u0110\u00e8n Exit 2 m\u1eb7t KT-640 c\u00f3 tu\u1ed5i th\u1ecd cao, n\u00ean b\u1ea1n c\u00f3 th\u1ec3 ti\u1ebft ki\u1ec7m kh\u00f4ng nh\u1edf cho c\u00e1c chi ph\u00ed nh\u01b0 s\u1eeda ch\u1eefa, b\u1ea3o tr\u00ec, thay th\u1ebf v\u00e0 c\u1ea3 chi ph\u00ed ti\u1ec1n \u0111i\u1ec7n.<\/span><\/li>\n<li><span style=\"font-weight: 400;\">S\u1ea3n ph\u1ea9m \u0111\u01b0\u1ee3c \u0111\u00f3ng g\u00f3i b\u00ean trong \u0111\u00e8n c\u00f3 h\u01b0\u1edbng d\u1eabn l\u1eafp \u0111\u1eb7t m\u1ed9t c\u00e1ch chi ti\u1ebft, gi\u00fap b\u1ea1n c\u00f3 th\u1ec3 th\u1ec3 th\u1ef1c hi\u1ec7n l\u1eafp \u0111\u1eb7t d\u1ec5 d\u00e0ng.<\/span><\/li>\n<\/ul>\n<h3><span style=\"color: #ff6600;\"><strong>3. Th\u00f4ng s\u1ed1 k\u1ef9 thu\u1eadt<\/strong><\/span><\/h3>\n<table style=\"width: 98.6235%;\" width=\"320\">\n<tbody>\n<tr>\n<td style=\"width: 50.0252%; text-align: center;\" width=\"312\"><strong>C\u00f4ng su\u1ea5t:<\/strong><\/td>\n<td style=\"width: 277.962%; text-align: center;\" width=\"312\">6W<\/td>\n<\/tr>\n<tr>\n<td style=\"width: 50.0252%; text-align: center;\" width=\"312\"><strong>\u0110i\u1ec7n \u00e1p:<\/strong><\/td>\n<td style=\"width: 277.962%; text-align: center;\" width=\"312\">220V<\/td>\n<\/tr>\n<tr>\n<td style=\"width: 50.0252%; text-align: center;\" width=\"312\"><strong>Pin:<\/strong><\/td>\n<td style=\"width: 277.962%; text-align: center;\" width=\"312\">3.7V 2000mAh<\/td>\n<\/tr>\n<tr>\n<td style=\"width: 50.0252%; text-align: center;\" width=\"312\"><strong>Th\u1eddi gian l\u01b0u \u0111i\u1ec7n:<\/strong><\/td>\n<td style=\"width: 277.962%; text-align: center;\" width=\"312\">2h (S\u1ea1c DC)<\/td>\n<\/tr>\n<tr>\n<td style=\"width: 50.0252%; text-align: center;\" width=\"312\"><strong>Th\u1eddi gian s\u1ea1c:<\/strong><\/td>\n<td style=\"width: 277.962%; text-align: center;\" width=\"312\">24h<\/td>\n<\/tr>\n<tr>\n<td style=\"width: 50.0252%; text-align: center;\" width=\"312\"><strong>K\u00edch th\u01b0\u1edbc:<\/strong><\/td>\n<td style=\"width: 277.962%; text-align: center;\" width=\"312\">520mm x 180mm x40mm<\/td>\n<\/tr>\n<tr>\n<td style=\"width: 50.0252%; text-align: center;\" width=\"312\"><strong>B\u1ea3o h\u00e0nh:<\/strong><\/td>\n<td style=\"width: 277.962%; text-align: center;\" width=\"312\">12 th\u00e1ng<\/td>\n<\/tr>\n<\/tbody>\n<\/table>\n<h2><span style=\"color: #000080;\"><strong>II\/ \u1ee8ng d\u1ee5ng c\u1ee7a \u0111\u00e8n tho\u00e1t hi\u1ec3m 2 m\u1eb7t KT-640<\/strong><\/span><\/h2>\n<p><span style=\"font-weight: 400;\">\u0110\u00e8n Exit 2 m\u1eb7t KT-640 c\u1ee7a th\u01b0\u01a1ng hi\u1ec7u <span style=\"color: #000098;\"><a style=\"color: #000098;\" href=\"https:\/\/aslighting.com.vn\/ja\/product-category\/kentom\/\"><strong>Kentom<\/strong><\/a><\/span> th\u00edch h\u1ee3p l\u1eafp \u0111\u1eb7t cho nhi\u1ec1u v\u1ecb tr\u00ed chi\u1ebfu s\u00e1ng kh\u00e1c nhau nh\u01b0 trong c\u1ea7u thang b\u1ed9, c\u00e1c chung c\u01b0, t\u00f2a nh\u00e0 cao t\u1ea7ng, si\u00eau th\u1ecb, nh\u00e0 kho, t\u1ea7ng h\u1ea7m, b\u1ec7nh vi\u1ec7n, tr\u01b0\u1eddng h\u1ecdc, c\u00e1c c\u00f4ng ty, x\u00ed nghi\u1ec7p,\u2026 v\u00e0 r\u1ea5t nhi\u1ec1u n\u01a1i kh\u00e1c c\u1ea7n c\u00f3 l\u1ed1i tho\u00e1t hi\u1ec3m, nh\u1ea5t l\u00e0 trong c\u00e1c h\u1ec7 th\u1ed1ng c\u00f3 thi\u1ebft k\u1ebf nhi\u1ec1u ph\u00f2ng, nhi\u1ec1u t\u1ea7ng nh\u01b0 hi\u1ec7n nay.<\/span><\/p>\n<p><a href=\"https:\/\/aslighting.com.vn\/wp-content\/uploads\/2022\/11\/dnp785-van-phong-shopee-noithat-171218-ok-scaled.jpg\"><img decoding=\"async\" class=\"aligncenter wp-image-4212 lazyload\" data-src=\"https:\/\/aslighting.com.vn\/wp-content\/uploads\/2022\/11\/dnp785-van-phong-shopee-noithat-171218-ok-scaled.jpg\" alt=\"\" width=\"600\" height=\"263\" data-srcset=\"\/wp-content\/uploads\/2022\/11\/dnp785-van-phong-shopee-noithat-171218-ok-scaled.jpg 1000w, \/wp-content\/uploads\/2022\/11\/dnp785-van-phong-shopee-noithat-171218-ok-300x131.jpg 300w, \/wp-content\/uploads\/2022\/11\/dnp785-van-phong-shopee-noithat-171218-ok-1024x448.jpg 1024w, \/wp-content\/uploads\/2022\/11\/dnp785-van-phong-shopee-noithat-171218-ok-768x336.jpg 768w, \/wp-content\/uploads\/2022\/11\/dnp785-van-phong-shopee-noithat-171218-ok-1536x672.jpg 1536w, \/wp-content\/uploads\/2022\/11\/dnp785-van-phong-shopee-noithat-171218-ok-18x8.jpg 18w, \/wp-content\/uploads\/2022\/11\/dnp785-van-phong-shopee-noithat-171218-ok-600x263.jpg 600w\" data-sizes=\"(max-width: 600px) 100vw, 600px\" src=\"data:image\/svg+xml;base64,PHN2ZyB3aWR0aD0iMSIgaGVpZ2h0PSIxIiB4bWxucz0iaHR0cDovL3d3dy53My5vcmcvMjAwMC9zdmciPjwvc3ZnPg==\" style=\"--smush-placeholder-width: 600px; --smush-placeholder-aspect-ratio: 600\/263;\" \/><\/a><\/p>","protected":false},"excerpt":{"rendered":"<p><strong>C\u00f4ng su\u1ea5t:<\/strong> 6W<\/p>\n<p><b>\u0110i\u1ec7n \u00e1p: <\/b>220V<\/p>\n<p><strong>Pin: <\/strong>3.7V 2000mAh<\/p>\n<p><strong>Th\u1eddi gian l\u01b0u \u0111i\u1ec7n: <\/strong>2h (S\u1ea1c DC)<\/p>\n<p><strong>Th\u1eddi gian s\u1ea1c: <\/strong>24h<\/p>\n<p><strong>K\u00edch th\u01b0\u1edbc:<\/strong> 520mm x 180mm x40mm<\/p>\n<p><strong>B\u1ea3o h\u00e0nh:<\/strong> 12 th\u00e1ng<\/p>","protected":false},"featured_media":2146,"comment_status":"open","ping_status":"closed","template":"","meta":[],"product_brand":[],"product_cat":[284,289,283],"product_tag":[],"class_list":{"0":"post-2145","1":"product","2":"type-product","3":"status-publish","4":"has-post-thumbnail","6":"product_cat-den-thoat-hiem","7":"product_cat-den-thoat-hiem-2-mat-kt-640-6w","8":"product_cat-kentom","10":"first","11":"instock","12":"shipping-taxable","13":"product-type-simple"},"yoast_head":"<!-- This site is optimized with the Yoast SEO Premium plugin v22.0 (Yoast SEO v22.5) - https:\/\/yoast.com\/wordpress\/plugins\/seo\/ -->\n<title>\u0110\u00e8n tho\u00e1t hi\u1ec3m 2 m\u1eb7t KT-640 6W Kentom ch\u00ednh h\u00e3ng gi\u00e1 t\u1ed1t<\/title>\n<meta name=\"description\" content=\"\u0110\u00e8n tho\u00e1t hi\u1ec3m 2 m\u1eb7t KT-640 6W Kentom ch\u00ednh h\u00e3ng gi\u00e1 t\u1ed1t nh\u1ea5t \u0111\u01b0\u1ee3c c\u00f4ng ty c\u1ed5 ph\u1ea7n thi\u1ebft b\u1ecb chi\u1ebfu s\u00e1ng \u00c1nh Sao cung c\u1ea5p t\u1edbi kh\u00e1ch h\u00e0ng ho\u00e0n h\u1ea3o nh\u1ea5t\" \/>\n<meta name=\"robots\" content=\"index, follow, max-snippet:-1, max-image-preview:large, max-video-preview:-1\" \/>\n<link rel=\"canonical\" href=\"https:\/\/aslighting.com.vn\/ja\/product\/den-thoat-hiem-2-mat-kt-640-6w-kentom\/\" \/>\n<meta property=\"og:locale\" content=\"ja_JP\" \/>\n<meta property=\"og:type\" content=\"article\" \/>\n<meta property=\"og:title\" content=\"\u0110\u00c8N THO\u00c1T HI\u1ec2M 2 M\u1eb6T KT-640 6W KENTOM\" \/>\n<meta property=\"og:description\" content=\"\u0110\u00e8n tho\u00e1t hi\u1ec3m 2 m\u1eb7t KT-640 6W Kentom ch\u00ednh h\u00e3ng gi\u00e1 t\u1ed1t nh\u1ea5t \u0111\u01b0\u1ee3c c\u00f4ng ty c\u1ed5 ph\u1ea7n thi\u1ebft b\u1ecb chi\u1ebfu s\u00e1ng \u00c1nh Sao cung c\u1ea5p t\u1edbi kh\u00e1ch h\u00e0ng ho\u00e0n h\u1ea3o nh\u1ea5t\" \/>\n<meta property=\"og:url\" content=\"https:\/\/aslighting.com.vn\/ja\/product\/den-thoat-hiem-2-mat-kt-640-6w-kentom\/\" \/>\n<meta property=\"og:site_name\" content=\"C\u00f4ng Ty C\u1ed5 Ph\u1ea7n Gi\u1ea3i Ph\u00e1p Chi\u1ebfu S\u00e1ng To\u00e0n Di\u1ec7n \u00c1nh Sao\" \/>\n<meta property=\"article:modified_time\" content=\"2023-06-24T07:15:01+00:00\" \/>\n<meta property=\"og:image\" content=\"https:\/\/aslighting.com.vn\/wp-content\/uploads\/2022\/11\/20210811230848_anh-nho.png\" \/>\n\t<meta property=\"og:image:width\" content=\"900\" \/>\n\t<meta property=\"og:image:height\" content=\"781\" \/>\n\t<meta property=\"og:image:type\" content=\"image\/png\" \/>\n<meta name=\"twitter:card\" content=\"summary_large_image\" \/>\n<meta name=\"twitter:label1\" content=\"\u63a8\u5b9a\u8aad\u307f\u53d6\u308a\u6642\u9593\" \/>\n\t<meta name=\"twitter:data1\" content=\"3\u5206\" \/>\n<script type=\"application\/ld+json\" class=\"yoast-schema-graph\">{\"@context\":\"https:\/\/schema.org\",\"@graph\":[{\"@type\":\"WebPage\",\"@id\":\"https:\/\/aslighting.com.vn\/san-pham\/den-thoat-hiem-2-mat-kt-640-6w-kentom\/\",\"url\":\"https:\/\/aslighting.com.vn\/san-pham\/den-thoat-hiem-2-mat-kt-640-6w-kentom\/\",\"name\":\"\u0110\u00e8n tho\u00e1t hi\u1ec3m 2 m\u1eb7t KT-640 6W Kentom ch\u00ednh h\u00e3ng gi\u00e1 t\u1ed1t\",\"isPartOf\":{\"@id\":\"https:\/\/aslighting.com.vn\/#website\"},\"primaryImageOfPage\":{\"@id\":\"https:\/\/aslighting.com.vn\/san-pham\/den-thoat-hiem-2-mat-kt-640-6w-kentom\/#primaryimage\"},\"image\":{\"@id\":\"https:\/\/aslighting.com.vn\/san-pham\/den-thoat-hiem-2-mat-kt-640-6w-kentom\/#primaryimage\"},\"thumbnailUrl\":\"\/wp-content\/uploads\/2022\/11\/20210811230848_anh-nho.png\",\"datePublished\":\"2022-11-29T03:50:54+00:00\",\"dateModified\":\"2023-06-24T07:15:01+00:00\",\"description\":\"\u0110\u00e8n tho\u00e1t hi\u1ec3m 2 m\u1eb7t KT-640 6W Kentom ch\u00ednh h\u00e3ng gi\u00e1 t\u1ed1t nh\u1ea5t \u0111\u01b0\u1ee3c c\u00f4ng ty c\u1ed5 ph\u1ea7n thi\u1ebft b\u1ecb chi\u1ebfu s\u00e1ng \u00c1nh Sao cung c\u1ea5p t\u1edbi kh\u00e1ch h\u00e0ng ho\u00e0n h\u1ea3o nh\u1ea5t\",\"breadcrumb\":{\"@id\":\"https:\/\/aslighting.com.vn\/san-pham\/den-thoat-hiem-2-mat-kt-640-6w-kentom\/#breadcrumb\"},\"inLanguage\":\"ja\",\"potentialAction\":[{\"@type\":\"ReadAction\",\"target\":[\"https:\/\/aslighting.com.vn\/san-pham\/den-thoat-hiem-2-mat-kt-640-6w-kentom\/\"]}]},{\"@type\":\"ImageObject\",\"inLanguage\":\"ja\",\"@id\":\"https:\/\/aslighting.com.vn\/san-pham\/den-thoat-hiem-2-mat-kt-640-6w-kentom\/#primaryimage\",\"url\":\"\/wp-content\/uploads\/2022\/11\/20210811230848_anh-nho.png\",\"contentUrl\":\"\/wp-content\/uploads\/2022\/11\/20210811230848_anh-nho.png\",\"width\":900,\"height\":781},{\"@type\":\"BreadcrumbList\",\"@id\":\"https:\/\/aslighting.com.vn\/san-pham\/den-thoat-hiem-2-mat-kt-640-6w-kentom\/#breadcrumb\",\"itemListElement\":[{\"@type\":\"ListItem\",\"position\":1,\"name\":\"Trang ch\u1ee7\",\"item\":\"https:\/\/aslighting.com.vn\/vi\/\"},{\"@type\":\"ListItem\",\"position\":2,\"name\":\"S\u1ea3n ph\u1ea9m\",\"item\":\"https:\/\/aslighting.com.vn\/en\/san-pham\/\"},{\"@type\":\"ListItem\",\"position\":3,\"name\":\"\u0110\u00c8N THO\u00c1T HI\u1ec2M 2 M\u1eb6T KT-640 6W KENTOM\"}]},{\"@type\":\"WebSite\",\"@id\":\"https:\/\/aslighting.com.vn\/#website\",\"url\":\"https:\/\/aslighting.com.vn\/\",\"name\":\"C\u00f4ng Ty C\u1ed5 Ph\u1ea7n Gi\u1ea3i Ph\u00e1p Chi\u1ebfu S\u00e1ng To\u00e0n Di\u1ec7n \u00c1nh Sao\",\"description\":\"\",\"publisher\":{\"@id\":\"https:\/\/aslighting.com.vn\/#organization\"},\"potentialAction\":[{\"@type\":\"SearchAction\",\"target\":{\"@type\":\"EntryPoint\",\"urlTemplate\":\"https:\/\/aslighting.com.vn\/?s={search_term_string}\"},\"query-input\":\"required name=search_term_string\"}],\"inLanguage\":\"ja\"},{\"@type\":\"Organization\",\"@id\":\"https:\/\/aslighting.com.vn\/#organization\",\"name\":\"C\u00f4ng Ty C\u1ed5 Ph\u1ea7n Gi\u1ea3i Ph\u00e1p Chi\u1ebfu S\u00e1ng To\u00e0n Di\u1ec7n \u00c1nh Sao\",\"url\":\"https:\/\/aslighting.com.vn\/\",\"logo\":{\"@type\":\"ImageObject\",\"inLanguage\":\"ja\",\"@id\":\"https:\/\/aslighting.com.vn\/#\/schema\/logo\/image\/\",\"url\":\"\/wp-content\/uploads\/2022\/10\/logo-ANHSAO.png\",\"contentUrl\":\"\/wp-content\/uploads\/2022\/10\/logo-ANHSAO.png\",\"width\":1091,\"height\":360,\"caption\":\"C\u00f4ng Ty C\u1ed5 Ph\u1ea7n Gi\u1ea3i Ph\u00e1p Chi\u1ebfu S\u00e1ng To\u00e0n Di\u1ec7n \u00c1nh Sao\"},\"image\":{\"@id\":\"https:\/\/aslighting.com.vn\/#\/schema\/logo\/image\/\"}}]}<\/script>\n<!-- \/ Yoast SEO Premium plugin. -->","yoast_head_json":{"title":"\u0110\u00e8n tho\u00e1t hi\u1ec3m 2 m\u1eb7t KT-640 6W Kentom ch\u00ednh h\u00e3ng gi\u00e1 t\u1ed1t","description":"\u0110\u00e8n tho\u00e1t hi\u1ec3m 2 m\u1eb7t KT-640 6W Kentom ch\u00ednh h\u00e3ng gi\u00e1 t\u1ed1t nh\u1ea5t \u0111\u01b0\u1ee3c c\u00f4ng ty c\u1ed5 ph\u1ea7n thi\u1ebft b\u1ecb chi\u1ebfu s\u00e1ng \u00c1nh Sao cung c\u1ea5p t\u1edbi kh\u00e1ch h\u00e0ng ho\u00e0n h\u1ea3o nh\u1ea5t","robots":{"index":"index","follow":"follow","max-snippet":"max-snippet:-1","max-image-preview":"max-image-preview:large","max-video-preview":"max-video-preview:-1"},"canonical":"https:\/\/aslighting.com.vn\/ja\/product\/den-thoat-hiem-2-mat-kt-640-6w-kentom\/","og_locale":"ja_JP","og_type":"article","og_title":"\u0110\u00c8N THO\u00c1T HI\u1ec2M 2 M\u1eb6T KT-640 6W KENTOM","og_description":"\u0110\u00e8n tho\u00e1t hi\u1ec3m 2 m\u1eb7t KT-640 6W Kentom ch\u00ednh h\u00e3ng gi\u00e1 t\u1ed1t nh\u1ea5t \u0111\u01b0\u1ee3c c\u00f4ng ty c\u1ed5 ph\u1ea7n thi\u1ebft b\u1ecb chi\u1ebfu s\u00e1ng \u00c1nh Sao cung c\u1ea5p t\u1edbi kh\u00e1ch h\u00e0ng ho\u00e0n h\u1ea3o nh\u1ea5t","og_url":"https:\/\/aslighting.com.vn\/ja\/product\/den-thoat-hiem-2-mat-kt-640-6w-kentom\/","og_site_name":"C\u00f4ng Ty C\u1ed5 Ph\u1ea7n Gi\u1ea3i Ph\u00e1p Chi\u1ebfu S\u00e1ng To\u00e0n Di\u1ec7n \u00c1nh Sao","article_modified_time":"2023-06-24T07:15:01+00:00","og_image":[{"width":900,"height":781,"url":"https:\/\/aslighting.com.vn\/wp-content\/uploads\/2022\/11\/20210811230848_anh-nho.png","type":"image\/png"}],"twitter_card":"summary_large_image","twitter_misc":{"\u63a8\u5b9a\u8aad\u307f\u53d6\u308a\u6642\u9593":"3\u5206"},"schema":{"@context":"https:\/\/schema.org","@graph":[{"@type":"WebPage","@id":"https:\/\/aslighting.com.vn\/san-pham\/den-thoat-hiem-2-mat-kt-640-6w-kentom\/","url":"https:\/\/aslighting.com.vn\/san-pham\/den-thoat-hiem-2-mat-kt-640-6w-kentom\/","name":"\u0110\u00e8n tho\u00e1t hi\u1ec3m 2 m\u1eb7t KT-640 6W Kentom ch\u00ednh h\u00e3ng gi\u00e1 t\u1ed1t","isPartOf":{"@id":"https:\/\/aslighting.com.vn\/#website"},"primaryImageOfPage":{"@id":"https:\/\/aslighting.com.vn\/san-pham\/den-thoat-hiem-2-mat-kt-640-6w-kentom\/#primaryimage"},"image":{"@id":"https:\/\/aslighting.com.vn\/san-pham\/den-thoat-hiem-2-mat-kt-640-6w-kentom\/#primaryimage"},"thumbnailUrl":"\/wp-content\/uploads\/2022\/11\/20210811230848_anh-nho.png","datePublished":"2022-11-29T03:50:54+00:00","dateModified":"2023-06-24T07:15:01+00:00","description":"\u0110\u00e8n tho\u00e1t hi\u1ec3m 2 m\u1eb7t KT-640 6W Kentom ch\u00ednh h\u00e3ng gi\u00e1 t\u1ed1t nh\u1ea5t \u0111\u01b0\u1ee3c c\u00f4ng ty c\u1ed5 ph\u1ea7n thi\u1ebft b\u1ecb chi\u1ebfu s\u00e1ng \u00c1nh Sao cung c\u1ea5p t\u1edbi kh\u00e1ch h\u00e0ng ho\u00e0n h\u1ea3o nh\u1ea5t","breadcrumb":{"@id":"https:\/\/aslighting.com.vn\/san-pham\/den-thoat-hiem-2-mat-kt-640-6w-kentom\/#breadcrumb"},"inLanguage":"ja","potentialAction":[{"@type":"ReadAction","target":["https:\/\/aslighting.com.vn\/san-pham\/den-thoat-hiem-2-mat-kt-640-6w-kentom\/"]}]},{"@type":"ImageObject","inLanguage":"ja","@id":"https:\/\/aslighting.com.vn\/san-pham\/den-thoat-hiem-2-mat-kt-640-6w-kentom\/#primaryimage","url":"\/wp-content\/uploads\/2022\/11\/20210811230848_anh-nho.png","contentUrl":"\/wp-content\/uploads\/2022\/11\/20210811230848_anh-nho.png","width":900,"height":781},{"@type":"BreadcrumbList","@id":"https:\/\/aslighting.com.vn\/san-pham\/den-thoat-hiem-2-mat-kt-640-6w-kentom\/#breadcrumb","itemListElement":[{"@type":"ListItem","position":1,"name":"Trang ch\u1ee7","item":"https:\/\/aslighting.com.vn\/vi\/"},{"@type":"ListItem","position":2,"name":"S\u1ea3n ph\u1ea9m","item":"https:\/\/aslighting.com.vn\/en\/san-pham\/"},{"@type":"ListItem","position":3,"name":"\u0110\u00c8N THO\u00c1T HI\u1ec2M 2 M\u1eb6T KT-640 6W KENTOM"}]},{"@type":"WebSite","@id":"https:\/\/aslighting.com.vn\/#website","url":"https:\/\/aslighting.com.vn\/","name":"C\u00f4ng Ty C\u1ed5 Ph\u1ea7n Gi\u1ea3i Ph\u00e1p Chi\u1ebfu S\u00e1ng To\u00e0n Di\u1ec7n \u00c1nh Sao","description":"","publisher":{"@id":"https:\/\/aslighting.com.vn\/#organization"},"potentialAction":[{"@type":"SearchAction","target":{"@type":"EntryPoint","urlTemplate":"https:\/\/aslighting.com.vn\/?s={search_term_string}"},"query-input":"required name=search_term_string"}],"inLanguage":"ja"},{"@type":"Organization","@id":"https:\/\/aslighting.com.vn\/#organization","name":"C\u00f4ng Ty C\u1ed5 Ph\u1ea7n Gi\u1ea3i Ph\u00e1p Chi\u1ebfu S\u00e1ng To\u00e0n Di\u1ec7n \u00c1nh Sao","url":"https:\/\/aslighting.com.vn\/","logo":{"@type":"ImageObject","inLanguage":"ja","@id":"https:\/\/aslighting.com.vn\/#\/schema\/logo\/image\/","url":"\/wp-content\/uploads\/2022\/10\/logo-ANHSAO.png","contentUrl":"\/wp-content\/uploads\/2022\/10\/logo-ANHSAO.png","width":1091,"height":360,"caption":"C\u00f4ng Ty C\u1ed5 Ph\u1ea7n Gi\u1ea3i Ph\u00e1p Chi\u1ebfu S\u00e1ng To\u00e0n Di\u1ec7n \u00c1nh Sao"},"image":{"@id":"https:\/\/aslighting.com.vn\/#\/schema\/logo\/image\/"}}]}},"_links":{"self":[{"href":"https:\/\/aslighting.com.vn\/ja\/wp-json\/wp\/v2\/product\/2145","targetHints":{"allow":["GET"]}}],"collection":[{"href":"https:\/\/aslighting.com.vn\/ja\/wp-json\/wp\/v2\/product"}],"about":[{"href":"https:\/\/aslighting.com.vn\/ja\/wp-json\/wp\/v2\/types\/product"}],"replies":[{"embeddable":true,"href":"https:\/\/aslighting.com.vn\/ja\/wp-json\/wp\/v2\/comments?post=2145"}],"wp:featuredmedia":[{"embeddable":true,"href":"https:\/\/aslighting.com.vn\/ja\/wp-json\/wp\/v2\/media\/2146"}],"wp:attachment":[{"href":"https:\/\/aslighting.com.vn\/ja\/wp-json\/wp\/v2\/media?parent=2145"}],"wp:term":[{"taxonomy":"product_brand","embeddable":true,"href":"https:\/\/aslighting.com.vn\/ja\/wp-json\/wp\/v2\/product_brand?post=2145"},{"taxonomy":"product_cat","embeddable":true,"href":"https:\/\/aslighting.com.vn\/ja\/wp-json\/wp\/v2\/product_cat?post=2145"},{"taxonomy":"product_tag","embeddable":true,"href":"https:\/\/aslighting.com.vn\/ja\/wp-json\/wp\/v2\/product_tag?post=2145"}],"curies":[{"name":"wp","href":"https:\/\/api.w.org\/{rel}","templated":true}]}}