{"id":2158,"date":"2022-11-29T11:43:07","date_gmt":"2022-11-29T04:43:07","guid":{"rendered":"https:\/\/aslighting.com.vn\/?post_type=product&#038;p=2158"},"modified":"2023-06-24T15:19:46","modified_gmt":"2023-06-24T08:19:46","slug":"den-thoat-hiem-2-mat-kt-690-3w-kentom","status":"publish","type":"product","link":"https:\/\/aslighting.com.vn\/ja\/product\/den-thoat-hiem-2-mat-kt-690-3w-kentom\/","title":{"rendered":"\u0110\u00c8N THO\u00c1T HI\u1ec2M 2 M\u1eb6T KT-690 3W KENTOM"},"content":{"rendered":"<p><span style=\"font-weight: 400;\">D\u00f2ng s\u1ea3n ph\u1ea9m <span style=\"color: #000098;\"><a style=\"color: #000098;\" href=\"https:\/\/aslighting.com.vn\/ja\/product\/den-thoat-hiem-2-mat-kt-690-3w-kentom\/\"><strong>\u0111\u00e8n tho\u00e1t hi\u1ec3m 2 m\u1eb7t KT-690<\/strong><\/a><\/span> \u0111\u01b0\u1ee3c nhi\u1ec1u ng\u01b0\u1eddi s\u1eed d\u1ee5ng b\u1edfi \u0111\u00e8n ch\u1ec9 d\u00f9ng c\u00f4ng su\u1ea5t 3W ti\u1ebft ki\u1ec7m \u0111i\u1ec7n n\u0103ng t\u1ed1i \u0111a. H\u00e3y c\u00f9ng t\u00ecm hi\u1ec3u th\u00eam c\u00e1c t\u00ednh n\u0103ng \u01b0u vi\u1ec7t c\u1ee7a s\u1ea3n ph\u1ea9m n\u00e0y nh\u00e9.<\/span><\/p>\n<p><a href=\"https:\/\/aslighting.com.vn\/wp-content\/uploads\/2022\/11\/20210811235500_kt-610-620-680-69020.png\"><img fetchpriority=\"high\" decoding=\"async\" class=\"aligncenter wp-image-4227\" src=\"https:\/\/aslighting.com.vn\/wp-content\/uploads\/2022\/11\/20210811235500_kt-610-620-680-69020.png\" alt=\"\" width=\"500\" height=\"500\" srcset=\"\/wp-content\/uploads\/2022\/11\/20210811235500_kt-610-620-680-69020.png 900w, \/wp-content\/uploads\/2022\/11\/20210811235500_kt-610-620-680-69020-300x300.png 300w, \/wp-content\/uploads\/2022\/11\/20210811235500_kt-610-620-680-69020-150x150.png 150w, \/wp-content\/uploads\/2022\/11\/20210811235500_kt-610-620-680-69020-768x768.png 768w, \/wp-content\/uploads\/2022\/11\/20210811235500_kt-610-620-680-69020-12x12.png 12w, \/wp-content\/uploads\/2022\/11\/20210811235500_kt-610-620-680-69020-600x600.png 600w, \/wp-content\/uploads\/2022\/11\/20210811235500_kt-610-620-680-69020-100x100.png 100w\" sizes=\"(max-width: 500px) 100vw, 500px\" \/><\/a><\/p>\n<p style=\"text-align: center;\"><span style=\"font-size: 10pt;\"><em>\u0110\u00e8n tho\u00e1t hi\u1ec3m 1 m\u1eb7t KT-690 3W Kentom \u0111\u01b0\u1ee3c \u00c1nh Sao ph\u00e2n ph\u1ed1i ch\u00ednh h\u00e3ng<\/em><\/span><\/p>\n<h2><span style=\"color: #000080;\"><strong>I\/ \u0110\u1eb7c \u0111i\u1ec3m c\u1ee7a \u0111\u00e8n tho\u00e1t hi\u1ec3m 2 m\u1eb7t KT-690<\/strong><\/span><\/h2>\n<h3><span style=\"color: #ff6600;\"><strong>1. Thi\u1ebft k\u1ebf<\/strong><\/span><\/h3>\n<ul>\n<li><span style=\"font-weight: 400;\">S\u1ea3n ph\u1ea9m \u0111\u00e8n exit 2 m\u1eb7t KT-690 Kentom n\u00e0y l\u00e0 lo\u1ea1i s\u1ea3n ph\u1ea9m \u0111\u01b0\u1ee3c c\u1ea3i ti\u1ebfn so v\u1edbi c\u00e1c s\u1ea3n ph\u1ea9m tr\u01b0\u1edbc \u0111\u00f3 r\u1ea5t nhi\u1ec1u.\u00a0<\/span><\/li>\n<li><span style=\"font-weight: 400;\">\u0110\u00e8n \u0111\u01b0\u1ee3c \u00e1p d\u1ee5ng k\u1ef9 thu\u1eadt m\u1edbi nh\u1ea5t n\u00ean cho ngu\u1ed3n \u00e1nh s\u00e1ng m\u1ea1nh v\u00e0 \u1ed5n \u0111\u1ecbnh h\u01a1n, c\u0169ng nh\u01b0 c\u1ea3i ti\u1ebfn v\u1ec1 m\u1ea1ch \u0111i\u1ec7n n\u00ean r\u1ea5t \u1ed5n \u0111\u1ecbnh v\u00e0 an to\u00e0n v\u1ec1 \u0111i\u1ec7n khi s\u1eed d\u1ee5ng.\u00a0<\/span><\/li>\n<li><span style=\"font-weight: 400;\">\u0110\u00e8n exit 2 m\u1eb7t KT-690 Kentom lu\u00f4n duy tr\u00ec \u0111\u01b0\u1ee3c th\u1eddi gian chi\u1ebfu s\u00e1ng v\u00ec c\u00f3 trang b\u1ecb pin v\u1edbi th\u1eddi l\u01b0\u1ee3ng s\u1eed d\u1ee5ng l\u00ean \u0111\u1ebfn 3 gi\u1edd.\u00a0<\/span><\/li>\n<li><span style=\"font-weight: 400;\">\u0110\u00e8n \u0111\u01b0\u1ee3c thi\u1ebft k\u1ebf c\u00f3 ch\u1ebf \u0111\u1ed9 t\u1ef1 \u0111\u1ed9ng s\u1ea1c \u0111\u1ea7y trong v\u00f2ng 24 gi\u1edd v\u00e0 c\u00f2n c\u00f3 th\u1ec3 t\u1ef1 \u0111\u1ed9ng ng\u1eaft n\u00ean sau khi c\u00f3 s\u1ef1 c\u1ed1 \u0111\u00e8n, \u0111\u00e8n s\u1ebd t\u1ef1 \u0111\u1ed9ng b\u1eadt s\u00e1ng v\u00e0 \u0111\u1ea3m b\u1ea3o cho vi\u1ec7c t\u00ecm l\u1ed1i tho\u00e1t hi\u1ec3m \u0111\u01b0\u1ee3c nhanh ch\u00f3ng.<\/span><\/li>\n<li><span style=\"font-weight: 400;\">C\u00f9ng v\u1edbi vi\u1ec7c s\u1eed d\u1ee5ng pin hi\u1ec7n \u0111\u1ea1i n\u00e0y m\u00e0 \u0111\u00e8n kh\u00f4ng ti\u00eau t\u1ed1n nhi\u1ec1u n\u0103ng l\u01b0\u1ee3ng, h\u1ea1n ch\u1ebf h\u01b0 h\u1ecfng v\u00e0 thay l\u1eafp, ti\u1ebft ki\u1ec7m chi ph\u00ed s\u1eed d\u1ee5ng cho b\u1ea1n v\u00e0 c\u1ea3 c\u00f4ng tr\u00ecnh.<\/span><\/li>\n<\/ul>\n<h3><span style=\"color: #ff6600;\"><strong>2. \u01afu \u0111i\u1ec3m n\u1ed5i b\u1eadt<\/strong><\/span><\/h3>\n<ul>\n<li><span style=\"font-weight: 400;\">\u0110\u00e8n exit 2 m\u1eb7t KT-690 Kentom \u0111\u01b0\u1ee3c trang b\u1ecb kh\u1ea3 n\u0103ng t\u1ef1 \u0111\u1ed9ng chi\u1ebfu s\u00e1ng kh\u1ea9n c\u1ea5p khi g\u1eb7p s\u1ef1 c\u1ed1 m\u1ea5t \u0111i\u1ec7n m\u1ed9t c\u00e1ch \u0111\u1ed9t ng\u1ed9t, gi\u00fap ta \u0111\u1ecbnh h\u01b0\u1edbng l\u1ed1i \u0111i, \u0111\u01b0\u1eddng tho\u00e1t hi\u1ec3m nhanh nh\u1ea5t m\u00e0 kh\u00f4ng t\u1ed1n nhi\u1ec1u th\u1eddi gian.<\/span><\/li>\n<li><span style=\"font-weight: 400;\">Khi ph\u00e1t ra \u00e1nh s\u00e1ng \u0111\u00e8n t\u1ea1o cho ta m\u1ed9t \u00e1nh s\u00e1ng kh\u00f4ng ch\u00f3i m\u1eaft v\u00e0 r\u1ea5t d\u1ec5 nh\u00ecn th\u1ea5y nh\u1ea5t. D\u00f9 b\u1ea1n c\u00f3 \u0111ang \u0111\u00fang \u1edf xa \u0111\u1ebfn \u0111\u00e2u \u0111i ch\u0103ng n\u1eefa, gi\u00fap b\u1ea1n t\u00ecm \u0111\u01b0\u1ee3c v\u1ecb tr\u00ed an to\u00e0n m\u1ed9t c\u00e1ch nhanh h\u01a1n, s\u1ef1 an to\u00e0n c\u1ee7a b\u1ea1n s\u1ebd \u0111\u01b0\u1ee3c n\u00e2ng cao.<\/span><\/li>\n<li><span style=\"font-weight: 400;\">\u0110\u1eb7c bi\u1ec7t ngay c\u1ea3 trong tr\u01b0\u1eddng m\u1ea5t \u0111i\u1ec7n, l\u01b0\u1ee3ng pin c\u1ee7a \u0111\u00e8n v\u1eabn t\u1ea1o cho \u0111\u00e8n m\u1ed9t \u00e1nh s\u00e1ng ph\u00f9 h\u1ee3p v\u00e0 m\u1ed9t \u00e1nh s\u00e1ng li\u00ean t\u1ee5c kh\u00f4ng ch\u1eadp ch\u1eddn khi s\u1eed d\u1ee5ng \u0111\u00e8n tho\u00e1t hi\u1ec3m 2 m\u1eb7t KT-690.\u00a0<\/span><\/li>\n<\/ul>\n<h3><span style=\"color: #ff6600;\"><strong>3. Th\u00f4ng s\u1ed1 k\u1ef9 thu\u1eadt<\/strong><\/span><\/h3>\n<table style=\"width: 98.6235%; height: 168px;\" width=\"320\">\n<tbody>\n<tr style=\"height: 24px;\">\n<td style=\"width: 50.0252%; text-align: center; height: 24px;\" width=\"312\"><strong>C\u00f4ng su\u1ea5t:<\/strong><\/td>\n<td style=\"width: 277.962%; text-align: center; height: 24px;\" width=\"312\">3W<\/td>\n<\/tr>\n<tr style=\"height: 24px;\">\n<td style=\"width: 50.0252%; text-align: center; height: 24px;\" width=\"312\"><strong>\u0110i\u1ec7n \u00e1p:<\/strong><\/td>\n<td style=\"width: 277.962%; text-align: center; height: 24px;\" width=\"312\">220V<\/td>\n<\/tr>\n<tr style=\"height: 24px;\">\n<td style=\"width: 50.0252%; text-align: center; height: 24px;\" width=\"312\"><strong>Pin:<\/strong><\/td>\n<td style=\"width: 277.962%; text-align: center; height: 24px;\" width=\"312\">\u00a03.7V 2000mAh<\/td>\n<\/tr>\n<tr style=\"height: 24px;\">\n<td style=\"width: 50.0252%; text-align: center; height: 24px;\" width=\"312\"><strong>Th\u1eddi gian l\u01b0u \u0111i\u1ec7n:<\/strong><\/td>\n<td style=\"width: 277.962%; text-align: center; height: 24px;\" width=\"312\">3h (S\u1ea1c DC)<\/td>\n<\/tr>\n<tr style=\"height: 24px;\">\n<td style=\"width: 50.0252%; text-align: center; height: 24px;\" width=\"312\"><strong>Th\u1eddi gian s\u1ea1c:<\/strong><\/td>\n<td style=\"width: 277.962%; text-align: center; height: 24px;\" width=\"312\">24h<\/td>\n<\/tr>\n<tr style=\"height: 24px;\">\n<td style=\"width: 50.0252%; text-align: center; height: 24px;\" width=\"312\"><strong>K\u00edch th\u01b0\u1edbc:<\/strong><\/td>\n<td style=\"width: 277.962%; text-align: center; height: 24px;\" width=\"312\">400mm x 155mm x27mm<\/td>\n<\/tr>\n<tr style=\"height: 24px;\">\n<td style=\"width: 50.0252%; text-align: center; height: 24px;\" width=\"312\"><strong>B\u1ea3o h\u00e0nh:<\/strong><\/td>\n<td style=\"width: 277.962%; text-align: center; height: 24px;\" width=\"312\">12 th\u00e1ng<\/td>\n<\/tr>\n<\/tbody>\n<\/table>\n<h2><span style=\"color: #000080;\"><strong>II\/ \u1ee8ng d\u1ee5ng c\u1ee7a \u0111\u00e8n tho\u00e1t hi\u1ec3m 2 m\u1eb7t KT-690 3W<\/strong><\/span><\/h2>\n<p><span style=\"font-weight: 400;\">\u0110\u00e8n exit 2 m\u1eb7t KT-690 c\u1ee7a th\u01b0\u01a1ng hi\u1ec7u <a href=\"https:\/\/aslighting.com.vn\/ja\/product-category\/kentom\/den-thoat-hiem\/\"><strong><span style=\"color: #000098;\">Kentom<\/span><\/strong><\/a> \u0111\u01b0\u1ee3c \u1ee9ng d\u1ee5ng cho nhi\u1ec1u v\u1ecb tr\u00ed kh\u00e1c nhau nh\u01b0 trong c\u1ea7u thang b\u1ed9, n\u01a1i tho\u00e1t hi\u1ec3m trong c\u00e1c chung c\u01b0, t\u00f2a nh\u00e0 cao t\u1ea7ng, si\u00eau th\u1ecb, nh\u00e0 kho, t\u1ea7ng h\u1ea7m, b\u1ebfn c\u1ea3ng, trung t\u00e2m th\u01b0\u01a1ng m\u1ea1i, tr\u01b0\u1eddng h\u1ecdc, khu gi\u1ea3i tr\u00ed,\u2026<\/span><\/p>\n<p><a href=\"https:\/\/aslighting.com.vn\/wp-content\/uploads\/2022\/11\/Mau-mot-hanh-lang-tieu-chuan-scaled.jpg\"><img decoding=\"async\" class=\"aligncenter wp-image-4228 lazyload\" data-src=\"https:\/\/aslighting.com.vn\/wp-content\/uploads\/2022\/11\/Mau-mot-hanh-lang-tieu-chuan-scaled.jpg\" alt=\"\" width=\"600\" height=\"400\" data-srcset=\"\/wp-content\/uploads\/2022\/11\/Mau-mot-hanh-lang-tieu-chuan-scaled.jpg 1000w, \/wp-content\/uploads\/2022\/11\/Mau-mot-hanh-lang-tieu-chuan-300x200.jpg 300w, \/wp-content\/uploads\/2022\/11\/Mau-mot-hanh-lang-tieu-chuan-1024x682.jpg 1024w, \/wp-content\/uploads\/2022\/11\/Mau-mot-hanh-lang-tieu-chuan-768x512.jpg 768w, \/wp-content\/uploads\/2022\/11\/Mau-mot-hanh-lang-tieu-chuan-18x12.jpg 18w, \/wp-content\/uploads\/2022\/11\/Mau-mot-hanh-lang-tieu-chuan-600x400.jpg 600w\" data-sizes=\"(max-width: 600px) 100vw, 600px\" src=\"data:image\/svg+xml;base64,PHN2ZyB3aWR0aD0iMSIgaGVpZ2h0PSIxIiB4bWxucz0iaHR0cDovL3d3dy53My5vcmcvMjAwMC9zdmciPjwvc3ZnPg==\" style=\"--smush-placeholder-width: 600px; --smush-placeholder-aspect-ratio: 600\/400;\" \/><\/a><\/p>","protected":false},"excerpt":{"rendered":"<p><strong>C\u00f4ng su\u1ea5t:<\/strong> 3W<\/p>\n<p><b>\u0110i\u1ec7n \u00e1p: <\/b>220V<\/p>\n<p><strong>Pin: <\/strong>3.7V 2000mAh<\/p>\n<p><strong>Th\u1eddi gian l\u01b0u \u0111i\u1ec7n: <\/strong>3h (S\u1ea1c DC)<\/p>\n<p><strong>Th\u1eddi gian s\u1ea1c: <\/strong>24h<\/p>\n<p><strong>K\u00edch th\u01b0\u1edbc:<\/strong> 400mm x 155mm x27mm<\/p>\n<p><strong>B\u1ea3o h\u00e0nh:<\/strong> 12 th\u00e1ng<\/p>","protected":false},"featured_media":2156,"comment_status":"open","ping_status":"closed","template":"","meta":[],"product_brand":[],"product_cat":[284,294,283],"product_tag":[],"class_list":{"0":"post-2158","1":"product","2":"type-product","3":"status-publish","4":"has-post-thumbnail","6":"product_cat-den-thoat-hiem","7":"product_cat-den-thoat-hiem-2-mat-kt-690-3w","8":"product_cat-kentom","10":"first","11":"instock","12":"shipping-taxable","13":"product-type-simple"},"yoast_head":"<!-- This site is optimized with the Yoast SEO Premium plugin v22.0 (Yoast SEO v22.5) - https:\/\/yoast.com\/wordpress\/plugins\/seo\/ -->\n<title>\u0110\u00e8n tho\u00e1t hi\u1ec3m 1 m\u1eb7t KT-690 3W Kentom ch\u00ednh h\u00e3ng gi\u00e1 t\u1ed1t<\/title>\n<meta name=\"description\" content=\"\u0110\u00e8n tho\u00e1t hi\u1ec3m 1 m\u1eb7t KT-690 3W Kentom ch\u00ednh h\u00e3ng gi\u00e1 t\u1ed1t nh\u1ea5t \u0111\u01b0\u1ee3c c\u00f4ng ty c\u1ed5 ph\u1ea7n thi\u1ebft b\u1ecb chi\u1ebfu s\u00e1ng \u00c1nh Sao cung c\u1ea5p t\u1edbi kh\u00e1ch h\u00e0ng ho\u00e0n h\u1ea3o nh\u1ea5t\" \/>\n<meta name=\"robots\" content=\"index, follow, max-snippet:-1, max-image-preview:large, max-video-preview:-1\" \/>\n<link rel=\"canonical\" href=\"https:\/\/aslighting.com.vn\/ja\/product\/den-thoat-hiem-2-mat-kt-690-3w-kentom\/\" \/>\n<meta property=\"og:locale\" content=\"ja_JP\" \/>\n<meta property=\"og:type\" content=\"article\" \/>\n<meta property=\"og:title\" content=\"\u0110\u00c8N THO\u00c1T HI\u1ec2M 2 M\u1eb6T KT-690 3W KENTOM\" \/>\n<meta property=\"og:description\" content=\"\u0110\u00e8n tho\u00e1t hi\u1ec3m 1 m\u1eb7t KT-690 3W Kentom ch\u00ednh h\u00e3ng gi\u00e1 t\u1ed1t nh\u1ea5t \u0111\u01b0\u1ee3c c\u00f4ng ty c\u1ed5 ph\u1ea7n thi\u1ebft b\u1ecb chi\u1ebfu s\u00e1ng \u00c1nh Sao cung c\u1ea5p t\u1edbi kh\u00e1ch h\u00e0ng ho\u00e0n h\u1ea3o nh\u1ea5t\" \/>\n<meta property=\"og:url\" content=\"https:\/\/aslighting.com.vn\/ja\/product\/den-thoat-hiem-2-mat-kt-690-3w-kentom\/\" \/>\n<meta property=\"og:site_name\" content=\"C\u00f4ng Ty C\u1ed5 Ph\u1ea7n Gi\u1ea3i Ph\u00e1p Chi\u1ebfu S\u00e1ng To\u00e0n Di\u1ec7n \u00c1nh Sao\" \/>\n<meta property=\"article:modified_time\" content=\"2023-06-24T08:19:46+00:00\" \/>\n<meta property=\"og:image\" content=\"https:\/\/aslighting.com.vn\/wp-content\/uploads\/2022\/11\/20210811235500_anh-nho.png\" \/>\n\t<meta property=\"og:image:width\" content=\"900\" \/>\n\t<meta property=\"og:image:height\" content=\"781\" \/>\n\t<meta property=\"og:image:type\" content=\"image\/png\" \/>\n<meta name=\"twitter:card\" content=\"summary_large_image\" \/>\n<meta name=\"twitter:label1\" content=\"\u63a8\u5b9a\u8aad\u307f\u53d6\u308a\u6642\u9593\" \/>\n\t<meta name=\"twitter:data1\" content=\"4\u5206\" \/>\n<script type=\"application\/ld+json\" class=\"yoast-schema-graph\">{\"@context\":\"https:\/\/schema.org\",\"@graph\":[{\"@type\":\"WebPage\",\"@id\":\"https:\/\/aslighting.com.vn\/san-pham\/den-thoat-hiem-2-mat-kt-690-3w-kentom\/\",\"url\":\"https:\/\/aslighting.com.vn\/san-pham\/den-thoat-hiem-2-mat-kt-690-3w-kentom\/\",\"name\":\"\u0110\u00e8n tho\u00e1t hi\u1ec3m 1 m\u1eb7t KT-690 3W Kentom ch\u00ednh h\u00e3ng gi\u00e1 t\u1ed1t\",\"isPartOf\":{\"@id\":\"https:\/\/aslighting.com.vn\/#website\"},\"primaryImageOfPage\":{\"@id\":\"https:\/\/aslighting.com.vn\/san-pham\/den-thoat-hiem-2-mat-kt-690-3w-kentom\/#primaryimage\"},\"image\":{\"@id\":\"https:\/\/aslighting.com.vn\/san-pham\/den-thoat-hiem-2-mat-kt-690-3w-kentom\/#primaryimage\"},\"thumbnailUrl\":\"\/wp-content\/uploads\/2022\/11\/20210811235500_anh-nho.png\",\"datePublished\":\"2022-11-29T04:43:07+00:00\",\"dateModified\":\"2023-06-24T08:19:46+00:00\",\"description\":\"\u0110\u00e8n tho\u00e1t hi\u1ec3m 1 m\u1eb7t KT-690 3W Kentom ch\u00ednh h\u00e3ng gi\u00e1 t\u1ed1t nh\u1ea5t \u0111\u01b0\u1ee3c c\u00f4ng ty c\u1ed5 ph\u1ea7n thi\u1ebft b\u1ecb chi\u1ebfu s\u00e1ng \u00c1nh Sao cung c\u1ea5p t\u1edbi kh\u00e1ch h\u00e0ng ho\u00e0n h\u1ea3o nh\u1ea5t\",\"breadcrumb\":{\"@id\":\"https:\/\/aslighting.com.vn\/san-pham\/den-thoat-hiem-2-mat-kt-690-3w-kentom\/#breadcrumb\"},\"inLanguage\":\"ja\",\"potentialAction\":[{\"@type\":\"ReadAction\",\"target\":[\"https:\/\/aslighting.com.vn\/san-pham\/den-thoat-hiem-2-mat-kt-690-3w-kentom\/\"]}]},{\"@type\":\"ImageObject\",\"inLanguage\":\"ja\",\"@id\":\"https:\/\/aslighting.com.vn\/san-pham\/den-thoat-hiem-2-mat-kt-690-3w-kentom\/#primaryimage\",\"url\":\"\/wp-content\/uploads\/2022\/11\/20210811235500_anh-nho.png\",\"contentUrl\":\"\/wp-content\/uploads\/2022\/11\/20210811235500_anh-nho.png\",\"width\":900,\"height\":781},{\"@type\":\"BreadcrumbList\",\"@id\":\"https:\/\/aslighting.com.vn\/san-pham\/den-thoat-hiem-2-mat-kt-690-3w-kentom\/#breadcrumb\",\"itemListElement\":[{\"@type\":\"ListItem\",\"position\":1,\"name\":\"Trang ch\u1ee7\",\"item\":\"https:\/\/aslighting.com.vn\/vi\/\"},{\"@type\":\"ListItem\",\"position\":2,\"name\":\"S\u1ea3n ph\u1ea9m\",\"item\":\"https:\/\/aslighting.com.vn\/en\/san-pham\/\"},{\"@type\":\"ListItem\",\"position\":3,\"name\":\"\u0110\u00c8N THO\u00c1T HI\u1ec2M 2 M\u1eb6T KT-690 3W KENTOM\"}]},{\"@type\":\"WebSite\",\"@id\":\"https:\/\/aslighting.com.vn\/#website\",\"url\":\"https:\/\/aslighting.com.vn\/\",\"name\":\"C\u00f4ng Ty C\u1ed5 Ph\u1ea7n Gi\u1ea3i Ph\u00e1p Chi\u1ebfu S\u00e1ng To\u00e0n Di\u1ec7n \u00c1nh Sao\",\"description\":\"\",\"publisher\":{\"@id\":\"https:\/\/aslighting.com.vn\/#organization\"},\"potentialAction\":[{\"@type\":\"SearchAction\",\"target\":{\"@type\":\"EntryPoint\",\"urlTemplate\":\"https:\/\/aslighting.com.vn\/?s={search_term_string}\"},\"query-input\":\"required name=search_term_string\"}],\"inLanguage\":\"ja\"},{\"@type\":\"Organization\",\"@id\":\"https:\/\/aslighting.com.vn\/#organization\",\"name\":\"C\u00f4ng Ty C\u1ed5 Ph\u1ea7n Gi\u1ea3i Ph\u00e1p Chi\u1ebfu S\u00e1ng To\u00e0n Di\u1ec7n \u00c1nh Sao\",\"url\":\"https:\/\/aslighting.com.vn\/\",\"logo\":{\"@type\":\"ImageObject\",\"inLanguage\":\"ja\",\"@id\":\"https:\/\/aslighting.com.vn\/#\/schema\/logo\/image\/\",\"url\":\"\/wp-content\/uploads\/2022\/10\/logo-ANHSAO.png\",\"contentUrl\":\"\/wp-content\/uploads\/2022\/10\/logo-ANHSAO.png\",\"width\":1091,\"height\":360,\"caption\":\"C\u00f4ng Ty C\u1ed5 Ph\u1ea7n Gi\u1ea3i Ph\u00e1p Chi\u1ebfu S\u00e1ng To\u00e0n Di\u1ec7n \u00c1nh Sao\"},\"image\":{\"@id\":\"https:\/\/aslighting.com.vn\/#\/schema\/logo\/image\/\"}}]}<\/script>\n<!-- \/ Yoast SEO Premium plugin. -->","yoast_head_json":{"title":"\u0110\u00e8n tho\u00e1t hi\u1ec3m 1 m\u1eb7t KT-690 3W Kentom ch\u00ednh h\u00e3ng gi\u00e1 t\u1ed1t","description":"\u0110\u00e8n tho\u00e1t hi\u1ec3m 1 m\u1eb7t KT-690 3W Kentom ch\u00ednh h\u00e3ng gi\u00e1 t\u1ed1t nh\u1ea5t \u0111\u01b0\u1ee3c c\u00f4ng ty c\u1ed5 ph\u1ea7n thi\u1ebft b\u1ecb chi\u1ebfu s\u00e1ng \u00c1nh Sao cung c\u1ea5p t\u1edbi kh\u00e1ch h\u00e0ng ho\u00e0n h\u1ea3o nh\u1ea5t","robots":{"index":"index","follow":"follow","max-snippet":"max-snippet:-1","max-image-preview":"max-image-preview:large","max-video-preview":"max-video-preview:-1"},"canonical":"https:\/\/aslighting.com.vn\/ja\/product\/den-thoat-hiem-2-mat-kt-690-3w-kentom\/","og_locale":"ja_JP","og_type":"article","og_title":"\u0110\u00c8N THO\u00c1T HI\u1ec2M 2 M\u1eb6T KT-690 3W KENTOM","og_description":"\u0110\u00e8n tho\u00e1t hi\u1ec3m 1 m\u1eb7t KT-690 3W Kentom ch\u00ednh h\u00e3ng gi\u00e1 t\u1ed1t nh\u1ea5t \u0111\u01b0\u1ee3c c\u00f4ng ty c\u1ed5 ph\u1ea7n thi\u1ebft b\u1ecb chi\u1ebfu s\u00e1ng \u00c1nh Sao cung c\u1ea5p t\u1edbi kh\u00e1ch h\u00e0ng ho\u00e0n h\u1ea3o nh\u1ea5t","og_url":"https:\/\/aslighting.com.vn\/ja\/product\/den-thoat-hiem-2-mat-kt-690-3w-kentom\/","og_site_name":"C\u00f4ng Ty C\u1ed5 Ph\u1ea7n Gi\u1ea3i Ph\u00e1p Chi\u1ebfu S\u00e1ng To\u00e0n Di\u1ec7n \u00c1nh Sao","article_modified_time":"2023-06-24T08:19:46+00:00","og_image":[{"width":900,"height":781,"url":"https:\/\/aslighting.com.vn\/wp-content\/uploads\/2022\/11\/20210811235500_anh-nho.png","type":"image\/png"}],"twitter_card":"summary_large_image","twitter_misc":{"\u63a8\u5b9a\u8aad\u307f\u53d6\u308a\u6642\u9593":"4\u5206"},"schema":{"@context":"https:\/\/schema.org","@graph":[{"@type":"WebPage","@id":"https:\/\/aslighting.com.vn\/san-pham\/den-thoat-hiem-2-mat-kt-690-3w-kentom\/","url":"https:\/\/aslighting.com.vn\/san-pham\/den-thoat-hiem-2-mat-kt-690-3w-kentom\/","name":"\u0110\u00e8n tho\u00e1t hi\u1ec3m 1 m\u1eb7t KT-690 3W Kentom ch\u00ednh h\u00e3ng gi\u00e1 t\u1ed1t","isPartOf":{"@id":"https:\/\/aslighting.com.vn\/#website"},"primaryImageOfPage":{"@id":"https:\/\/aslighting.com.vn\/san-pham\/den-thoat-hiem-2-mat-kt-690-3w-kentom\/#primaryimage"},"image":{"@id":"https:\/\/aslighting.com.vn\/san-pham\/den-thoat-hiem-2-mat-kt-690-3w-kentom\/#primaryimage"},"thumbnailUrl":"\/wp-content\/uploads\/2022\/11\/20210811235500_anh-nho.png","datePublished":"2022-11-29T04:43:07+00:00","dateModified":"2023-06-24T08:19:46+00:00","description":"\u0110\u00e8n tho\u00e1t hi\u1ec3m 1 m\u1eb7t KT-690 3W Kentom ch\u00ednh h\u00e3ng gi\u00e1 t\u1ed1t nh\u1ea5t \u0111\u01b0\u1ee3c c\u00f4ng ty c\u1ed5 ph\u1ea7n thi\u1ebft b\u1ecb chi\u1ebfu s\u00e1ng \u00c1nh Sao cung c\u1ea5p t\u1edbi kh\u00e1ch h\u00e0ng ho\u00e0n h\u1ea3o nh\u1ea5t","breadcrumb":{"@id":"https:\/\/aslighting.com.vn\/san-pham\/den-thoat-hiem-2-mat-kt-690-3w-kentom\/#breadcrumb"},"inLanguage":"ja","potentialAction":[{"@type":"ReadAction","target":["https:\/\/aslighting.com.vn\/san-pham\/den-thoat-hiem-2-mat-kt-690-3w-kentom\/"]}]},{"@type":"ImageObject","inLanguage":"ja","@id":"https:\/\/aslighting.com.vn\/san-pham\/den-thoat-hiem-2-mat-kt-690-3w-kentom\/#primaryimage","url":"\/wp-content\/uploads\/2022\/11\/20210811235500_anh-nho.png","contentUrl":"\/wp-content\/uploads\/2022\/11\/20210811235500_anh-nho.png","width":900,"height":781},{"@type":"BreadcrumbList","@id":"https:\/\/aslighting.com.vn\/san-pham\/den-thoat-hiem-2-mat-kt-690-3w-kentom\/#breadcrumb","itemListElement":[{"@type":"ListItem","position":1,"name":"Trang ch\u1ee7","item":"https:\/\/aslighting.com.vn\/vi\/"},{"@type":"ListItem","position":2,"name":"S\u1ea3n ph\u1ea9m","item":"https:\/\/aslighting.com.vn\/en\/san-pham\/"},{"@type":"ListItem","position":3,"name":"\u0110\u00c8N THO\u00c1T HI\u1ec2M 2 M\u1eb6T KT-690 3W KENTOM"}]},{"@type":"WebSite","@id":"https:\/\/aslighting.com.vn\/#website","url":"https:\/\/aslighting.com.vn\/","name":"C\u00f4ng Ty C\u1ed5 Ph\u1ea7n Gi\u1ea3i Ph\u00e1p Chi\u1ebfu S\u00e1ng To\u00e0n Di\u1ec7n \u00c1nh Sao","description":"","publisher":{"@id":"https:\/\/aslighting.com.vn\/#organization"},"potentialAction":[{"@type":"SearchAction","target":{"@type":"EntryPoint","urlTemplate":"https:\/\/aslighting.com.vn\/?s={search_term_string}"},"query-input":"required name=search_term_string"}],"inLanguage":"ja"},{"@type":"Organization","@id":"https:\/\/aslighting.com.vn\/#organization","name":"C\u00f4ng Ty C\u1ed5 Ph\u1ea7n Gi\u1ea3i Ph\u00e1p Chi\u1ebfu S\u00e1ng To\u00e0n Di\u1ec7n \u00c1nh Sao","url":"https:\/\/aslighting.com.vn\/","logo":{"@type":"ImageObject","inLanguage":"ja","@id":"https:\/\/aslighting.com.vn\/#\/schema\/logo\/image\/","url":"\/wp-content\/uploads\/2022\/10\/logo-ANHSAO.png","contentUrl":"\/wp-content\/uploads\/2022\/10\/logo-ANHSAO.png","width":1091,"height":360,"caption":"C\u00f4ng Ty C\u1ed5 Ph\u1ea7n Gi\u1ea3i Ph\u00e1p Chi\u1ebfu S\u00e1ng To\u00e0n Di\u1ec7n \u00c1nh Sao"},"image":{"@id":"https:\/\/aslighting.com.vn\/#\/schema\/logo\/image\/"}}]}},"_links":{"self":[{"href":"https:\/\/aslighting.com.vn\/ja\/wp-json\/wp\/v2\/product\/2158","targetHints":{"allow":["GET"]}}],"collection":[{"href":"https:\/\/aslighting.com.vn\/ja\/wp-json\/wp\/v2\/product"}],"about":[{"href":"https:\/\/aslighting.com.vn\/ja\/wp-json\/wp\/v2\/types\/product"}],"replies":[{"embeddable":true,"href":"https:\/\/aslighting.com.vn\/ja\/wp-json\/wp\/v2\/comments?post=2158"}],"wp:featuredmedia":[{"embeddable":true,"href":"https:\/\/aslighting.com.vn\/ja\/wp-json\/wp\/v2\/media\/2156"}],"wp:attachment":[{"href":"https:\/\/aslighting.com.vn\/ja\/wp-json\/wp\/v2\/media?parent=2158"}],"wp:term":[{"taxonomy":"product_brand","embeddable":true,"href":"https:\/\/aslighting.com.vn\/ja\/wp-json\/wp\/v2\/product_brand?post=2158"},{"taxonomy":"product_cat","embeddable":true,"href":"https:\/\/aslighting.com.vn\/ja\/wp-json\/wp\/v2\/product_cat?post=2158"},{"taxonomy":"product_tag","embeddable":true,"href":"https:\/\/aslighting.com.vn\/ja\/wp-json\/wp\/v2\/product_tag?post=2158"}],"curies":[{"name":"wp","href":"https:\/\/api.w.org\/{rel}","templated":true}]}}