{"id":2336,"date":"2022-11-30T09:31:14","date_gmt":"2022-11-30T02:31:14","guid":{"rendered":"https:\/\/aslighting.com.vn\/?post_type=product&#038;p=2336"},"modified":"2023-05-27T16:56:52","modified_gmt":"2023-05-27T09:56:52","slug":"bo-luu-dien-bong-led-t8-mem-m-led-ac-mini","status":"publish","type":"product","link":"https:\/\/aslighting.com.vn\/ja\/product\/bo-luu-dien-bong-led-t8-mem-m-led-ac-mini\/","title":{"rendered":"B\u1ed8 L\u01afU \u0110I\u1ec6N B\u00d3NG LED T8 MEM\/M\/LED-AC\/MINI"},"content":{"rendered":"<p><span style=\"font-weight: 400;\">B\u1ed9 l\u01b0u \u0111i\u1ec7n b\u00f3ng Led <strong>T8 MEM\/M\/LED-AC\/MINI<\/strong> c\u1ee7a h\u00e3ng Maxspid \u0111\u01b0\u1ee3c bi\u1ebft \u0111\u1ebfn l\u00e0 d\u00f2ng l\u01b0u \u0111i\u1ec3m \u0111\u01b0\u1ee3c d\u00f9ng kh\u00e1 ph\u1ed5 bi\u1ebfn tr\u00ean th\u1ecb tr\u01b0\u1eddng b\u1edfi t\u00ednh hi\u1ec7u qu\u1ea3 c\u1ee7a n\u00f3. H\u00e3y c\u00f9ng xem chi ti\u1ebft s\u1ea3n ph\u1ea9m ngay d\u01b0\u1edbi \u0111\u00e2y.\u00a0<\/span><\/p>\n<p><a href=\"https:\/\/aslighting.com.vn\/wp-content\/uploads\/2022\/11\/20210825112335_118.png\"><img fetchpriority=\"high\" decoding=\"async\" class=\"aligncenter wp-image-4445\" src=\"https:\/\/aslighting.com.vn\/wp-content\/uploads\/2022\/11\/20210825112335_118.png\" alt=\"\" width=\"500\" height=\"500\" srcset=\"\/wp-content\/uploads\/2022\/11\/20210825112335_118.png 900w, \/wp-content\/uploads\/2022\/11\/20210825112335_118-300x300.png 300w, \/wp-content\/uploads\/2022\/11\/20210825112335_118-150x150.png 150w, \/wp-content\/uploads\/2022\/11\/20210825112335_118-768x768.png 768w, \/wp-content\/uploads\/2022\/11\/20210825112335_118-12x12.png 12w, \/wp-content\/uploads\/2022\/11\/20210825112335_118-600x600.png 600w, \/wp-content\/uploads\/2022\/11\/20210825112335_118-100x100.png 100w\" sizes=\"(max-width: 500px) 100vw, 500px\" \/><\/a><\/p>\n<p style=\"text-align: center;\"><span style=\"font-size: 10pt;\"><em>B\u1ed9 l\u01b0u \u0111i\u1ec7n b\u00f3ng Led T8 MEM\/M\/LED-AC\/MINI Maxspid \u0111\u01b0\u1ee3c \u00c1nh Sao ph\u00e2n ph\u1ed1i ch\u00ednh h\u00e3ng<\/em><\/span><\/p>\n<h2><span style=\"color: #000080;\"><strong>I\/ \u0110\u1eb7c \u0111i\u1ec3m c\u1ee7a b\u1ed9 l\u01b0u \u0111i\u1ec7n b\u00f3ng Led T8 MEM\/M\/LED-AC\/MINI<\/strong><\/span><\/h2>\n<h3><span style=\"color: #ff6600;\"><strong>1. Thi\u1ebft k\u1ebf<\/strong><\/span><\/h3>\n<ul>\n<li><span style=\"font-weight: 400;\">B\u1ed9 l\u01b0u \u0111i\u1ec7n b\u00f3ng Led T8 MEM\/M\/LED-AC\/MINI \u0111\u01b0\u1ee3c thi\u1ebft k\u1ebf nh\u1ecf g\u1ecdn, \u0111\u1ea3m b\u1ea3o t\u00ednh th\u1ea9m m\u1ef9 khi l\u1eafp \u0111\u1eb7t v\u1edbi s\u1ea3n ph\u1ea9m led ti\u00ean ti\u1ebfn T8.<\/span><\/li>\n<li><span style=\"font-weight: 400;\">S\u1ea3n ph\u1ea9m \u0111\u01b0\u1ee3c thi\u1ebft k\u1ebf v\u1edbi nhi\u1ec7t l\u01b0\u1ee3ng th\u1ea5p, kh\u00f4ng ph\u00e1t sinh nhi\u1ec7t trong qu\u00e1 tr\u00ecnh ho\u1ea1t \u0111\u1ed9ng.<\/span><\/li>\n<li><span style=\"font-weight: 400;\">B\u1ed9 l\u01b0u \u0111i\u1ec7n \u0111\u01b0\u1ee3c l\u1eafp \u0111\u1eb7t k\u1ebft h\u1ee3p v\u1edbi b\u00f3ng \u0111\u00e8n led T8 s\u1eed d\u1ee5ng khi m\u1ea5t \u0111i\u1ec7n l\u01b0\u1edbi \u0111\u1ed9t ng\u1ed9t, \u0111\u1ea3m b\u1ea3o \u0111\u1ed9 s\u00e1ng khi g\u1eb7p s\u1ef1 c\u1ed1.\u00a0<\/span><\/li>\n<\/ul>\n<h3><span style=\"color: #ff6600;\"><strong>2. \u01afu \u0111i\u1ec3m n\u1ed5i b\u1eadt<\/strong><\/span><\/h3>\n<ul>\n<li><span style=\"font-weight: 400;\">Th\u1eddi gian duy tr\u00ec ph\u00e1t s\u00e1ng khi x\u1ea3y ra s\u1ef1 c\u1ed1 tr\u00ean 2 gi\u1edd \u0111\u1ed3ng h\u1ed3, \u0111\u1ee7 th\u1eddi gian cho qu\u00e1 tr\u00ecnh di chuy\u1ec3n c\u1ee7a c\u00e1c h\u00e0nh kh\u00e1ch trong t\u00f2a nh\u00e0.<\/span><\/li>\n<li><span style=\"font-weight: 400;\">B\u1ed9 l\u01b0u \u0111i\u1ec7n cho b\u00f3ng Led T8 kh\u00f4ng ch\u1ee9a th\u1ee7y ng\u00e2n v\u00e0 h\u00f3a ch\u1ea5t \u0111\u1ed9c h\u1ea1i, kh\u00f4ng ph\u00e1t ra tia t\u1eed ngo\u1ea1i, an to\u00e0n cho ng\u01b0\u1eddi s\u1eed d\u1ee5ng.<\/span><\/li>\n<li><span style=\"font-weight: 400;\">\u0110\u1ed9 b\u1ec1n v\u00e0 \u0111\u1ed9 tin c\u1eady cao, \u00edt ph\u1ea3i b\u1ea3o tr\u00ec.<\/span><\/li>\n<li><span style=\"font-weight: 400;\">B\u1ed9 l\u01b0u \u0111i\u1ec7n \u0111\u01b0\u1ee3c k\u1ebft h\u1ee3p c\u00f9ng \u0111\u00e8n hu\u1ef3nh quang s\u1eed d\u1ee5ng ngu\u1ed3n \u0111i\u1ec7n nh\u1ecf nh\u01b0ng hi\u1ec7u qu\u1ea3 cao <\/span><span style=\"font-weight: 400;\">\u00a0\u0111\u1ea3m b\u1ea3o ti\u1ebft ki\u1ec7m \u0111i\u1ec7n n\u0103ng m\u1ed9t c\u00e1ch t\u1ed1i \u0111a.\u00a0<\/span><\/li>\n<\/ul>\n<h3><span style=\"color: #ff6600;\"><strong>3. Th\u00f4ng s\u1ed1 k\u1ef9 thu\u1eadt<\/strong><\/span><\/h3>\n<table style=\"width: 99.309%; height: 192px;\" width=\"500\">\n<tbody>\n<tr style=\"height: 24px;\">\n<td style=\"width: 51.4277%; text-align: center; height: 24px;\"><strong>\u0110i\u1ec7n \u00e1p:<\/strong><\/td>\n<td style=\"width: 152.581%; text-align: center; height: 24px;\">220V<\/td>\n<\/tr>\n<tr style=\"height: 24px;\">\n<td style=\"width: 51.4277%; text-align: center; height: 24px;\"><strong>Pin:<\/strong><\/td>\n<td style=\"width: 152.581%; text-align: center; height: 24px;\">NiCd<\/td>\n<\/tr>\n<tr style=\"height: 24px;\">\n<td style=\"width: 51.4277%; text-align: center; height: 24px;\"><strong>Th\u1eddi gian l\u01b0u \u0111i\u1ec7n:<\/strong><\/td>\n<td style=\"width: 152.581%; text-align: center; height: 24px;\">2h<\/td>\n<\/tr>\n<tr style=\"height: 24px;\">\n<td style=\"width: 51.4277%; text-align: center; height: 24px;\"><strong>Th\u1eddi gian s\u1ea1c:<\/strong><\/td>\n<td style=\"width: 152.581%; text-align: center; height: 24px;\">24h<\/td>\n<\/tr>\n<tr style=\"height: 24px;\">\n<td style=\"width: 51.4277%; text-align: center; height: 24px;\"><strong>K\u00edch th\u01b0\u1edbc:<\/strong><\/td>\n<td style=\"width: 152.581%; text-align: center; height: 24px;\">Ngu\u1ed3n: 213mm x 28mm x 32.5mm<\/td>\n<\/tr>\n<tr style=\"height: 48px;\">\n<td style=\"width: 51.4277%; text-align: center; height: 48px;\"><\/td>\n<td style=\"width: 152.581%; text-align: center; height: 48px;\">Pin: 300mm x 66mm x 33mm ho\u1eb7c 600mm x 33mm<\/td>\n<\/tr>\n<tr style=\"height: 24px;\">\n<td style=\"width: 51.4277%; text-align: center; height: 24px;\"><strong>B\u1ea3o h\u00e0nh:<\/strong><\/td>\n<td style=\"width: 152.581%; text-align: center; height: 24px;\">12 th\u00e1ng<\/td>\n<\/tr>\n<\/tbody>\n<\/table>\n<h2><span style=\"color: #000080;\"><strong>II\/ \u1ee8ng d\u1ee5ng c\u1ee7a b\u1ed9 l\u01b0u \u0111i\u1ec7n b\u00f3ng Led T8 MEM\/M\/LED-AC\/MINI<\/strong><\/span><\/h2>\n<p><span style=\"font-weight: 400;\">B\u1ed9 l\u01b0u \u0111i\u1ec7n b\u00f3ng Led T8 MEM\/M\/LED-AC\/MINI \u0111\u01b0\u1ee3c l\u1eafp \u0111\u1eb7t cho c\u00e1c b\u1ed9 \u0111\u00e8n chi\u1ebfu s\u00e1ng t\u1ea1i c\u00e1c t\u00f2a nh\u00e0, trung t\u00e2m th\u01b0\u01a1ng m\u1ea1i, h\u00e0nh lang b\u1ec7nh vi\u1ec7n, chung c\u01b0, nh\u00e0 m\u00e1y\u2026<\/span><\/p>\n<p><a href=\"https:\/\/aslighting.com.vn\/wp-content\/uploads\/2022\/11\/trungtam1-1-scaled.jpg\"><img decoding=\"async\" class=\"aligncenter wp-image-4446 lazyload\" data-src=\"https:\/\/aslighting.com.vn\/wp-content\/uploads\/2022\/11\/trungtam1-1-scaled.jpg\" alt=\"\" width=\"600\" height=\"388\" data-srcset=\"\/wp-content\/uploads\/2022\/11\/trungtam1-1-scaled.jpg 1000w, \/wp-content\/uploads\/2022\/11\/trungtam1-1-300x194.jpg 300w, \/wp-content\/uploads\/2022\/11\/trungtam1-1-1024x661.jpg 1024w, \/wp-content\/uploads\/2022\/11\/trungtam1-1-768x496.jpg 768w, \/wp-content\/uploads\/2022\/11\/trungtam1-1-18x12.jpg 18w, \/wp-content\/uploads\/2022\/11\/trungtam1-1-600x387.jpg 600w\" data-sizes=\"(max-width: 600px) 100vw, 600px\" src=\"data:image\/svg+xml;base64,PHN2ZyB3aWR0aD0iMSIgaGVpZ2h0PSIxIiB4bWxucz0iaHR0cDovL3d3dy53My5vcmcvMjAwMC9zdmciPjwvc3ZnPg==\" style=\"--smush-placeholder-width: 600px; --smush-placeholder-aspect-ratio: 600\/388;\" \/><\/a><\/p>\n<p style=\"text-align: center;\"><a href=\"https:\/\/drive.google.com\/file\/d\/1uc946N7yP1dpCD_aru2xByAxQxnG1hMM\/view?usp=sharing\"><img decoding=\"async\" class=\"alignnone size-medium wp-image-4530 lazyload\" data-src=\"https:\/\/aslighting.com.vn\/wp-content\/uploads\/2022\/11\/button_tai-catalogue-tai-day-1-300x49.png\" alt=\"\" width=\"300\" height=\"49\" data-srcset=\"\/wp-content\/uploads\/2022\/11\/button_tai-catalogue-tai-day-1-300x49.png 300w, \/wp-content\/uploads\/2022\/11\/button_tai-catalogue-tai-day-1-18x3.png 18w, \/wp-content\/uploads\/2022\/11\/button_tai-catalogue-tai-day-1.png 407w\" data-sizes=\"(max-width: 300px) 100vw, 300px\" src=\"data:image\/svg+xml;base64,PHN2ZyB3aWR0aD0iMSIgaGVpZ2h0PSIxIiB4bWxucz0iaHR0cDovL3d3dy53My5vcmcvMjAwMC9zdmciPjwvc3ZnPg==\" style=\"--smush-placeholder-width: 300px; --smush-placeholder-aspect-ratio: 300\/49;\" \/><\/a><\/p>","protected":false},"excerpt":{"rendered":"<p><strong>C\u00f4ng su\u1ea5t:<\/strong> 4.7W<\/p>\n<p><b>\u0110i\u1ec7n \u00e1p: <\/b>220V<\/p>\n<p><strong>Pin: <\/strong>NiCd<strong><br \/>\n<\/strong><\/p>\n<p><strong>Th\u1eddi gian l\u01b0u \u0111i\u1ec7n:<\/strong> 2h<\/p>\n<p><strong>Th\u1eddi gian s\u1ea1c: <\/strong>48h<\/p>\n<p><strong>K\u00edch th\u01b0\u1edbc:<\/strong> Ngu\u1ed3n: 213mm x 28mm x 32.5mm, Pin: 300mm x 66mm x 33mm ho\u1eb7c 600mm x 33mm<\/p>\n<p><strong>B\u1ea3o h\u00e0nh:<\/strong> 12 th\u00e1ng<\/p>","protected":false},"featured_media":2337,"comment_status":"open","ping_status":"closed","template":"","meta":[],"product_brand":[],"product_cat":[314,348,311],"product_tag":[],"class_list":{"0":"post-2336","1":"product","2":"type-product","3":"status-publish","4":"has-post-thumbnail","6":"product_cat-bo-luu-dien","7":"product_cat-bo-luu-dien-bong-led-t8-mem-m-led-ac-mini","8":"product_cat-maxspid","10":"first","11":"instock","12":"shipping-taxable","13":"product-type-simple"},"yoast_head":"<!-- This site is optimized with the Yoast SEO Premium plugin v22.0 (Yoast SEO v22.5) - https:\/\/yoast.com\/wordpress\/plugins\/seo\/ -->\n<title>B\u1ed9 l\u01b0u \u0111i\u1ec7n b\u00f3ng Led T8 MEM\/M\/LED-AC\/MINI Maxspid gi\u00e1 t\u1ed1t<\/title>\n<meta name=\"description\" content=\"B\u1ed9 l\u01b0u \u0111i\u1ec7n b\u00f3ng Led T8 MEM\/M\/LED-AC\/MINI Maxspid ch\u00ednh h\u00e3ng gi\u00e1 t\u1ed1t nh\u1ea5t \u0111\u01b0\u1ee3c c\u00f4ng ty c\u1ed5 ph\u1ea7n thi\u1ebft b\u1ecb chi\u1ebfu s\u00e1ng \u00c1nh Sao cung c\u1ea5p t\u1edbi kh\u00e1ch h\u00e0ng ho\u00e0n h\u1ea3o\" \/>\n<meta name=\"robots\" content=\"index, follow, max-snippet:-1, max-image-preview:large, max-video-preview:-1\" \/>\n<link rel=\"canonical\" href=\"https:\/\/aslighting.com.vn\/ja\/product\/bo-luu-dien-bong-led-t8-mem-m-led-ac-mini\/\" \/>\n<meta property=\"og:locale\" content=\"ja_JP\" \/>\n<meta property=\"og:type\" content=\"article\" \/>\n<meta property=\"og:title\" content=\"B\u1ed8 L\u01afU \u0110I\u1ec6N B\u00d3NG LED T8 MEM\/M\/LED-AC\/MINI\" \/>\n<meta property=\"og:description\" content=\"B\u1ed9 l\u01b0u \u0111i\u1ec7n b\u00f3ng Led T8 MEM\/M\/LED-AC\/MINI Maxspid ch\u00ednh h\u00e3ng gi\u00e1 t\u1ed1t nh\u1ea5t \u0111\u01b0\u1ee3c c\u00f4ng ty c\u1ed5 ph\u1ea7n thi\u1ebft b\u1ecb chi\u1ebfu s\u00e1ng \u00c1nh Sao cung c\u1ea5p t\u1edbi kh\u00e1ch h\u00e0ng ho\u00e0n h\u1ea3o\" \/>\n<meta property=\"og:url\" content=\"https:\/\/aslighting.com.vn\/ja\/product\/bo-luu-dien-bong-led-t8-mem-m-led-ac-mini\/\" \/>\n<meta property=\"og:site_name\" content=\"C\u00f4ng Ty C\u1ed5 Ph\u1ea7n Gi\u1ea3i Ph\u00e1p Chi\u1ebfu S\u00e1ng To\u00e0n Di\u1ec7n \u00c1nh Sao\" \/>\n<meta property=\"article:modified_time\" content=\"2023-05-27T09:56:52+00:00\" \/>\n<meta property=\"og:image\" content=\"https:\/\/aslighting.com.vn\/wp-content\/uploads\/2022\/11\/20210825112335_1.png\" \/>\n\t<meta property=\"og:image:width\" content=\"900\" \/>\n\t<meta property=\"og:image:height\" content=\"780\" \/>\n\t<meta property=\"og:image:type\" content=\"image\/png\" \/>\n<meta name=\"twitter:card\" content=\"summary_large_image\" \/>\n<meta name=\"twitter:label1\" content=\"\u63a8\u5b9a\u8aad\u307f\u53d6\u308a\u6642\u9593\" \/>\n\t<meta name=\"twitter:data1\" content=\"3\u5206\" \/>\n<script type=\"application\/ld+json\" class=\"yoast-schema-graph\">{\"@context\":\"https:\/\/schema.org\",\"@graph\":[{\"@type\":\"WebPage\",\"@id\":\"https:\/\/aslighting.com.vn\/san-pham\/bo-luu-dien-bong-led-t8-mem-m-led-ac-mini\/\",\"url\":\"https:\/\/aslighting.com.vn\/san-pham\/bo-luu-dien-bong-led-t8-mem-m-led-ac-mini\/\",\"name\":\"B\u1ed9 l\u01b0u \u0111i\u1ec7n b\u00f3ng Led T8 MEM\/M\/LED-AC\/MINI Maxspid gi\u00e1 t\u1ed1t\",\"isPartOf\":{\"@id\":\"https:\/\/aslighting.com.vn\/#website\"},\"primaryImageOfPage\":{\"@id\":\"https:\/\/aslighting.com.vn\/san-pham\/bo-luu-dien-bong-led-t8-mem-m-led-ac-mini\/#primaryimage\"},\"image\":{\"@id\":\"https:\/\/aslighting.com.vn\/san-pham\/bo-luu-dien-bong-led-t8-mem-m-led-ac-mini\/#primaryimage\"},\"thumbnailUrl\":\"\/wp-content\/uploads\/2022\/11\/20210825112335_1.png\",\"datePublished\":\"2022-11-30T02:31:14+00:00\",\"dateModified\":\"2023-05-27T09:56:52+00:00\",\"description\":\"B\u1ed9 l\u01b0u \u0111i\u1ec7n b\u00f3ng Led T8 MEM\/M\/LED-AC\/MINI Maxspid ch\u00ednh h\u00e3ng gi\u00e1 t\u1ed1t nh\u1ea5t \u0111\u01b0\u1ee3c c\u00f4ng ty c\u1ed5 ph\u1ea7n thi\u1ebft b\u1ecb chi\u1ebfu s\u00e1ng \u00c1nh Sao cung c\u1ea5p t\u1edbi kh\u00e1ch h\u00e0ng ho\u00e0n h\u1ea3o\",\"breadcrumb\":{\"@id\":\"https:\/\/aslighting.com.vn\/san-pham\/bo-luu-dien-bong-led-t8-mem-m-led-ac-mini\/#breadcrumb\"},\"inLanguage\":\"ja\",\"potentialAction\":[{\"@type\":\"ReadAction\",\"target\":[\"https:\/\/aslighting.com.vn\/san-pham\/bo-luu-dien-bong-led-t8-mem-m-led-ac-mini\/\"]}]},{\"@type\":\"ImageObject\",\"inLanguage\":\"ja\",\"@id\":\"https:\/\/aslighting.com.vn\/san-pham\/bo-luu-dien-bong-led-t8-mem-m-led-ac-mini\/#primaryimage\",\"url\":\"\/wp-content\/uploads\/2022\/11\/20210825112335_1.png\",\"contentUrl\":\"\/wp-content\/uploads\/2022\/11\/20210825112335_1.png\",\"width\":900,\"height\":780},{\"@type\":\"BreadcrumbList\",\"@id\":\"https:\/\/aslighting.com.vn\/san-pham\/bo-luu-dien-bong-led-t8-mem-m-led-ac-mini\/#breadcrumb\",\"itemListElement\":[{\"@type\":\"ListItem\",\"position\":1,\"name\":\"Trang ch\u1ee7\",\"item\":\"https:\/\/aslighting.com.vn\/vi\/\"},{\"@type\":\"ListItem\",\"position\":2,\"name\":\"S\u1ea3n ph\u1ea9m\",\"item\":\"https:\/\/aslighting.com.vn\/en\/san-pham\/\"},{\"@type\":\"ListItem\",\"position\":3,\"name\":\"B\u1ed8 L\u01afU \u0110I\u1ec6N B\u00d3NG LED T8 MEM\/M\/LED-AC\/MINI\"}]},{\"@type\":\"WebSite\",\"@id\":\"https:\/\/aslighting.com.vn\/#website\",\"url\":\"https:\/\/aslighting.com.vn\/\",\"name\":\"C\u00f4ng Ty C\u1ed5 Ph\u1ea7n Gi\u1ea3i Ph\u00e1p Chi\u1ebfu S\u00e1ng To\u00e0n Di\u1ec7n \u00c1nh Sao\",\"description\":\"\",\"publisher\":{\"@id\":\"https:\/\/aslighting.com.vn\/#organization\"},\"potentialAction\":[{\"@type\":\"SearchAction\",\"target\":{\"@type\":\"EntryPoint\",\"urlTemplate\":\"https:\/\/aslighting.com.vn\/?s={search_term_string}\"},\"query-input\":\"required name=search_term_string\"}],\"inLanguage\":\"ja\"},{\"@type\":\"Organization\",\"@id\":\"https:\/\/aslighting.com.vn\/#organization\",\"name\":\"C\u00f4ng Ty C\u1ed5 Ph\u1ea7n Gi\u1ea3i Ph\u00e1p Chi\u1ebfu S\u00e1ng To\u00e0n Di\u1ec7n \u00c1nh Sao\",\"url\":\"https:\/\/aslighting.com.vn\/\",\"logo\":{\"@type\":\"ImageObject\",\"inLanguage\":\"ja\",\"@id\":\"https:\/\/aslighting.com.vn\/#\/schema\/logo\/image\/\",\"url\":\"\/wp-content\/uploads\/2022\/10\/logo-ANHSAO.png\",\"contentUrl\":\"\/wp-content\/uploads\/2022\/10\/logo-ANHSAO.png\",\"width\":1091,\"height\":360,\"caption\":\"C\u00f4ng Ty C\u1ed5 Ph\u1ea7n Gi\u1ea3i Ph\u00e1p Chi\u1ebfu S\u00e1ng To\u00e0n Di\u1ec7n \u00c1nh Sao\"},\"image\":{\"@id\":\"https:\/\/aslighting.com.vn\/#\/schema\/logo\/image\/\"}}]}<\/script>\n<!-- \/ Yoast SEO Premium plugin. -->","yoast_head_json":{"title":"B\u1ed9 l\u01b0u \u0111i\u1ec7n b\u00f3ng Led T8 MEM\/M\/LED-AC\/MINI Maxspid gi\u00e1 t\u1ed1t","description":"B\u1ed9 l\u01b0u \u0111i\u1ec7n b\u00f3ng Led T8 MEM\/M\/LED-AC\/MINI Maxspid ch\u00ednh h\u00e3ng gi\u00e1 t\u1ed1t nh\u1ea5t \u0111\u01b0\u1ee3c c\u00f4ng ty c\u1ed5 ph\u1ea7n thi\u1ebft b\u1ecb chi\u1ebfu s\u00e1ng \u00c1nh Sao cung c\u1ea5p t\u1edbi kh\u00e1ch h\u00e0ng ho\u00e0n h\u1ea3o","robots":{"index":"index","follow":"follow","max-snippet":"max-snippet:-1","max-image-preview":"max-image-preview:large","max-video-preview":"max-video-preview:-1"},"canonical":"https:\/\/aslighting.com.vn\/ja\/product\/bo-luu-dien-bong-led-t8-mem-m-led-ac-mini\/","og_locale":"ja_JP","og_type":"article","og_title":"B\u1ed8 L\u01afU \u0110I\u1ec6N B\u00d3NG LED T8 MEM\/M\/LED-AC\/MINI","og_description":"B\u1ed9 l\u01b0u \u0111i\u1ec7n b\u00f3ng Led T8 MEM\/M\/LED-AC\/MINI Maxspid ch\u00ednh h\u00e3ng gi\u00e1 t\u1ed1t nh\u1ea5t \u0111\u01b0\u1ee3c c\u00f4ng ty c\u1ed5 ph\u1ea7n thi\u1ebft b\u1ecb chi\u1ebfu s\u00e1ng \u00c1nh Sao cung c\u1ea5p t\u1edbi kh\u00e1ch h\u00e0ng ho\u00e0n h\u1ea3o","og_url":"https:\/\/aslighting.com.vn\/ja\/product\/bo-luu-dien-bong-led-t8-mem-m-led-ac-mini\/","og_site_name":"C\u00f4ng Ty C\u1ed5 Ph\u1ea7n Gi\u1ea3i Ph\u00e1p Chi\u1ebfu S\u00e1ng To\u00e0n Di\u1ec7n \u00c1nh Sao","article_modified_time":"2023-05-27T09:56:52+00:00","og_image":[{"width":900,"height":780,"url":"https:\/\/aslighting.com.vn\/wp-content\/uploads\/2022\/11\/20210825112335_1.png","type":"image\/png"}],"twitter_card":"summary_large_image","twitter_misc":{"\u63a8\u5b9a\u8aad\u307f\u53d6\u308a\u6642\u9593":"3\u5206"},"schema":{"@context":"https:\/\/schema.org","@graph":[{"@type":"WebPage","@id":"https:\/\/aslighting.com.vn\/san-pham\/bo-luu-dien-bong-led-t8-mem-m-led-ac-mini\/","url":"https:\/\/aslighting.com.vn\/san-pham\/bo-luu-dien-bong-led-t8-mem-m-led-ac-mini\/","name":"B\u1ed9 l\u01b0u \u0111i\u1ec7n b\u00f3ng Led T8 MEM\/M\/LED-AC\/MINI Maxspid gi\u00e1 t\u1ed1t","isPartOf":{"@id":"https:\/\/aslighting.com.vn\/#website"},"primaryImageOfPage":{"@id":"https:\/\/aslighting.com.vn\/san-pham\/bo-luu-dien-bong-led-t8-mem-m-led-ac-mini\/#primaryimage"},"image":{"@id":"https:\/\/aslighting.com.vn\/san-pham\/bo-luu-dien-bong-led-t8-mem-m-led-ac-mini\/#primaryimage"},"thumbnailUrl":"\/wp-content\/uploads\/2022\/11\/20210825112335_1.png","datePublished":"2022-11-30T02:31:14+00:00","dateModified":"2023-05-27T09:56:52+00:00","description":"B\u1ed9 l\u01b0u \u0111i\u1ec7n b\u00f3ng Led T8 MEM\/M\/LED-AC\/MINI Maxspid ch\u00ednh h\u00e3ng gi\u00e1 t\u1ed1t nh\u1ea5t \u0111\u01b0\u1ee3c c\u00f4ng ty c\u1ed5 ph\u1ea7n thi\u1ebft b\u1ecb chi\u1ebfu s\u00e1ng \u00c1nh Sao cung c\u1ea5p t\u1edbi kh\u00e1ch h\u00e0ng ho\u00e0n h\u1ea3o","breadcrumb":{"@id":"https:\/\/aslighting.com.vn\/san-pham\/bo-luu-dien-bong-led-t8-mem-m-led-ac-mini\/#breadcrumb"},"inLanguage":"ja","potentialAction":[{"@type":"ReadAction","target":["https:\/\/aslighting.com.vn\/san-pham\/bo-luu-dien-bong-led-t8-mem-m-led-ac-mini\/"]}]},{"@type":"ImageObject","inLanguage":"ja","@id":"https:\/\/aslighting.com.vn\/san-pham\/bo-luu-dien-bong-led-t8-mem-m-led-ac-mini\/#primaryimage","url":"\/wp-content\/uploads\/2022\/11\/20210825112335_1.png","contentUrl":"\/wp-content\/uploads\/2022\/11\/20210825112335_1.png","width":900,"height":780},{"@type":"BreadcrumbList","@id":"https:\/\/aslighting.com.vn\/san-pham\/bo-luu-dien-bong-led-t8-mem-m-led-ac-mini\/#breadcrumb","itemListElement":[{"@type":"ListItem","position":1,"name":"Trang ch\u1ee7","item":"https:\/\/aslighting.com.vn\/vi\/"},{"@type":"ListItem","position":2,"name":"S\u1ea3n ph\u1ea9m","item":"https:\/\/aslighting.com.vn\/en\/san-pham\/"},{"@type":"ListItem","position":3,"name":"B\u1ed8 L\u01afU \u0110I\u1ec6N B\u00d3NG LED T8 MEM\/M\/LED-AC\/MINI"}]},{"@type":"WebSite","@id":"https:\/\/aslighting.com.vn\/#website","url":"https:\/\/aslighting.com.vn\/","name":"C\u00f4ng Ty C\u1ed5 Ph\u1ea7n Gi\u1ea3i Ph\u00e1p Chi\u1ebfu S\u00e1ng To\u00e0n Di\u1ec7n \u00c1nh Sao","description":"","publisher":{"@id":"https:\/\/aslighting.com.vn\/#organization"},"potentialAction":[{"@type":"SearchAction","target":{"@type":"EntryPoint","urlTemplate":"https:\/\/aslighting.com.vn\/?s={search_term_string}"},"query-input":"required name=search_term_string"}],"inLanguage":"ja"},{"@type":"Organization","@id":"https:\/\/aslighting.com.vn\/#organization","name":"C\u00f4ng Ty C\u1ed5 Ph\u1ea7n Gi\u1ea3i Ph\u00e1p Chi\u1ebfu S\u00e1ng To\u00e0n Di\u1ec7n \u00c1nh Sao","url":"https:\/\/aslighting.com.vn\/","logo":{"@type":"ImageObject","inLanguage":"ja","@id":"https:\/\/aslighting.com.vn\/#\/schema\/logo\/image\/","url":"\/wp-content\/uploads\/2022\/10\/logo-ANHSAO.png","contentUrl":"\/wp-content\/uploads\/2022\/10\/logo-ANHSAO.png","width":1091,"height":360,"caption":"C\u00f4ng Ty C\u1ed5 Ph\u1ea7n Gi\u1ea3i Ph\u00e1p Chi\u1ebfu S\u00e1ng To\u00e0n Di\u1ec7n \u00c1nh Sao"},"image":{"@id":"https:\/\/aslighting.com.vn\/#\/schema\/logo\/image\/"}}]}},"_links":{"self":[{"href":"https:\/\/aslighting.com.vn\/ja\/wp-json\/wp\/v2\/product\/2336","targetHints":{"allow":["GET"]}}],"collection":[{"href":"https:\/\/aslighting.com.vn\/ja\/wp-json\/wp\/v2\/product"}],"about":[{"href":"https:\/\/aslighting.com.vn\/ja\/wp-json\/wp\/v2\/types\/product"}],"replies":[{"embeddable":true,"href":"https:\/\/aslighting.com.vn\/ja\/wp-json\/wp\/v2\/comments?post=2336"}],"wp:featuredmedia":[{"embeddable":true,"href":"https:\/\/aslighting.com.vn\/ja\/wp-json\/wp\/v2\/media\/2337"}],"wp:attachment":[{"href":"https:\/\/aslighting.com.vn\/ja\/wp-json\/wp\/v2\/media?parent=2336"}],"wp:term":[{"taxonomy":"product_brand","embeddable":true,"href":"https:\/\/aslighting.com.vn\/ja\/wp-json\/wp\/v2\/product_brand?post=2336"},{"taxonomy":"product_cat","embeddable":true,"href":"https:\/\/aslighting.com.vn\/ja\/wp-json\/wp\/v2\/product_cat?post=2336"},{"taxonomy":"product_tag","embeddable":true,"href":"https:\/\/aslighting.com.vn\/ja\/wp-json\/wp\/v2\/product_tag?post=2336"}],"curies":[{"name":"wp","href":"https:\/\/api.w.org\/{rel}","templated":true}]}}