{"id":4638,"date":"2023-05-30T14:43:14","date_gmt":"2023-05-30T07:43:14","guid":{"rendered":"https:\/\/aslighting.com.vn\/?post_type=product&#038;p=4638"},"modified":"2023-07-18T13:54:16","modified_gmt":"2023-07-18T06:54:16","slug":"den-led-day-strip-l1-rgbw-5050","status":"publish","type":"product","link":"https:\/\/aslighting.com.vn\/ja\/product\/den-led-day-strip-l1-rgbw-5050\/","title":{"rendered":"\u0110\u00c8N LED D\u00c2Y STRIP L1 RGBW 5050"},"content":{"rendered":"<p><span style=\"font-weight: 400;\"><a href=\"https:\/\/aslighting.com.vn\/ja\/product\/den-led-day-strip-l1-rgbw-5050\/\"><span style=\"color: #000098;\"><strong>\u0110\u00e8n Led Strip L1 RGBW 5050<\/strong><\/span><\/a> c\u1ee7a th\u01b0\u01a1ng hi\u1ec7u HuePress l\u00e0 d\u00f2ng s\u1ea3n ph\u1ea9m ti\u00ean ti\u1ebfn c\u00f3 th\u1ec3 \u0111\u1ed5i m\u00e0u, nh\u00e1y theo nh\u1ea1c, h\u1eb9n gi\u1edd, Wifi control. H\u00e3y c\u00f9ng t\u00ecm hi\u1ec3u chi ti\u1ebft d\u00f2ng s\u1ea3n ph\u1ea9m n\u00e0y nh\u00e9.<\/span><\/p>\n<p><a href=\"https:\/\/aslighting.com.vn\/wp-content\/uploads\/2023\/05\/khung-mau-hue-press-san-pham-dfdfdf-scaled.jpg\"><img fetchpriority=\"high\" decoding=\"async\" class=\"aligncenter wp-image-4639\" src=\"https:\/\/aslighting.com.vn\/wp-content\/uploads\/2023\/05\/khung-mau-hue-press-san-pham-dfdfdf-scaled.jpg\" alt=\"\" width=\"500\" height=\"500\" srcset=\"\/wp-content\/uploads\/2023\/05\/khung-mau-hue-press-san-pham-dfdfdf-scaled.jpg 1000w, \/wp-content\/uploads\/2023\/05\/khung-mau-hue-press-san-pham-dfdfdf-300x300.jpg 300w, \/wp-content\/uploads\/2023\/05\/khung-mau-hue-press-san-pham-dfdfdf-1024x1024.jpg 1024w, \/wp-content\/uploads\/2023\/05\/khung-mau-hue-press-san-pham-dfdfdf-150x150.jpg 150w, \/wp-content\/uploads\/2023\/05\/khung-mau-hue-press-san-pham-dfdfdf-768x768.jpg 768w, \/wp-content\/uploads\/2023\/05\/khung-mau-hue-press-san-pham-dfdfdf-12x12.jpg 12w, \/wp-content\/uploads\/2023\/05\/khung-mau-hue-press-san-pham-dfdfdf-600x600.jpg 600w, \/wp-content\/uploads\/2023\/05\/khung-mau-hue-press-san-pham-dfdfdf-100x100.jpg 100w\" sizes=\"(max-width: 500px) 100vw, 500px\" \/><\/a><\/p>\n<p style=\"text-align: center;\"><span style=\"font-size: 10pt;\"><em>\u0110\u00e8n Led Strip L1 RGBW 5050 \u0111\u01b0\u1ee3c s\u1ea3n xu\u1ea5t b\u1edfi h\u00e3ng HuePress<\/em><\/span><\/p>\n<h2><span style=\"color: #000080;\"><strong>I\/ \u0110\u1eb7c \u0111i\u1ec3m c\u1ee7a \u0111\u00e8n Led Strip L1 RGBW 5050 MyHue<\/strong><\/span><\/h2>\n<h3><span style=\"color: #ff6600;\"><strong>1. Thi\u1ebft k\u1ebf\u00a0<\/strong><\/span><\/h3>\n<ul>\n<li><span style=\"font-weight: 400;\">\u0110\u00e8n Led MyHue Strip L1 RGBW th\u00f4ng minh c\u00f3 nhi\u1ec1u ch\u1ebf \u0111\u1ed9 chi\u1ebfu s\u00e1ng v\u00e0 cho kh\u00e1ch h\u00e0ng th\u1ecfa s\u1ee9c s\u00e1ng t\u1ea1o v\u00e0 l\u1ef1a ch\u1ecdn m\u00e0u y\u00eau th\u00edch, ph\u00f9 h\u1ee3p v\u1edbi kh\u00f4ng gian s\u1ed1ng, decor c\u1ee7a gia \u0111\u00ecnh m\u00ecnh.<\/span><\/li>\n<li><span style=\"font-weight: 400;\">\u0110\u00e8n s\u1edf h\u1eefu Dimming c\u00e1c m\u1ee9c c\u01b0\u1eddng \u0111\u1ed9 s\u00e1ng t\u1eeb 1 \u2013 100% v\u00e0 thay \u0111\u1ed5i nhi\u1ec7t \u0111\u1ed9 m\u00e0u t\u1eeb 2700K \u2013 6500K m\u1ed9t c\u00e1ch linh ho\u1ea1t.<\/span><\/li>\n<li><span style=\"font-weight: 400;\">Cu\u1ed9n Led d\u00e2y Strip L1 RGBW \u0111\u01b0\u1ee3c k\u1ebft n\u1ed1i qua Wifi 802.11b\/g\/n, 2.4GHz n\u00ean b\u1ea1n \u0111i\u1ec1u khi\u1ec3n \u0111\u01b0\u1ee3c \u0111\u00e8n th\u00f4ng minh qua m\u1ea1ng WiFi c\u1ee7a gia \u0111\u00ecnh m\u00e0 kh\u00f4ng c\u1ea7n k\u1ebft n\u1ed1i internet.<\/span><\/li>\n<li><span style=\"font-weight: 400;\">D\u00e2y Led MyHue Strip L1 RGBW c\u00f3 th\u1ec3 d\u1ec5 d\u00e0ng c\u1eaft n\u1ed1i \u0111\u1ec3 ph\u00f9 h\u1ee3p v\u1edbi c\u00e1c lo\u1ea1i trang tr\u00ed decor v\u1edbi nhi\u1ec7t \u0111\u1ed9 m\u00e0u ho\u00e0n ch\u1ec9nh nh\u1ea5t.\u00a0<\/span><\/li>\n<\/ul>\n<h3><span style=\"color: #ff6600;\"><strong>2. \u01afu \u0111i\u1ec3m n\u1ed5i b\u1eadt<\/strong><\/span><\/h3>\n<ul>\n<li><span style=\"font-weight: 400;\">\u0110\u00e8n c\u00f3 th\u1ec3 \u0111\u01b0\u1ee3c \u0111i\u1ec3m ch\u1ec9nh b\u1edfi b\u1ea5t k\u1ef3 c\u00e1 nh\u00e2n trong gia \u0111\u00ecnh v\u00e0 kh\u00f4ng c\u1ea7n b\u1ea5t k\u00ec m\u1ed9t chuy\u1ec3n hay b\u1ed9 k\u1ebft n\u1ed1i c\u0169ng nh\u01b0 \u0111i\u1ec1u khi\u1ec3n trung gian n\u00e0o. \u0110\u00e8n s\u1ebd \u0111\u01b0\u1ee3c \u0111i\u1ec1u khi\u1ec3n t\u1ef1 \u0111\u1ed9ng 100% qua App myHue\u00ae.<\/span><\/li>\n<li><span style=\"font-weight: 400;\">\u0110\u00e8n Led Strip L1 RGBW \u0111i\u1ec1u khi\u1ec3n 16 tri\u1ec7u m\u00e0u RGB v\u1edbi ch\u1ec9 s\u1ed1 CRI &gt;80% cho m\u00e0u s\u1eafc lu\u00f4n trung th\u1ef1c v\u00e0 tho\u1ea3i m\u00e1i.\u00a0<\/span><\/li>\n<li><span style=\"font-weight: 400;\">\u0110\u00e8n Led Strip L1 RGBW \u0111i\u1ec1u ch\u1ec9nh th\u00f4ng minh t\u1eeb xa gi\u00fap b\u1ea1n kh\u00f4ng b\u1ecb l\u00e3ng ph\u00ed ngu\u1ed3n \u0111i\u1ec7n khi ra ngo\u00e0i qu\u00ean kh\u00f4ng t\u1eaft \u0111\u00e8n, v\u00e0 tr\u00e1nh \u0111\u01b0\u1ee3c nhi\u1ec1u r\u1ee7i ro kh\u00e1c. B\u1ea1n ho\u00e0n to\u00e0n c\u00f3 th\u1ec3 \u0111i\u1ec1u khi\u1ec3n kh\u00f4ng gi\u1edbi h\u1ea1n c\u00e1c thi\u1ebft b\u1ecb trong h\u1ec7 sinh th\u00e1i Huepress, \u0111i\u1ec1u khi\u1ec3n theo nh\u00f3m, theo v\u1ecb tr\u00ed (nh\u00e0, c\u01a1 quan).<\/span><\/li>\n<li><span style=\"font-weight: 400;\">Thay v\u00ec \u0111\u1eb7t chu\u00f4ng b\u00e1o th\u1ee9c b\u1eb1ng chu\u00f4ng, b\u1ea1n ho\u00e0n to\u00e0n c\u00f3 th\u00ea\u0309 h\u1eb9n gi\u1edd b\u00e2\u0323t \u0111\u00e8n \u0111\u00ea\u0309 b\u00e1o th\u1ee9c cho b\u00e9 con b\u1eb1ng \u00e1nh s\u00e1ng, gi\u00fap b\u00e9 tho\u1ea3i m\u00e1i h\u01a1n, kh\u00f4ng b\u1ecb gi\u00e2\u0323t m\u00ecnh v\u00e0o m\u00f4\u0303i s\u00e1ng.<\/span><\/li>\n<li><span style=\"font-weight: 400;\">T\u00ednh n\u0103ng si\u00eau vi\u1ec7t h\u01a1n so v\u1edbi c\u00e1c d\u00f2ng \u0111\u00e8n th\u00f4ng minh tr\u00ean th\u1ecb tr\u01b0\u1eddng l\u00e0 m\u1ed9t trong nh\u1eefng \u01b0u \u0111i\u1ec3m n\u1ed5i b\u1eadt c\u1ee7a \u0111\u00e8n Led Strip L1 RGBW c\u1ee7a th\u01b0\u01a1ng hi\u1ec7u HuePress.<\/span><\/li>\n<li><span style=\"font-weight: 400;\">Tu\u1ed5i th\u1ecd c\u1ee7a \u0111\u00e8n l\u00ean t\u1edbi 20.000h v\u1edbi \u0111\u1ed9 b\u1ec1n cao \u0111\u1ea3m b\u1ea3o an to\u00e0n, ti\u1ebft ki\u1ec7m \u0111i\u1ec7n n\u0103ng khi s\u1eed d\u1ee5ng.\u00a0<\/span><\/li>\n<\/ul>\n<h3><span style=\"color: #ff6600;\"><strong>3. Th\u00f4ng s\u1ed1 k\u1ef9 thu\u1eadt<\/strong><\/span><\/h3>\n<table>\n<tbody>\n<tr>\n<td style=\"text-align: center;\" width=\"245\"><strong>C\u00f4ng su\u1ea5t:<\/strong><\/td>\n<td style=\"text-align: center;\" width=\"253\">15W\/m<\/td>\n<\/tr>\n<tr>\n<td style=\"text-align: center;\" width=\"245\"><strong>\u0110i\u1ec7n \u00e1p:<\/strong><\/td>\n<td style=\"text-align: center;\" width=\"253\">(Input) DC 12V-2A \/ (Output) 12V-2A<\/td>\n<\/tr>\n<tr>\n<td style=\"text-align: center;\" width=\"245\"><strong>Quang th\u00f4ng:<\/strong><\/td>\n<td style=\"text-align: center;\" width=\"253\">405Lm<\/td>\n<\/tr>\n<tr>\n<td style=\"text-align: center;\" width=\"245\"><strong>G\u00f3c chi\u1ebfu:<\/strong><\/td>\n<td style=\"text-align: center;\" width=\"253\">118<sup>o<\/sup><\/td>\n<\/tr>\n<tr>\n<td style=\"text-align: center;\" width=\"245\"><strong>CRI:<\/strong><\/td>\n<td style=\"text-align: center;\" width=\"253\">&gt;80<\/td>\n<\/tr>\n<tr>\n<td style=\"text-align: center;\" width=\"245\"><strong>Chi\u1ec1u d\u00e0i d\u00e2y LED<\/strong><\/td>\n<td style=\"text-align: center;\" width=\"253\">5m<\/td>\n<\/tr>\n<tr>\n<td style=\"text-align: center;\" width=\"245\"><strong>M\u1eadt \u0111\u1ed9 m\u1eaft LED<\/strong><\/td>\n<td style=\"text-align: center;\" width=\"253\">60pcs\/m<\/td>\n<\/tr>\n<tr>\n<td style=\"text-align: center;\" width=\"245\"><strong>Tu\u1ed5i th\u1ecd:<\/strong><\/td>\n<td style=\"text-align: center;\" width=\"253\">20.000 h<\/td>\n<\/tr>\n<\/tbody>\n<\/table>\n<h2><span style=\"color: #000080;\"><strong>II\/ \u1ee8ng d\u1ee5ng c\u1ee7a \u0111\u00e8n Led Strip L1 RGBW MyHue<\/strong><\/span><\/h2>\n<p><span style=\"font-weight: 400;\">\u0110\u00e8n th\u00f4ng minh Led Strip L1 RGBW c\u1ee7a <a href=\"https:\/\/aslighting.com.vn\/ja\/product-category\/huepress\/\"><span style=\"color: #000098;\"><strong>\u0111\u00e8n HuePress<\/strong><\/span><\/a> l\u00e0 d\u00f2ng s\u1ea3n ph\u1ea9m ti\u00ean ti\u1ebfn mang nhi\u1ec1u \u01b0u \u0111i\u1ec3m n\u1ed5i b\u1eadt so v\u1edbi c\u00e1c lo\u1ea1i \u0111\u00e8n h\u1eaft tr\u1ea7n tr\u01b0\u1edbc \u0111\u00e2y. \u0110\u00e8n \u0111\u01b0\u1ee3c d\u00f9ng trong Decor t\u1ee7 k\u1ec7, trang tr\u00ed c\u00e1c ph\u00f2ng tri\u1ec3n l\u00e3m, khu h\u1ed9i ngh\u1ecb trang tr\u00ed, h\u1eaft tr\u1ea7n c\u00e1c kh\u00f4ng gian ph\u00f2ng kh\u00e1ch, ph\u00f2ng \u0111\u1ecdc s\u00e1ch, ph\u00f2ng trang tr\u00ed\u2026\u00a0<\/span><\/p>\n<p><a href=\"https:\/\/aslighting.com.vn\/wp-content\/uploads\/2023\/05\/f5.rgb_color.0000-scaled.jpg\"><img decoding=\"async\" class=\"aligncenter wp-image-4640 lazyload\" data-src=\"https:\/\/aslighting.com.vn\/wp-content\/uploads\/2023\/05\/f5.rgb_color.0000-scaled.jpg\" alt=\"\" width=\"600\" height=\"335\" data-srcset=\"\/wp-content\/uploads\/2023\/05\/f5.rgb_color.0000-scaled.jpg 1000w, \/wp-content\/uploads\/2023\/05\/f5.rgb_color.0000-300x167.jpg 300w, \/wp-content\/uploads\/2023\/05\/f5.rgb_color.0000-1024x572.jpg 1024w, \/wp-content\/uploads\/2023\/05\/f5.rgb_color.0000-768x429.jpg 768w, \/wp-content\/uploads\/2023\/05\/f5.rgb_color.0000-1536x857.jpg 1536w, \/wp-content\/uploads\/2023\/05\/f5.rgb_color.0000-18x10.jpg 18w, \/wp-content\/uploads\/2023\/05\/f5.rgb_color.0000-600x335.jpg 600w\" data-sizes=\"(max-width: 600px) 100vw, 600px\" src=\"data:image\/svg+xml;base64,PHN2ZyB3aWR0aD0iMSIgaGVpZ2h0PSIxIiB4bWxucz0iaHR0cDovL3d3dy53My5vcmcvMjAwMC9zdmciPjwvc3ZnPg==\" style=\"--smush-placeholder-width: 600px; --smush-placeholder-aspect-ratio: 600\/335;\" \/><\/a><\/p>\n<p><a href=\"https:\/\/drive.google.com\/file\/d\/1i5NZEK4pC7j7FZqXdUcDNqxeeLRSYLM1\/view?usp=sharing\"><img decoding=\"async\" class=\"size-medium wp-image-4625 aligncenter lazyload\" data-src=\"https:\/\/aslighting.com.vn\/wp-content\/uploads\/2023\/05\/button_tai-catalogue-tai-day-300x49.png\" alt=\"\" width=\"300\" height=\"49\" data-srcset=\"\/wp-content\/uploads\/2023\/05\/button_tai-catalogue-tai-day-300x49.png 300w, \/wp-content\/uploads\/2023\/05\/button_tai-catalogue-tai-day-18x3.png 18w, \/wp-content\/uploads\/2023\/05\/button_tai-catalogue-tai-day.png 407w\" data-sizes=\"(max-width: 300px) 100vw, 300px\" src=\"data:image\/svg+xml;base64,PHN2ZyB3aWR0aD0iMSIgaGVpZ2h0PSIxIiB4bWxucz0iaHR0cDovL3d3dy53My5vcmcvMjAwMC9zdmciPjwvc3ZnPg==\" style=\"--smush-placeholder-width: 300px; --smush-placeholder-aspect-ratio: 300\/49;\" \/><\/a><\/p>","protected":false},"excerpt":{"rendered":"<p><strong>Giao th\u1ee9c k\u1ebft n\u1ed1i: <\/strong>Wifi IEEE 802.11 b\/g\/n 2.4GHz, No HUB<\/p>\n<p><strong>Thay \u0111\u1ed5i \u0111\u1ed9 s\u00e1ng (Dimming):<\/strong> 1% &#8211; 100%<\/p>\n<p><strong>CCT:<\/strong> 2700K &#8211; 6500K<\/p>\n<p><strong>Color:<\/strong> 16 tri\u1ec7u<\/p>\n<p><strong>T\u01b0\u01a1ng th\u00edch:<\/strong> Samsung Smartthings, Google Home, Apple Siri, IFTTT, FPT Play Box s,Amazon Alexa<\/p>\n<p><strong>T\u00ednh n\u0103ng:<\/strong> \u0110i\u1ec1u khi\u1ec3u qua App myHue, thay \u0111\u1ed5i m\u00e0u s\u1eafc, \u0111i\u1ec1u khi\u1ec3n qua gi\u1ecdng n\u00f3i, nh\u00e1y theo nh\u1ea1c, h\u1eb9n gi\u1edd, t\u1ef1 t\u1ea1o hi\u1ec7u \u1ee9ng \u00e1nh s\u00e1ng<\/p>\n<p><strong>C\u00f4ng su\u1ea5t (W):<\/strong> 15w\/m<\/p>\n<p><strong>D\u00f2ng \u0111i\u1ec7n:<\/strong> (Input) DC 12V-2A \/ (Output) DC 12-2A<\/p>\n<p><strong>Quang th\u00f4ng:<\/strong> 405Lm<\/p>\n<p><strong>G\u00f3c chi\u1ebfu:<\/strong> 118<sup>o<\/sup><\/p>\n<p><strong>CRI:<\/strong> &gt;80<\/p>\n<p><strong>Chi\u1ec1u d\u00e0i d\u00e2y LED:<\/strong> 5m<\/p>\n<p><strong>M\u1eadt \u0111\u1ed9 m\u1eaft LED:<\/strong> 60pcs\/m<\/p>\n<p><strong>Tu\u1ed5i th\u1ecd:<\/strong> 20.000h<\/p>\n<p><strong>B\u1ea3o h\u00e0nh: <\/strong>12\u00a0th\u00e1ng<\/p>","protected":false},"featured_media":4641,"comment_status":"open","ping_status":"closed","template":"","meta":[],"product_brand":[],"product_cat":[447,440,439],"product_tag":[],"class_list":{"0":"post-4638","1":"product","2":"type-product","3":"status-publish","4":"has-post-thumbnail","6":"product_cat-den-led-day-strip-l1-rgbw-5050","7":"product_cat-den-thong-minh-indoor","8":"product_cat-huepress","10":"first","11":"instock","12":"shipping-taxable","13":"product-type-simple"},"yoast_head":"<!-- This site is optimized with the Yoast SEO Premium plugin v22.0 (Yoast SEO v22.5) - https:\/\/yoast.com\/wordpress\/plugins\/seo\/ -->\n<title>\u0110\u00e8n Led Strip L1 RGBW 5050 HuePress ch\u00ednh h\u00e3ng gi\u00e1 t\u1ed1t<\/title>\n<meta name=\"description\" content=\"\u0110\u00e8n Led Strip L1 RGBW 5050 HuePress \u0111\u01b0\u1ee3c c\u00f4ng ty c\u1ed5 ph\u1ea7n thi\u1ebft b\u1ecb chi\u1ebfu s\u00e1ng \u00c1nh Sao cung c\u1ea5p t\u1edbi kh\u00e1ch h\u00e0ng: thi\u1ebft k\u1ebf, \u01b0u \u0111i\u1ec3m, th\u00f4ng s\u1ed1 k\u1ef9 thu\u1eadt...\" \/>\n<meta name=\"robots\" content=\"index, follow, max-snippet:-1, max-image-preview:large, max-video-preview:-1\" \/>\n<link rel=\"canonical\" href=\"https:\/\/aslighting.com.vn\/ja\/product\/den-led-day-strip-l1-rgbw-5050\/\" \/>\n<meta property=\"og:locale\" content=\"ja_JP\" \/>\n<meta property=\"og:type\" content=\"article\" \/>\n<meta property=\"og:title\" content=\"\u0110\u00c8N LED D\u00c2Y STRIP L1 RGBW 5050\" \/>\n<meta property=\"og:description\" content=\"\u0110\u00e8n Led Strip L1 RGBW 5050 HuePress \u0111\u01b0\u1ee3c c\u00f4ng ty c\u1ed5 ph\u1ea7n thi\u1ebft b\u1ecb chi\u1ebfu s\u00e1ng \u00c1nh Sao cung c\u1ea5p t\u1edbi kh\u00e1ch h\u00e0ng: thi\u1ebft k\u1ebf, \u01b0u \u0111i\u1ec3m, th\u00f4ng s\u1ed1 k\u1ef9 thu\u1eadt...\" \/>\n<meta property=\"og:url\" content=\"https:\/\/aslighting.com.vn\/ja\/product\/den-led-day-strip-l1-rgbw-5050\/\" \/>\n<meta property=\"og:site_name\" content=\"C\u00f4ng Ty C\u1ed5 Ph\u1ea7n Gi\u1ea3i Ph\u00e1p Chi\u1ebfu S\u00e1ng To\u00e0n Di\u1ec7n \u00c1nh Sao\" \/>\n<meta property=\"article:modified_time\" content=\"2023-07-18T06:54:16+00:00\" \/>\n<meta property=\"og:image\" content=\"https:\/\/aslighting.com.vn\/wp-content\/uploads\/2023\/05\/Den-day-scaled.jpg\" \/>\n\t<meta property=\"og:image:width\" content=\"1000\" \/>\n\t<meta property=\"og:image:height\" content=\"1000\" \/>\n\t<meta property=\"og:image:type\" content=\"image\/jpeg\" \/>\n<meta name=\"twitter:card\" content=\"summary_large_image\" \/>\n<meta name=\"twitter:label1\" content=\"\u63a8\u5b9a\u8aad\u307f\u53d6\u308a\u6642\u9593\" \/>\n\t<meta name=\"twitter:data1\" content=\"4\u5206\" \/>\n<script type=\"application\/ld+json\" class=\"yoast-schema-graph\">{\"@context\":\"https:\/\/schema.org\",\"@graph\":[{\"@type\":\"WebPage\",\"@id\":\"https:\/\/aslighting.com.vn\/san-pham\/den-led-day-strip-l1-rgbw-5050\/\",\"url\":\"https:\/\/aslighting.com.vn\/san-pham\/den-led-day-strip-l1-rgbw-5050\/\",\"name\":\"\u0110\u00e8n Led Strip L1 RGBW 5050 HuePress ch\u00ednh h\u00e3ng gi\u00e1 t\u1ed1t\",\"isPartOf\":{\"@id\":\"https:\/\/aslighting.com.vn\/#website\"},\"primaryImageOfPage\":{\"@id\":\"https:\/\/aslighting.com.vn\/san-pham\/den-led-day-strip-l1-rgbw-5050\/#primaryimage\"},\"image\":{\"@id\":\"https:\/\/aslighting.com.vn\/san-pham\/den-led-day-strip-l1-rgbw-5050\/#primaryimage\"},\"thumbnailUrl\":\"\/wp-content\/uploads\/2023\/05\/Den-day-scaled.jpg\",\"datePublished\":\"2023-05-30T07:43:14+00:00\",\"dateModified\":\"2023-07-18T06:54:16+00:00\",\"description\":\"\u0110\u00e8n Led Strip L1 RGBW 5050 HuePress \u0111\u01b0\u1ee3c c\u00f4ng ty c\u1ed5 ph\u1ea7n thi\u1ebft b\u1ecb chi\u1ebfu s\u00e1ng \u00c1nh Sao cung c\u1ea5p t\u1edbi kh\u00e1ch h\u00e0ng: thi\u1ebft k\u1ebf, \u01b0u \u0111i\u1ec3m, th\u00f4ng s\u1ed1 k\u1ef9 thu\u1eadt...\",\"breadcrumb\":{\"@id\":\"https:\/\/aslighting.com.vn\/san-pham\/den-led-day-strip-l1-rgbw-5050\/#breadcrumb\"},\"inLanguage\":\"ja\",\"potentialAction\":[{\"@type\":\"ReadAction\",\"target\":[\"https:\/\/aslighting.com.vn\/san-pham\/den-led-day-strip-l1-rgbw-5050\/\"]}]},{\"@type\":\"ImageObject\",\"inLanguage\":\"ja\",\"@id\":\"https:\/\/aslighting.com.vn\/san-pham\/den-led-day-strip-l1-rgbw-5050\/#primaryimage\",\"url\":\"\/wp-content\/uploads\/2023\/05\/Den-day-scaled.jpg\",\"contentUrl\":\"\/wp-content\/uploads\/2023\/05\/Den-day-scaled.jpg\",\"width\":1000,\"height\":1000},{\"@type\":\"BreadcrumbList\",\"@id\":\"https:\/\/aslighting.com.vn\/san-pham\/den-led-day-strip-l1-rgbw-5050\/#breadcrumb\",\"itemListElement\":[{\"@type\":\"ListItem\",\"position\":1,\"name\":\"Trang ch\u1ee7\",\"item\":\"https:\/\/aslighting.com.vn\/vi\/\"},{\"@type\":\"ListItem\",\"position\":2,\"name\":\"S\u1ea3n ph\u1ea9m\",\"item\":\"https:\/\/aslighting.com.vn\/en\/san-pham\/\"},{\"@type\":\"ListItem\",\"position\":3,\"name\":\"\u0110\u00c8N LED D\u00c2Y STRIP L1 RGBW 5050\"}]},{\"@type\":\"WebSite\",\"@id\":\"https:\/\/aslighting.com.vn\/#website\",\"url\":\"https:\/\/aslighting.com.vn\/\",\"name\":\"C\u00f4ng Ty C\u1ed5 Ph\u1ea7n Gi\u1ea3i Ph\u00e1p Chi\u1ebfu S\u00e1ng To\u00e0n Di\u1ec7n \u00c1nh Sao\",\"description\":\"\",\"publisher\":{\"@id\":\"https:\/\/aslighting.com.vn\/#organization\"},\"potentialAction\":[{\"@type\":\"SearchAction\",\"target\":{\"@type\":\"EntryPoint\",\"urlTemplate\":\"https:\/\/aslighting.com.vn\/?s={search_term_string}\"},\"query-input\":\"required name=search_term_string\"}],\"inLanguage\":\"ja\"},{\"@type\":\"Organization\",\"@id\":\"https:\/\/aslighting.com.vn\/#organization\",\"name\":\"C\u00f4ng Ty C\u1ed5 Ph\u1ea7n Gi\u1ea3i Ph\u00e1p Chi\u1ebfu S\u00e1ng To\u00e0n Di\u1ec7n \u00c1nh Sao\",\"url\":\"https:\/\/aslighting.com.vn\/\",\"logo\":{\"@type\":\"ImageObject\",\"inLanguage\":\"ja\",\"@id\":\"https:\/\/aslighting.com.vn\/#\/schema\/logo\/image\/\",\"url\":\"\/wp-content\/uploads\/2022\/10\/logo-ANHSAO.png\",\"contentUrl\":\"\/wp-content\/uploads\/2022\/10\/logo-ANHSAO.png\",\"width\":1091,\"height\":360,\"caption\":\"C\u00f4ng Ty C\u1ed5 Ph\u1ea7n Gi\u1ea3i Ph\u00e1p Chi\u1ebfu S\u00e1ng To\u00e0n Di\u1ec7n \u00c1nh Sao\"},\"image\":{\"@id\":\"https:\/\/aslighting.com.vn\/#\/schema\/logo\/image\/\"}}]}<\/script>\n<!-- \/ Yoast SEO Premium plugin. -->","yoast_head_json":{"title":"\u0110\u00e8n Led Strip L1 RGBW 5050 HuePress ch\u00ednh h\u00e3ng gi\u00e1 t\u1ed1t","description":"\u0110\u00e8n Led Strip L1 RGBW 5050 HuePress \u0111\u01b0\u1ee3c c\u00f4ng ty c\u1ed5 ph\u1ea7n thi\u1ebft b\u1ecb chi\u1ebfu s\u00e1ng \u00c1nh Sao cung c\u1ea5p t\u1edbi kh\u00e1ch h\u00e0ng: thi\u1ebft k\u1ebf, \u01b0u \u0111i\u1ec3m, th\u00f4ng s\u1ed1 k\u1ef9 thu\u1eadt...","robots":{"index":"index","follow":"follow","max-snippet":"max-snippet:-1","max-image-preview":"max-image-preview:large","max-video-preview":"max-video-preview:-1"},"canonical":"https:\/\/aslighting.com.vn\/ja\/product\/den-led-day-strip-l1-rgbw-5050\/","og_locale":"ja_JP","og_type":"article","og_title":"\u0110\u00c8N LED D\u00c2Y STRIP L1 RGBW 5050","og_description":"\u0110\u00e8n Led Strip L1 RGBW 5050 HuePress \u0111\u01b0\u1ee3c c\u00f4ng ty c\u1ed5 ph\u1ea7n thi\u1ebft b\u1ecb chi\u1ebfu s\u00e1ng \u00c1nh Sao cung c\u1ea5p t\u1edbi kh\u00e1ch h\u00e0ng: thi\u1ebft k\u1ebf, \u01b0u \u0111i\u1ec3m, th\u00f4ng s\u1ed1 k\u1ef9 thu\u1eadt...","og_url":"https:\/\/aslighting.com.vn\/ja\/product\/den-led-day-strip-l1-rgbw-5050\/","og_site_name":"C\u00f4ng Ty C\u1ed5 Ph\u1ea7n Gi\u1ea3i Ph\u00e1p Chi\u1ebfu S\u00e1ng To\u00e0n Di\u1ec7n \u00c1nh Sao","article_modified_time":"2023-07-18T06:54:16+00:00","og_image":[{"width":1000,"height":1000,"url":"https:\/\/aslighting.com.vn\/wp-content\/uploads\/2023\/05\/Den-day-scaled.jpg","type":"image\/jpeg"}],"twitter_card":"summary_large_image","twitter_misc":{"\u63a8\u5b9a\u8aad\u307f\u53d6\u308a\u6642\u9593":"4\u5206"},"schema":{"@context":"https:\/\/schema.org","@graph":[{"@type":"WebPage","@id":"https:\/\/aslighting.com.vn\/san-pham\/den-led-day-strip-l1-rgbw-5050\/","url":"https:\/\/aslighting.com.vn\/san-pham\/den-led-day-strip-l1-rgbw-5050\/","name":"\u0110\u00e8n Led Strip L1 RGBW 5050 HuePress ch\u00ednh h\u00e3ng gi\u00e1 t\u1ed1t","isPartOf":{"@id":"https:\/\/aslighting.com.vn\/#website"},"primaryImageOfPage":{"@id":"https:\/\/aslighting.com.vn\/san-pham\/den-led-day-strip-l1-rgbw-5050\/#primaryimage"},"image":{"@id":"https:\/\/aslighting.com.vn\/san-pham\/den-led-day-strip-l1-rgbw-5050\/#primaryimage"},"thumbnailUrl":"\/wp-content\/uploads\/2023\/05\/Den-day-scaled.jpg","datePublished":"2023-05-30T07:43:14+00:00","dateModified":"2023-07-18T06:54:16+00:00","description":"\u0110\u00e8n Led Strip L1 RGBW 5050 HuePress \u0111\u01b0\u1ee3c c\u00f4ng ty c\u1ed5 ph\u1ea7n thi\u1ebft b\u1ecb chi\u1ebfu s\u00e1ng \u00c1nh Sao cung c\u1ea5p t\u1edbi kh\u00e1ch h\u00e0ng: thi\u1ebft k\u1ebf, \u01b0u \u0111i\u1ec3m, th\u00f4ng s\u1ed1 k\u1ef9 thu\u1eadt...","breadcrumb":{"@id":"https:\/\/aslighting.com.vn\/san-pham\/den-led-day-strip-l1-rgbw-5050\/#breadcrumb"},"inLanguage":"ja","potentialAction":[{"@type":"ReadAction","target":["https:\/\/aslighting.com.vn\/san-pham\/den-led-day-strip-l1-rgbw-5050\/"]}]},{"@type":"ImageObject","inLanguage":"ja","@id":"https:\/\/aslighting.com.vn\/san-pham\/den-led-day-strip-l1-rgbw-5050\/#primaryimage","url":"\/wp-content\/uploads\/2023\/05\/Den-day-scaled.jpg","contentUrl":"\/wp-content\/uploads\/2023\/05\/Den-day-scaled.jpg","width":1000,"height":1000},{"@type":"BreadcrumbList","@id":"https:\/\/aslighting.com.vn\/san-pham\/den-led-day-strip-l1-rgbw-5050\/#breadcrumb","itemListElement":[{"@type":"ListItem","position":1,"name":"Trang ch\u1ee7","item":"https:\/\/aslighting.com.vn\/vi\/"},{"@type":"ListItem","position":2,"name":"S\u1ea3n ph\u1ea9m","item":"https:\/\/aslighting.com.vn\/en\/san-pham\/"},{"@type":"ListItem","position":3,"name":"\u0110\u00c8N LED D\u00c2Y STRIP L1 RGBW 5050"}]},{"@type":"WebSite","@id":"https:\/\/aslighting.com.vn\/#website","url":"https:\/\/aslighting.com.vn\/","name":"C\u00f4ng Ty C\u1ed5 Ph\u1ea7n Gi\u1ea3i Ph\u00e1p Chi\u1ebfu S\u00e1ng To\u00e0n Di\u1ec7n \u00c1nh Sao","description":"","publisher":{"@id":"https:\/\/aslighting.com.vn\/#organization"},"potentialAction":[{"@type":"SearchAction","target":{"@type":"EntryPoint","urlTemplate":"https:\/\/aslighting.com.vn\/?s={search_term_string}"},"query-input":"required name=search_term_string"}],"inLanguage":"ja"},{"@type":"Organization","@id":"https:\/\/aslighting.com.vn\/#organization","name":"C\u00f4ng Ty C\u1ed5 Ph\u1ea7n Gi\u1ea3i Ph\u00e1p Chi\u1ebfu S\u00e1ng To\u00e0n Di\u1ec7n \u00c1nh Sao","url":"https:\/\/aslighting.com.vn\/","logo":{"@type":"ImageObject","inLanguage":"ja","@id":"https:\/\/aslighting.com.vn\/#\/schema\/logo\/image\/","url":"\/wp-content\/uploads\/2022\/10\/logo-ANHSAO.png","contentUrl":"\/wp-content\/uploads\/2022\/10\/logo-ANHSAO.png","width":1091,"height":360,"caption":"C\u00f4ng Ty C\u1ed5 Ph\u1ea7n Gi\u1ea3i Ph\u00e1p Chi\u1ebfu S\u00e1ng To\u00e0n Di\u1ec7n \u00c1nh Sao"},"image":{"@id":"https:\/\/aslighting.com.vn\/#\/schema\/logo\/image\/"}}]}},"_links":{"self":[{"href":"https:\/\/aslighting.com.vn\/ja\/wp-json\/wp\/v2\/product\/4638","targetHints":{"allow":["GET"]}}],"collection":[{"href":"https:\/\/aslighting.com.vn\/ja\/wp-json\/wp\/v2\/product"}],"about":[{"href":"https:\/\/aslighting.com.vn\/ja\/wp-json\/wp\/v2\/types\/product"}],"replies":[{"embeddable":true,"href":"https:\/\/aslighting.com.vn\/ja\/wp-json\/wp\/v2\/comments?post=4638"}],"wp:featuredmedia":[{"embeddable":true,"href":"https:\/\/aslighting.com.vn\/ja\/wp-json\/wp\/v2\/media\/4641"}],"wp:attachment":[{"href":"https:\/\/aslighting.com.vn\/ja\/wp-json\/wp\/v2\/media?parent=4638"}],"wp:term":[{"taxonomy":"product_brand","embeddable":true,"href":"https:\/\/aslighting.com.vn\/ja\/wp-json\/wp\/v2\/product_brand?post=4638"},{"taxonomy":"product_cat","embeddable":true,"href":"https:\/\/aslighting.com.vn\/ja\/wp-json\/wp\/v2\/product_cat?post=4638"},{"taxonomy":"product_tag","embeddable":true,"href":"https:\/\/aslighting.com.vn\/ja\/wp-json\/wp\/v2\/product_tag?post=4638"}],"curies":[{"name":"wp","href":"https:\/\/api.w.org\/{rel}","templated":true}]}}