{"id":4917,"date":"2023-06-01T15:01:35","date_gmt":"2023-06-01T08:01:35","guid":{"rendered":"https:\/\/aslighting.com.vn\/?post_type=product&#038;p=4917"},"modified":"2023-07-04T10:26:16","modified_gmt":"2023-07-04T03:26:16","slug":"xitanium-13w-0-25-0-3a-42v-wiz-dm-230v","status":"publish","type":"product","link":"https:\/\/aslighting.com.vn\/ja\/product\/xitanium-13w-0-25-0-3a-42v-wiz-dm-230v\/","title":{"rendered":"Xitanium 13W 0.25\/0.3A 42V WiZ DM 230V"},"content":{"rendered":"<p><span style=\"font-weight: 400;\">Thi\u1ebft b\u1ecb chi\u1ebfu s\u00e1ng th\u00f4ng minh c\u1ee7a th\u01b0\u01a1ng hi\u1ec7u Signify ra \u0111\u1eddi nh\u01b0 1 b\u01b0\u1edbc ti\u1ebfn l\u1edbn ph\u1ee5c v\u1ee5 nhu c\u1ea7u chi\u1ebfu s\u00e1ng t\u1ef1 \u0111\u1ed9ng c\u1ee7a con ng\u01b0\u1eddi. M\u1ed9t trong nh\u1eefng thi\u1ebft b\u1ecb \u0111i k\u00e8m v\u1edbi \u0111\u00e8n trong b\u1ed9 chi\u1ebfu s\u00e1ng c\u1ee7a Signify kh\u00f4ng th\u1ec3 kh\u00f4ng nh\u1eafc \u0111\u1ebfn thi\u1ebft b\u1ecb <a href=\"https:\/\/aslighting.com.vn\/ja\/product\/xitanium-13w-0-25-0-3a-42v-wiz-dm-230v\/\"><span style=\"color: #000098;\"><strong>Xitanium 13W 0.25\/0.3A 42V WiZ DM 230V<\/strong><\/span><\/a>. H\u00e3y c\u00f9ng t\u00ecm hi\u1ec3u d\u00f2ng s\u1ea3n ph\u1ea9m n\u00e0y nh\u00e9.<\/span><\/p>\n<p><a href=\"https:\/\/aslighting.com.vn\/wp-content\/uploads\/2023\/06\/Khung-xanh-nen-trong-suot-khong-logo-ass-scaled.jpg\"><img fetchpriority=\"high\" decoding=\"async\" class=\"aligncenter wp-image-4918\" src=\"https:\/\/aslighting.com.vn\/wp-content\/uploads\/2023\/06\/Khung-xanh-nen-trong-suot-khong-logo-ass-scaled.jpg\" alt=\"\" width=\"500\" height=\"500\" srcset=\"\/wp-content\/uploads\/2023\/06\/Khung-xanh-nen-trong-suot-khong-logo-ass-scaled.jpg 1000w, \/wp-content\/uploads\/2023\/06\/Khung-xanh-nen-trong-suot-khong-logo-ass-300x300.jpg 300w, \/wp-content\/uploads\/2023\/06\/Khung-xanh-nen-trong-suot-khong-logo-ass-1024x1024.jpg 1024w, \/wp-content\/uploads\/2023\/06\/Khung-xanh-nen-trong-suot-khong-logo-ass-150x150.jpg 150w, \/wp-content\/uploads\/2023\/06\/Khung-xanh-nen-trong-suot-khong-logo-ass-768x768.jpg 768w, \/wp-content\/uploads\/2023\/06\/Khung-xanh-nen-trong-suot-khong-logo-ass-12x12.jpg 12w, \/wp-content\/uploads\/2023\/06\/Khung-xanh-nen-trong-suot-khong-logo-ass-600x600.jpg 600w, \/wp-content\/uploads\/2023\/06\/Khung-xanh-nen-trong-suot-khong-logo-ass-100x100.jpg 100w\" sizes=\"(max-width: 500px) 100vw, 500px\" \/><\/a><\/p>\n<p style=\"text-align: center;\"><span style=\"font-size: 10pt;\"><em>Drivers<\/em><\/span><span style=\"font-size: 10pt;\"><em> Xitanium 13W 0.25\/0.3A 42V WiZ DM 230V \u0111\u01b0\u1ee3c \u00c1nh Sao ph\u00e2n ph\u1ed1i ch\u00ednh h\u00e3ng<\/em><\/span><\/p>\n<h2><span style=\"color: #000080;\"><strong>I\/ \u0110\u1eb7c \u0111i\u1ec3m c\u1ee7a Xitanium 13W 0.25\/0.3A 42V WiZ DM 230V\u00a0<\/strong><\/span><\/h2>\n<p><span style=\"font-weight: 400;\">D\u00f2ng thi\u1ebft b\u1ecb b\u1ed5 tr\u1ee3 Xitanium <\/span><span style=\"font-weight: 400;\">13W 0.25\/0.3A 42V WiZ DM 230V <\/span><span style=\"font-weight: 400;\">cho \u0111\u00e8n ra \u0111\u1eddi nh\u1eb1m thay th\u1ebf t\u00ednh n\u0103ng c\u1ee7a \u0111\u00e8n led nh\u1eb1m cung c\u1ea5p th\u00eam t\u00ednh n\u0103ng Dim 1-10V cho \u0111\u00e8n led.\u00a0<\/span><\/p>\n<h3><span style=\"color: #ff6600;\"><strong>1. Thi\u1ebft k\u1ebf<\/strong><\/span><\/h3>\n<ul>\n<li><span style=\"font-weight: 400;\">S\u1ea3n ph\u1ea9m \u0111\u01b0\u1ee3c thi\u1ebft k\u1ebf h\u00ecnh ch\u1eef nh\u1eadt nh\u1ecf g\u1ecdn, m\u00e0u tr\u1eafng tinh t\u1ebf \u0111\u1ea3m b\u1ea3o t\u00ednh th\u1ea9m m\u1ef9 trong qu\u00e1 tr\u00ecnh s\u1eed d\u1ee5ng v\u00e0 l\u1eafp \u0111\u1eb7t.\u00a0<\/span><\/li>\n<li><span style=\"font-weight: 400;\">S\u1ea3n ph\u1ea9m \u0111\u01b0\u1ee3c thi\u1ebft k\u1ebf v\u1edbi k\u00edch th\u01b0\u1edbc 115*45*29 mm, tr\u1ecdng l\u01b0\u1ee3ng 81.5 gram. K\u00edch th\u01b0\u1edbc, tr\u1ecdng l\u01b0\u1ee3ng nh\u1ecf kh\u00f4ng b\u1ecb l\u1ed9 trong kh\u00f4ng gian l\u1eafp \u0111\u1eb7t.<\/span><\/li>\n<li><span style=\"font-weight: 400;\">Thi\u1ebft b\u1ecb n\u00e0y \u0111\u01b0\u1ee3c thi\u1ebft k\u1ebf v\u1edbi t\u00ednh n\u0103ng \u0111\u1eb7c bi\u1ec7t l\u00e0 \u0111i\u1ec1u khi\u1ec3n \u0111\u1ed9 s\u00e1ng (Dimming) th\u00f4ng qua Wi-Fi, gi\u00fap ng\u01b0\u1eddi d\u00f9ng d\u1ec5 d\u00e0ng \u0111i\u1ec1u khi\u1ec3n \u00e1nh s\u00e1ng c\u1ee7a \u0111\u00e8n t\u1eeb xa.<\/span><\/li>\n<li><span style=\"font-weight: 400;\">S\u1ea3n ph\u1ea9m Xitanium DM \u0111\u1ec3 Dim cho panel, thay th\u1ebf c\u1ee5c ngu\u1ed3n panel truy\u1ec1n th\u1ed1ng gi\u00fap \u0111\u1ea1t hi\u1ec7u qu\u1ea3 chi\u1ebfu s\u00e1ng t\u1ed1t nh\u1ea5t khi k\u1ebft h\u1ee3p v\u1edbi \u0111\u00e8n.<\/span><\/li>\n<\/ul>\n<h3><span style=\"color: #ff6600;\"><strong>2. \u01afu \u0111i\u1ec3m n\u1ed5i b\u1eadt\u00a0<\/strong><\/span><\/h3>\n<ul>\n<li><span style=\"font-weight: 400;\">DW 230V thay th\u1ebf cho c\u00e1c driver c\u1ee7a \u0111\u00e8n led nh\u1eb1m cung c\u1ea5p th\u00eam t\u00ednh n\u0103ng Dim 1-10V cho \u0111\u00e8n led.\u00a0<\/span><\/li>\n<li><span style=\"font-weight: 400;\">\u0110\u1ed9 b\u1ec1n khi s\u1eed d\u1ee5ng s\u1ea3n ph\u1ea9m cao l\u00ean t\u1edbi 50.000 gi\u1edd s\u1eed d\u1ee5ng.\u00a0<\/span><\/li>\n<li><span style=\"font-weight: 400;\">Xitanium 13W 0.25\/0.3A 42V WiZ DM 230V \u0111\u1ea1t ti\u00eau chu\u1ea9n qu\u1ed1c t\u1ebf IP20 v\u1ec1 t\u00ednh ch\u1ed1ng n\u01b0\u1edbc ngay c\u1ea3 trong m\u00f4i tr\u01b0\u1eddng kh\u1eafc nghi\u1ec7t nh\u1ea5t.\u00a0<\/span><\/li>\n<li><span style=\"font-weight: 400;\">Xitanium 13W 0.25\/0.3A 42V WiZ DM 230V \u0111i\u1ec1u khi\u1ec3n Dimming th\u00f4ng qua Wi-Fi: Thi\u1ebft b\u1ecb n\u00e0y \u0111\u01b0\u1ee3c t\u00edch h\u1ee3p Wi-Fi, gi\u00fap ng\u01b0\u1eddi d\u00f9ng d\u1ec5 d\u00e0ng \u0111i\u1ec1u khi\u1ec3n \u0111\u1ed9 s\u00e1ng c\u1ee7a \u0111\u00e8n th\u00f4ng qua c\u00e1c thi\u1ebft b\u1ecb di \u0111\u1ed9ng ho\u1eb7c m\u00e1y t\u00ednh b\u1ea3ng.<\/span><\/li>\n<li><span style=\"font-weight: 400;\">Xitanium 13W 0.25\/0.3A 42V WiZ DM 230V \u0111\u01b0\u1ee3c t\u00edch h\u1ee3p c\u00e1c t\u00ednh n\u0103ng b\u1ea3o v\u1ec7 nh\u01b0 qu\u00e1 t\u1ea3i, ng\u1eafn m\u1ea1ch, qu\u00e1 nhi\u1ec7t v\u00e0 qu\u00e1 \u00e1p su\u1ea5t, gi\u00fap \u0111\u1ea3m b\u1ea3o an to\u00e0n v\u00e0 \u0111\u1ed9 tin c\u1eady trong qu\u00e1 tr\u00ecnh s\u1eed d\u1ee5ng.<\/span><\/li>\n<\/ul>\n<h3><span style=\"color: #ff6600;\"><strong>3. Th\u00f4ng s\u1ed1 k\u1ef9 thu\u1eadt<\/strong><\/span><\/h3>\n<table>\n<tbody>\n<tr>\n<td style=\"text-align: center;\" width=\"245\"><strong>C\u00f4ng su\u1ea5t:<\/strong><\/td>\n<td style=\"text-align: center;\" width=\"253\">15.5W<\/td>\n<\/tr>\n<tr>\n<td style=\"text-align: center;\" width=\"245\"><strong>\u0110i\u1ec7n \u00e1p v\u00e0o:<\/strong><\/td>\n<td style=\"text-align: center;\" width=\"253\">220-240V, 50\/60Hz<\/td>\n<\/tr>\n<tr>\n<td style=\"text-align: center;\" width=\"245\"><strong>\u0110i\u1ec7n \u00e1p ra t\u1ed1i \u0111a:<\/strong><\/td>\n<td style=\"text-align: center;\" width=\"253\">60V<\/td>\n<\/tr>\n<tr>\n<td style=\"text-align: center;\" width=\"245\"><strong>IP:<\/strong><\/td>\n<td style=\"text-align: center;\" width=\"253\">20<\/td>\n<\/tr>\n<tr>\n<td style=\"text-align: center;\" width=\"245\"><strong>Tr\u1ecdng l\u01b0\u1ee3ng:<\/strong><\/td>\n<td style=\"text-align: center;\" width=\"253\">81.5 gram<\/td>\n<\/tr>\n<tr>\n<td style=\"text-align: center;\" width=\"245\"><strong>K\u00edch th\u01b0\u1edbc:<\/strong><\/td>\n<td style=\"text-align: center;\" width=\"253\">115x45x29 mm<\/td>\n<\/tr>\n<tr>\n<td style=\"text-align: center;\" width=\"245\"><strong>Tu\u1ed5i th\u1ecd:<\/strong><\/td>\n<td style=\"text-align: center;\" width=\"253\">50.000 h<\/td>\n<\/tr>\n<\/tbody>\n<\/table>\n<h2><span style=\"color: #000080;\"><strong>II\/ \u1ee8ng d\u1ee5ng c\u1ee7a Xitanium 13W 0.25\/0.3A 42V WiZ DM 230V\u00a0<\/strong><\/span><\/h2>\n<p><span style=\"font-weight: 400;\">S\u1ea3n ph\u1ea9m Xitanium 13W 0.25\/0.3A 42V WiZ DM 230V c\u1ee7a <a href=\"https:\/\/aslighting.com.vn\/ja\/product-category\/wiz-pro\/\"><span style=\"color: #000098;\"><strong>\u0111\u00e8n Signify<\/strong><\/span><\/a> l\u00e0 ph\u1ee5 ki\u1ec7n l\u1eafp \u0111\u1eb7t c\u00f9ng \u0111\u00e8n t\u1ea1o ra s\u1ea3n ph\u1ea9m chi\u1ebfu s\u00e1ng th\u00f4ng minh cho ng\u00f4i nh\u00e0 c\u1ee7a b\u1ea1n. S\u1ea3n ph\u1ea9m \u0111\u01b0\u1ee3c d\u00f9ng cho c\u00e1c kh\u00f4ng gian chi\u1ebfu s\u00e1ng mu\u1ed1n d\u00f9ng \u0111\u00e8n th\u00f4ng minh nh\u01b0 chung c\u01b0, bi\u1ec7t th\u1ef1, v\u0103n ph\u00f2ng, c\u00e1c qu\u00e1n cafe\u2026..<\/span><\/p>\n<p><a href=\"https:\/\/aslighting.com.vn\/wp-content\/uploads\/2023\/06\/ca-phe-ninh-thuan-scaled.jpg\"><img decoding=\"async\" class=\"aligncenter wp-image-4919 lazyload\" data-src=\"https:\/\/aslighting.com.vn\/wp-content\/uploads\/2023\/06\/ca-phe-ninh-thuan-scaled.jpg\" alt=\"\" width=\"600\" height=\"326\" data-srcset=\"\/wp-content\/uploads\/2023\/06\/ca-phe-ninh-thuan-scaled.jpg 1000w, \/wp-content\/uploads\/2023\/06\/ca-phe-ninh-thuan-300x163.jpg 300w, \/wp-content\/uploads\/2023\/06\/ca-phe-ninh-thuan-1024x558.jpg 1024w, \/wp-content\/uploads\/2023\/06\/ca-phe-ninh-thuan-768x418.jpg 768w, \/wp-content\/uploads\/2023\/06\/ca-phe-ninh-thuan-1536x836.jpg 1536w, \/wp-content\/uploads\/2023\/06\/ca-phe-ninh-thuan-18x10.jpg 18w, \/wp-content\/uploads\/2023\/06\/ca-phe-ninh-thuan-600x327.jpg 600w\" data-sizes=\"(max-width: 600px) 100vw, 600px\" src=\"data:image\/svg+xml;base64,PHN2ZyB3aWR0aD0iMSIgaGVpZ2h0PSIxIiB4bWxucz0iaHR0cDovL3d3dy53My5vcmcvMjAwMC9zdmciPjwvc3ZnPg==\" style=\"--smush-placeholder-width: 600px; --smush-placeholder-aspect-ratio: 600\/326;\" \/><\/a><\/p>\n<p><a href=\"https:\/\/drive.google.com\/file\/d\/1TrcTYbBdun8xPI26RBqTgxu-hgf9VGZF\/view?usp=sharing\"><img decoding=\"async\" class=\"size-medium wp-image-4920 aligncenter lazyload\" data-src=\"https:\/\/aslighting.com.vn\/wp-content\/uploads\/2023\/06\/button_tai-catalogue-tai-day-300x49.png\" alt=\"\" width=\"300\" height=\"49\" data-srcset=\"\/wp-content\/uploads\/2023\/06\/button_tai-catalogue-tai-day-300x49.png 300w, \/wp-content\/uploads\/2023\/06\/button_tai-catalogue-tai-day-18x3.png 18w, \/wp-content\/uploads\/2023\/06\/button_tai-catalogue-tai-day.png 407w\" data-sizes=\"(max-width: 300px) 100vw, 300px\" src=\"data:image\/svg+xml;base64,PHN2ZyB3aWR0aD0iMSIgaGVpZ2h0PSIxIiB4bWxucz0iaHR0cDovL3d3dy53My5vcmcvMjAwMC9zdmciPjwvc3ZnPg==\" style=\"--smush-placeholder-width: 300px; --smush-placeholder-aspect-ratio: 300\/49;\" \/><\/a><\/p>","protected":false},"excerpt":{"rendered":"<p><strong>C\u00f4ng su\u1ea5t (W):<\/strong> 15.5W<\/p>\n<p><strong>\u0110i\u1ec7n \u00e1p v\u00e0o: <\/strong>220-240V, 50\/60Hz<\/p>\n<p><strong>\u0110i\u1ec7n \u00e1p ra t\u1ed1i \u0111a:\u00a0<\/strong>60V<\/p>\n<p><strong>IP:\u00a0<\/strong>20<\/p>\n<p><strong>Tr\u1ecdng l\u01b0\u1ee3ng: <\/strong>81.5\u00a0gram<\/p>\n<p><strong>K\u00edch th\u01b0\u1edbc: <\/strong>115x45x29 mm<\/p>\n<p><strong>Tu\u1ed5i th\u1ecd: <\/strong>50.000h<\/p>","protected":false},"featured_media":4921,"comment_status":"open","ping_status":"closed","template":"","meta":[],"product_brand":[],"product_cat":[408,409,415],"product_tag":[],"class_list":{"0":"post-4917","1":"product","2":"type-product","3":"status-publish","4":"has-post-thumbnail","6":"product_cat-wiz-pro","7":"product_cat-wiz-pro-drivers-bo-dien-wiz-pro","8":"product_cat-xitanium-13w-0-25-0-3a-42v-wiz-dm-230v","10":"first","11":"instock","12":"shipping-taxable","13":"product-type-simple"},"yoast_head":"<!-- This site is optimized with the Yoast SEO Premium plugin v22.0 (Yoast SEO v22.5) - https:\/\/yoast.com\/wordpress\/plugins\/seo\/ -->\n<title>Drivers Xitanium 13W 0.25\/0.3A 42V WiZ DM 230V Signify gi\u00e1 t\u1ed1t<\/title>\n<meta name=\"description\" content=\"Drivers Xitanium 13W 0.25\/0.3A 42V WiZ DM 230V Signify ch\u00ednh h\u00e3ng \u0111\u01b0\u1ee3c c\u00f4ng ty c\u1ed5 ph\u1ea7n thi\u1ebft b\u1ecb chi\u1ebfu s\u00e1ng \u00c1nh Sao cung c\u1ea5p t\u1edbi kh\u00e1ch h\u00e0ng ho\u00e0n h\u1ea3o nh\u1ea5t\" \/>\n<meta name=\"robots\" content=\"index, follow, max-snippet:-1, max-image-preview:large, max-video-preview:-1\" \/>\n<link rel=\"canonical\" href=\"https:\/\/aslighting.com.vn\/ja\/product\/xitanium-13w-0-25-0-3a-42v-wiz-dm-230v\/\" \/>\n<meta property=\"og:locale\" content=\"ja_JP\" \/>\n<meta property=\"og:type\" content=\"article\" \/>\n<meta property=\"og:title\" content=\"Xitanium 13W 0.25\/0.3A 42V WiZ DM 230V\" \/>\n<meta property=\"og:description\" content=\"Drivers Xitanium 13W 0.25\/0.3A 42V WiZ DM 230V Signify ch\u00ednh h\u00e3ng \u0111\u01b0\u1ee3c c\u00f4ng ty c\u1ed5 ph\u1ea7n thi\u1ebft b\u1ecb chi\u1ebfu s\u00e1ng \u00c1nh Sao cung c\u1ea5p t\u1edbi kh\u00e1ch h\u00e0ng ho\u00e0n h\u1ea3o nh\u1ea5t\" \/>\n<meta property=\"og:url\" content=\"https:\/\/aslighting.com.vn\/ja\/product\/xitanium-13w-0-25-0-3a-42v-wiz-dm-230v\/\" \/>\n<meta property=\"og:site_name\" content=\"C\u00f4ng Ty C\u1ed5 Ph\u1ea7n Gi\u1ea3i Ph\u00e1p Chi\u1ebfu S\u00e1ng To\u00e0n Di\u1ec7n \u00c1nh Sao\" \/>\n<meta property=\"article:modified_time\" content=\"2023-07-04T03:26:16+00:00\" \/>\n<meta property=\"og:image\" content=\"https:\/\/aslighting.com.vn\/wp-content\/uploads\/2023\/06\/screenshot_1685356132.png\" \/>\n\t<meta property=\"og:image:width\" content=\"839\" \/>\n\t<meta property=\"og:image:height\" content=\"702\" \/>\n\t<meta property=\"og:image:type\" content=\"image\/png\" \/>\n<meta name=\"twitter:card\" content=\"summary_large_image\" \/>\n<meta name=\"twitter:label1\" content=\"\u63a8\u5b9a\u8aad\u307f\u53d6\u308a\u6642\u9593\" \/>\n\t<meta name=\"twitter:data1\" content=\"4\u5206\" \/>\n<script type=\"application\/ld+json\" class=\"yoast-schema-graph\">{\"@context\":\"https:\/\/schema.org\",\"@graph\":[{\"@type\":\"WebPage\",\"@id\":\"https:\/\/aslighting.com.vn\/san-pham\/xitanium-13w-0-25-0-3a-42v-wiz-dm-230v\/\",\"url\":\"https:\/\/aslighting.com.vn\/san-pham\/xitanium-13w-0-25-0-3a-42v-wiz-dm-230v\/\",\"name\":\"Drivers Xitanium 13W 0.25\/0.3A 42V WiZ DM 230V Signify gi\u00e1 t\u1ed1t\",\"isPartOf\":{\"@id\":\"https:\/\/aslighting.com.vn\/#website\"},\"primaryImageOfPage\":{\"@id\":\"https:\/\/aslighting.com.vn\/san-pham\/xitanium-13w-0-25-0-3a-42v-wiz-dm-230v\/#primaryimage\"},\"image\":{\"@id\":\"https:\/\/aslighting.com.vn\/san-pham\/xitanium-13w-0-25-0-3a-42v-wiz-dm-230v\/#primaryimage\"},\"thumbnailUrl\":\"\/wp-content\/uploads\/2023\/06\/screenshot_1685356132.png\",\"datePublished\":\"2023-06-01T08:01:35+00:00\",\"dateModified\":\"2023-07-04T03:26:16+00:00\",\"description\":\"Drivers Xitanium 13W 0.25\/0.3A 42V WiZ DM 230V Signify ch\u00ednh h\u00e3ng \u0111\u01b0\u1ee3c c\u00f4ng ty c\u1ed5 ph\u1ea7n thi\u1ebft b\u1ecb chi\u1ebfu s\u00e1ng \u00c1nh Sao cung c\u1ea5p t\u1edbi kh\u00e1ch h\u00e0ng ho\u00e0n h\u1ea3o nh\u1ea5t\",\"breadcrumb\":{\"@id\":\"https:\/\/aslighting.com.vn\/san-pham\/xitanium-13w-0-25-0-3a-42v-wiz-dm-230v\/#breadcrumb\"},\"inLanguage\":\"ja\",\"potentialAction\":[{\"@type\":\"ReadAction\",\"target\":[\"https:\/\/aslighting.com.vn\/san-pham\/xitanium-13w-0-25-0-3a-42v-wiz-dm-230v\/\"]}]},{\"@type\":\"ImageObject\",\"inLanguage\":\"ja\",\"@id\":\"https:\/\/aslighting.com.vn\/san-pham\/xitanium-13w-0-25-0-3a-42v-wiz-dm-230v\/#primaryimage\",\"url\":\"\/wp-content\/uploads\/2023\/06\/screenshot_1685356132.png\",\"contentUrl\":\"\/wp-content\/uploads\/2023\/06\/screenshot_1685356132.png\",\"width\":839,\"height\":702},{\"@type\":\"BreadcrumbList\",\"@id\":\"https:\/\/aslighting.com.vn\/san-pham\/xitanium-13w-0-25-0-3a-42v-wiz-dm-230v\/#breadcrumb\",\"itemListElement\":[{\"@type\":\"ListItem\",\"position\":1,\"name\":\"Trang ch\u1ee7\",\"item\":\"https:\/\/aslighting.com.vn\/vi\/\"},{\"@type\":\"ListItem\",\"position\":2,\"name\":\"S\u1ea3n ph\u1ea9m\",\"item\":\"https:\/\/aslighting.com.vn\/en\/san-pham\/\"},{\"@type\":\"ListItem\",\"position\":3,\"name\":\"Xitanium 13W 0.25\/0.3A 42V WiZ DM 230V\"}]},{\"@type\":\"WebSite\",\"@id\":\"https:\/\/aslighting.com.vn\/#website\",\"url\":\"https:\/\/aslighting.com.vn\/\",\"name\":\"C\u00f4ng Ty C\u1ed5 Ph\u1ea7n Gi\u1ea3i Ph\u00e1p Chi\u1ebfu S\u00e1ng To\u00e0n Di\u1ec7n \u00c1nh Sao\",\"description\":\"\",\"publisher\":{\"@id\":\"https:\/\/aslighting.com.vn\/#organization\"},\"potentialAction\":[{\"@type\":\"SearchAction\",\"target\":{\"@type\":\"EntryPoint\",\"urlTemplate\":\"https:\/\/aslighting.com.vn\/?s={search_term_string}\"},\"query-input\":\"required name=search_term_string\"}],\"inLanguage\":\"ja\"},{\"@type\":\"Organization\",\"@id\":\"https:\/\/aslighting.com.vn\/#organization\",\"name\":\"C\u00f4ng Ty C\u1ed5 Ph\u1ea7n Gi\u1ea3i Ph\u00e1p Chi\u1ebfu S\u00e1ng To\u00e0n Di\u1ec7n \u00c1nh Sao\",\"url\":\"https:\/\/aslighting.com.vn\/\",\"logo\":{\"@type\":\"ImageObject\",\"inLanguage\":\"ja\",\"@id\":\"https:\/\/aslighting.com.vn\/#\/schema\/logo\/image\/\",\"url\":\"\/wp-content\/uploads\/2022\/10\/logo-ANHSAO.png\",\"contentUrl\":\"\/wp-content\/uploads\/2022\/10\/logo-ANHSAO.png\",\"width\":1091,\"height\":360,\"caption\":\"C\u00f4ng Ty C\u1ed5 Ph\u1ea7n Gi\u1ea3i Ph\u00e1p Chi\u1ebfu S\u00e1ng To\u00e0n Di\u1ec7n \u00c1nh Sao\"},\"image\":{\"@id\":\"https:\/\/aslighting.com.vn\/#\/schema\/logo\/image\/\"}}]}<\/script>\n<!-- \/ Yoast SEO Premium plugin. -->","yoast_head_json":{"title":"Drivers Xitanium 13W 0.25\/0.3A 42V WiZ DM 230V Signify gi\u00e1 t\u1ed1t","description":"Drivers Xitanium 13W 0.25\/0.3A 42V WiZ DM 230V Signify ch\u00ednh h\u00e3ng \u0111\u01b0\u1ee3c c\u00f4ng ty c\u1ed5 ph\u1ea7n thi\u1ebft b\u1ecb chi\u1ebfu s\u00e1ng \u00c1nh Sao cung c\u1ea5p t\u1edbi kh\u00e1ch h\u00e0ng ho\u00e0n h\u1ea3o nh\u1ea5t","robots":{"index":"index","follow":"follow","max-snippet":"max-snippet:-1","max-image-preview":"max-image-preview:large","max-video-preview":"max-video-preview:-1"},"canonical":"https:\/\/aslighting.com.vn\/ja\/product\/xitanium-13w-0-25-0-3a-42v-wiz-dm-230v\/","og_locale":"ja_JP","og_type":"article","og_title":"Xitanium 13W 0.25\/0.3A 42V WiZ DM 230V","og_description":"Drivers Xitanium 13W 0.25\/0.3A 42V WiZ DM 230V Signify ch\u00ednh h\u00e3ng \u0111\u01b0\u1ee3c c\u00f4ng ty c\u1ed5 ph\u1ea7n thi\u1ebft b\u1ecb chi\u1ebfu s\u00e1ng \u00c1nh Sao cung c\u1ea5p t\u1edbi kh\u00e1ch h\u00e0ng ho\u00e0n h\u1ea3o nh\u1ea5t","og_url":"https:\/\/aslighting.com.vn\/ja\/product\/xitanium-13w-0-25-0-3a-42v-wiz-dm-230v\/","og_site_name":"C\u00f4ng Ty C\u1ed5 Ph\u1ea7n Gi\u1ea3i Ph\u00e1p Chi\u1ebfu S\u00e1ng To\u00e0n Di\u1ec7n \u00c1nh Sao","article_modified_time":"2023-07-04T03:26:16+00:00","og_image":[{"width":839,"height":702,"url":"https:\/\/aslighting.com.vn\/wp-content\/uploads\/2023\/06\/screenshot_1685356132.png","type":"image\/png"}],"twitter_card":"summary_large_image","twitter_misc":{"\u63a8\u5b9a\u8aad\u307f\u53d6\u308a\u6642\u9593":"4\u5206"},"schema":{"@context":"https:\/\/schema.org","@graph":[{"@type":"WebPage","@id":"https:\/\/aslighting.com.vn\/san-pham\/xitanium-13w-0-25-0-3a-42v-wiz-dm-230v\/","url":"https:\/\/aslighting.com.vn\/san-pham\/xitanium-13w-0-25-0-3a-42v-wiz-dm-230v\/","name":"Drivers Xitanium 13W 0.25\/0.3A 42V WiZ DM 230V Signify gi\u00e1 t\u1ed1t","isPartOf":{"@id":"https:\/\/aslighting.com.vn\/#website"},"primaryImageOfPage":{"@id":"https:\/\/aslighting.com.vn\/san-pham\/xitanium-13w-0-25-0-3a-42v-wiz-dm-230v\/#primaryimage"},"image":{"@id":"https:\/\/aslighting.com.vn\/san-pham\/xitanium-13w-0-25-0-3a-42v-wiz-dm-230v\/#primaryimage"},"thumbnailUrl":"\/wp-content\/uploads\/2023\/06\/screenshot_1685356132.png","datePublished":"2023-06-01T08:01:35+00:00","dateModified":"2023-07-04T03:26:16+00:00","description":"Drivers Xitanium 13W 0.25\/0.3A 42V WiZ DM 230V Signify ch\u00ednh h\u00e3ng \u0111\u01b0\u1ee3c c\u00f4ng ty c\u1ed5 ph\u1ea7n thi\u1ebft b\u1ecb chi\u1ebfu s\u00e1ng \u00c1nh Sao cung c\u1ea5p t\u1edbi kh\u00e1ch h\u00e0ng ho\u00e0n h\u1ea3o nh\u1ea5t","breadcrumb":{"@id":"https:\/\/aslighting.com.vn\/san-pham\/xitanium-13w-0-25-0-3a-42v-wiz-dm-230v\/#breadcrumb"},"inLanguage":"ja","potentialAction":[{"@type":"ReadAction","target":["https:\/\/aslighting.com.vn\/san-pham\/xitanium-13w-0-25-0-3a-42v-wiz-dm-230v\/"]}]},{"@type":"ImageObject","inLanguage":"ja","@id":"https:\/\/aslighting.com.vn\/san-pham\/xitanium-13w-0-25-0-3a-42v-wiz-dm-230v\/#primaryimage","url":"\/wp-content\/uploads\/2023\/06\/screenshot_1685356132.png","contentUrl":"\/wp-content\/uploads\/2023\/06\/screenshot_1685356132.png","width":839,"height":702},{"@type":"BreadcrumbList","@id":"https:\/\/aslighting.com.vn\/san-pham\/xitanium-13w-0-25-0-3a-42v-wiz-dm-230v\/#breadcrumb","itemListElement":[{"@type":"ListItem","position":1,"name":"Trang ch\u1ee7","item":"https:\/\/aslighting.com.vn\/vi\/"},{"@type":"ListItem","position":2,"name":"S\u1ea3n ph\u1ea9m","item":"https:\/\/aslighting.com.vn\/en\/san-pham\/"},{"@type":"ListItem","position":3,"name":"Xitanium 13W 0.25\/0.3A 42V WiZ DM 230V"}]},{"@type":"WebSite","@id":"https:\/\/aslighting.com.vn\/#website","url":"https:\/\/aslighting.com.vn\/","name":"C\u00f4ng Ty C\u1ed5 Ph\u1ea7n Gi\u1ea3i Ph\u00e1p Chi\u1ebfu S\u00e1ng To\u00e0n Di\u1ec7n \u00c1nh Sao","description":"","publisher":{"@id":"https:\/\/aslighting.com.vn\/#organization"},"potentialAction":[{"@type":"SearchAction","target":{"@type":"EntryPoint","urlTemplate":"https:\/\/aslighting.com.vn\/?s={search_term_string}"},"query-input":"required name=search_term_string"}],"inLanguage":"ja"},{"@type":"Organization","@id":"https:\/\/aslighting.com.vn\/#organization","name":"C\u00f4ng Ty C\u1ed5 Ph\u1ea7n Gi\u1ea3i Ph\u00e1p Chi\u1ebfu S\u00e1ng To\u00e0n Di\u1ec7n \u00c1nh Sao","url":"https:\/\/aslighting.com.vn\/","logo":{"@type":"ImageObject","inLanguage":"ja","@id":"https:\/\/aslighting.com.vn\/#\/schema\/logo\/image\/","url":"\/wp-content\/uploads\/2022\/10\/logo-ANHSAO.png","contentUrl":"\/wp-content\/uploads\/2022\/10\/logo-ANHSAO.png","width":1091,"height":360,"caption":"C\u00f4ng Ty C\u1ed5 Ph\u1ea7n Gi\u1ea3i Ph\u00e1p Chi\u1ebfu S\u00e1ng To\u00e0n Di\u1ec7n \u00c1nh Sao"},"image":{"@id":"https:\/\/aslighting.com.vn\/#\/schema\/logo\/image\/"}}]}},"_links":{"self":[{"href":"https:\/\/aslighting.com.vn\/ja\/wp-json\/wp\/v2\/product\/4917","targetHints":{"allow":["GET"]}}],"collection":[{"href":"https:\/\/aslighting.com.vn\/ja\/wp-json\/wp\/v2\/product"}],"about":[{"href":"https:\/\/aslighting.com.vn\/ja\/wp-json\/wp\/v2\/types\/product"}],"replies":[{"embeddable":true,"href":"https:\/\/aslighting.com.vn\/ja\/wp-json\/wp\/v2\/comments?post=4917"}],"wp:featuredmedia":[{"embeddable":true,"href":"https:\/\/aslighting.com.vn\/ja\/wp-json\/wp\/v2\/media\/4921"}],"wp:attachment":[{"href":"https:\/\/aslighting.com.vn\/ja\/wp-json\/wp\/v2\/media?parent=4917"}],"wp:term":[{"taxonomy":"product_brand","embeddable":true,"href":"https:\/\/aslighting.com.vn\/ja\/wp-json\/wp\/v2\/product_brand?post=4917"},{"taxonomy":"product_cat","embeddable":true,"href":"https:\/\/aslighting.com.vn\/ja\/wp-json\/wp\/v2\/product_cat?post=4917"},{"taxonomy":"product_tag","embeddable":true,"href":"https:\/\/aslighting.com.vn\/ja\/wp-json\/wp\/v2\/product_tag?post=4917"}],"curies":[{"name":"wp","href":"https:\/\/api.w.org\/{rel}","templated":true}]}}