{"id":5007,"date":"2023-06-02T10:42:01","date_gmt":"2023-06-02T03:42:01","guid":{"rendered":"https:\/\/aslighting.com.vn\/?post_type=product&#038;p=5007"},"modified":"2023-06-02T11:33:50","modified_gmt":"2023-06-02T04:33:50","slug":"wiz-pro-a60-e27-rgbtw-8w-230v","status":"publish","type":"product","link":"https:\/\/aslighting.com.vn\/ja\/product\/wiz-pro-a60-e27-rgbtw-8w-230v\/","title":{"rendered":"Wiz Pro A60 E27 RGBTW 8W 230V"},"content":{"rendered":"<p><span style=\"font-weight: 400;\">D\u00f2ng s\u1ea3n ph\u1ea9m \u0111\u00e8n th\u00f4ng minh <strong>Wiz Pro A60 E27 RGBTW 8W 230V<\/strong>\u00a0c\u1ee7a h\u00e3ng Signify \u0111ang \u0111\u01b0\u1ee3c th\u1ecb tr\u01b0\u1eddng r\u1ea5t quan t\u00e2m b\u1edfi nhi\u1ec1u t\u00ednh n\u0103ng \u01b0u vi\u1ec7t c\u1ee7a ch\u00fang. H\u00e3y c\u00f9ng t\u00ecm hi\u1ec3u chi ti\u1ebft s\u1ea3n ph\u1ea9m trong b\u00e0i vi\u1ebft sau \u0111\u00e2y.<\/span><\/p>\n<p><a href=\"https:\/\/aslighting.com.vn\/wp-content\/uploads\/2023\/06\/Khung-xanh-nen-trong-suot-logo-Signify-df-scaled.jpg\"><img fetchpriority=\"high\" decoding=\"async\" class=\"aligncenter wp-image-4996\" src=\"https:\/\/aslighting.com.vn\/wp-content\/uploads\/2023\/06\/Khung-xanh-nen-trong-suot-logo-Signify-df-scaled.jpg\" alt=\"\" width=\"500\" height=\"500\" srcset=\"\/wp-content\/uploads\/2023\/06\/Khung-xanh-nen-trong-suot-logo-Signify-df-scaled.jpg 1000w, \/wp-content\/uploads\/2023\/06\/Khung-xanh-nen-trong-suot-logo-Signify-df-300x300.jpg 300w, \/wp-content\/uploads\/2023\/06\/Khung-xanh-nen-trong-suot-logo-Signify-df-1024x1024.jpg 1024w, \/wp-content\/uploads\/2023\/06\/Khung-xanh-nen-trong-suot-logo-Signify-df-150x150.jpg 150w, \/wp-content\/uploads\/2023\/06\/Khung-xanh-nen-trong-suot-logo-Signify-df-768x768.jpg 768w, \/wp-content\/uploads\/2023\/06\/Khung-xanh-nen-trong-suot-logo-Signify-df-12x12.jpg 12w, \/wp-content\/uploads\/2023\/06\/Khung-xanh-nen-trong-suot-logo-Signify-df-600x600.jpg 600w, \/wp-content\/uploads\/2023\/06\/Khung-xanh-nen-trong-suot-logo-Signify-df-100x100.jpg 100w\" sizes=\"(max-width: 500px) 100vw, 500px\" \/><\/a><\/p>\n<p style=\"text-align: center;\"><span style=\"font-size: 10pt;\"><em>\u0110\u00e8n Wiz Pro A60 E27 RGBTW 8W 230V \u0111\u01b0\u1ee3c \u00c1nh Sao ph\u00e2n ph\u1ed1i ch\u00ednh h\u00e3ng<\/em><\/span><\/p>\n<h2><span style=\"color: #000080;\"><strong>I\/ \u0110\u1eb7c \u0111i\u1ec3m c\u1ee7a \u0111\u00e8n Wiz Pro A60 E27 RGBTW 8W 230V<\/strong><\/span><\/h2>\n<h3><span style=\"color: #ff6600;\"><strong>1. Thi\u1ebft k\u1ebf<\/strong><\/span><\/h3>\n<ul>\n<li><span style=\"font-weight: 400;\">S\u1ea3n ph\u1ea9m Wiz Pro A60 E27 RGBTW 8W 230V c\u00f3 thi\u1ebft k\u1ebf nh\u1ecf g\u1ecdn, tr\u1ecdng l\u01b0\u1ee3ng ch\u1ec9 65 gram \u0111\u1ea3m b\u1ea3o th\u1ea9m m\u1ef9 trong qu\u00e1 tr\u00ecnh s\u1eed d\u1ee5ng s\u1ea3n ph\u1ea9m.\u00a0<\/span><\/li>\n<li><span style=\"font-weight: 400;\">\u0110\u00e8n led th\u00f4ng minh Wiz Pro A60 E27 RGBTW 8W 230V \u0111\u01b0\u1ee3c thi\u1ebft k\u1ebf v\u1edbi nhi\u1ec7t \u0111\u1ed9 m\u00e0u \u00e1nh s\u00e1ng t\u1eeb 2200K &#8211; 6500K (RGB) gi\u00fap ng\u01b0\u1eddi d\u00f9ng c\u00f3 th\u1ec3 l\u1ef1a ch\u1ecdn m\u00e0u \u00e1nh s\u00e1ng t\u00f9y ch\u1ecdn v\u00e0 h\u1ee3p v\u1edbi kh\u00f4ng gian s\u1ed1ng.\u00a0<\/span><\/li>\n<li><span style=\"font-weight: 400;\">Ch\u1ec9 s\u1ed1 ho\u00e0n m\u00e0u CRI&gt;90 \u0111\u1ea3m b\u1ea3o \u0111\u1ed9 trung th\u1ef1c m\u00e0u cao trong qu\u00e1 tr\u00ecnh s\u1eed d\u1ee5ng kh\u00f4ng g\u00e2y h\u1ea1i m\u1eaft.\u00a0<\/span><\/li>\n<li><span style=\"font-weight: 400;\">\u0110\u00e8n s\u1eed d\u1ee5ng \u0111i\u1ec7n \u00e1p 220-240V, \u0111\u00e2y l\u00e0 \u0111i\u1ec7n th\u1ebf ph\u1ed5 bi\u1ebfn, ph\u00f9 h\u1ee3p cho l\u1eafp \u0111\u1eb7t \u1edf m\u1ecdi kh\u00f4ng gian.<\/span><\/li>\n<\/ul>\n<h3><span style=\"color: #ff6600;\"><strong>2. \u01afu \u0111i\u1ec3m n\u1ed5i b\u1eadt<\/strong><\/span><\/h3>\n<ul>\n<li><span style=\"font-weight: 400;\">D\u00f2ng s\u1ea3n ph\u1ea9m \u0111\u00e8n Led th\u00f4ng minh\u00a0Wiz Pro A60 E27 RGBTW 8W 230V gi\u00fap ng\u01b0\u1eddi d\u00f9ng c\u00f3 th\u1ec3 c\u00e0i \u0111\u1eb7t th\u1eddi gian chi\u1ebfu s\u00e1ng, m\u00e0u \u00e1nh s\u00e1ng, t\u0103ng gi\u1ea3m \u0111\u1ed9 s\u00e1ng, h\u1eb9n gi\u1edd ch\u1ec9 c\u1ea7n qua thi\u1ebft b\u1ecb th\u00f4ng minh. B\u1ea1n ch\u1ec9 c\u1ea7n k\u1ebft n\u1ed1i Wifi hay Bluetooth l\u00e0 c\u00f3 th\u1ec3 s\u1eed d\u1ee5ng ngay c\u1ea3 khi \u0111ang \u1edf xa v\u1ecb tr\u00ed chi\u1ebfu s\u00e1ng.\u00a0<\/span><\/li>\n<li><span style=\"font-weight: 400;\">Wiz Pro A60 E27 RGBTW 8W 230V c\u00f3 \u0111\u1ed9 b\u1ec1n cao, th\u1eddi gian s\u1eed d\u1ee5ng l\u00ean t\u1edbi 25.000 gi\u1edd.<\/span><\/li>\n<li><span style=\"font-weight: 400;\">S\u1ea3n ph\u1ea9m kh\u00f4ng ch\u1ec9 mang l\u1ea1i ti\u1ec7n \u00edch cho ng\u01b0\u1eddi d\u00f9ng m\u00e0 c\u00f2n gi\u00fap ti\u1ebft ki\u1ec7m n\u0103ng l\u01b0\u1ee3ng, gi\u1ea3m thi\u1ec3u t\u00e1c \u0111\u1ed9ng \u0111\u1ebfn m\u00f4i tr\u01b0\u1eddng.\u00a0<\/span><\/li>\n<\/ul>\n<h3><span style=\"color: #ff6600;\"><strong>3. Th\u00f4ng s\u1ed1 k\u1ef9 thu\u1eadt<\/strong><\/span><\/h3>\n<table style=\"width: 100%; height: 216px;\">\n<tbody>\n<tr style=\"height: 24px;\">\n<td style=\"text-align: center; height: 24px;\" width=\"245\"><strong>C\u00f4ng su\u1ea5t:<\/strong><\/td>\n<td style=\"text-align: center; height: 24px;\" width=\"253\">8W<\/td>\n<\/tr>\n<tr style=\"height: 24px;\">\n<td style=\"text-align: center; height: 24px;\" width=\"245\"><strong>\u0110i\u1ec7n \u00e1p v\u00e0o:<\/strong><\/td>\n<td style=\"text-align: center; height: 24px;\" width=\"253\">220-240V<\/td>\n<\/tr>\n<tr style=\"height: 24px;\">\n<td style=\"text-align: center; height: 24px;\" width=\"245\"><strong>Quang th\u00f4ng:<\/strong><\/td>\n<td style=\"text-align: center; height: 24px;\" width=\"253\">806Lm<\/td>\n<\/tr>\n<tr style=\"height: 24px;\">\n<td style=\"text-align: center; height: 24px;\"><strong>Nhi\u1ec7t \u0111\u1ed9 m\u00e0u:<\/strong><\/td>\n<td style=\"text-align: center; height: 24px;\">2200-6500K (RGB)<\/td>\n<\/tr>\n<tr style=\"height: 24px;\">\n<td style=\"text-align: center; height: 24px;\" width=\"245\"><strong>CRI:<\/strong><\/td>\n<td style=\"text-align: center; height: 24px;\" width=\"253\">90<\/td>\n<\/tr>\n<tr style=\"height: 24px;\">\n<td style=\"text-align: center; height: 24px;\" width=\"245\"><strong>Tr\u1ecdng l\u01b0\u1ee3ng:<\/strong><\/td>\n<td style=\"text-align: center; height: 24px;\" width=\"253\">70 gram<\/td>\n<\/tr>\n<tr style=\"height: 24px;\">\n<td style=\"text-align: center; height: 24px;\" width=\"245\"><strong>K\u00edch th\u01b0\u1edbc (H x W):<\/strong><\/td>\n<td style=\"text-align: center; height: 24px;\" width=\"253\">120&#215;60 mm<\/td>\n<\/tr>\n<tr style=\"height: 24px;\">\n<td style=\"text-align: center; height: 24px;\"><strong>\u0110ui:<\/strong><\/td>\n<td style=\"text-align: center; height: 24px;\">E27<\/td>\n<\/tr>\n<tr style=\"height: 24px;\">\n<td style=\"text-align: center; height: 24px;\" width=\"245\"><strong>Tu\u1ed5i th\u1ecd:<\/strong><\/td>\n<td style=\"text-align: center; height: 24px;\" width=\"253\">25.000 h<\/td>\n<\/tr>\n<\/tbody>\n<\/table>\n<h2><span style=\"color: #000080;\"><strong>II\/ \u1ee8ng d\u1ee5ng c\u1ee7a \u0111\u00e8n th\u00f4ng minh Wiz Pro A60 E27 RGBTW 8W 230V<\/strong><\/span><\/h2>\n<p><span style=\"font-weight: 400;\">D\u00f2ng s\u1ea3n ph\u1ea9m \u0111\u00e8n th\u00f4ng minh Wiz Pro A60 E27 RGBTW 8W 230V v\u1edbi nhi\u1ec1u \u01b0u \u0111i\u1ec3m n\u1ed5i b\u1eadt \u0111\u01b0\u1ee3c \u1ee9ng d\u1ee5ng cho nhi\u1ec1u kh\u00f4ng gian kh\u00e1c nhau. \u0110\u00e8n \u0111\u01b0\u1ee3c d\u00f9ng trong c\u00e1c kh\u00f4ng gian ph\u00f2ng kh\u00e1ch, ph\u00f2ng ng\u1ee7 trong chung c\u01b0, c\u00e1c kh\u00f4ng gian bi\u1ec7t th\u1ef1, v\u0103n ph\u00f2ng, khu nh\u00e0 x\u01b0\u1edfng\u2026<\/span><\/p>\n<p><a href=\"https:\/\/aslighting.com.vn\/wp-content\/uploads\/2023\/06\/z3265107841159b55d5646f0f57c40cfc8f690a023ac15-1647434751064138070250-scaled.webp\"><img decoding=\"async\" class=\"aligncenter wp-image-5005 lazyload\" data-src=\"https:\/\/aslighting.com.vn\/wp-content\/uploads\/2023\/06\/z3265107841159b55d5646f0f57c40cfc8f690a023ac15-1647434751064138070250-scaled.webp\" alt=\"\" width=\"600\" height=\"450\" data-srcset=\"\/wp-content\/uploads\/2023\/06\/z3265107841159b55d5646f0f57c40cfc8f690a023ac15-1647434751064138070250-scaled.webp 1000w, \/wp-content\/uploads\/2023\/06\/z3265107841159b55d5646f0f57c40cfc8f690a023ac15-1647434751064138070250-300x225.webp 300w, \/wp-content\/uploads\/2023\/06\/z3265107841159b55d5646f0f57c40cfc8f690a023ac15-1647434751064138070250-1024x768.webp 1024w, \/wp-content\/uploads\/2023\/06\/z3265107841159b55d5646f0f57c40cfc8f690a023ac15-1647434751064138070250-768x576.webp 768w, \/wp-content\/uploads\/2023\/06\/z3265107841159b55d5646f0f57c40cfc8f690a023ac15-1647434751064138070250-1536x1152.webp 1536w, \/wp-content\/uploads\/2023\/06\/z3265107841159b55d5646f0f57c40cfc8f690a023ac15-1647434751064138070250-16x12.webp 16w, \/wp-content\/uploads\/2023\/06\/z3265107841159b55d5646f0f57c40cfc8f690a023ac15-1647434751064138070250-600x450.webp 600w\" data-sizes=\"(max-width: 600px) 100vw, 600px\" src=\"data:image\/svg+xml;base64,PHN2ZyB3aWR0aD0iMSIgaGVpZ2h0PSIxIiB4bWxucz0iaHR0cDovL3d3dy53My5vcmcvMjAwMC9zdmciPjwvc3ZnPg==\" style=\"--smush-placeholder-width: 600px; --smush-placeholder-aspect-ratio: 600\/450;\" \/><\/a><\/p>\n<p>&nbsp;<\/p>\n<p style=\"text-align: center;\"><a href=\"https:\/\/drive.google.com\/file\/d\/1-AX9k18mR-_QrvBUU0AxKIDULKv140Lu\/view?usp=sharing\"><img decoding=\"async\" class=\"alignnone size-medium wp-image-4920 lazyload\" data-src=\"https:\/\/aslighting.com.vn\/wp-content\/uploads\/2023\/06\/button_tai-catalogue-tai-day-300x49.png\" alt=\"\" width=\"300\" height=\"49\" data-srcset=\"\/wp-content\/uploads\/2023\/06\/button_tai-catalogue-tai-day-300x49.png 300w, \/wp-content\/uploads\/2023\/06\/button_tai-catalogue-tai-day-18x3.png 18w, \/wp-content\/uploads\/2023\/06\/button_tai-catalogue-tai-day.png 407w\" data-sizes=\"(max-width: 300px) 100vw, 300px\" src=\"data:image\/svg+xml;base64,PHN2ZyB3aWR0aD0iMSIgaGVpZ2h0PSIxIiB4bWxucz0iaHR0cDovL3d3dy53My5vcmcvMjAwMC9zdmciPjwvc3ZnPg==\" style=\"--smush-placeholder-width: 300px; --smush-placeholder-aspect-ratio: 300\/49;\" \/><\/a><\/p>","protected":false},"excerpt":{"rendered":"<p><strong>C\u00f4ng su\u1ea5t:<\/strong> 8W<\/p>\n<p><strong>\u0110i\u1ec7n \u00e1p v\u00e0o: <\/strong>220-240V<\/p>\n<p><strong>Quang th\u00f4ng: <\/strong>806\u00a0Lm<\/p>\n<p><strong>Nhi\u1ec7t \u0111\u1ed9 m\u00e0u:\u00a0<\/strong>2200-6500K (RGB)<\/p>\n<p><strong>CRI:<\/strong> 90<\/p>\n<p><strong>Tr\u1ecdng l\u01b0\u1ee3ng: <\/strong>70\u00a0gram<\/p>\n<p><strong>K\u00edch th\u01b0\u1edbc (H x W): <\/strong>120&#215;60 mm<\/p>\n<p><strong>\u0110ui:<\/strong> E27<\/p>\n<p><strong>Tu\u1ed5i th\u1ecd:<\/strong> 25.000h<\/p>","protected":false},"featured_media":4997,"comment_status":"open","ping_status":"closed","template":"","meta":[],"product_brand":[],"product_cat":[408,429,411],"product_tag":[],"class_list":{"0":"post-5007","1":"product","2":"type-product","3":"status-publish","4":"has-post-thumbnail","6":"product_cat-wiz-pro","7":"product_cat-wiz-pro-a60-e27-rgbtw-8w-230v","8":"product_cat-wiz-pro-led-lamp-bong-den-led","10":"first","11":"instock","12":"shipping-taxable","13":"product-type-simple"},"yoast_head":"<!-- This site is optimized with the Yoast SEO Premium plugin v22.0 (Yoast SEO v22.5) - https:\/\/yoast.com\/wordpress\/plugins\/seo\/ -->\n<title>\u0110\u00e8n Wiz Pro A60 E27 RGBTW 8W 230V Signify ch\u00ednh h\u00e3ng gi\u00e1 t\u1ed1t<\/title>\n<meta name=\"description\" content=\"\u0110\u00e8n Wiz Pro A60 E27 RGBTW 8W 230V Signify ch\u00ednh h\u00e3ng gi\u00e1 t\u1ed1t nh\u1ea5t \u0111\u01b0\u1ee3c c\u00f4ng ty c\u1ed5 ph\u1ea7n thi\u1ebft b\u1ecb chi\u1ebfu s\u00e1ng \u00c1nh Sao cung c\u1ea5p t\u1edbi kh\u00e1ch h\u00e0ng ho\u00e0n h\u1ea3o nh\u1ea5t\" \/>\n<meta name=\"robots\" content=\"index, follow, max-snippet:-1, max-image-preview:large, max-video-preview:-1\" \/>\n<link rel=\"canonical\" href=\"https:\/\/aslighting.com.vn\/ja\/product\/wiz-pro-a60-e27-rgbtw-8w-230v\/\" \/>\n<meta property=\"og:locale\" content=\"ja_JP\" \/>\n<meta property=\"og:type\" content=\"article\" \/>\n<meta property=\"og:title\" content=\"Wiz Pro A60 E27 RGBTW 8W 230V\" \/>\n<meta property=\"og:description\" content=\"\u0110\u00e8n Wiz Pro A60 E27 RGBTW 8W 230V Signify ch\u00ednh h\u00e3ng gi\u00e1 t\u1ed1t nh\u1ea5t \u0111\u01b0\u1ee3c c\u00f4ng ty c\u1ed5 ph\u1ea7n thi\u1ebft b\u1ecb chi\u1ebfu s\u00e1ng \u00c1nh Sao cung c\u1ea5p t\u1edbi kh\u00e1ch h\u00e0ng ho\u00e0n h\u1ea3o nh\u1ea5t\" \/>\n<meta property=\"og:url\" content=\"https:\/\/aslighting.com.vn\/ja\/product\/wiz-pro-a60-e27-rgbtw-8w-230v\/\" \/>\n<meta property=\"og:site_name\" content=\"C\u00f4ng Ty C\u1ed5 Ph\u1ea7n Gi\u1ea3i Ph\u00e1p Chi\u1ebfu S\u00e1ng To\u00e0n Di\u1ec7n \u00c1nh Sao\" \/>\n<meta property=\"article:modified_time\" content=\"2023-06-02T04:33:50+00:00\" \/>\n<meta property=\"og:image\" content=\"https:\/\/aslighting.com.vn\/wp-content\/uploads\/2023\/06\/1aa45e9f55f04c69a533afe7009d9f6c-scaled.jpg\" \/>\n\t<meta property=\"og:image:width\" content=\"1000\" \/>\n\t<meta property=\"og:image:height\" content=\"750\" \/>\n\t<meta property=\"og:image:type\" content=\"image\/jpeg\" \/>\n<meta name=\"twitter:card\" content=\"summary_large_image\" \/>\n<meta name=\"twitter:label1\" content=\"\u63a8\u5b9a\u8aad\u307f\u53d6\u308a\u6642\u9593\" \/>\n\t<meta name=\"twitter:data1\" content=\"3\u5206\" \/>\n<script type=\"application\/ld+json\" class=\"yoast-schema-graph\">{\"@context\":\"https:\/\/schema.org\",\"@graph\":[{\"@type\":\"WebPage\",\"@id\":\"https:\/\/aslighting.com.vn\/san-pham\/wiz-pro-a60-e27-rgbtw-8w-230v\/\",\"url\":\"https:\/\/aslighting.com.vn\/san-pham\/wiz-pro-a60-e27-rgbtw-8w-230v\/\",\"name\":\"\u0110\u00e8n Wiz Pro A60 E27 RGBTW 8W 230V Signify ch\u00ednh h\u00e3ng gi\u00e1 t\u1ed1t\",\"isPartOf\":{\"@id\":\"https:\/\/aslighting.com.vn\/#website\"},\"primaryImageOfPage\":{\"@id\":\"https:\/\/aslighting.com.vn\/san-pham\/wiz-pro-a60-e27-rgbtw-8w-230v\/#primaryimage\"},\"image\":{\"@id\":\"https:\/\/aslighting.com.vn\/san-pham\/wiz-pro-a60-e27-rgbtw-8w-230v\/#primaryimage\"},\"thumbnailUrl\":\"\/wp-content\/uploads\/2023\/06\/1aa45e9f55f04c69a533afe7009d9f6c-scaled.jpg\",\"datePublished\":\"2023-06-02T03:42:01+00:00\",\"dateModified\":\"2023-06-02T04:33:50+00:00\",\"description\":\"\u0110\u00e8n Wiz Pro A60 E27 RGBTW 8W 230V Signify ch\u00ednh h\u00e3ng gi\u00e1 t\u1ed1t nh\u1ea5t \u0111\u01b0\u1ee3c c\u00f4ng ty c\u1ed5 ph\u1ea7n thi\u1ebft b\u1ecb chi\u1ebfu s\u00e1ng \u00c1nh Sao cung c\u1ea5p t\u1edbi kh\u00e1ch h\u00e0ng ho\u00e0n h\u1ea3o nh\u1ea5t\",\"breadcrumb\":{\"@id\":\"https:\/\/aslighting.com.vn\/san-pham\/wiz-pro-a60-e27-rgbtw-8w-230v\/#breadcrumb\"},\"inLanguage\":\"ja\",\"potentialAction\":[{\"@type\":\"ReadAction\",\"target\":[\"https:\/\/aslighting.com.vn\/san-pham\/wiz-pro-a60-e27-rgbtw-8w-230v\/\"]}]},{\"@type\":\"ImageObject\",\"inLanguage\":\"ja\",\"@id\":\"https:\/\/aslighting.com.vn\/san-pham\/wiz-pro-a60-e27-rgbtw-8w-230v\/#primaryimage\",\"url\":\"\/wp-content\/uploads\/2023\/06\/1aa45e9f55f04c69a533afe7009d9f6c-scaled.jpg\",\"contentUrl\":\"\/wp-content\/uploads\/2023\/06\/1aa45e9f55f04c69a533afe7009d9f6c-scaled.jpg\",\"width\":1000,\"height\":750},{\"@type\":\"BreadcrumbList\",\"@id\":\"https:\/\/aslighting.com.vn\/san-pham\/wiz-pro-a60-e27-rgbtw-8w-230v\/#breadcrumb\",\"itemListElement\":[{\"@type\":\"ListItem\",\"position\":1,\"name\":\"Trang ch\u1ee7\",\"item\":\"https:\/\/aslighting.com.vn\/vi\/\"},{\"@type\":\"ListItem\",\"position\":2,\"name\":\"S\u1ea3n ph\u1ea9m\",\"item\":\"https:\/\/aslighting.com.vn\/en\/san-pham\/\"},{\"@type\":\"ListItem\",\"position\":3,\"name\":\"Wiz Pro A60 E27 RGBTW 8W 230V\"}]},{\"@type\":\"WebSite\",\"@id\":\"https:\/\/aslighting.com.vn\/#website\",\"url\":\"https:\/\/aslighting.com.vn\/\",\"name\":\"C\u00f4ng Ty C\u1ed5 Ph\u1ea7n Gi\u1ea3i Ph\u00e1p Chi\u1ebfu S\u00e1ng To\u00e0n Di\u1ec7n \u00c1nh Sao\",\"description\":\"\",\"publisher\":{\"@id\":\"https:\/\/aslighting.com.vn\/#organization\"},\"potentialAction\":[{\"@type\":\"SearchAction\",\"target\":{\"@type\":\"EntryPoint\",\"urlTemplate\":\"https:\/\/aslighting.com.vn\/?s={search_term_string}\"},\"query-input\":\"required name=search_term_string\"}],\"inLanguage\":\"ja\"},{\"@type\":\"Organization\",\"@id\":\"https:\/\/aslighting.com.vn\/#organization\",\"name\":\"C\u00f4ng Ty C\u1ed5 Ph\u1ea7n Gi\u1ea3i Ph\u00e1p Chi\u1ebfu S\u00e1ng To\u00e0n Di\u1ec7n \u00c1nh Sao\",\"url\":\"https:\/\/aslighting.com.vn\/\",\"logo\":{\"@type\":\"ImageObject\",\"inLanguage\":\"ja\",\"@id\":\"https:\/\/aslighting.com.vn\/#\/schema\/logo\/image\/\",\"url\":\"\/wp-content\/uploads\/2022\/10\/logo-ANHSAO.png\",\"contentUrl\":\"\/wp-content\/uploads\/2022\/10\/logo-ANHSAO.png\",\"width\":1091,\"height\":360,\"caption\":\"C\u00f4ng Ty C\u1ed5 Ph\u1ea7n Gi\u1ea3i Ph\u00e1p Chi\u1ebfu S\u00e1ng To\u00e0n Di\u1ec7n \u00c1nh Sao\"},\"image\":{\"@id\":\"https:\/\/aslighting.com.vn\/#\/schema\/logo\/image\/\"}}]}<\/script>\n<!-- \/ Yoast SEO Premium plugin. -->","yoast_head_json":{"title":"\u0110\u00e8n Wiz Pro A60 E27 RGBTW 8W 230V Signify ch\u00ednh h\u00e3ng gi\u00e1 t\u1ed1t","description":"\u0110\u00e8n Wiz Pro A60 E27 RGBTW 8W 230V Signify ch\u00ednh h\u00e3ng gi\u00e1 t\u1ed1t nh\u1ea5t \u0111\u01b0\u1ee3c c\u00f4ng ty c\u1ed5 ph\u1ea7n thi\u1ebft b\u1ecb chi\u1ebfu s\u00e1ng \u00c1nh Sao cung c\u1ea5p t\u1edbi kh\u00e1ch h\u00e0ng ho\u00e0n h\u1ea3o nh\u1ea5t","robots":{"index":"index","follow":"follow","max-snippet":"max-snippet:-1","max-image-preview":"max-image-preview:large","max-video-preview":"max-video-preview:-1"},"canonical":"https:\/\/aslighting.com.vn\/ja\/product\/wiz-pro-a60-e27-rgbtw-8w-230v\/","og_locale":"ja_JP","og_type":"article","og_title":"Wiz Pro A60 E27 RGBTW 8W 230V","og_description":"\u0110\u00e8n Wiz Pro A60 E27 RGBTW 8W 230V Signify ch\u00ednh h\u00e3ng gi\u00e1 t\u1ed1t nh\u1ea5t \u0111\u01b0\u1ee3c c\u00f4ng ty c\u1ed5 ph\u1ea7n thi\u1ebft b\u1ecb chi\u1ebfu s\u00e1ng \u00c1nh Sao cung c\u1ea5p t\u1edbi kh\u00e1ch h\u00e0ng ho\u00e0n h\u1ea3o nh\u1ea5t","og_url":"https:\/\/aslighting.com.vn\/ja\/product\/wiz-pro-a60-e27-rgbtw-8w-230v\/","og_site_name":"C\u00f4ng Ty C\u1ed5 Ph\u1ea7n Gi\u1ea3i Ph\u00e1p Chi\u1ebfu S\u00e1ng To\u00e0n Di\u1ec7n \u00c1nh Sao","article_modified_time":"2023-06-02T04:33:50+00:00","og_image":[{"width":1000,"height":750,"url":"https:\/\/aslighting.com.vn\/wp-content\/uploads\/2023\/06\/1aa45e9f55f04c69a533afe7009d9f6c-scaled.jpg","type":"image\/jpeg"}],"twitter_card":"summary_large_image","twitter_misc":{"\u63a8\u5b9a\u8aad\u307f\u53d6\u308a\u6642\u9593":"3\u5206"},"schema":{"@context":"https:\/\/schema.org","@graph":[{"@type":"WebPage","@id":"https:\/\/aslighting.com.vn\/san-pham\/wiz-pro-a60-e27-rgbtw-8w-230v\/","url":"https:\/\/aslighting.com.vn\/san-pham\/wiz-pro-a60-e27-rgbtw-8w-230v\/","name":"\u0110\u00e8n Wiz Pro A60 E27 RGBTW 8W 230V Signify ch\u00ednh h\u00e3ng gi\u00e1 t\u1ed1t","isPartOf":{"@id":"https:\/\/aslighting.com.vn\/#website"},"primaryImageOfPage":{"@id":"https:\/\/aslighting.com.vn\/san-pham\/wiz-pro-a60-e27-rgbtw-8w-230v\/#primaryimage"},"image":{"@id":"https:\/\/aslighting.com.vn\/san-pham\/wiz-pro-a60-e27-rgbtw-8w-230v\/#primaryimage"},"thumbnailUrl":"\/wp-content\/uploads\/2023\/06\/1aa45e9f55f04c69a533afe7009d9f6c-scaled.jpg","datePublished":"2023-06-02T03:42:01+00:00","dateModified":"2023-06-02T04:33:50+00:00","description":"\u0110\u00e8n Wiz Pro A60 E27 RGBTW 8W 230V Signify ch\u00ednh h\u00e3ng gi\u00e1 t\u1ed1t nh\u1ea5t \u0111\u01b0\u1ee3c c\u00f4ng ty c\u1ed5 ph\u1ea7n thi\u1ebft b\u1ecb chi\u1ebfu s\u00e1ng \u00c1nh Sao cung c\u1ea5p t\u1edbi kh\u00e1ch h\u00e0ng ho\u00e0n h\u1ea3o nh\u1ea5t","breadcrumb":{"@id":"https:\/\/aslighting.com.vn\/san-pham\/wiz-pro-a60-e27-rgbtw-8w-230v\/#breadcrumb"},"inLanguage":"ja","potentialAction":[{"@type":"ReadAction","target":["https:\/\/aslighting.com.vn\/san-pham\/wiz-pro-a60-e27-rgbtw-8w-230v\/"]}]},{"@type":"ImageObject","inLanguage":"ja","@id":"https:\/\/aslighting.com.vn\/san-pham\/wiz-pro-a60-e27-rgbtw-8w-230v\/#primaryimage","url":"\/wp-content\/uploads\/2023\/06\/1aa45e9f55f04c69a533afe7009d9f6c-scaled.jpg","contentUrl":"\/wp-content\/uploads\/2023\/06\/1aa45e9f55f04c69a533afe7009d9f6c-scaled.jpg","width":1000,"height":750},{"@type":"BreadcrumbList","@id":"https:\/\/aslighting.com.vn\/san-pham\/wiz-pro-a60-e27-rgbtw-8w-230v\/#breadcrumb","itemListElement":[{"@type":"ListItem","position":1,"name":"Trang ch\u1ee7","item":"https:\/\/aslighting.com.vn\/vi\/"},{"@type":"ListItem","position":2,"name":"S\u1ea3n ph\u1ea9m","item":"https:\/\/aslighting.com.vn\/en\/san-pham\/"},{"@type":"ListItem","position":3,"name":"Wiz Pro A60 E27 RGBTW 8W 230V"}]},{"@type":"WebSite","@id":"https:\/\/aslighting.com.vn\/#website","url":"https:\/\/aslighting.com.vn\/","name":"C\u00f4ng Ty C\u1ed5 Ph\u1ea7n Gi\u1ea3i Ph\u00e1p Chi\u1ebfu S\u00e1ng To\u00e0n Di\u1ec7n \u00c1nh Sao","description":"","publisher":{"@id":"https:\/\/aslighting.com.vn\/#organization"},"potentialAction":[{"@type":"SearchAction","target":{"@type":"EntryPoint","urlTemplate":"https:\/\/aslighting.com.vn\/?s={search_term_string}"},"query-input":"required name=search_term_string"}],"inLanguage":"ja"},{"@type":"Organization","@id":"https:\/\/aslighting.com.vn\/#organization","name":"C\u00f4ng Ty C\u1ed5 Ph\u1ea7n Gi\u1ea3i Ph\u00e1p Chi\u1ebfu S\u00e1ng To\u00e0n Di\u1ec7n \u00c1nh Sao","url":"https:\/\/aslighting.com.vn\/","logo":{"@type":"ImageObject","inLanguage":"ja","@id":"https:\/\/aslighting.com.vn\/#\/schema\/logo\/image\/","url":"\/wp-content\/uploads\/2022\/10\/logo-ANHSAO.png","contentUrl":"\/wp-content\/uploads\/2022\/10\/logo-ANHSAO.png","width":1091,"height":360,"caption":"C\u00f4ng Ty C\u1ed5 Ph\u1ea7n Gi\u1ea3i Ph\u00e1p Chi\u1ebfu S\u00e1ng To\u00e0n Di\u1ec7n \u00c1nh Sao"},"image":{"@id":"https:\/\/aslighting.com.vn\/#\/schema\/logo\/image\/"}}]}},"_links":{"self":[{"href":"https:\/\/aslighting.com.vn\/ja\/wp-json\/wp\/v2\/product\/5007","targetHints":{"allow":["GET"]}}],"collection":[{"href":"https:\/\/aslighting.com.vn\/ja\/wp-json\/wp\/v2\/product"}],"about":[{"href":"https:\/\/aslighting.com.vn\/ja\/wp-json\/wp\/v2\/types\/product"}],"replies":[{"embeddable":true,"href":"https:\/\/aslighting.com.vn\/ja\/wp-json\/wp\/v2\/comments?post=5007"}],"wp:featuredmedia":[{"embeddable":true,"href":"https:\/\/aslighting.com.vn\/ja\/wp-json\/wp\/v2\/media\/4997"}],"wp:attachment":[{"href":"https:\/\/aslighting.com.vn\/ja\/wp-json\/wp\/v2\/media?parent=5007"}],"wp:term":[{"taxonomy":"product_brand","embeddable":true,"href":"https:\/\/aslighting.com.vn\/ja\/wp-json\/wp\/v2\/product_brand?post=5007"},{"taxonomy":"product_cat","embeddable":true,"href":"https:\/\/aslighting.com.vn\/ja\/wp-json\/wp\/v2\/product_cat?post=5007"},{"taxonomy":"product_tag","embeddable":true,"href":"https:\/\/aslighting.com.vn\/ja\/wp-json\/wp\/v2\/product_tag?post=5007"}],"curies":[{"name":"wp","href":"https:\/\/api.w.org\/{rel}","templated":true}]}}