{"id":1511,"date":"2022-11-25T10:21:11","date_gmt":"2022-11-25T03:21:11","guid":{"rendered":"https:\/\/aslighting.com.vn\/?post_type=product&#038;p=1511"},"modified":"2023-05-27T15:02:42","modified_gmt":"2023-05-27T08:02:42","slug":"den-led-simplitz-highbay-cold-storage-osram","status":"publish","type":"product","link":"https:\/\/aslighting.com.vn\/vi\/san-pham\/den-led-simplitz-highbay-cold-storage-osram\/","title":{"rendered":"\u0110\u00c8N LED SIMPLITZ HIGHBAY COLD STORAGE OSRAM"},"content":{"rendered":"<p><span style=\"font-weight: 400;\">\u0110\u00e8n <strong>Simplitz Highbay Cold Storage Osram<\/strong> l\u00e0 d\u00f2ng s\u1ea3n ph\u1ea9m c\u1ee7a Osram cung c\u1ea5p t\u1edbi kh\u00e1ch h\u00e0ng v\u1edbi nh\u1eefng \u0111i\u1ec1u ki\u1ec7n chi\u1ebfu s\u00e1ng \u0111\u1eb7c tr\u01b0ng. C\u00f9ng \u00c1nh sao t\u00ecm hi\u1ec3u d\u00f2ng s\u1ea3n ph\u1ea9m n\u00e0y nh\u00e9.<\/span><\/p>\n<p><a href=\"https:\/\/aslighting.com.vn\/wp-content\/uploads\/2022\/11\/20210709163801_simpitz-highbay8.png\"><img fetchpriority=\"high\" decoding=\"async\" class=\"aligncenter wp-image-3840\" src=\"https:\/\/aslighting.com.vn\/wp-content\/uploads\/2022\/11\/20210709163801_simpitz-highbay8.png\" alt=\"\" width=\"500\" height=\"500\" srcset=\"\/wp-content\/uploads\/2022\/11\/20210709163801_simpitz-highbay8.png 911w, \/wp-content\/uploads\/2022\/11\/20210709163801_simpitz-highbay8-300x300.png 300w, \/wp-content\/uploads\/2022\/11\/20210709163801_simpitz-highbay8-150x150.png 150w, \/wp-content\/uploads\/2022\/11\/20210709163801_simpitz-highbay8-768x768.png 768w, \/wp-content\/uploads\/2022\/11\/20210709163801_simpitz-highbay8-12x12.png 12w, \/wp-content\/uploads\/2022\/11\/20210709163801_simpitz-highbay8-600x600.png 600w, \/wp-content\/uploads\/2022\/11\/20210709163801_simpitz-highbay8-100x100.png 100w\" sizes=\"(max-width: 500px) 100vw, 500px\" \/><\/a><\/p>\n<h2 style=\"text-align: center;\"><span style=\"font-size: 10pt;\"><em>\u0110\u00e8n <span style=\"font-weight: 400;\">Simplitz Highbay Cold Storage Osram<\/span> \u0111\u01b0\u1ee3c \u00c1nh Sao ph\u00e2n ph\u1ed1i ch\u00ednh h\u00e3ng<\/em><\/span><\/h2>\n<h2><strong><span style=\"color: #000080;\">I\/ \u0110\u1eb7c \u0111i\u1ec3m c\u1ee7a \u0111\u00e8n Simplitz Highbay Cold Storage Osram<\/span><\/strong><\/h2>\n<p><span style=\"font-weight: 400;\">Nh\u01b0 \u0111\u00e3 n\u00f3i \u1edf tr\u00ean, d\u00f2ng s\u1ea3n ph\u1ea9m \u0111\u00e8n Cold Storage th\u01b0\u1eddng \u0111\u01b0\u1ee3c s\u1eed d\u1ee5ng \u1edf nh\u1eefng m\u00f4i tr\u01b0\u1eddng kh\u1eafc nghi\u1ec7t nh\u01b0 m\u00f4i tr\u01b0\u1eddng \u0111\u1ed9 \u1ea9m cao, m\u00f4i tr\u01b0\u1eddng nhi\u1ec1u b\u1ee5i. V\u1eady \u0111\u00e8n \u0111\u01b0\u1ee3c thi\u1ebft k\u1ebf nh\u01b0 th\u1ebf n\u00e0o \u0111\u1ec3 c\u00f3 th\u1ec3 ph\u00f9 h\u1ee3p v\u1edbi m\u00f4i tr\u01b0\u1eddng \u0111\u00f3?<\/span><\/p>\n<h3><span style=\"color: #ff6600;\"><strong>1. Thi\u1ebft k\u1ebf\u00a0<\/strong><\/span><\/h3>\n<ul>\n<li><span style=\"font-weight: 400;\">B\u1ed9 t\u1ea3n nhi\u1ec7t \u0111\u01b0\u1ee3c s\u1eed d\u1ee5ng b\u1eb1ng nh\u00f4m \u0111\u00fac ch\u1eafc ch\u1eafn, kh\u00f4ng oxi ho\u00e1 trong m\u00f4i tr\u01b0\u1eddng n\u1ed3m \u1ea9m, nhi\u1ec1u b\u1ee5i.<\/span><\/li>\n<li style=\"font-weight: 400;\" aria-level=\"1\"><span style=\"font-weight: 400;\">Thi\u1ebft k\u1ebf l\u1edbp b\u1ea3o v\u1ec7 v\u1edbi hi\u1ec7u su\u1ea5t chi\u1ebfu s\u00e1ng cao nh\u1eb1m c\u00e2n b\u1eb1ng s\u1ef1 ti\u1ec7n l\u1ee3i nh\u01b0ng v\u1eabn \u0111\u1ea3m b\u1ea3o \u0111\u01b0\u1ee3c s\u1ef1 tinh t\u1ebf.\u00a0<\/span><\/li>\n<\/ul>\n<h3><strong><span style=\"color: #ff6600;\">2. \u01afu \u0111i\u1ec3m<\/span><\/strong><\/h3>\n<ul>\n<li><span style=\"font-weight: 400;\">Highbay Cold Storage ra \u0111\u1eddi nh\u1eb1m thay th\u1ebf tr\u1ef1c ti\u1ebfp HID highbay truy\u1ec1n th\u1ed1ng v\u00e0 cung c\u1ea5p gi\u1ea3i ph\u00e1p t\u1ed1t nh\u1ea5t cho chi\u1ebfu s\u00e1ng c\u00f4ng nghi\u1ec7p tr\u1ea7n cao v\u00e0 chi\u1ebfu s\u00e1ng th\u01b0\u01a1ng m\u1ea1i.<\/span><\/li>\n<li><span style=\"font-weight: 400;\">S\u1ea3n ph\u1ea9m ti\u1ebft ki\u1ec7m 50% \u0111i\u1ec7n n\u0103ng ti\u00eau th\u1ee5.<\/span><\/li>\n<li><span style=\"font-weight: 400;\">\u0110\u00e8n Highbay Cold Storage duy tr\u00ec chi\u1ebfu s\u00e1ng mong mu\u1ed1n trong su\u1ed1t v\u00f2ng \u0111\u1eddi s\u1eed d\u1ee5ng.<\/span><\/li>\n<li><span style=\"font-weight: 400;\">Nhi\u1ec7t \u0111\u1ed9 l\u00e0m vi\u1ec7c c\u00f3 th\u1ec3 s\u1eed d\u1ee5ng trong nhi\u1ec7t \u0111\u1ed9 -30\u00b0C ~ 45\u00b0C.<\/span><\/li>\n<\/ul>\n<h3><strong><span style=\"color: #ff6600;\">3. Th\u00f4ng s\u1ed1 k\u1ef9 thu\u1eadt<\/span><\/strong><\/h3>\n<table>\n<tbody>\n<tr style=\"height: 24px;\">\n<td style=\"width: 30.4546%; text-align: center; height: 24px;\"><strong>C\u00f4ng su\u1ea5t<\/strong><\/td>\n<td style=\"width: 37.0598%; text-align: center; height: 24px;\"><strong>Quang th\u00f4ng<\/strong><\/td>\n<td style=\"width: 107.528%; text-align: center; height: 24px;\"><strong>K\u00edch th\u01b0\u1edbc<\/strong><\/td>\n<\/tr>\n<tr style=\"height: 24px;\">\n<td style=\"width: 30.4546%; text-align: center; height: 24px;\">60W<\/td>\n<td style=\"width: 37.0598%; text-align: center; height: 24px;\">8400lm<\/td>\n<td style=\"width: 107.528%; text-align: center; height: 24px;\">275mm x 160mm<\/td>\n<\/tr>\n<tr style=\"height: 24px;\">\n<td style=\"width: 30.4546%; text-align: center; height: 24px;\">100W<\/td>\n<td style=\"width: 37.0598%; text-align: center; height: 24px;\">14000lm<\/td>\n<td style=\"width: 107.528%; text-align: center; height: 24px;\">275mm x 165mm<\/td>\n<\/tr>\n<\/tbody>\n<\/table>\n<h2><strong><span style=\"color: #000080;\">II\/ \u1ee8ng d\u1ee5ng c\u1ee7a \u0111\u00e8n Simplitz Highbay Cold Storage Osram<\/span><\/strong><\/h2>\n<p><span style=\"font-weight: 400;\">N\u1ebfu kh\u00e1ch h\u00e0ng \u0111ang mu\u1ed1n l\u1ef1a ch\u1ecdn s\u1ea3n ph\u1ea9m \u0111\u00e8n ch\u1ed1ng \u1ea9m, ch\u1ed1ng b\u1ee5i trong m\u00f4i tr\u01b0\u1eddng kh\u1eafc nghi\u1ec7t th\u00ec \u0111\u00e8n Cold Storage Osram kh\u00f4ng th\u1ec3 b\u1ecf qua. V\u1edbi thi\u1ebft k\u1ebf \u01b0u vi\u1ec7t c\u00f3 th\u1ec3 ch\u1ecbu \u0111\u01b0\u1ee3c m\u00f4i tr\u01b0\u1eddng kh\u1eafc nghi\u1ec7t nh\u1ea5t, s\u1ea3n ph\u1ea9m \u0111\u01b0\u1ee3c nhi\u1ec1u kh\u00e1ch h\u00e0ng l\u1ef1a ch\u1ecdn s\u1eed d\u1ee5ng trong:<\/span><\/p>\n<ul>\n<li style=\"font-weight: 400;\" aria-level=\"1\"><span style=\"font-weight: 400;\">M\u00f4i tr\u01b0\u1eddng nh\u00e0 x\u01b0\u1edfng nhi\u1ec1u b\u1ee5i nh\u01b0 s\u1ea3n xu\u1ea5t\u00a0 d\u0103m g\u1ed7, bao b\u00ec\u2026<\/span><\/li>\n<li style=\"font-weight: 400;\" aria-level=\"1\"><span style=\"font-weight: 400;\">M\u00f4i tr\u01b0\u1eddng l\u1ea1nh nh\u01b0 c\u00e1c kho \u0111\u00f4ng l\u1ea1nh b\u1ea3o qu\u1ea3n s\u1ea3n ph\u1ea9m.<\/span><\/li>\n<li style=\"font-weight: 400;\" aria-level=\"1\"><span style=\"font-weight: 400;\">M\u00f4i tr\u01b0\u1eddng s\u00e1t bi\u1ec3n.<\/span><\/li>\n<\/ul>\n<p><a href=\"https:\/\/aslighting.com.vn\/wp-content\/uploads\/2022\/11\/den-chieu-sang-nha-xuong-114-scaled.jpg\"><img decoding=\"async\" class=\"aligncenter wp-image-3841 lazyload\" data-src=\"https:\/\/aslighting.com.vn\/wp-content\/uploads\/2022\/11\/den-chieu-sang-nha-xuong-114-scaled.jpg\" alt=\"\" width=\"600\" height=\"387\" data-srcset=\"\/wp-content\/uploads\/2022\/11\/den-chieu-sang-nha-xuong-114-scaled.jpg 1000w, \/wp-content\/uploads\/2022\/11\/den-chieu-sang-nha-xuong-114-300x193.jpg 300w, \/wp-content\/uploads\/2022\/11\/den-chieu-sang-nha-xuong-114-768x495.jpg 768w, \/wp-content\/uploads\/2022\/11\/den-chieu-sang-nha-xuong-114-18x12.jpg 18w, \/wp-content\/uploads\/2022\/11\/den-chieu-sang-nha-xuong-114-600x387.jpg 600w\" data-sizes=\"(max-width: 600px) 100vw, 600px\" src=\"data:image\/svg+xml;base64,PHN2ZyB3aWR0aD0iMSIgaGVpZ2h0PSIxIiB4bWxucz0iaHR0cDovL3d3dy53My5vcmcvMjAwMC9zdmciPjwvc3ZnPg==\" style=\"--smush-placeholder-width: 600px; --smush-placeholder-aspect-ratio: 600\/387;\" \/><\/a><\/p>\n<h2><strong><span style=\"color: #000080;\">III\/ M\u00e3 Ean<\/span><\/strong><\/h2>\n<p><a href=\"http:\/\/ls.osram.com.cn\/pdf\/EN_Simplitz_Highbay_Cold_Storage_Datasheet_v1p0.pdf\">http:\/\/ls.osram.com.cn\/pdf\/EN_Simplitz_Highbay_Cold_Storage_Datasheet_v1p0.pdf<\/a><\/p>\n<p style=\"text-align: center;\"><a href=\"https:\/\/aslighting.com.vn\/wp-content\/uploads\/2022\/11\/button_tai-catalogue-tai-day-1.png\"><img decoding=\"async\" class=\"alignnone size-medium wp-image-4530 lazyload\" data-src=\"https:\/\/aslighting.com.vn\/wp-content\/uploads\/2022\/11\/button_tai-catalogue-tai-day-1-300x49.png\" alt=\"\" width=\"300\" height=\"49\" data-srcset=\"\/wp-content\/uploads\/2022\/11\/button_tai-catalogue-tai-day-1-300x49.png 300w, \/wp-content\/uploads\/2022\/11\/button_tai-catalogue-tai-day-1-18x3.png 18w, \/wp-content\/uploads\/2022\/11\/button_tai-catalogue-tai-day-1.png 407w\" data-sizes=\"(max-width: 300px) 100vw, 300px\" src=\"data:image\/svg+xml;base64,PHN2ZyB3aWR0aD0iMSIgaGVpZ2h0PSIxIiB4bWxucz0iaHR0cDovL3d3dy53My5vcmcvMjAwMC9zdmciPjwvc3ZnPg==\" style=\"--smush-placeholder-width: 300px; --smush-placeholder-aspect-ratio: 300\/49;\" \/><\/a><\/p>\n","protected":false},"excerpt":{"rendered":"<p><strong>C\u00f4ng su\u1ea5t:<\/strong> 60W, 100W<\/p>\n<p><strong>Nhi\u1ec7t \u0111\u1ed9 m\u00e0u: <\/strong>4000K, 5000K<\/p>\n<p><strong>Hi\u1ec7u su\u1ea5t ph\u00e1t quang: <\/strong>140lm\/W<\/p>\n<p><strong>G\u00f3c chi\u1ebfu: <\/strong>90<sup>o<\/sup><\/p>\n<p><strong>K\u00edch th\u01b0\u1edbc:<\/strong> \u00d8 275mm x H 160mm, \u00d8 275mm x H 165mm<\/p>\n<p><strong>IP: <\/strong>65<\/p>\n<p><strong>CRI:\u00a0<\/strong>&gt;80<\/p>\n<p><strong>Tu\u1ed5i th\u1ecd: <\/strong>30.000 gi\u1edd<\/p>\n<p><strong>B\u1ea3o h\u00e0nh:\u00a0<\/strong>24 th\u00e1ng<\/p>\n","protected":false},"featured_media":3598,"comment_status":"open","ping_status":"closed","template":"","meta":[],"product_brand":[],"product_cat":[78,100,49],"product_tag":[],"class_list":{"0":"post-1511","1":"product","2":"type-product","3":"status-publish","4":"has-post-thumbnail","6":"product_cat-den-led-high-bay","7":"product_cat-den-led-simplitz-highbay-cold-storage-osram","8":"product_cat-osram","10":"first","11":"instock","12":"shipping-taxable","13":"product-type-simple"},"yoast_head":"<!-- This site is optimized with the Yoast SEO Premium plugin v22.0 (Yoast SEO v22.5) - https:\/\/yoast.com\/wordpress\/plugins\/seo\/ -->\n<title>\u0110\u00e8n Simplitz Highbay Cold Storage Osram ch\u00ednh h\u00e3ng gi\u00e1 t\u1ed1t<\/title>\n<meta name=\"description\" content=\"\u0110\u00e8n Simplitz Highbay Cold Storage Osram \u0111\u01b0\u1ee3c c\u00f4ng ty c\u1ed5 ph\u1ea7n thi\u1ebft b\u1ecb chi\u1ebfu s\u00e1ng \u00c1nh Sao cung c\u1ea5p t\u1edbi kh\u00e1ch h\u00e0ng: m\u00e3 ean, th\u00f4ng s\u1ed1 k\u1ef9 thu\u1eadt, \u0111\u1ed9 r\u1ecdi...\" \/>\n<meta name=\"robots\" content=\"index, follow, max-snippet:-1, max-image-preview:large, max-video-preview:-1\" \/>\n<link rel=\"canonical\" href=\"https:\/\/aslighting.com.vn\/vi\/san-pham\/den-led-simplitz-highbay-cold-storage-osram\/\" \/>\n<meta property=\"og:locale\" content=\"vi_VN\" \/>\n<meta property=\"og:type\" content=\"article\" \/>\n<meta property=\"og:title\" content=\"\u0110\u00c8N LED SIMPLITZ HIGHBAY COLD STORAGE OSRAM\" \/>\n<meta property=\"og:description\" content=\"\u0110\u00e8n Simplitz Highbay Cold Storage Osram \u0111\u01b0\u1ee3c c\u00f4ng ty c\u1ed5 ph\u1ea7n thi\u1ebft b\u1ecb chi\u1ebfu s\u00e1ng \u00c1nh Sao cung c\u1ea5p t\u1edbi kh\u00e1ch h\u00e0ng: m\u00e3 ean, th\u00f4ng s\u1ed1 k\u1ef9 thu\u1eadt, \u0111\u1ed9 r\u1ecdi...\" \/>\n<meta property=\"og:url\" content=\"https:\/\/aslighting.com.vn\/vi\/san-pham\/den-led-simplitz-highbay-cold-storage-osram\/\" \/>\n<meta property=\"og:site_name\" content=\"C\u00f4ng Ty C\u1ed5 Ph\u1ea7n Gi\u1ea3i Ph\u00e1p Chi\u1ebfu S\u00e1ng To\u00e0n Di\u1ec7n \u00c1nh Sao\" \/>\n<meta property=\"article:modified_time\" content=\"2023-05-27T08:02:42+00:00\" \/>\n<meta property=\"og:image\" content=\"https:\/\/aslighting.com.vn\/wp-content\/uploads\/2022\/11\/20210709163801_simpitz-highbay08.png\" \/>\n\t<meta property=\"og:image:width\" content=\"900\" \/>\n\t<meta property=\"og:image:height\" content=\"780\" \/>\n\t<meta property=\"og:image:type\" content=\"image\/png\" \/>\n<meta name=\"twitter:card\" content=\"summary_large_image\" \/>\n<meta name=\"twitter:label1\" content=\"\u01af\u1edbc t\u00ednh th\u1eddi gian \u0111\u1ecdc\" \/>\n\t<meta name=\"twitter:data1\" content=\"3 ph\u00fat\" \/>\n<script type=\"application\/ld+json\" class=\"yoast-schema-graph\">{\"@context\":\"https:\/\/schema.org\",\"@graph\":[{\"@type\":\"WebPage\",\"@id\":\"https:\/\/aslighting.com.vn\/san-pham\/den-led-simplitz-highbay-cold-storage-osram\/\",\"url\":\"https:\/\/aslighting.com.vn\/san-pham\/den-led-simplitz-highbay-cold-storage-osram\/\",\"name\":\"\u0110\u00e8n Simplitz Highbay Cold Storage Osram ch\u00ednh h\u00e3ng gi\u00e1 t\u1ed1t\",\"isPartOf\":{\"@id\":\"https:\/\/aslighting.com.vn\/#website\"},\"primaryImageOfPage\":{\"@id\":\"https:\/\/aslighting.com.vn\/san-pham\/den-led-simplitz-highbay-cold-storage-osram\/#primaryimage\"},\"image\":{\"@id\":\"https:\/\/aslighting.com.vn\/san-pham\/den-led-simplitz-highbay-cold-storage-osram\/#primaryimage\"},\"thumbnailUrl\":\"\/wp-content\/uploads\/2022\/11\/20210709163801_simpitz-highbay08.png\",\"datePublished\":\"2022-11-25T03:21:11+00:00\",\"dateModified\":\"2023-05-27T08:02:42+00:00\",\"description\":\"\u0110\u00e8n Simplitz Highbay Cold Storage Osram \u0111\u01b0\u1ee3c c\u00f4ng ty c\u1ed5 ph\u1ea7n thi\u1ebft b\u1ecb chi\u1ebfu s\u00e1ng \u00c1nh Sao cung c\u1ea5p t\u1edbi kh\u00e1ch h\u00e0ng: m\u00e3 ean, th\u00f4ng s\u1ed1 k\u1ef9 thu\u1eadt, \u0111\u1ed9 r\u1ecdi...\",\"breadcrumb\":{\"@id\":\"https:\/\/aslighting.com.vn\/san-pham\/den-led-simplitz-highbay-cold-storage-osram\/#breadcrumb\"},\"inLanguage\":\"vi\",\"potentialAction\":[{\"@type\":\"ReadAction\",\"target\":[\"https:\/\/aslighting.com.vn\/san-pham\/den-led-simplitz-highbay-cold-storage-osram\/\"]}]},{\"@type\":\"ImageObject\",\"inLanguage\":\"vi\",\"@id\":\"https:\/\/aslighting.com.vn\/san-pham\/den-led-simplitz-highbay-cold-storage-osram\/#primaryimage\",\"url\":\"\/wp-content\/uploads\/2022\/11\/20210709163801_simpitz-highbay08.png\",\"contentUrl\":\"\/wp-content\/uploads\/2022\/11\/20210709163801_simpitz-highbay08.png\",\"width\":900,\"height\":780},{\"@type\":\"BreadcrumbList\",\"@id\":\"https:\/\/aslighting.com.vn\/san-pham\/den-led-simplitz-highbay-cold-storage-osram\/#breadcrumb\",\"itemListElement\":[{\"@type\":\"ListItem\",\"position\":1,\"name\":\"Trang ch\u1ee7\",\"item\":\"https:\/\/aslighting.com.vn\/vi\/\"},{\"@type\":\"ListItem\",\"position\":2,\"name\":\"S\u1ea3n ph\u1ea9m\",\"item\":\"https:\/\/aslighting.com.vn\/en\/san-pham\/\"},{\"@type\":\"ListItem\",\"position\":3,\"name\":\"\u0110\u00c8N LED SIMPLITZ HIGHBAY COLD STORAGE OSRAM\"}]},{\"@type\":\"WebSite\",\"@id\":\"https:\/\/aslighting.com.vn\/#website\",\"url\":\"https:\/\/aslighting.com.vn\/\",\"name\":\"C\u00f4ng Ty C\u1ed5 Ph\u1ea7n Gi\u1ea3i Ph\u00e1p Chi\u1ebfu S\u00e1ng To\u00e0n Di\u1ec7n \u00c1nh Sao\",\"description\":\"\",\"publisher\":{\"@id\":\"https:\/\/aslighting.com.vn\/#organization\"},\"potentialAction\":[{\"@type\":\"SearchAction\",\"target\":{\"@type\":\"EntryPoint\",\"urlTemplate\":\"https:\/\/aslighting.com.vn\/?s={search_term_string}\"},\"query-input\":\"required name=search_term_string\"}],\"inLanguage\":\"vi\"},{\"@type\":\"Organization\",\"@id\":\"https:\/\/aslighting.com.vn\/#organization\",\"name\":\"C\u00f4ng Ty C\u1ed5 Ph\u1ea7n Gi\u1ea3i Ph\u00e1p Chi\u1ebfu S\u00e1ng To\u00e0n Di\u1ec7n \u00c1nh Sao\",\"url\":\"https:\/\/aslighting.com.vn\/\",\"logo\":{\"@type\":\"ImageObject\",\"inLanguage\":\"vi\",\"@id\":\"https:\/\/aslighting.com.vn\/#\/schema\/logo\/image\/\",\"url\":\"\/wp-content\/uploads\/2022\/10\/logo-ANHSAO.png\",\"contentUrl\":\"\/wp-content\/uploads\/2022\/10\/logo-ANHSAO.png\",\"width\":1091,\"height\":360,\"caption\":\"C\u00f4ng Ty C\u1ed5 Ph\u1ea7n Gi\u1ea3i Ph\u00e1p Chi\u1ebfu S\u00e1ng To\u00e0n Di\u1ec7n \u00c1nh Sao\"},\"image\":{\"@id\":\"https:\/\/aslighting.com.vn\/#\/schema\/logo\/image\/\"}}]}<\/script>\n<!-- \/ Yoast SEO Premium plugin. -->","yoast_head_json":{"title":"\u0110\u00e8n Simplitz Highbay Cold Storage Osram ch\u00ednh h\u00e3ng gi\u00e1 t\u1ed1t","description":"\u0110\u00e8n Simplitz Highbay Cold Storage Osram \u0111\u01b0\u1ee3c c\u00f4ng ty c\u1ed5 ph\u1ea7n thi\u1ebft b\u1ecb chi\u1ebfu s\u00e1ng \u00c1nh Sao cung c\u1ea5p t\u1edbi kh\u00e1ch h\u00e0ng: m\u00e3 ean, th\u00f4ng s\u1ed1 k\u1ef9 thu\u1eadt, \u0111\u1ed9 r\u1ecdi...","robots":{"index":"index","follow":"follow","max-snippet":"max-snippet:-1","max-image-preview":"max-image-preview:large","max-video-preview":"max-video-preview:-1"},"canonical":"https:\/\/aslighting.com.vn\/vi\/san-pham\/den-led-simplitz-highbay-cold-storage-osram\/","og_locale":"vi_VN","og_type":"article","og_title":"\u0110\u00c8N LED SIMPLITZ HIGHBAY COLD STORAGE OSRAM","og_description":"\u0110\u00e8n Simplitz Highbay Cold Storage Osram \u0111\u01b0\u1ee3c c\u00f4ng ty c\u1ed5 ph\u1ea7n thi\u1ebft b\u1ecb chi\u1ebfu s\u00e1ng \u00c1nh Sao cung c\u1ea5p t\u1edbi kh\u00e1ch h\u00e0ng: m\u00e3 ean, th\u00f4ng s\u1ed1 k\u1ef9 thu\u1eadt, \u0111\u1ed9 r\u1ecdi...","og_url":"https:\/\/aslighting.com.vn\/vi\/san-pham\/den-led-simplitz-highbay-cold-storage-osram\/","og_site_name":"C\u00f4ng Ty C\u1ed5 Ph\u1ea7n Gi\u1ea3i Ph\u00e1p Chi\u1ebfu S\u00e1ng To\u00e0n Di\u1ec7n \u00c1nh Sao","article_modified_time":"2023-05-27T08:02:42+00:00","og_image":[{"width":900,"height":780,"url":"https:\/\/aslighting.com.vn\/wp-content\/uploads\/2022\/11\/20210709163801_simpitz-highbay08.png","type":"image\/png"}],"twitter_card":"summary_large_image","twitter_misc":{"\u01af\u1edbc t\u00ednh th\u1eddi gian \u0111\u1ecdc":"3 ph\u00fat"},"schema":{"@context":"https:\/\/schema.org","@graph":[{"@type":"WebPage","@id":"https:\/\/aslighting.com.vn\/san-pham\/den-led-simplitz-highbay-cold-storage-osram\/","url":"https:\/\/aslighting.com.vn\/san-pham\/den-led-simplitz-highbay-cold-storage-osram\/","name":"\u0110\u00e8n Simplitz Highbay Cold Storage Osram ch\u00ednh h\u00e3ng gi\u00e1 t\u1ed1t","isPartOf":{"@id":"https:\/\/aslighting.com.vn\/#website"},"primaryImageOfPage":{"@id":"https:\/\/aslighting.com.vn\/san-pham\/den-led-simplitz-highbay-cold-storage-osram\/#primaryimage"},"image":{"@id":"https:\/\/aslighting.com.vn\/san-pham\/den-led-simplitz-highbay-cold-storage-osram\/#primaryimage"},"thumbnailUrl":"\/wp-content\/uploads\/2022\/11\/20210709163801_simpitz-highbay08.png","datePublished":"2022-11-25T03:21:11+00:00","dateModified":"2023-05-27T08:02:42+00:00","description":"\u0110\u00e8n Simplitz Highbay Cold Storage Osram \u0111\u01b0\u1ee3c c\u00f4ng ty c\u1ed5 ph\u1ea7n thi\u1ebft b\u1ecb chi\u1ebfu s\u00e1ng \u00c1nh Sao cung c\u1ea5p t\u1edbi kh\u00e1ch h\u00e0ng: m\u00e3 ean, th\u00f4ng s\u1ed1 k\u1ef9 thu\u1eadt, \u0111\u1ed9 r\u1ecdi...","breadcrumb":{"@id":"https:\/\/aslighting.com.vn\/san-pham\/den-led-simplitz-highbay-cold-storage-osram\/#breadcrumb"},"inLanguage":"vi","potentialAction":[{"@type":"ReadAction","target":["https:\/\/aslighting.com.vn\/san-pham\/den-led-simplitz-highbay-cold-storage-osram\/"]}]},{"@type":"ImageObject","inLanguage":"vi","@id":"https:\/\/aslighting.com.vn\/san-pham\/den-led-simplitz-highbay-cold-storage-osram\/#primaryimage","url":"\/wp-content\/uploads\/2022\/11\/20210709163801_simpitz-highbay08.png","contentUrl":"\/wp-content\/uploads\/2022\/11\/20210709163801_simpitz-highbay08.png","width":900,"height":780},{"@type":"BreadcrumbList","@id":"https:\/\/aslighting.com.vn\/san-pham\/den-led-simplitz-highbay-cold-storage-osram\/#breadcrumb","itemListElement":[{"@type":"ListItem","position":1,"name":"Trang ch\u1ee7","item":"https:\/\/aslighting.com.vn\/vi\/"},{"@type":"ListItem","position":2,"name":"S\u1ea3n ph\u1ea9m","item":"https:\/\/aslighting.com.vn\/en\/san-pham\/"},{"@type":"ListItem","position":3,"name":"\u0110\u00c8N LED SIMPLITZ HIGHBAY COLD STORAGE OSRAM"}]},{"@type":"WebSite","@id":"https:\/\/aslighting.com.vn\/#website","url":"https:\/\/aslighting.com.vn\/","name":"C\u00f4ng Ty C\u1ed5 Ph\u1ea7n Gi\u1ea3i Ph\u00e1p Chi\u1ebfu S\u00e1ng To\u00e0n Di\u1ec7n \u00c1nh Sao","description":"","publisher":{"@id":"https:\/\/aslighting.com.vn\/#organization"},"potentialAction":[{"@type":"SearchAction","target":{"@type":"EntryPoint","urlTemplate":"https:\/\/aslighting.com.vn\/?s={search_term_string}"},"query-input":"required name=search_term_string"}],"inLanguage":"vi"},{"@type":"Organization","@id":"https:\/\/aslighting.com.vn\/#organization","name":"C\u00f4ng Ty C\u1ed5 Ph\u1ea7n Gi\u1ea3i Ph\u00e1p Chi\u1ebfu S\u00e1ng To\u00e0n Di\u1ec7n \u00c1nh Sao","url":"https:\/\/aslighting.com.vn\/","logo":{"@type":"ImageObject","inLanguage":"vi","@id":"https:\/\/aslighting.com.vn\/#\/schema\/logo\/image\/","url":"\/wp-content\/uploads\/2022\/10\/logo-ANHSAO.png","contentUrl":"\/wp-content\/uploads\/2022\/10\/logo-ANHSAO.png","width":1091,"height":360,"caption":"C\u00f4ng Ty C\u1ed5 Ph\u1ea7n Gi\u1ea3i Ph\u00e1p Chi\u1ebfu S\u00e1ng To\u00e0n Di\u1ec7n \u00c1nh Sao"},"image":{"@id":"https:\/\/aslighting.com.vn\/#\/schema\/logo\/image\/"}}]}},"_links":{"self":[{"href":"https:\/\/aslighting.com.vn\/vi\/wp-json\/wp\/v2\/product\/1511","targetHints":{"allow":["GET"]}}],"collection":[{"href":"https:\/\/aslighting.com.vn\/vi\/wp-json\/wp\/v2\/product"}],"about":[{"href":"https:\/\/aslighting.com.vn\/vi\/wp-json\/wp\/v2\/types\/product"}],"replies":[{"embeddable":true,"href":"https:\/\/aslighting.com.vn\/vi\/wp-json\/wp\/v2\/comments?post=1511"}],"wp:featuredmedia":[{"embeddable":true,"href":"https:\/\/aslighting.com.vn\/vi\/wp-json\/wp\/v2\/media\/3598"}],"wp:attachment":[{"href":"https:\/\/aslighting.com.vn\/vi\/wp-json\/wp\/v2\/media?parent=1511"}],"wp:term":[{"taxonomy":"product_brand","embeddable":true,"href":"https:\/\/aslighting.com.vn\/vi\/wp-json\/wp\/v2\/product_brand?post=1511"},{"taxonomy":"product_cat","embeddable":true,"href":"https:\/\/aslighting.com.vn\/vi\/wp-json\/wp\/v2\/product_cat?post=1511"},{"taxonomy":"product_tag","embeddable":true,"href":"https:\/\/aslighting.com.vn\/vi\/wp-json\/wp\/v2\/product_tag?post=1511"}],"curies":[{"name":"wp","href":"https:\/\/api.w.org\/{rel}","templated":true}]}}