{"id":1551,"date":"2022-11-25T13:52:29","date_gmt":"2022-11-25T06:52:29","guid":{"rendered":"https:\/\/aslighting.com.vn\/?post_type=product&#038;p=1551"},"modified":"2023-06-24T10:15:51","modified_gmt":"2023-06-24T03:15:51","slug":"den-led-simplitz-flood-light-v2-osram","status":"publish","type":"product","link":"https:\/\/aslighting.com.vn\/vi\/san-pham\/den-led-simplitz-flood-light-v2-osram\/","title":{"rendered":"\u0110\u00c8N LED SIMPLITZ FLOOD LIGHT V2 OSRAM"},"content":{"rendered":"<p><span style=\"font-weight: 400;\">S\u1ea3n ph\u1ea9m <a href=\"https:\/\/aslighting.com.vn\/vi\/san-pham\/den-led-simplitz-flood-light-v2-osram\/\"><span style=\"color: #000098;\"><strong>\u0111\u00e8n Simplitz Flood Light V2<\/strong><\/span><\/a> \u0111\u01b0\u1ee3c h\u00e3ng Osram cho ra m\u1eaft v\u1edbi nhi\u1ec1u t\u00ednh n\u0103ng \u01b0u vi\u1ec7t nh\u1ea5t. H\u00e3y c\u00f9ng Aslighting t\u00ecm hi\u1ec3u trong b\u00e0i vi\u1ebft n\u00e0y nh\u00e9.<\/span><\/p>\n<p><a href=\"https:\/\/aslighting.com.vn\/wp-content\/uploads\/2022\/11\/20210713172556_flood-light-v23.png\"><img fetchpriority=\"high\" decoding=\"async\" class=\"aligncenter wp-image-3954\" src=\"https:\/\/aslighting.com.vn\/wp-content\/uploads\/2022\/11\/20210713172556_flood-light-v23.png\" alt=\"\" width=\"500\" height=\"500\" srcset=\"\/wp-content\/uploads\/2022\/11\/20210713172556_flood-light-v23.png 911w, \/wp-content\/uploads\/2022\/11\/20210713172556_flood-light-v23-300x300.png 300w, \/wp-content\/uploads\/2022\/11\/20210713172556_flood-light-v23-150x150.png 150w, \/wp-content\/uploads\/2022\/11\/20210713172556_flood-light-v23-768x768.png 768w, \/wp-content\/uploads\/2022\/11\/20210713172556_flood-light-v23-12x12.png 12w, \/wp-content\/uploads\/2022\/11\/20210713172556_flood-light-v23-600x600.png 600w, \/wp-content\/uploads\/2022\/11\/20210713172556_flood-light-v23-100x100.png 100w\" sizes=\"(max-width: 500px) 100vw, 500px\" \/><\/a><\/p>\n<p style=\"text-align: center;\"><span style=\"font-size: 10pt;\"><em>\u0110\u00e8n <span style=\"font-weight: 400;\">Simplitz Flood Light V2<\/span> Osram \u0111\u01b0\u1ee3c \u00c1nh Sao ph\u00e2n ph\u1ed1i ch\u00ednh h\u00e3ng<\/em><\/span><\/p>\n<h2><span style=\"color: #000080;\"><strong><span style=\"font-size: 18pt;\">I\/ \u0110\u1eb7c \u0111i\u1ec3m c\u1ee7a \u0111\u00e8n chi\u1ebfu s\u00e1ng Simplitz Flood Light V2\u00a0<\/span><\/strong><\/span><\/h2>\n<p><span style=\"font-weight: 400;\">\u0110\u00e2y l\u00e0 s\u1ea3n ph\u1ea9m n\u1eb1m trong lo\u1ea1i Flood Light v\u1edbi k\u1ebft c\u1ea5u led ti\u00eau bi\u1ec3u. Kh\u00e1ch h\u00e0ng c\u00f3 nhu c\u1ea7u s\u1eed d\u1ee5ng Flood Light th\u00ec kh\u00f4ng th\u1ec3 b\u1ecf qua \u0111\u01b0\u1ee3c d\u00f2ng s\u1ea3n ph\u1ea9m n\u00e0y.\u00a0<\/span><\/p>\n<h3><span style=\"color: #ff6600;\"><strong>1. Thi\u1ebft k\u1ebf<\/strong><\/span><\/h3>\n<ul>\n<li style=\"font-weight: 400;\" aria-level=\"1\"><span style=\"font-weight: 400;\">Thi\u1ebft k\u1ebf \u0111\u01a1n gi\u1ea3n nh\u01b0ng v\u1eabn mang t\u1edbi s\u1ef1 sang tr\u1ecdng trong kh\u00f4ng gian s\u1eed d\u1ee5ng.\u00a0<\/span><\/li>\n<li style=\"font-weight: 400;\" aria-level=\"1\"><span style=\"font-weight: 400;\">S\u1ea3n ph\u1ea9m n\u00e0y l\u00e0 d\u00f2ng \u0111\u00e8n Led cao c\u1ea5p v\u1edbi c\u00f4ng su\u1ea5t \u0111\u1ea3m b\u1ea3o.\u00a0<\/span><\/li>\n<li style=\"font-weight: 400;\" aria-level=\"1\"><span style=\"font-weight: 400;\">S\u1ea3n ph\u1ea9m \u0111\u01b0\u1ee3c thi\u1ebft k\u1ebf v\u1edbi nguy\u00ean li\u1ec7u ch\u1ed1ng g\u1ec9 cao, c\u00f3 th\u1ec3 s\u1eed d\u1ee5ng trong m\u00f4i tr\u01b0\u1eddng kh\u1eafc nghi\u1ec7t c\u0169ng nh\u01b0 m\u00f4i tr\u01b0\u1eddng b\u1ee5i b\u1ea9n.\u00a0<\/span><\/li>\n<li style=\"font-weight: 400;\" aria-level=\"1\"><span style=\"font-weight: 400;\">\u0110\u00e8n \u0111\u01b0\u1ee3c thi\u1ebft k\u1ebf v\u1edbi ti\u00eau chu\u1ea9n b\u1ea3o v\u1ec7 IP 66 chi\u1ebfu s\u00e1ng ngo\u00e0i tr\u1eddi.<\/span><\/li>\n<\/ul>\n<h3><span style=\"color: #ff6600;\"><strong>2. \u01afu \u0111i\u1ec3m n\u1ed5i b\u1eadt<\/strong><\/span><\/h3>\n<ul>\n<li style=\"font-weight: 400;\" aria-level=\"1\"><span style=\"font-weight: 400;\">S\u1ea3n ph\u1ea9m \u0111\u01b0\u1ee3c ra \u0111\u1eddi v\u1edbi nhi\u1ec7m v\u1ee5 thay th\u1ebf \u0111\u00e8n pha truy\u1ec1n th\u1ed1ng.\u00a0<\/span><\/li>\n<li style=\"font-weight: 400;\" aria-level=\"1\"><span style=\"font-weight: 400;\">Tu\u1ed5i th\u1ecd cao 70.000 gi\u1edd ti\u1ebft ki\u1ec7m chi ph\u00ed b\u1ea3o tr\u00ec, l\u1eafp \u0111\u1eb7t.<\/span><\/li>\n<li style=\"font-weight: 400;\" aria-level=\"1\"><span style=\"font-weight: 400;\">L\u1eafp \u0111\u1eb7t \u0111\u01a1n gi\u1ea3n cho c\u00e1c kh\u00f4ng gian: nh\u00e0 x\u01b0\u1edfng, kho b\u00e3i, m\u1eb7t ti\u1ec1n, bi\u1ec3n qu\u1ea3ng c\u00e1o, m\u00e1i nh\u00e0.<\/span><\/li>\n<\/ul>\n<h3><span style=\"color: #ff6600;\"><strong>3. Th\u00f4ng s\u1ed1 k\u1ef9 thu\u1eadt<\/strong><\/span><\/h3>\n<table style=\"width: 99.9545%;\" width=\"600\">\n<tbody>\n<tr>\n<td style=\"width: 31.1965%; text-align: center;\"><strong>C\u00f4ng su\u1ea5t<\/strong><\/td>\n<td style=\"width: 37.6103%; text-align: center;\"><strong>Quang th\u00f4ng (M\u00e0u \u00e1nh s\u00e1ng)<\/strong><\/td>\n<td style=\"width: 52.4158%; text-align: center;\"><strong>K\u00edch th\u01b0\u1edbc<\/strong><\/td>\n<\/tr>\n<tr>\n<td style=\"width: 31.1965%; text-align: center;\">50W<\/td>\n<td style=\"width: 37.6103%; text-align: center;\">6350lm (3000K)<\/td>\n<td style=\"width: 52.4158%; text-align: center;\">305mm x 285mm x 70mm<\/td>\n<\/tr>\n<tr>\n<td style=\"width: 31.1965%; text-align: center;\"><\/td>\n<td style=\"width: 37.6103%; text-align: center;\">6600lm (4000\/5700K)<\/td>\n<td style=\"width: 52.4158%; text-align: center;\"><\/td>\n<\/tr>\n<tr>\n<td style=\"width: 31.1965%; text-align: center;\">70W<\/td>\n<td style=\"width: 37.6103%; text-align: center;\">8890lm (3000K)<\/td>\n<td style=\"width: 52.4158%; text-align: center;\">305mm x 285mm x 70mm<\/td>\n<\/tr>\n<tr>\n<td style=\"width: 31.1965%; text-align: center;\"><\/td>\n<td style=\"width: 37.6103%; text-align: center;\">9240lm (4000\/5700K)<\/td>\n<td style=\"width: 52.4158%; text-align: center;\"><\/td>\n<\/tr>\n<tr>\n<td style=\"width: 31.1965%; text-align: center;\">100W<\/td>\n<td style=\"width: 37.6103%; text-align: center;\">12700lm (3000K)<\/td>\n<td style=\"width: 52.4158%; text-align: center;\">305mm x 285mm x 70mm<\/td>\n<\/tr>\n<tr>\n<td style=\"width: 31.1965%; text-align: center;\"><\/td>\n<td style=\"width: 37.6103%; text-align: center;\">13200lm (4000\/5700K)<\/td>\n<td style=\"width: 52.4158%; text-align: center;\"><\/td>\n<\/tr>\n<tr>\n<td style=\"width: 31.1965%; text-align: center;\">150W<\/td>\n<td style=\"width: 37.6103%; text-align: center;\">19050lm (3000K)<\/td>\n<td style=\"width: 52.4158%; text-align: center;\">355mm x 325mm x 70mm<\/td>\n<\/tr>\n<tr>\n<td style=\"width: 31.1965%; text-align: center;\"><\/td>\n<td style=\"width: 37.6103%; text-align: center;\">19800lm (4000\/5700K)<\/td>\n<td style=\"width: 52.4158%; text-align: center;\"><\/td>\n<\/tr>\n<tr>\n<td style=\"width: 31.1965%; text-align: center;\">200W<\/td>\n<td style=\"width: 37.6103%; text-align: center;\">25400lm (3000K)<\/td>\n<td style=\"width: 52.4158%; text-align: center;\">400mm x 360mm x 76mm<\/td>\n<\/tr>\n<tr>\n<td style=\"width: 31.1965%; text-align: center;\"><\/td>\n<td style=\"width: 37.6103%; text-align: center;\">26400lm (4000\/5700K)<\/td>\n<td style=\"width: 52.4158%; text-align: center;\"><\/td>\n<\/tr>\n<tr>\n<td style=\"width: 31.1965%; text-align: center;\">250W<\/td>\n<td style=\"width: 37.6103%; text-align: center;\">31750lm (3000K)<\/td>\n<td style=\"width: 52.4158%; text-align: center;\">400mm x 360mm x 76mm<\/td>\n<\/tr>\n<tr>\n<td style=\"width: 31.1965%; text-align: center;\"><\/td>\n<td style=\"width: 37.6103%; text-align: center;\">33000lm (4000\/5700K)<\/td>\n<td style=\"width: 52.4158%; text-align: center;\"><\/td>\n<\/tr>\n<tr>\n<td style=\"width: 31.1965%; text-align: center;\">300W<\/td>\n<td style=\"width: 37.6103%; text-align: center;\">38100lm (3000K)<\/td>\n<td style=\"width: 52.4158%; text-align: center;\">561mm x 406mm x 73mm<\/td>\n<\/tr>\n<tr>\n<td style=\"width: 31.1965%; text-align: center;\"><\/td>\n<td style=\"width: 37.6103%; text-align: center;\">39600lm (4000\/5700K)<\/td>\n<td style=\"width: 52.4158%; text-align: center;\"><\/td>\n<\/tr>\n<tr>\n<td style=\"width: 31.1965%; text-align: center;\">400W<\/td>\n<td style=\"width: 37.6103%; text-align: center;\">50800lm (3000K)<\/td>\n<td style=\"width: 52.4158%; text-align: center;\">561mm x 406mm x 73mm<\/td>\n<\/tr>\n<tr>\n<td style=\"width: 31.1965%; text-align: center;\"><\/td>\n<td style=\"width: 37.6103%; text-align: center;\">52800lm (4000\/5700K)<\/td>\n<td style=\"width: 52.4158%; text-align: center;\"><\/td>\n<\/tr>\n<\/tbody>\n<\/table>\n<h2><span style=\"color: #000080;\"><strong>II\/ \u1ee8ng d\u1ee5ng<\/strong><\/span><\/h2>\n<p><span style=\"font-weight: 400;\">S\u1ea3n ph\u1ea9m v\u1edbi m\u1ee5c \u0111\u00edch thay th\u1ebf \u0111\u00e8n pha truy\u1ec1n th\u1ed1ng, <a href=\"https:\/\/aslighting.com.vn\/product-category\/osram\/\"><strong><span style=\"color: #000098;\">\u0111\u00e8n Simplitz Flood Light V2 c\u1ee7a<\/span> \u0111\u00e8n Osram<\/strong><\/a> si\u00eau s\u00e1ng c\u1ee7a \u0111\u1ee9c mang t\u1edbi cho kh\u00e1ch h\u00e0ng tr\u1ea3i nghi\u1ec7m tuy\u1ec7t v\u1eddi nh\u1ea5t. S\u1ea3n ph\u1ea9m Simplitz Flood Light \u0111\u01b0\u1ee3c \u1ee9ng d\u1ee5ng trong c\u00e1c kh\u00f4ng gian sau:\u00a0<\/span><\/p>\n<ul>\n<li style=\"font-weight: 400;\" aria-level=\"1\"><span style=\"font-weight: 400;\">Chi\u1ebfu s\u00e1ng Outdoor.<\/span><\/li>\n<li style=\"font-weight: 400;\" aria-level=\"1\"><span style=\"font-weight: 400;\">Indoor nh\u00e0 x\u01b0\u1edfng, kho b\u00e3i.<\/span><\/li>\n<li style=\"font-weight: 400;\" aria-level=\"1\"><span style=\"font-weight: 400;\">M\u1eb7t ti\u1ec1n t\u00f2a nh\u00e0 trung t\u00e2m th\u01b0\u01a1ng m\u1ea1i.<\/span><\/li>\n<li style=\"font-weight: 400;\" aria-level=\"1\"><span style=\"font-weight: 400;\">Khu c\u00f4ng ngh\u1ec7 cao.<\/span><\/li>\n<li style=\"font-weight: 400;\" aria-level=\"1\"><span style=\"font-weight: 400;\">Chi\u1ebfu s\u00e1ng Outdoor ngo\u00e0i tr\u1eddi.<\/span><\/li>\n<\/ul>\n<p><a href=\"https:\/\/aslighting.com.vn\/wp-content\/uploads\/2022\/11\/cau-tao-cua-den-pha-led-ngoai-troi-va-cac-loai-thong-dung-hien-nay-1-scaled.jpg\"><img decoding=\"async\" class=\"aligncenter wp-image-3955 lazyload\" data-src=\"https:\/\/aslighting.com.vn\/wp-content\/uploads\/2022\/11\/cau-tao-cua-den-pha-led-ngoai-troi-va-cac-loai-thong-dung-hien-nay-1-scaled.jpg\" alt=\"\" width=\"600\" height=\"400\" data-srcset=\"\/wp-content\/uploads\/2022\/11\/cau-tao-cua-den-pha-led-ngoai-troi-va-cac-loai-thong-dung-hien-nay-1-scaled.jpg 1000w, \/wp-content\/uploads\/2022\/11\/cau-tao-cua-den-pha-led-ngoai-troi-va-cac-loai-thong-dung-hien-nay-1-300x200.jpg 300w, \/wp-content\/uploads\/2022\/11\/cau-tao-cua-den-pha-led-ngoai-troi-va-cac-loai-thong-dung-hien-nay-1-1024x682.jpg 1024w, \/wp-content\/uploads\/2022\/11\/cau-tao-cua-den-pha-led-ngoai-troi-va-cac-loai-thong-dung-hien-nay-1-768x511.jpg 768w, \/wp-content\/uploads\/2022\/11\/cau-tao-cua-den-pha-led-ngoai-troi-va-cac-loai-thong-dung-hien-nay-1-18x12.jpg 18w, \/wp-content\/uploads\/2022\/11\/cau-tao-cua-den-pha-led-ngoai-troi-va-cac-loai-thong-dung-hien-nay-1-600x400.jpg 600w\" data-sizes=\"(max-width: 600px) 100vw, 600px\" src=\"data:image\/svg+xml;base64,PHN2ZyB3aWR0aD0iMSIgaGVpZ2h0PSIxIiB4bWxucz0iaHR0cDovL3d3dy53My5vcmcvMjAwMC9zdmciPjwvc3ZnPg==\" style=\"--smush-placeholder-width: 600px; --smush-placeholder-aspect-ratio: 600\/400;\" \/><\/a><\/p>\n<p><a href=\"http:\/\/ls.osram.com.cn\/pdf\/EN_SIMPLITZ_Flood_Light_V2_Datasheet_v1p0.pdf\">http:\/\/ls.osram.com.cn\/pdf\/EN_SIMPLITZ_Flood_Light_V2_Datasheet_v1p0.pdf<\/a><\/p>\n<p style=\"text-align: center;\"><a href=\"https:\/\/aslighting.com.vn\/wp-content\/uploads\/2022\/11\/button_tai-catalogue-tai-day-1.png\"><img decoding=\"async\" class=\"alignnone size-medium wp-image-4530 lazyload\" data-src=\"https:\/\/aslighting.com.vn\/wp-content\/uploads\/2022\/11\/button_tai-catalogue-tai-day-1-300x49.png\" alt=\"\" width=\"300\" height=\"49\" data-srcset=\"\/wp-content\/uploads\/2022\/11\/button_tai-catalogue-tai-day-1-300x49.png 300w, \/wp-content\/uploads\/2022\/11\/button_tai-catalogue-tai-day-1-18x3.png 18w, \/wp-content\/uploads\/2022\/11\/button_tai-catalogue-tai-day-1.png 407w\" data-sizes=\"(max-width: 300px) 100vw, 300px\" src=\"data:image\/svg+xml;base64,PHN2ZyB3aWR0aD0iMSIgaGVpZ2h0PSIxIiB4bWxucz0iaHR0cDovL3d3dy53My5vcmcvMjAwMC9zdmciPjwvc3ZnPg==\" style=\"--smush-placeholder-width: 300px; --smush-placeholder-aspect-ratio: 300\/49;\" \/><\/a><\/p>\n","protected":false},"excerpt":{"rendered":"<p><strong>C\u00f4ng su\u1ea5t:<\/strong> 50W, 70W, 100W, 150W, 200W, 250W, 300W, 400W<\/p>\n<p><strong>Nhi\u1ec7t \u0111\u1ed9 m\u00e0u: <\/strong>3000K, 4000K, 5700K<\/p>\n<p><strong>\u0110i\u1ec7n \u00e1p:<\/strong> 220V-240V<\/p>\n<p><strong>IP: <\/strong>66<\/p>\n<p><strong>CRI:\u00a0<\/strong>&gt;70<\/p>\n<p><strong>DIM:<\/strong> ON\/OFF<\/p>\n<p><strong>K\u00edch th\u01b0\u1edbc:<\/strong> 305mm x 285mm x 70mm, 355mm x 325mm x 70mm, 400mm x 360mm x 76mm, 561mm x 406mm x 73mm<\/p>\n<p><strong>G\u00f3c chi\u1ebfu:<\/strong> 20<sup>o<\/sup>, 30<sup>o<\/sup>, 60<sup>o<\/sup>, 50<sup>o<\/sup>\u00a0x 100<sup>o<\/sup><\/p>\n<p><strong>Tu\u1ed5i th\u1ecd:<\/strong> 70.000 gi\u1edd<\/p>\n<p><strong>B\u1ea3o h\u00e0nh:\u00a0<\/strong>24 th\u00e1ng<\/p>\n","protected":false},"featured_media":3511,"comment_status":"open","ping_status":"closed","template":"","meta":[],"product_brand":[],"product_cat":[81,113,49],"product_tag":[],"class_list":{"0":"post-1551","1":"product","2":"type-product","3":"status-publish","4":"has-post-thumbnail","6":"product_cat-den-led-flood-light","7":"product_cat-den-led-simplitz-flood-light-v2-osram","8":"product_cat-osram","10":"first","11":"instock","12":"shipping-taxable","13":"product-type-simple"},"yoast_head":"<!-- This site is optimized with the Yoast SEO Premium plugin v22.0 (Yoast SEO v22.5) - https:\/\/yoast.com\/wordpress\/plugins\/seo\/ -->\n<title>\u0110\u00e8n Simplitz Flood Light V2 ch\u00ednh h\u00e3ng gi\u00e1 t\u1ed1t<\/title>\n<meta name=\"description\" content=\"\u0110\u00e8n Simplitz Flood Light V2 Osram \u0111\u01b0\u1ee3c c\u00f4ng ty c\u1ed5 ph\u1ea7n thi\u1ebft b\u1ecb chi\u1ebfu s\u00e1ng \u00c1nh Sao cung c\u1ea5p t\u1edbi kh\u00e1ch h\u00e0ng: m\u00e3 ean, th\u00f4ng s\u1ed1 k\u1ef9 thu\u1eadt, \u0111\u1ed9 r\u1ecdi...\" \/>\n<meta name=\"robots\" content=\"index, follow, max-snippet:-1, max-image-preview:large, max-video-preview:-1\" \/>\n<link rel=\"canonical\" href=\"https:\/\/aslighting.com.vn\/vi\/san-pham\/den-led-simplitz-flood-light-v2-osram\/\" \/>\n<meta property=\"og:locale\" content=\"vi_VN\" \/>\n<meta property=\"og:type\" content=\"article\" \/>\n<meta property=\"og:title\" content=\"\u0110\u00c8N LED SIMPLITZ FLOOD LIGHT V2 OSRAM\" \/>\n<meta property=\"og:description\" content=\"\u0110\u00e8n Simplitz Flood Light V2 Osram \u0111\u01b0\u1ee3c c\u00f4ng ty c\u1ed5 ph\u1ea7n thi\u1ebft b\u1ecb chi\u1ebfu s\u00e1ng \u00c1nh Sao cung c\u1ea5p t\u1edbi kh\u00e1ch h\u00e0ng: m\u00e3 ean, th\u00f4ng s\u1ed1 k\u1ef9 thu\u1eadt, \u0111\u1ed9 r\u1ecdi...\" \/>\n<meta property=\"og:url\" content=\"https:\/\/aslighting.com.vn\/vi\/san-pham\/den-led-simplitz-flood-light-v2-osram\/\" \/>\n<meta property=\"og:site_name\" content=\"C\u00f4ng Ty C\u1ed5 Ph\u1ea7n Gi\u1ea3i Ph\u00e1p Chi\u1ebfu S\u00e1ng To\u00e0n Di\u1ec7n \u00c1nh Sao\" \/>\n<meta property=\"article:modified_time\" content=\"2023-06-24T03:15:51+00:00\" \/>\n<meta property=\"og:image\" content=\"https:\/\/aslighting.com.vn\/wp-content\/uploads\/2022\/11\/20210713172556_flood-light-v203.png\" \/>\n\t<meta property=\"og:image:width\" content=\"900\" \/>\n\t<meta property=\"og:image:height\" content=\"780\" \/>\n\t<meta property=\"og:image:type\" content=\"image\/png\" \/>\n<meta name=\"twitter:card\" content=\"summary_large_image\" \/>\n<meta name=\"twitter:label1\" content=\"\u01af\u1edbc t\u00ednh th\u1eddi gian \u0111\u1ecdc\" \/>\n\t<meta name=\"twitter:data1\" content=\"3 ph\u00fat\" \/>\n<script type=\"application\/ld+json\" class=\"yoast-schema-graph\">{\"@context\":\"https:\/\/schema.org\",\"@graph\":[{\"@type\":\"WebPage\",\"@id\":\"https:\/\/aslighting.com.vn\/san-pham\/den-led-simplitz-flood-light-v2-osram\/\",\"url\":\"https:\/\/aslighting.com.vn\/san-pham\/den-led-simplitz-flood-light-v2-osram\/\",\"name\":\"\u0110\u00e8n Simplitz Flood Light V2 ch\u00ednh h\u00e3ng gi\u00e1 t\u1ed1t\",\"isPartOf\":{\"@id\":\"https:\/\/aslighting.com.vn\/#website\"},\"primaryImageOfPage\":{\"@id\":\"https:\/\/aslighting.com.vn\/san-pham\/den-led-simplitz-flood-light-v2-osram\/#primaryimage\"},\"image\":{\"@id\":\"https:\/\/aslighting.com.vn\/san-pham\/den-led-simplitz-flood-light-v2-osram\/#primaryimage\"},\"thumbnailUrl\":\"\/wp-content\/uploads\/2022\/11\/20210713172556_flood-light-v203.png\",\"datePublished\":\"2022-11-25T06:52:29+00:00\",\"dateModified\":\"2023-06-24T03:15:51+00:00\",\"description\":\"\u0110\u00e8n Simplitz Flood Light V2 Osram \u0111\u01b0\u1ee3c c\u00f4ng ty c\u1ed5 ph\u1ea7n thi\u1ebft b\u1ecb chi\u1ebfu s\u00e1ng \u00c1nh Sao cung c\u1ea5p t\u1edbi kh\u00e1ch h\u00e0ng: m\u00e3 ean, th\u00f4ng s\u1ed1 k\u1ef9 thu\u1eadt, \u0111\u1ed9 r\u1ecdi...\",\"breadcrumb\":{\"@id\":\"https:\/\/aslighting.com.vn\/san-pham\/den-led-simplitz-flood-light-v2-osram\/#breadcrumb\"},\"inLanguage\":\"vi\",\"potentialAction\":[{\"@type\":\"ReadAction\",\"target\":[\"https:\/\/aslighting.com.vn\/san-pham\/den-led-simplitz-flood-light-v2-osram\/\"]}]},{\"@type\":\"ImageObject\",\"inLanguage\":\"vi\",\"@id\":\"https:\/\/aslighting.com.vn\/san-pham\/den-led-simplitz-flood-light-v2-osram\/#primaryimage\",\"url\":\"\/wp-content\/uploads\/2022\/11\/20210713172556_flood-light-v203.png\",\"contentUrl\":\"\/wp-content\/uploads\/2022\/11\/20210713172556_flood-light-v203.png\",\"width\":900,\"height\":780},{\"@type\":\"BreadcrumbList\",\"@id\":\"https:\/\/aslighting.com.vn\/san-pham\/den-led-simplitz-flood-light-v2-osram\/#breadcrumb\",\"itemListElement\":[{\"@type\":\"ListItem\",\"position\":1,\"name\":\"Trang ch\u1ee7\",\"item\":\"https:\/\/aslighting.com.vn\/vi\/\"},{\"@type\":\"ListItem\",\"position\":2,\"name\":\"S\u1ea3n ph\u1ea9m\",\"item\":\"https:\/\/aslighting.com.vn\/en\/san-pham\/\"},{\"@type\":\"ListItem\",\"position\":3,\"name\":\"\u0110\u00c8N LED SIMPLITZ FLOOD LIGHT V2 OSRAM\"}]},{\"@type\":\"WebSite\",\"@id\":\"https:\/\/aslighting.com.vn\/#website\",\"url\":\"https:\/\/aslighting.com.vn\/\",\"name\":\"C\u00f4ng Ty C\u1ed5 Ph\u1ea7n Gi\u1ea3i Ph\u00e1p Chi\u1ebfu S\u00e1ng To\u00e0n Di\u1ec7n \u00c1nh Sao\",\"description\":\"\",\"publisher\":{\"@id\":\"https:\/\/aslighting.com.vn\/#organization\"},\"potentialAction\":[{\"@type\":\"SearchAction\",\"target\":{\"@type\":\"EntryPoint\",\"urlTemplate\":\"https:\/\/aslighting.com.vn\/?s={search_term_string}\"},\"query-input\":\"required name=search_term_string\"}],\"inLanguage\":\"vi\"},{\"@type\":\"Organization\",\"@id\":\"https:\/\/aslighting.com.vn\/#organization\",\"name\":\"C\u00f4ng Ty C\u1ed5 Ph\u1ea7n Gi\u1ea3i Ph\u00e1p Chi\u1ebfu S\u00e1ng To\u00e0n Di\u1ec7n \u00c1nh Sao\",\"url\":\"https:\/\/aslighting.com.vn\/\",\"logo\":{\"@type\":\"ImageObject\",\"inLanguage\":\"vi\",\"@id\":\"https:\/\/aslighting.com.vn\/#\/schema\/logo\/image\/\",\"url\":\"\/wp-content\/uploads\/2022\/10\/logo-ANHSAO.png\",\"contentUrl\":\"\/wp-content\/uploads\/2022\/10\/logo-ANHSAO.png\",\"width\":1091,\"height\":360,\"caption\":\"C\u00f4ng Ty C\u1ed5 Ph\u1ea7n Gi\u1ea3i Ph\u00e1p Chi\u1ebfu S\u00e1ng To\u00e0n Di\u1ec7n \u00c1nh Sao\"},\"image\":{\"@id\":\"https:\/\/aslighting.com.vn\/#\/schema\/logo\/image\/\"}}]}<\/script>\n<!-- \/ Yoast SEO Premium plugin. -->","yoast_head_json":{"title":"\u0110\u00e8n Simplitz Flood Light V2 ch\u00ednh h\u00e3ng gi\u00e1 t\u1ed1t","description":"\u0110\u00e8n Simplitz Flood Light V2 Osram \u0111\u01b0\u1ee3c c\u00f4ng ty c\u1ed5 ph\u1ea7n thi\u1ebft b\u1ecb chi\u1ebfu s\u00e1ng \u00c1nh Sao cung c\u1ea5p t\u1edbi kh\u00e1ch h\u00e0ng: m\u00e3 ean, th\u00f4ng s\u1ed1 k\u1ef9 thu\u1eadt, \u0111\u1ed9 r\u1ecdi...","robots":{"index":"index","follow":"follow","max-snippet":"max-snippet:-1","max-image-preview":"max-image-preview:large","max-video-preview":"max-video-preview:-1"},"canonical":"https:\/\/aslighting.com.vn\/vi\/san-pham\/den-led-simplitz-flood-light-v2-osram\/","og_locale":"vi_VN","og_type":"article","og_title":"\u0110\u00c8N LED SIMPLITZ FLOOD LIGHT V2 OSRAM","og_description":"\u0110\u00e8n Simplitz Flood Light V2 Osram \u0111\u01b0\u1ee3c c\u00f4ng ty c\u1ed5 ph\u1ea7n thi\u1ebft b\u1ecb chi\u1ebfu s\u00e1ng \u00c1nh Sao cung c\u1ea5p t\u1edbi kh\u00e1ch h\u00e0ng: m\u00e3 ean, th\u00f4ng s\u1ed1 k\u1ef9 thu\u1eadt, \u0111\u1ed9 r\u1ecdi...","og_url":"https:\/\/aslighting.com.vn\/vi\/san-pham\/den-led-simplitz-flood-light-v2-osram\/","og_site_name":"C\u00f4ng Ty C\u1ed5 Ph\u1ea7n Gi\u1ea3i Ph\u00e1p Chi\u1ebfu S\u00e1ng To\u00e0n Di\u1ec7n \u00c1nh Sao","article_modified_time":"2023-06-24T03:15:51+00:00","og_image":[{"width":900,"height":780,"url":"https:\/\/aslighting.com.vn\/wp-content\/uploads\/2022\/11\/20210713172556_flood-light-v203.png","type":"image\/png"}],"twitter_card":"summary_large_image","twitter_misc":{"\u01af\u1edbc t\u00ednh th\u1eddi gian \u0111\u1ecdc":"3 ph\u00fat"},"schema":{"@context":"https:\/\/schema.org","@graph":[{"@type":"WebPage","@id":"https:\/\/aslighting.com.vn\/san-pham\/den-led-simplitz-flood-light-v2-osram\/","url":"https:\/\/aslighting.com.vn\/san-pham\/den-led-simplitz-flood-light-v2-osram\/","name":"\u0110\u00e8n Simplitz Flood Light V2 ch\u00ednh h\u00e3ng gi\u00e1 t\u1ed1t","isPartOf":{"@id":"https:\/\/aslighting.com.vn\/#website"},"primaryImageOfPage":{"@id":"https:\/\/aslighting.com.vn\/san-pham\/den-led-simplitz-flood-light-v2-osram\/#primaryimage"},"image":{"@id":"https:\/\/aslighting.com.vn\/san-pham\/den-led-simplitz-flood-light-v2-osram\/#primaryimage"},"thumbnailUrl":"\/wp-content\/uploads\/2022\/11\/20210713172556_flood-light-v203.png","datePublished":"2022-11-25T06:52:29+00:00","dateModified":"2023-06-24T03:15:51+00:00","description":"\u0110\u00e8n Simplitz Flood Light V2 Osram \u0111\u01b0\u1ee3c c\u00f4ng ty c\u1ed5 ph\u1ea7n thi\u1ebft b\u1ecb chi\u1ebfu s\u00e1ng \u00c1nh Sao cung c\u1ea5p t\u1edbi kh\u00e1ch h\u00e0ng: m\u00e3 ean, th\u00f4ng s\u1ed1 k\u1ef9 thu\u1eadt, \u0111\u1ed9 r\u1ecdi...","breadcrumb":{"@id":"https:\/\/aslighting.com.vn\/san-pham\/den-led-simplitz-flood-light-v2-osram\/#breadcrumb"},"inLanguage":"vi","potentialAction":[{"@type":"ReadAction","target":["https:\/\/aslighting.com.vn\/san-pham\/den-led-simplitz-flood-light-v2-osram\/"]}]},{"@type":"ImageObject","inLanguage":"vi","@id":"https:\/\/aslighting.com.vn\/san-pham\/den-led-simplitz-flood-light-v2-osram\/#primaryimage","url":"\/wp-content\/uploads\/2022\/11\/20210713172556_flood-light-v203.png","contentUrl":"\/wp-content\/uploads\/2022\/11\/20210713172556_flood-light-v203.png","width":900,"height":780},{"@type":"BreadcrumbList","@id":"https:\/\/aslighting.com.vn\/san-pham\/den-led-simplitz-flood-light-v2-osram\/#breadcrumb","itemListElement":[{"@type":"ListItem","position":1,"name":"Trang ch\u1ee7","item":"https:\/\/aslighting.com.vn\/vi\/"},{"@type":"ListItem","position":2,"name":"S\u1ea3n ph\u1ea9m","item":"https:\/\/aslighting.com.vn\/en\/san-pham\/"},{"@type":"ListItem","position":3,"name":"\u0110\u00c8N LED SIMPLITZ FLOOD LIGHT V2 OSRAM"}]},{"@type":"WebSite","@id":"https:\/\/aslighting.com.vn\/#website","url":"https:\/\/aslighting.com.vn\/","name":"C\u00f4ng Ty C\u1ed5 Ph\u1ea7n Gi\u1ea3i Ph\u00e1p Chi\u1ebfu S\u00e1ng To\u00e0n Di\u1ec7n \u00c1nh Sao","description":"","publisher":{"@id":"https:\/\/aslighting.com.vn\/#organization"},"potentialAction":[{"@type":"SearchAction","target":{"@type":"EntryPoint","urlTemplate":"https:\/\/aslighting.com.vn\/?s={search_term_string}"},"query-input":"required name=search_term_string"}],"inLanguage":"vi"},{"@type":"Organization","@id":"https:\/\/aslighting.com.vn\/#organization","name":"C\u00f4ng Ty C\u1ed5 Ph\u1ea7n Gi\u1ea3i Ph\u00e1p Chi\u1ebfu S\u00e1ng To\u00e0n Di\u1ec7n \u00c1nh Sao","url":"https:\/\/aslighting.com.vn\/","logo":{"@type":"ImageObject","inLanguage":"vi","@id":"https:\/\/aslighting.com.vn\/#\/schema\/logo\/image\/","url":"\/wp-content\/uploads\/2022\/10\/logo-ANHSAO.png","contentUrl":"\/wp-content\/uploads\/2022\/10\/logo-ANHSAO.png","width":1091,"height":360,"caption":"C\u00f4ng Ty C\u1ed5 Ph\u1ea7n Gi\u1ea3i Ph\u00e1p Chi\u1ebfu S\u00e1ng To\u00e0n Di\u1ec7n \u00c1nh Sao"},"image":{"@id":"https:\/\/aslighting.com.vn\/#\/schema\/logo\/image\/"}}]}},"_links":{"self":[{"href":"https:\/\/aslighting.com.vn\/vi\/wp-json\/wp\/v2\/product\/1551","targetHints":{"allow":["GET"]}}],"collection":[{"href":"https:\/\/aslighting.com.vn\/vi\/wp-json\/wp\/v2\/product"}],"about":[{"href":"https:\/\/aslighting.com.vn\/vi\/wp-json\/wp\/v2\/types\/product"}],"replies":[{"embeddable":true,"href":"https:\/\/aslighting.com.vn\/vi\/wp-json\/wp\/v2\/comments?post=1551"}],"wp:featuredmedia":[{"embeddable":true,"href":"https:\/\/aslighting.com.vn\/vi\/wp-json\/wp\/v2\/media\/3511"}],"wp:attachment":[{"href":"https:\/\/aslighting.com.vn\/vi\/wp-json\/wp\/v2\/media?parent=1551"}],"wp:term":[{"taxonomy":"product_brand","embeddable":true,"href":"https:\/\/aslighting.com.vn\/vi\/wp-json\/wp\/v2\/product_brand?post=1551"},{"taxonomy":"product_cat","embeddable":true,"href":"https:\/\/aslighting.com.vn\/vi\/wp-json\/wp\/v2\/product_cat?post=1551"},{"taxonomy":"product_tag","embeddable":true,"href":"https:\/\/aslighting.com.vn\/vi\/wp-json\/wp\/v2\/product_tag?post=1551"}],"curies":[{"name":"wp","href":"https:\/\/api.w.org\/{rel}","templated":true}]}}