{"id":1561,"date":"2022-11-25T14:44:05","date_gmt":"2022-11-25T07:44:05","guid":{"rendered":"https:\/\/aslighting.com.vn\/?post_type=product&#038;p=1561"},"modified":"2023-06-24T10:50:05","modified_gmt":"2023-06-24T03:50:05","slug":"den-led-highbay-ginoled-ho-g2-osram","status":"publish","type":"product","link":"https:\/\/aslighting.com.vn\/vi\/san-pham\/den-led-highbay-ginoled-ho-g2-osram\/","title":{"rendered":"\u0110\u00c8N LED HIGHBAY GINOLED HO G2 OSRAM"},"content":{"rendered":"<p><span style=\"font-weight: 400;\"><a href=\"https:\/\/aslighting.com.vn\/vi\/san-pham\/den-led-highbay-ginoled-ho-g2-osram\/\"><span style=\"color: #000098;\"><strong>\u0110\u00e8n Ginoled Ho G2<\/strong><\/span><\/a> l\u00e0 d\u00f2ng s\u1ea3n ph\u1ea9m Highbay c\u1ee7a h\u00e3ng Osram. Ngay sau khi ra m\u1eaft\u00a0<\/span><span style=\"font-weight: 400;\">Ginoled Ho Module G2 l\u00e0 d\u00f2ng s\u1ea3n ph\u1ea9m Highbay cao c\u1ea5p nh\u1ea5t c\u1ee7a Osram \u1edf th\u1eddi \u0111i\u1ec3m hi\u1ec7n t\u1ea1i. H\u00e3y c\u00f9ng Aslighting t\u00ecm hi\u1ec3u th\u00f4ng tin s\u1ea3n ph\u1ea9m trong b\u00e0i vi\u1ebft d\u01b0\u1edbi \u0111\u00e2y.<\/span><\/p>\n<p><a href=\"https:\/\/aslighting.com.vn\/wp-content\/uploads\/2022\/11\/20210826100246_1-14.png\"><img fetchpriority=\"high\" decoding=\"async\" class=\"aligncenter wp-image-3855\" src=\"https:\/\/aslighting.com.vn\/wp-content\/uploads\/2022\/11\/20210826100246_1-14.png\" alt=\"\" width=\"500\" height=\"500\" srcset=\"\/wp-content\/uploads\/2022\/11\/20210826100246_1-14.png 911w, \/wp-content\/uploads\/2022\/11\/20210826100246_1-14-300x300.png 300w, \/wp-content\/uploads\/2022\/11\/20210826100246_1-14-150x150.png 150w, \/wp-content\/uploads\/2022\/11\/20210826100246_1-14-768x768.png 768w, \/wp-content\/uploads\/2022\/11\/20210826100246_1-14-12x12.png 12w, \/wp-content\/uploads\/2022\/11\/20210826100246_1-14-600x600.png 600w, \/wp-content\/uploads\/2022\/11\/20210826100246_1-14-100x100.png 100w\" sizes=\"(max-width: 500px) 100vw, 500px\" \/><\/a><\/p>\n<p style=\"text-align: center;\"><span style=\"font-size: 10pt;\"><em>\u0110\u00e8n Ginoled Ho G2 \u0111\u01b0\u1ee3c s\u1ea3n xu\u1ea5t b\u1edfi h\u00e3ng Osram<\/em><\/span><\/p>\n<h2><strong><span style=\"color: #000080;\">I\/ \u0110\u1eb7c \u0111i\u1ec3m c\u1ee7a \u0111\u00e8n Ginoled Ho G2 Osram<\/span><\/strong><\/h2>\n<p><span style=\"font-weight: 400;\">S\u1ea3n ph\u1ea9m \u0111\u00e8n Highbay Ginoled Ho G2 c\u1ee7a h\u00e3ng Osram \u0111\u01b0\u1ee3c l\u1eafp \u0111\u1eb7t t\u1eeb m\u1ed9t s\u1ed1 linh ki\u1ec7n nh\u1ecf \u0111\u1ec3 \u0111\u01b0a ra 1 b\u1ed9 \u0111\u00e8n ho\u00e0n ch\u1ec9nh. C\u0169ng v\u00ec l\u00fd do \u0111\u00f3 m\u00e0 \u0111\u1eb7c \u0111i\u1ec3m c\u1ee7a \u0111\u00e8n c\u0169ng kh\u00e1c so v\u1edbi c\u00e1c lo\u1ea1i \u0111\u00e8n kh\u00e1c.\u00a0<\/span><\/p>\n<h3><span style=\"color: #ff6600;\"><strong>1. Thi\u1ebft k\u1ebf<\/strong><\/span><\/h3>\n<ul>\n<li><span style=\"font-weight: 400;\">S\u1ea3n ph\u1ea9m \u0111\u01b0\u1ee3c thi\u1ebft k\u1ebf gia c\u00f4ng theo ti\u00eau chu\u1ea9n qu\u1ed1c t\u1ebf: CE, CB, CQC.<\/span><\/li>\n<li><span style=\"font-weight: 400;\">Highbay Ginoled Ho G2 Osram v\u1edbi thi\u1ebft k\u1ebf tinh t\u1ebf, nh\u1ecf g\u1ecdn gi\u00fap d\u1ec5 d\u00e0ng thi c\u00f4ng v\u00e0 l\u1eafp \u0111\u1eb7t.\u00a0<\/span><\/li>\n<li><span style=\"font-weight: 400;\">S\u1ea3n ph\u1ea9m Highbay Ginoled Ho G2 Osram \u0111\u01b0\u1ee3c l\u1eafp t\u1eeb m\u1ed9t s\u1ed1 linh ki\u1ec7n. Tuy nhi\u00ean, qu\u00fd kh\u00e1ch h\u00e0ng s\u1ebd \u0111\u01b0\u1ee3c l\u1eafp gh\u00e9p th\u00e0nh nguy\u00ean b\u1ed9 ho\u00e0n ch\u1ec9nh theo ti\u00eau chu\u1ea9n c\u1ee7a nh\u00e0 s\u1ea3n xu\u1ea5t.<\/span><\/li>\n<\/ul>\n<h3 style=\"text-align: center;\"><a href=\"https:\/\/aslighting.com.vn\/wp-content\/uploads\/2022\/11\/20210826100453_g26.png\"><img decoding=\"async\" class=\"alignnone wp-image-3857 lazyload\" data-src=\"https:\/\/aslighting.com.vn\/wp-content\/uploads\/2022\/11\/20210826100453_g26.png\" alt=\"\" width=\"500\" height=\"500\" data-srcset=\"\/wp-content\/uploads\/2022\/11\/20210826100453_g26.png 911w, \/wp-content\/uploads\/2022\/11\/20210826100453_g26-300x300.png 300w, \/wp-content\/uploads\/2022\/11\/20210826100453_g26-150x150.png 150w, \/wp-content\/uploads\/2022\/11\/20210826100453_g26-768x768.png 768w, \/wp-content\/uploads\/2022\/11\/20210826100453_g26-12x12.png 12w, \/wp-content\/uploads\/2022\/11\/20210826100453_g26-600x600.png 600w, \/wp-content\/uploads\/2022\/11\/20210826100453_g26-100x100.png 100w\" data-sizes=\"(max-width: 500px) 100vw, 500px\" src=\"data:image\/svg+xml;base64,PHN2ZyB3aWR0aD0iMSIgaGVpZ2h0PSIxIiB4bWxucz0iaHR0cDovL3d3dy53My5vcmcvMjAwMC9zdmciPjwvc3ZnPg==\" style=\"--smush-placeholder-width: 500px; --smush-placeholder-aspect-ratio: 500\/500;\" \/><\/a><\/h3>\n<h3><strong><span style=\"color: #ff6600;\">2. \u01afu \u0111i\u1ec3m<\/span><\/strong><\/h3>\n<p><span style=\"font-weight: 400;\">S\u1ea3n ph\u1ea9m c\u00f3 t\u00ednh n\u0103ng n\u1ed5i b\u1eadt nh\u01b0:\u00a0<\/span><\/p>\n<ul>\n<li><span style=\"font-weight: 400;\">\u0110i\u1ec1u khi\u1ec3n l\u1eadp tr\u00ecnh tr\u01b0\u1edbc qua NFC AtroDIM\/ Constant lumen.<\/span><\/li>\n<li><span style=\"font-weight: 400;\">Ch\u1ed1ng s\u00e9t 6kV (L\/N) and 6kV (L\/N-\/PE) \u0111\u1ea3m b\u1ea3o chi\u1ebfu s\u00e1ng c\u00f3 th\u1ec3 \u1edf m\u00f4i tr\u01b0\u1eddng ngo\u00e0i tr\u1eddi.<\/span><\/li>\n<li><span style=\"font-weight: 400;\">Tu\u1ed5i th\u1ecd \u0111\u00e8n l\u00ean \u0111\u1ebfn 50,000 gi\u1edd, h\u1ea1n ch\u1ebf t\u1ed1i \u0111a chi ph\u00ed b\u1ea3o tr\u00ec s\u1eeda ch\u1eefa.\u00a0<\/span><\/li>\n<li><span style=\"font-weight: 400;\">Ginoled Ho Module G2 Osram \u0111\u01b0\u1ee3c thi\u1ebft k\u1ebf gia c\u00f4ng theo ti\u00eau chu\u1ea9n qu\u1ed1c t\u1ebf: CE, CB, CQC.<\/span><\/li>\n<li><span style=\"font-weight: 400;\">S\u1eed d\u1ee5ng c\u00f4ng ngh\u1ec7 LED gi\u00fap ti\u1ebft ki\u1ec7m chi ph\u00ed \u0111\u00e1ng k\u1ec3 l\u00e0 \u01b0u \u0111i\u1ec3m kh\u00f4ng ri\u00eang Ginoled Ho G2 m\u00e0 c\u00f2n c\u00e1c <span style=\"color: #000098;\"><a style=\"color: #000098;\" href=\"https:\/\/aslighting.com.vn\/vi\/product-category\/osram\/den-led-high-bay\/\"><strong>\u0111\u00e8n Osram Hight Bay<\/strong><\/a><\/span>.\u00a0<\/span><\/li>\n<\/ul>\n<h3><strong><span style=\"color: #ff6600;\">3. Th\u00f4ng s\u1ed1 k\u1ef9 thu\u1eadt<\/span><\/strong><\/h3>\n<table>\n<tbody>\n<tr>\n<td style=\"width: 31.4739%; text-align: center;\"><strong>C\u00f4ng su\u1ea5t<\/strong><\/td>\n<td style=\"width: 35.5677%; text-align: center;\"><strong>Quang th\u00f4ng<\/strong><\/td>\n<td style=\"width: 96.8214%; text-align: center;\"><strong>K\u00edch th\u01b0\u1edbc<\/strong><\/td>\n<\/tr>\n<tr>\n<td style=\"width: 31.4739%; text-align: center;\">80W<\/td>\n<td style=\"width: 35.5677%; text-align: center;\">11600lm<\/td>\n<td style=\"width: 96.8214%; text-align: center;\">296mm x 104mm<\/td>\n<\/tr>\n<tr>\n<td style=\"width: 31.4739%; text-align: center;\">120W<\/td>\n<td style=\"width: 35.5677%; text-align: center;\">17400lm<\/td>\n<td style=\"width: 96.8214%; text-align: center;\">296mm x 104mm<\/td>\n<\/tr>\n<tr>\n<td style=\"width: 31.4739%; text-align: center;\">150W<\/td>\n<td style=\"width: 35.5677%; text-align: center;\">21750lm<\/td>\n<td style=\"width: 96.8214%; text-align: center;\">296mm x 104mm<\/td>\n<\/tr>\n<tr>\n<td style=\"width: 31.4739%; text-align: center;\">180W<\/td>\n<td style=\"width: 35.5677%; text-align: center;\">26100lm<\/td>\n<td style=\"width: 96.8214%; text-align: center;\">339mm x 197mm<\/td>\n<\/tr>\n<\/tbody>\n<\/table>\n<h3><strong><span style=\"color: #ff6600;\">4. \u0110\u01b0\u1eddng cong tr\u1eafc quang<\/span><\/strong><\/h3>\n<p style=\"text-align: center;\"><a href=\"https:\/\/aslighting.com.vn\/wp-content\/uploads\/2022\/11\/screenshot_1679644965.png\"><img decoding=\"async\" class=\"aligncenter wp-image-3858 lazyload\" data-src=\"https:\/\/aslighting.com.vn\/wp-content\/uploads\/2022\/11\/screenshot_1679644965-1024x520.png\" alt=\"\" width=\"600\" height=\"304\" data-srcset=\"\/wp-content\/uploads\/2022\/11\/screenshot_1679644965-1024x520.png 1024w, \/wp-content\/uploads\/2022\/11\/screenshot_1679644965-300x152.png 300w, \/wp-content\/uploads\/2022\/11\/screenshot_1679644965-768x390.png 768w, \/wp-content\/uploads\/2022\/11\/screenshot_1679644965-18x9.png 18w, \/wp-content\/uploads\/2022\/11\/screenshot_1679644965-600x304.png 600w, \/wp-content\/uploads\/2022\/11\/screenshot_1679644965.png 1080w\" data-sizes=\"(max-width: 600px) 100vw, 600px\" src=\"data:image\/svg+xml;base64,PHN2ZyB3aWR0aD0iMSIgaGVpZ2h0PSIxIiB4bWxucz0iaHR0cDovL3d3dy53My5vcmcvMjAwMC9zdmciPjwvc3ZnPg==\" style=\"--smush-placeholder-width: 600px; --smush-placeholder-aspect-ratio: 600\/304;\" \/><\/a><\/p>\n<h2><strong><span style=\"color: #000080;\">II\/ \u1ee8ng d\u1ee5ng Highbay Ginoled Ho G2 Osram<\/span><\/strong><\/h2>\n<p><span style=\"font-weight: 400;\">\u0110\u00e8n Ginoled Ho G2 \u0111\u01b0\u1ee3c thi\u1ebft k\u1ebf theo ti\u00eau chu\u1ea9n IP 65, IK08 s\u1ea3n ph\u1ea9m ph\u1ee5c v\u1ee5 cho nhu c\u1ea7u:\u00a0<\/span><\/p>\n<ul>\n<li style=\"font-weight: 400;\" aria-level=\"1\"><span style=\"font-weight: 400;\">Chi\u1ebfu s\u00e1ng nh\u00e0 kho<\/span><\/li>\n<li style=\"font-weight: 400;\" aria-level=\"1\"><span style=\"font-weight: 400;\">Chi\u1ebfu s\u00e1ng nh\u00e0 x\u01b0\u1edfng<\/span><\/li>\n<li style=\"font-weight: 400;\" aria-level=\"1\"><span style=\"font-weight: 400;\">Chi\u1ebfu s\u00e1ng s\u00e2n bay<\/span><\/li>\n<li style=\"font-weight: 400;\" aria-level=\"1\"><span style=\"font-weight: 400;\">Chi\u1ebfu s\u00e1ng nh\u00e0 ga, s\u00e2n v\u1eadn \u0111\u1ed9ng.<\/span><\/li>\n<\/ul>\n<p><a href=\"https:\/\/aslighting.com.vn\/wp-content\/uploads\/2022\/11\/den-highbay.jpg\"><img decoding=\"async\" class=\"aligncenter wp-image-3859 size-full lazyload\" data-src=\"https:\/\/aslighting.com.vn\/wp-content\/uploads\/2022\/11\/den-highbay.jpg\" alt=\"\" width=\"600\" height=\"399\" data-srcset=\"\/wp-content\/uploads\/2022\/11\/den-highbay.jpg 600w, \/wp-content\/uploads\/2022\/11\/den-highbay-300x200.jpg 300w, \/wp-content\/uploads\/2022\/11\/den-highbay-18x12.jpg 18w\" data-sizes=\"(max-width: 600px) 100vw, 600px\" src=\"data:image\/svg+xml;base64,PHN2ZyB3aWR0aD0iMSIgaGVpZ2h0PSIxIiB4bWxucz0iaHR0cDovL3d3dy53My5vcmcvMjAwMC9zdmciPjwvc3ZnPg==\" style=\"--smush-placeholder-width: 600px; --smush-placeholder-aspect-ratio: 600\/399;\" \/><\/a><\/p>\n<p>&nbsp;<\/p>\n<p style=\"text-align: center;\"><a href=\"https:\/\/drive.google.com\/file\/d\/1XKoTiG-FElBb2B9b1UtDwhRYU1XOhnfD\/view?usp=sharing\"><img decoding=\"async\" class=\"alignnone size-medium wp-image-4530 lazyload\" data-src=\"https:\/\/aslighting.com.vn\/wp-content\/uploads\/2022\/11\/button_tai-catalogue-tai-day-1-300x49.png\" alt=\"\" width=\"300\" height=\"49\" data-srcset=\"\/wp-content\/uploads\/2022\/11\/button_tai-catalogue-tai-day-1-300x49.png 300w, \/wp-content\/uploads\/2022\/11\/button_tai-catalogue-tai-day-1-18x3.png 18w, \/wp-content\/uploads\/2022\/11\/button_tai-catalogue-tai-day-1.png 407w\" data-sizes=\"(max-width: 300px) 100vw, 300px\" src=\"data:image\/svg+xml;base64,PHN2ZyB3aWR0aD0iMSIgaGVpZ2h0PSIxIiB4bWxucz0iaHR0cDovL3d3dy53My5vcmcvMjAwMC9zdmciPjwvc3ZnPg==\" style=\"--smush-placeholder-width: 300px; --smush-placeholder-aspect-ratio: 300\/49;\" \/><\/a><\/p>\n","protected":false},"excerpt":{"rendered":"<p><strong>C\u00f4ng su\u1ea5t:<\/strong> 80W, 120W, 150W, 180W<\/p>\n<p><strong>Nhi\u1ec7t \u0111\u1ed9 m\u00e0u:<\/strong> 4000K, 6500K<\/p>\n<p><strong>\u0110i\u1ec7n \u00e1p:<\/strong> 220-240V<\/p>\n<p><strong>Hi\u1ec7u su\u1ea5t ph\u00e1t quang:<\/strong> 165lm\/W<\/p>\n<p><strong>G\u00f3c chi\u1ebfu:<\/strong> 60<sup>o<\/sup>x60<sup>o<\/sup>\u00a0&#8211; 90<sup>o<\/sup>x90<sup>o<\/sup><\/p>\n<p><strong>K\u00edch th\u01b0\u1edbc:<\/strong> \u00d8 296mm x H 204mm, \u00d8 339mm x H 233mm<\/p>\n<p><strong>IP: <\/strong>65<\/p>\n<p><strong>CRI:\u00a0<\/strong>&gt;80<\/p>\n<p><strong>Tu\u1ed5i th\u1ecd:<\/strong> 50.000 gi\u1edd<\/p>\n<p><strong>B\u1ea3o h\u00e0nh:\u00a0<\/strong>24 th\u00e1ng<\/p>\n","protected":false},"featured_media":3594,"comment_status":"open","ping_status":"closed","template":"","meta":[],"product_brand":[],"product_cat":[78,120,49],"product_tag":[374],"class_list":{"0":"post-1561","1":"product","2":"type-product","3":"status-publish","4":"has-post-thumbnail","6":"product_cat-den-led-high-bay","7":"product_cat-den-led-highbay-ginoled-ho-g2-osram","8":"product_cat-osram","9":"product_tag-bong-den","11":"first","12":"instock","13":"shipping-taxable","14":"product-type-simple"},"yoast_head":"<!-- This site is optimized with the Yoast SEO Premium plugin v22.0 (Yoast SEO v22.5) - https:\/\/yoast.com\/wordpress\/plugins\/seo\/ -->\n<title>\u0110\u00e8n Led Highbay Ginoled Ho G2 Osram ch\u00ednh h\u00e3ng gi\u00e1 t\u1ed1t<\/title>\n<meta name=\"description\" content=\"\u0110\u00e8n Led Highbay Ginoled Ho G2 Osram \u0111\u01b0\u1ee3c c\u00f4ng ty c\u1ed5 ph\u1ea7n thi\u1ebft b\u1ecb chi\u1ebfu s\u00e1ng \u00c1nh Sao cung c\u1ea5p t\u1edbi kh\u00e1ch h\u00e0ng: m\u00e3 ean, th\u00f4ng s\u1ed1 k\u1ef9 thu\u1eadt, \u0111\u1ed9 r\u1ecdi...\" \/>\n<meta name=\"robots\" content=\"index, follow, max-snippet:-1, max-image-preview:large, max-video-preview:-1\" \/>\n<link rel=\"canonical\" href=\"https:\/\/aslighting.com.vn\/vi\/san-pham\/den-led-highbay-ginoled-ho-g2-osram\/\" \/>\n<meta property=\"og:locale\" content=\"vi_VN\" \/>\n<meta property=\"og:type\" content=\"article\" \/>\n<meta property=\"og:title\" content=\"\u0110\u00c8N LED HIGHBAY GINOLED HO G2 OSRAM\" \/>\n<meta property=\"og:description\" content=\"\u0110\u00e8n Led Highbay Ginoled Ho G2 Osram \u0111\u01b0\u1ee3c c\u00f4ng ty c\u1ed5 ph\u1ea7n thi\u1ebft b\u1ecb chi\u1ebfu s\u00e1ng \u00c1nh Sao cung c\u1ea5p t\u1edbi kh\u00e1ch h\u00e0ng: m\u00e3 ean, th\u00f4ng s\u1ed1 k\u1ef9 thu\u1eadt, \u0111\u1ed9 r\u1ecdi...\" \/>\n<meta property=\"og:url\" content=\"https:\/\/aslighting.com.vn\/vi\/san-pham\/den-led-highbay-ginoled-ho-g2-osram\/\" \/>\n<meta property=\"og:site_name\" content=\"C\u00f4ng Ty C\u1ed5 Ph\u1ea7n Gi\u1ea3i Ph\u00e1p Chi\u1ebfu S\u00e1ng To\u00e0n Di\u1ec7n \u00c1nh Sao\" \/>\n<meta property=\"article:modified_time\" content=\"2023-06-24T03:50:05+00:00\" \/>\n<meta property=\"og:image\" content=\"https:\/\/aslighting.com.vn\/wp-content\/uploads\/2022\/11\/20210826100246_1-104.png\" \/>\n\t<meta property=\"og:image:width\" content=\"900\" \/>\n\t<meta property=\"og:image:height\" content=\"780\" \/>\n\t<meta property=\"og:image:type\" content=\"image\/png\" \/>\n<meta name=\"twitter:card\" content=\"summary_large_image\" \/>\n<meta name=\"twitter:label1\" content=\"\u01af\u1edbc t\u00ednh th\u1eddi gian \u0111\u1ecdc\" \/>\n\t<meta name=\"twitter:data1\" content=\"4 ph\u00fat\" \/>\n<script type=\"application\/ld+json\" class=\"yoast-schema-graph\">{\"@context\":\"https:\/\/schema.org\",\"@graph\":[{\"@type\":\"WebPage\",\"@id\":\"https:\/\/aslighting.com.vn\/san-pham\/den-led-highbay-ginoled-ho-g2-osram\/\",\"url\":\"https:\/\/aslighting.com.vn\/san-pham\/den-led-highbay-ginoled-ho-g2-osram\/\",\"name\":\"\u0110\u00e8n Led Highbay Ginoled Ho G2 Osram ch\u00ednh h\u00e3ng gi\u00e1 t\u1ed1t\",\"isPartOf\":{\"@id\":\"https:\/\/aslighting.com.vn\/#website\"},\"primaryImageOfPage\":{\"@id\":\"https:\/\/aslighting.com.vn\/san-pham\/den-led-highbay-ginoled-ho-g2-osram\/#primaryimage\"},\"image\":{\"@id\":\"https:\/\/aslighting.com.vn\/san-pham\/den-led-highbay-ginoled-ho-g2-osram\/#primaryimage\"},\"thumbnailUrl\":\"\/wp-content\/uploads\/2022\/11\/20210826100246_1-104.png\",\"datePublished\":\"2022-11-25T07:44:05+00:00\",\"dateModified\":\"2023-06-24T03:50:05+00:00\",\"description\":\"\u0110\u00e8n Led Highbay Ginoled Ho G2 Osram \u0111\u01b0\u1ee3c c\u00f4ng ty c\u1ed5 ph\u1ea7n thi\u1ebft b\u1ecb chi\u1ebfu s\u00e1ng \u00c1nh Sao cung c\u1ea5p t\u1edbi kh\u00e1ch h\u00e0ng: m\u00e3 ean, th\u00f4ng s\u1ed1 k\u1ef9 thu\u1eadt, \u0111\u1ed9 r\u1ecdi...\",\"breadcrumb\":{\"@id\":\"https:\/\/aslighting.com.vn\/san-pham\/den-led-highbay-ginoled-ho-g2-osram\/#breadcrumb\"},\"inLanguage\":\"vi\",\"potentialAction\":[{\"@type\":\"ReadAction\",\"target\":[\"https:\/\/aslighting.com.vn\/san-pham\/den-led-highbay-ginoled-ho-g2-osram\/\"]}]},{\"@type\":\"ImageObject\",\"inLanguage\":\"vi\",\"@id\":\"https:\/\/aslighting.com.vn\/san-pham\/den-led-highbay-ginoled-ho-g2-osram\/#primaryimage\",\"url\":\"\/wp-content\/uploads\/2022\/11\/20210826100246_1-104.png\",\"contentUrl\":\"\/wp-content\/uploads\/2022\/11\/20210826100246_1-104.png\",\"width\":900,\"height\":780},{\"@type\":\"BreadcrumbList\",\"@id\":\"https:\/\/aslighting.com.vn\/san-pham\/den-led-highbay-ginoled-ho-g2-osram\/#breadcrumb\",\"itemListElement\":[{\"@type\":\"ListItem\",\"position\":1,\"name\":\"Trang ch\u1ee7\",\"item\":\"https:\/\/aslighting.com.vn\/vi\/\"},{\"@type\":\"ListItem\",\"position\":2,\"name\":\"S\u1ea3n ph\u1ea9m\",\"item\":\"https:\/\/aslighting.com.vn\/en\/san-pham\/\"},{\"@type\":\"ListItem\",\"position\":3,\"name\":\"\u0110\u00c8N LED HIGHBAY GINOLED HO G2 OSRAM\"}]},{\"@type\":\"WebSite\",\"@id\":\"https:\/\/aslighting.com.vn\/#website\",\"url\":\"https:\/\/aslighting.com.vn\/\",\"name\":\"C\u00f4ng Ty C\u1ed5 Ph\u1ea7n Gi\u1ea3i Ph\u00e1p Chi\u1ebfu S\u00e1ng To\u00e0n Di\u1ec7n \u00c1nh Sao\",\"description\":\"\",\"publisher\":{\"@id\":\"https:\/\/aslighting.com.vn\/#organization\"},\"potentialAction\":[{\"@type\":\"SearchAction\",\"target\":{\"@type\":\"EntryPoint\",\"urlTemplate\":\"https:\/\/aslighting.com.vn\/?s={search_term_string}\"},\"query-input\":\"required name=search_term_string\"}],\"inLanguage\":\"vi\"},{\"@type\":\"Organization\",\"@id\":\"https:\/\/aslighting.com.vn\/#organization\",\"name\":\"C\u00f4ng Ty C\u1ed5 Ph\u1ea7n Gi\u1ea3i Ph\u00e1p Chi\u1ebfu S\u00e1ng To\u00e0n Di\u1ec7n \u00c1nh Sao\",\"url\":\"https:\/\/aslighting.com.vn\/\",\"logo\":{\"@type\":\"ImageObject\",\"inLanguage\":\"vi\",\"@id\":\"https:\/\/aslighting.com.vn\/#\/schema\/logo\/image\/\",\"url\":\"\/wp-content\/uploads\/2022\/10\/logo-ANHSAO.png\",\"contentUrl\":\"\/wp-content\/uploads\/2022\/10\/logo-ANHSAO.png\",\"width\":1091,\"height\":360,\"caption\":\"C\u00f4ng Ty C\u1ed5 Ph\u1ea7n Gi\u1ea3i Ph\u00e1p Chi\u1ebfu S\u00e1ng To\u00e0n Di\u1ec7n \u00c1nh Sao\"},\"image\":{\"@id\":\"https:\/\/aslighting.com.vn\/#\/schema\/logo\/image\/\"}}]}<\/script>\n<!-- \/ Yoast SEO Premium plugin. -->","yoast_head_json":{"title":"\u0110\u00e8n Led Highbay Ginoled Ho G2 Osram ch\u00ednh h\u00e3ng gi\u00e1 t\u1ed1t","description":"\u0110\u00e8n Led Highbay Ginoled Ho G2 Osram \u0111\u01b0\u1ee3c c\u00f4ng ty c\u1ed5 ph\u1ea7n thi\u1ebft b\u1ecb chi\u1ebfu s\u00e1ng \u00c1nh Sao cung c\u1ea5p t\u1edbi kh\u00e1ch h\u00e0ng: m\u00e3 ean, th\u00f4ng s\u1ed1 k\u1ef9 thu\u1eadt, \u0111\u1ed9 r\u1ecdi...","robots":{"index":"index","follow":"follow","max-snippet":"max-snippet:-1","max-image-preview":"max-image-preview:large","max-video-preview":"max-video-preview:-1"},"canonical":"https:\/\/aslighting.com.vn\/vi\/san-pham\/den-led-highbay-ginoled-ho-g2-osram\/","og_locale":"vi_VN","og_type":"article","og_title":"\u0110\u00c8N LED HIGHBAY GINOLED HO G2 OSRAM","og_description":"\u0110\u00e8n Led Highbay Ginoled Ho G2 Osram \u0111\u01b0\u1ee3c c\u00f4ng ty c\u1ed5 ph\u1ea7n thi\u1ebft b\u1ecb chi\u1ebfu s\u00e1ng \u00c1nh Sao cung c\u1ea5p t\u1edbi kh\u00e1ch h\u00e0ng: m\u00e3 ean, th\u00f4ng s\u1ed1 k\u1ef9 thu\u1eadt, \u0111\u1ed9 r\u1ecdi...","og_url":"https:\/\/aslighting.com.vn\/vi\/san-pham\/den-led-highbay-ginoled-ho-g2-osram\/","og_site_name":"C\u00f4ng Ty C\u1ed5 Ph\u1ea7n Gi\u1ea3i Ph\u00e1p Chi\u1ebfu S\u00e1ng To\u00e0n Di\u1ec7n \u00c1nh Sao","article_modified_time":"2023-06-24T03:50:05+00:00","og_image":[{"width":900,"height":780,"url":"https:\/\/aslighting.com.vn\/wp-content\/uploads\/2022\/11\/20210826100246_1-104.png","type":"image\/png"}],"twitter_card":"summary_large_image","twitter_misc":{"\u01af\u1edbc t\u00ednh th\u1eddi gian \u0111\u1ecdc":"4 ph\u00fat"},"schema":{"@context":"https:\/\/schema.org","@graph":[{"@type":"WebPage","@id":"https:\/\/aslighting.com.vn\/san-pham\/den-led-highbay-ginoled-ho-g2-osram\/","url":"https:\/\/aslighting.com.vn\/san-pham\/den-led-highbay-ginoled-ho-g2-osram\/","name":"\u0110\u00e8n Led Highbay Ginoled Ho G2 Osram ch\u00ednh h\u00e3ng gi\u00e1 t\u1ed1t","isPartOf":{"@id":"https:\/\/aslighting.com.vn\/#website"},"primaryImageOfPage":{"@id":"https:\/\/aslighting.com.vn\/san-pham\/den-led-highbay-ginoled-ho-g2-osram\/#primaryimage"},"image":{"@id":"https:\/\/aslighting.com.vn\/san-pham\/den-led-highbay-ginoled-ho-g2-osram\/#primaryimage"},"thumbnailUrl":"\/wp-content\/uploads\/2022\/11\/20210826100246_1-104.png","datePublished":"2022-11-25T07:44:05+00:00","dateModified":"2023-06-24T03:50:05+00:00","description":"\u0110\u00e8n Led Highbay Ginoled Ho G2 Osram \u0111\u01b0\u1ee3c c\u00f4ng ty c\u1ed5 ph\u1ea7n thi\u1ebft b\u1ecb chi\u1ebfu s\u00e1ng \u00c1nh Sao cung c\u1ea5p t\u1edbi kh\u00e1ch h\u00e0ng: m\u00e3 ean, th\u00f4ng s\u1ed1 k\u1ef9 thu\u1eadt, \u0111\u1ed9 r\u1ecdi...","breadcrumb":{"@id":"https:\/\/aslighting.com.vn\/san-pham\/den-led-highbay-ginoled-ho-g2-osram\/#breadcrumb"},"inLanguage":"vi","potentialAction":[{"@type":"ReadAction","target":["https:\/\/aslighting.com.vn\/san-pham\/den-led-highbay-ginoled-ho-g2-osram\/"]}]},{"@type":"ImageObject","inLanguage":"vi","@id":"https:\/\/aslighting.com.vn\/san-pham\/den-led-highbay-ginoled-ho-g2-osram\/#primaryimage","url":"\/wp-content\/uploads\/2022\/11\/20210826100246_1-104.png","contentUrl":"\/wp-content\/uploads\/2022\/11\/20210826100246_1-104.png","width":900,"height":780},{"@type":"BreadcrumbList","@id":"https:\/\/aslighting.com.vn\/san-pham\/den-led-highbay-ginoled-ho-g2-osram\/#breadcrumb","itemListElement":[{"@type":"ListItem","position":1,"name":"Trang ch\u1ee7","item":"https:\/\/aslighting.com.vn\/vi\/"},{"@type":"ListItem","position":2,"name":"S\u1ea3n ph\u1ea9m","item":"https:\/\/aslighting.com.vn\/en\/san-pham\/"},{"@type":"ListItem","position":3,"name":"\u0110\u00c8N LED HIGHBAY GINOLED HO G2 OSRAM"}]},{"@type":"WebSite","@id":"https:\/\/aslighting.com.vn\/#website","url":"https:\/\/aslighting.com.vn\/","name":"C\u00f4ng Ty C\u1ed5 Ph\u1ea7n Gi\u1ea3i Ph\u00e1p Chi\u1ebfu S\u00e1ng To\u00e0n Di\u1ec7n \u00c1nh Sao","description":"","publisher":{"@id":"https:\/\/aslighting.com.vn\/#organization"},"potentialAction":[{"@type":"SearchAction","target":{"@type":"EntryPoint","urlTemplate":"https:\/\/aslighting.com.vn\/?s={search_term_string}"},"query-input":"required name=search_term_string"}],"inLanguage":"vi"},{"@type":"Organization","@id":"https:\/\/aslighting.com.vn\/#organization","name":"C\u00f4ng Ty C\u1ed5 Ph\u1ea7n Gi\u1ea3i Ph\u00e1p Chi\u1ebfu S\u00e1ng To\u00e0n Di\u1ec7n \u00c1nh Sao","url":"https:\/\/aslighting.com.vn\/","logo":{"@type":"ImageObject","inLanguage":"vi","@id":"https:\/\/aslighting.com.vn\/#\/schema\/logo\/image\/","url":"\/wp-content\/uploads\/2022\/10\/logo-ANHSAO.png","contentUrl":"\/wp-content\/uploads\/2022\/10\/logo-ANHSAO.png","width":1091,"height":360,"caption":"C\u00f4ng Ty C\u1ed5 Ph\u1ea7n Gi\u1ea3i Ph\u00e1p Chi\u1ebfu S\u00e1ng To\u00e0n Di\u1ec7n \u00c1nh Sao"},"image":{"@id":"https:\/\/aslighting.com.vn\/#\/schema\/logo\/image\/"}}]}},"_links":{"self":[{"href":"https:\/\/aslighting.com.vn\/vi\/wp-json\/wp\/v2\/product\/1561","targetHints":{"allow":["GET"]}}],"collection":[{"href":"https:\/\/aslighting.com.vn\/vi\/wp-json\/wp\/v2\/product"}],"about":[{"href":"https:\/\/aslighting.com.vn\/vi\/wp-json\/wp\/v2\/types\/product"}],"replies":[{"embeddable":true,"href":"https:\/\/aslighting.com.vn\/vi\/wp-json\/wp\/v2\/comments?post=1561"}],"wp:featuredmedia":[{"embeddable":true,"href":"https:\/\/aslighting.com.vn\/vi\/wp-json\/wp\/v2\/media\/3594"}],"wp:attachment":[{"href":"https:\/\/aslighting.com.vn\/vi\/wp-json\/wp\/v2\/media?parent=1561"}],"wp:term":[{"taxonomy":"product_brand","embeddable":true,"href":"https:\/\/aslighting.com.vn\/vi\/wp-json\/wp\/v2\/product_brand?post=1561"},{"taxonomy":"product_cat","embeddable":true,"href":"https:\/\/aslighting.com.vn\/vi\/wp-json\/wp\/v2\/product_cat?post=1561"},{"taxonomy":"product_tag","embeddable":true,"href":"https:\/\/aslighting.com.vn\/vi\/wp-json\/wp\/v2\/product_tag?post=1561"}],"curies":[{"name":"wp","href":"https:\/\/api.w.org\/{rel}","templated":true}]}}