{"id":1583,"date":"2022-11-25T15:35:59","date_gmt":"2022-11-25T08:35:59","guid":{"rendered":"https:\/\/aslighting.com.vn\/?post_type=product&#038;p=1583"},"modified":"2023-05-27T15:36:39","modified_gmt":"2023-05-27T08:36:39","slug":"den-led-day-ginoled-flex-diffuse-side-g1-osram","status":"publish","type":"product","link":"https:\/\/aslighting.com.vn\/vi\/san-pham\/den-led-day-ginoled-flex-diffuse-side-g1-osram\/","title":{"rendered":"\u0110\u00c8N LED D\u00c2Y GINOLED FLEX DIFFUSE SIDE G1 OSRAM"},"content":{"rendered":"<p><span style=\"font-weight: 400;\">\u0110\u00e8n L<\/span><span style=\"font-weight: 400;\">ed d\u00e2y <strong>Gino Led Flex Diffuse Side G1<\/strong> l\u00e0 d\u00f2ng s\u1ea3n ph\u1ea9m led d\u00e2y c\u1ea3i ti\u1ebfn nh\u1ea5t c\u1ee7a h\u00e3ng Osram. H\u00e3y c\u00f9ng Aslighting t\u00ecm hi\u1ec3u s\u1ea3n ph\u1ea9m n\u00e0y trong b\u00e0i vi\u1ebft sau \u0111\u00e2y.<\/span><\/p>\n<p><a href=\"https:\/\/aslighting.com.vn\/wp-content\/uploads\/2022\/11\/20210827102351_gfds-g13.png\"><img fetchpriority=\"high\" decoding=\"async\" class=\"aligncenter wp-image-4051\" src=\"https:\/\/aslighting.com.vn\/wp-content\/uploads\/2022\/11\/20210827102351_gfds-g13.png\" alt=\"\" width=\"500\" height=\"500\" srcset=\"\/wp-content\/uploads\/2022\/11\/20210827102351_gfds-g13.png 911w, \/wp-content\/uploads\/2022\/11\/20210827102351_gfds-g13-300x300.png 300w, \/wp-content\/uploads\/2022\/11\/20210827102351_gfds-g13-150x150.png 150w, \/wp-content\/uploads\/2022\/11\/20210827102351_gfds-g13-768x768.png 768w, \/wp-content\/uploads\/2022\/11\/20210827102351_gfds-g13-12x12.png 12w, \/wp-content\/uploads\/2022\/11\/20210827102351_gfds-g13-600x600.png 600w, \/wp-content\/uploads\/2022\/11\/20210827102351_gfds-g13-100x100.png 100w\" sizes=\"(max-width: 500px) 100vw, 500px\" \/><\/a><\/p>\n<p style=\"text-align: center;\"><span style=\"font-size: 10pt;\"><em>\u0110\u00e8n<span style=\"font-weight: 400;\">\u00a0L<\/span><span style=\"font-weight: 400;\">ed d\u00e2y Gino Led Flex Diffuse Side G1<\/span> \u0111\u01b0\u1ee3c s\u1ea3n xu\u1ea5t b\u1edfi h\u00e3ng Osram<\/em><\/span><\/p>\n<h2><span style=\"font-weight: 400; color: #000080;\"><strong>I\/ \u0110\u1eb7c \u0111i\u1ec3m c\u1ee7a \u0111\u00e8n Led d\u00e2y Gino Led Flex Diffuse G1<\/strong> <\/span><\/h2>\n<p><span style=\"font-weight: 400;\">D\u00f2ng s\u1ea3n ph\u1ea9m \u0111\u00e8n Led d\u00e2y Gino Led G1 l\u00e0 d\u00f2ng s\u1ea3n ph\u1ea9m t\u1ed1t nh\u1ea5t trong d\u00f2ng led d\u00e2y t\u1edbi th\u1eddi \u0111i\u1ec3m hi\u1ec7n t\u1ea1i.\u00a0<\/span><\/p>\n<h3><span style=\"color: #ff6600;\"><strong>1. Thi\u1ebft k\u1ebf<\/strong><\/span><\/h3>\n<ul>\n<li><span style=\"font-weight: 400;\">Thi\u1ebft k\u1ebf m\u1ecfng, tinh t\u1ebf ph\u00f9 h\u1ee3p v\u1edbi c\u00e1c \u1ee9ng d\u1ee5ng khi s\u1eed d\u1ee5ng s\u1ea3n ph\u1ea9m.\u00a0<\/span><\/li>\n<li><span style=\"font-weight: 400;\">Nhi\u1ec7t \u0111\u1ed9 m\u00e0u t\u1eeb 2700K \u0111\u1ebfn 5700K CCT c\u00f3 th\u1ec3 \u0111i\u1ec1u ch\u1ec9nh tu\u1ef3 thu\u1ed9c v\u00e0o nhu c\u1ea7u c\u1ee7a kh\u00e1ch h\u00e0ng.\u00a0<\/span><\/li>\n<li><span style=\"font-weight: 400;\">Led d\u00e2y Gino Led Flex Diffuse Side G1 s\u1edf h\u1eefu phi\u00ean b\u1ea3n khu\u1ebfch t\u00e1n, ph\u00e1t s\u00e1ng ph\u00eda tr\u00ean, \u0111\u1ed9 \u0111\u1ed3ng \u0111\u1ec1u \u00e1nh s\u00e1ng cao, kh\u00f4ng c\u00f3 \u0111\u1ed1m ho\u1eb7c v\u00f9ng t\u1ed1i.<\/span><\/li>\n<li><span style=\"font-weight: 400;\">\u0110i\u1ec1u ch\u1ec9nh \u0111\u1ed9 s\u00e1ng v\u1edbi c\u00f4ng ngh\u1ec7 PWM ti\u1ebfn ti\u1ebfn h\u00e0ng \u0111\u1ea7u th\u1ebf gi\u1edbi.<\/span><\/li>\n<\/ul>\n<h3><span style=\"color: #ff6600;\"><strong>2. \u01afu \u0111i\u1ec3m n\u1ed5i b\u1eadt<\/strong><\/span><\/h3>\n<ul>\n<li><span style=\"font-weight: 400;\">S\u1ea3n ph\u1ea9m \u0111\u01b0\u1ee3c b\u1ea3o v\u1ec7 b\u1edfi ti\u00eau chu\u1ea9n IP67 ch\u1ed1ng n\u01b0\u1edbc cho \u1ee9ng d\u1ee5ng ngo\u00e0i tr\u1eddi.<\/span><\/li>\n<li><span style=\"font-weight: 400;\">Tu\u1ed5i th\u1ecd c\u1ee7a \u0111\u00e8n l\u00ean t\u1edbi 50.000 gi\u1edd s\u1eed d\u1ee5ng.\u00a0<\/span><\/li>\n<li><span style=\"font-weight: 400;\">G\u00f3c chi\u1ebfu l\u00ean t\u1edbi 110 \u0111\u1ed9, chi\u1ebfu s\u00e1ng kh\u00f4ng gian r\u1ed9ng, \u0111\u1ea1t hi\u1ec7u qu\u1ea3 cao trong chi\u1ebfu s\u00e1ng.\u00a0<\/span><\/li>\n<li><span style=\"font-weight: 400;\">\u0110\u1ed9 d\u00e0i c\u1ee7a led d\u00e2y Gino Led Flex Diffuse Side G1 c\u00f3 th\u1ec3 t\u00f9y ch\u1ecdn ph\u1ee5 thu\u1ed9c v\u00e0o y\u00eau c\u1ea7u c\u1ee7a ng\u01b0\u1eddi s\u1eed d\u1ee5ng.\u00a0<\/span><\/li>\n<\/ul>\n<h3><span style=\"color: #ff6600;\"><strong>3. Th\u00f4ng s\u1ed1 k\u1ef9 thu\u1eadt<\/strong><\/span><\/h3>\n<table style=\"width: 99.7166%;\" width=\"470\">\n<tbody>\n<tr>\n<td style=\"width: 30.9667%; text-align: center;\"><strong>Led d\u00e2y<\/strong><\/td>\n<td style=\"width: 34.9761%; text-align: center;\"><strong>C\u00f4ng su\u1ea5t (W\/m)<\/strong><\/td>\n<td style=\"width: 47.3976%; text-align: center;\"><strong>Quang th\u00f4ng<\/strong><\/td>\n<\/tr>\n<tr>\n<td style=\"width: 30.9667%; text-align: center;\">GFDS400-G1<\/td>\n<td style=\"width: 34.9761%; text-align: center;\">6W\/m<\/td>\n<td style=\"width: 47.3976%; text-align: center;\">400lm\/m<\/td>\n<\/tr>\n<tr>\n<td style=\"width: 30.9667%; text-align: center;\">GFDS600-G1<\/td>\n<td style=\"width: 34.9761%; text-align: center;\">9W\/m<\/td>\n<td style=\"width: 47.3976%; text-align: center;\">600lm\/m<\/td>\n<\/tr>\n<\/tbody>\n<\/table>\n<h3><strong><span style=\"color: #ff6600;\">4. B\u1ea3n v\u1ebd s\u1ea3n ph\u1ea9m<\/span><\/strong><\/h3>\n<p><a href=\"https:\/\/aslighting.com.vn\/wp-content\/uploads\/2022\/11\/screenshot_1682393625.png\"><img decoding=\"async\" class=\"aligncenter wp-image-4052 lazyload\" data-src=\"https:\/\/aslighting.com.vn\/wp-content\/uploads\/2022\/11\/screenshot_1682393625.png\" alt=\"\" width=\"600\" height=\"327\" data-srcset=\"\/wp-content\/uploads\/2022\/11\/screenshot_1682393625.png 1304w, \/wp-content\/uploads\/2022\/11\/screenshot_1682393625-300x163.png 300w, \/wp-content\/uploads\/2022\/11\/screenshot_1682393625-1024x558.png 1024w, \/wp-content\/uploads\/2022\/11\/screenshot_1682393625-768x418.png 768w, \/wp-content\/uploads\/2022\/11\/screenshot_1682393625-18x10.png 18w, \/wp-content\/uploads\/2022\/11\/screenshot_1682393625-600x327.png 600w\" data-sizes=\"(max-width: 600px) 100vw, 600px\" src=\"data:image\/svg+xml;base64,PHN2ZyB3aWR0aD0iMSIgaGVpZ2h0PSIxIiB4bWxucz0iaHR0cDovL3d3dy53My5vcmcvMjAwMC9zdmciPjwvc3ZnPg==\" style=\"--smush-placeholder-width: 600px; --smush-placeholder-aspect-ratio: 600\/327;\" \/><\/a><\/p>\n<h2><span style=\"color: #000080;\"><strong>II\/ \u1ee8ng d\u1ee5ng c\u1ee7a \u0111\u00e8n Led d\u00e2y Gino Led Flex Diffuse G1<\/strong><\/span><\/h2>\n<p><span style=\"font-weight: 400;\">D\u00f2ng s\u1ea3n ph\u1ea9m led \u0111\u00e2y Gino G1 v\u1edbi nhi\u1ec1u \u01b0u \u0111i\u1ec3m n\u1ed5i b\u1eadt \u0111\u01b0\u1ee3c \u1ee9ng d\u1ee5ng cho nhi\u1ec1u kh\u00f4ng gian kh\u00e1c nhau.\u00a0 S\u1ea3n ph\u1ea9m \u0111\u01b0\u1ee3c \u1ee9ng d\u1ee5ng chi\u1ebfu s\u00e1ng v\u1eadt th\u1ec3, chi\u1ebfu s\u00e1ng t\u1ee7 ch\u1ee9a \u0111\u1ed3 v\u1eadt, chi\u1ebfu s\u00e1ng kh\u00f4ng gian t\u1ea1o \u0111i\u1ec3m nh\u1ea5n\u2026<\/span><\/p>\n<p style=\"text-align: center;\"><a href=\"https:\/\/aslighting.com.vn\/wp-content\/uploads\/2022\/11\/1649008264153.png\"><img decoding=\"async\" class=\"aligncenter wp-image-4053 lazyload\" data-src=\"https:\/\/aslighting.com.vn\/wp-content\/uploads\/2022\/11\/1649008264153.png\" alt=\"\" width=\"600\" height=\"400\" data-srcset=\"\/wp-content\/uploads\/2022\/11\/1649008264153.png 1000w, \/wp-content\/uploads\/2022\/11\/1649008264153-300x200.png 300w, \/wp-content\/uploads\/2022\/11\/1649008264153-1024x683.png 1024w, \/wp-content\/uploads\/2022\/11\/1649008264153-768x512.png 768w, \/wp-content\/uploads\/2022\/11\/1649008264153-1536x1024.png 1536w, \/wp-content\/uploads\/2022\/11\/1649008264153-18x12.png 18w, \/wp-content\/uploads\/2022\/11\/1649008264153-600x400.png 600w\" data-sizes=\"(max-width: 600px) 100vw, 600px\" src=\"data:image\/svg+xml;base64,PHN2ZyB3aWR0aD0iMSIgaGVpZ2h0PSIxIiB4bWxucz0iaHR0cDovL3d3dy53My5vcmcvMjAwMC9zdmciPjwvc3ZnPg==\" style=\"--smush-placeholder-width: 600px; --smush-placeholder-aspect-ratio: 600\/400;\" \/><\/a><\/p>\n<h2><span style=\"color: #000080;\"><strong>III\/ M\u00e3 EAN<\/strong><\/span><\/h2>\n<table width=\"680\">\n<tbody>\n<tr>\n<td width=\"117\">Product code<\/td>\n<td width=\"123\">Product description<\/td>\n<td width=\"140\">Packaging unit (Pieces\/Unit)<\/td>\n<td width=\"137\">Dimensions (length x width x height)<\/td>\n<td width=\"99\">Volume<\/td>\n<td width=\"64\">Gross weight<\/td>\n<\/tr>\n<tr>\n<td>4062172207836<\/td>\n<td>GFDS400-G1 827-01<\/td>\n<td>Shipping carton box 20<\/td>\n<td>605 mm x 425 mm x 425 mm<\/td>\n<td>109.28 dm\u00b3<\/td>\n<td>7400.00 g<\/td>\n<\/tr>\n<tr>\n<td>4062172194242<\/td>\n<td>GFDS400-G1 827-05<\/td>\n<td>Shipping carton box 3<\/td>\n<td>475 mm x 360 mm x 145 mm<\/td>\n<td>24.80 dm\u00b3<\/td>\n<td>4530.00 g<\/td>\n<\/tr>\n<tr>\n<td>4062172207850<\/td>\n<td>GFDS400-G1 830-01<\/td>\n<td>Shipping carton box 20<\/td>\n<td>605 mm x 425 mm x 425 mm<\/td>\n<td>109.28 dm\u00b3<\/td>\n<td>7400.00 g<\/td>\n<\/tr>\n<tr>\n<td>4062172194648<\/td>\n<td>GFDS400-G1 830-05<\/td>\n<td>Shipping carton box 3<\/td>\n<td>475 mm x 360 mm x 145 mm<\/td>\n<td>24.80 dm\u00b3<\/td>\n<td>4530.00 g<\/td>\n<\/tr>\n<tr>\n<td>4062172207874<\/td>\n<td>GFDS400-G1 835-01<\/td>\n<td>Shipping carton box 20<\/td>\n<td>605 mm x 425 mm x 425 mm<\/td>\n<td>109.28 dm\u00b3<\/td>\n<td>7400.00 g<\/td>\n<\/tr>\n<tr>\n<td>4062172194709<\/td>\n<td>GFDS400-G1 835-05<\/td>\n<td>Shipping carton box 3<\/td>\n<td>475 mm x 360 mm x 145 mm<\/td>\n<td>24.80 dm\u00b3<\/td>\n<td>4530.00 g<\/td>\n<\/tr>\n<tr>\n<td>4062172207898<\/td>\n<td>GFDS400-G1 840-01<\/td>\n<td>Shipping carton box 20<\/td>\n<td>605 mm x 425 mm x 425 mm<\/td>\n<td>109.28 dm\u00b3<\/td>\n<td>7400.00 g<\/td>\n<\/tr>\n<tr>\n<td>4062172194723<\/td>\n<td>GFDS400-G1 840-05<\/td>\n<td>Shipping carton box 3<\/td>\n<td>475 mm x 360 mm x 145 mm<\/td>\n<td>24.80 dm\u00b3<\/td>\n<td>4530.00 g<\/td>\n<\/tr>\n<tr>\n<td>4062172207911<\/td>\n<td>GFDS400-G1 850-01<\/td>\n<td>Shipping carton box 20<\/td>\n<td>605 mm x 425 mm x 425 mm<\/td>\n<td>109.28 dm\u00b3<\/td>\n<td>7400.00 g<\/td>\n<\/tr>\n<tr>\n<td>4062172194747<\/td>\n<td>GFDS400-G1 850-05<\/td>\n<td>Shipping carton box 3<\/td>\n<td>475 mm x 360 mm x 145 mm<\/td>\n<td>24.80 dm\u00b3<\/td>\n<td>4530.00 g<\/td>\n<\/tr>\n<tr>\n<td>4062172207935<\/td>\n<td>GFDS400-G1 857-01<\/td>\n<td>Shipping carton box 20<\/td>\n<td>605 mm x 425 mm x 425 mm<\/td>\n<td>109.28 dm\u00b3<\/td>\n<td>7400.00 g<\/td>\n<\/tr>\n<tr>\n<td>4062172194761<\/td>\n<td>GFDS400-G1 857-05<\/td>\n<td>Shipping carton box 3<\/td>\n<td>475 mm x 360 mm x 145 mm<\/td>\n<td>24.80 dm\u00b3<\/td>\n<td>4530.00 g<\/td>\n<\/tr>\n<tr>\n<td>4062172207959<\/td>\n<td>GFDS600-G1 827-01<\/td>\n<td>Shipping carton box 20<\/td>\n<td>605 mm x 425 mm x 425 mm<\/td>\n<td>109.28 dm\u00b3<\/td>\n<td>7400.00 g<\/td>\n<\/tr>\n<tr>\n<td>4062172194969<\/td>\n<td>GFDS600-G1 827-05<\/td>\n<td>Shipping carton box 3<\/td>\n<td>475 mm x 360 mm x 145 mm<\/td>\n<td>24.80 dm\u00b3<\/td>\n<td>4530.00 g<\/td>\n<\/tr>\n<tr>\n<td>4062172207973<\/td>\n<td>GFDS600-G1 830-01<\/td>\n<td>Shipping carton box 20<\/td>\n<td>605 mm x 425 mm x 425 mm<\/td>\n<td>109.28 dm\u00b3<\/td>\n<td>7400.00 g<\/td>\n<\/tr>\n<tr>\n<td>4062172194983<\/td>\n<td>GFDS600-G1 830-05<\/td>\n<td>Shipping carton box 3<\/td>\n<td>475 mm x 360 mm x 145 mm<\/td>\n<td>24.80 dm\u00b3<\/td>\n<td>4530.00 g<\/td>\n<\/tr>\n<tr>\n<td>4062172207997<\/td>\n<td>GFDS600-G1 835-01<\/td>\n<td>Shipping carton box 20<\/td>\n<td>605 mm x 425 mm x 425 mm<\/td>\n<td>109.28 dm\u00b3<\/td>\n<td>7400.00 g<\/td>\n<\/tr>\n<tr>\n<td>4062172195003<\/td>\n<td>GFDS600-G1 835-05<\/td>\n<td>Shipping carton box 3<\/td>\n<td>475 mm x 360 mm x 145 mm<\/td>\n<td>24.80 dm\u00b3<\/td>\n<td>4530.00 g<\/td>\n<\/tr>\n<tr>\n<td>4062172208017<\/td>\n<td>GFDS600-G1 840-01<\/td>\n<td>Shipping carton box 20<\/td>\n<td>605 mm x 425 mm x 425 mm<\/td>\n<td>109.28 dm\u00b3<\/td>\n<td>7400.00 g<\/td>\n<\/tr>\n<tr>\n<td>4062172195027<\/td>\n<td>GFDS600-G1 840-05<\/td>\n<td>Shipping carton box 3<\/td>\n<td>475 mm x 360 mm x 145 mm<\/td>\n<td>24.80 dm\u00b3<\/td>\n<td>4530.00 g<\/td>\n<\/tr>\n<tr>\n<td>4062172208031<\/td>\n<td>GFDS600-G1 850-01<\/td>\n<td>Shipping carton box 20<\/td>\n<td>605 mm x 425 mm x 425 mm<\/td>\n<td>109.28 dm\u00b3<\/td>\n<td>7400.00 g<\/td>\n<\/tr>\n<tr>\n<td>4062172195041<\/td>\n<td>GFDS600-G1 850-05<\/td>\n<td>Shipping carton box 3<\/td>\n<td>475 mm x 360 mm x 145 mm<\/td>\n<td>24.80 dm\u00b3<\/td>\n<td>4530.00 g<\/td>\n<\/tr>\n<tr>\n<td>4062172208055<\/td>\n<td>GFDS600-G1 857-01<\/td>\n<td>Shipping carton box 20<\/td>\n<td>605 mm x 425 mm x 425 mm<\/td>\n<td>109.28 dm\u00b3<\/td>\n<td>7400.00 g<\/td>\n<\/tr>\n<tr>\n<td>4062172195096<\/td>\n<td>GFDS600-G1 857-05<\/td>\n<td>Shipping carton box 3<\/td>\n<td>475 mm x 360 mm x 145 mm<\/td>\n<td>24.80 dm\u00b3<\/td>\n<td>4530.00 g<\/td>\n<\/tr>\n<\/tbody>\n<\/table>\n<p style=\"text-align: center;\"><a href=\"https:\/\/drive.google.com\/file\/d\/1C4zmvCfXCyqImpJZvDVbkjTjslxO1gyx\/view?usp=sharing\"><img decoding=\"async\" class=\"alignnone size-medium wp-image-4530 lazyload\" data-src=\"https:\/\/aslighting.com.vn\/wp-content\/uploads\/2022\/11\/button_tai-catalogue-tai-day-1-300x49.png\" alt=\"\" width=\"300\" height=\"49\" data-srcset=\"\/wp-content\/uploads\/2022\/11\/button_tai-catalogue-tai-day-1-300x49.png 300w, \/wp-content\/uploads\/2022\/11\/button_tai-catalogue-tai-day-1-18x3.png 18w, \/wp-content\/uploads\/2022\/11\/button_tai-catalogue-tai-day-1.png 407w\" data-sizes=\"(max-width: 300px) 100vw, 300px\" src=\"data:image\/svg+xml;base64,PHN2ZyB3aWR0aD0iMSIgaGVpZ2h0PSIxIiB4bWxucz0iaHR0cDovL3d3dy53My5vcmcvMjAwMC9zdmciPjwvc3ZnPg==\" style=\"--smush-placeholder-width: 300px; --smush-placeholder-aspect-ratio: 300\/49;\" \/><\/a><\/p>\n","protected":false},"excerpt":{"rendered":"<p><strong>C\u00f4ng su\u1ea5t:<\/strong> 6W\/m, 9W\/m<\/p>\n<p><strong>Nhi\u1ec7t \u0111\u1ed9 m\u00e0u:<\/strong> 2700K, 3000K, 3500K, 4000K, 5000K, 6500K<\/p>\n<p><strong>\u0110i\u1ec7n \u00e1p:<\/strong> 24VDC<\/p>\n<p><b>G\u00f3c chi\u1ebfu: <\/b>110<sup>o<\/sup><\/p>\n<p><strong>IP:\u00a0<\/strong>67<\/p>\n<p><strong>CRI:\u00a0<\/strong>&gt;80<\/p>\n<p><strong>K\u00edch th\u01b0\u1edbc:<\/strong> L5000mm<\/p>\n<p><strong>Tu\u1ed5i th\u1ecd:<\/strong> 50.000 gi\u1edd<\/p>\n<p><strong>B\u1ea3o h\u00e0nh:<\/strong> 24 th\u00e1ng<\/p>\n","protected":false},"featured_media":3552,"comment_status":"open","ping_status":"closed","template":"","meta":[],"product_brand":[],"product_cat":[119,129,49],"product_tag":[],"class_list":{"0":"post-1583","1":"product","2":"type-product","3":"status-publish","4":"has-post-thumbnail","6":"product_cat-den-led-day","7":"product_cat-den-led-day-ginoled-flex-diffuse-side-g1-osram","8":"product_cat-osram","10":"first","11":"instock","12":"shipping-taxable","13":"product-type-simple"},"yoast_head":"<!-- This site is optimized with the Yoast SEO Premium plugin v22.0 (Yoast SEO v22.5) - https:\/\/yoast.com\/wordpress\/plugins\/seo\/ -->\n<title>\u0110\u00e8n Led d\u00e2y Gino Led Flex Diffuse Side G1 Osram ch\u00ednh h\u00e3ng<\/title>\n<meta name=\"description\" content=\"Led d\u00e2y Gino Led Flex Diffuse Side G1 Osram \u0111\u01b0\u1ee3c c\u00f4ng ty c\u1ed5 ph\u1ea7n thi\u1ebft b\u1ecb chi\u1ebfu s\u00e1ng \u00c1nh Sao cung c\u1ea5p t\u1edbi kh\u00e1ch h\u00e0ng: m\u00e3 ean, th\u00f4ng s\u1ed1 k\u1ef9 thu\u1eadt, \u0111\u1ed9 r\u1ecdi...\" \/>\n<meta name=\"robots\" content=\"index, follow, max-snippet:-1, max-image-preview:large, max-video-preview:-1\" \/>\n<link rel=\"canonical\" href=\"https:\/\/aslighting.com.vn\/vi\/san-pham\/den-led-day-ginoled-flex-diffuse-side-g1-osram\/\" \/>\n<meta property=\"og:locale\" content=\"vi_VN\" \/>\n<meta property=\"og:type\" content=\"article\" \/>\n<meta property=\"og:title\" content=\"\u0110\u00c8N LED D\u00c2Y GINOLED FLEX DIFFUSE SIDE G1 OSRAM\" \/>\n<meta property=\"og:description\" content=\"Led d\u00e2y Gino Led Flex Diffuse Side G1 Osram \u0111\u01b0\u1ee3c c\u00f4ng ty c\u1ed5 ph\u1ea7n thi\u1ebft b\u1ecb chi\u1ebfu s\u00e1ng \u00c1nh Sao cung c\u1ea5p t\u1edbi kh\u00e1ch h\u00e0ng: m\u00e3 ean, th\u00f4ng s\u1ed1 k\u1ef9 thu\u1eadt, \u0111\u1ed9 r\u1ecdi...\" \/>\n<meta property=\"og:url\" content=\"https:\/\/aslighting.com.vn\/vi\/san-pham\/den-led-day-ginoled-flex-diffuse-side-g1-osram\/\" \/>\n<meta property=\"og:site_name\" content=\"C\u00f4ng Ty C\u1ed5 Ph\u1ea7n Gi\u1ea3i Ph\u00e1p Chi\u1ebfu S\u00e1ng To\u00e0n Di\u1ec7n \u00c1nh Sao\" \/>\n<meta property=\"article:modified_time\" content=\"2023-05-27T08:36:39+00:00\" \/>\n<meta property=\"og:image\" content=\"https:\/\/aslighting.com.vn\/wp-content\/uploads\/2022\/11\/20210827102351_gfds-g111.png\" \/>\n\t<meta property=\"og:image:width\" content=\"900\" \/>\n\t<meta property=\"og:image:height\" content=\"780\" \/>\n\t<meta property=\"og:image:type\" content=\"image\/png\" \/>\n<meta name=\"twitter:card\" content=\"summary_large_image\" \/>\n<meta name=\"twitter:label1\" content=\"\u01af\u1edbc t\u00ednh th\u1eddi gian \u0111\u1ecdc\" \/>\n\t<meta name=\"twitter:data1\" content=\"6 ph\u00fat\" \/>\n<script type=\"application\/ld+json\" class=\"yoast-schema-graph\">{\"@context\":\"https:\/\/schema.org\",\"@graph\":[{\"@type\":\"WebPage\",\"@id\":\"https:\/\/aslighting.com.vn\/san-pham\/den-led-day-ginoled-flex-diffuse-side-g1-osram\/\",\"url\":\"https:\/\/aslighting.com.vn\/san-pham\/den-led-day-ginoled-flex-diffuse-side-g1-osram\/\",\"name\":\"\u0110\u00e8n Led d\u00e2y Gino Led Flex Diffuse Side G1 Osram ch\u00ednh h\u00e3ng\",\"isPartOf\":{\"@id\":\"https:\/\/aslighting.com.vn\/#website\"},\"primaryImageOfPage\":{\"@id\":\"https:\/\/aslighting.com.vn\/san-pham\/den-led-day-ginoled-flex-diffuse-side-g1-osram\/#primaryimage\"},\"image\":{\"@id\":\"https:\/\/aslighting.com.vn\/san-pham\/den-led-day-ginoled-flex-diffuse-side-g1-osram\/#primaryimage\"},\"thumbnailUrl\":\"\/wp-content\/uploads\/2022\/11\/20210827102351_gfds-g111.png\",\"datePublished\":\"2022-11-25T08:35:59+00:00\",\"dateModified\":\"2023-05-27T08:36:39+00:00\",\"description\":\"Led d\u00e2y Gino Led Flex Diffuse Side G1 Osram \u0111\u01b0\u1ee3c c\u00f4ng ty c\u1ed5 ph\u1ea7n thi\u1ebft b\u1ecb chi\u1ebfu s\u00e1ng \u00c1nh Sao cung c\u1ea5p t\u1edbi kh\u00e1ch h\u00e0ng: m\u00e3 ean, th\u00f4ng s\u1ed1 k\u1ef9 thu\u1eadt, \u0111\u1ed9 r\u1ecdi...\",\"breadcrumb\":{\"@id\":\"https:\/\/aslighting.com.vn\/san-pham\/den-led-day-ginoled-flex-diffuse-side-g1-osram\/#breadcrumb\"},\"inLanguage\":\"vi\",\"potentialAction\":[{\"@type\":\"ReadAction\",\"target\":[\"https:\/\/aslighting.com.vn\/san-pham\/den-led-day-ginoled-flex-diffuse-side-g1-osram\/\"]}]},{\"@type\":\"ImageObject\",\"inLanguage\":\"vi\",\"@id\":\"https:\/\/aslighting.com.vn\/san-pham\/den-led-day-ginoled-flex-diffuse-side-g1-osram\/#primaryimage\",\"url\":\"\/wp-content\/uploads\/2022\/11\/20210827102351_gfds-g111.png\",\"contentUrl\":\"\/wp-content\/uploads\/2022\/11\/20210827102351_gfds-g111.png\",\"width\":900,\"height\":780},{\"@type\":\"BreadcrumbList\",\"@id\":\"https:\/\/aslighting.com.vn\/san-pham\/den-led-day-ginoled-flex-diffuse-side-g1-osram\/#breadcrumb\",\"itemListElement\":[{\"@type\":\"ListItem\",\"position\":1,\"name\":\"Trang ch\u1ee7\",\"item\":\"https:\/\/aslighting.com.vn\/vi\/\"},{\"@type\":\"ListItem\",\"position\":2,\"name\":\"S\u1ea3n ph\u1ea9m\",\"item\":\"https:\/\/aslighting.com.vn\/en\/san-pham\/\"},{\"@type\":\"ListItem\",\"position\":3,\"name\":\"\u0110\u00c8N LED D\u00c2Y GINOLED FLEX DIFFUSE SIDE G1 OSRAM\"}]},{\"@type\":\"WebSite\",\"@id\":\"https:\/\/aslighting.com.vn\/#website\",\"url\":\"https:\/\/aslighting.com.vn\/\",\"name\":\"C\u00f4ng Ty C\u1ed5 Ph\u1ea7n Gi\u1ea3i Ph\u00e1p Chi\u1ebfu S\u00e1ng To\u00e0n Di\u1ec7n \u00c1nh Sao\",\"description\":\"\",\"publisher\":{\"@id\":\"https:\/\/aslighting.com.vn\/#organization\"},\"potentialAction\":[{\"@type\":\"SearchAction\",\"target\":{\"@type\":\"EntryPoint\",\"urlTemplate\":\"https:\/\/aslighting.com.vn\/?s={search_term_string}\"},\"query-input\":\"required name=search_term_string\"}],\"inLanguage\":\"vi\"},{\"@type\":\"Organization\",\"@id\":\"https:\/\/aslighting.com.vn\/#organization\",\"name\":\"C\u00f4ng Ty C\u1ed5 Ph\u1ea7n Gi\u1ea3i Ph\u00e1p Chi\u1ebfu S\u00e1ng To\u00e0n Di\u1ec7n \u00c1nh Sao\",\"url\":\"https:\/\/aslighting.com.vn\/\",\"logo\":{\"@type\":\"ImageObject\",\"inLanguage\":\"vi\",\"@id\":\"https:\/\/aslighting.com.vn\/#\/schema\/logo\/image\/\",\"url\":\"\/wp-content\/uploads\/2022\/10\/logo-ANHSAO.png\",\"contentUrl\":\"\/wp-content\/uploads\/2022\/10\/logo-ANHSAO.png\",\"width\":1091,\"height\":360,\"caption\":\"C\u00f4ng Ty C\u1ed5 Ph\u1ea7n Gi\u1ea3i Ph\u00e1p Chi\u1ebfu S\u00e1ng To\u00e0n Di\u1ec7n \u00c1nh Sao\"},\"image\":{\"@id\":\"https:\/\/aslighting.com.vn\/#\/schema\/logo\/image\/\"}}]}<\/script>\n<!-- \/ Yoast SEO Premium plugin. -->","yoast_head_json":{"title":"\u0110\u00e8n Led d\u00e2y Gino Led Flex Diffuse Side G1 Osram ch\u00ednh h\u00e3ng","description":"Led d\u00e2y Gino Led Flex Diffuse Side G1 Osram \u0111\u01b0\u1ee3c c\u00f4ng ty c\u1ed5 ph\u1ea7n thi\u1ebft b\u1ecb chi\u1ebfu s\u00e1ng \u00c1nh Sao cung c\u1ea5p t\u1edbi kh\u00e1ch h\u00e0ng: m\u00e3 ean, th\u00f4ng s\u1ed1 k\u1ef9 thu\u1eadt, \u0111\u1ed9 r\u1ecdi...","robots":{"index":"index","follow":"follow","max-snippet":"max-snippet:-1","max-image-preview":"max-image-preview:large","max-video-preview":"max-video-preview:-1"},"canonical":"https:\/\/aslighting.com.vn\/vi\/san-pham\/den-led-day-ginoled-flex-diffuse-side-g1-osram\/","og_locale":"vi_VN","og_type":"article","og_title":"\u0110\u00c8N LED D\u00c2Y GINOLED FLEX DIFFUSE SIDE G1 OSRAM","og_description":"Led d\u00e2y Gino Led Flex Diffuse Side G1 Osram \u0111\u01b0\u1ee3c c\u00f4ng ty c\u1ed5 ph\u1ea7n thi\u1ebft b\u1ecb chi\u1ebfu s\u00e1ng \u00c1nh Sao cung c\u1ea5p t\u1edbi kh\u00e1ch h\u00e0ng: m\u00e3 ean, th\u00f4ng s\u1ed1 k\u1ef9 thu\u1eadt, \u0111\u1ed9 r\u1ecdi...","og_url":"https:\/\/aslighting.com.vn\/vi\/san-pham\/den-led-day-ginoled-flex-diffuse-side-g1-osram\/","og_site_name":"C\u00f4ng Ty C\u1ed5 Ph\u1ea7n Gi\u1ea3i Ph\u00e1p Chi\u1ebfu S\u00e1ng To\u00e0n Di\u1ec7n \u00c1nh Sao","article_modified_time":"2023-05-27T08:36:39+00:00","og_image":[{"width":900,"height":780,"url":"https:\/\/aslighting.com.vn\/wp-content\/uploads\/2022\/11\/20210827102351_gfds-g111.png","type":"image\/png"}],"twitter_card":"summary_large_image","twitter_misc":{"\u01af\u1edbc t\u00ednh th\u1eddi gian \u0111\u1ecdc":"6 ph\u00fat"},"schema":{"@context":"https:\/\/schema.org","@graph":[{"@type":"WebPage","@id":"https:\/\/aslighting.com.vn\/san-pham\/den-led-day-ginoled-flex-diffuse-side-g1-osram\/","url":"https:\/\/aslighting.com.vn\/san-pham\/den-led-day-ginoled-flex-diffuse-side-g1-osram\/","name":"\u0110\u00e8n Led d\u00e2y Gino Led Flex Diffuse Side G1 Osram ch\u00ednh h\u00e3ng","isPartOf":{"@id":"https:\/\/aslighting.com.vn\/#website"},"primaryImageOfPage":{"@id":"https:\/\/aslighting.com.vn\/san-pham\/den-led-day-ginoled-flex-diffuse-side-g1-osram\/#primaryimage"},"image":{"@id":"https:\/\/aslighting.com.vn\/san-pham\/den-led-day-ginoled-flex-diffuse-side-g1-osram\/#primaryimage"},"thumbnailUrl":"\/wp-content\/uploads\/2022\/11\/20210827102351_gfds-g111.png","datePublished":"2022-11-25T08:35:59+00:00","dateModified":"2023-05-27T08:36:39+00:00","description":"Led d\u00e2y Gino Led Flex Diffuse Side G1 Osram \u0111\u01b0\u1ee3c c\u00f4ng ty c\u1ed5 ph\u1ea7n thi\u1ebft b\u1ecb chi\u1ebfu s\u00e1ng \u00c1nh Sao cung c\u1ea5p t\u1edbi kh\u00e1ch h\u00e0ng: m\u00e3 ean, th\u00f4ng s\u1ed1 k\u1ef9 thu\u1eadt, \u0111\u1ed9 r\u1ecdi...","breadcrumb":{"@id":"https:\/\/aslighting.com.vn\/san-pham\/den-led-day-ginoled-flex-diffuse-side-g1-osram\/#breadcrumb"},"inLanguage":"vi","potentialAction":[{"@type":"ReadAction","target":["https:\/\/aslighting.com.vn\/san-pham\/den-led-day-ginoled-flex-diffuse-side-g1-osram\/"]}]},{"@type":"ImageObject","inLanguage":"vi","@id":"https:\/\/aslighting.com.vn\/san-pham\/den-led-day-ginoled-flex-diffuse-side-g1-osram\/#primaryimage","url":"\/wp-content\/uploads\/2022\/11\/20210827102351_gfds-g111.png","contentUrl":"\/wp-content\/uploads\/2022\/11\/20210827102351_gfds-g111.png","width":900,"height":780},{"@type":"BreadcrumbList","@id":"https:\/\/aslighting.com.vn\/san-pham\/den-led-day-ginoled-flex-diffuse-side-g1-osram\/#breadcrumb","itemListElement":[{"@type":"ListItem","position":1,"name":"Trang ch\u1ee7","item":"https:\/\/aslighting.com.vn\/vi\/"},{"@type":"ListItem","position":2,"name":"S\u1ea3n ph\u1ea9m","item":"https:\/\/aslighting.com.vn\/en\/san-pham\/"},{"@type":"ListItem","position":3,"name":"\u0110\u00c8N LED D\u00c2Y GINOLED FLEX DIFFUSE SIDE G1 OSRAM"}]},{"@type":"WebSite","@id":"https:\/\/aslighting.com.vn\/#website","url":"https:\/\/aslighting.com.vn\/","name":"C\u00f4ng Ty C\u1ed5 Ph\u1ea7n Gi\u1ea3i Ph\u00e1p Chi\u1ebfu S\u00e1ng To\u00e0n Di\u1ec7n \u00c1nh Sao","description":"","publisher":{"@id":"https:\/\/aslighting.com.vn\/#organization"},"potentialAction":[{"@type":"SearchAction","target":{"@type":"EntryPoint","urlTemplate":"https:\/\/aslighting.com.vn\/?s={search_term_string}"},"query-input":"required name=search_term_string"}],"inLanguage":"vi"},{"@type":"Organization","@id":"https:\/\/aslighting.com.vn\/#organization","name":"C\u00f4ng Ty C\u1ed5 Ph\u1ea7n Gi\u1ea3i Ph\u00e1p Chi\u1ebfu S\u00e1ng To\u00e0n Di\u1ec7n \u00c1nh Sao","url":"https:\/\/aslighting.com.vn\/","logo":{"@type":"ImageObject","inLanguage":"vi","@id":"https:\/\/aslighting.com.vn\/#\/schema\/logo\/image\/","url":"\/wp-content\/uploads\/2022\/10\/logo-ANHSAO.png","contentUrl":"\/wp-content\/uploads\/2022\/10\/logo-ANHSAO.png","width":1091,"height":360,"caption":"C\u00f4ng Ty C\u1ed5 Ph\u1ea7n Gi\u1ea3i Ph\u00e1p Chi\u1ebfu S\u00e1ng To\u00e0n Di\u1ec7n \u00c1nh Sao"},"image":{"@id":"https:\/\/aslighting.com.vn\/#\/schema\/logo\/image\/"}}]}},"_links":{"self":[{"href":"https:\/\/aslighting.com.vn\/vi\/wp-json\/wp\/v2\/product\/1583","targetHints":{"allow":["GET"]}}],"collection":[{"href":"https:\/\/aslighting.com.vn\/vi\/wp-json\/wp\/v2\/product"}],"about":[{"href":"https:\/\/aslighting.com.vn\/vi\/wp-json\/wp\/v2\/types\/product"}],"replies":[{"embeddable":true,"href":"https:\/\/aslighting.com.vn\/vi\/wp-json\/wp\/v2\/comments?post=1583"}],"wp:featuredmedia":[{"embeddable":true,"href":"https:\/\/aslighting.com.vn\/vi\/wp-json\/wp\/v2\/media\/3552"}],"wp:attachment":[{"href":"https:\/\/aslighting.com.vn\/vi\/wp-json\/wp\/v2\/media?parent=1583"}],"wp:term":[{"taxonomy":"product_brand","embeddable":true,"href":"https:\/\/aslighting.com.vn\/vi\/wp-json\/wp\/v2\/product_brand?post=1583"},{"taxonomy":"product_cat","embeddable":true,"href":"https:\/\/aslighting.com.vn\/vi\/wp-json\/wp\/v2\/product_cat?post=1583"},{"taxonomy":"product_tag","embeddable":true,"href":"https:\/\/aslighting.com.vn\/vi\/wp-json\/wp\/v2\/product_tag?post=1583"}],"curies":[{"name":"wp","href":"https:\/\/api.w.org\/{rel}","templated":true}]}}