{"id":1649,"date":"2022-11-26T09:08:48","date_gmt":"2022-11-26T02:08:48","guid":{"rendered":"https:\/\/aslighting.com.vn\/?post_type=product&#038;p=1649"},"modified":"2023-06-23T10:20:41","modified_gmt":"2023-06-23T03:20:41","slug":"bong-cao-ap-sodium-nav-t-dang-thang-1000w-osram","status":"publish","type":"product","link":"https:\/\/aslighting.com.vn\/vi\/san-pham\/bong-cao-ap-sodium-nav-t-dang-thang-1000w-osram\/","title":{"rendered":"B\u00d3NG CAO \u00c1P SODIUM NAV-T D\u1ea0NG TH\u1eb2NG 1000W OSRAM"},"content":{"rendered":"<p><span style=\"font-weight: 400;\">B\u00f3ng <a href=\"https:\/\/aslighting.com.vn\/vi\/san-pham\/bong-cao-ap-sodium-nav-t-dang-thang-1000w-osram\/\"><span style=\"color: #000098;\"><strong>\u0111\u00e8n cao \u00e1p Sodium Nav-T<\/strong> <\/span><\/a>d\u1ea1ng th\u1eb3ng l\u00e0 d\u00f2ng s\u1ea3n ph\u1ea9m \u0111\u00e8n cao \u00e1p c\u00f4ng su\u1ea5t 1000W. H\u00e3y c\u00f9ng Aslighting t\u00ecm hi\u1ec3u d\u00f2ng s\u1ea3n ph\u1ea9m n\u00e0y trong b\u00e0i vi\u1ebft d\u01b0\u1edbi \u0111\u00e2y.<\/span><\/p>\n<p><a href=\"https:\/\/aslighting.com.vn\/wp-content\/uploads\/2022\/11\/20211002105121_30-nav-t7.png\"><img fetchpriority=\"high\" decoding=\"async\" class=\"aligncenter wp-image-4108\" src=\"https:\/\/aslighting.com.vn\/wp-content\/uploads\/2022\/11\/20211002105121_30-nav-t7.png\" alt=\"\" width=\"500\" height=\"500\" srcset=\"\/wp-content\/uploads\/2022\/11\/20211002105121_30-nav-t7.png 911w, \/wp-content\/uploads\/2022\/11\/20211002105121_30-nav-t7-300x300.png 300w, \/wp-content\/uploads\/2022\/11\/20211002105121_30-nav-t7-150x150.png 150w, \/wp-content\/uploads\/2022\/11\/20211002105121_30-nav-t7-768x768.png 768w, \/wp-content\/uploads\/2022\/11\/20211002105121_30-nav-t7-12x12.png 12w, \/wp-content\/uploads\/2022\/11\/20211002105121_30-nav-t7-600x600.png 600w, \/wp-content\/uploads\/2022\/11\/20211002105121_30-nav-t7-100x100.png 100w\" sizes=\"(max-width: 500px) 100vw, 500px\" \/><\/a><\/p>\n<p style=\"text-align: center;\"><span style=\"font-size: 10pt;\"><em>\u0110\u00e8n <span style=\"font-weight: 400;\">cao \u00e1p Sodium Nav-T d\u1ea1ng th\u1eb3ng 1000W<\/span> Osram \u0111\u01b0\u1ee3c \u00c1nh Sao ph\u00e2n ph\u1ed1i ch\u00ednh h\u00e3ng<\/em><\/span><\/p>\n<h2><span style=\"color: #000080;\"><strong>I\/ \u0110\u1eb7c \u0111i\u1ec3m c\u1ee7a \u0111\u00e8n cao \u00e1p Sodium Nav-T d\u1ea1ng th\u1eb3ng 1000W<\/strong><\/span><\/h2>\n<h3><span style=\"color: #ff6600;\"><strong>1. Thi\u1ebft k\u1ebf<\/strong><\/span><\/h3>\n<ul>\n<li><span style=\"font-weight: 400;\">\u0110\u00e8n cao \u00e1p Sodium Nav-T 1000W c\u00f3 d\u1ea1ng th\u1eb3ng trong, \u0111ui xo\u00e1y E40.\u00a0<\/span><\/li>\n<li><span style=\"font-weight: 400;\">S\u1ea3n ph\u1ea9m c\u00f3 k\u00edch th\u01b0\u1edbc d\u00e0i 352mm, \u0111\u01b0\u1eddng k\u00ednh 66mm, k\u00edch th\u01b0\u1edbc nh\u1ecf g\u1ecdn, \u0111\u1ea3m b\u1ea3o th\u1ea9m m\u1ef9 cho m\u1ecdi kh\u00f4ng gian.\u00a0<\/span><\/li>\n<li><span style=\"font-weight: 400;\">S\u1ea3n ph\u1ea9m \u0111\u01b0\u1ee3c Osram cho ra m\u1eaft v\u1edbi \u00e1nh s\u00e1ng v\u00e0ng, nhi\u1ec7t \u0111\u1ed9 m\u00e0u 2000K.<\/span><\/li>\n<\/ul>\n<h3><span style=\"color: #ff6600;\"><strong>2. \u01afu \u0111i\u1ec3m n\u1ed5i b\u1eadt<\/strong><\/span><\/h3>\n<ul>\n<li><span style=\"font-weight: 400;\">\u0110\u00e8n Sodium Nav-T d\u00f9ng \u0111i\u1ec7n \u00e1p 230V, c\u00f4ng su\u1ea5t 1000W.<\/span><\/li>\n<li><span style=\"font-weight: 400;\">Tu\u1ed5i th\u1ecd c\u1ee7a \u0111\u00e8n l\u00ean t\u1edbi 20.000 gi\u1edd v\u00e0 t\u1eeb 2 \u0111\u1ebfn 3 n\u0103m th\u1eafp s\u00e1ng.\u00a0<\/span><\/li>\n<li><span style=\"font-weight: 400;\">B\u00f3ng cao \u00e1p Sodium Nav-T c\u00f3 nhi\u1ec7t \u0111\u1ed9 b\u00f3ng \u0111\u00e8n khi s\u1eed d\u1ee5ng: nhi\u1ec7t \u0111\u1ed9 xung quanh b\u00f3ng 400 \u0111\u1ed9, quanh \u0111ui 250 \u0111\u1ed9.<\/span><\/li>\n<li><span style=\"font-weight: 400;\">S\u1ea3n ph\u1ea9m c\u00f3 \u0111\u1ed9 b\u1ec1n cao, c\u00f4ng ngh\u1ec7 ti\u00ean ti\u1ebfn gi\u00fap \u0111\u00e8n \u0111\u01b0\u1ee3c b\u1ea3o v\u1ec7 an to\u00e0n khi s\u1eed d\u1ee5ng ngay c\u1ea3 trong m\u00f4i tr\u01b0\u1eddng kh\u1eafc nghi\u1ec7t.\u00a0<\/span><\/li>\n<\/ul>\n<h3><span style=\"color: #ff6600;\"><strong>3. Th\u00f4ng s\u1ed1 k\u1ef9 thu\u1eadt<\/strong><\/span><\/h3>\n<table style=\"width: 100.045%; height: 168px;\" width=\"220\">\n<tbody>\n<tr style=\"height: 24px;\">\n<td style=\"width: 47.5336%; text-align: center; height: 24px;\"><strong>C\u00f4ng su\u1ea5t:<\/strong><\/td>\n<td style=\"width: 419.283%; text-align: center; height: 24px;\">1000W<\/td>\n<\/tr>\n<tr style=\"height: 24px;\">\n<td style=\"width: 47.5336%; text-align: center; height: 24px;\"><strong>K\u00edch th\u01b0\u1edbc:<\/strong><\/td>\n<td style=\"width: 419.283%; text-align: center; height: 24px;\">66mm x 352mm<\/td>\n<\/tr>\n<tr style=\"height: 24px;\">\n<td style=\"width: 47.5336%; text-align: center; height: 24px;\"><strong>Quang th\u00f4ng:<\/strong><\/td>\n<td style=\"width: 419.283%; text-align: center; height: 24px;\">130000lm<\/td>\n<\/tr>\n<tr style=\"height: 24px;\">\n<td style=\"width: 47.5336%; text-align: center; height: 24px;\"><strong>M\u00e0u \u00e1nh s\u00e1ng:<\/strong><\/td>\n<td style=\"width: 419.283%; text-align: center; height: 24px;\">2000K<\/td>\n<\/tr>\n<tr style=\"height: 24px;\">\n<td style=\"width: 47.5336%; text-align: center; height: 24px;\"><strong>\u0110ui:<\/strong><\/td>\n<td style=\"width: 419.283%; text-align: center; height: 24px;\">E40<\/td>\n<\/tr>\n<tr style=\"height: 24px;\">\n<td style=\"width: 47.5336%; text-align: center; height: 24px;\"><strong>Tu\u1ed5i th\u1ecd:<\/strong><\/td>\n<td style=\"width: 419.283%; text-align: center; height: 24px;\">20000h<\/td>\n<\/tr>\n<tr style=\"height: 24px;\">\n<td style=\"width: 47.5336%; text-align: center; height: 24px;\"><strong>B\u1ea3o h\u00e0nh:<\/strong><\/td>\n<td style=\"width: 419.283%; text-align: center; height: 24px;\">6 th\u00e1ng<\/td>\n<\/tr>\n<\/tbody>\n<\/table>\n<h2><span style=\"color: #000080;\"><strong>II\/ \u1ee8ng d\u1ee5ng c\u1ee7a \u0111\u00e8n Sodium Nav-T 1000W\u00a0<\/strong><\/span><\/h2>\n<p><span style=\"font-weight: 400;\">D\u00f2ng s\u1ea3n ph\u1ea9m b\u00f3ng \u0111\u00e8n cao \u00e1p Sodium Nav-T d\u1ea1ng th\u1eb3ng 1000W c\u1ee7a th\u01b0\u01a1ng hi\u1ec7u <a href=\"https:\/\/aslighting.com.vn\/vi\/product-category\/osram\/\"><span style=\"color: #000098;\"><strong>\u0111\u00e8n<\/strong> <strong>Osram<\/strong> <\/span><\/a>\u0111\u01b0\u1ee3c \u1ee9ng d\u1ee5ng cho nhi\u1ec1u kh\u00f4ng gian kh\u00e1c nhau: \u0111\u00e8n \u0111\u01b0\u1ee3c \u1ee9ng d\u1ee5ng trong c\u00e1c khu \u0111\u01b0\u1eddng h\u1ea7m, \u0111\u01b0\u1eddng ph\u1ed1, b\u00e3i \u0111\u1ed7 xe, c\u00f4ng vi\u00ean, t\u01b0\u1ee3ng \u0111\u00e0i, to\u00e0 nh\u00e0 c\u00f4ng nghi\u1ec7p.<\/span><\/p>\n<p><a href=\"https:\/\/aslighting.com.vn\/wp-content\/uploads\/2022\/11\/Mua-den-led-cao-ap-tai-Ha-Noi.jpg\"><img decoding=\"async\" class=\"wp-image-4109 lazyload\" data-src=\"https:\/\/aslighting.com.vn\/wp-content\/uploads\/2022\/11\/Mua-den-led-cao-ap-tai-Ha-Noi.jpg\" alt=\"\" width=\"600\" height=\"398\" data-srcset=\"\/wp-content\/uploads\/2022\/11\/Mua-den-led-cao-ap-tai-Ha-Noi.jpg 650w, \/wp-content\/uploads\/2022\/11\/Mua-den-led-cao-ap-tai-Ha-Noi-300x199.jpg 300w, \/wp-content\/uploads\/2022\/11\/Mua-den-led-cao-ap-tai-Ha-Noi-18x12.jpg 18w, \/wp-content\/uploads\/2022\/11\/Mua-den-led-cao-ap-tai-Ha-Noi-600x398.jpg 600w\" data-sizes=\"(max-width: 600px) 100vw, 600px\" src=\"data:image\/svg+xml;base64,PHN2ZyB3aWR0aD0iMSIgaGVpZ2h0PSIxIiB4bWxucz0iaHR0cDovL3d3dy53My5vcmcvMjAwMC9zdmciPjwvc3ZnPg==\" style=\"--smush-placeholder-width: 600px; --smush-placeholder-aspect-ratio: 600\/398;\" \/><\/a><\/p>\n<h2><span style=\"color: #000080;\"><strong>III\/ M\u00e3 EAN<\/strong><\/span><\/h2>\n<table width=\"639\">\n<tbody>\n<tr>\n<td width=\"117\">Product code<\/td>\n<td width=\"142\">Product description<\/td>\n<td width=\"104\">Packaging unit<br \/>\n(Pieces\/Unit)<\/td>\n<td width=\"148\">Dimensions (length<br \/>\nx width x height)<\/td>\n<td width=\"64\">Volume<\/td>\n<td width=\"64\">Gross weight<\/td>\n<\/tr>\n<tr>\n<td>4050300251417<\/td>\n<td width=\"142\">NAV-T 1000 W E40<\/td>\n<td width=\"104\">Shipping carton box<br \/>\n12 Pieces Sleeves<\/td>\n<td width=\"148\">380 mm x 405 mm x<br \/>\n284 mm<\/td>\n<td>43.71 dm\u00b3<\/td>\n<td>4477.00 g<\/td>\n<\/tr>\n<\/tbody>\n<\/table>\n<p style=\"text-align: center;\"><a href=\"https:\/\/drive.google.com\/file\/d\/1Of8kLOmerx-b3DmoX-5MlBAajfnoc-Ur\/view?usp=sharing\"><img decoding=\"async\" class=\"alignnone size-medium wp-image-4530 lazyload\" data-src=\"https:\/\/aslighting.com.vn\/wp-content\/uploads\/2022\/11\/button_tai-catalogue-tai-day-1-300x49.png\" alt=\"\" width=\"300\" height=\"49\" data-srcset=\"\/wp-content\/uploads\/2022\/11\/button_tai-catalogue-tai-day-1-300x49.png 300w, \/wp-content\/uploads\/2022\/11\/button_tai-catalogue-tai-day-1-18x3.png 18w, \/wp-content\/uploads\/2022\/11\/button_tai-catalogue-tai-day-1.png 407w\" data-sizes=\"(max-width: 300px) 100vw, 300px\" src=\"data:image\/svg+xml;base64,PHN2ZyB3aWR0aD0iMSIgaGVpZ2h0PSIxIiB4bWxucz0iaHR0cDovL3d3dy53My5vcmcvMjAwMC9zdmciPjwvc3ZnPg==\" style=\"--smush-placeholder-width: 300px; --smush-placeholder-aspect-ratio: 300\/49;\" \/><\/a><\/p>\n","protected":false},"excerpt":{"rendered":"<p><strong>C\u00f4ng su\u1ea5t:<\/strong> 1000W<\/p>\n<p><strong>Nhi\u1ec7t \u0111\u1ed9 m\u00e0u:<\/strong> 2000K<\/p>\n<p><strong>Quang th\u00f4ng:<\/strong> 130000lm<\/p>\n<p><strong>K\u00edch th\u01b0\u1edbc:<\/strong> 66mm x 352mm<\/p>\n<p><strong>\u0110ui:<\/strong> E40<\/p>\n<p><strong>Tu\u1ed5i th\u1ecd:<\/strong> 20.000 gi\u1edd<\/p>\n<p><strong>B\u1ea3o h\u00e0nh:<\/strong> 6 th\u00e1ng<\/p>\n","protected":false},"featured_media":3521,"comment_status":"open","ping_status":"closed","template":"","meta":[],"product_brand":[],"product_cat":[147,156,49,72],"product_tag":[],"class_list":{"0":"post-1649","1":"product","2":"type-product","3":"status-publish","4":"has-post-thumbnail","6":"product_cat-bong-cao-ap","7":"product_cat-bong-cao-ap-sodium-nav-t-dang-thang-1000w-osram","8":"product_cat-osram","9":"product_cat-osram-ledvance","11":"first","12":"instock","13":"shipping-taxable","14":"product-type-simple"},"yoast_head":"<!-- This site is optimized with the Yoast SEO Premium plugin v22.0 (Yoast SEO v22.5) - https:\/\/yoast.com\/wordpress\/plugins\/seo\/ -->\n<title>\u0110\u00e8n cao \u00e1p Sodium Nav-T d\u1ea1ng th\u1eb3ng 1000W Osram ch\u00ednh h\u00e3ng<\/title>\n<meta name=\"description\" content=\"\u0110\u00e8n cao \u00e1p Sodium Nav-T d\u1ea1ng th\u1eb3ng 1000W Osram \u0111\u01b0\u1ee3c c\u00f4ng ty c\u1ed5 ph\u1ea7n thi\u1ebft b\u1ecb chi\u1ebfu s\u00e1ng \u00c1nh Sao cung c\u1ea5p t\u1edbi kh\u00e1ch h\u00e0ng: m\u00e3 ean, th\u00f4ng s\u1ed1 k\u1ef9 thu\u1eadt,...\" \/>\n<meta name=\"robots\" content=\"index, follow, max-snippet:-1, max-image-preview:large, max-video-preview:-1\" \/>\n<link rel=\"canonical\" href=\"https:\/\/aslighting.com.vn\/vi\/san-pham\/bong-cao-ap-sodium-nav-t-dang-thang-1000w-osram\/\" \/>\n<meta property=\"og:locale\" content=\"vi_VN\" \/>\n<meta property=\"og:type\" content=\"article\" \/>\n<meta property=\"og:title\" content=\"B\u00d3NG CAO \u00c1P SODIUM NAV-T D\u1ea0NG TH\u1eb2NG 1000W OSRAM\" \/>\n<meta property=\"og:description\" content=\"\u0110\u00e8n cao \u00e1p Sodium Nav-T d\u1ea1ng th\u1eb3ng 1000W Osram \u0111\u01b0\u1ee3c c\u00f4ng ty c\u1ed5 ph\u1ea7n thi\u1ebft b\u1ecb chi\u1ebfu s\u00e1ng \u00c1nh Sao cung c\u1ea5p t\u1edbi kh\u00e1ch h\u00e0ng: m\u00e3 ean, th\u00f4ng s\u1ed1 k\u1ef9 thu\u1eadt,...\" \/>\n<meta property=\"og:url\" content=\"https:\/\/aslighting.com.vn\/vi\/san-pham\/bong-cao-ap-sodium-nav-t-dang-thang-1000w-osram\/\" \/>\n<meta property=\"og:site_name\" content=\"C\u00f4ng Ty C\u1ed5 Ph\u1ea7n Gi\u1ea3i Ph\u00e1p Chi\u1ebfu S\u00e1ng To\u00e0n Di\u1ec7n \u00c1nh Sao\" \/>\n<meta property=\"article:modified_time\" content=\"2023-06-23T03:20:41+00:00\" \/>\n<meta property=\"og:image\" content=\"https:\/\/aslighting.com.vn\/wp-content\/uploads\/2022\/11\/20211002105121_30-nav-t07.png\" \/>\n\t<meta property=\"og:image:width\" content=\"900\" \/>\n\t<meta property=\"og:image:height\" content=\"780\" \/>\n\t<meta property=\"og:image:type\" content=\"image\/png\" \/>\n<meta name=\"twitter:card\" content=\"summary_large_image\" \/>\n<meta name=\"twitter:label1\" content=\"\u01af\u1edbc t\u00ednh th\u1eddi gian \u0111\u1ecdc\" \/>\n\t<meta name=\"twitter:data1\" content=\"3 ph\u00fat\" \/>\n<script type=\"application\/ld+json\" class=\"yoast-schema-graph\">{\"@context\":\"https:\/\/schema.org\",\"@graph\":[{\"@type\":\"WebPage\",\"@id\":\"https:\/\/aslighting.com.vn\/san-pham\/bong-cao-ap-sodium-nav-t-dang-thang-1000w-osram\/\",\"url\":\"https:\/\/aslighting.com.vn\/san-pham\/bong-cao-ap-sodium-nav-t-dang-thang-1000w-osram\/\",\"name\":\"\u0110\u00e8n cao \u00e1p Sodium Nav-T d\u1ea1ng th\u1eb3ng 1000W Osram ch\u00ednh h\u00e3ng\",\"isPartOf\":{\"@id\":\"https:\/\/aslighting.com.vn\/#website\"},\"primaryImageOfPage\":{\"@id\":\"https:\/\/aslighting.com.vn\/san-pham\/bong-cao-ap-sodium-nav-t-dang-thang-1000w-osram\/#primaryimage\"},\"image\":{\"@id\":\"https:\/\/aslighting.com.vn\/san-pham\/bong-cao-ap-sodium-nav-t-dang-thang-1000w-osram\/#primaryimage\"},\"thumbnailUrl\":\"\/wp-content\/uploads\/2022\/11\/20211002105121_30-nav-t07.png\",\"datePublished\":\"2022-11-26T02:08:48+00:00\",\"dateModified\":\"2023-06-23T03:20:41+00:00\",\"description\":\"\u0110\u00e8n cao \u00e1p Sodium Nav-T d\u1ea1ng th\u1eb3ng 1000W Osram \u0111\u01b0\u1ee3c c\u00f4ng ty c\u1ed5 ph\u1ea7n thi\u1ebft b\u1ecb chi\u1ebfu s\u00e1ng \u00c1nh Sao cung c\u1ea5p t\u1edbi kh\u00e1ch h\u00e0ng: m\u00e3 ean, th\u00f4ng s\u1ed1 k\u1ef9 thu\u1eadt,...\",\"breadcrumb\":{\"@id\":\"https:\/\/aslighting.com.vn\/san-pham\/bong-cao-ap-sodium-nav-t-dang-thang-1000w-osram\/#breadcrumb\"},\"inLanguage\":\"vi\",\"potentialAction\":[{\"@type\":\"ReadAction\",\"target\":[\"https:\/\/aslighting.com.vn\/san-pham\/bong-cao-ap-sodium-nav-t-dang-thang-1000w-osram\/\"]}]},{\"@type\":\"ImageObject\",\"inLanguage\":\"vi\",\"@id\":\"https:\/\/aslighting.com.vn\/san-pham\/bong-cao-ap-sodium-nav-t-dang-thang-1000w-osram\/#primaryimage\",\"url\":\"\/wp-content\/uploads\/2022\/11\/20211002105121_30-nav-t07.png\",\"contentUrl\":\"\/wp-content\/uploads\/2022\/11\/20211002105121_30-nav-t07.png\",\"width\":900,\"height\":780},{\"@type\":\"BreadcrumbList\",\"@id\":\"https:\/\/aslighting.com.vn\/san-pham\/bong-cao-ap-sodium-nav-t-dang-thang-1000w-osram\/#breadcrumb\",\"itemListElement\":[{\"@type\":\"ListItem\",\"position\":1,\"name\":\"Trang ch\u1ee7\",\"item\":\"https:\/\/aslighting.com.vn\/vi\/\"},{\"@type\":\"ListItem\",\"position\":2,\"name\":\"S\u1ea3n ph\u1ea9m\",\"item\":\"https:\/\/aslighting.com.vn\/en\/san-pham\/\"},{\"@type\":\"ListItem\",\"position\":3,\"name\":\"B\u00d3NG CAO \u00c1P SODIUM NAV-T D\u1ea0NG TH\u1eb2NG 1000W OSRAM\"}]},{\"@type\":\"WebSite\",\"@id\":\"https:\/\/aslighting.com.vn\/#website\",\"url\":\"https:\/\/aslighting.com.vn\/\",\"name\":\"C\u00f4ng Ty C\u1ed5 Ph\u1ea7n Gi\u1ea3i Ph\u00e1p Chi\u1ebfu S\u00e1ng To\u00e0n Di\u1ec7n \u00c1nh Sao\",\"description\":\"\",\"publisher\":{\"@id\":\"https:\/\/aslighting.com.vn\/#organization\"},\"potentialAction\":[{\"@type\":\"SearchAction\",\"target\":{\"@type\":\"EntryPoint\",\"urlTemplate\":\"https:\/\/aslighting.com.vn\/?s={search_term_string}\"},\"query-input\":\"required name=search_term_string\"}],\"inLanguage\":\"vi\"},{\"@type\":\"Organization\",\"@id\":\"https:\/\/aslighting.com.vn\/#organization\",\"name\":\"C\u00f4ng Ty C\u1ed5 Ph\u1ea7n Gi\u1ea3i Ph\u00e1p Chi\u1ebfu S\u00e1ng To\u00e0n Di\u1ec7n \u00c1nh Sao\",\"url\":\"https:\/\/aslighting.com.vn\/\",\"logo\":{\"@type\":\"ImageObject\",\"inLanguage\":\"vi\",\"@id\":\"https:\/\/aslighting.com.vn\/#\/schema\/logo\/image\/\",\"url\":\"\/wp-content\/uploads\/2022\/10\/logo-ANHSAO.png\",\"contentUrl\":\"\/wp-content\/uploads\/2022\/10\/logo-ANHSAO.png\",\"width\":1091,\"height\":360,\"caption\":\"C\u00f4ng Ty C\u1ed5 Ph\u1ea7n Gi\u1ea3i Ph\u00e1p Chi\u1ebfu S\u00e1ng To\u00e0n Di\u1ec7n \u00c1nh Sao\"},\"image\":{\"@id\":\"https:\/\/aslighting.com.vn\/#\/schema\/logo\/image\/\"}}]}<\/script>\n<!-- \/ Yoast SEO Premium plugin. -->","yoast_head_json":{"title":"\u0110\u00e8n cao \u00e1p Sodium Nav-T d\u1ea1ng th\u1eb3ng 1000W Osram ch\u00ednh h\u00e3ng","description":"\u0110\u00e8n cao \u00e1p Sodium Nav-T d\u1ea1ng th\u1eb3ng 1000W Osram \u0111\u01b0\u1ee3c c\u00f4ng ty c\u1ed5 ph\u1ea7n thi\u1ebft b\u1ecb chi\u1ebfu s\u00e1ng \u00c1nh Sao cung c\u1ea5p t\u1edbi kh\u00e1ch h\u00e0ng: m\u00e3 ean, th\u00f4ng s\u1ed1 k\u1ef9 thu\u1eadt,...","robots":{"index":"index","follow":"follow","max-snippet":"max-snippet:-1","max-image-preview":"max-image-preview:large","max-video-preview":"max-video-preview:-1"},"canonical":"https:\/\/aslighting.com.vn\/vi\/san-pham\/bong-cao-ap-sodium-nav-t-dang-thang-1000w-osram\/","og_locale":"vi_VN","og_type":"article","og_title":"B\u00d3NG CAO \u00c1P SODIUM NAV-T D\u1ea0NG TH\u1eb2NG 1000W OSRAM","og_description":"\u0110\u00e8n cao \u00e1p Sodium Nav-T d\u1ea1ng th\u1eb3ng 1000W Osram \u0111\u01b0\u1ee3c c\u00f4ng ty c\u1ed5 ph\u1ea7n thi\u1ebft b\u1ecb chi\u1ebfu s\u00e1ng \u00c1nh Sao cung c\u1ea5p t\u1edbi kh\u00e1ch h\u00e0ng: m\u00e3 ean, th\u00f4ng s\u1ed1 k\u1ef9 thu\u1eadt,...","og_url":"https:\/\/aslighting.com.vn\/vi\/san-pham\/bong-cao-ap-sodium-nav-t-dang-thang-1000w-osram\/","og_site_name":"C\u00f4ng Ty C\u1ed5 Ph\u1ea7n Gi\u1ea3i Ph\u00e1p Chi\u1ebfu S\u00e1ng To\u00e0n Di\u1ec7n \u00c1nh Sao","article_modified_time":"2023-06-23T03:20:41+00:00","og_image":[{"width":900,"height":780,"url":"https:\/\/aslighting.com.vn\/wp-content\/uploads\/2022\/11\/20211002105121_30-nav-t07.png","type":"image\/png"}],"twitter_card":"summary_large_image","twitter_misc":{"\u01af\u1edbc t\u00ednh th\u1eddi gian \u0111\u1ecdc":"3 ph\u00fat"},"schema":{"@context":"https:\/\/schema.org","@graph":[{"@type":"WebPage","@id":"https:\/\/aslighting.com.vn\/san-pham\/bong-cao-ap-sodium-nav-t-dang-thang-1000w-osram\/","url":"https:\/\/aslighting.com.vn\/san-pham\/bong-cao-ap-sodium-nav-t-dang-thang-1000w-osram\/","name":"\u0110\u00e8n cao \u00e1p Sodium Nav-T d\u1ea1ng th\u1eb3ng 1000W Osram ch\u00ednh h\u00e3ng","isPartOf":{"@id":"https:\/\/aslighting.com.vn\/#website"},"primaryImageOfPage":{"@id":"https:\/\/aslighting.com.vn\/san-pham\/bong-cao-ap-sodium-nav-t-dang-thang-1000w-osram\/#primaryimage"},"image":{"@id":"https:\/\/aslighting.com.vn\/san-pham\/bong-cao-ap-sodium-nav-t-dang-thang-1000w-osram\/#primaryimage"},"thumbnailUrl":"\/wp-content\/uploads\/2022\/11\/20211002105121_30-nav-t07.png","datePublished":"2022-11-26T02:08:48+00:00","dateModified":"2023-06-23T03:20:41+00:00","description":"\u0110\u00e8n cao \u00e1p Sodium Nav-T d\u1ea1ng th\u1eb3ng 1000W Osram \u0111\u01b0\u1ee3c c\u00f4ng ty c\u1ed5 ph\u1ea7n thi\u1ebft b\u1ecb chi\u1ebfu s\u00e1ng \u00c1nh Sao cung c\u1ea5p t\u1edbi kh\u00e1ch h\u00e0ng: m\u00e3 ean, th\u00f4ng s\u1ed1 k\u1ef9 thu\u1eadt,...","breadcrumb":{"@id":"https:\/\/aslighting.com.vn\/san-pham\/bong-cao-ap-sodium-nav-t-dang-thang-1000w-osram\/#breadcrumb"},"inLanguage":"vi","potentialAction":[{"@type":"ReadAction","target":["https:\/\/aslighting.com.vn\/san-pham\/bong-cao-ap-sodium-nav-t-dang-thang-1000w-osram\/"]}]},{"@type":"ImageObject","inLanguage":"vi","@id":"https:\/\/aslighting.com.vn\/san-pham\/bong-cao-ap-sodium-nav-t-dang-thang-1000w-osram\/#primaryimage","url":"\/wp-content\/uploads\/2022\/11\/20211002105121_30-nav-t07.png","contentUrl":"\/wp-content\/uploads\/2022\/11\/20211002105121_30-nav-t07.png","width":900,"height":780},{"@type":"BreadcrumbList","@id":"https:\/\/aslighting.com.vn\/san-pham\/bong-cao-ap-sodium-nav-t-dang-thang-1000w-osram\/#breadcrumb","itemListElement":[{"@type":"ListItem","position":1,"name":"Trang ch\u1ee7","item":"https:\/\/aslighting.com.vn\/vi\/"},{"@type":"ListItem","position":2,"name":"S\u1ea3n ph\u1ea9m","item":"https:\/\/aslighting.com.vn\/en\/san-pham\/"},{"@type":"ListItem","position":3,"name":"B\u00d3NG CAO \u00c1P SODIUM NAV-T D\u1ea0NG TH\u1eb2NG 1000W OSRAM"}]},{"@type":"WebSite","@id":"https:\/\/aslighting.com.vn\/#website","url":"https:\/\/aslighting.com.vn\/","name":"C\u00f4ng Ty C\u1ed5 Ph\u1ea7n Gi\u1ea3i Ph\u00e1p Chi\u1ebfu S\u00e1ng To\u00e0n Di\u1ec7n \u00c1nh Sao","description":"","publisher":{"@id":"https:\/\/aslighting.com.vn\/#organization"},"potentialAction":[{"@type":"SearchAction","target":{"@type":"EntryPoint","urlTemplate":"https:\/\/aslighting.com.vn\/?s={search_term_string}"},"query-input":"required name=search_term_string"}],"inLanguage":"vi"},{"@type":"Organization","@id":"https:\/\/aslighting.com.vn\/#organization","name":"C\u00f4ng Ty C\u1ed5 Ph\u1ea7n Gi\u1ea3i Ph\u00e1p Chi\u1ebfu S\u00e1ng To\u00e0n Di\u1ec7n \u00c1nh Sao","url":"https:\/\/aslighting.com.vn\/","logo":{"@type":"ImageObject","inLanguage":"vi","@id":"https:\/\/aslighting.com.vn\/#\/schema\/logo\/image\/","url":"\/wp-content\/uploads\/2022\/10\/logo-ANHSAO.png","contentUrl":"\/wp-content\/uploads\/2022\/10\/logo-ANHSAO.png","width":1091,"height":360,"caption":"C\u00f4ng Ty C\u1ed5 Ph\u1ea7n Gi\u1ea3i Ph\u00e1p Chi\u1ebfu S\u00e1ng To\u00e0n Di\u1ec7n \u00c1nh Sao"},"image":{"@id":"https:\/\/aslighting.com.vn\/#\/schema\/logo\/image\/"}}]}},"_links":{"self":[{"href":"https:\/\/aslighting.com.vn\/vi\/wp-json\/wp\/v2\/product\/1649","targetHints":{"allow":["GET"]}}],"collection":[{"href":"https:\/\/aslighting.com.vn\/vi\/wp-json\/wp\/v2\/product"}],"about":[{"href":"https:\/\/aslighting.com.vn\/vi\/wp-json\/wp\/v2\/types\/product"}],"replies":[{"embeddable":true,"href":"https:\/\/aslighting.com.vn\/vi\/wp-json\/wp\/v2\/comments?post=1649"}],"wp:featuredmedia":[{"embeddable":true,"href":"https:\/\/aslighting.com.vn\/vi\/wp-json\/wp\/v2\/media\/3521"}],"wp:attachment":[{"href":"https:\/\/aslighting.com.vn\/vi\/wp-json\/wp\/v2\/media?parent=1649"}],"wp:term":[{"taxonomy":"product_brand","embeddable":true,"href":"https:\/\/aslighting.com.vn\/vi\/wp-json\/wp\/v2\/product_brand?post=1649"},{"taxonomy":"product_cat","embeddable":true,"href":"https:\/\/aslighting.com.vn\/vi\/wp-json\/wp\/v2\/product_cat?post=1649"},{"taxonomy":"product_tag","embeddable":true,"href":"https:\/\/aslighting.com.vn\/vi\/wp-json\/wp\/v2\/product_tag?post=1649"}],"curies":[{"name":"wp","href":"https:\/\/api.w.org\/{rel}","templated":true}]}}