{"id":1664,"date":"2022-11-26T09:32:20","date_gmt":"2022-11-26T02:32:20","guid":{"rendered":"https:\/\/aslighting.com.vn\/?post_type=product&#038;p=1664"},"modified":"2023-06-23T09:17:33","modified_gmt":"2023-06-23T02:17:33","slug":"kich-cao-ap-cd-7h-osram","status":"publish","type":"product","link":"https:\/\/aslighting.com.vn\/vi\/san-pham\/kich-cao-ap-cd-7h-osram\/","title":{"rendered":"K\u00cdCH CAO \u00c1P CD-7H OSRAM"},"content":{"rendered":"<p><span style=\"font-weight: 400;\"><a href=\"https:\/\/aslighting.com.vn\/vi\/san-pham\/kich-cao-ap-cd-7h-osram\/\"><span style=\"color: #000089;\"><strong>K\u00edch cao \u00e1p CD-7H<\/strong><\/span><\/a> l\u00e0 d\u00f2ng s\u1ea3n ph\u1ea9m ph\u1ee5 ki\u1ec7n v\u1ec1 d\u00f2ng cao \u00e1p c\u1ee7a h\u00e3ng Osram. T\u1ee5 \u0111\u00e8n gi\u00fap k\u00edch \u1ed5n \u0111\u1ecbnh \u0111i\u1ec7n \u00e1p t\u1ed1i \u0111a. H\u00e3y c\u00f9ng ch\u00fang t\u00f4i t\u00ecm hi\u1ec3u v\u1ec1 d\u00f2ng s\u1ea3n ph\u1ea9m n\u00e0y nh\u00e9.<\/span><\/p>\n<p><a href=\"https:\/\/aslighting.com.vn\/wp-content\/uploads\/2022\/11\/20211002165946_64-cd-7h1.png\"><img fetchpriority=\"high\" decoding=\"async\" class=\"aligncenter wp-image-4126\" src=\"https:\/\/aslighting.com.vn\/wp-content\/uploads\/2022\/11\/20211002165946_64-cd-7h1.png\" alt=\"\" width=\"500\" height=\"500\" srcset=\"\/wp-content\/uploads\/2022\/11\/20211002165946_64-cd-7h1.png 911w, \/wp-content\/uploads\/2022\/11\/20211002165946_64-cd-7h1-300x300.png 300w, \/wp-content\/uploads\/2022\/11\/20211002165946_64-cd-7h1-150x150.png 150w, \/wp-content\/uploads\/2022\/11\/20211002165946_64-cd-7h1-768x768.png 768w, \/wp-content\/uploads\/2022\/11\/20211002165946_64-cd-7h1-12x12.png 12w, \/wp-content\/uploads\/2022\/11\/20211002165946_64-cd-7h1-600x600.png 600w, \/wp-content\/uploads\/2022\/11\/20211002165946_64-cd-7h1-100x100.png 100w\" sizes=\"(max-width: 500px) 100vw, 500px\" \/><\/a><\/p>\n<p style=\"text-align: center;\"><span style=\"font-size: 10pt;\"><em><span style=\"font-weight: 400;\">T\u1ee5 k\u00edch cao \u00e1p CD-7H<\/span> Osram \u0111\u01b0\u1ee3c \u00c1nh Sao ph\u00e2n ph\u1ed1i ch\u00ednh h\u00e3ng<\/em><\/span><\/p>\n<h2><span style=\"color: #000080;\"><strong>I\/ \u0110\u1eb7c \u0111i\u1ec3m c\u1ee7a t\u1ee5 k\u00edch cao \u00e1p CD-7H<\/strong><\/span><\/h2>\n<h3><span style=\"color: #ff6600;\"><strong>1. Thi\u1ebft k\u1ebf<\/strong><\/span><\/h3>\n<ul>\n<li><span style=\"font-weight: 400;\">S\u1ea3n ph\u1ea9m \u0111\u01b0\u1ee3c thi\u1ebft k\u1ebf v\u1edbi ki\u1ec3u d\u00e1ng nh\u1ecf g\u1ecdn, \u0111\u1ea1t t\u00ednh th\u1ea9m m\u1ef9 cao.\u00a0<\/span><\/li>\n<li><span style=\"font-weight: 400;\">T\u1ee5 k\u00edch cao \u00e1p \u0111\u01b0\u1ee3c thi\u1ebft k\u1ebf theo ti\u00eau chu\u1ea9n qu\u1ed1c t\u1ebf, \u0111\u1ea3m b\u1ea3o t\u00ednh hi\u1ec7u qu\u1ea3 v\u00e0 an to\u00e0n khi s\u1eed d\u1ee5ng. \u0110\u1eb7c bi\u1ec7t t\u1ee5 k\u00edch \u0111\u1ea3m b\u1ea3o an to\u00e0n v\u1edbi m\u00f4i tr\u01b0\u1eddng, \u0111\u1ea3m b\u1ea3o an to\u00e0n v\u1ec1 \u0111i\u1ec7n.\u00a0<\/span><\/li>\n<li><span style=\"font-weight: 400;\">T\u1ee5 \u0111\u01b0\u1ee3c thi\u1ebft k\u1ebf h\u1ee3p l\u00fd, d\u1ec5 d\u00e0ng l\u1eafp \u0111\u1eb7t c\u00f9ng \u0111ui \u0111\u00e8n.<\/span><\/li>\n<li><span style=\"font-weight: 400;\">S\u1ea3n ph\u1ea9m an to\u00e0n khi s\u1eed d\u1ee5ng trong m\u1ecdi kh\u00f4ng gian v\u00e0 l\u00e0 m\u1ed9t trong nh\u1eefng s\u1ea3n ph\u1ea9m b\u00e1n ch\u1ea1y nh\u1ea5t c\u1ee7a d\u00f2ng <a href=\"https:\/\/aslighting.com.vn\/vi\/product-category\/osram\/osram-ledvance\/bong-cao-ap\/\"><span style=\"color: #000089;\"><strong>Osram cao \u00e1p<\/strong><\/span><\/a>.\u00a0<\/span><\/li>\n<\/ul>\n<h3><strong><span style=\"color: #ff6600;\">2. \u01afu \u0111i\u1ec3m n\u1ed5i b\u1eadt<\/span><\/strong><\/h3>\n<ul>\n<li><span style=\"font-weight: 400;\">Tu\u1ed5i th\u1ecd c\u1ee7a t\u1ee5 k\u00edch cao \u00e1p CD-7H l\u00ean t\u1edbi 30.000 gi\u1edd s\u1eed d\u1ee5ng, \u0111\u1ea3m b\u1ea3o t\u00ednh b\u1ec1n, ti\u1ebft ki\u1ec7m chi ph\u00ed t\u1ed1i \u0111a.<\/span><\/li>\n<li><span style=\"font-weight: 400;\">S\u1ea3n ph\u1ea9m khi \u0111\u1ebfn tay kh\u00e1ch h\u00e0ng \u0111\u01b0\u1ee3c b\u1ea3o h\u00e0nh trong th\u1eddi gian 1 n\u0103m, ti\u1ebft ki\u1ec7m chi ph\u00ed s\u1eeda ch\u1eefa.\u00a0<\/span><\/li>\n<li><span style=\"font-weight: 400;\">T\u1ee5 \u0111\u01b0\u1ee3c s\u1eed d\u1ee5ng v\u00e0 t\u00edch h\u1ee3p v\u1edbi \u0111i\u1ec7n \u00e1p 250V. \u0110\u00e2y l\u00e0 \u0111i\u1ec7n \u00e1p th\u00f4ng d\u1ee5ng tr\u00ean th\u1ecb tr\u01b0\u1eddng c\u0169ng nh\u01b0 d\u00f2ng s\u1ea3n ph\u1ea9m cao \u00e1p.\u00a0<\/span><\/li>\n<\/ul>\n<h3><strong><span style=\"color: #ff6600;\">3. Th\u00f4ng s\u1ed1 k\u1ef9 thu\u1eadt<\/span><\/strong><\/h3>\n<table style=\"width: 99.2497%; height: 208px;\" width=\"300\">\n<tbody>\n<tr style=\"height: 52px;\">\n<td style=\"width: 50.4446%; height: 52px; text-align: center;\"><strong>C\u00f4ng su\u1ea5t:<\/strong><\/td>\n<td style=\"width: 302.127%; height: 52px; text-align: center;\">70W-400W<\/td>\n<\/tr>\n<tr style=\"height: 52px;\">\n<td style=\"width: 50.4446%; height: 52px; text-align: center;\"><strong>Tu\u1ed5i th\u1ecd:<\/strong><\/td>\n<td style=\"width: 302.127%; height: 52px; text-align: center;\">30000h<\/td>\n<\/tr>\n<tr style=\"height: 52px;\">\n<td style=\"width: 50.4446%; height: 52px; text-align: center;\"><strong>K\u00edch th\u01b0\u1edbc:<\/strong><\/td>\n<td style=\"width: 302.127%; height: 52px; text-align: center;\">82mm x 32mm x 29mm<\/td>\n<\/tr>\n<tr style=\"height: 52px;\">\n<td style=\"width: 50.4446%; height: 52px; text-align: center;\"><strong>B\u1ea3o h\u00e0nh:<\/strong><\/td>\n<td style=\"width: 302.127%; height: 52px; text-align: center;\">6 th\u00e1ng<\/td>\n<\/tr>\n<\/tbody>\n<\/table>\n<h2><strong><span style=\"color: #000080;\">II\/ \u1ee8ng d\u1ee5ng c\u1ee7a t\u1ee5 k\u00edch cao \u00e1p CD-7H<\/span><\/strong><\/h2>\n<p><span style=\"font-weight: 400;\">T\u1ee5 CD-7H \u0111\u01b0\u1ee3c d\u00f9ng l\u00e0 ph\u1ee5 ki\u1ec7n ph\u1ee5 tr\u1ee3 cho c\u00e1c d\u00f2ng b\u00f3ng \u0111\u00e8n cao \u00e1p. Th\u01b0\u1eddng \u0111\u01b0\u1ee3c s\u1eed d\u1ee5ng trong c\u00e1c khu c\u00f4ng nghi\u1ec7p, khu c\u00f4ng ngh\u1ec7 cao, c\u00e1c khu nh\u00e0 x\u01b0\u1edfng c\u00f3 di\u1ec7n t\u00edch r\u1ed9ng.\u00a0<\/span><\/p>\n<p><a href=\"https:\/\/aslighting.com.vn\/wp-content\/uploads\/2022\/11\/den-duong-led-100w-gia-re.jpg\"><img decoding=\"async\" class=\"wp-image-4116 aligncenter lazyload\" data-src=\"https:\/\/aslighting.com.vn\/wp-content\/uploads\/2022\/11\/den-duong-led-100w-gia-re.jpg\" alt=\"\" width=\"600\" height=\"338\" data-srcset=\"\/wp-content\/uploads\/2022\/11\/den-duong-led-100w-gia-re.jpg 752w, \/wp-content\/uploads\/2022\/11\/den-duong-led-100w-gia-re-300x169.jpg 300w, \/wp-content\/uploads\/2022\/11\/den-duong-led-100w-gia-re-18x10.jpg 18w, \/wp-content\/uploads\/2022\/11\/den-duong-led-100w-gia-re-600x338.jpg 600w\" data-sizes=\"(max-width: 600px) 100vw, 600px\" src=\"data:image\/svg+xml;base64,PHN2ZyB3aWR0aD0iMSIgaGVpZ2h0PSIxIiB4bWxucz0iaHR0cDovL3d3dy53My5vcmcvMjAwMC9zdmciPjwvc3ZnPg==\" style=\"--smush-placeholder-width: 600px; --smush-placeholder-aspect-ratio: 600\/338;\" \/><\/a><\/p>\n<h2><span style=\"color: #000080;\"><strong>III\/ M\u00e3 EAN<\/strong><\/span><\/h2>\n<table width=\"676\">\n<tbody>\n<tr>\n<td width=\"117\">Product code<\/td>\n<td width=\"142\">Product description<\/td>\n<td width=\"141\">Packaging unit<br \/>\n(Pieces\/Unit)<\/td>\n<td width=\"148\">Dimensions (length<br \/>\nx width x height)<\/td>\n<td width=\"64\">Volume<\/td>\n<td width=\"64\">Gross weight<\/td>\n<\/tr>\n<tr>\n<td>4008321009449<\/td>\n<td>-7H\/220\u2026240<\/td>\n<td width=\"141\">Shipping carton box<br \/>\n96<\/td>\n<td>428 mm x 223 mm x 166 mm<\/td>\n<td>15.84 dm\u00b3<\/td>\n<td>14830.00 g<\/td>\n<\/tr>\n<tr>\n<td>4008321244154<\/td>\n<td>-7H\/220\u2026240<\/td>\n<td width=\"141\">Shipping carton box<br \/>\n96<\/td>\n<td>428 mm x 223 mm x 166 mm<\/td>\n<td>15.84 dm\u00b3<\/td>\n<td>14830.00 g<\/td>\n<\/tr>\n<\/tbody>\n<\/table>\n<p>&nbsp;<\/p>\n<p style=\"text-align: justify;\"><a href=\"https:\/\/drive.google.com\/file\/d\/1vtT14ggJADaprcUsnb6UkIkfM2lfy0WH\/view?usp=sharing\"><img decoding=\"async\" class=\"size-medium wp-image-4530 aligncenter lazyload\" data-src=\"https:\/\/aslighting.com.vn\/wp-content\/uploads\/2022\/11\/button_tai-catalogue-tai-day-1-300x49.png\" alt=\"\" width=\"300\" height=\"49\" data-srcset=\"\/wp-content\/uploads\/2022\/11\/button_tai-catalogue-tai-day-1-300x49.png 300w, \/wp-content\/uploads\/2022\/11\/button_tai-catalogue-tai-day-1-18x3.png 18w, \/wp-content\/uploads\/2022\/11\/button_tai-catalogue-tai-day-1.png 407w\" data-sizes=\"(max-width: 300px) 100vw, 300px\" src=\"data:image\/svg+xml;base64,PHN2ZyB3aWR0aD0iMSIgaGVpZ2h0PSIxIiB4bWxucz0iaHR0cDovL3d3dy53My5vcmcvMjAwMC9zdmciPjwvc3ZnPg==\" style=\"--smush-placeholder-width: 300px; --smush-placeholder-aspect-ratio: 300\/49;\" \/><\/a><\/p>\n","protected":false},"excerpt":{"rendered":"<p><b>C\u00f4ng su\u1ea5t:\u00a0<\/b>70W-400W<\/p>\n<p><strong>\u0110i\u1ec7n \u00e1p:<\/strong> 220V-240V<\/p>\n<p><strong>DIM:<\/strong> NO<\/p>\n<p><strong>K\u00edch th\u01b0\u1edbc:<\/strong> 82mm x 32mm x 29mm<\/p>\n<p><strong>Tu\u1ed5i th\u1ecd:<\/strong> 30.000 gi\u1edd<\/p>\n<p><strong>B\u1ea3o h\u00e0nh:<\/strong> 6 th\u00e1ng<\/p>\n","protected":false},"featured_media":3526,"comment_status":"open","ping_status":"closed","template":"","meta":[],"product_brand":[],"product_cat":[147,163,49,72],"product_tag":[],"class_list":{"0":"post-1664","1":"product","2":"type-product","3":"status-publish","4":"has-post-thumbnail","6":"product_cat-bong-cao-ap","7":"product_cat-kich-cao-ap-cd-7h-osram","8":"product_cat-osram","9":"product_cat-osram-ledvance","11":"first","12":"instock","13":"shipping-taxable","14":"product-type-simple"},"yoast_head":"<!-- This site is optimized with the Yoast SEO Premium plugin v22.0 (Yoast SEO v22.5) - https:\/\/yoast.com\/wordpress\/plugins\/seo\/ -->\n<title>T\u1ee5 k\u00edch cao \u00e1p CD-7H Osram ch\u00ednh h\u00e3ng gi\u00e1 t\u1ed1t nh\u1ea5t<\/title>\n<meta name=\"description\" content=\"T\u1ee5 k\u00edch cao \u00e1p CD-7H Osram \u0111\u01b0\u1ee3c c\u00f4ng ty c\u1ed5 ph\u1ea7n thi\u1ebft b\u1ecb chi\u1ebfu s\u00e1ng \u00c1nh Sao cung c\u1ea5p t\u1edbi kh\u00e1ch h\u00e0ng: m\u00e3 ean, th\u00f4ng s\u1ed1 k\u1ef9 thu\u1eadt, \u0111\u1ed9 r\u1ecdi...\" \/>\n<meta name=\"robots\" content=\"index, follow, max-snippet:-1, max-image-preview:large, max-video-preview:-1\" \/>\n<link rel=\"canonical\" href=\"https:\/\/aslighting.com.vn\/vi\/san-pham\/kich-cao-ap-cd-7h-osram\/\" \/>\n<meta property=\"og:locale\" content=\"vi_VN\" \/>\n<meta property=\"og:type\" content=\"article\" \/>\n<meta property=\"og:title\" content=\"K\u00cdCH CAO \u00c1P CD-7H OSRAM\" \/>\n<meta property=\"og:description\" content=\"T\u1ee5 k\u00edch cao \u00e1p CD-7H Osram \u0111\u01b0\u1ee3c c\u00f4ng ty c\u1ed5 ph\u1ea7n thi\u1ebft b\u1ecb chi\u1ebfu s\u00e1ng \u00c1nh Sao cung c\u1ea5p t\u1edbi kh\u00e1ch h\u00e0ng: m\u00e3 ean, th\u00f4ng s\u1ed1 k\u1ef9 thu\u1eadt, \u0111\u1ed9 r\u1ecdi...\" \/>\n<meta property=\"og:url\" content=\"https:\/\/aslighting.com.vn\/vi\/san-pham\/kich-cao-ap-cd-7h-osram\/\" \/>\n<meta property=\"og:site_name\" content=\"C\u00f4ng Ty C\u1ed5 Ph\u1ea7n Gi\u1ea3i Ph\u00e1p Chi\u1ebfu S\u00e1ng To\u00e0n Di\u1ec7n \u00c1nh Sao\" \/>\n<meta property=\"article:modified_time\" content=\"2023-06-23T02:17:33+00:00\" \/>\n<meta property=\"og:image\" content=\"https:\/\/aslighting.com.vn\/wp-content\/uploads\/2022\/11\/20211002165946_64-cd-7h13.png\" \/>\n\t<meta property=\"og:image:width\" content=\"900\" \/>\n\t<meta property=\"og:image:height\" content=\"780\" \/>\n\t<meta property=\"og:image:type\" content=\"image\/png\" \/>\n<meta name=\"twitter:card\" content=\"summary_large_image\" \/>\n<meta name=\"twitter:label1\" content=\"\u01af\u1edbc t\u00ednh th\u1eddi gian \u0111\u1ecdc\" \/>\n\t<meta name=\"twitter:data1\" content=\"3 ph\u00fat\" \/>\n<script type=\"application\/ld+json\" class=\"yoast-schema-graph\">{\"@context\":\"https:\/\/schema.org\",\"@graph\":[{\"@type\":\"WebPage\",\"@id\":\"https:\/\/aslighting.com.vn\/san-pham\/kich-cao-ap-cd-7h-osram\/\",\"url\":\"https:\/\/aslighting.com.vn\/san-pham\/kich-cao-ap-cd-7h-osram\/\",\"name\":\"T\u1ee5 k\u00edch cao \u00e1p CD-7H Osram ch\u00ednh h\u00e3ng gi\u00e1 t\u1ed1t nh\u1ea5t\",\"isPartOf\":{\"@id\":\"https:\/\/aslighting.com.vn\/#website\"},\"primaryImageOfPage\":{\"@id\":\"https:\/\/aslighting.com.vn\/san-pham\/kich-cao-ap-cd-7h-osram\/#primaryimage\"},\"image\":{\"@id\":\"https:\/\/aslighting.com.vn\/san-pham\/kich-cao-ap-cd-7h-osram\/#primaryimage\"},\"thumbnailUrl\":\"\/wp-content\/uploads\/2022\/11\/20211002165946_64-cd-7h13.png\",\"datePublished\":\"2022-11-26T02:32:20+00:00\",\"dateModified\":\"2023-06-23T02:17:33+00:00\",\"description\":\"T\u1ee5 k\u00edch cao \u00e1p CD-7H Osram \u0111\u01b0\u1ee3c c\u00f4ng ty c\u1ed5 ph\u1ea7n thi\u1ebft b\u1ecb chi\u1ebfu s\u00e1ng \u00c1nh Sao cung c\u1ea5p t\u1edbi kh\u00e1ch h\u00e0ng: m\u00e3 ean, th\u00f4ng s\u1ed1 k\u1ef9 thu\u1eadt, \u0111\u1ed9 r\u1ecdi...\",\"breadcrumb\":{\"@id\":\"https:\/\/aslighting.com.vn\/san-pham\/kich-cao-ap-cd-7h-osram\/#breadcrumb\"},\"inLanguage\":\"vi\",\"potentialAction\":[{\"@type\":\"ReadAction\",\"target\":[\"https:\/\/aslighting.com.vn\/san-pham\/kich-cao-ap-cd-7h-osram\/\"]}]},{\"@type\":\"ImageObject\",\"inLanguage\":\"vi\",\"@id\":\"https:\/\/aslighting.com.vn\/san-pham\/kich-cao-ap-cd-7h-osram\/#primaryimage\",\"url\":\"\/wp-content\/uploads\/2022\/11\/20211002165946_64-cd-7h13.png\",\"contentUrl\":\"\/wp-content\/uploads\/2022\/11\/20211002165946_64-cd-7h13.png\",\"width\":900,\"height\":780},{\"@type\":\"BreadcrumbList\",\"@id\":\"https:\/\/aslighting.com.vn\/san-pham\/kich-cao-ap-cd-7h-osram\/#breadcrumb\",\"itemListElement\":[{\"@type\":\"ListItem\",\"position\":1,\"name\":\"Trang ch\u1ee7\",\"item\":\"https:\/\/aslighting.com.vn\/vi\/\"},{\"@type\":\"ListItem\",\"position\":2,\"name\":\"S\u1ea3n ph\u1ea9m\",\"item\":\"https:\/\/aslighting.com.vn\/en\/san-pham\/\"},{\"@type\":\"ListItem\",\"position\":3,\"name\":\"K\u00cdCH CAO \u00c1P CD-7H OSRAM\"}]},{\"@type\":\"WebSite\",\"@id\":\"https:\/\/aslighting.com.vn\/#website\",\"url\":\"https:\/\/aslighting.com.vn\/\",\"name\":\"C\u00f4ng Ty C\u1ed5 Ph\u1ea7n Gi\u1ea3i Ph\u00e1p Chi\u1ebfu S\u00e1ng To\u00e0n Di\u1ec7n \u00c1nh Sao\",\"description\":\"\",\"publisher\":{\"@id\":\"https:\/\/aslighting.com.vn\/#organization\"},\"potentialAction\":[{\"@type\":\"SearchAction\",\"target\":{\"@type\":\"EntryPoint\",\"urlTemplate\":\"https:\/\/aslighting.com.vn\/?s={search_term_string}\"},\"query-input\":\"required name=search_term_string\"}],\"inLanguage\":\"vi\"},{\"@type\":\"Organization\",\"@id\":\"https:\/\/aslighting.com.vn\/#organization\",\"name\":\"C\u00f4ng Ty C\u1ed5 Ph\u1ea7n Gi\u1ea3i Ph\u00e1p Chi\u1ebfu S\u00e1ng To\u00e0n Di\u1ec7n \u00c1nh Sao\",\"url\":\"https:\/\/aslighting.com.vn\/\",\"logo\":{\"@type\":\"ImageObject\",\"inLanguage\":\"vi\",\"@id\":\"https:\/\/aslighting.com.vn\/#\/schema\/logo\/image\/\",\"url\":\"\/wp-content\/uploads\/2022\/10\/logo-ANHSAO.png\",\"contentUrl\":\"\/wp-content\/uploads\/2022\/10\/logo-ANHSAO.png\",\"width\":1091,\"height\":360,\"caption\":\"C\u00f4ng Ty C\u1ed5 Ph\u1ea7n Gi\u1ea3i Ph\u00e1p Chi\u1ebfu S\u00e1ng To\u00e0n Di\u1ec7n \u00c1nh Sao\"},\"image\":{\"@id\":\"https:\/\/aslighting.com.vn\/#\/schema\/logo\/image\/\"}}]}<\/script>\n<!-- \/ Yoast SEO Premium plugin. -->","yoast_head_json":{"title":"T\u1ee5 k\u00edch cao \u00e1p CD-7H Osram ch\u00ednh h\u00e3ng gi\u00e1 t\u1ed1t nh\u1ea5t","description":"T\u1ee5 k\u00edch cao \u00e1p CD-7H Osram \u0111\u01b0\u1ee3c c\u00f4ng ty c\u1ed5 ph\u1ea7n thi\u1ebft b\u1ecb chi\u1ebfu s\u00e1ng \u00c1nh Sao cung c\u1ea5p t\u1edbi kh\u00e1ch h\u00e0ng: m\u00e3 ean, th\u00f4ng s\u1ed1 k\u1ef9 thu\u1eadt, \u0111\u1ed9 r\u1ecdi...","robots":{"index":"index","follow":"follow","max-snippet":"max-snippet:-1","max-image-preview":"max-image-preview:large","max-video-preview":"max-video-preview:-1"},"canonical":"https:\/\/aslighting.com.vn\/vi\/san-pham\/kich-cao-ap-cd-7h-osram\/","og_locale":"vi_VN","og_type":"article","og_title":"K\u00cdCH CAO \u00c1P CD-7H OSRAM","og_description":"T\u1ee5 k\u00edch cao \u00e1p CD-7H Osram \u0111\u01b0\u1ee3c c\u00f4ng ty c\u1ed5 ph\u1ea7n thi\u1ebft b\u1ecb chi\u1ebfu s\u00e1ng \u00c1nh Sao cung c\u1ea5p t\u1edbi kh\u00e1ch h\u00e0ng: m\u00e3 ean, th\u00f4ng s\u1ed1 k\u1ef9 thu\u1eadt, \u0111\u1ed9 r\u1ecdi...","og_url":"https:\/\/aslighting.com.vn\/vi\/san-pham\/kich-cao-ap-cd-7h-osram\/","og_site_name":"C\u00f4ng Ty C\u1ed5 Ph\u1ea7n Gi\u1ea3i Ph\u00e1p Chi\u1ebfu S\u00e1ng To\u00e0n Di\u1ec7n \u00c1nh Sao","article_modified_time":"2023-06-23T02:17:33+00:00","og_image":[{"width":900,"height":780,"url":"https:\/\/aslighting.com.vn\/wp-content\/uploads\/2022\/11\/20211002165946_64-cd-7h13.png","type":"image\/png"}],"twitter_card":"summary_large_image","twitter_misc":{"\u01af\u1edbc t\u00ednh th\u1eddi gian \u0111\u1ecdc":"3 ph\u00fat"},"schema":{"@context":"https:\/\/schema.org","@graph":[{"@type":"WebPage","@id":"https:\/\/aslighting.com.vn\/san-pham\/kich-cao-ap-cd-7h-osram\/","url":"https:\/\/aslighting.com.vn\/san-pham\/kich-cao-ap-cd-7h-osram\/","name":"T\u1ee5 k\u00edch cao \u00e1p CD-7H Osram ch\u00ednh h\u00e3ng gi\u00e1 t\u1ed1t nh\u1ea5t","isPartOf":{"@id":"https:\/\/aslighting.com.vn\/#website"},"primaryImageOfPage":{"@id":"https:\/\/aslighting.com.vn\/san-pham\/kich-cao-ap-cd-7h-osram\/#primaryimage"},"image":{"@id":"https:\/\/aslighting.com.vn\/san-pham\/kich-cao-ap-cd-7h-osram\/#primaryimage"},"thumbnailUrl":"\/wp-content\/uploads\/2022\/11\/20211002165946_64-cd-7h13.png","datePublished":"2022-11-26T02:32:20+00:00","dateModified":"2023-06-23T02:17:33+00:00","description":"T\u1ee5 k\u00edch cao \u00e1p CD-7H Osram \u0111\u01b0\u1ee3c c\u00f4ng ty c\u1ed5 ph\u1ea7n thi\u1ebft b\u1ecb chi\u1ebfu s\u00e1ng \u00c1nh Sao cung c\u1ea5p t\u1edbi kh\u00e1ch h\u00e0ng: m\u00e3 ean, th\u00f4ng s\u1ed1 k\u1ef9 thu\u1eadt, \u0111\u1ed9 r\u1ecdi...","breadcrumb":{"@id":"https:\/\/aslighting.com.vn\/san-pham\/kich-cao-ap-cd-7h-osram\/#breadcrumb"},"inLanguage":"vi","potentialAction":[{"@type":"ReadAction","target":["https:\/\/aslighting.com.vn\/san-pham\/kich-cao-ap-cd-7h-osram\/"]}]},{"@type":"ImageObject","inLanguage":"vi","@id":"https:\/\/aslighting.com.vn\/san-pham\/kich-cao-ap-cd-7h-osram\/#primaryimage","url":"\/wp-content\/uploads\/2022\/11\/20211002165946_64-cd-7h13.png","contentUrl":"\/wp-content\/uploads\/2022\/11\/20211002165946_64-cd-7h13.png","width":900,"height":780},{"@type":"BreadcrumbList","@id":"https:\/\/aslighting.com.vn\/san-pham\/kich-cao-ap-cd-7h-osram\/#breadcrumb","itemListElement":[{"@type":"ListItem","position":1,"name":"Trang ch\u1ee7","item":"https:\/\/aslighting.com.vn\/vi\/"},{"@type":"ListItem","position":2,"name":"S\u1ea3n ph\u1ea9m","item":"https:\/\/aslighting.com.vn\/en\/san-pham\/"},{"@type":"ListItem","position":3,"name":"K\u00cdCH CAO \u00c1P CD-7H OSRAM"}]},{"@type":"WebSite","@id":"https:\/\/aslighting.com.vn\/#website","url":"https:\/\/aslighting.com.vn\/","name":"C\u00f4ng Ty C\u1ed5 Ph\u1ea7n Gi\u1ea3i Ph\u00e1p Chi\u1ebfu S\u00e1ng To\u00e0n Di\u1ec7n \u00c1nh Sao","description":"","publisher":{"@id":"https:\/\/aslighting.com.vn\/#organization"},"potentialAction":[{"@type":"SearchAction","target":{"@type":"EntryPoint","urlTemplate":"https:\/\/aslighting.com.vn\/?s={search_term_string}"},"query-input":"required name=search_term_string"}],"inLanguage":"vi"},{"@type":"Organization","@id":"https:\/\/aslighting.com.vn\/#organization","name":"C\u00f4ng Ty C\u1ed5 Ph\u1ea7n Gi\u1ea3i Ph\u00e1p Chi\u1ebfu S\u00e1ng To\u00e0n Di\u1ec7n \u00c1nh Sao","url":"https:\/\/aslighting.com.vn\/","logo":{"@type":"ImageObject","inLanguage":"vi","@id":"https:\/\/aslighting.com.vn\/#\/schema\/logo\/image\/","url":"\/wp-content\/uploads\/2022\/10\/logo-ANHSAO.png","contentUrl":"\/wp-content\/uploads\/2022\/10\/logo-ANHSAO.png","width":1091,"height":360,"caption":"C\u00f4ng Ty C\u1ed5 Ph\u1ea7n Gi\u1ea3i Ph\u00e1p Chi\u1ebfu S\u00e1ng To\u00e0n Di\u1ec7n \u00c1nh Sao"},"image":{"@id":"https:\/\/aslighting.com.vn\/#\/schema\/logo\/image\/"}}]}},"_links":{"self":[{"href":"https:\/\/aslighting.com.vn\/vi\/wp-json\/wp\/v2\/product\/1664","targetHints":{"allow":["GET"]}}],"collection":[{"href":"https:\/\/aslighting.com.vn\/vi\/wp-json\/wp\/v2\/product"}],"about":[{"href":"https:\/\/aslighting.com.vn\/vi\/wp-json\/wp\/v2\/types\/product"}],"replies":[{"embeddable":true,"href":"https:\/\/aslighting.com.vn\/vi\/wp-json\/wp\/v2\/comments?post=1664"}],"wp:featuredmedia":[{"embeddable":true,"href":"https:\/\/aslighting.com.vn\/vi\/wp-json\/wp\/v2\/media\/3526"}],"wp:attachment":[{"href":"https:\/\/aslighting.com.vn\/vi\/wp-json\/wp\/v2\/media?parent=1664"}],"wp:term":[{"taxonomy":"product_brand","embeddable":true,"href":"https:\/\/aslighting.com.vn\/vi\/wp-json\/wp\/v2\/product_brand?post=1664"},{"taxonomy":"product_cat","embeddable":true,"href":"https:\/\/aslighting.com.vn\/vi\/wp-json\/wp\/v2\/product_cat?post=1664"},{"taxonomy":"product_tag","embeddable":true,"href":"https:\/\/aslighting.com.vn\/vi\/wp-json\/wp\/v2\/product_tag?post=1664"}],"curies":[{"name":"wp","href":"https:\/\/api.w.org\/{rel}","templated":true}]}}