{"id":1801,"date":"2022-11-28T09:51:30","date_gmt":"2022-11-28T02:51:30","guid":{"rendered":"https:\/\/aslighting.com.vn\/?post_type=product&#038;p=1801"},"modified":"2023-06-09T17:50:42","modified_gmt":"2023-06-09T10:50:42","slug":"o-cam-co-khoa-lien-dong-5108a-mennekes","status":"publish","type":"product","link":"https:\/\/aslighting.com.vn\/vi\/san-pham\/o-cam-co-khoa-lien-dong-5108a-mennekes\/","title":{"rendered":"\u1ed4 C\u1eaeM C\u00d3 KH\u00d3A LI\u00caN \u0110\u1ed8NG 5108A MENNEKES"},"content":{"rendered":"<p style=\"text-align: justify;\"><span style=\"font-weight: 400;\">D\u00f2ng s\u1ea3n ph\u1ea9m \u1ed5 c\u1eafm c\u00f3 kh\u00f3a li\u00ean \u0111\u1ed9ng <strong>5108A<\/strong> Mennekes \u0111\u01b0\u1ee3c bi\u1ebft \u0111\u1ebfn v\u1edbi nhi\u1ec1u t\u00ednh n\u0103ng \u01b0u vi\u1ec7t \u0111\u01b0\u1ee3c nhi\u1ec1u ng\u01b0\u1eddi \u01b0a chu\u1ed9ng s\u1eed d\u1ee5ng c\u1ee7a d\u00f2ng \u1ed5 c\u1eafm. H\u00e3y c\u00f9ng t\u00ecm hi\u1ec3u chi ti\u1ebft d\u00f2ng s\u1ea3n ph\u1ea9m n\u00e0y nh\u00e9.\u00a0<\/span><\/p>\n<p><a href=\"https:\/\/aslighting.com.vn\/wp-content\/uploads\/2022\/11\/20210922152210_313.png\"><img fetchpriority=\"high\" decoding=\"async\" class=\"aligncenter wp-image-5088\" src=\"https:\/\/aslighting.com.vn\/wp-content\/uploads\/2022\/11\/20210922152210_313.png\" alt=\"\" width=\"500\" height=\"500\" srcset=\"\/wp-content\/uploads\/2022\/11\/20210922152210_313.png 900w, \/wp-content\/uploads\/2022\/11\/20210922152210_313-300x300.png 300w, \/wp-content\/uploads\/2022\/11\/20210922152210_313-150x150.png 150w, \/wp-content\/uploads\/2022\/11\/20210922152210_313-768x768.png 768w, \/wp-content\/uploads\/2022\/11\/20210922152210_313-12x12.png 12w, \/wp-content\/uploads\/2022\/11\/20210922152210_313-600x600.png 600w, \/wp-content\/uploads\/2022\/11\/20210922152210_313-100x100.png 100w\" sizes=\"(max-width: 500px) 100vw, 500px\" \/><\/a><\/p>\n<p style=\"text-align: center;\"><span style=\"font-size: 10pt;\"><em>\u1ed4 c\u1eafm c\u00f3 kho\u00e1 li\u00ean \u0111\u1ed9ng 5108A Mennekes \u0111\u01b0\u1ee3c ph\u00e2n ph\u1ed1i ch\u00ednh h\u00e3ng t\u1ea1i Aslighting<\/em><\/span><\/p>\n<h2 style=\"text-align: justify;\"><span style=\"font-size: 18pt; color: #000080;\"><strong>I\/ \u0110\u1eb7c \u0111i\u1ec3m c\u1ee7a \u1ed5 c\u1eafm c\u00f3 kh\u00f3a li\u00ean \u0111\u1ed9ng 5108A Mennekes<\/strong><\/span><\/h2>\n<h3><span style=\"font-size: 14pt; color: #ff6600;\"><strong>1. Thi\u1ebft k\u1ebf<\/strong><\/span><\/h3>\n<ul>\n<li style=\"text-align: justify;\"><span style=\"font-weight: 400;\">S\u1ea3n ph\u1ea9m \u0111\u01b0\u1ee3c thi\u1ebft k\u1ebf nh\u1ecf g\u1ecdn,\u0111\u01a1n gi\u1ea3n nh\u01b0ng kh\u00f4ng k\u00e9m ph\u1ea7n tinh t\u1ebf.\u00a0<\/span><\/li>\n<li style=\"text-align: justify;\"><span style=\"font-weight: 400;\">\u00d4 c\u1eafm c\u00f3 kh\u00f3a li\u00ean \u0111\u1ed9ng 5108A \u0111\u01b0\u1ee3c thi\u1ebft k\u1ebf b\u1eb1ng c\u00e1c nguy\u00ean v\u1eadt li\u1ec7u c\u00e1c h\u1ea1t nh\u1ef1a ch\u1ea5t l\u01b0\u1ee3ng cao, th\u00e2n thi\u1ec7n v\u1edbi m\u00f4i tr\u01b0\u1eddng, an to\u00e0n cho ng\u01b0\u1eddi s\u1eed d\u1ee5ng.\u00a0<\/span><\/li>\n<li style=\"text-align: justify;\"><span style=\"font-weight: 400;\">S\u1ea3n ph\u1ea9m \u0111\u01b0\u1ee3c thi\u1ebft k\u1ebf \u0111\u1eb7c bi\u1ec7t h\u01a1n c\u00e1c s\u1ea3n ph\u1ea9m \u1ed5 c\u1eafm th\u00f4ng th\u01b0\u1eddng kh\u00e1c b\u1edfi c\u00f3 kho\u00e1 li\u00ean \u0111\u1ed9ng gi\u00fap \u0111\u1ea3m b\u1ea3o an to\u00e0n khi s\u1eed d\u1ee5ng.\u00a0<\/span><\/li>\n<\/ul>\n<p>&nbsp;<\/p>\n<p><a href=\"https:\/\/aslighting.com.vn\/wp-content\/uploads\/2022\/11\/20210922152210_111.png\"><img decoding=\"async\" class=\"aligncenter wp-image-5089 lazyload\" data-src=\"https:\/\/aslighting.com.vn\/wp-content\/uploads\/2022\/11\/20210922152210_111.png\" alt=\"\" width=\"500\" height=\"500\" data-srcset=\"\/wp-content\/uploads\/2022\/11\/20210922152210_111.png 900w, \/wp-content\/uploads\/2022\/11\/20210922152210_111-300x300.png 300w, \/wp-content\/uploads\/2022\/11\/20210922152210_111-150x150.png 150w, \/wp-content\/uploads\/2022\/11\/20210922152210_111-768x768.png 768w, \/wp-content\/uploads\/2022\/11\/20210922152210_111-12x12.png 12w, \/wp-content\/uploads\/2022\/11\/20210922152210_111-600x600.png 600w, \/wp-content\/uploads\/2022\/11\/20210922152210_111-100x100.png 100w\" data-sizes=\"(max-width: 500px) 100vw, 500px\" src=\"data:image\/svg+xml;base64,PHN2ZyB3aWR0aD0iMSIgaGVpZ2h0PSIxIiB4bWxucz0iaHR0cDovL3d3dy53My5vcmcvMjAwMC9zdmciPjwvc3ZnPg==\" style=\"--smush-placeholder-width: 500px; --smush-placeholder-aspect-ratio: 500\/500;\" \/><\/a><\/p>\n<p style=\"text-align: center;\"><span style=\"font-size: 10pt;\"><em>S\u1ea3n ph\u1ea9m \u0111\u01b0\u1ee3c thi\u1ebft k\u1ebf nh\u1ecf g\u1ecdn, tinh t\u1ebf<\/em><\/span><\/p>\n<h3 style=\"text-align: justify;\"><span style=\"font-size: 14pt; color: #ff6600;\"><strong>2. \u01afu \u0111i\u1ec3m n\u1ed5i b\u1eadt<\/strong><\/span><\/h3>\n<ul>\n<li style=\"text-align: justify;\"><span style=\"font-weight: 400;\">\u1ed4 c\u1eafm c\u00f3 kh\u00f3a li\u00ean \u0111\u1ed9ng 5108A c\u1ee7a Mennekes \u0111\u00e1p \u1ee9ng m\u1ecdi nhu c\u1ea7u v\u1ec1 k\u1ebft n\u1ed1i, nhi\u1ec1u t\u00f9y ch\u1ecdn tr\u00ean c\u00f9ng thi\u1ebft b\u1ecb.\u00a0<\/span><\/li>\n<li style=\"text-align: justify;\"><span style=\"font-weight: 400;\">S\u1ea3n ph\u1ea9m c\u00f3 kh\u1ea3 n\u0103ng ch\u1ed1ng l\u1ea1i h\u00f3a ch\u1ea5t cao trong m\u00f4i tr\u01b0\u1eddng kh\u1eafc nghi\u1ec7t c\u0169ng nh\u01b0 b\u1ee5i b\u1ea9n \u0111\u1ea3m b\u1ea3o an to\u00e0n v\u1ec1 \u0111i\u1ec7n.\u00a0<\/span><\/li>\n<li style=\"text-align: justify;\"><span style=\"font-weight: 400;\">\u0110i\u1ec7n \u00e1p \u1ed5 c\u1eafm t\u01b0\u01a1ng th\u00edch l\u00e0 400V, t\u1ea7n s\u1ed1 s\u1eed d\u1ee5ng 50-60Hz \u0111\u1ea3m b\u1ea3o ho\u1ea1t \u0111\u1ed9ng t\u1ed1t trong qu\u00e1 tr\u00ecnh s\u1eed d\u1ee5ng \u1ed5 c\u1eafm.\u00a0<\/span><\/li>\n<li style=\"text-align: justify;\"><span style=\"font-weight: 400;\">\u00d4 c\u1eafm 5081A \u0111\u1ea1t ti\u00eau chu\u1ea9n qu\u1ed1c t\u1ebf IP44 v\u1ec1 \u0111\u1ed9 an to\u00e0n v\u00e0 \u0111\u1ed9 b\u1ec1n.<\/span><\/li>\n<\/ul>\n<h2 style=\"text-align: justify;\"><span style=\"font-size: 18pt; color: #000080;\"><strong>II\/ Th\u00f4ng s\u1ed1 k\u1ef9 thu\u1eadt<\/strong><\/span><\/h2>\n<table style=\"width: 99.3347%; height: 192px;\" width=\"290\">\n<tbody>\n<tr style=\"height: 24px;\">\n<td style=\"width: 50.2123%; text-align: center; height: 24px;\"><strong>Lo\u1ea1i:<\/strong><\/td>\n<td style=\"width: 315.413%; text-align: center; height: 24px;\">\u1ed4 c\u1eafm c\u00f3 kh\u00f3a li\u00ean \u0111\u1ed9ng<\/td>\n<\/tr>\n<tr style=\"height: 24px;\">\n<td style=\"width: 50.2123%; text-align: center; height: 24px;\"><strong>S\u1ed1 c\u1ef1c:<\/strong><\/td>\n<td style=\"width: 315.413%; text-align: center; height: 24px;\">5P (3P+N+E)<\/td>\n<\/tr>\n<tr style=\"height: 24px;\">\n<td style=\"width: 50.2123%; text-align: center; height: 24px;\"><strong>D\u00f2ng \u0111\u1ecbnh m\u1ee9c:<\/strong><\/td>\n<td style=\"width: 315.413%; text-align: center; height: 24px;\">32A<\/td>\n<\/tr>\n<tr style=\"height: 24px;\">\n<td style=\"width: 50.2123%; text-align: center; height: 24px;\"><strong>\u0110i\u1ec7n \u00e1p:<\/strong><\/td>\n<td style=\"width: 315.413%; text-align: center; height: 24px;\">400 VAC 50\/60 Hz<\/td>\n<\/tr>\n<tr style=\"height: 24px;\">\n<td style=\"width: 50.2123%; text-align: center; height: 24px;\"><strong>IP:<\/strong><\/td>\n<td style=\"width: 315.413%; text-align: center; height: 24px;\">44<\/td>\n<\/tr>\n<tr style=\"height: 24px;\">\n<td style=\"width: 50.2123%; text-align: center; height: 24px;\"><strong>V\u1ecb tr\u00ed c\u1ef1c ti\u1ebfp \u0111\u1ecba:<\/strong><\/td>\n<td style=\"width: 315.413%; text-align: center; height: 24px;\">6H<\/td>\n<\/tr>\n<tr style=\"height: 24px;\">\n<td style=\"width: 50.2123%; text-align: center; height: 24px;\"><strong>L\u1eafp \u0111\u1eb7t:<\/strong><\/td>\n<td style=\"width: 315.413%; text-align: center; height: 24px;\">G\u1eafn n\u1ed5i<\/td>\n<\/tr>\n<tr style=\"height: 24px;\">\n<td style=\"width: 50.2123%; text-align: center; height: 24px;\"><strong>B\u1ea3o h\u00e0nh:<\/strong><\/td>\n<td style=\"width: 315.413%; text-align: center; height: 24px;\">24 th\u00e1ng<\/td>\n<\/tr>\n<\/tbody>\n<\/table>\n<h2 style=\"text-align: justify;\"><span style=\"color: #000080; font-size: 18pt;\"><strong>III\/ \u1ee8ng d\u1ee5ng c\u1ee7a \u1ed5 c\u1eafm c\u00f3 kh\u00f3a li\u00ean \u0111\u1ed9ng 5108A Mennekes<\/strong><\/span><\/h2>\n<p style=\"text-align: justify;\"><span style=\"font-weight: 400;\">\u1ed4 c\u1eafm 5108A c\u00f3 kh\u00f3a li\u00ean \u0111\u1ed9ng \u0111\u01b0\u1ee3c \u1ee9ng d\u1ee5ng cho nhi\u1ec1u kh\u00f4ng gian kh\u00e1c nhau nh\u01b0: d\u00f9ng trong t\u00f2a nh\u00e0, nh\u00e0 x\u01b0\u1edfng, t\u1ea7ng h\u1ea7m, nh\u00e0 ga, b\u1ec7nh vi\u1ec7n, qu\u1ea3ng c\u00e1o, container,\u2026<\/span><\/p>\n<p><a href=\"https:\/\/drive.google.com\/drive\/folders\/1GAOu4Zw1fqbsEUTg0m0yohS-pJpR0TKg?usp=sharing\"><img decoding=\"async\" class=\"size-medium wp-image-5097 aligncenter lazyload\" data-src=\"https:\/\/aslighting.com.vn\/wp-content\/uploads\/2022\/11\/button_tai-catalogue-tai-day-3-300x49.png\" alt=\"\" width=\"300\" height=\"49\" data-srcset=\"\/wp-content\/uploads\/2022\/11\/button_tai-catalogue-tai-day-3-300x49.png 300w, \/wp-content\/uploads\/2022\/11\/button_tai-catalogue-tai-day-3-18x3.png 18w, \/wp-content\/uploads\/2022\/11\/button_tai-catalogue-tai-day-3.png 407w\" data-sizes=\"(max-width: 300px) 100vw, 300px\" src=\"data:image\/svg+xml;base64,PHN2ZyB3aWR0aD0iMSIgaGVpZ2h0PSIxIiB4bWxucz0iaHR0cDovL3d3dy53My5vcmcvMjAwMC9zdmciPjwvc3ZnPg==\" style=\"--smush-placeholder-width: 300px; --smush-placeholder-aspect-ratio: 300\/49;\" \/><\/a><\/p>\n","protected":false},"excerpt":{"rendered":"<p><strong>S\u1ed1 c\u1ef1c:<\/strong> 5P (3P+N+E)<\/p>\n<p><strong>D\u00f2ng \u0111\u1ecbnh m\u1ee9c:<\/strong> 32A<\/p>\n<p><strong>\u0110i\u1ec7n \u00e1p:<\/strong> 400 VAC 50\/60 Hz<\/p>\n<p><strong>IP:<\/strong> 44<\/p>\n<p><b>L\u1eafp \u0111\u1eb7t: <\/b>G\u1eafn n\u1ed5i<\/p>\n<p><strong>B\u1ea3o h\u00e0nh:<\/strong> 24 th\u00e1ng<\/p>\n","protected":false},"featured_media":1802,"comment_status":"open","ping_status":"closed","template":"","meta":[],"product_brand":[],"product_cat":[209,210,218],"product_tag":[],"class_list":{"0":"post-1801","1":"product","2":"type-product","3":"status-publish","4":"has-post-thumbnail","6":"product_cat-mennekes","7":"product_cat-o-cam-co-khoa-lien-dong","8":"product_cat-o-cam-co-khoa-lien-dong-5108a-mennekes","10":"first","11":"instock","12":"shipping-taxable","13":"product-type-simple"},"yoast_head":"<!-- This site is optimized with the Yoast SEO Premium plugin v22.0 (Yoast SEO v22.5) - https:\/\/yoast.com\/wordpress\/plugins\/seo\/ -->\n<title>\u1ed4 c\u1eafm c\u00f3 kho\u00e1 li\u00ean \u0111\u1ed9ng 5108A Mennekes gi\u00e1 t\u1ed1t nh\u1ea5t!<\/title>\n<meta name=\"description\" content=\"\u1ed4 c\u1eafm c\u00f3 kho\u00e1 li\u00ean \u0111\u1ed9ng 5108A Mennekes \u0111\u01b0\u1ee3c ph\u00e2n ph\u1ed1i b\u1edfi c\u00f4ng ty c\u1ed5 ph\u1ea7n thi\u1ebft b\u1ecb chi\u1ebfu s\u00e1ng \u00c1nh Sao v\u1edbi ch\u1ea5t l\u01b0\u1ee3ng t\u1ed1t nh\u1ea5t, gi\u00e1 th\u00e0nh t\u1ed1t nh\u1ea5t th\u1ecb tr\u01b0\u1eddng\" \/>\n<meta name=\"robots\" content=\"index, follow, max-snippet:-1, max-image-preview:large, max-video-preview:-1\" \/>\n<link rel=\"canonical\" href=\"https:\/\/aslighting.com.vn\/vi\/san-pham\/o-cam-co-khoa-lien-dong-5108a-mennekes\/\" \/>\n<meta property=\"og:locale\" content=\"vi_VN\" \/>\n<meta property=\"og:type\" content=\"article\" \/>\n<meta property=\"og:title\" content=\"\u1ed4 C\u1eaeM C\u00d3 KH\u00d3A LI\u00caN \u0110\u1ed8NG 5108A MENNEKES\" \/>\n<meta property=\"og:description\" content=\"\u1ed4 c\u1eafm c\u00f3 kho\u00e1 li\u00ean \u0111\u1ed9ng 5108A Mennekes \u0111\u01b0\u1ee3c ph\u00e2n ph\u1ed1i b\u1edfi c\u00f4ng ty c\u1ed5 ph\u1ea7n thi\u1ebft b\u1ecb chi\u1ebfu s\u00e1ng \u00c1nh Sao v\u1edbi ch\u1ea5t l\u01b0\u1ee3ng t\u1ed1t nh\u1ea5t, gi\u00e1 th\u00e0nh t\u1ed1t nh\u1ea5t th\u1ecb tr\u01b0\u1eddng\" \/>\n<meta property=\"og:url\" content=\"https:\/\/aslighting.com.vn\/vi\/san-pham\/o-cam-co-khoa-lien-dong-5108a-mennekes\/\" \/>\n<meta property=\"og:site_name\" content=\"C\u00f4ng Ty C\u1ed5 Ph\u1ea7n Gi\u1ea3i Ph\u00e1p Chi\u1ebfu S\u00e1ng To\u00e0n Di\u1ec7n \u00c1nh Sao\" \/>\n<meta property=\"article:modified_time\" content=\"2023-06-09T10:50:42+00:00\" \/>\n<meta property=\"og:image\" content=\"https:\/\/aslighting.com.vn\/wp-content\/uploads\/2022\/11\/20210922152210_1.png\" \/>\n\t<meta property=\"og:image:width\" content=\"900\" \/>\n\t<meta property=\"og:image:height\" content=\"780\" \/>\n\t<meta property=\"og:image:type\" content=\"image\/png\" \/>\n<meta name=\"twitter:card\" content=\"summary_large_image\" \/>\n<meta name=\"twitter:label1\" content=\"\u01af\u1edbc t\u00ednh th\u1eddi gian \u0111\u1ecdc\" \/>\n\t<meta name=\"twitter:data1\" content=\"3 ph\u00fat\" \/>\n<script type=\"application\/ld+json\" class=\"yoast-schema-graph\">{\"@context\":\"https:\/\/schema.org\",\"@graph\":[{\"@type\":\"WebPage\",\"@id\":\"https:\/\/aslighting.com.vn\/san-pham\/o-cam-co-khoa-lien-dong-5108a-mennekes\/\",\"url\":\"https:\/\/aslighting.com.vn\/san-pham\/o-cam-co-khoa-lien-dong-5108a-mennekes\/\",\"name\":\"\u1ed4 c\u1eafm c\u00f3 kho\u00e1 li\u00ean \u0111\u1ed9ng 5108A Mennekes gi\u00e1 t\u1ed1t nh\u1ea5t!\",\"isPartOf\":{\"@id\":\"https:\/\/aslighting.com.vn\/#website\"},\"primaryImageOfPage\":{\"@id\":\"https:\/\/aslighting.com.vn\/san-pham\/o-cam-co-khoa-lien-dong-5108a-mennekes\/#primaryimage\"},\"image\":{\"@id\":\"https:\/\/aslighting.com.vn\/san-pham\/o-cam-co-khoa-lien-dong-5108a-mennekes\/#primaryimage\"},\"thumbnailUrl\":\"\/wp-content\/uploads\/2022\/11\/20210922152210_1.png\",\"datePublished\":\"2022-11-28T02:51:30+00:00\",\"dateModified\":\"2023-06-09T10:50:42+00:00\",\"description\":\"\u1ed4 c\u1eafm c\u00f3 kho\u00e1 li\u00ean \u0111\u1ed9ng 5108A Mennekes \u0111\u01b0\u1ee3c ph\u00e2n ph\u1ed1i b\u1edfi c\u00f4ng ty c\u1ed5 ph\u1ea7n thi\u1ebft b\u1ecb chi\u1ebfu s\u00e1ng \u00c1nh Sao v\u1edbi ch\u1ea5t l\u01b0\u1ee3ng t\u1ed1t nh\u1ea5t, gi\u00e1 th\u00e0nh t\u1ed1t nh\u1ea5t th\u1ecb tr\u01b0\u1eddng\",\"breadcrumb\":{\"@id\":\"https:\/\/aslighting.com.vn\/san-pham\/o-cam-co-khoa-lien-dong-5108a-mennekes\/#breadcrumb\"},\"inLanguage\":\"vi\",\"potentialAction\":[{\"@type\":\"ReadAction\",\"target\":[\"https:\/\/aslighting.com.vn\/san-pham\/o-cam-co-khoa-lien-dong-5108a-mennekes\/\"]}]},{\"@type\":\"ImageObject\",\"inLanguage\":\"vi\",\"@id\":\"https:\/\/aslighting.com.vn\/san-pham\/o-cam-co-khoa-lien-dong-5108a-mennekes\/#primaryimage\",\"url\":\"\/wp-content\/uploads\/2022\/11\/20210922152210_1.png\",\"contentUrl\":\"\/wp-content\/uploads\/2022\/11\/20210922152210_1.png\",\"width\":900,\"height\":780},{\"@type\":\"BreadcrumbList\",\"@id\":\"https:\/\/aslighting.com.vn\/san-pham\/o-cam-co-khoa-lien-dong-5108a-mennekes\/#breadcrumb\",\"itemListElement\":[{\"@type\":\"ListItem\",\"position\":1,\"name\":\"Trang ch\u1ee7\",\"item\":\"https:\/\/aslighting.com.vn\/vi\/\"},{\"@type\":\"ListItem\",\"position\":2,\"name\":\"S\u1ea3n ph\u1ea9m\",\"item\":\"https:\/\/aslighting.com.vn\/en\/san-pham\/\"},{\"@type\":\"ListItem\",\"position\":3,\"name\":\"\u1ed4 C\u1eaeM C\u00d3 KH\u00d3A LI\u00caN \u0110\u1ed8NG 5108A MENNEKES\"}]},{\"@type\":\"WebSite\",\"@id\":\"https:\/\/aslighting.com.vn\/#website\",\"url\":\"https:\/\/aslighting.com.vn\/\",\"name\":\"C\u00f4ng Ty C\u1ed5 Ph\u1ea7n Gi\u1ea3i Ph\u00e1p Chi\u1ebfu S\u00e1ng To\u00e0n Di\u1ec7n \u00c1nh Sao\",\"description\":\"\",\"publisher\":{\"@id\":\"https:\/\/aslighting.com.vn\/#organization\"},\"potentialAction\":[{\"@type\":\"SearchAction\",\"target\":{\"@type\":\"EntryPoint\",\"urlTemplate\":\"https:\/\/aslighting.com.vn\/?s={search_term_string}\"},\"query-input\":\"required name=search_term_string\"}],\"inLanguage\":\"vi\"},{\"@type\":\"Organization\",\"@id\":\"https:\/\/aslighting.com.vn\/#organization\",\"name\":\"C\u00f4ng Ty C\u1ed5 Ph\u1ea7n Gi\u1ea3i Ph\u00e1p Chi\u1ebfu S\u00e1ng To\u00e0n Di\u1ec7n \u00c1nh Sao\",\"url\":\"https:\/\/aslighting.com.vn\/\",\"logo\":{\"@type\":\"ImageObject\",\"inLanguage\":\"vi\",\"@id\":\"https:\/\/aslighting.com.vn\/#\/schema\/logo\/image\/\",\"url\":\"\/wp-content\/uploads\/2022\/10\/logo-ANHSAO.png\",\"contentUrl\":\"\/wp-content\/uploads\/2022\/10\/logo-ANHSAO.png\",\"width\":1091,\"height\":360,\"caption\":\"C\u00f4ng Ty C\u1ed5 Ph\u1ea7n Gi\u1ea3i Ph\u00e1p Chi\u1ebfu S\u00e1ng To\u00e0n Di\u1ec7n \u00c1nh Sao\"},\"image\":{\"@id\":\"https:\/\/aslighting.com.vn\/#\/schema\/logo\/image\/\"}}]}<\/script>\n<!-- \/ Yoast SEO Premium plugin. -->","yoast_head_json":{"title":"\u1ed4 c\u1eafm c\u00f3 kho\u00e1 li\u00ean \u0111\u1ed9ng 5108A Mennekes gi\u00e1 t\u1ed1t nh\u1ea5t!","description":"\u1ed4 c\u1eafm c\u00f3 kho\u00e1 li\u00ean \u0111\u1ed9ng 5108A Mennekes \u0111\u01b0\u1ee3c ph\u00e2n ph\u1ed1i b\u1edfi c\u00f4ng ty c\u1ed5 ph\u1ea7n thi\u1ebft b\u1ecb chi\u1ebfu s\u00e1ng \u00c1nh Sao v\u1edbi ch\u1ea5t l\u01b0\u1ee3ng t\u1ed1t nh\u1ea5t, gi\u00e1 th\u00e0nh t\u1ed1t nh\u1ea5t th\u1ecb tr\u01b0\u1eddng","robots":{"index":"index","follow":"follow","max-snippet":"max-snippet:-1","max-image-preview":"max-image-preview:large","max-video-preview":"max-video-preview:-1"},"canonical":"https:\/\/aslighting.com.vn\/vi\/san-pham\/o-cam-co-khoa-lien-dong-5108a-mennekes\/","og_locale":"vi_VN","og_type":"article","og_title":"\u1ed4 C\u1eaeM C\u00d3 KH\u00d3A LI\u00caN \u0110\u1ed8NG 5108A MENNEKES","og_description":"\u1ed4 c\u1eafm c\u00f3 kho\u00e1 li\u00ean \u0111\u1ed9ng 5108A Mennekes \u0111\u01b0\u1ee3c ph\u00e2n ph\u1ed1i b\u1edfi c\u00f4ng ty c\u1ed5 ph\u1ea7n thi\u1ebft b\u1ecb chi\u1ebfu s\u00e1ng \u00c1nh Sao v\u1edbi ch\u1ea5t l\u01b0\u1ee3ng t\u1ed1t nh\u1ea5t, gi\u00e1 th\u00e0nh t\u1ed1t nh\u1ea5t th\u1ecb tr\u01b0\u1eddng","og_url":"https:\/\/aslighting.com.vn\/vi\/san-pham\/o-cam-co-khoa-lien-dong-5108a-mennekes\/","og_site_name":"C\u00f4ng Ty C\u1ed5 Ph\u1ea7n Gi\u1ea3i Ph\u00e1p Chi\u1ebfu S\u00e1ng To\u00e0n Di\u1ec7n \u00c1nh Sao","article_modified_time":"2023-06-09T10:50:42+00:00","og_image":[{"width":900,"height":780,"url":"https:\/\/aslighting.com.vn\/wp-content\/uploads\/2022\/11\/20210922152210_1.png","type":"image\/png"}],"twitter_card":"summary_large_image","twitter_misc":{"\u01af\u1edbc t\u00ednh th\u1eddi gian \u0111\u1ecdc":"3 ph\u00fat"},"schema":{"@context":"https:\/\/schema.org","@graph":[{"@type":"WebPage","@id":"https:\/\/aslighting.com.vn\/san-pham\/o-cam-co-khoa-lien-dong-5108a-mennekes\/","url":"https:\/\/aslighting.com.vn\/san-pham\/o-cam-co-khoa-lien-dong-5108a-mennekes\/","name":"\u1ed4 c\u1eafm c\u00f3 kho\u00e1 li\u00ean \u0111\u1ed9ng 5108A Mennekes gi\u00e1 t\u1ed1t nh\u1ea5t!","isPartOf":{"@id":"https:\/\/aslighting.com.vn\/#website"},"primaryImageOfPage":{"@id":"https:\/\/aslighting.com.vn\/san-pham\/o-cam-co-khoa-lien-dong-5108a-mennekes\/#primaryimage"},"image":{"@id":"https:\/\/aslighting.com.vn\/san-pham\/o-cam-co-khoa-lien-dong-5108a-mennekes\/#primaryimage"},"thumbnailUrl":"\/wp-content\/uploads\/2022\/11\/20210922152210_1.png","datePublished":"2022-11-28T02:51:30+00:00","dateModified":"2023-06-09T10:50:42+00:00","description":"\u1ed4 c\u1eafm c\u00f3 kho\u00e1 li\u00ean \u0111\u1ed9ng 5108A Mennekes \u0111\u01b0\u1ee3c ph\u00e2n ph\u1ed1i b\u1edfi c\u00f4ng ty c\u1ed5 ph\u1ea7n thi\u1ebft b\u1ecb chi\u1ebfu s\u00e1ng \u00c1nh Sao v\u1edbi ch\u1ea5t l\u01b0\u1ee3ng t\u1ed1t nh\u1ea5t, gi\u00e1 th\u00e0nh t\u1ed1t nh\u1ea5t th\u1ecb tr\u01b0\u1eddng","breadcrumb":{"@id":"https:\/\/aslighting.com.vn\/san-pham\/o-cam-co-khoa-lien-dong-5108a-mennekes\/#breadcrumb"},"inLanguage":"vi","potentialAction":[{"@type":"ReadAction","target":["https:\/\/aslighting.com.vn\/san-pham\/o-cam-co-khoa-lien-dong-5108a-mennekes\/"]}]},{"@type":"ImageObject","inLanguage":"vi","@id":"https:\/\/aslighting.com.vn\/san-pham\/o-cam-co-khoa-lien-dong-5108a-mennekes\/#primaryimage","url":"\/wp-content\/uploads\/2022\/11\/20210922152210_1.png","contentUrl":"\/wp-content\/uploads\/2022\/11\/20210922152210_1.png","width":900,"height":780},{"@type":"BreadcrumbList","@id":"https:\/\/aslighting.com.vn\/san-pham\/o-cam-co-khoa-lien-dong-5108a-mennekes\/#breadcrumb","itemListElement":[{"@type":"ListItem","position":1,"name":"Trang ch\u1ee7","item":"https:\/\/aslighting.com.vn\/vi\/"},{"@type":"ListItem","position":2,"name":"S\u1ea3n ph\u1ea9m","item":"https:\/\/aslighting.com.vn\/en\/san-pham\/"},{"@type":"ListItem","position":3,"name":"\u1ed4 C\u1eaeM C\u00d3 KH\u00d3A LI\u00caN \u0110\u1ed8NG 5108A MENNEKES"}]},{"@type":"WebSite","@id":"https:\/\/aslighting.com.vn\/#website","url":"https:\/\/aslighting.com.vn\/","name":"C\u00f4ng Ty C\u1ed5 Ph\u1ea7n Gi\u1ea3i Ph\u00e1p Chi\u1ebfu S\u00e1ng To\u00e0n Di\u1ec7n \u00c1nh Sao","description":"","publisher":{"@id":"https:\/\/aslighting.com.vn\/#organization"},"potentialAction":[{"@type":"SearchAction","target":{"@type":"EntryPoint","urlTemplate":"https:\/\/aslighting.com.vn\/?s={search_term_string}"},"query-input":"required name=search_term_string"}],"inLanguage":"vi"},{"@type":"Organization","@id":"https:\/\/aslighting.com.vn\/#organization","name":"C\u00f4ng Ty C\u1ed5 Ph\u1ea7n Gi\u1ea3i Ph\u00e1p Chi\u1ebfu S\u00e1ng To\u00e0n Di\u1ec7n \u00c1nh Sao","url":"https:\/\/aslighting.com.vn\/","logo":{"@type":"ImageObject","inLanguage":"vi","@id":"https:\/\/aslighting.com.vn\/#\/schema\/logo\/image\/","url":"\/wp-content\/uploads\/2022\/10\/logo-ANHSAO.png","contentUrl":"\/wp-content\/uploads\/2022\/10\/logo-ANHSAO.png","width":1091,"height":360,"caption":"C\u00f4ng Ty C\u1ed5 Ph\u1ea7n Gi\u1ea3i Ph\u00e1p Chi\u1ebfu S\u00e1ng To\u00e0n Di\u1ec7n \u00c1nh Sao"},"image":{"@id":"https:\/\/aslighting.com.vn\/#\/schema\/logo\/image\/"}}]}},"_links":{"self":[{"href":"https:\/\/aslighting.com.vn\/vi\/wp-json\/wp\/v2\/product\/1801","targetHints":{"allow":["GET"]}}],"collection":[{"href":"https:\/\/aslighting.com.vn\/vi\/wp-json\/wp\/v2\/product"}],"about":[{"href":"https:\/\/aslighting.com.vn\/vi\/wp-json\/wp\/v2\/types\/product"}],"replies":[{"embeddable":true,"href":"https:\/\/aslighting.com.vn\/vi\/wp-json\/wp\/v2\/comments?post=1801"}],"wp:featuredmedia":[{"embeddable":true,"href":"https:\/\/aslighting.com.vn\/vi\/wp-json\/wp\/v2\/media\/1802"}],"wp:attachment":[{"href":"https:\/\/aslighting.com.vn\/vi\/wp-json\/wp\/v2\/media?parent=1801"}],"wp:term":[{"taxonomy":"product_brand","embeddable":true,"href":"https:\/\/aslighting.com.vn\/vi\/wp-json\/wp\/v2\/product_brand?post=1801"},{"taxonomy":"product_cat","embeddable":true,"href":"https:\/\/aslighting.com.vn\/vi\/wp-json\/wp\/v2\/product_cat?post=1801"},{"taxonomy":"product_tag","embeddable":true,"href":"https:\/\/aslighting.com.vn\/vi\/wp-json\/wp\/v2\/product_tag?post=1801"}],"curies":[{"name":"wp","href":"https:\/\/api.w.org\/{rel}","templated":true}]}}