{"id":1809,"date":"2022-11-28T09:57:27","date_gmt":"2022-11-28T02:57:27","guid":{"rendered":"https:\/\/aslighting.com.vn\/?post_type=product&#038;p=1809"},"modified":"2023-07-20T15:18:03","modified_gmt":"2023-07-20T08:18:03","slug":"o-cam-co-khoa-lien-dong-5792a-mennekes","status":"publish","type":"product","link":"https:\/\/aslighting.com.vn\/vi\/san-pham\/o-cam-co-khoa-lien-dong-5792a-mennekes\/","title":{"rendered":"\u1ed4 C\u1eaeM C\u00d3 KH\u00d3A LI\u00caN \u0110\u1ed8NG 5792A MENNEKES"},"content":{"rendered":"<p><span style=\"font-weight: 400;\">S\u1ea3n ph\u1ea9m<a href=\"https:\/\/aslighting.com.vn\/san-pham\/o-cam-co-khoa-lien-dong-5792a-mennekes\/\"><span style=\"color: #000098;\"><strong> \u1ed5 c\u1eafm c\u00f3 kh\u00f3a li\u00ean \u0111\u1ed9ng 5792A Mennekes<\/strong><\/span><\/a> l\u00e0 d\u00f2ng \u1ed5 c\u1eafm \u0111\u01b0\u1ee3c d\u00f9ng c\u00f4ng nghi\u1ec7p kh\u00e1 ph\u1ed5 bi\u1ebfn. H\u00e3y c\u00f9ng theo d\u00f5i chi ti\u1ebft d\u00f2ng s\u1ea3n ph\u1ea9m v\u1edbi nh\u1eefng th\u00f4ng tin d\u01b0\u1edbi \u0111\u00e2y.\u00a0<\/span><\/p>\n<h2><span style=\"font-size: 18pt; color: #000080;\"><strong>I\/ \u0110\u1eb7c \u0111i\u1ec3m c\u1ee7a \u1ed5 c\u1eafm c\u00f3 kh\u00f3a li\u00ean \u0111\u1ed9ng 5792A Mennekes<\/strong><\/span><\/h2>\n<h3><span style=\"font-size: 14pt; color: #ff6600;\"><strong>1. Thi\u1ebft k\u1ebf<\/strong><\/span><\/h3>\n<ul>\n<li><span style=\"font-weight: 400;\">S\u1ea3n ph\u1ea9m \u1ed5 c\u1eafm li\u00ean \u0111\u1ed9ng 5792A c\u00f3 thi\u1ebft k\u1ebf nh\u1ecf g\u1ecdn, c\u00f3 t\u00ednh th\u1ea9m m\u1ef9 cho kh\u00f4ng gian s\u1eed d\u1ee5ng.<\/span><\/li>\n<li><span style=\"font-weight: 400;\">H\u1ea1t vi nh\u1ef1a \u0111\u01b0\u1ee3c s\u1eed d\u1ee5ng trong thi\u1ebft k\u1ebf v\u1ecf ngo\u00e0i c\u1ee7a \u1ed5 c\u1eafm c\u00f3 kh\u00f3a li\u00ean \u0111\u1ed9ng \u0111\u1ea3m b\u1ea3o ch\u1ea5t li\u1ec7u t\u1ed1t, an to\u00e0n v\u00e0 b\u1ec1n trong qu\u00e1 tr\u00ecnh s\u1eed d\u1ee5ng.\u00a0<\/span><\/li>\n<li><span style=\"font-weight: 400;\">Kho\u00e1 li\u00ean \u0111\u1ed9ng DUO c\u01a1 h\u1ecdc \u0111\u1ea3m b\u1ea3o an to\u00e0n trong qu\u00e1 tr\u00ecnh s\u1eed d\u1ee5ng, h\u1ea1n ch\u1ebf t\u1ed1i \u0111a c\u00e1c s\u1ef1 c\u1ed1 v\u1ec1 \u0111i\u1ec7n khi s\u1eed d\u1ee5ng.\u00a0<\/span><\/li>\n<li><span style=\"font-weight: 400;\">Thi\u1ebft b\u1ecb \u0111\u1ea7u cu\u1ed1i v\u00edt \u0111\u01b0\u1ee3c s\u1eed d\u1ee5ng trong \u1ed5 c\u1eafm kho\u00e1 li\u00ean \u0111\u1ed9ng 5605A \u0111\u1ea3m b\u1ea3o ch\u1ea5t l\u01b0\u1ee3ng t\u1ed1t trong qu\u00e1 tr\u00ecnh s\u1eed d\u1ee5ng s\u1ea3n ph\u1ea9m.\u00a0<\/span><\/li>\n<\/ul>\n<p><a href=\"https:\/\/aslighting.com.vn\/wp-content\/uploads\/2022\/11\/20210922153302_122.png\"><img fetchpriority=\"high\" decoding=\"async\" class=\"aligncenter wp-image-5151\" src=\"https:\/\/aslighting.com.vn\/wp-content\/uploads\/2022\/11\/20210922153302_122.png\" alt=\"\" width=\"500\" height=\"500\" srcset=\"\/wp-content\/uploads\/2022\/11\/20210922153302_122.png 900w, \/wp-content\/uploads\/2022\/11\/20210922153302_122-300x300.png 300w, \/wp-content\/uploads\/2022\/11\/20210922153302_122-150x150.png 150w, \/wp-content\/uploads\/2022\/11\/20210922153302_122-768x768.png 768w, \/wp-content\/uploads\/2022\/11\/20210922153302_122-12x12.png 12w, \/wp-content\/uploads\/2022\/11\/20210922153302_122-600x600.png 600w, \/wp-content\/uploads\/2022\/11\/20210922153302_122-100x100.png 100w\" sizes=\"(max-width: 500px) 100vw, 500px\" \/><\/a><\/p>\n<p style=\"text-align: center;\"><span style=\"font-size: 10pt;\"><em>S\u1ea3n ph\u1ea9m c\u00f3 thi\u1ebft k\u1ebf nh\u1ecf g\u1ecdn, tinh t\u1ebf<\/em><\/span><\/p>\n<h3><span style=\"font-size: 14pt; color: #ff6600;\"><strong>2. \u01afu \u0111i\u1ec3m n\u1ed5i b\u1eadt<\/strong><\/span><\/h3>\n<ul>\n<li><span style=\"font-weight: 400;\">S\u1ea3n ph\u1ea9m \u1ed5 c\u1eafm c\u00f3 kh\u00f3a li\u00ean \u0111\u1ed9ng 5792A c\u1ee7a h\u00e3ng Mennekes c\u00f3 \u0111i\u1ec7n \u00e1p 400VAC 50\/60Hz theo ti\u00eau chu\u1ea9n cho ph\u00e9p v\u1ec1 \u1ed5 c\u1eafm \u0111i\u1ec7n.\u00a0<\/span><\/li>\n<li><span style=\"font-weight: 400;\">\u1ed4 c\u1eafm khi ra m\u1eaft th\u1ecb tr\u01b0\u1eddng \u0111\u00e3 tr\u1ea3 qua ki\u1ec3m nghi\u1ec7m g\u1eaft gao v\u1edbi ti\u00eau chu\u1ea9n qu\u1ed1c t\u1ebf CEE, DE\u2026 C\u1ea5p b\u1ea3o v\u1ec7 IP67 ch\u1ed1ng n\u01b0\u1edbc \u0111\u1ea3m b\u1ea3o an to\u00e0n khi s\u1eed d\u1ee5ng.\u00a0<\/span><\/li>\n<li><span style=\"font-weight: 400;\">S\u1ea3n ph\u1ea9m \u0111\u01b0\u1ee3c s\u1eed d\u1ee5ng kh\u00e1 ph\u1ed5 bi\u1ebfn trong c\u00e1c kh\u00f4ng gian truy\u1ec1n t\u1ea3i \u0111i\u1ec7n l\u1edbn b\u1edfi an to\u00e0n khi s\u1eed d\u1ee5ng nhi\u1ec1u gi\u1edd, ch\u1eafc ch\u1eafn, t\u00ednh n\u0103ng s\u1eed d\u1ee5ng t\u1ed1t. \u0110\u00e2y l\u00e0 m\u00e3 s\u1ea3n ph\u1ea9m <a href=\"https:\/\/aslighting.com.vn\/vi\/product-category\/mennekes\/o-cam-co-khoa-lien-dong\/\"><span style=\"color: #000098;\"><strong>\u1ed5 c\u1eafm c\u00f3 kho\u00e1 li\u00ean \u0111\u1ed9ng<\/strong><\/span><\/a> b\u00e1n ch\u1ea1y h\u00e0ng \u0111\u1ea7u c\u1ee7a h\u00e3ng Mennekes.<\/span><\/li>\n<\/ul>\n<h3><span style=\"font-size: 14pt; color: #ff6600;\"><strong>3. Th\u00f4ng s\u1ed1 k\u1ef9 thu\u1eadt<\/strong><\/span><\/h3>\n<table style=\"width: 99.3347%; height: 192px;\" width=\"290\">\n<tbody>\n<tr style=\"height: 24px;\">\n<td style=\"width: 50.2123%; text-align: center; height: 24px;\"><strong>Lo\u1ea1i:<\/strong><\/td>\n<td style=\"width: 315.413%; text-align: center; height: 24px;\">\u1ed4 c\u1eafm c\u00f3 kh\u00f3a li\u00ean \u0111\u1ed9ng<\/td>\n<\/tr>\n<tr style=\"height: 24px;\">\n<td style=\"width: 50.2123%; text-align: center; height: 24px;\"><strong>S\u1ed1 c\u1ef1c:<\/strong><\/td>\n<td style=\"width: 315.413%; text-align: center; height: 24px;\">4P (3P+E)<\/td>\n<\/tr>\n<tr style=\"height: 24px;\">\n<td style=\"width: 50.2123%; text-align: center; height: 24px;\"><strong>D\u00f2ng \u0111\u1ecbnh m\u1ee9c:<\/strong><\/td>\n<td style=\"width: 315.413%; text-align: center; height: 24px;\">32A<\/td>\n<\/tr>\n<tr style=\"height: 24px;\">\n<td style=\"width: 50.2123%; text-align: center; height: 24px;\"><strong>\u0110i\u1ec7n \u00e1p:<\/strong><\/td>\n<td style=\"width: 315.413%; text-align: center; height: 24px;\">380-400 VAC 50\/60 Hz<\/td>\n<\/tr>\n<tr style=\"height: 24px;\">\n<td style=\"width: 50.2123%; text-align: center; height: 24px;\"><strong>IP:<\/strong><\/td>\n<td style=\"width: 315.413%; text-align: center; height: 24px;\">67<\/td>\n<\/tr>\n<tr style=\"height: 24px;\">\n<td style=\"width: 50.2123%; text-align: center; height: 24px;\"><strong>V\u1ecb tr\u00ed c\u1ef1c ti\u1ebfp \u0111\u1ecba:<\/strong><\/td>\n<td style=\"width: 315.413%; text-align: center; height: 24px;\">6H<\/td>\n<\/tr>\n<tr style=\"height: 24px;\">\n<td style=\"width: 50.2123%; text-align: center; height: 24px;\"><strong>L\u1eafp \u0111\u1eb7t:<\/strong><\/td>\n<td style=\"width: 315.413%; text-align: center; height: 24px;\">G\u1eafn n\u1ed5i<\/td>\n<\/tr>\n<tr style=\"height: 24px;\">\n<td style=\"width: 50.2123%; text-align: center; height: 24px;\"><strong>B\u1ea3o h\u00e0nh:<\/strong><\/td>\n<td style=\"width: 315.413%; text-align: center; height: 24px;\">24 th\u00e1ng<\/td>\n<\/tr>\n<\/tbody>\n<\/table>\n<h2><strong><span style=\"font-size: 18pt; color: #000080;\">II\/ \u1ee8ng d\u1ee5ng c\u1ee7a \u1ed5 c\u1eafm c\u00f3 kh\u00f3a li\u00ean \u0111\u1ed9ng 5792A<\/span><\/strong><\/h2>\n<p><span style=\"font-weight: 400;\">D\u00f2ng s\u1ea3n ph\u1ea9m \u1ed5 c\u1eafm c\u00f3 kh\u00f3a li\u00ean \u0111\u1ed9ng 5792A c\u1ee7a h\u00e3ng Mennekes \u0111\u01b0\u1ee3c bi\u1ebft t\u1edbi l\u00e0 d\u00f2ng s\u1ea3n ph\u1ea9m c\u00f3 nhi\u1ec1u \u01b0u \u0111i\u1ec3m \u0111\u01b0\u1ee3c d\u00f9ng kh\u00e1 ph\u1ed5 bi\u1ebfn. S\u1ea3n ph\u1ea9m \u0111\u01b0\u1ee3c \u1ee9ng d\u1ee5ng cho c\u00e1c kh\u00f4ng gian: trong t\u00f2a nh\u00e0, nh\u00e0 x\u01b0\u1edfng, t\u1ea7ng h\u1ea7m, nh\u00e0 ga, b\u1ec7nh vi\u1ec7n, qu\u1ea3ng c\u00e1o, container,\u2026<\/span><\/p>\n<p style=\"text-align: center;\"><a href=\"https:\/\/drive.google.com\/drive\/folders\/1GAOu4Zw1fqbsEUTg0m0yohS-pJpR0TKg?usp=sharing\"><img decoding=\"async\" class=\"alignnone size-medium wp-image-5097 lazyload\" data-src=\"https:\/\/aslighting.com.vn\/wp-content\/uploads\/2022\/11\/button_tai-catalogue-tai-day-3-300x49.png\" alt=\"\" width=\"300\" height=\"49\" data-srcset=\"\/wp-content\/uploads\/2022\/11\/button_tai-catalogue-tai-day-3-300x49.png 300w, \/wp-content\/uploads\/2022\/11\/button_tai-catalogue-tai-day-3-18x3.png 18w, \/wp-content\/uploads\/2022\/11\/button_tai-catalogue-tai-day-3.png 407w\" data-sizes=\"(max-width: 300px) 100vw, 300px\" src=\"data:image\/svg+xml;base64,PHN2ZyB3aWR0aD0iMSIgaGVpZ2h0PSIxIiB4bWxucz0iaHR0cDovL3d3dy53My5vcmcvMjAwMC9zdmciPjwvc3ZnPg==\" style=\"--smush-placeholder-width: 300px; --smush-placeholder-aspect-ratio: 300\/49;\" \/><\/a><\/p>\n","protected":false},"excerpt":{"rendered":"<p><strong>S\u1ed1 c\u1ef1c:<\/strong> 4P (3P+E)<\/p>\n<p><strong>D\u00f2ng \u0111\u1ecbnh m\u1ee9c:<\/strong> 32A<\/p>\n<p><strong>\u0110i\u1ec7n \u00e1p:<\/strong> 380-400 VAC 50\/60 Hz<\/p>\n<p><strong>IP:<\/strong> 67<\/p>\n<p><b>L\u1eafp \u0111\u1eb7t: <\/b>G\u1eafn n\u1ed5i<\/p>\n<p><strong>B\u1ea3o h\u00e0nh:<\/strong> 24 th\u00e1ng<\/p>\n","protected":false},"featured_media":1810,"comment_status":"open","ping_status":"closed","template":"","meta":[],"product_brand":[],"product_cat":[209,210,220],"product_tag":[],"class_list":{"0":"post-1809","1":"product","2":"type-product","3":"status-publish","4":"has-post-thumbnail","6":"product_cat-mennekes","7":"product_cat-o-cam-co-khoa-lien-dong","8":"product_cat-o-cam-co-khoa-lien-dong-5792a-mennekes","10":"first","11":"instock","12":"shipping-taxable","13":"product-type-simple"},"yoast_head":"<!-- This site is optimized with the Yoast SEO Premium plugin v22.0 (Yoast SEO v22.5) - https:\/\/yoast.com\/wordpress\/plugins\/seo\/ -->\n<title>\u1ed4 c\u1eafm c\u00f3 kh\u00f3a li\u00ean \u0111\u1ed9ng 5792A Menekes gi\u00e1 t\u1ed1t nh\u1ea5t!<\/title>\n<meta name=\"description\" content=\"\u1ed4 c\u1eafm li\u00ean \u0111\u1ed9ng 5792A Mennekes \u0111\u01b0\u1ee3c ph\u00e2n ph\u1ed1i b\u1edfi c\u00f4ng ty c\u1ed5 ph\u1ea7n thi\u1ebft b\u1ecb chi\u1ebfu s\u00e1ng \u00c1nh Sao v\u1edbi ch\u1ea5t l\u01b0\u1ee3ng t\u1ed1t nh\u1ea5t, gi\u00e1 th\u00e0nh t\u1ed1t nh\u1ea5t th\u1ecb tr\u01b0\u1eddng\" \/>\n<meta name=\"robots\" content=\"index, follow, max-snippet:-1, max-image-preview:large, max-video-preview:-1\" \/>\n<link rel=\"canonical\" href=\"https:\/\/aslighting.com.vn\/vi\/san-pham\/o-cam-co-khoa-lien-dong-5792a-mennekes\/\" \/>\n<meta property=\"og:locale\" content=\"vi_VN\" \/>\n<meta property=\"og:type\" content=\"article\" \/>\n<meta property=\"og:title\" content=\"\u1ed4 C\u1eaeM C\u00d3 KH\u00d3A LI\u00caN \u0110\u1ed8NG 5792A MENNEKES\" \/>\n<meta property=\"og:description\" content=\"\u1ed4 c\u1eafm li\u00ean \u0111\u1ed9ng 5792A Mennekes \u0111\u01b0\u1ee3c ph\u00e2n ph\u1ed1i b\u1edfi c\u00f4ng ty c\u1ed5 ph\u1ea7n thi\u1ebft b\u1ecb chi\u1ebfu s\u00e1ng \u00c1nh Sao v\u1edbi ch\u1ea5t l\u01b0\u1ee3ng t\u1ed1t nh\u1ea5t, gi\u00e1 th\u00e0nh t\u1ed1t nh\u1ea5t th\u1ecb tr\u01b0\u1eddng\" \/>\n<meta property=\"og:url\" content=\"https:\/\/aslighting.com.vn\/vi\/san-pham\/o-cam-co-khoa-lien-dong-5792a-mennekes\/\" \/>\n<meta property=\"og:site_name\" content=\"C\u00f4ng Ty C\u1ed5 Ph\u1ea7n Gi\u1ea3i Ph\u00e1p Chi\u1ebfu S\u00e1ng To\u00e0n Di\u1ec7n \u00c1nh Sao\" \/>\n<meta property=\"article:modified_time\" content=\"2023-07-20T08:18:03+00:00\" \/>\n<meta property=\"og:image\" content=\"https:\/\/aslighting.com.vn\/wp-content\/uploads\/2022\/11\/20210922153302_1.png\" \/>\n\t<meta property=\"og:image:width\" content=\"900\" \/>\n\t<meta property=\"og:image:height\" content=\"780\" \/>\n\t<meta property=\"og:image:type\" content=\"image\/png\" \/>\n<meta name=\"twitter:card\" content=\"summary_large_image\" \/>\n<meta name=\"twitter:label1\" content=\"\u01af\u1edbc t\u00ednh th\u1eddi gian \u0111\u1ecdc\" \/>\n\t<meta name=\"twitter:data1\" content=\"3 ph\u00fat\" \/>\n<script type=\"application\/ld+json\" class=\"yoast-schema-graph\">{\"@context\":\"https:\/\/schema.org\",\"@graph\":[{\"@type\":\"WebPage\",\"@id\":\"https:\/\/aslighting.com.vn\/san-pham\/o-cam-co-khoa-lien-dong-5792a-mennekes\/\",\"url\":\"https:\/\/aslighting.com.vn\/san-pham\/o-cam-co-khoa-lien-dong-5792a-mennekes\/\",\"name\":\"\u1ed4 c\u1eafm c\u00f3 kh\u00f3a li\u00ean \u0111\u1ed9ng 5792A Menekes gi\u00e1 t\u1ed1t nh\u1ea5t!\",\"isPartOf\":{\"@id\":\"https:\/\/aslighting.com.vn\/#website\"},\"primaryImageOfPage\":{\"@id\":\"https:\/\/aslighting.com.vn\/san-pham\/o-cam-co-khoa-lien-dong-5792a-mennekes\/#primaryimage\"},\"image\":{\"@id\":\"https:\/\/aslighting.com.vn\/san-pham\/o-cam-co-khoa-lien-dong-5792a-mennekes\/#primaryimage\"},\"thumbnailUrl\":\"\/wp-content\/uploads\/2022\/11\/20210922153302_1.png\",\"datePublished\":\"2022-11-28T02:57:27+00:00\",\"dateModified\":\"2023-07-20T08:18:03+00:00\",\"description\":\"\u1ed4 c\u1eafm li\u00ean \u0111\u1ed9ng 5792A Mennekes \u0111\u01b0\u1ee3c ph\u00e2n ph\u1ed1i b\u1edfi c\u00f4ng ty c\u1ed5 ph\u1ea7n thi\u1ebft b\u1ecb chi\u1ebfu s\u00e1ng \u00c1nh Sao v\u1edbi ch\u1ea5t l\u01b0\u1ee3ng t\u1ed1t nh\u1ea5t, gi\u00e1 th\u00e0nh t\u1ed1t nh\u1ea5t th\u1ecb tr\u01b0\u1eddng\",\"breadcrumb\":{\"@id\":\"https:\/\/aslighting.com.vn\/san-pham\/o-cam-co-khoa-lien-dong-5792a-mennekes\/#breadcrumb\"},\"inLanguage\":\"vi\",\"potentialAction\":[{\"@type\":\"ReadAction\",\"target\":[\"https:\/\/aslighting.com.vn\/san-pham\/o-cam-co-khoa-lien-dong-5792a-mennekes\/\"]}]},{\"@type\":\"ImageObject\",\"inLanguage\":\"vi\",\"@id\":\"https:\/\/aslighting.com.vn\/san-pham\/o-cam-co-khoa-lien-dong-5792a-mennekes\/#primaryimage\",\"url\":\"\/wp-content\/uploads\/2022\/11\/20210922153302_1.png\",\"contentUrl\":\"\/wp-content\/uploads\/2022\/11\/20210922153302_1.png\",\"width\":900,\"height\":780},{\"@type\":\"BreadcrumbList\",\"@id\":\"https:\/\/aslighting.com.vn\/san-pham\/o-cam-co-khoa-lien-dong-5792a-mennekes\/#breadcrumb\",\"itemListElement\":[{\"@type\":\"ListItem\",\"position\":1,\"name\":\"Trang ch\u1ee7\",\"item\":\"https:\/\/aslighting.com.vn\/vi\/\"},{\"@type\":\"ListItem\",\"position\":2,\"name\":\"S\u1ea3n ph\u1ea9m\",\"item\":\"https:\/\/aslighting.com.vn\/en\/san-pham\/\"},{\"@type\":\"ListItem\",\"position\":3,\"name\":\"\u1ed4 C\u1eaeM C\u00d3 KH\u00d3A LI\u00caN \u0110\u1ed8NG 5792A MENNEKES\"}]},{\"@type\":\"WebSite\",\"@id\":\"https:\/\/aslighting.com.vn\/#website\",\"url\":\"https:\/\/aslighting.com.vn\/\",\"name\":\"C\u00f4ng Ty C\u1ed5 Ph\u1ea7n Gi\u1ea3i Ph\u00e1p Chi\u1ebfu S\u00e1ng To\u00e0n Di\u1ec7n \u00c1nh Sao\",\"description\":\"\",\"publisher\":{\"@id\":\"https:\/\/aslighting.com.vn\/#organization\"},\"potentialAction\":[{\"@type\":\"SearchAction\",\"target\":{\"@type\":\"EntryPoint\",\"urlTemplate\":\"https:\/\/aslighting.com.vn\/?s={search_term_string}\"},\"query-input\":\"required name=search_term_string\"}],\"inLanguage\":\"vi\"},{\"@type\":\"Organization\",\"@id\":\"https:\/\/aslighting.com.vn\/#organization\",\"name\":\"C\u00f4ng Ty C\u1ed5 Ph\u1ea7n Gi\u1ea3i Ph\u00e1p Chi\u1ebfu S\u00e1ng To\u00e0n Di\u1ec7n \u00c1nh Sao\",\"url\":\"https:\/\/aslighting.com.vn\/\",\"logo\":{\"@type\":\"ImageObject\",\"inLanguage\":\"vi\",\"@id\":\"https:\/\/aslighting.com.vn\/#\/schema\/logo\/image\/\",\"url\":\"\/wp-content\/uploads\/2022\/10\/logo-ANHSAO.png\",\"contentUrl\":\"\/wp-content\/uploads\/2022\/10\/logo-ANHSAO.png\",\"width\":1091,\"height\":360,\"caption\":\"C\u00f4ng Ty C\u1ed5 Ph\u1ea7n Gi\u1ea3i Ph\u00e1p Chi\u1ebfu S\u00e1ng To\u00e0n Di\u1ec7n \u00c1nh Sao\"},\"image\":{\"@id\":\"https:\/\/aslighting.com.vn\/#\/schema\/logo\/image\/\"}}]}<\/script>\n<!-- \/ Yoast SEO Premium plugin. -->","yoast_head_json":{"title":"\u1ed4 c\u1eafm c\u00f3 kh\u00f3a li\u00ean \u0111\u1ed9ng 5792A Menekes gi\u00e1 t\u1ed1t nh\u1ea5t!","description":"\u1ed4 c\u1eafm li\u00ean \u0111\u1ed9ng 5792A Mennekes \u0111\u01b0\u1ee3c ph\u00e2n ph\u1ed1i b\u1edfi c\u00f4ng ty c\u1ed5 ph\u1ea7n thi\u1ebft b\u1ecb chi\u1ebfu s\u00e1ng \u00c1nh Sao v\u1edbi ch\u1ea5t l\u01b0\u1ee3ng t\u1ed1t nh\u1ea5t, gi\u00e1 th\u00e0nh t\u1ed1t nh\u1ea5t th\u1ecb tr\u01b0\u1eddng","robots":{"index":"index","follow":"follow","max-snippet":"max-snippet:-1","max-image-preview":"max-image-preview:large","max-video-preview":"max-video-preview:-1"},"canonical":"https:\/\/aslighting.com.vn\/vi\/san-pham\/o-cam-co-khoa-lien-dong-5792a-mennekes\/","og_locale":"vi_VN","og_type":"article","og_title":"\u1ed4 C\u1eaeM C\u00d3 KH\u00d3A LI\u00caN \u0110\u1ed8NG 5792A MENNEKES","og_description":"\u1ed4 c\u1eafm li\u00ean \u0111\u1ed9ng 5792A Mennekes \u0111\u01b0\u1ee3c ph\u00e2n ph\u1ed1i b\u1edfi c\u00f4ng ty c\u1ed5 ph\u1ea7n thi\u1ebft b\u1ecb chi\u1ebfu s\u00e1ng \u00c1nh Sao v\u1edbi ch\u1ea5t l\u01b0\u1ee3ng t\u1ed1t nh\u1ea5t, gi\u00e1 th\u00e0nh t\u1ed1t nh\u1ea5t th\u1ecb tr\u01b0\u1eddng","og_url":"https:\/\/aslighting.com.vn\/vi\/san-pham\/o-cam-co-khoa-lien-dong-5792a-mennekes\/","og_site_name":"C\u00f4ng Ty C\u1ed5 Ph\u1ea7n Gi\u1ea3i Ph\u00e1p Chi\u1ebfu S\u00e1ng To\u00e0n Di\u1ec7n \u00c1nh Sao","article_modified_time":"2023-07-20T08:18:03+00:00","og_image":[{"width":900,"height":780,"url":"https:\/\/aslighting.com.vn\/wp-content\/uploads\/2022\/11\/20210922153302_1.png","type":"image\/png"}],"twitter_card":"summary_large_image","twitter_misc":{"\u01af\u1edbc t\u00ednh th\u1eddi gian \u0111\u1ecdc":"3 ph\u00fat"},"schema":{"@context":"https:\/\/schema.org","@graph":[{"@type":"WebPage","@id":"https:\/\/aslighting.com.vn\/san-pham\/o-cam-co-khoa-lien-dong-5792a-mennekes\/","url":"https:\/\/aslighting.com.vn\/san-pham\/o-cam-co-khoa-lien-dong-5792a-mennekes\/","name":"\u1ed4 c\u1eafm c\u00f3 kh\u00f3a li\u00ean \u0111\u1ed9ng 5792A Menekes gi\u00e1 t\u1ed1t nh\u1ea5t!","isPartOf":{"@id":"https:\/\/aslighting.com.vn\/#website"},"primaryImageOfPage":{"@id":"https:\/\/aslighting.com.vn\/san-pham\/o-cam-co-khoa-lien-dong-5792a-mennekes\/#primaryimage"},"image":{"@id":"https:\/\/aslighting.com.vn\/san-pham\/o-cam-co-khoa-lien-dong-5792a-mennekes\/#primaryimage"},"thumbnailUrl":"\/wp-content\/uploads\/2022\/11\/20210922153302_1.png","datePublished":"2022-11-28T02:57:27+00:00","dateModified":"2023-07-20T08:18:03+00:00","description":"\u1ed4 c\u1eafm li\u00ean \u0111\u1ed9ng 5792A Mennekes \u0111\u01b0\u1ee3c ph\u00e2n ph\u1ed1i b\u1edfi c\u00f4ng ty c\u1ed5 ph\u1ea7n thi\u1ebft b\u1ecb chi\u1ebfu s\u00e1ng \u00c1nh Sao v\u1edbi ch\u1ea5t l\u01b0\u1ee3ng t\u1ed1t nh\u1ea5t, gi\u00e1 th\u00e0nh t\u1ed1t nh\u1ea5t th\u1ecb tr\u01b0\u1eddng","breadcrumb":{"@id":"https:\/\/aslighting.com.vn\/san-pham\/o-cam-co-khoa-lien-dong-5792a-mennekes\/#breadcrumb"},"inLanguage":"vi","potentialAction":[{"@type":"ReadAction","target":["https:\/\/aslighting.com.vn\/san-pham\/o-cam-co-khoa-lien-dong-5792a-mennekes\/"]}]},{"@type":"ImageObject","inLanguage":"vi","@id":"https:\/\/aslighting.com.vn\/san-pham\/o-cam-co-khoa-lien-dong-5792a-mennekes\/#primaryimage","url":"\/wp-content\/uploads\/2022\/11\/20210922153302_1.png","contentUrl":"\/wp-content\/uploads\/2022\/11\/20210922153302_1.png","width":900,"height":780},{"@type":"BreadcrumbList","@id":"https:\/\/aslighting.com.vn\/san-pham\/o-cam-co-khoa-lien-dong-5792a-mennekes\/#breadcrumb","itemListElement":[{"@type":"ListItem","position":1,"name":"Trang ch\u1ee7","item":"https:\/\/aslighting.com.vn\/vi\/"},{"@type":"ListItem","position":2,"name":"S\u1ea3n ph\u1ea9m","item":"https:\/\/aslighting.com.vn\/en\/san-pham\/"},{"@type":"ListItem","position":3,"name":"\u1ed4 C\u1eaeM C\u00d3 KH\u00d3A LI\u00caN \u0110\u1ed8NG 5792A MENNEKES"}]},{"@type":"WebSite","@id":"https:\/\/aslighting.com.vn\/#website","url":"https:\/\/aslighting.com.vn\/","name":"C\u00f4ng Ty C\u1ed5 Ph\u1ea7n Gi\u1ea3i Ph\u00e1p Chi\u1ebfu S\u00e1ng To\u00e0n Di\u1ec7n \u00c1nh Sao","description":"","publisher":{"@id":"https:\/\/aslighting.com.vn\/#organization"},"potentialAction":[{"@type":"SearchAction","target":{"@type":"EntryPoint","urlTemplate":"https:\/\/aslighting.com.vn\/?s={search_term_string}"},"query-input":"required name=search_term_string"}],"inLanguage":"vi"},{"@type":"Organization","@id":"https:\/\/aslighting.com.vn\/#organization","name":"C\u00f4ng Ty C\u1ed5 Ph\u1ea7n Gi\u1ea3i Ph\u00e1p Chi\u1ebfu S\u00e1ng To\u00e0n Di\u1ec7n \u00c1nh Sao","url":"https:\/\/aslighting.com.vn\/","logo":{"@type":"ImageObject","inLanguage":"vi","@id":"https:\/\/aslighting.com.vn\/#\/schema\/logo\/image\/","url":"\/wp-content\/uploads\/2022\/10\/logo-ANHSAO.png","contentUrl":"\/wp-content\/uploads\/2022\/10\/logo-ANHSAO.png","width":1091,"height":360,"caption":"C\u00f4ng Ty C\u1ed5 Ph\u1ea7n Gi\u1ea3i Ph\u00e1p Chi\u1ebfu S\u00e1ng To\u00e0n Di\u1ec7n \u00c1nh Sao"},"image":{"@id":"https:\/\/aslighting.com.vn\/#\/schema\/logo\/image\/"}}]}},"_links":{"self":[{"href":"https:\/\/aslighting.com.vn\/vi\/wp-json\/wp\/v2\/product\/1809","targetHints":{"allow":["GET"]}}],"collection":[{"href":"https:\/\/aslighting.com.vn\/vi\/wp-json\/wp\/v2\/product"}],"about":[{"href":"https:\/\/aslighting.com.vn\/vi\/wp-json\/wp\/v2\/types\/product"}],"replies":[{"embeddable":true,"href":"https:\/\/aslighting.com.vn\/vi\/wp-json\/wp\/v2\/comments?post=1809"}],"wp:featuredmedia":[{"embeddable":true,"href":"https:\/\/aslighting.com.vn\/vi\/wp-json\/wp\/v2\/media\/1810"}],"wp:attachment":[{"href":"https:\/\/aslighting.com.vn\/vi\/wp-json\/wp\/v2\/media?parent=1809"}],"wp:term":[{"taxonomy":"product_brand","embeddable":true,"href":"https:\/\/aslighting.com.vn\/vi\/wp-json\/wp\/v2\/product_brand?post=1809"},{"taxonomy":"product_cat","embeddable":true,"href":"https:\/\/aslighting.com.vn\/vi\/wp-json\/wp\/v2\/product_cat?post=1809"},{"taxonomy":"product_tag","embeddable":true,"href":"https:\/\/aslighting.com.vn\/vi\/wp-json\/wp\/v2\/product_tag?post=1809"}],"curies":[{"name":"wp","href":"https:\/\/api.w.org\/{rel}","templated":true}]}}