{"id":1837,"date":"2022-11-28T10:30:05","date_gmt":"2022-11-28T03:30:05","guid":{"rendered":"https:\/\/aslighting.com.vn\/?post_type=product&#038;p=1837"},"modified":"2023-07-20T15:30:54","modified_gmt":"2023-07-20T08:30:54","slug":"o-cam-gan-am-dang-nghieng-1492-mennekes","status":"publish","type":"product","link":"https:\/\/aslighting.com.vn\/vi\/san-pham\/o-cam-gan-am-dang-nghieng-1492-mennekes\/","title":{"rendered":"\u1ed4 C\u1eaeM G\u1eaeN \u00c2M D\u1ea0NG NGHI\u00caNG 1492 MENNEKES"},"content":{"rendered":"<p><span style=\"font-weight: 400;\"><a href=\"https:\/\/aslighting.com.vn\/vi\/product-category\/mennekes\/\"><strong>\u1ed4 c\u1eafm g\u1eafn \u00e2m d\u1ea1ng nghi\u00eang 1492 Mennekes<\/strong><\/a> l\u00e0 d\u00f2ng s\u1ea3n ph\u1ea9m \u0111\u01b0\u1ee3c thi\u1ebft k\u1ebf \u0111\u1eb7c bi\u1ec7t nh\u1eb1m linh ho\u1ea1t trong qu\u00e1 tr\u00ecnh s\u1eed d\u1ee5ng \u1ed5 c\u1eafm. H\u00e3y xem chi ti\u1ebft d\u00f2ng s\u1ea3n ph\u1ea9m n\u00e0y ngay sau \u0111\u00e2y.\u00a0<\/span><\/p>\n<p><a href=\"https:\/\/aslighting.com.vn\/wp-content\/uploads\/2022\/11\/20210910104915_123.png\"><img fetchpriority=\"high\" decoding=\"async\" class=\"aligncenter wp-image-5120\" src=\"https:\/\/aslighting.com.vn\/wp-content\/uploads\/2022\/11\/20210910104915_123.png\" alt=\"\" width=\"500\" height=\"500\" srcset=\"\/wp-content\/uploads\/2022\/11\/20210910104915_123.png 900w, \/wp-content\/uploads\/2022\/11\/20210910104915_123-300x300.png 300w, \/wp-content\/uploads\/2022\/11\/20210910104915_123-150x150.png 150w, \/wp-content\/uploads\/2022\/11\/20210910104915_123-768x768.png 768w, \/wp-content\/uploads\/2022\/11\/20210910104915_123-12x12.png 12w, \/wp-content\/uploads\/2022\/11\/20210910104915_123-600x600.png 600w, \/wp-content\/uploads\/2022\/11\/20210910104915_123-100x100.png 100w\" sizes=\"(max-width: 500px) 100vw, 500px\" \/><\/a><\/p>\n<p style=\"text-align: center;\"><span style=\"font-size: 10pt;\"><em>S\u1ea3n ph\u1ea9m \u0111\u01b0\u1ee3c ph\u00e2n ph\u1ed1i b\u1edfi Aslighting<\/em><\/span><\/p>\n<h2><span style=\"font-size: 18pt; color: #000080;\"><strong>I\/ \u0110\u1eb7c \u0111i\u1ec3m c\u1ee7a \u1ed5 c\u1eafm g\u1eafn \u00e2m d\u1ea1ng nghi\u00eang 1492 Mennekes<\/strong><\/span><\/h2>\n<h3><span style=\"font-size: 14pt; color: #ff6600;\"><strong>1. Thi\u1ebft k\u1ebf<\/strong><\/span><\/h3>\n<ul>\n<li><span style=\"font-weight: 400;\">S\u1ea3n ph\u1ea9m \u0111\u01b0\u1ee3c s\u1ea3n xu\u1ea5t b\u1edfi h\u00e3ng Mennekes v\u00e0 nh\u1eadp kh\u1ea9u t\u1eeb \u0110\u1ee9c ch\u00ednh h\u00e3ng.\u00a0<\/span><\/li>\n<li><span style=\"font-weight: 400;\">\u1ed4 c\u1eafm 1492 d\u1ea1ng nghi\u00eang \u0111\u01b0\u1ee3c thi\u1ebft k\u1ebf v\u1edbi g\u00f3c nghi\u00eang 20 \u0111\u1ed9 \u0111\u1ea3m b\u1ea3o d\u1ec5 d\u00e0ng v\u00e0 t\u00f9y bi\u1ebfn trong qu\u00e1 tr\u00ecnh s\u1eed d\u1ee5ng.\u00a0<\/span><\/li>\n<li><span style=\"font-weight: 400;\">S\u1ea3n ph\u1ea9m \u0111\u01b0\u1ee3c d\u00f9ng v\u1edbi \u1ed5 1 pha 32A.<\/span><\/li>\n<li><span style=\"font-weight: 400;\">\u1ed4 c\u1eafm \u0111\u01b0\u1ee3c s\u1eed d\u1ee5ng b\u1eb1ng v\u1eadt li\u1ec7u Polyamide c\u00f3 th\u1ec3 ch\u1ecbu nhi\u1ec7t v\u00e0 \u0111\u1ed9 c\u00e1ch nhi\u1ec7t cao trong qu\u00e1 tr\u00ecnh s\u1eed d\u1ee5ng.<\/span><\/li>\n<\/ul>\n<p><a href=\"https:\/\/aslighting.com.vn\/wp-content\/uploads\/2022\/11\/20210910104916_426.png\"><img decoding=\"async\" class=\"aligncenter wp-image-5121 lazyload\" data-src=\"https:\/\/aslighting.com.vn\/wp-content\/uploads\/2022\/11\/20210910104916_426.png\" alt=\"\" width=\"500\" height=\"500\" data-srcset=\"\/wp-content\/uploads\/2022\/11\/20210910104916_426.png 900w, \/wp-content\/uploads\/2022\/11\/20210910104916_426-300x300.png 300w, \/wp-content\/uploads\/2022\/11\/20210910104916_426-150x150.png 150w, \/wp-content\/uploads\/2022\/11\/20210910104916_426-768x768.png 768w, \/wp-content\/uploads\/2022\/11\/20210910104916_426-12x12.png 12w, \/wp-content\/uploads\/2022\/11\/20210910104916_426-600x600.png 600w, \/wp-content\/uploads\/2022\/11\/20210910104916_426-100x100.png 100w\" data-sizes=\"(max-width: 500px) 100vw, 500px\" src=\"data:image\/svg+xml;base64,PHN2ZyB3aWR0aD0iMSIgaGVpZ2h0PSIxIiB4bWxucz0iaHR0cDovL3d3dy53My5vcmcvMjAwMC9zdmciPjwvc3ZnPg==\" style=\"--smush-placeholder-width: 500px; --smush-placeholder-aspect-ratio: 500\/500;\" \/><\/a><\/p>\n<p style=\"text-align: center;\"><span style=\"font-size: 10pt;\"><em>S\u1ea3n ph\u1ea9m \u0111\u01b0\u1ee3c thi\u1ebft k\u1ebf nh\u1ecf g\u1ecdn, tinh t\u1ebf<\/em><\/span><\/p>\n<h3><span style=\"font-size: 14pt; color: #ff6600;\"><strong>2. \u01afu \u0111i\u1ec3m n\u1ed5i b\u1eadt<\/strong><\/span><\/h3>\n<p><span style=\"font-weight: 400;\">\u1ed4 c\u1eafm \u0111i\u1ec7n c\u00f4ng nghi\u1ec7p g\u1eafn \u00e2m m\u00e3 1492 \u0111\u1ea1t ti\u00eau chu\u1ea9n qu\u1ed1c t\u1ebf IP44 v\u1ec1 t\u00ednh ch\u1ecbu nhi\u1ec7t cao v\u00e0 \u0111\u01b0\u1ee3c d\u00f9ng trong m\u00f4i tr\u01b0\u1eddng kh\u1eafc nghi\u1ec7t.\u00a0<\/span><\/p>\n<p><span style=\"font-weight: 400;\">S\u1ea3n ph\u1ea9m \u0111\u01b0\u1ee3c s\u1ea3n xu\u1ea5t d\u00e0nh cho c\u00e1c ng\u00e0nh c\u00f4ng nghi\u1ec7p, h\u1ed9 gia \u0111\u00ecnh s\u1eed d\u1ee5ng d\u00f2ng \u0111i\u1ec7n 1 pha.<\/span><\/p>\n<p><span style=\"font-weight: 400;\">\u1ed4 c\u1eafm c\u00f4ng nghi\u1ec7p 1492 \u0111\u1ea1t ti\u00eau chu\u1ea9n v\u1ec1 \u0111\u1ed9 an to\u00e0n, ch\u1ed1ng s\u00e9t t\u1ed1t cho c\u00e1c nh\u00e0 cao t\u1ea7ng, khu c\u00f4ng nghi\u1ec7p hay c\u00f4ng tr\u00ecnh x\u00e2y d\u1ef1ng m\u1edbi.\u00a0<\/span><\/p>\n<h3><span style=\"font-size: 14pt; color: #ff6600;\"><strong>3. Th\u00f4ng s\u1ed1 k\u1ef9 thu\u1eadt<\/strong><\/span><\/h3>\n<table style=\"width: 99.3347%; height: 192px;\" width=\"290\">\n<tbody>\n<tr style=\"height: 24px;\">\n<td style=\"width: 50.2123%; text-align: center; height: 24px;\"><strong>Lo\u1ea1i:<\/strong><\/td>\n<td style=\"width: 315.413%; text-align: center; height: 24px;\">\u1ed4 c\u1eafm g\u1eafn \u00e2m<\/td>\n<\/tr>\n<tr style=\"height: 24px;\">\n<td style=\"width: 50.2123%; text-align: center; height: 24px;\"><strong>S\u1ed1 c\u1ef1c:<\/strong><\/td>\n<td style=\"width: 315.413%; text-align: center; height: 24px;\">3P (2P+E)<\/td>\n<\/tr>\n<tr style=\"height: 24px;\">\n<td style=\"width: 50.2123%; text-align: center; height: 24px;\"><strong>D\u00f2ng \u0111\u1ecbnh m\u1ee9c:<\/strong><\/td>\n<td style=\"width: 315.413%; text-align: center; height: 24px;\">32A<\/td>\n<\/tr>\n<tr style=\"height: 24px;\">\n<td style=\"width: 50.2123%; text-align: center; height: 24px;\"><strong>\u0110i\u1ec7n \u00e1p:<\/strong><\/td>\n<td style=\"width: 315.413%; text-align: center; height: 24px;\">230 VAC 50\/60 Hz<\/td>\n<\/tr>\n<tr style=\"height: 24px;\">\n<td style=\"width: 50.2123%; text-align: center; height: 24px;\"><strong>IP:<\/strong><\/td>\n<td style=\"width: 315.413%; text-align: center; height: 24px;\">44<\/td>\n<\/tr>\n<tr style=\"height: 24px;\">\n<td style=\"width: 50.2123%; text-align: center; height: 24px;\"><strong>V\u1ecb tr\u00ed c\u1ef1c ti\u1ebfp \u0111\u1ecba:<\/strong><\/td>\n<td style=\"width: 315.413%; text-align: center; height: 24px;\">6H<\/td>\n<\/tr>\n<tr style=\"height: 24px;\">\n<td style=\"width: 50.2123%; text-align: center; height: 24px;\"><strong>L\u1eafp \u0111\u1eb7t:<\/strong><\/td>\n<td style=\"width: 315.413%; text-align: center; height: 24px;\">G\u1eafn \u00e2m<\/td>\n<\/tr>\n<tr style=\"height: 24px;\">\n<td style=\"width: 50.2123%; text-align: center; height: 24px;\"><strong>B\u1ea3o h\u00e0nh:<\/strong><\/td>\n<td style=\"width: 315.413%; text-align: center; height: 24px;\">24 th\u00e1ng<\/td>\n<\/tr>\n<\/tbody>\n<\/table>\n<h2><span style=\"font-size: 18pt; color: #000080;\"><strong>II\/ \u1ee8ng d\u1ee5ng c\u1ee7a \u1ed5 c\u1eafm g\u1eafn \u00e2m d\u1ea1ng nghi\u00eang 1492 Mennekes<\/strong><\/span><\/h2>\n<p><span style=\"font-weight: 400;\">\u1ed4 c\u1eafm 1492 c\u1ee7a d\u00f2ng <a href=\"https:\/\/aslighting.com.vn\/vi\/product-category\/mennekes\/o-cam-gan-am\/\"><span style=\"color: #000098;\"><strong>\u1ed5 c\u1eafm g\u1eafn n\u1ed5i Mennekes<\/strong><\/span><\/a> v\u1edbi nhi\u1ec1u \u01b0u \u0111i\u1ec3m \u01b0u vi\u1ec7t v\u1ec1 thi\u1ebft k\u1ebf c\u0169ng nh\u01b0 \u0111\u1ed9 b\u1ec1n n\u00ean \u0111\u01b0\u1ee3c \u1ee9ng d\u1ee5ng trong nhi\u1ec1u kh\u00f4ng gian kh\u00e1c nhau. S\u1ea3n ph\u1ea9m \u0111\u01b0\u1ee3c d\u00f9ng trong c\u00e1c nh\u00e0 m\u00e1y, khu c\u00f4ng ngh\u1ec7 cao, c\u00e1c c\u00f4ng tr\u00ecnh x\u00e2y d\u1ef1ng l\u1edbn ki\u00ean c\u1ed1\u2026<\/span><\/p>\n<p><a href=\"https:\/\/drive.google.com\/drive\/folders\/1GAOu4Zw1fqbsEUTg0m0yohS-pJpR0TKg?usp=sharing\"><img decoding=\"async\" class=\"size-medium wp-image-5097 aligncenter lazyload\" data-src=\"https:\/\/aslighting.com.vn\/wp-content\/uploads\/2022\/11\/button_tai-catalogue-tai-day-3-300x49.png\" alt=\"\" width=\"300\" height=\"49\" data-srcset=\"\/wp-content\/uploads\/2022\/11\/button_tai-catalogue-tai-day-3-300x49.png 300w, \/wp-content\/uploads\/2022\/11\/button_tai-catalogue-tai-day-3-18x3.png 18w, \/wp-content\/uploads\/2022\/11\/button_tai-catalogue-tai-day-3.png 407w\" data-sizes=\"(max-width: 300px) 100vw, 300px\" src=\"data:image\/svg+xml;base64,PHN2ZyB3aWR0aD0iMSIgaGVpZ2h0PSIxIiB4bWxucz0iaHR0cDovL3d3dy53My5vcmcvMjAwMC9zdmciPjwvc3ZnPg==\" style=\"--smush-placeholder-width: 300px; --smush-placeholder-aspect-ratio: 300\/49;\" \/><\/a><\/p>\n","protected":false},"excerpt":{"rendered":"<p><strong>S\u1ed1 c\u1ef1c:<\/strong> 3P (2P+E)<\/p>\n<p><strong>D\u00f2ng \u0111\u1ecbnh m\u1ee9c:<\/strong> 32A<\/p>\n<p><strong>\u0110i\u1ec7n \u00e1p:<\/strong> 230VAC 50\/60 Hz<\/p>\n<p><strong>IP:<\/strong> 44<\/p>\n<p><b>L\u1eafp \u0111\u1eb7t: <\/b>G\u1eafn \u00e2m<\/p>\n<p><strong>B\u1ea3o h\u00e0nh:<\/strong> 24 th\u00e1ng<\/p>\n","protected":false},"featured_media":1838,"comment_status":"open","ping_status":"closed","template":"","meta":[],"product_brand":[],"product_cat":[209,211,226],"product_tag":[],"class_list":{"0":"post-1837","1":"product","2":"type-product","3":"status-publish","4":"has-post-thumbnail","6":"product_cat-mennekes","7":"product_cat-o-cam-gan-am","8":"product_cat-o-cam-gan-am-dang-nghieng-1492-mennekes","10":"first","11":"instock","12":"shipping-taxable","13":"product-type-simple"},"yoast_head":"<!-- This site is optimized with the Yoast SEO Premium plugin v22.0 (Yoast SEO v22.5) - https:\/\/yoast.com\/wordpress\/plugins\/seo\/ -->\n<title>\u1ed4 c\u1eafm g\u1eafn \u00e2m d\u1ea1ng nghi\u00eang 1492 Mennekes gi\u00e1 t\u1ed1t nh\u1ea5t!<\/title>\n<meta name=\"description\" content=\"\u1ed4 c\u1eafm g\u1eafn \u00e2m d\u1ea1ng nghi\u00eang 1492 Mennekes \u0111\u01b0\u1ee3c ph\u00e2n ph\u1ed1i b\u1edfi c\u00f4ng ty c\u1ed5 ph\u1ea7n thi\u1ebft b\u1ecb chi\u1ebfu s\u00e1ng \u00c1nh Sao v\u1edbi ch\u1ea5t l\u01b0\u1ee3ng, gi\u00e1 th\u00e0nh t\u1ed1t\" \/>\n<meta name=\"robots\" content=\"index, follow, max-snippet:-1, max-image-preview:large, max-video-preview:-1\" \/>\n<link rel=\"canonical\" href=\"https:\/\/aslighting.com.vn\/vi\/san-pham\/o-cam-gan-am-dang-nghieng-1492-mennekes\/\" \/>\n<meta property=\"og:locale\" content=\"vi_VN\" \/>\n<meta property=\"og:type\" content=\"article\" \/>\n<meta property=\"og:title\" content=\"\u1ed4 C\u1eaeM G\u1eaeN \u00c2M D\u1ea0NG NGHI\u00caNG 1492 MENNEKES\" \/>\n<meta property=\"og:description\" content=\"\u1ed4 c\u1eafm g\u1eafn \u00e2m d\u1ea1ng nghi\u00eang 1492 Mennekes \u0111\u01b0\u1ee3c ph\u00e2n ph\u1ed1i b\u1edfi c\u00f4ng ty c\u1ed5 ph\u1ea7n thi\u1ebft b\u1ecb chi\u1ebfu s\u00e1ng \u00c1nh Sao v\u1edbi ch\u1ea5t l\u01b0\u1ee3ng, gi\u00e1 th\u00e0nh t\u1ed1t\" \/>\n<meta property=\"og:url\" content=\"https:\/\/aslighting.com.vn\/vi\/san-pham\/o-cam-gan-am-dang-nghieng-1492-mennekes\/\" \/>\n<meta property=\"og:site_name\" content=\"C\u00f4ng Ty C\u1ed5 Ph\u1ea7n Gi\u1ea3i Ph\u00e1p Chi\u1ebfu S\u00e1ng To\u00e0n Di\u1ec7n \u00c1nh Sao\" \/>\n<meta property=\"article:modified_time\" content=\"2023-07-20T08:30:54+00:00\" \/>\n<meta property=\"og:image\" content=\"https:\/\/aslighting.com.vn\/wp-content\/uploads\/2022\/11\/20210910104915_1.png\" \/>\n\t<meta property=\"og:image:width\" content=\"900\" \/>\n\t<meta property=\"og:image:height\" content=\"780\" \/>\n\t<meta property=\"og:image:type\" content=\"image\/png\" \/>\n<meta name=\"twitter:card\" content=\"summary_large_image\" \/>\n<meta name=\"twitter:label1\" content=\"\u01af\u1edbc t\u00ednh th\u1eddi gian \u0111\u1ecdc\" \/>\n\t<meta name=\"twitter:data1\" content=\"3 ph\u00fat\" \/>\n<script type=\"application\/ld+json\" class=\"yoast-schema-graph\">{\"@context\":\"https:\/\/schema.org\",\"@graph\":[{\"@type\":\"WebPage\",\"@id\":\"https:\/\/aslighting.com.vn\/san-pham\/o-cam-gan-am-dang-nghieng-1492-mennekes\/\",\"url\":\"https:\/\/aslighting.com.vn\/san-pham\/o-cam-gan-am-dang-nghieng-1492-mennekes\/\",\"name\":\"\u1ed4 c\u1eafm g\u1eafn \u00e2m d\u1ea1ng nghi\u00eang 1492 Mennekes gi\u00e1 t\u1ed1t nh\u1ea5t!\",\"isPartOf\":{\"@id\":\"https:\/\/aslighting.com.vn\/#website\"},\"primaryImageOfPage\":{\"@id\":\"https:\/\/aslighting.com.vn\/san-pham\/o-cam-gan-am-dang-nghieng-1492-mennekes\/#primaryimage\"},\"image\":{\"@id\":\"https:\/\/aslighting.com.vn\/san-pham\/o-cam-gan-am-dang-nghieng-1492-mennekes\/#primaryimage\"},\"thumbnailUrl\":\"\/wp-content\/uploads\/2022\/11\/20210910104915_1.png\",\"datePublished\":\"2022-11-28T03:30:05+00:00\",\"dateModified\":\"2023-07-20T08:30:54+00:00\",\"description\":\"\u1ed4 c\u1eafm g\u1eafn \u00e2m d\u1ea1ng nghi\u00eang 1492 Mennekes \u0111\u01b0\u1ee3c ph\u00e2n ph\u1ed1i b\u1edfi c\u00f4ng ty c\u1ed5 ph\u1ea7n thi\u1ebft b\u1ecb chi\u1ebfu s\u00e1ng \u00c1nh Sao v\u1edbi ch\u1ea5t l\u01b0\u1ee3ng, gi\u00e1 th\u00e0nh t\u1ed1t\",\"breadcrumb\":{\"@id\":\"https:\/\/aslighting.com.vn\/san-pham\/o-cam-gan-am-dang-nghieng-1492-mennekes\/#breadcrumb\"},\"inLanguage\":\"vi\",\"potentialAction\":[{\"@type\":\"ReadAction\",\"target\":[\"https:\/\/aslighting.com.vn\/san-pham\/o-cam-gan-am-dang-nghieng-1492-mennekes\/\"]}]},{\"@type\":\"ImageObject\",\"inLanguage\":\"vi\",\"@id\":\"https:\/\/aslighting.com.vn\/san-pham\/o-cam-gan-am-dang-nghieng-1492-mennekes\/#primaryimage\",\"url\":\"\/wp-content\/uploads\/2022\/11\/20210910104915_1.png\",\"contentUrl\":\"\/wp-content\/uploads\/2022\/11\/20210910104915_1.png\",\"width\":900,\"height\":780},{\"@type\":\"BreadcrumbList\",\"@id\":\"https:\/\/aslighting.com.vn\/san-pham\/o-cam-gan-am-dang-nghieng-1492-mennekes\/#breadcrumb\",\"itemListElement\":[{\"@type\":\"ListItem\",\"position\":1,\"name\":\"Trang ch\u1ee7\",\"item\":\"https:\/\/aslighting.com.vn\/vi\/\"},{\"@type\":\"ListItem\",\"position\":2,\"name\":\"S\u1ea3n ph\u1ea9m\",\"item\":\"https:\/\/aslighting.com.vn\/en\/san-pham\/\"},{\"@type\":\"ListItem\",\"position\":3,\"name\":\"\u1ed4 C\u1eaeM G\u1eaeN \u00c2M D\u1ea0NG NGHI\u00caNG 1492 MENNEKES\"}]},{\"@type\":\"WebSite\",\"@id\":\"https:\/\/aslighting.com.vn\/#website\",\"url\":\"https:\/\/aslighting.com.vn\/\",\"name\":\"C\u00f4ng Ty C\u1ed5 Ph\u1ea7n Gi\u1ea3i Ph\u00e1p Chi\u1ebfu S\u00e1ng To\u00e0n Di\u1ec7n \u00c1nh Sao\",\"description\":\"\",\"publisher\":{\"@id\":\"https:\/\/aslighting.com.vn\/#organization\"},\"potentialAction\":[{\"@type\":\"SearchAction\",\"target\":{\"@type\":\"EntryPoint\",\"urlTemplate\":\"https:\/\/aslighting.com.vn\/?s={search_term_string}\"},\"query-input\":\"required name=search_term_string\"}],\"inLanguage\":\"vi\"},{\"@type\":\"Organization\",\"@id\":\"https:\/\/aslighting.com.vn\/#organization\",\"name\":\"C\u00f4ng Ty C\u1ed5 Ph\u1ea7n Gi\u1ea3i Ph\u00e1p Chi\u1ebfu S\u00e1ng To\u00e0n Di\u1ec7n \u00c1nh Sao\",\"url\":\"https:\/\/aslighting.com.vn\/\",\"logo\":{\"@type\":\"ImageObject\",\"inLanguage\":\"vi\",\"@id\":\"https:\/\/aslighting.com.vn\/#\/schema\/logo\/image\/\",\"url\":\"\/wp-content\/uploads\/2022\/10\/logo-ANHSAO.png\",\"contentUrl\":\"\/wp-content\/uploads\/2022\/10\/logo-ANHSAO.png\",\"width\":1091,\"height\":360,\"caption\":\"C\u00f4ng Ty C\u1ed5 Ph\u1ea7n Gi\u1ea3i Ph\u00e1p Chi\u1ebfu S\u00e1ng To\u00e0n Di\u1ec7n \u00c1nh Sao\"},\"image\":{\"@id\":\"https:\/\/aslighting.com.vn\/#\/schema\/logo\/image\/\"}}]}<\/script>\n<!-- \/ Yoast SEO Premium plugin. -->","yoast_head_json":{"title":"\u1ed4 c\u1eafm g\u1eafn \u00e2m d\u1ea1ng nghi\u00eang 1492 Mennekes gi\u00e1 t\u1ed1t nh\u1ea5t!","description":"\u1ed4 c\u1eafm g\u1eafn \u00e2m d\u1ea1ng nghi\u00eang 1492 Mennekes \u0111\u01b0\u1ee3c ph\u00e2n ph\u1ed1i b\u1edfi c\u00f4ng ty c\u1ed5 ph\u1ea7n thi\u1ebft b\u1ecb chi\u1ebfu s\u00e1ng \u00c1nh Sao v\u1edbi ch\u1ea5t l\u01b0\u1ee3ng, gi\u00e1 th\u00e0nh t\u1ed1t","robots":{"index":"index","follow":"follow","max-snippet":"max-snippet:-1","max-image-preview":"max-image-preview:large","max-video-preview":"max-video-preview:-1"},"canonical":"https:\/\/aslighting.com.vn\/vi\/san-pham\/o-cam-gan-am-dang-nghieng-1492-mennekes\/","og_locale":"vi_VN","og_type":"article","og_title":"\u1ed4 C\u1eaeM G\u1eaeN \u00c2M D\u1ea0NG NGHI\u00caNG 1492 MENNEKES","og_description":"\u1ed4 c\u1eafm g\u1eafn \u00e2m d\u1ea1ng nghi\u00eang 1492 Mennekes \u0111\u01b0\u1ee3c ph\u00e2n ph\u1ed1i b\u1edfi c\u00f4ng ty c\u1ed5 ph\u1ea7n thi\u1ebft b\u1ecb chi\u1ebfu s\u00e1ng \u00c1nh Sao v\u1edbi ch\u1ea5t l\u01b0\u1ee3ng, gi\u00e1 th\u00e0nh t\u1ed1t","og_url":"https:\/\/aslighting.com.vn\/vi\/san-pham\/o-cam-gan-am-dang-nghieng-1492-mennekes\/","og_site_name":"C\u00f4ng Ty C\u1ed5 Ph\u1ea7n Gi\u1ea3i Ph\u00e1p Chi\u1ebfu S\u00e1ng To\u00e0n Di\u1ec7n \u00c1nh Sao","article_modified_time":"2023-07-20T08:30:54+00:00","og_image":[{"width":900,"height":780,"url":"https:\/\/aslighting.com.vn\/wp-content\/uploads\/2022\/11\/20210910104915_1.png","type":"image\/png"}],"twitter_card":"summary_large_image","twitter_misc":{"\u01af\u1edbc t\u00ednh th\u1eddi gian \u0111\u1ecdc":"3 ph\u00fat"},"schema":{"@context":"https:\/\/schema.org","@graph":[{"@type":"WebPage","@id":"https:\/\/aslighting.com.vn\/san-pham\/o-cam-gan-am-dang-nghieng-1492-mennekes\/","url":"https:\/\/aslighting.com.vn\/san-pham\/o-cam-gan-am-dang-nghieng-1492-mennekes\/","name":"\u1ed4 c\u1eafm g\u1eafn \u00e2m d\u1ea1ng nghi\u00eang 1492 Mennekes gi\u00e1 t\u1ed1t nh\u1ea5t!","isPartOf":{"@id":"https:\/\/aslighting.com.vn\/#website"},"primaryImageOfPage":{"@id":"https:\/\/aslighting.com.vn\/san-pham\/o-cam-gan-am-dang-nghieng-1492-mennekes\/#primaryimage"},"image":{"@id":"https:\/\/aslighting.com.vn\/san-pham\/o-cam-gan-am-dang-nghieng-1492-mennekes\/#primaryimage"},"thumbnailUrl":"\/wp-content\/uploads\/2022\/11\/20210910104915_1.png","datePublished":"2022-11-28T03:30:05+00:00","dateModified":"2023-07-20T08:30:54+00:00","description":"\u1ed4 c\u1eafm g\u1eafn \u00e2m d\u1ea1ng nghi\u00eang 1492 Mennekes \u0111\u01b0\u1ee3c ph\u00e2n ph\u1ed1i b\u1edfi c\u00f4ng ty c\u1ed5 ph\u1ea7n thi\u1ebft b\u1ecb chi\u1ebfu s\u00e1ng \u00c1nh Sao v\u1edbi ch\u1ea5t l\u01b0\u1ee3ng, gi\u00e1 th\u00e0nh t\u1ed1t","breadcrumb":{"@id":"https:\/\/aslighting.com.vn\/san-pham\/o-cam-gan-am-dang-nghieng-1492-mennekes\/#breadcrumb"},"inLanguage":"vi","potentialAction":[{"@type":"ReadAction","target":["https:\/\/aslighting.com.vn\/san-pham\/o-cam-gan-am-dang-nghieng-1492-mennekes\/"]}]},{"@type":"ImageObject","inLanguage":"vi","@id":"https:\/\/aslighting.com.vn\/san-pham\/o-cam-gan-am-dang-nghieng-1492-mennekes\/#primaryimage","url":"\/wp-content\/uploads\/2022\/11\/20210910104915_1.png","contentUrl":"\/wp-content\/uploads\/2022\/11\/20210910104915_1.png","width":900,"height":780},{"@type":"BreadcrumbList","@id":"https:\/\/aslighting.com.vn\/san-pham\/o-cam-gan-am-dang-nghieng-1492-mennekes\/#breadcrumb","itemListElement":[{"@type":"ListItem","position":1,"name":"Trang ch\u1ee7","item":"https:\/\/aslighting.com.vn\/vi\/"},{"@type":"ListItem","position":2,"name":"S\u1ea3n ph\u1ea9m","item":"https:\/\/aslighting.com.vn\/en\/san-pham\/"},{"@type":"ListItem","position":3,"name":"\u1ed4 C\u1eaeM G\u1eaeN \u00c2M D\u1ea0NG NGHI\u00caNG 1492 MENNEKES"}]},{"@type":"WebSite","@id":"https:\/\/aslighting.com.vn\/#website","url":"https:\/\/aslighting.com.vn\/","name":"C\u00f4ng Ty C\u1ed5 Ph\u1ea7n Gi\u1ea3i Ph\u00e1p Chi\u1ebfu S\u00e1ng To\u00e0n Di\u1ec7n \u00c1nh Sao","description":"","publisher":{"@id":"https:\/\/aslighting.com.vn\/#organization"},"potentialAction":[{"@type":"SearchAction","target":{"@type":"EntryPoint","urlTemplate":"https:\/\/aslighting.com.vn\/?s={search_term_string}"},"query-input":"required name=search_term_string"}],"inLanguage":"vi"},{"@type":"Organization","@id":"https:\/\/aslighting.com.vn\/#organization","name":"C\u00f4ng Ty C\u1ed5 Ph\u1ea7n Gi\u1ea3i Ph\u00e1p Chi\u1ebfu S\u00e1ng To\u00e0n Di\u1ec7n \u00c1nh Sao","url":"https:\/\/aslighting.com.vn\/","logo":{"@type":"ImageObject","inLanguage":"vi","@id":"https:\/\/aslighting.com.vn\/#\/schema\/logo\/image\/","url":"\/wp-content\/uploads\/2022\/10\/logo-ANHSAO.png","contentUrl":"\/wp-content\/uploads\/2022\/10\/logo-ANHSAO.png","width":1091,"height":360,"caption":"C\u00f4ng Ty C\u1ed5 Ph\u1ea7n Gi\u1ea3i Ph\u00e1p Chi\u1ebfu S\u00e1ng To\u00e0n Di\u1ec7n \u00c1nh Sao"},"image":{"@id":"https:\/\/aslighting.com.vn\/#\/schema\/logo\/image\/"}}]}},"_links":{"self":[{"href":"https:\/\/aslighting.com.vn\/vi\/wp-json\/wp\/v2\/product\/1837","targetHints":{"allow":["GET"]}}],"collection":[{"href":"https:\/\/aslighting.com.vn\/vi\/wp-json\/wp\/v2\/product"}],"about":[{"href":"https:\/\/aslighting.com.vn\/vi\/wp-json\/wp\/v2\/types\/product"}],"replies":[{"embeddable":true,"href":"https:\/\/aslighting.com.vn\/vi\/wp-json\/wp\/v2\/comments?post=1837"}],"wp:featuredmedia":[{"embeddable":true,"href":"https:\/\/aslighting.com.vn\/vi\/wp-json\/wp\/v2\/media\/1838"}],"wp:attachment":[{"href":"https:\/\/aslighting.com.vn\/vi\/wp-json\/wp\/v2\/media?parent=1837"}],"wp:term":[{"taxonomy":"product_brand","embeddable":true,"href":"https:\/\/aslighting.com.vn\/vi\/wp-json\/wp\/v2\/product_brand?post=1837"},{"taxonomy":"product_cat","embeddable":true,"href":"https:\/\/aslighting.com.vn\/vi\/wp-json\/wp\/v2\/product_cat?post=1837"},{"taxonomy":"product_tag","embeddable":true,"href":"https:\/\/aslighting.com.vn\/vi\/wp-json\/wp\/v2\/product_tag?post=1837"}],"curies":[{"name":"wp","href":"https:\/\/api.w.org\/{rel}","templated":true}]}}