{"id":2139,"date":"2022-11-29T10:41:41","date_gmt":"2022-11-29T03:41:41","guid":{"rendered":"https:\/\/aslighting.com.vn\/?post_type=product&#038;p=2139"},"modified":"2023-06-24T13:51:29","modified_gmt":"2023-06-24T06:51:29","slug":"den-thoat-hiem-2-mat-kt-620-3w-kentom","status":"publish","type":"product","link":"https:\/\/aslighting.com.vn\/vi\/san-pham\/den-thoat-hiem-2-mat-kt-620-3w-kentom\/","title":{"rendered":"\u0110\u00c8N THO\u00c1T HI\u1ec2M 2 M\u1eb6T KT-620 3W KENTOM"},"content":{"rendered":"<p><span style=\"font-weight: 400;\"><a href=\"https:\/\/aslighting.com.vn\/vi\/san-pham\/den-thoat-hiem-2-mat-kt-620-3w-kentom\/\"><span style=\"color: #000098;\"><strong>\u0110\u00e8n tho\u00e1t hi\u1ec3m 2 m\u1eb7t KT-620<\/strong><\/span><\/a> c\u1ee7a h\u00e3ng Kentom \u0111\u01b0\u1ee3c \u01b0a chu\u1ed9ng h\u00e0ng \u0111\u1ea7u th\u1ecb tr\u01b0\u1eddng v\u1edbi nhi\u1ec1u t\u00ednh n\u0103ng \u01b0u vi\u1ec7t. H\u00e3y c\u00f9ng t\u00ecm hi\u1ec3u chi ti\u1ebft v\u1ec1 d\u00f2ng s\u1ea3n ph\u1ea9m n\u00e0y nh\u00e9.<\/span><\/p>\n<p><a href=\"https:\/\/aslighting.com.vn\/wp-content\/uploads\/2022\/11\/20210811224915_kt-610-620-680-69014.png\"><img fetchpriority=\"high\" decoding=\"async\" class=\"aligncenter wp-image-4204\" src=\"https:\/\/aslighting.com.vn\/wp-content\/uploads\/2022\/11\/20210811224915_kt-610-620-680-69014.png\" alt=\"\" width=\"500\" height=\"500\" srcset=\"\/wp-content\/uploads\/2022\/11\/20210811224915_kt-610-620-680-69014.png 900w, \/wp-content\/uploads\/2022\/11\/20210811224915_kt-610-620-680-69014-300x300.png 300w, \/wp-content\/uploads\/2022\/11\/20210811224915_kt-610-620-680-69014-150x150.png 150w, \/wp-content\/uploads\/2022\/11\/20210811224915_kt-610-620-680-69014-768x768.png 768w, \/wp-content\/uploads\/2022\/11\/20210811224915_kt-610-620-680-69014-12x12.png 12w, \/wp-content\/uploads\/2022\/11\/20210811224915_kt-610-620-680-69014-600x600.png 600w, \/wp-content\/uploads\/2022\/11\/20210811224915_kt-610-620-680-69014-100x100.png 100w\" sizes=\"(max-width: 500px) 100vw, 500px\" \/><\/a><\/p>\n<p style=\"text-align: center;\"><span style=\"font-size: 10pt;\"><em>\u0110\u00e8n\u00a0tho\u00e1t hi\u1ec3m 2 m\u1eb7t KT-620 Kentom \u0111\u01b0\u1ee3c \u00c1nh Sao ph\u00e2n ph\u1ed1i ch\u00ednh h\u00e3ng<\/em><\/span><\/p>\n<h2><span style=\"color: #000080;\"><strong>I\/ \u0110\u1eb7c \u0111i\u1ec3m c\u1ee7a \u0111\u00e8n tho\u00e1t hi\u1ec3m 2 m\u1eb7t KT-620<\/strong><\/span><\/h2>\n<h3><span style=\"color: #ff6600;\"><strong>1. Thi\u1ebft k\u1ebf<\/strong><\/span><\/h3>\n<ul>\n<li><span style=\"font-weight: 400;\">\u0110\u00e8n exit 2 m\u1eb7t KT-620 Kentom \u0111\u01b0\u1ee3c l\u00e0m b\u1eb1ng nh\u1ef1a c\u1ee9ng, nh\u01b0ng v\u1eabn c\u00f3 t\u00ednh m\u1ec1m d\u1ebbo v\u00e0 d\u00e0y gi\u00fap b\u1ea3o v\u1ec7 t\u1ed1t cho \u0111\u00e8n. B\u1edfi v\u1eady \u0111\u00e8n kh\u00f4ng b\u1ecb t\u00e1c \u0111\u1ed9ng b\u1edfi b\u1ee5i, c\u00f4n tr\u00f9ng hay c\u00e1c \u1ea3nh h\u01b0\u1edfng b\u00ean ngo\u00e0i kh\u00e1c.\u00a0<\/span><\/li>\n<li><span style=\"font-weight: 400;\">S\u1ea3n ph\u1ea9m \u0111\u00e8n exit 2 m\u1eb7t KT-620 Kentom \u0111\u01b0\u1ee3c thi\u1ebft k\u1ebf v\u1edbi c\u00f4ng ngh\u1ec7 th\u00f4ng minh, n\u00ean ch\u1ec9 c\u1ea7n c\u00f3 hi\u1ec7n t\u01b0\u1ee3ng \u0111i\u1ec7n b\u1ecb t\u1eaft \u0111\u1ed9t ng\u1ed9t th\u00ec \u0111\u00e8n c\u00f3 th\u1ec3 t\u1ef1 \u0111\u1ed9ng ph\u00e1t s\u00e1ng r\u1ea5t nhanh.\u00a0<\/span><\/li>\n<li><span style=\"font-weight: 400;\">\u0110\u00e8n c\u00f2n \u0111\u01b0\u1ee3c trang b\u1ecb th\u00eam c\u00e1c con chip hi\u1ec7n \u0111\u1ea1i nh\u1ea5t n\u00ean gi\u00fap cho \u0111\u00e8n \u0111\u01b0\u1ee3c ho\u1ea1t \u0111\u1ed9ng t\u1ed1t nh\u1ea5t.<\/span><\/li>\n<li><span style=\"font-weight: 400;\">\u0110\u00e8n c\u00f3 kh\u1ea3 n\u0103ng s\u1ea1c pin t\u1ef1 \u0111\u1ed9ng, \u0111\u00e8n c\u00f3 th\u1ec3 t\u1ef1 \u0111\u1ed9ng ng\u1eaft \u0111i\u1ec7n khi pin \u0111\u00e3 \u0111\u01b0\u1ee3c s\u1ea1c \u0111\u1ea7y, v\u1edbi t\u00ednh n\u0103ng n\u00e0y l\u00e0m cho \u0111\u00e8n c\u00f3 kh\u1ea3 n\u0103ng t\u1ed1i \u01b0u nh\u1ea5t m\u1ee9c \u0111i\u1ec7n n\u0103ng m\u00e0 \u0111\u00e8n s\u1eed d\u1ee5ng.<\/span><\/li>\n<\/ul>\n<h3><span style=\"color: #ff6600;\"><strong>2. \u01afu \u0111i\u1ec3m n\u1ed5i b\u1eadt<\/strong><\/span><\/h3>\n<ul>\n<li><span style=\"font-weight: 400;\">\u0110\u00e8n Exit 2 m\u1eb7t KT-620 c\u00f3 tu\u1ed5i th\u1ecd cao n\u00ean th\u1eddi gian s\u1eed d\u1ee5ng c\u1ee7a \u0111\u00e8n c\u0169ng \u0111\u01b0\u1ee3c k\u00e9o d\u00e0i n\u00ean n\u0103ng c\u00e1c th\u00eam s\u1ef1 l\u00e2u b\u1ec1n cho vi\u1ec7c s\u1eed d\u1ee5ng \u0111\u00e8n.<\/span><\/li>\n<li><span style=\"font-weight: 400;\">\u0110\u00e8n tho\u00e1t hi\u1ec3m 2 m\u1eb7t KT-620 c\u00f3 th\u1ec3 l\u1eafp \u0111\u1eb7t r\u1ea5t d\u1ec5 d\u00e0ng, v\u00ec s\u1ea3n ph\u1ea9m \u0111\u00e3 \u0111\u01b0\u1ee3c t\u1ed1i gi\u1ea3n nh\u1ea5t, khi l\u1eafp \u0111\u1eb7t b\u1ea1n n\u00ean x\u00e1c \u0111\u1ecbnh \u0111\u00fang nh\u1ea5t v\u1ecb tr\u00ed l\u1eafp \u0111\u1eb7t cho \u0111\u00e8n 2 m\u1eb7t \u0111\u1ec3 s\u1ea3n ph\u1ea9m c\u00f3 th\u1ec3 ph\u00e1t huy h\u1ebft t\u00ednh n\u0103ng c\u1ee7a m\u00ecnh.<\/span><\/li>\n<li><span style=\"font-weight: 400;\">\u0110\u00e8n c\u00f3 \u0111\u1ed9 b\u1ec1n cao, \u0111\u01b0\u1ee3c b\u1ea3o h\u00e0nh trong v\u00f2ng 1 n\u0103m s\u1eed d\u1ee5ng.\u00a0<\/span><\/li>\n<\/ul>\n<p><em>B\u1ea1n \u0111ang c\u1ea7n t\u00ecm c\u00e1c m\u00e3 s\u1ea3n ph\u1ea9m kh\u00e1c t\u01b0\u01a1ng t\u1ef1, h\u00e3y xem:<span style=\"color: #000098;\"> <a style=\"color: #000098;\" href=\"https:\/\/aslighting.com.vn\/vi\/product-category\/kentom\/den-thoat-hiem\/\"><strong>\u0110\u00e8n Kentom tho\u00e1t hi\u1ec3m <\/strong><\/a><\/span><\/em><\/p>\n<h3><span style=\"color: #000098;\"><strong>3. Th\u00f4ng s\u1ed1 k\u1ef9 thu\u1eadt<\/strong><\/span><\/h3>\n<table style=\"width: 98.6235%;\" width=\"320\">\n<tbody>\n<tr>\n<td style=\"width: 50.0252%; text-align: center;\" width=\"312\"><strong>C\u00f4ng su\u1ea5t:<\/strong><\/td>\n<td style=\"width: 277.962%; text-align: center;\" width=\"312\">3W<\/td>\n<\/tr>\n<tr>\n<td style=\"width: 50.0252%; text-align: center;\" width=\"312\"><strong>\u0110i\u1ec7n \u00e1p:<\/strong><\/td>\n<td style=\"width: 277.962%; text-align: center;\" width=\"312\">220V<\/td>\n<\/tr>\n<tr>\n<td style=\"width: 50.0252%; text-align: center;\" width=\"312\"><strong>Pin:<\/strong><\/td>\n<td style=\"width: 277.962%; text-align: center;\" width=\"312\">3.7V 2000mAh<\/td>\n<\/tr>\n<tr>\n<td style=\"width: 50.0252%; text-align: center;\" width=\"312\"><strong>Th\u1eddi gian l\u01b0u \u0111i\u1ec7n:<\/strong><\/td>\n<td style=\"width: 277.962%; text-align: center;\" width=\"312\">3h (S\u1ea1c DC)<\/td>\n<\/tr>\n<tr>\n<td style=\"width: 50.0252%; text-align: center;\" width=\"312\"><strong>Th\u1eddi gian s\u1ea1c:<\/strong><\/td>\n<td style=\"width: 277.962%; text-align: center;\" width=\"312\">24h<\/td>\n<\/tr>\n<tr>\n<td style=\"width: 50.0252%; text-align: center;\" width=\"312\"><strong>K\u00edch th\u01b0\u1edbc:<\/strong><\/td>\n<td style=\"width: 277.962%; text-align: center;\" width=\"312\">397mm x 156mm x 30mm<\/td>\n<\/tr>\n<tr>\n<td style=\"width: 50.0252%; text-align: center;\" width=\"312\"><strong>B\u1ea3o h\u00e0nh:<\/strong><\/td>\n<td style=\"width: 277.962%; text-align: center;\" width=\"312\">12 th\u00e1ng<\/td>\n<\/tr>\n<\/tbody>\n<\/table>\n<h2><span style=\"color: #000080;\"><strong>II\/ \u1ee8ng d\u1ee5ng c\u1ee7a \u0111\u00e8n exit 2 m\u1eb7t KT-620<\/strong><\/span><\/h2>\n<p><span style=\"font-weight: 400;\">\u0110\u00e8n exit 2 m\u1eb7t KT-620 Kentom \u0111\u01b0\u1ee3c l\u1eafp \u0111\u1eb7t cho nhi\u1ec1u v\u1ecb tr\u00ed chi\u1ebfu s\u00e1ng kh\u00e1c nhau nh\u01b0 trong c\u1ea7u thang b\u1ed9, c\u00e1c chung c\u01b0, t\u00f2a nh\u00e0 cao t\u1ea7ng, si\u00eau th\u1ecb, nh\u00e0 kho, t\u1ea7ng h\u1ea7m, b\u1ec7nh vi\u1ec7n, tr\u01b0\u1eddng h\u1ecdc, c\u00e1c c\u00f4ng ty, x\u00ed nghi\u1ec7p,\u2026 v\u00e0 r\u1ea5t nhi\u1ec1u n\u01a1i kh\u00e1c c\u1ea7n c\u00f3 l\u1ed1i tho\u00e1t hi\u1ec3m, nh\u1ea5t l\u00e0 trong c\u00e1c h\u1ec7 th\u1ed1ng c\u00f3 thi\u1ebft k\u1ebf nhi\u1ec1u ph\u00f2ng, nhi\u1ec1u t\u1ea7ng nh\u01b0 hi\u1ec7n nay.<\/span><\/p>\n<p><a href=\"https:\/\/aslighting.com.vn\/wp-content\/uploads\/2022\/11\/DSC02953_result-scaled.jpg\"><img decoding=\"async\" class=\"aligncenter wp-image-4206 lazyload\" data-src=\"https:\/\/aslighting.com.vn\/wp-content\/uploads\/2022\/11\/DSC02953_result-scaled.jpg\" alt=\"\" width=\"600\" height=\"400\" data-srcset=\"\/wp-content\/uploads\/2022\/11\/DSC02953_result-scaled.jpg 1000w, \/wp-content\/uploads\/2022\/11\/DSC02953_result-300x200.jpg 300w, \/wp-content\/uploads\/2022\/11\/DSC02953_result-1024x683.jpg 1024w, \/wp-content\/uploads\/2022\/11\/DSC02953_result-768x512.jpg 768w, \/wp-content\/uploads\/2022\/11\/DSC02953_result-1536x1024.jpg 1536w, \/wp-content\/uploads\/2022\/11\/DSC02953_result-18x12.jpg 18w, \/wp-content\/uploads\/2022\/11\/DSC02953_result-600x400.jpg 600w\" data-sizes=\"(max-width: 600px) 100vw, 600px\" src=\"data:image\/svg+xml;base64,PHN2ZyB3aWR0aD0iMSIgaGVpZ2h0PSIxIiB4bWxucz0iaHR0cDovL3d3dy53My5vcmcvMjAwMC9zdmciPjwvc3ZnPg==\" style=\"--smush-placeholder-width: 600px; --smush-placeholder-aspect-ratio: 600\/400;\" \/><\/a><\/p>\n<p>&nbsp;<\/p>\n","protected":false},"excerpt":{"rendered":"<p><strong>C\u00f4ng su\u1ea5t:<\/strong> 3W<\/p>\n<p><b>\u0110i\u1ec7n \u00e1p: <\/b>220V<\/p>\n<p><strong>Pin: <\/strong>3.7V 2000mAh<\/p>\n<p><strong>Th\u1eddi gian l\u01b0u \u0111i\u1ec7n: <\/strong>3h (S\u1ea1c DC)<\/p>\n<p><strong>Th\u1eddi gian s\u1ea1c: <\/strong>24h<\/p>\n<p><strong>K\u00edch th\u01b0\u1edbc:<\/strong> 397mm x 156mm x 30mm<\/p>\n<p><strong>B\u1ea3o h\u00e0nh:<\/strong> 12 th\u00e1ng<\/p>\n","protected":false},"featured_media":2140,"comment_status":"open","ping_status":"closed","template":"","meta":[],"product_brand":[],"product_cat":[284,287,283],"product_tag":[],"class_list":{"0":"post-2139","1":"product","2":"type-product","3":"status-publish","4":"has-post-thumbnail","6":"product_cat-den-thoat-hiem","7":"product_cat-den-thoat-hiem-2-mat-kt-620-3w","8":"product_cat-kentom","10":"first","11":"instock","12":"shipping-taxable","13":"product-type-simple"},"yoast_head":"<!-- This site is optimized with the Yoast SEO Premium plugin v22.0 (Yoast SEO v22.5) - https:\/\/yoast.com\/wordpress\/plugins\/seo\/ -->\n<title>\u0110\u00e8n\u00a0tho\u00e1t hi\u1ec3m 2 m\u1eb7t KT-620 Kentom ch\u00ednh h\u00e3ng gi\u00e1 t\u1ed1t nh\u1ea5t<\/title>\n<meta name=\"description\" content=\"\u0110\u00e8n\u00a0tho\u00e1t hi\u1ec3m 2 m\u1eb7t KT-620 Kentom ch\u00ednh h\u00e3ng gi\u00e1 t\u1ed1t nh\u1ea5t \u0111\u01b0\u1ee3c c\u00f4ng ty c\u1ed5 ph\u1ea7n thi\u1ebft b\u1ecb chi\u1ebfu s\u00e1ng \u00c1nh Sao cung c\u1ea5p t\u1edbi kh\u00e1ch h\u00e0ng ho\u00e0n h\u1ea3o nh\u1ea5t\" \/>\n<meta name=\"robots\" content=\"index, follow, max-snippet:-1, max-image-preview:large, max-video-preview:-1\" \/>\n<link rel=\"canonical\" href=\"https:\/\/aslighting.com.vn\/vi\/san-pham\/den-thoat-hiem-2-mat-kt-620-3w-kentom\/\" \/>\n<meta property=\"og:locale\" content=\"vi_VN\" \/>\n<meta property=\"og:type\" content=\"article\" \/>\n<meta property=\"og:title\" content=\"\u0110\u00c8N THO\u00c1T HI\u1ec2M 2 M\u1eb6T KT-620 3W KENTOM\" \/>\n<meta property=\"og:description\" content=\"\u0110\u00e8n\u00a0tho\u00e1t hi\u1ec3m 2 m\u1eb7t KT-620 Kentom ch\u00ednh h\u00e3ng gi\u00e1 t\u1ed1t nh\u1ea5t \u0111\u01b0\u1ee3c c\u00f4ng ty c\u1ed5 ph\u1ea7n thi\u1ebft b\u1ecb chi\u1ebfu s\u00e1ng \u00c1nh Sao cung c\u1ea5p t\u1edbi kh\u00e1ch h\u00e0ng ho\u00e0n h\u1ea3o nh\u1ea5t\" \/>\n<meta property=\"og:url\" content=\"https:\/\/aslighting.com.vn\/vi\/san-pham\/den-thoat-hiem-2-mat-kt-620-3w-kentom\/\" \/>\n<meta property=\"og:site_name\" content=\"C\u00f4ng Ty C\u1ed5 Ph\u1ea7n Gi\u1ea3i Ph\u00e1p Chi\u1ebfu S\u00e1ng To\u00e0n Di\u1ec7n \u00c1nh Sao\" \/>\n<meta property=\"article:modified_time\" content=\"2023-06-24T06:51:29+00:00\" \/>\n<meta property=\"og:image\" content=\"https:\/\/aslighting.com.vn\/wp-content\/uploads\/2022\/11\/20210811224915_anh-nho.png\" \/>\n\t<meta property=\"og:image:width\" content=\"900\" \/>\n\t<meta property=\"og:image:height\" content=\"781\" \/>\n\t<meta property=\"og:image:type\" content=\"image\/png\" \/>\n<meta name=\"twitter:card\" content=\"summary_large_image\" \/>\n<meta name=\"twitter:label1\" content=\"\u01af\u1edbc t\u00ednh th\u1eddi gian \u0111\u1ecdc\" \/>\n\t<meta name=\"twitter:data1\" content=\"3 ph\u00fat\" \/>\n<script type=\"application\/ld+json\" class=\"yoast-schema-graph\">{\"@context\":\"https:\/\/schema.org\",\"@graph\":[{\"@type\":\"WebPage\",\"@id\":\"https:\/\/aslighting.com.vn\/san-pham\/den-thoat-hiem-2-mat-kt-620-3w-kentom\/\",\"url\":\"https:\/\/aslighting.com.vn\/san-pham\/den-thoat-hiem-2-mat-kt-620-3w-kentom\/\",\"name\":\"\u0110\u00e8n\u00a0tho\u00e1t hi\u1ec3m 2 m\u1eb7t KT-620 Kentom ch\u00ednh h\u00e3ng gi\u00e1 t\u1ed1t nh\u1ea5t\",\"isPartOf\":{\"@id\":\"https:\/\/aslighting.com.vn\/#website\"},\"primaryImageOfPage\":{\"@id\":\"https:\/\/aslighting.com.vn\/san-pham\/den-thoat-hiem-2-mat-kt-620-3w-kentom\/#primaryimage\"},\"image\":{\"@id\":\"https:\/\/aslighting.com.vn\/san-pham\/den-thoat-hiem-2-mat-kt-620-3w-kentom\/#primaryimage\"},\"thumbnailUrl\":\"\/wp-content\/uploads\/2022\/11\/20210811224915_anh-nho.png\",\"datePublished\":\"2022-11-29T03:41:41+00:00\",\"dateModified\":\"2023-06-24T06:51:29+00:00\",\"description\":\"\u0110\u00e8n\u00a0tho\u00e1t hi\u1ec3m 2 m\u1eb7t KT-620 Kentom ch\u00ednh h\u00e3ng gi\u00e1 t\u1ed1t nh\u1ea5t \u0111\u01b0\u1ee3c c\u00f4ng ty c\u1ed5 ph\u1ea7n thi\u1ebft b\u1ecb chi\u1ebfu s\u00e1ng \u00c1nh Sao cung c\u1ea5p t\u1edbi kh\u00e1ch h\u00e0ng ho\u00e0n h\u1ea3o nh\u1ea5t\",\"breadcrumb\":{\"@id\":\"https:\/\/aslighting.com.vn\/san-pham\/den-thoat-hiem-2-mat-kt-620-3w-kentom\/#breadcrumb\"},\"inLanguage\":\"vi\",\"potentialAction\":[{\"@type\":\"ReadAction\",\"target\":[\"https:\/\/aslighting.com.vn\/san-pham\/den-thoat-hiem-2-mat-kt-620-3w-kentom\/\"]}]},{\"@type\":\"ImageObject\",\"inLanguage\":\"vi\",\"@id\":\"https:\/\/aslighting.com.vn\/san-pham\/den-thoat-hiem-2-mat-kt-620-3w-kentom\/#primaryimage\",\"url\":\"\/wp-content\/uploads\/2022\/11\/20210811224915_anh-nho.png\",\"contentUrl\":\"\/wp-content\/uploads\/2022\/11\/20210811224915_anh-nho.png\",\"width\":900,\"height\":781},{\"@type\":\"BreadcrumbList\",\"@id\":\"https:\/\/aslighting.com.vn\/san-pham\/den-thoat-hiem-2-mat-kt-620-3w-kentom\/#breadcrumb\",\"itemListElement\":[{\"@type\":\"ListItem\",\"position\":1,\"name\":\"Trang ch\u1ee7\",\"item\":\"https:\/\/aslighting.com.vn\/vi\/\"},{\"@type\":\"ListItem\",\"position\":2,\"name\":\"S\u1ea3n ph\u1ea9m\",\"item\":\"https:\/\/aslighting.com.vn\/en\/san-pham\/\"},{\"@type\":\"ListItem\",\"position\":3,\"name\":\"\u0110\u00c8N THO\u00c1T HI\u1ec2M 2 M\u1eb6T KT-620 3W KENTOM\"}]},{\"@type\":\"WebSite\",\"@id\":\"https:\/\/aslighting.com.vn\/#website\",\"url\":\"https:\/\/aslighting.com.vn\/\",\"name\":\"C\u00f4ng Ty C\u1ed5 Ph\u1ea7n Gi\u1ea3i Ph\u00e1p Chi\u1ebfu S\u00e1ng To\u00e0n Di\u1ec7n \u00c1nh Sao\",\"description\":\"\",\"publisher\":{\"@id\":\"https:\/\/aslighting.com.vn\/#organization\"},\"potentialAction\":[{\"@type\":\"SearchAction\",\"target\":{\"@type\":\"EntryPoint\",\"urlTemplate\":\"https:\/\/aslighting.com.vn\/?s={search_term_string}\"},\"query-input\":\"required name=search_term_string\"}],\"inLanguage\":\"vi\"},{\"@type\":\"Organization\",\"@id\":\"https:\/\/aslighting.com.vn\/#organization\",\"name\":\"C\u00f4ng Ty C\u1ed5 Ph\u1ea7n Gi\u1ea3i Ph\u00e1p Chi\u1ebfu S\u00e1ng To\u00e0n Di\u1ec7n \u00c1nh Sao\",\"url\":\"https:\/\/aslighting.com.vn\/\",\"logo\":{\"@type\":\"ImageObject\",\"inLanguage\":\"vi\",\"@id\":\"https:\/\/aslighting.com.vn\/#\/schema\/logo\/image\/\",\"url\":\"\/wp-content\/uploads\/2022\/10\/logo-ANHSAO.png\",\"contentUrl\":\"\/wp-content\/uploads\/2022\/10\/logo-ANHSAO.png\",\"width\":1091,\"height\":360,\"caption\":\"C\u00f4ng Ty C\u1ed5 Ph\u1ea7n Gi\u1ea3i Ph\u00e1p Chi\u1ebfu S\u00e1ng To\u00e0n Di\u1ec7n \u00c1nh Sao\"},\"image\":{\"@id\":\"https:\/\/aslighting.com.vn\/#\/schema\/logo\/image\/\"}}]}<\/script>\n<!-- \/ Yoast SEO Premium plugin. -->","yoast_head_json":{"title":"\u0110\u00e8n\u00a0tho\u00e1t hi\u1ec3m 2 m\u1eb7t KT-620 Kentom ch\u00ednh h\u00e3ng gi\u00e1 t\u1ed1t nh\u1ea5t","description":"\u0110\u00e8n\u00a0tho\u00e1t hi\u1ec3m 2 m\u1eb7t KT-620 Kentom ch\u00ednh h\u00e3ng gi\u00e1 t\u1ed1t nh\u1ea5t \u0111\u01b0\u1ee3c c\u00f4ng ty c\u1ed5 ph\u1ea7n thi\u1ebft b\u1ecb chi\u1ebfu s\u00e1ng \u00c1nh Sao cung c\u1ea5p t\u1edbi kh\u00e1ch h\u00e0ng ho\u00e0n h\u1ea3o nh\u1ea5t","robots":{"index":"index","follow":"follow","max-snippet":"max-snippet:-1","max-image-preview":"max-image-preview:large","max-video-preview":"max-video-preview:-1"},"canonical":"https:\/\/aslighting.com.vn\/vi\/san-pham\/den-thoat-hiem-2-mat-kt-620-3w-kentom\/","og_locale":"vi_VN","og_type":"article","og_title":"\u0110\u00c8N THO\u00c1T HI\u1ec2M 2 M\u1eb6T KT-620 3W KENTOM","og_description":"\u0110\u00e8n\u00a0tho\u00e1t hi\u1ec3m 2 m\u1eb7t KT-620 Kentom ch\u00ednh h\u00e3ng gi\u00e1 t\u1ed1t nh\u1ea5t \u0111\u01b0\u1ee3c c\u00f4ng ty c\u1ed5 ph\u1ea7n thi\u1ebft b\u1ecb chi\u1ebfu s\u00e1ng \u00c1nh Sao cung c\u1ea5p t\u1edbi kh\u00e1ch h\u00e0ng ho\u00e0n h\u1ea3o nh\u1ea5t","og_url":"https:\/\/aslighting.com.vn\/vi\/san-pham\/den-thoat-hiem-2-mat-kt-620-3w-kentom\/","og_site_name":"C\u00f4ng Ty C\u1ed5 Ph\u1ea7n Gi\u1ea3i Ph\u00e1p Chi\u1ebfu S\u00e1ng To\u00e0n Di\u1ec7n \u00c1nh Sao","article_modified_time":"2023-06-24T06:51:29+00:00","og_image":[{"width":900,"height":781,"url":"https:\/\/aslighting.com.vn\/wp-content\/uploads\/2022\/11\/20210811224915_anh-nho.png","type":"image\/png"}],"twitter_card":"summary_large_image","twitter_misc":{"\u01af\u1edbc t\u00ednh th\u1eddi gian \u0111\u1ecdc":"3 ph\u00fat"},"schema":{"@context":"https:\/\/schema.org","@graph":[{"@type":"WebPage","@id":"https:\/\/aslighting.com.vn\/san-pham\/den-thoat-hiem-2-mat-kt-620-3w-kentom\/","url":"https:\/\/aslighting.com.vn\/san-pham\/den-thoat-hiem-2-mat-kt-620-3w-kentom\/","name":"\u0110\u00e8n\u00a0tho\u00e1t hi\u1ec3m 2 m\u1eb7t KT-620 Kentom ch\u00ednh h\u00e3ng gi\u00e1 t\u1ed1t nh\u1ea5t","isPartOf":{"@id":"https:\/\/aslighting.com.vn\/#website"},"primaryImageOfPage":{"@id":"https:\/\/aslighting.com.vn\/san-pham\/den-thoat-hiem-2-mat-kt-620-3w-kentom\/#primaryimage"},"image":{"@id":"https:\/\/aslighting.com.vn\/san-pham\/den-thoat-hiem-2-mat-kt-620-3w-kentom\/#primaryimage"},"thumbnailUrl":"\/wp-content\/uploads\/2022\/11\/20210811224915_anh-nho.png","datePublished":"2022-11-29T03:41:41+00:00","dateModified":"2023-06-24T06:51:29+00:00","description":"\u0110\u00e8n\u00a0tho\u00e1t hi\u1ec3m 2 m\u1eb7t KT-620 Kentom ch\u00ednh h\u00e3ng gi\u00e1 t\u1ed1t nh\u1ea5t \u0111\u01b0\u1ee3c c\u00f4ng ty c\u1ed5 ph\u1ea7n thi\u1ebft b\u1ecb chi\u1ebfu s\u00e1ng \u00c1nh Sao cung c\u1ea5p t\u1edbi kh\u00e1ch h\u00e0ng ho\u00e0n h\u1ea3o nh\u1ea5t","breadcrumb":{"@id":"https:\/\/aslighting.com.vn\/san-pham\/den-thoat-hiem-2-mat-kt-620-3w-kentom\/#breadcrumb"},"inLanguage":"vi","potentialAction":[{"@type":"ReadAction","target":["https:\/\/aslighting.com.vn\/san-pham\/den-thoat-hiem-2-mat-kt-620-3w-kentom\/"]}]},{"@type":"ImageObject","inLanguage":"vi","@id":"https:\/\/aslighting.com.vn\/san-pham\/den-thoat-hiem-2-mat-kt-620-3w-kentom\/#primaryimage","url":"\/wp-content\/uploads\/2022\/11\/20210811224915_anh-nho.png","contentUrl":"\/wp-content\/uploads\/2022\/11\/20210811224915_anh-nho.png","width":900,"height":781},{"@type":"BreadcrumbList","@id":"https:\/\/aslighting.com.vn\/san-pham\/den-thoat-hiem-2-mat-kt-620-3w-kentom\/#breadcrumb","itemListElement":[{"@type":"ListItem","position":1,"name":"Trang ch\u1ee7","item":"https:\/\/aslighting.com.vn\/vi\/"},{"@type":"ListItem","position":2,"name":"S\u1ea3n ph\u1ea9m","item":"https:\/\/aslighting.com.vn\/en\/san-pham\/"},{"@type":"ListItem","position":3,"name":"\u0110\u00c8N THO\u00c1T HI\u1ec2M 2 M\u1eb6T KT-620 3W KENTOM"}]},{"@type":"WebSite","@id":"https:\/\/aslighting.com.vn\/#website","url":"https:\/\/aslighting.com.vn\/","name":"C\u00f4ng Ty C\u1ed5 Ph\u1ea7n Gi\u1ea3i Ph\u00e1p Chi\u1ebfu S\u00e1ng To\u00e0n Di\u1ec7n \u00c1nh Sao","description":"","publisher":{"@id":"https:\/\/aslighting.com.vn\/#organization"},"potentialAction":[{"@type":"SearchAction","target":{"@type":"EntryPoint","urlTemplate":"https:\/\/aslighting.com.vn\/?s={search_term_string}"},"query-input":"required name=search_term_string"}],"inLanguage":"vi"},{"@type":"Organization","@id":"https:\/\/aslighting.com.vn\/#organization","name":"C\u00f4ng Ty C\u1ed5 Ph\u1ea7n Gi\u1ea3i Ph\u00e1p Chi\u1ebfu S\u00e1ng To\u00e0n Di\u1ec7n \u00c1nh Sao","url":"https:\/\/aslighting.com.vn\/","logo":{"@type":"ImageObject","inLanguage":"vi","@id":"https:\/\/aslighting.com.vn\/#\/schema\/logo\/image\/","url":"\/wp-content\/uploads\/2022\/10\/logo-ANHSAO.png","contentUrl":"\/wp-content\/uploads\/2022\/10\/logo-ANHSAO.png","width":1091,"height":360,"caption":"C\u00f4ng Ty C\u1ed5 Ph\u1ea7n Gi\u1ea3i Ph\u00e1p Chi\u1ebfu S\u00e1ng To\u00e0n Di\u1ec7n \u00c1nh Sao"},"image":{"@id":"https:\/\/aslighting.com.vn\/#\/schema\/logo\/image\/"}}]}},"_links":{"self":[{"href":"https:\/\/aslighting.com.vn\/vi\/wp-json\/wp\/v2\/product\/2139","targetHints":{"allow":["GET"]}}],"collection":[{"href":"https:\/\/aslighting.com.vn\/vi\/wp-json\/wp\/v2\/product"}],"about":[{"href":"https:\/\/aslighting.com.vn\/vi\/wp-json\/wp\/v2\/types\/product"}],"replies":[{"embeddable":true,"href":"https:\/\/aslighting.com.vn\/vi\/wp-json\/wp\/v2\/comments?post=2139"}],"wp:featuredmedia":[{"embeddable":true,"href":"https:\/\/aslighting.com.vn\/vi\/wp-json\/wp\/v2\/media\/2140"}],"wp:attachment":[{"href":"https:\/\/aslighting.com.vn\/vi\/wp-json\/wp\/v2\/media?parent=2139"}],"wp:term":[{"taxonomy":"product_brand","embeddable":true,"href":"https:\/\/aslighting.com.vn\/vi\/wp-json\/wp\/v2\/product_brand?post=2139"},{"taxonomy":"product_cat","embeddable":true,"href":"https:\/\/aslighting.com.vn\/vi\/wp-json\/wp\/v2\/product_cat?post=2139"},{"taxonomy":"product_tag","embeddable":true,"href":"https:\/\/aslighting.com.vn\/vi\/wp-json\/wp\/v2\/product_tag?post=2139"}],"curies":[{"name":"wp","href":"https:\/\/api.w.org\/{rel}","templated":true}]}}