{"id":2198,"date":"2022-11-29T15:01:56","date_gmt":"2022-11-29T08:01:56","guid":{"rendered":"https:\/\/aslighting.com.vn\/?post_type=product&#038;p=2198"},"modified":"2023-06-29T08:56:01","modified_gmt":"2023-06-29T01:56:01","slug":"den-thoat-hiem-1-mat-slr-m-s-1-5w-maxspid","status":"publish","type":"product","link":"https:\/\/aslighting.com.vn\/vi\/san-pham\/den-thoat-hiem-1-mat-slr-m-s-1-5w-maxspid\/","title":{"rendered":"\u0110\u00c8N THO\u00c1T HI\u1ec2M 1 M\u1eb6T SLR.M.S 1.5W MAXSPID"},"content":{"rendered":"<p><span style=\"font-weight: 400;\"><a href=\"https:\/\/aslighting.com.vn\/vi\/san-pham\/den-thoat-hiem-1-mat-slr-m-s-1-5w-maxspid\/\"><span style=\"color: #000098;\"><strong>\u0110\u00e8n tho\u00e1t hi\u1ec3m 1 m\u1eb7t SLR.M.S 1.5W<\/strong><\/span><\/a> c\u1ee7a h\u00e3ng Maxspid l\u00e0 d\u00f2ng \u0111\u00e8n tho\u00e1t hi\u1ec3m \u0111\u01b0\u1ee3c nhi\u1ec1u ng\u01b0\u1eddi l\u1ef1a ch\u1ecdn v\u1edbi nhi\u1ec1u t\u00ednh n\u0103ng \u01b0u vi\u1ec7t. H\u00e3y c\u00f9ng theo d\u00f5i chi ti\u1ebft d\u00f2ng s\u1ea3n ph\u1ea9m n\u00e0y ngay sau \u0111\u00e2y.\u00a0<\/span><\/p>\n<p><a href=\"https:\/\/aslighting.com.vn\/wp-content\/uploads\/2022\/11\/20210817174920_slr28.png\"><img fetchpriority=\"high\" decoding=\"async\" class=\"aligncenter wp-image-4353\" src=\"https:\/\/aslighting.com.vn\/wp-content\/uploads\/2022\/11\/20210817174920_slr28.png\" alt=\"\" width=\"500\" height=\"500\" srcset=\"\/wp-content\/uploads\/2022\/11\/20210817174920_slr28.png 900w, \/wp-content\/uploads\/2022\/11\/20210817174920_slr28-300x300.png 300w, \/wp-content\/uploads\/2022\/11\/20210817174920_slr28-150x150.png 150w, \/wp-content\/uploads\/2022\/11\/20210817174920_slr28-768x768.png 768w, \/wp-content\/uploads\/2022\/11\/20210817174920_slr28-12x12.png 12w, \/wp-content\/uploads\/2022\/11\/20210817174920_slr28-600x600.png 600w, \/wp-content\/uploads\/2022\/11\/20210817174920_slr28-100x100.png 100w\" sizes=\"(max-width: 500px) 100vw, 500px\" \/><\/a><\/p>\n<p style=\"text-align: center;\"><span style=\"font-size: 10pt;\"><em>\u0110\u00e8n tho\u00e1t hi\u1ec3m 1 m\u1eb7t SLR.M.S 1.5W \u0111\u01b0\u1ee3c s\u1ea3n xu\u1ea5t b\u1edfi h\u00e3ng Maxspid<\/em><\/span><\/p>\n<h2><span style=\"color: #000080;\"><strong>I\/ \u0110\u1eb7c \u0111i\u1ec3m c\u1ee7a \u0111\u00e8n tho\u00e1t hi\u1ec3m 1 m\u1eb7t SLR.M.S 1.5W<\/strong><\/span><\/h2>\n<h3><span style=\"color: #ff6600;\"><strong>1. Thi\u1ebft k\u1ebf<\/strong><\/span><\/h3>\n<ul>\n<li><span style=\"font-weight: 400;\">\u0110\u00e8n \u0111\u01b0\u1ee3c thi\u1ebft k\u1ebf v\u1edbi ch\u1ea5t li\u1ec7u nh\u1ef1a polycarbonate\u00a0 kh\u00f4ng ch\u00e1y \u0111\u1ea3m b\u1ea3o an to\u00e0n v\u00e0 c\u00f3 \u0111\u1ed9 b\u1ec1n khi s\u1eed d\u1ee5ng.\u00a0<\/span><\/li>\n<li><span style=\"font-weight: 400;\">Nh\u1ef1a acrylic ch\u1ed1ng ch\u00e1y \u0111\u01b0\u1ee3c thi\u1ebft k\u1ebf trong b\u1ea3ng ch\u1ec9 d\u1eabn, ho\u1ea1t \u0111\u1ed9ng \u0111\u1ea3m b\u1ea3o hi\u1ec7u qu\u1ea3 khi s\u1eed d\u1ee5ng.<\/span><\/li>\n<li><span style=\"font-weight: 400;\">\u0110\u00e8n Exit 1 m\u1eb7t SLR.M.S 1.5W \u0111\u01b0\u1ee3c l\u1eafp \u0111\u1eb7t\u00a0 g\u1eafn t\u01b0\u1eddng ho\u1eb7c treo tr\u1ea7n d\u1ec5 d\u00e0ng trong vi\u1ec7c l\u1eafp \u0111\u1eb7t.\u00a0<\/span><\/li>\n<\/ul>\n<h3><span style=\"color: #ff6600;\"><strong>2. \u01afu \u0111i\u1ec3m n\u1ed5i b\u1eadt\u00a0<\/strong><\/span><\/h3>\n<ul>\n<li><span style=\"font-weight: 400;\">\u0110\u00e8n Exit 1 m\u1eb7t SLR.M.S 1.5W s\u1eed d\u1ee5ng c\u00f4ng ngh\u1ec7 LED g\u1eafn k\u1ebft b\u1ec1 m\u1eb7t ch\u1ea5t l\u01b0\u1ee3ng cao.<\/span><\/li>\n<li><span style=\"font-weight: 400;\">\u1ede ch\u1ebf \u0111\u1ed9 ho\u1ea1t \u0111\u1ed9ng b\u00ecnh th\u01b0\u1eddng, \u0111\u00e8n ho\u1ea1t \u0111\u1ed9ng li\u00ean t\u1ee5c \u0111\u00f3ng vai tr\u00f2 ch\u1ec9 d\u1eabn l\u1ed1i ra. Khi c\u00f3 s\u1ef1 c\u1ed1 m\u1ea5t \u0111i\u1ec7n, \u0111\u00e8n t\u1ef1 \u0111\u1ed9ng chuy\u1ec3n sang ch\u1ebf \u0111\u1ed9 kh\u1ea9n c\u1ea5p, b\u1eadt s\u00e1ng nh\u1edd v\u00e0o pin s\u1ea1c d\u1ef1 ph\u00f2ng n\u1eb1m b\u00ean trong \u0111\u00e8n \u0111em l\u1ea1i hi\u1ec7u qu\u1ea3 trong tr\u01b0\u1eddng h\u1ee3p c\u00f3 s\u1ef1 c\u1ed1.\u00a0<\/span><\/li>\n<li><span style=\"font-weight: 400;\">Th\u1eddi gian chi\u1ebfu s\u00e1ng d\u1ef1 ph\u00f2ng l\u00e0 180 ph\u00fat, \u0111\u00e8n \u0111\u01b0\u1ee3c b\u1ea3o v\u1ec7 v\u1edbi \u0111\u1ed9 b\u1ec1n v\u00e0 \u0111\u1ed9 tin c\u1eady cao, \u00edt ph\u1ea3i b\u1ea3o tr\u00ec.<\/span><\/li>\n<li><span style=\"font-weight: 400;\">Kh\u00f4ng ch\u1ee9a th\u1ee7y ng\u00e2n v\u00e0 h\u00f3a ch\u1ea5t \u0111\u1ed9c h\u1ea1i, kh\u00f4ng ph\u00e1t ra tia t\u1eed ngo\u1ea1i, an to\u00e0n cho ng\u01b0\u1eddi s\u1eed d\u1ee5ng.<\/span><\/li>\n<li><span style=\"font-weight: 400;\">Nhi\u1ec7t l\u01b0\u1ee3ng th\u1ea5p, kh\u00f4ng ph\u00e1t sinh nhi\u1ec7t trong qu\u00e1 tr\u00ecnh ho\u1ea1t \u0111\u1ed9ng khi s\u1eed d\u1ee5ng \u0111\u00e8n tho\u00e1t hi\u1ec3m 1 m\u1eb7t SLR.M.S 1.5W c\u1ee7a th\u01b0\u01a1ng hi\u1ec7u \u0111\u00e8n Maxspid.\u00a0<\/span><\/li>\n<\/ul>\n<h3><span style=\"color: #ff6600;\"><strong>3. Th\u00f4ng s\u1ed1 k\u1ef9 thu\u1eadt<\/strong><\/span><\/h3>\n<table style=\"width: 98.469%;\" width=\"350\">\n<tbody>\n<tr>\n<td style=\"width: 50.4211%; text-align: center;\"><strong>C\u00f4ng su\u1ea5t:<\/strong><\/td>\n<td style=\"width: 242.189%; text-align: center;\">1.5W<\/td>\n<\/tr>\n<tr>\n<td style=\"width: 50.4211%; text-align: center;\"><strong>\u0110i\u1ec7n \u00e1p:<\/strong><\/td>\n<td style=\"width: 242.189%; text-align: center;\">220V<\/td>\n<\/tr>\n<tr>\n<td style=\"width: 50.4211%; text-align: center;\"><strong>Pin:<\/strong><\/td>\n<td style=\"width: 242.189%; text-align: center;\">NiCd\/Li<\/td>\n<\/tr>\n<tr>\n<td style=\"width: 50.4211%; text-align: center;\"><strong>Th\u1eddi gian l\u01b0u \u0111i\u1ec7n:<\/strong><\/td>\n<td style=\"width: 242.189%; text-align: center;\">3h<\/td>\n<\/tr>\n<tr>\n<td style=\"width: 50.4211%; text-align: center;\"><strong>Th\u1eddi gian s\u1ea1c:<\/strong><\/td>\n<td style=\"width: 242.189%; text-align: center;\">24h<\/td>\n<\/tr>\n<tr>\n<td style=\"width: 50.4211%; text-align: center;\"><strong>K\u00edch th\u01b0\u1edbc:<\/strong><\/td>\n<td style=\"width: 242.189%; text-align: center;\">341mm x 247mm x 46mm<\/td>\n<\/tr>\n<tr>\n<td style=\"width: 50.4211%; text-align: center;\"><strong>B\u1ea3o h\u00e0nh:<\/strong><\/td>\n<td style=\"width: 242.189%; text-align: center;\">12 th\u00e1ng<\/td>\n<\/tr>\n<\/tbody>\n<\/table>\n<h2><span style=\"color: #000080;\"><strong>II\/ \u1ee8ng d\u1ee5ng c\u1ee7a \u0111\u00e8n tho\u00e1t hi\u1ec3m 1 m\u1eb7t SLR.M.S 1.5W<\/strong><\/span><\/h2>\n<p><span style=\"font-weight: 400;\">\u0110\u00e8n 1 m\u1eb7t SLR.M.S 1.5W \u0111\u01b0\u1ee3c \u1ee9ng d\u1ee5ng cho nhi\u1ec1u kh\u00f4ng gian kh\u00e1c nhau b\u1edfi t\u00ednh \u01b0u vi\u1ec7t c\u1ee7a n\u00f3. \u0110\u00e8n \u0111\u01b0\u1ee3c \u1ee9ng d\u1ee5ng cho c\u00e1c kh\u00f4ng gian nh\u01b0 h\u00e0nh lang b\u1ec7nh vi\u1ec7n, s\u00e2n bay, to\u00e0n nh\u00e0 chung c\u01b0, trung t\u00e2m th\u01b0\u01a1ng m\u1ea1i\u2026<\/span><\/p>\n<p><a href=\"https:\/\/aslighting.com.vn\/wp-content\/uploads\/2022\/11\/don-nguoi-than-san-bay-noi-bai-1200x710-1-scaled.jpg\"><img decoding=\"async\" class=\"aligncenter wp-image-4354 lazyload\" data-src=\"https:\/\/aslighting.com.vn\/wp-content\/uploads\/2022\/11\/don-nguoi-than-san-bay-noi-bai-1200x710-1-scaled.jpg\" alt=\"\" width=\"600\" height=\"355\" data-srcset=\"\/wp-content\/uploads\/2022\/11\/don-nguoi-than-san-bay-noi-bai-1200x710-1-scaled.jpg 1000w, \/wp-content\/uploads\/2022\/11\/don-nguoi-than-san-bay-noi-bai-1200x710-1-300x178.jpg 300w, \/wp-content\/uploads\/2022\/11\/don-nguoi-than-san-bay-noi-bai-1200x710-1-1024x606.jpg 1024w, \/wp-content\/uploads\/2022\/11\/don-nguoi-than-san-bay-noi-bai-1200x710-1-768x454.jpg 768w, \/wp-content\/uploads\/2022\/11\/don-nguoi-than-san-bay-noi-bai-1200x710-1-18x12.jpg 18w, \/wp-content\/uploads\/2022\/11\/don-nguoi-than-san-bay-noi-bai-1200x710-1-600x355.jpg 600w\" data-sizes=\"(max-width: 600px) 100vw, 600px\" src=\"data:image\/svg+xml;base64,PHN2ZyB3aWR0aD0iMSIgaGVpZ2h0PSIxIiB4bWxucz0iaHR0cDovL3d3dy53My5vcmcvMjAwMC9zdmciPjwvc3ZnPg==\" style=\"--smush-placeholder-width: 600px; --smush-placeholder-aspect-ratio: 600\/355;\" \/><\/a><\/p>\n<p style=\"text-align: center;\"><a href=\"https:\/\/drive.google.com\/file\/d\/1dmjvqMiKIh129JGBnZjtnwqpZrk7hhV_\/view?usp=sharing\"><img decoding=\"async\" class=\"alignnone size-medium wp-image-4530 lazyload\" data-src=\"https:\/\/aslighting.com.vn\/wp-content\/uploads\/2022\/11\/button_tai-catalogue-tai-day-1-300x49.png\" alt=\"\" width=\"300\" height=\"49\" data-srcset=\"\/wp-content\/uploads\/2022\/11\/button_tai-catalogue-tai-day-1-300x49.png 300w, \/wp-content\/uploads\/2022\/11\/button_tai-catalogue-tai-day-1-18x3.png 18w, \/wp-content\/uploads\/2022\/11\/button_tai-catalogue-tai-day-1.png 407w\" data-sizes=\"(max-width: 300px) 100vw, 300px\" src=\"data:image\/svg+xml;base64,PHN2ZyB3aWR0aD0iMSIgaGVpZ2h0PSIxIiB4bWxucz0iaHR0cDovL3d3dy53My5vcmcvMjAwMC9zdmciPjwvc3ZnPg==\" style=\"--smush-placeholder-width: 300px; --smush-placeholder-aspect-ratio: 300\/49;\" \/><\/a><\/p>\n","protected":false},"excerpt":{"rendered":"<p><strong>C\u00f4ng su\u1ea5t:<\/strong> 1.5W<\/p>\n<p><b>\u0110i\u1ec7n \u00e1p: <\/b>220V<\/p>\n<p><strong>Pin: <\/strong>NiCd\/Li<strong><br \/>\n<\/strong><\/p>\n<p><strong>Th\u1eddi gian l\u01b0u \u0111i\u1ec7n: <\/strong>3h<strong><br \/>\n<\/strong><\/p>\n<p><strong>Th\u1eddi gian s\u1ea1c: <\/strong>24h<\/p>\n<p><strong>K\u00edch th\u01b0\u1edbc:<\/strong> 341mm x 247mm x 46mm<\/p>\n<p><strong>C\u00e1ch l\u1eafp \u0111\u1eb7t:<\/strong>\u00a0G\u1eafn t\u01b0\u1eddng ho\u1eb7c tr\u1ea7n<\/p>\n<p><strong>B\u1ea3o h\u00e0nh:<\/strong> 12 th\u00e1ng<\/p>\n","protected":false},"featured_media":2199,"comment_status":"open","ping_status":"closed","template":"","meta":[],"product_brand":[],"product_cat":[312,317,311],"product_tag":[],"class_list":{"0":"post-2198","1":"product","2":"type-product","3":"status-publish","4":"has-post-thumbnail","6":"product_cat-den-thoat-hiem-maxspid","7":"product_cat-den-thoat-hiem-1-mat-slr-m-s-1-5w-maxspid","8":"product_cat-maxspid","10":"first","11":"instock","12":"shipping-taxable","13":"product-type-simple"},"yoast_head":"<!-- This site is optimized with the Yoast SEO Premium plugin v22.0 (Yoast SEO v22.5) - https:\/\/yoast.com\/wordpress\/plugins\/seo\/ -->\n<title>\u0110\u00e8n tho\u00e1t hi\u1ec3m 1 m\u1eb7t SLR.M.S 1.5W Maxspid ch\u00ednh h\u00e3ng gi\u00e1 t\u1ed1t<\/title>\n<meta name=\"description\" content=\"\u0110\u00e8n tho\u00e1t hi\u1ec3m 1 m\u1eb7t SLR.M.S 1.5W Maxspid ch\u00ednh h\u00e3ng gi\u00e1 t\u1ed1t nh\u1ea5t \u0111\u01b0\u1ee3c c\u00f4ng ty c\u1ed5 ph\u1ea7n thi\u1ebft b\u1ecb chi\u1ebfu s\u00e1ng \u00c1nh Sao cung c\u1ea5p t\u1edbi kh\u00e1ch h\u00e0ng ho\u00e0n h\u1ea3o nh\u1ea5t\" \/>\n<meta name=\"robots\" content=\"index, follow, max-snippet:-1, max-image-preview:large, max-video-preview:-1\" \/>\n<link rel=\"canonical\" href=\"https:\/\/aslighting.com.vn\/vi\/san-pham\/den-thoat-hiem-1-mat-slr-m-s-1-5w-maxspid\/\" \/>\n<meta property=\"og:locale\" content=\"vi_VN\" \/>\n<meta property=\"og:type\" content=\"article\" \/>\n<meta property=\"og:title\" content=\"\u0110\u00c8N THO\u00c1T HI\u1ec2M 1 M\u1eb6T SLR.M.S 1.5W MAXSPID\" \/>\n<meta property=\"og:description\" content=\"\u0110\u00e8n tho\u00e1t hi\u1ec3m 1 m\u1eb7t SLR.M.S 1.5W Maxspid ch\u00ednh h\u00e3ng gi\u00e1 t\u1ed1t nh\u1ea5t \u0111\u01b0\u1ee3c c\u00f4ng ty c\u1ed5 ph\u1ea7n thi\u1ebft b\u1ecb chi\u1ebfu s\u00e1ng \u00c1nh Sao cung c\u1ea5p t\u1edbi kh\u00e1ch h\u00e0ng ho\u00e0n h\u1ea3o nh\u1ea5t\" \/>\n<meta property=\"og:url\" content=\"https:\/\/aslighting.com.vn\/vi\/san-pham\/den-thoat-hiem-1-mat-slr-m-s-1-5w-maxspid\/\" \/>\n<meta property=\"og:site_name\" content=\"C\u00f4ng Ty C\u1ed5 Ph\u1ea7n Gi\u1ea3i Ph\u00e1p Chi\u1ebfu S\u00e1ng To\u00e0n Di\u1ec7n \u00c1nh Sao\" \/>\n<meta property=\"article:modified_time\" content=\"2023-06-29T01:56:01+00:00\" \/>\n<meta property=\"og:image\" content=\"https:\/\/aslighting.com.vn\/wp-content\/uploads\/2022\/11\/20210817174920_slr.png\" \/>\n\t<meta property=\"og:image:width\" content=\"900\" \/>\n\t<meta property=\"og:image:height\" content=\"780\" \/>\n\t<meta property=\"og:image:type\" content=\"image\/png\" \/>\n<meta name=\"twitter:card\" content=\"summary_large_image\" \/>\n<meta name=\"twitter:label1\" content=\"\u01af\u1edbc t\u00ednh th\u1eddi gian \u0111\u1ecdc\" \/>\n\t<meta name=\"twitter:data1\" content=\"3 ph\u00fat\" \/>\n<script type=\"application\/ld+json\" class=\"yoast-schema-graph\">{\"@context\":\"https:\/\/schema.org\",\"@graph\":[{\"@type\":\"WebPage\",\"@id\":\"https:\/\/aslighting.com.vn\/san-pham\/den-thoat-hiem-1-mat-slr-m-s-1-5w-maxspid\/\",\"url\":\"https:\/\/aslighting.com.vn\/san-pham\/den-thoat-hiem-1-mat-slr-m-s-1-5w-maxspid\/\",\"name\":\"\u0110\u00e8n tho\u00e1t hi\u1ec3m 1 m\u1eb7t SLR.M.S 1.5W Maxspid ch\u00ednh h\u00e3ng gi\u00e1 t\u1ed1t\",\"isPartOf\":{\"@id\":\"https:\/\/aslighting.com.vn\/#website\"},\"primaryImageOfPage\":{\"@id\":\"https:\/\/aslighting.com.vn\/san-pham\/den-thoat-hiem-1-mat-slr-m-s-1-5w-maxspid\/#primaryimage\"},\"image\":{\"@id\":\"https:\/\/aslighting.com.vn\/san-pham\/den-thoat-hiem-1-mat-slr-m-s-1-5w-maxspid\/#primaryimage\"},\"thumbnailUrl\":\"\/wp-content\/uploads\/2022\/11\/20210817174920_slr.png\",\"datePublished\":\"2022-11-29T08:01:56+00:00\",\"dateModified\":\"2023-06-29T01:56:01+00:00\",\"description\":\"\u0110\u00e8n tho\u00e1t hi\u1ec3m 1 m\u1eb7t SLR.M.S 1.5W Maxspid ch\u00ednh h\u00e3ng gi\u00e1 t\u1ed1t nh\u1ea5t \u0111\u01b0\u1ee3c c\u00f4ng ty c\u1ed5 ph\u1ea7n thi\u1ebft b\u1ecb chi\u1ebfu s\u00e1ng \u00c1nh Sao cung c\u1ea5p t\u1edbi kh\u00e1ch h\u00e0ng ho\u00e0n h\u1ea3o nh\u1ea5t\",\"breadcrumb\":{\"@id\":\"https:\/\/aslighting.com.vn\/san-pham\/den-thoat-hiem-1-mat-slr-m-s-1-5w-maxspid\/#breadcrumb\"},\"inLanguage\":\"vi\",\"potentialAction\":[{\"@type\":\"ReadAction\",\"target\":[\"https:\/\/aslighting.com.vn\/san-pham\/den-thoat-hiem-1-mat-slr-m-s-1-5w-maxspid\/\"]}]},{\"@type\":\"ImageObject\",\"inLanguage\":\"vi\",\"@id\":\"https:\/\/aslighting.com.vn\/san-pham\/den-thoat-hiem-1-mat-slr-m-s-1-5w-maxspid\/#primaryimage\",\"url\":\"\/wp-content\/uploads\/2022\/11\/20210817174920_slr.png\",\"contentUrl\":\"\/wp-content\/uploads\/2022\/11\/20210817174920_slr.png\",\"width\":900,\"height\":780},{\"@type\":\"BreadcrumbList\",\"@id\":\"https:\/\/aslighting.com.vn\/san-pham\/den-thoat-hiem-1-mat-slr-m-s-1-5w-maxspid\/#breadcrumb\",\"itemListElement\":[{\"@type\":\"ListItem\",\"position\":1,\"name\":\"Trang ch\u1ee7\",\"item\":\"https:\/\/aslighting.com.vn\/vi\/\"},{\"@type\":\"ListItem\",\"position\":2,\"name\":\"S\u1ea3n ph\u1ea9m\",\"item\":\"https:\/\/aslighting.com.vn\/en\/san-pham\/\"},{\"@type\":\"ListItem\",\"position\":3,\"name\":\"\u0110\u00c8N THO\u00c1T HI\u1ec2M 1 M\u1eb6T SLR.M.S 1.5W MAXSPID\"}]},{\"@type\":\"WebSite\",\"@id\":\"https:\/\/aslighting.com.vn\/#website\",\"url\":\"https:\/\/aslighting.com.vn\/\",\"name\":\"C\u00f4ng Ty C\u1ed5 Ph\u1ea7n Gi\u1ea3i Ph\u00e1p Chi\u1ebfu S\u00e1ng To\u00e0n Di\u1ec7n \u00c1nh Sao\",\"description\":\"\",\"publisher\":{\"@id\":\"https:\/\/aslighting.com.vn\/#organization\"},\"potentialAction\":[{\"@type\":\"SearchAction\",\"target\":{\"@type\":\"EntryPoint\",\"urlTemplate\":\"https:\/\/aslighting.com.vn\/?s={search_term_string}\"},\"query-input\":\"required name=search_term_string\"}],\"inLanguage\":\"vi\"},{\"@type\":\"Organization\",\"@id\":\"https:\/\/aslighting.com.vn\/#organization\",\"name\":\"C\u00f4ng Ty C\u1ed5 Ph\u1ea7n Gi\u1ea3i Ph\u00e1p Chi\u1ebfu S\u00e1ng To\u00e0n Di\u1ec7n \u00c1nh Sao\",\"url\":\"https:\/\/aslighting.com.vn\/\",\"logo\":{\"@type\":\"ImageObject\",\"inLanguage\":\"vi\",\"@id\":\"https:\/\/aslighting.com.vn\/#\/schema\/logo\/image\/\",\"url\":\"\/wp-content\/uploads\/2022\/10\/logo-ANHSAO.png\",\"contentUrl\":\"\/wp-content\/uploads\/2022\/10\/logo-ANHSAO.png\",\"width\":1091,\"height\":360,\"caption\":\"C\u00f4ng Ty C\u1ed5 Ph\u1ea7n Gi\u1ea3i Ph\u00e1p Chi\u1ebfu S\u00e1ng To\u00e0n Di\u1ec7n \u00c1nh Sao\"},\"image\":{\"@id\":\"https:\/\/aslighting.com.vn\/#\/schema\/logo\/image\/\"}}]}<\/script>\n<!-- \/ Yoast SEO Premium plugin. -->","yoast_head_json":{"title":"\u0110\u00e8n tho\u00e1t hi\u1ec3m 1 m\u1eb7t SLR.M.S 1.5W Maxspid ch\u00ednh h\u00e3ng gi\u00e1 t\u1ed1t","description":"\u0110\u00e8n tho\u00e1t hi\u1ec3m 1 m\u1eb7t SLR.M.S 1.5W Maxspid ch\u00ednh h\u00e3ng gi\u00e1 t\u1ed1t nh\u1ea5t \u0111\u01b0\u1ee3c c\u00f4ng ty c\u1ed5 ph\u1ea7n thi\u1ebft b\u1ecb chi\u1ebfu s\u00e1ng \u00c1nh Sao cung c\u1ea5p t\u1edbi kh\u00e1ch h\u00e0ng ho\u00e0n h\u1ea3o nh\u1ea5t","robots":{"index":"index","follow":"follow","max-snippet":"max-snippet:-1","max-image-preview":"max-image-preview:large","max-video-preview":"max-video-preview:-1"},"canonical":"https:\/\/aslighting.com.vn\/vi\/san-pham\/den-thoat-hiem-1-mat-slr-m-s-1-5w-maxspid\/","og_locale":"vi_VN","og_type":"article","og_title":"\u0110\u00c8N THO\u00c1T HI\u1ec2M 1 M\u1eb6T SLR.M.S 1.5W MAXSPID","og_description":"\u0110\u00e8n tho\u00e1t hi\u1ec3m 1 m\u1eb7t SLR.M.S 1.5W Maxspid ch\u00ednh h\u00e3ng gi\u00e1 t\u1ed1t nh\u1ea5t \u0111\u01b0\u1ee3c c\u00f4ng ty c\u1ed5 ph\u1ea7n thi\u1ebft b\u1ecb chi\u1ebfu s\u00e1ng \u00c1nh Sao cung c\u1ea5p t\u1edbi kh\u00e1ch h\u00e0ng ho\u00e0n h\u1ea3o nh\u1ea5t","og_url":"https:\/\/aslighting.com.vn\/vi\/san-pham\/den-thoat-hiem-1-mat-slr-m-s-1-5w-maxspid\/","og_site_name":"C\u00f4ng Ty C\u1ed5 Ph\u1ea7n Gi\u1ea3i Ph\u00e1p Chi\u1ebfu S\u00e1ng To\u00e0n Di\u1ec7n \u00c1nh Sao","article_modified_time":"2023-06-29T01:56:01+00:00","og_image":[{"width":900,"height":780,"url":"https:\/\/aslighting.com.vn\/wp-content\/uploads\/2022\/11\/20210817174920_slr.png","type":"image\/png"}],"twitter_card":"summary_large_image","twitter_misc":{"\u01af\u1edbc t\u00ednh th\u1eddi gian \u0111\u1ecdc":"3 ph\u00fat"},"schema":{"@context":"https:\/\/schema.org","@graph":[{"@type":"WebPage","@id":"https:\/\/aslighting.com.vn\/san-pham\/den-thoat-hiem-1-mat-slr-m-s-1-5w-maxspid\/","url":"https:\/\/aslighting.com.vn\/san-pham\/den-thoat-hiem-1-mat-slr-m-s-1-5w-maxspid\/","name":"\u0110\u00e8n tho\u00e1t hi\u1ec3m 1 m\u1eb7t SLR.M.S 1.5W Maxspid ch\u00ednh h\u00e3ng gi\u00e1 t\u1ed1t","isPartOf":{"@id":"https:\/\/aslighting.com.vn\/#website"},"primaryImageOfPage":{"@id":"https:\/\/aslighting.com.vn\/san-pham\/den-thoat-hiem-1-mat-slr-m-s-1-5w-maxspid\/#primaryimage"},"image":{"@id":"https:\/\/aslighting.com.vn\/san-pham\/den-thoat-hiem-1-mat-slr-m-s-1-5w-maxspid\/#primaryimage"},"thumbnailUrl":"\/wp-content\/uploads\/2022\/11\/20210817174920_slr.png","datePublished":"2022-11-29T08:01:56+00:00","dateModified":"2023-06-29T01:56:01+00:00","description":"\u0110\u00e8n tho\u00e1t hi\u1ec3m 1 m\u1eb7t SLR.M.S 1.5W Maxspid ch\u00ednh h\u00e3ng gi\u00e1 t\u1ed1t nh\u1ea5t \u0111\u01b0\u1ee3c c\u00f4ng ty c\u1ed5 ph\u1ea7n thi\u1ebft b\u1ecb chi\u1ebfu s\u00e1ng \u00c1nh Sao cung c\u1ea5p t\u1edbi kh\u00e1ch h\u00e0ng ho\u00e0n h\u1ea3o nh\u1ea5t","breadcrumb":{"@id":"https:\/\/aslighting.com.vn\/san-pham\/den-thoat-hiem-1-mat-slr-m-s-1-5w-maxspid\/#breadcrumb"},"inLanguage":"vi","potentialAction":[{"@type":"ReadAction","target":["https:\/\/aslighting.com.vn\/san-pham\/den-thoat-hiem-1-mat-slr-m-s-1-5w-maxspid\/"]}]},{"@type":"ImageObject","inLanguage":"vi","@id":"https:\/\/aslighting.com.vn\/san-pham\/den-thoat-hiem-1-mat-slr-m-s-1-5w-maxspid\/#primaryimage","url":"\/wp-content\/uploads\/2022\/11\/20210817174920_slr.png","contentUrl":"\/wp-content\/uploads\/2022\/11\/20210817174920_slr.png","width":900,"height":780},{"@type":"BreadcrumbList","@id":"https:\/\/aslighting.com.vn\/san-pham\/den-thoat-hiem-1-mat-slr-m-s-1-5w-maxspid\/#breadcrumb","itemListElement":[{"@type":"ListItem","position":1,"name":"Trang ch\u1ee7","item":"https:\/\/aslighting.com.vn\/vi\/"},{"@type":"ListItem","position":2,"name":"S\u1ea3n ph\u1ea9m","item":"https:\/\/aslighting.com.vn\/en\/san-pham\/"},{"@type":"ListItem","position":3,"name":"\u0110\u00c8N THO\u00c1T HI\u1ec2M 1 M\u1eb6T SLR.M.S 1.5W MAXSPID"}]},{"@type":"WebSite","@id":"https:\/\/aslighting.com.vn\/#website","url":"https:\/\/aslighting.com.vn\/","name":"C\u00f4ng Ty C\u1ed5 Ph\u1ea7n Gi\u1ea3i Ph\u00e1p Chi\u1ebfu S\u00e1ng To\u00e0n Di\u1ec7n \u00c1nh Sao","description":"","publisher":{"@id":"https:\/\/aslighting.com.vn\/#organization"},"potentialAction":[{"@type":"SearchAction","target":{"@type":"EntryPoint","urlTemplate":"https:\/\/aslighting.com.vn\/?s={search_term_string}"},"query-input":"required name=search_term_string"}],"inLanguage":"vi"},{"@type":"Organization","@id":"https:\/\/aslighting.com.vn\/#organization","name":"C\u00f4ng Ty C\u1ed5 Ph\u1ea7n Gi\u1ea3i Ph\u00e1p Chi\u1ebfu S\u00e1ng To\u00e0n Di\u1ec7n \u00c1nh Sao","url":"https:\/\/aslighting.com.vn\/","logo":{"@type":"ImageObject","inLanguage":"vi","@id":"https:\/\/aslighting.com.vn\/#\/schema\/logo\/image\/","url":"\/wp-content\/uploads\/2022\/10\/logo-ANHSAO.png","contentUrl":"\/wp-content\/uploads\/2022\/10\/logo-ANHSAO.png","width":1091,"height":360,"caption":"C\u00f4ng Ty C\u1ed5 Ph\u1ea7n Gi\u1ea3i Ph\u00e1p Chi\u1ebfu S\u00e1ng To\u00e0n Di\u1ec7n \u00c1nh Sao"},"image":{"@id":"https:\/\/aslighting.com.vn\/#\/schema\/logo\/image\/"}}]}},"_links":{"self":[{"href":"https:\/\/aslighting.com.vn\/vi\/wp-json\/wp\/v2\/product\/2198","targetHints":{"allow":["GET"]}}],"collection":[{"href":"https:\/\/aslighting.com.vn\/vi\/wp-json\/wp\/v2\/product"}],"about":[{"href":"https:\/\/aslighting.com.vn\/vi\/wp-json\/wp\/v2\/types\/product"}],"replies":[{"embeddable":true,"href":"https:\/\/aslighting.com.vn\/vi\/wp-json\/wp\/v2\/comments?post=2198"}],"wp:featuredmedia":[{"embeddable":true,"href":"https:\/\/aslighting.com.vn\/vi\/wp-json\/wp\/v2\/media\/2199"}],"wp:attachment":[{"href":"https:\/\/aslighting.com.vn\/vi\/wp-json\/wp\/v2\/media?parent=2198"}],"wp:term":[{"taxonomy":"product_brand","embeddable":true,"href":"https:\/\/aslighting.com.vn\/vi\/wp-json\/wp\/v2\/product_brand?post=2198"},{"taxonomy":"product_cat","embeddable":true,"href":"https:\/\/aslighting.com.vn\/vi\/wp-json\/wp\/v2\/product_cat?post=2198"},{"taxonomy":"product_tag","embeddable":true,"href":"https:\/\/aslighting.com.vn\/vi\/wp-json\/wp\/v2\/product_tag?post=2198"}],"curies":[{"name":"wp","href":"https:\/\/api.w.org\/{rel}","templated":true}]}}