{"id":2245,"date":"2022-11-29T16:16:22","date_gmt":"2022-11-29T09:16:22","guid":{"rendered":"https:\/\/aslighting.com.vn\/?post_type=product&#038;p=2245"},"modified":"2023-06-29T10:24:03","modified_gmt":"2023-06-29T03:24:03","slug":"den-chieu-sang-su-co-am-tran-3w-maxspid","status":"publish","type":"product","link":"https:\/\/aslighting.com.vn\/vi\/san-pham\/den-chieu-sang-su-co-am-tran-3w-maxspid\/","title":{"rendered":"\u0110\u00c8N CHI\u1ebeU S\u00c1NG S\u1ef0 C\u1ed0 \u00c2M TR\u1ea6N 3W MAXSPID"},"content":{"rendered":"<p><span style=\"font-weight: 400;\"><a href=\"https:\/\/aslighting.com.vn\/vi\/san-pham\/den-chieu-sang-su-co-am-tran-3w-maxspid\/\"><span style=\"color: #000098;\"><strong>\u0110\u00e8n chi\u1ebfu s\u00e1ng s\u1ef1 c\u1ed1 \u00e2m tr\u1ea7n 3W<\/strong><\/span><\/a> c\u1ee7a h\u00e3ng Maxspid \u0111\u01b0\u1ee3c nhi\u1ec1u ng\u01b0\u1eddi \u01b0a chu\u1ed9ng v\u00ec t\u00ednh th\u1ea9m m\u1ef9 c\u1ee7a n\u00f3. H\u00e3y c\u00f9ng ch\u00fang t\u00f4i t\u00ecm hi\u1ec3u chi ti\u1ebft v\u1ec1 d\u00f2ng s\u1ea3n ph\u1ea9m n\u00e0y nh\u00e9:<\/span><\/p>\n<p><a href=\"https:\/\/aslighting.com.vn\/wp-content\/uploads\/2022\/11\/20210823095121_ufr12.png\"><img fetchpriority=\"high\" decoding=\"async\" class=\"aligncenter wp-image-4394\" src=\"https:\/\/aslighting.com.vn\/wp-content\/uploads\/2022\/11\/20210823095121_ufr12.png\" alt=\"\" width=\"500\" height=\"500\" srcset=\"\/wp-content\/uploads\/2022\/11\/20210823095121_ufr12.png 900w, \/wp-content\/uploads\/2022\/11\/20210823095121_ufr12-300x300.png 300w, \/wp-content\/uploads\/2022\/11\/20210823095121_ufr12-150x150.png 150w, \/wp-content\/uploads\/2022\/11\/20210823095121_ufr12-768x768.png 768w, \/wp-content\/uploads\/2022\/11\/20210823095121_ufr12-12x12.png 12w, \/wp-content\/uploads\/2022\/11\/20210823095121_ufr12-600x600.png 600w, \/wp-content\/uploads\/2022\/11\/20210823095121_ufr12-100x100.png 100w\" sizes=\"(max-width: 500px) 100vw, 500px\" \/><\/a><\/p>\n<p style=\"text-align: center;\"><span style=\"font-size: 10pt;\"><em>\u0110\u00e8n chi\u1ebfu s\u00e1ng s\u1ef1 c\u1ed1 \u00e2m tr\u1ea7n 3W \u0111\u01b0\u1ee3c s\u1ea3n xu\u1ea5t b\u1edfi h\u00e3ng Maxspid<\/em><\/span><\/p>\n<h2><span style=\"color: #000080;\"><strong>I\/ \u0110\u1eb7c \u0111i\u1ec3m c\u1ee7a \u0111\u00e8n s\u1ef1 c\u1ed1 \u00e2m tr\u1ea7n 3W<\/strong><\/span><\/h2>\n<h3><span style=\"color: #ff6600;\"><strong>1. Thi\u1ebft k\u1ebf<\/strong><\/span><\/h3>\n<ul>\n<li><span style=\"font-weight: 400;\">\u0110\u00e8n \u00e2m tr\u1ea7n s\u1ef1 c\u1ed1 3W \u0111\u01b0\u1ee3c thi\u1ebft k\u1ebf kh\u00f4ng ch\u1ee9a th\u1ee7y ng\u00e2n v\u00e0 h\u00f3a ch\u1ea5t \u0111\u1ed9c h\u1ea1i, kh\u00f4ng ph\u00e1t ra tia t\u1eed ngo\u1ea1i, an to\u00e0n cho ng\u01b0\u1eddi s\u1eed d\u1ee5ng.<\/span><\/li>\n<li><span style=\"font-weight: 400;\">\u0110\u00e8n c\u00f3 \u0111\u1ed9 b\u1ec1n v\u00e0 \u0111\u1ed9 tin c\u1eady cao, \u00edt ph\u1ea3i b\u1ea3o tr\u00ec.<\/span><\/li>\n<li><span style=\"font-weight: 400;\">\u0110\u00e8n \u0111\u01b0\u1ee3c bi\u1ebft \u0111\u1ebfn l\u00e0 lo\u1ea1i \u0111\u00e8n c\u00f3 nhi\u1ec7t l\u01b0\u1ee3ng th\u1ea5p, kh\u00f4ng ph\u00e1t sinh nhi\u1ec7t trong qu\u00e1 tr\u00ecnh ho\u1ea1t \u0111\u1ed9ng.<\/span><\/li>\n<\/ul>\n<h3><span style=\"color: #ff6600;\">2. \u01afu \u0111i\u1ec3m n\u1ed5i b\u1eadt<\/span><\/h3>\n<ul>\n<li><span style=\"font-weight: 400;\">\u0110\u00e8n chi\u1ebfu s\u00e1ng s\u1ef1 c\u1ed1 \u00e2m tr\u1ea7n 3W s\u1eed d\u1ee5ng c\u00f4ng ngh\u1ec7 LED m\u1edbi ti\u1ebft ki\u1ec7m \u0111i\u1ec7n n\u0103ng ti\u00eau th\u1ee5 m\u00e0 hi\u1ec7u su\u1ea5t chi\u1ebfu s\u00e1ng cao.<\/span><\/li>\n<li><span style=\"font-weight: 400;\">\u0110\u00e8n chi\u1ebfu s\u00e1ng s\u1ef1 c\u1ed1 \u00e2m tr\u1ea7n 3W ho\u1ea1t \u0111\u1ed9ng d\u1ef1a tr\u00ean ngu\u1ed3n pin\/ \u1eafc quy d\u1ef1 tr\u1eef theo nguy\u00ean l\u00fd t\u1ef1 \u0111\u1ed9ng.<\/span><\/li>\n<li><span style=\"font-weight: 400;\">\u0110\u00e8n ho\u1ea1t \u0111\u1ed9ng kh\u00f4ng li\u00ean t\u1ee5c, t\u1ef1 \u0111\u1ed9ng b\u1eadt s\u00e1ng khi c\u00f3 s\u1ef1 c\u1ed1 gi\u00e1n \u0111o\u1ea1n ngu\u1ed3n \u0111i\u1ec7n. \u0110\u00e8n t\u1ef1 \u0111\u1ed9ng b\u1eadt \u2013 t\u1eaft, s\u1ea1c v\u00e0 ng\u1eaft s\u1ea1c khi pin \u0111\u1ea7y v\u00e0 trang b\u1ecb \u0111\u00e8n b\u00e1o m\u00e0u \u0111\u1ecf khi s\u1ea1c.<\/span><\/li>\n<li><span style=\"font-weight: 400;\">Th\u1eddi gian duy tr\u00ec ph\u00e1t s\u00e1ng khi x\u1ea3y ra s\u1ef1 c\u1ed1 trong 2 gi\u1edd \u0111\u1ed3ng h\u1ed3, \u0111\u1ee7 th\u1eddi gian cho qu\u00e1 tr\u00ecnh di chuy\u1ec3n c\u1ee7a c\u00e1c h\u00e0nh kh\u00e1ch trong t\u00f2a nh\u00e0.<\/span><\/li>\n<\/ul>\n<p><em>B\u1ea1n c\u1ea7n t\u00ecm hi\u1ec3u th\u00eam c\u00e1c d\u00f2ng s\u1ea3n ph\u1ea9m kh\u00e1c c\u1ee7a \u0111\u00e8n s\u1ea1c kh\u1ea9n c\u1ea5p Maxspid: <a href=\"https:\/\/aslighting.com.vn\/vi\/product-category\/maxspid\/den-sac-khan-cap-maxspid\/\"><span style=\"color: #000098;\"><strong>XEM T\u1ea0I \u0110\u00c2Y<\/strong><\/span><\/a><\/em><\/p>\n<h3><span style=\"color: #ff6600;\"><strong>3. Th\u00f4ng s\u1ed1 k\u1ef9 thu\u1eadt<\/strong><\/span><\/h3>\n<table style=\"width: 98.8985%; height: 192px;\" width=\"450\">\n<tbody>\n<tr style=\"height: 24px;\">\n<td style=\"width: 28.075%; text-align: center; height: 24px;\"><strong>\u0110\u00e8n chi\u1ebfu s\u00e1ng:<\/strong><\/td>\n<td style=\"width: 36.499%; text-align: center; height: 24px;\">UFR.3.NC180.NM<\/td>\n<td style=\"width: 164.505%; text-align: center; height: 24px;\">UFDR.3.NC180.MN<\/td>\n<\/tr>\n<tr style=\"height: 24px;\">\n<td style=\"width: 28.075%; text-align: center; height: 24px;\"><strong>C\u00f4ng su\u1ea5t:<\/strong><\/td>\n<td style=\"width: 36.499%; text-align: center; height: 24px;\">3W<\/td>\n<td style=\"width: 164.505%; text-align: center; height: 24px;\">3W<\/td>\n<\/tr>\n<tr style=\"height: 24px;\">\n<td style=\"width: 28.075%; text-align: center; height: 24px;\"><strong>\u0110i\u1ec7n \u00e1p:<\/strong><\/td>\n<td style=\"width: 36.499%; text-align: center; height: 24px;\">220V<\/td>\n<td style=\"width: 164.505%; text-align: center; height: 24px;\">220V<\/td>\n<\/tr>\n<tr style=\"height: 24px;\">\n<td style=\"width: 28.075%; text-align: center; height: 24px;\"><strong>Pin:<\/strong><\/td>\n<td style=\"width: 36.499%; text-align: center; height: 24px;\">NiCd<\/td>\n<td style=\"width: 164.505%; text-align: center; height: 24px;\">NiCd<\/td>\n<\/tr>\n<tr style=\"height: 24px;\">\n<td style=\"width: 28.075%; text-align: center; height: 24px;\"><strong>Th\u1eddi gian l\u01b0u \u0111i\u1ec7n:<\/strong><\/td>\n<td style=\"width: 36.499%; text-align: center; height: 24px;\">2h<\/td>\n<td style=\"width: 164.505%; text-align: center; height: 24px;\">2h<\/td>\n<\/tr>\n<tr style=\"height: 24px;\">\n<td style=\"width: 28.075%; text-align: center; height: 24px;\"><strong>Th\u1eddi gian s\u1ea1c:<\/strong><\/td>\n<td style=\"width: 36.499%; text-align: center; height: 24px;\">24h<\/td>\n<td style=\"width: 164.505%; text-align: center; height: 24px;\">24h<\/td>\n<\/tr>\n<tr style=\"height: 24px;\">\n<td style=\"width: 28.075%; text-align: center; height: 24px;\"><strong>K\u00edch th\u01b0\u1edbc:<\/strong><\/td>\n<td style=\"width: 36.499%; text-align: center; height: 24px;\">90mm x 88.4mm<\/td>\n<td style=\"width: 164.505%; text-align: center; height: 24px;\">130mm x 88.4mm<\/td>\n<\/tr>\n<tr style=\"height: 24px;\">\n<td style=\"width: 28.075%; text-align: center; height: 24px;\"><strong>B\u1ea3o h\u00e0nh:<\/strong><\/td>\n<td style=\"width: 36.499%; text-align: center; height: 24px;\">12 th\u00e1ng<\/td>\n<td style=\"width: 164.505%; text-align: center; height: 24px;\">12 th\u00e1ng<\/td>\n<\/tr>\n<\/tbody>\n<\/table>\n<h2><span style=\"color: #000080;\"><strong>II\/ \u1ee8ng d\u1ee5ng c\u1ee7a \u0111\u00e8n chi\u1ebfu s\u00e1ng s\u1ef1 c\u1ed1 \u00e2m tr\u1ea7n 3W<\/strong><\/span><\/h2>\n<p><span style=\"font-weight: 400;\">\u0110\u00e8n s\u1ef1 c\u1ed1 \u00e2m tr\u1ea7n 3W \u0111\u01b0\u1ee3c l\u1eafp \u0111\u1eb7t t\u1ea1i c\u00e1c t\u00f2a nh\u00e0, trung t\u00e2m th\u01b0\u01a1ng m\u1ea1i, h\u00e0nh lang b\u1ec7nh vi\u1ec7n, chung c\u01b0\u2026<\/span><\/p>\n<p><a href=\"https:\/\/aslighting.com.vn\/wp-content\/uploads\/2022\/11\/hinh-coop-1-6598-scaled.jpg\"><img decoding=\"async\" class=\"aligncenter wp-image-4395 lazyload\" data-src=\"https:\/\/aslighting.com.vn\/wp-content\/uploads\/2022\/11\/hinh-coop-1-6598-scaled.jpg\" alt=\"\" width=\"600\" height=\"450\" data-srcset=\"\/wp-content\/uploads\/2022\/11\/hinh-coop-1-6598-scaled.jpg 1000w, \/wp-content\/uploads\/2022\/11\/hinh-coop-1-6598-300x225.jpg 300w, \/wp-content\/uploads\/2022\/11\/hinh-coop-1-6598-1024x768.jpg 1024w, \/wp-content\/uploads\/2022\/11\/hinh-coop-1-6598-768x576.jpg 768w, \/wp-content\/uploads\/2022\/11\/hinh-coop-1-6598-1536x1152.jpg 1536w, \/wp-content\/uploads\/2022\/11\/hinh-coop-1-6598-16x12.jpg 16w, \/wp-content\/uploads\/2022\/11\/hinh-coop-1-6598-600x450.jpg 600w\" data-sizes=\"(max-width: 600px) 100vw, 600px\" src=\"data:image\/svg+xml;base64,PHN2ZyB3aWR0aD0iMSIgaGVpZ2h0PSIxIiB4bWxucz0iaHR0cDovL3d3dy53My5vcmcvMjAwMC9zdmciPjwvc3ZnPg==\" style=\"--smush-placeholder-width: 600px; --smush-placeholder-aspect-ratio: 600\/450;\" \/><\/a><\/p>\n<p style=\"text-align: center;\"><a href=\"https:\/\/drive.google.com\/file\/d\/1elFnFY6P8YLsdTgzkDZCPOl0JdnGk6Nn\/view?usp=sharing\"><img decoding=\"async\" class=\"alignnone size-medium wp-image-4530 lazyload\" data-src=\"https:\/\/aslighting.com.vn\/wp-content\/uploads\/2022\/11\/button_tai-catalogue-tai-day-1-300x49.png\" alt=\"\" width=\"300\" height=\"49\" data-srcset=\"\/wp-content\/uploads\/2022\/11\/button_tai-catalogue-tai-day-1-300x49.png 300w, \/wp-content\/uploads\/2022\/11\/button_tai-catalogue-tai-day-1-18x3.png 18w, \/wp-content\/uploads\/2022\/11\/button_tai-catalogue-tai-day-1.png 407w\" data-sizes=\"(max-width: 300px) 100vw, 300px\" src=\"data:image\/svg+xml;base64,PHN2ZyB3aWR0aD0iMSIgaGVpZ2h0PSIxIiB4bWxucz0iaHR0cDovL3d3dy53My5vcmcvMjAwMC9zdmciPjwvc3ZnPg==\" style=\"--smush-placeholder-width: 300px; --smush-placeholder-aspect-ratio: 300\/49;\" \/><\/a><\/p>\n","protected":false},"excerpt":{"rendered":"<p><strong>C\u00f4ng su\u1ea5t:<\/strong> 3W<\/p>\n<p><b>\u0110i\u1ec7n \u00e1p: <\/b>220V<\/p>\n<p><strong>L\u1ed7 kho\u00e9t:<\/strong> 75mm<\/p>\n<p><strong>Pin: <\/strong>NiCd<strong><br \/>\n<\/strong><\/p>\n<p><strong>Th\u1eddi gian l\u01b0u \u0111i\u1ec7n: <\/strong>2h<strong><br \/>\n<\/strong><\/p>\n<p><strong>Th\u1eddi gian s\u1ea1c: <\/strong>24h<\/p>\n<p><strong>K\u00edch th\u01b0\u1edbc:<\/strong> 90mm x 88.4mm, 130mm x 88.4mm<\/p>\n<p><strong>C\u00e1ch l\u1eafp \u0111\u1eb7t:<\/strong>\u00a0G\u1eafn \u00e2m tr\u1ea7n<\/p>\n<p><strong>B\u1ea3o h\u00e0nh:<\/strong> 12 th\u00e1ng<\/p>\n","protected":false},"featured_media":2254,"comment_status":"open","ping_status":"closed","template":"","meta":[],"product_brand":[],"product_cat":[330,313,311],"product_tag":[],"class_list":{"0":"post-2245","1":"product","2":"type-product","3":"status-publish","4":"has-post-thumbnail","6":"product_cat-den-chieu-sang-su-co-am-tran-3w-maxspid","7":"product_cat-den-sac-khan-cap-maxspid","8":"product_cat-maxspid","10":"first","11":"instock","12":"shipping-taxable","13":"product-type-simple"},"yoast_head":"<!-- This site is optimized with the Yoast SEO Premium plugin v22.0 (Yoast SEO v22.5) - https:\/\/yoast.com\/wordpress\/plugins\/seo\/ -->\n<title>\u0110\u00e8n chi\u1ebfu s\u00e1ng s\u1ef1 c\u1ed1 \u00e2m tr\u1ea7n 3W Maxspid ch\u00ednh h\u00e3ng gi\u00e1 t\u1ed1t<\/title>\n<meta name=\"description\" content=\"\u0110\u00e8n chi\u1ebfu s\u00e1ng s\u1ef1 c\u1ed1 \u00e2m tr\u1ea7n 3W Maxspid ch\u00ednh h\u00e3ng gi\u00e1 t\u1ed1t nh\u1ea5t \u0111\u01b0\u1ee3c c\u00f4ng ty c\u1ed5 ph\u1ea7n thi\u1ebft b\u1ecb chi\u1ebfu s\u00e1ng \u00c1nh Sao cung c\u1ea5p t\u1edbi kh\u00e1ch h\u00e0ng ho\u00e0n h\u1ea3o nh\u1ea5t\" \/>\n<meta name=\"robots\" content=\"index, follow, max-snippet:-1, max-image-preview:large, max-video-preview:-1\" \/>\n<link rel=\"canonical\" href=\"https:\/\/aslighting.com.vn\/vi\/san-pham\/den-chieu-sang-su-co-am-tran-3w-maxspid\/\" \/>\n<meta property=\"og:locale\" content=\"vi_VN\" \/>\n<meta property=\"og:type\" content=\"article\" \/>\n<meta property=\"og:title\" content=\"\u0110\u00c8N CHI\u1ebeU S\u00c1NG S\u1ef0 C\u1ed0 \u00c2M TR\u1ea6N 3W MAXSPID\" \/>\n<meta property=\"og:description\" content=\"\u0110\u00e8n chi\u1ebfu s\u00e1ng s\u1ef1 c\u1ed1 \u00e2m tr\u1ea7n 3W Maxspid ch\u00ednh h\u00e3ng gi\u00e1 t\u1ed1t nh\u1ea5t \u0111\u01b0\u1ee3c c\u00f4ng ty c\u1ed5 ph\u1ea7n thi\u1ebft b\u1ecb chi\u1ebfu s\u00e1ng \u00c1nh Sao cung c\u1ea5p t\u1edbi kh\u00e1ch h\u00e0ng ho\u00e0n h\u1ea3o nh\u1ea5t\" \/>\n<meta property=\"og:url\" content=\"https:\/\/aslighting.com.vn\/vi\/san-pham\/den-chieu-sang-su-co-am-tran-3w-maxspid\/\" \/>\n<meta property=\"og:site_name\" content=\"C\u00f4ng Ty C\u1ed5 Ph\u1ea7n Gi\u1ea3i Ph\u00e1p Chi\u1ebfu S\u00e1ng To\u00e0n Di\u1ec7n \u00c1nh Sao\" \/>\n<meta property=\"article:modified_time\" content=\"2023-06-29T03:24:03+00:00\" \/>\n<meta property=\"og:image\" content=\"https:\/\/aslighting.com.vn\/wp-content\/uploads\/2022\/11\/20210823095138_ufdr.png\" \/>\n\t<meta property=\"og:image:width\" content=\"900\" \/>\n\t<meta property=\"og:image:height\" content=\"780\" \/>\n\t<meta property=\"og:image:type\" content=\"image\/png\" \/>\n<meta name=\"twitter:card\" content=\"summary_large_image\" \/>\n<meta name=\"twitter:label1\" content=\"\u01af\u1edbc t\u00ednh th\u1eddi gian \u0111\u1ecdc\" \/>\n\t<meta name=\"twitter:data1\" content=\"3 ph\u00fat\" \/>\n<script type=\"application\/ld+json\" class=\"yoast-schema-graph\">{\"@context\":\"https:\/\/schema.org\",\"@graph\":[{\"@type\":\"WebPage\",\"@id\":\"https:\/\/aslighting.com.vn\/san-pham\/den-chieu-sang-su-co-am-tran-3w-maxspid\/\",\"url\":\"https:\/\/aslighting.com.vn\/san-pham\/den-chieu-sang-su-co-am-tran-3w-maxspid\/\",\"name\":\"\u0110\u00e8n chi\u1ebfu s\u00e1ng s\u1ef1 c\u1ed1 \u00e2m tr\u1ea7n 3W Maxspid ch\u00ednh h\u00e3ng gi\u00e1 t\u1ed1t\",\"isPartOf\":{\"@id\":\"https:\/\/aslighting.com.vn\/#website\"},\"primaryImageOfPage\":{\"@id\":\"https:\/\/aslighting.com.vn\/san-pham\/den-chieu-sang-su-co-am-tran-3w-maxspid\/#primaryimage\"},\"image\":{\"@id\":\"https:\/\/aslighting.com.vn\/san-pham\/den-chieu-sang-su-co-am-tran-3w-maxspid\/#primaryimage\"},\"thumbnailUrl\":\"\/wp-content\/uploads\/2022\/11\/20210823095138_ufdr.png\",\"datePublished\":\"2022-11-29T09:16:22+00:00\",\"dateModified\":\"2023-06-29T03:24:03+00:00\",\"description\":\"\u0110\u00e8n chi\u1ebfu s\u00e1ng s\u1ef1 c\u1ed1 \u00e2m tr\u1ea7n 3W Maxspid ch\u00ednh h\u00e3ng gi\u00e1 t\u1ed1t nh\u1ea5t \u0111\u01b0\u1ee3c c\u00f4ng ty c\u1ed5 ph\u1ea7n thi\u1ebft b\u1ecb chi\u1ebfu s\u00e1ng \u00c1nh Sao cung c\u1ea5p t\u1edbi kh\u00e1ch h\u00e0ng ho\u00e0n h\u1ea3o nh\u1ea5t\",\"breadcrumb\":{\"@id\":\"https:\/\/aslighting.com.vn\/san-pham\/den-chieu-sang-su-co-am-tran-3w-maxspid\/#breadcrumb\"},\"inLanguage\":\"vi\",\"potentialAction\":[{\"@type\":\"ReadAction\",\"target\":[\"https:\/\/aslighting.com.vn\/san-pham\/den-chieu-sang-su-co-am-tran-3w-maxspid\/\"]}]},{\"@type\":\"ImageObject\",\"inLanguage\":\"vi\",\"@id\":\"https:\/\/aslighting.com.vn\/san-pham\/den-chieu-sang-su-co-am-tran-3w-maxspid\/#primaryimage\",\"url\":\"\/wp-content\/uploads\/2022\/11\/20210823095138_ufdr.png\",\"contentUrl\":\"\/wp-content\/uploads\/2022\/11\/20210823095138_ufdr.png\",\"width\":900,\"height\":780},{\"@type\":\"BreadcrumbList\",\"@id\":\"https:\/\/aslighting.com.vn\/san-pham\/den-chieu-sang-su-co-am-tran-3w-maxspid\/#breadcrumb\",\"itemListElement\":[{\"@type\":\"ListItem\",\"position\":1,\"name\":\"Trang ch\u1ee7\",\"item\":\"https:\/\/aslighting.com.vn\/vi\/\"},{\"@type\":\"ListItem\",\"position\":2,\"name\":\"S\u1ea3n ph\u1ea9m\",\"item\":\"https:\/\/aslighting.com.vn\/en\/san-pham\/\"},{\"@type\":\"ListItem\",\"position\":3,\"name\":\"\u0110\u00c8N CHI\u1ebeU S\u00c1NG S\u1ef0 C\u1ed0 \u00c2M TR\u1ea6N 3W MAXSPID\"}]},{\"@type\":\"WebSite\",\"@id\":\"https:\/\/aslighting.com.vn\/#website\",\"url\":\"https:\/\/aslighting.com.vn\/\",\"name\":\"C\u00f4ng Ty C\u1ed5 Ph\u1ea7n Gi\u1ea3i Ph\u00e1p Chi\u1ebfu S\u00e1ng To\u00e0n Di\u1ec7n \u00c1nh Sao\",\"description\":\"\",\"publisher\":{\"@id\":\"https:\/\/aslighting.com.vn\/#organization\"},\"potentialAction\":[{\"@type\":\"SearchAction\",\"target\":{\"@type\":\"EntryPoint\",\"urlTemplate\":\"https:\/\/aslighting.com.vn\/?s={search_term_string}\"},\"query-input\":\"required name=search_term_string\"}],\"inLanguage\":\"vi\"},{\"@type\":\"Organization\",\"@id\":\"https:\/\/aslighting.com.vn\/#organization\",\"name\":\"C\u00f4ng Ty C\u1ed5 Ph\u1ea7n Gi\u1ea3i Ph\u00e1p Chi\u1ebfu S\u00e1ng To\u00e0n Di\u1ec7n \u00c1nh Sao\",\"url\":\"https:\/\/aslighting.com.vn\/\",\"logo\":{\"@type\":\"ImageObject\",\"inLanguage\":\"vi\",\"@id\":\"https:\/\/aslighting.com.vn\/#\/schema\/logo\/image\/\",\"url\":\"\/wp-content\/uploads\/2022\/10\/logo-ANHSAO.png\",\"contentUrl\":\"\/wp-content\/uploads\/2022\/10\/logo-ANHSAO.png\",\"width\":1091,\"height\":360,\"caption\":\"C\u00f4ng Ty C\u1ed5 Ph\u1ea7n Gi\u1ea3i Ph\u00e1p Chi\u1ebfu S\u00e1ng To\u00e0n Di\u1ec7n \u00c1nh Sao\"},\"image\":{\"@id\":\"https:\/\/aslighting.com.vn\/#\/schema\/logo\/image\/\"}}]}<\/script>\n<!-- \/ Yoast SEO Premium plugin. -->","yoast_head_json":{"title":"\u0110\u00e8n chi\u1ebfu s\u00e1ng s\u1ef1 c\u1ed1 \u00e2m tr\u1ea7n 3W Maxspid ch\u00ednh h\u00e3ng gi\u00e1 t\u1ed1t","description":"\u0110\u00e8n chi\u1ebfu s\u00e1ng s\u1ef1 c\u1ed1 \u00e2m tr\u1ea7n 3W Maxspid ch\u00ednh h\u00e3ng gi\u00e1 t\u1ed1t nh\u1ea5t \u0111\u01b0\u1ee3c c\u00f4ng ty c\u1ed5 ph\u1ea7n thi\u1ebft b\u1ecb chi\u1ebfu s\u00e1ng \u00c1nh Sao cung c\u1ea5p t\u1edbi kh\u00e1ch h\u00e0ng ho\u00e0n h\u1ea3o nh\u1ea5t","robots":{"index":"index","follow":"follow","max-snippet":"max-snippet:-1","max-image-preview":"max-image-preview:large","max-video-preview":"max-video-preview:-1"},"canonical":"https:\/\/aslighting.com.vn\/vi\/san-pham\/den-chieu-sang-su-co-am-tran-3w-maxspid\/","og_locale":"vi_VN","og_type":"article","og_title":"\u0110\u00c8N CHI\u1ebeU S\u00c1NG S\u1ef0 C\u1ed0 \u00c2M TR\u1ea6N 3W MAXSPID","og_description":"\u0110\u00e8n chi\u1ebfu s\u00e1ng s\u1ef1 c\u1ed1 \u00e2m tr\u1ea7n 3W Maxspid ch\u00ednh h\u00e3ng gi\u00e1 t\u1ed1t nh\u1ea5t \u0111\u01b0\u1ee3c c\u00f4ng ty c\u1ed5 ph\u1ea7n thi\u1ebft b\u1ecb chi\u1ebfu s\u00e1ng \u00c1nh Sao cung c\u1ea5p t\u1edbi kh\u00e1ch h\u00e0ng ho\u00e0n h\u1ea3o nh\u1ea5t","og_url":"https:\/\/aslighting.com.vn\/vi\/san-pham\/den-chieu-sang-su-co-am-tran-3w-maxspid\/","og_site_name":"C\u00f4ng Ty C\u1ed5 Ph\u1ea7n Gi\u1ea3i Ph\u00e1p Chi\u1ebfu S\u00e1ng To\u00e0n Di\u1ec7n \u00c1nh Sao","article_modified_time":"2023-06-29T03:24:03+00:00","og_image":[{"width":900,"height":780,"url":"https:\/\/aslighting.com.vn\/wp-content\/uploads\/2022\/11\/20210823095138_ufdr.png","type":"image\/png"}],"twitter_card":"summary_large_image","twitter_misc":{"\u01af\u1edbc t\u00ednh th\u1eddi gian \u0111\u1ecdc":"3 ph\u00fat"},"schema":{"@context":"https:\/\/schema.org","@graph":[{"@type":"WebPage","@id":"https:\/\/aslighting.com.vn\/san-pham\/den-chieu-sang-su-co-am-tran-3w-maxspid\/","url":"https:\/\/aslighting.com.vn\/san-pham\/den-chieu-sang-su-co-am-tran-3w-maxspid\/","name":"\u0110\u00e8n chi\u1ebfu s\u00e1ng s\u1ef1 c\u1ed1 \u00e2m tr\u1ea7n 3W Maxspid ch\u00ednh h\u00e3ng gi\u00e1 t\u1ed1t","isPartOf":{"@id":"https:\/\/aslighting.com.vn\/#website"},"primaryImageOfPage":{"@id":"https:\/\/aslighting.com.vn\/san-pham\/den-chieu-sang-su-co-am-tran-3w-maxspid\/#primaryimage"},"image":{"@id":"https:\/\/aslighting.com.vn\/san-pham\/den-chieu-sang-su-co-am-tran-3w-maxspid\/#primaryimage"},"thumbnailUrl":"\/wp-content\/uploads\/2022\/11\/20210823095138_ufdr.png","datePublished":"2022-11-29T09:16:22+00:00","dateModified":"2023-06-29T03:24:03+00:00","description":"\u0110\u00e8n chi\u1ebfu s\u00e1ng s\u1ef1 c\u1ed1 \u00e2m tr\u1ea7n 3W Maxspid ch\u00ednh h\u00e3ng gi\u00e1 t\u1ed1t nh\u1ea5t \u0111\u01b0\u1ee3c c\u00f4ng ty c\u1ed5 ph\u1ea7n thi\u1ebft b\u1ecb chi\u1ebfu s\u00e1ng \u00c1nh Sao cung c\u1ea5p t\u1edbi kh\u00e1ch h\u00e0ng ho\u00e0n h\u1ea3o nh\u1ea5t","breadcrumb":{"@id":"https:\/\/aslighting.com.vn\/san-pham\/den-chieu-sang-su-co-am-tran-3w-maxspid\/#breadcrumb"},"inLanguage":"vi","potentialAction":[{"@type":"ReadAction","target":["https:\/\/aslighting.com.vn\/san-pham\/den-chieu-sang-su-co-am-tran-3w-maxspid\/"]}]},{"@type":"ImageObject","inLanguage":"vi","@id":"https:\/\/aslighting.com.vn\/san-pham\/den-chieu-sang-su-co-am-tran-3w-maxspid\/#primaryimage","url":"\/wp-content\/uploads\/2022\/11\/20210823095138_ufdr.png","contentUrl":"\/wp-content\/uploads\/2022\/11\/20210823095138_ufdr.png","width":900,"height":780},{"@type":"BreadcrumbList","@id":"https:\/\/aslighting.com.vn\/san-pham\/den-chieu-sang-su-co-am-tran-3w-maxspid\/#breadcrumb","itemListElement":[{"@type":"ListItem","position":1,"name":"Trang ch\u1ee7","item":"https:\/\/aslighting.com.vn\/vi\/"},{"@type":"ListItem","position":2,"name":"S\u1ea3n ph\u1ea9m","item":"https:\/\/aslighting.com.vn\/en\/san-pham\/"},{"@type":"ListItem","position":3,"name":"\u0110\u00c8N CHI\u1ebeU S\u00c1NG S\u1ef0 C\u1ed0 \u00c2M TR\u1ea6N 3W MAXSPID"}]},{"@type":"WebSite","@id":"https:\/\/aslighting.com.vn\/#website","url":"https:\/\/aslighting.com.vn\/","name":"C\u00f4ng Ty C\u1ed5 Ph\u1ea7n Gi\u1ea3i Ph\u00e1p Chi\u1ebfu S\u00e1ng To\u00e0n Di\u1ec7n \u00c1nh Sao","description":"","publisher":{"@id":"https:\/\/aslighting.com.vn\/#organization"},"potentialAction":[{"@type":"SearchAction","target":{"@type":"EntryPoint","urlTemplate":"https:\/\/aslighting.com.vn\/?s={search_term_string}"},"query-input":"required name=search_term_string"}],"inLanguage":"vi"},{"@type":"Organization","@id":"https:\/\/aslighting.com.vn\/#organization","name":"C\u00f4ng Ty C\u1ed5 Ph\u1ea7n Gi\u1ea3i Ph\u00e1p Chi\u1ebfu S\u00e1ng To\u00e0n Di\u1ec7n \u00c1nh Sao","url":"https:\/\/aslighting.com.vn\/","logo":{"@type":"ImageObject","inLanguage":"vi","@id":"https:\/\/aslighting.com.vn\/#\/schema\/logo\/image\/","url":"\/wp-content\/uploads\/2022\/10\/logo-ANHSAO.png","contentUrl":"\/wp-content\/uploads\/2022\/10\/logo-ANHSAO.png","width":1091,"height":360,"caption":"C\u00f4ng Ty C\u1ed5 Ph\u1ea7n Gi\u1ea3i Ph\u00e1p Chi\u1ebfu S\u00e1ng To\u00e0n Di\u1ec7n \u00c1nh Sao"},"image":{"@id":"https:\/\/aslighting.com.vn\/#\/schema\/logo\/image\/"}}]}},"_links":{"self":[{"href":"https:\/\/aslighting.com.vn\/vi\/wp-json\/wp\/v2\/product\/2245","targetHints":{"allow":["GET"]}}],"collection":[{"href":"https:\/\/aslighting.com.vn\/vi\/wp-json\/wp\/v2\/product"}],"about":[{"href":"https:\/\/aslighting.com.vn\/vi\/wp-json\/wp\/v2\/types\/product"}],"replies":[{"embeddable":true,"href":"https:\/\/aslighting.com.vn\/vi\/wp-json\/wp\/v2\/comments?post=2245"}],"wp:featuredmedia":[{"embeddable":true,"href":"https:\/\/aslighting.com.vn\/vi\/wp-json\/wp\/v2\/media\/2254"}],"wp:attachment":[{"href":"https:\/\/aslighting.com.vn\/vi\/wp-json\/wp\/v2\/media?parent=2245"}],"wp:term":[{"taxonomy":"product_brand","embeddable":true,"href":"https:\/\/aslighting.com.vn\/vi\/wp-json\/wp\/v2\/product_brand?post=2245"},{"taxonomy":"product_cat","embeddable":true,"href":"https:\/\/aslighting.com.vn\/vi\/wp-json\/wp\/v2\/product_cat?post=2245"},{"taxonomy":"product_tag","embeddable":true,"href":"https:\/\/aslighting.com.vn\/vi\/wp-json\/wp\/v2\/product_tag?post=2245"}],"curies":[{"name":"wp","href":"https:\/\/api.w.org\/{rel}","templated":true}]}}