{"id":2289,"date":"2022-11-30T08:35:42","date_gmt":"2022-11-30T01:35:42","guid":{"rendered":"https:\/\/aslighting.com.vn\/?post_type=product&#038;p=2289"},"modified":"2023-06-29T13:24:13","modified_gmt":"2023-06-29T06:24:13","slug":"den-chieu-sang-su-co-mtl-nm-l203-nc-2x3w-maxspid","status":"publish","type":"product","link":"https:\/\/aslighting.com.vn\/vi\/san-pham\/den-chieu-sang-su-co-mtl-nm-l203-nc-2x3w-maxspid\/","title":{"rendered":"\u0110\u00c8N CHI\u1ebeU S\u00c1NG S\u1ef0 C\u1ed0 MTL\/NM\/L203 NC 2X3W MAXSPID"},"content":{"rendered":"<p><span style=\"font-weight: 400;\"><a href=\"https:\/\/aslighting.com.vn\/vi\/san-pham\/den-chieu-sang-su-co-mtl-nm-l203-nc-2x3w-maxspid\/\"><strong><span style=\"color: #000098;\">\u0110\u00e8n s\u1ef1 c\u1ed1 MTL\/NM\/L203 NC 2x3W<\/span><\/strong><\/a> l\u00e0 d\u00f2ng s\u1ea3n ph\u1ea9m \u0111\u00e8n s\u1ef1 c\u1ed1 \u0111\u01b0\u1ee3c nhi\u1ec1u ng\u01b0\u1eddi l\u1ef1a ch\u1ecdn. H\u00e3y c\u00f9ng Aslighting t\u00ecm hi\u1ec3u chi ti\u1ebft v\u1ec1 d\u00f2ng s\u1ea3n ph\u1ea9m n\u00e0y nh\u00e9.<\/span><\/p>\n<p style=\"text-align: center;\"><a href=\"https:\/\/aslighting.com.vn\/wp-content\/uploads\/2022\/11\/20210824145906_124.png\"><img fetchpriority=\"high\" decoding=\"async\" class=\"alignnone wp-image-4415\" src=\"https:\/\/aslighting.com.vn\/wp-content\/uploads\/2022\/11\/20210824145906_124.png\" alt=\"\" width=\"500\" height=\"500\" srcset=\"\/wp-content\/uploads\/2022\/11\/20210824145906_124.png 900w, \/wp-content\/uploads\/2022\/11\/20210824145906_124-300x300.png 300w, \/wp-content\/uploads\/2022\/11\/20210824145906_124-150x150.png 150w, \/wp-content\/uploads\/2022\/11\/20210824145906_124-768x768.png 768w, \/wp-content\/uploads\/2022\/11\/20210824145906_124-12x12.png 12w, \/wp-content\/uploads\/2022\/11\/20210824145906_124-600x600.png 600w, \/wp-content\/uploads\/2022\/11\/20210824145906_124-100x100.png 100w\" sizes=\"(max-width: 500px) 100vw, 500px\" \/><\/a><\/p>\n<p style=\"text-align: center;\"><span style=\"font-size: 10pt;\"><em>\u0110\u00e8n chi\u1ebfu s\u00e1ng s\u1ef1 c\u1ed1 MTL\/NM\/L203 NC 2x3W \u0111\u01b0\u1ee3c s\u1ea3n xu\u1ea5t b\u1edfi h\u00e3ng Maxspid<\/em><\/span><\/p>\n<h2><span style=\"color: #000080;\"><strong>I\/ \u0110\u1eb7c \u0111i\u1ec3m c\u1ee7a \u0111\u00e8n chi\u1ebfu s\u00e1ng s\u1ef1 c\u1ed1 MTL\/NM\/L203 NC 2x3W<\/strong><\/span><\/h2>\n<h3><span style=\"color: #ff6600;\"><strong>1. Thi\u1ebft k\u1ebf\u00a0<\/strong><\/span><\/h3>\n<ul>\n<li><span style=\"font-weight: 400;\">\u0110\u00e8n s\u1eed d\u1ee5ng \u0111i\u1ec7n \u00e1p 220VAC, kh\u00f4ng c\u00f3 b\u1ee9c x\u1ea1 g\u00e2y h\u1ea1i, s\u1eed d\u1ee5ng pin dung l\u01b0\u1ee3ng cao, th\u1eddi gian s\u00e1ng d\u1ef1 ph\u00f2ng tr\u00ean 3 gi\u1edd.<\/span><\/li>\n<li><span style=\"font-weight: 400;\">V\u1ecf \u0111\u00e8n \u0111\u01b0\u1ee3c thi\u1ebft k\u1ebf b\u1eb1ng v\u1eadt li\u1ec7u nh\u1ef1a ABS, ch\u1ed1ng ch\u00e1y, ch\u1ed1ng ph\u00e1t ch\u00e1y tia l\u1eeda, an to\u00e0n trong \u0111i\u1ec1u ki\u1ec7n kh\u1ea9n c\u1ea5p nh\u01b0 m\u1ea5t \u0111i\u1ec7n, ch\u00e1y n\u1ed5.<\/span><\/li>\n<li><span style=\"font-weight: 400;\">Thi\u1ebft k\u1ebf g\u00f3c quay c\u1ee7a \u0111\u00e8n s\u1ef1 c\u1ed1 \u00e2m tr\u1ea7n 3W h\u01b0\u1edbng d\u1ea1ng ch\u1ecfm c\u1ea7u gi\u00fap cho vi\u1ec7c \u0111i\u1ec1u ch\u1ec9nh g\u00f3c chi\u1ebfu d\u1ec5 d\u00e0ng theo \u00fd mu\u1ed1n.H\u01a1n n\u1eefa \u0111\u00e8n c\u00f3 th\u1eddi gian b\u1eadt \u0111\u00e8n nhanh ch\u00f3ng kh\u00f4ng qu\u00e1 5s.<\/span><\/li>\n<\/ul>\n<h3><span style=\"color: #ff6600;\"><strong>2. \u01afu \u0111i\u1ec3m n\u1ed5i b\u1eadt<\/strong><\/span><\/h3>\n<ul>\n<li><span style=\"font-weight: 400;\">V\u1edbi hai \u0111\u00e8n chi\u1ebfu s\u00e1ng c\u00f3 g\u00f3c ph\u1ea3n x\u1ea1 v\u00e0 g\u00f3c chi\u1ebfu s\u00e1ng r\u1ed9ng h\u01a1n v\u00e0 xa h\u01a1n n\u00ean gi\u00fap cho kh\u00f4ng gian trong tr\u01b0\u1eddng h\u1ee3p kh\u1ea9n c\u1ea5p c\u00f3 th\u1ec3 \u0111\u01b0\u1ee3c chi\u1ebfu s\u00e1ng trong kh\u00f4ng gian l\u1edbn.<\/span><\/li>\n<li><span style=\"font-weight: 400;\">S\u1eed d\u1ee5ng c\u00f4ng ngh\u1ec7 chip LED ngo\u1ea1i nh\u1eadp hi\u1ec7n \u0111\u1ea1i n\u00ean c\u00f3 th\u1ec3 ph\u00e1t s\u00e1ng ngay l\u1eadp t\u1ee9c khi c\u00f3 s\u1ef1 c\u1ed1 v\u1ec1 \u0111i\u1ec7n x\u1ea3y ra.\u00a0<\/span><\/li>\n<li><span style=\"font-weight: 400;\">B\u00ean c\u1ea1nh \u0111\u00f3, s\u1ea3n ph\u1ea9m c\u00f3 th\u1ec3 t\u1ef1 \u0111\u1ed9ng s\u1ea1c pin v\u00e0 c\u00f3 th\u1ec3 t\u1ef1 \u0111\u1ed9ng ng\u1eaft \u0111i\u1ec7n khi c\u00f3 s\u1ef1 c\u1ed1 v\u1ec1 \u0111i\u1ec7n ho\u1eb7c pin \u0111\u00e3 \u0111\u1ee7 \u0111\u1ea7y \u0111\u1ec3 \u0111\u1ea3m b\u1ea3o ch\u1ea5t l\u01b0\u1ee3ng c\u1ee7a s\u1ea3n ph\u1ea9m. Th\u1eddi gian chi\u1ebfu s\u00e1ng c\u1ee7a \u0111\u00e8n l\u00e0 li\u00ean t\u1ee5c 3 gi\u1edd, n\u00ean c\u00f3 th\u1ec3 t\u00ecm th\u1ea5y l\u1ed1i tho\u00e1t hi\u1ec3m nhanh ch\u00f3ng.<\/span><\/li>\n<li><span style=\"font-weight: 400;\">S\u1ea3n ph\u1ea9m \u0111\u01b0\u1ee3c thi\u1ebft k\u1ebf theo ti\u00eau chu\u1ea9n PCCC cho vi\u1ec7c chi\u1ebfu s\u00e1ng kh\u1ea9n c\u1ea5p l\u1ed1i tho\u00e1t hi\u1ec3m khi c\u00f3 s\u1ef1 c\u1ed1 h\u1ecfa ho\u1ea1n, thi\u00ean tai, m\u1ea5t \u0111i\u1ec7n \u0111\u1ed9t ng\u1ed9t\u2026 V\u1ecf v\u00e0 th\u00e2n \u0111\u00e8n l\u00e0m t\u1eeb nh\u1ef1a c\u00e1ch \u0111i\u1ec7n cao c\u1ea5p n\u00ean an to\u00e0n h\u01a1n, \u0111\u1ed3ng th\u1eddi ng\u0103n ch\u1eb7n nh\u1eefng t\u00e1c nh\u00e2n x\u1ea5u b\u00ean ngo\u00e0i m\u00f4i tr\u01b0\u1eddng nh\u01b0 c\u00f4n tr\u00f9ng, b\u1ee5i, n\u01b0\u1edbc,\u2026<\/span><\/li>\n<\/ul>\n<h3><span style=\"color: #ff6600;\"><strong>3. Th\u00f4ng s\u1ed1 k\u1ef9 thu\u1eadt<\/strong><\/span><\/h3>\n<table style=\"width: 99.1341%;\" width=\"500\">\n<tbody>\n<tr>\n<td style=\"width: 25.1657%; text-align: center;\"><strong>\u0110\u00e8n s\u1ef1 c\u1ed1:<\/strong><\/td>\n<td style=\"width: 36.054%; text-align: center;\">MTL\/NM\/L203 NC<\/td>\n<td style=\"width: 138.377%;\">\n<p style=\"text-align: center;\">MTL\/NM\/L203 NC (Ch\u1ed1ng b\u1ee5i)<\/p>\n<\/td>\n<\/tr>\n<tr>\n<td style=\"width: 25.1657%; text-align: center;\"><strong>C\u00f4ng su\u1ea5t:<\/strong><\/td>\n<td style=\"width: 36.054%; text-align: center;\">2X3W<\/td>\n<td style=\"width: 138.377%; text-align: center;\">2X3W<\/td>\n<\/tr>\n<tr>\n<td style=\"width: 25.1657%; text-align: center;\"><strong>\u0110i\u1ec7n \u00e1p:<\/strong><\/td>\n<td style=\"width: 36.054%; text-align: center;\">220V<\/td>\n<td style=\"width: 138.377%; text-align: center;\">220V<\/td>\n<\/tr>\n<tr>\n<td style=\"width: 25.1657%; text-align: center;\"><strong>Pin:<\/strong><\/td>\n<td style=\"width: 36.054%; text-align: center;\">NiCd<\/td>\n<td style=\"width: 138.377%; text-align: center;\">NiCd<\/td>\n<\/tr>\n<tr>\n<td style=\"width: 25.1657%; text-align: center;\"><strong>IP:<\/strong><\/td>\n<td style=\"width: 36.054%; text-align: center;\">30<\/td>\n<td style=\"width: 138.377%; text-align: center;\">65<\/td>\n<\/tr>\n<tr>\n<td style=\"width: 25.1657%; text-align: center;\"><strong>Th\u1eddi gian l\u01b0u \u0111i\u1ec7n:<\/strong><\/td>\n<td style=\"width: 36.054%; text-align: center;\">3h<\/td>\n<td style=\"width: 138.377%; text-align: center;\">3h<\/td>\n<\/tr>\n<tr>\n<td style=\"width: 25.1657%; text-align: center;\"><strong>Th\u1eddi gian s\u1ea1c:<\/strong><\/td>\n<td style=\"width: 36.054%; text-align: center;\">24h<\/td>\n<td style=\"width: 138.377%; text-align: center;\">24h<\/td>\n<\/tr>\n<tr>\n<td style=\"width: 25.1657%; text-align: center;\"><strong>K\u00edch th\u01b0\u1edbc:<\/strong><\/td>\n<td style=\"width: 36.054%; text-align: center;\">281mm x 314mm x 77mm<\/td>\n<td style=\"width: 138.377%; text-align: center;\">245mm x 340mm x 95mm<\/td>\n<\/tr>\n<tr>\n<td style=\"width: 25.1657%; text-align: center;\"><strong>B\u1ea3o h\u00e0nh:<\/strong><\/td>\n<td style=\"width: 36.054%; text-align: center;\">24 th\u00e1ng<\/td>\n<td style=\"width: 138.377%; text-align: center;\">24 th\u00e1ng<\/td>\n<\/tr>\n<\/tbody>\n<\/table>\n<h2><span style=\"color: #000080;\"><strong>II\/ \u1ee8ng d\u1ee5ng c\u1ee7a \u0111\u00e8n chi\u1ebfu s\u00e1ng s\u1ef1 c\u1ed1 MTL\/NM\/L203 NC 2x3W\u00a0<\/strong><\/span><\/h2>\n<p><span style=\"font-weight: 400;\">\u0110\u00e8n chi\u1ebfu s\u00e1ng s\u1ef1 c\u1ed1 MTL\/NM\/L203 NC 2x3W c\u1ee7a <a href=\"https:\/\/aslighting.com.vn\/vi\/product-category\/maxspid\/\"><span style=\"color: #000098;\"><strong>th\u01b0\u01a1ng hi\u1ec7u Maxspid<\/strong><\/span><\/a> \u0111\u01b0\u1ee3c thi\u1ebft k\u1ebf \u0111\u1eb7c bi\u1ec7t c\u00f3 th\u1ec3 treo t\u01b0\u1eddng ho\u1eb7c \u0111\u1ee9ng th\u1eb3ng n\u00ean c\u00f3 th\u1ec3 d\u00f9ng \u0111\u1ec3 l\u1eafp \u0111\u1eb7t cho nhi\u1ec1u v\u1ecb tr\u00ed kh\u00e1c nhau h\u1ed7 tr\u1ee3 chi\u1ebfu s\u00e1ng cho c\u00e1c c\u00f4ng tr\u00ecnh (d\u00e2n d\u1ee5ng, c\u00f4ng nghi\u1ec7p, b\u1ec7nh vi\u1ec7n) trong c\u00e1c tr\u01b0\u1eddng h\u1ee3p c\u00f3 s\u1ef1 c\u1ed1 ngo\u00e0i mong mu\u1ed1n.\u00a0<\/span><\/p>\n<p><a href=\"https:\/\/aslighting.com.vn\/wp-content\/uploads\/2022\/11\/b0a207c7a1691c99dd36616023bfa198-scaled.jpg\"><img decoding=\"async\" class=\"aligncenter wp-image-4416 lazyload\" data-src=\"https:\/\/aslighting.com.vn\/wp-content\/uploads\/2022\/11\/b0a207c7a1691c99dd36616023bfa198-scaled.jpg\" alt=\"\" width=\"600\" height=\"376\" data-srcset=\"\/wp-content\/uploads\/2022\/11\/b0a207c7a1691c99dd36616023bfa198-scaled.jpg 1000w, \/wp-content\/uploads\/2022\/11\/b0a207c7a1691c99dd36616023bfa198-300x188.jpg 300w, \/wp-content\/uploads\/2022\/11\/b0a207c7a1691c99dd36616023bfa198-1024x642.jpg 1024w, \/wp-content\/uploads\/2022\/11\/b0a207c7a1691c99dd36616023bfa198-768x481.jpg 768w, \/wp-content\/uploads\/2022\/11\/b0a207c7a1691c99dd36616023bfa198-18x12.jpg 18w, \/wp-content\/uploads\/2022\/11\/b0a207c7a1691c99dd36616023bfa198-600x376.jpg 600w\" data-sizes=\"(max-width: 600px) 100vw, 600px\" src=\"data:image\/svg+xml;base64,PHN2ZyB3aWR0aD0iMSIgaGVpZ2h0PSIxIiB4bWxucz0iaHR0cDovL3d3dy53My5vcmcvMjAwMC9zdmciPjwvc3ZnPg==\" style=\"--smush-placeholder-width: 600px; --smush-placeholder-aspect-ratio: 600\/376;\" \/><\/a><\/p>\n<p style=\"text-align: center;\"><a href=\"https:\/\/drive.google.com\/file\/d\/1HafqzZ9hYa7UiTF09UD5zvlFNKgcVqKV\/view?usp=sharing\"><img decoding=\"async\" class=\"alignnone size-medium wp-image-4530 lazyload\" data-src=\"https:\/\/aslighting.com.vn\/wp-content\/uploads\/2022\/11\/button_tai-catalogue-tai-day-1-300x49.png\" alt=\"\" width=\"300\" height=\"49\" data-srcset=\"\/wp-content\/uploads\/2022\/11\/button_tai-catalogue-tai-day-1-300x49.png 300w, \/wp-content\/uploads\/2022\/11\/button_tai-catalogue-tai-day-1-18x3.png 18w, \/wp-content\/uploads\/2022\/11\/button_tai-catalogue-tai-day-1.png 407w\" data-sizes=\"(max-width: 300px) 100vw, 300px\" src=\"data:image\/svg+xml;base64,PHN2ZyB3aWR0aD0iMSIgaGVpZ2h0PSIxIiB4bWxucz0iaHR0cDovL3d3dy53My5vcmcvMjAwMC9zdmciPjwvc3ZnPg==\" style=\"--smush-placeholder-width: 300px; --smush-placeholder-aspect-ratio: 300\/49;\" \/><\/a><\/p>\n","protected":false},"excerpt":{"rendered":"<p><strong>C\u00f4ng su\u1ea5t:<\/strong> 2X3W<\/p>\n<p><b>\u0110i\u1ec7n \u00e1p: <\/b>220V<\/p>\n<p><strong>Pin: <\/strong>NiCd<strong><br \/>\n<\/strong><\/p>\n<p><strong>Th\u1eddi gian l\u01b0u \u0111i\u1ec7n: <\/strong>3h<strong><br \/>\n<\/strong><\/p>\n<p><strong>Th\u1eddi gian s\u1ea1c: <\/strong>24h<\/p>\n<p><strong>K\u00edch th\u01b0\u1edbc: <\/strong>281mm x 314mm x 77mm, 245mm x 340mm x 95mm<\/p>\n<p><strong>C\u00e1ch l\u1eafp \u0111\u1eb7t:<\/strong> G\u1eafn t\u01b0\u1eddng<\/p>\n<p><strong>B\u1ea3o h\u00e0nh:<\/strong> 24 th\u00e1ng<\/p>\n","protected":false},"featured_media":2290,"comment_status":"open","ping_status":"closed","template":"","meta":[],"product_brand":[],"product_cat":[337,313,311],"product_tag":[],"class_list":{"0":"post-2289","1":"product","2":"type-product","3":"status-publish","4":"has-post-thumbnail","6":"product_cat-den-chieu-sang-su-co-mtl-nm-l203-nc-2x3w-maxspid","7":"product_cat-den-sac-khan-cap-maxspid","8":"product_cat-maxspid","10":"first","11":"instock","12":"shipping-taxable","13":"product-type-simple"},"yoast_head":"<!-- This site is optimized with the Yoast SEO Premium plugin v22.0 (Yoast SEO v22.5) - https:\/\/yoast.com\/wordpress\/plugins\/seo\/ -->\n<title>\u0110\u00e8n chi\u1ebfu s\u00e1ng s\u1ef1 c\u1ed1 MTL\/NM\/L203 NC 2x3W Maxspid gi\u00e1 t\u1ed1t<\/title>\n<meta name=\"description\" content=\"\u0110\u00e8n chi\u1ebfu s\u00e1ng s\u1ef1 c\u1ed1 MTL\/NM\/L203 NC 2x3W Maxspid ch\u00ednh h\u00e3ng gi\u00e1 t\u1ed1t nh\u1ea5t \u0111\u01b0\u1ee3c c\u00f4ng ty c\u1ed5 ph\u1ea7n thi\u1ebft b\u1ecb chi\u1ebfu s\u00e1ng \u00c1nh Sao cung c\u1ea5p t\u1edbi kh\u00e1ch h\u00e0ng ho\u00e0n h\u1ea3o\" \/>\n<meta name=\"robots\" content=\"index, follow, max-snippet:-1, max-image-preview:large, max-video-preview:-1\" \/>\n<link rel=\"canonical\" href=\"https:\/\/aslighting.com.vn\/vi\/san-pham\/den-chieu-sang-su-co-mtl-nm-l203-nc-2x3w-maxspid\/\" \/>\n<meta property=\"og:locale\" content=\"vi_VN\" \/>\n<meta property=\"og:type\" content=\"article\" \/>\n<meta property=\"og:title\" content=\"\u0110\u00c8N CHI\u1ebeU S\u00c1NG S\u1ef0 C\u1ed0 MTL\/NM\/L203 NC 2X3W MAXSPID\" \/>\n<meta property=\"og:description\" content=\"\u0110\u00e8n chi\u1ebfu s\u00e1ng s\u1ef1 c\u1ed1 MTL\/NM\/L203 NC 2x3W Maxspid ch\u00ednh h\u00e3ng gi\u00e1 t\u1ed1t nh\u1ea5t \u0111\u01b0\u1ee3c c\u00f4ng ty c\u1ed5 ph\u1ea7n thi\u1ebft b\u1ecb chi\u1ebfu s\u00e1ng \u00c1nh Sao cung c\u1ea5p t\u1edbi kh\u00e1ch h\u00e0ng ho\u00e0n h\u1ea3o\" \/>\n<meta property=\"og:url\" content=\"https:\/\/aslighting.com.vn\/vi\/san-pham\/den-chieu-sang-su-co-mtl-nm-l203-nc-2x3w-maxspid\/\" \/>\n<meta property=\"og:site_name\" content=\"C\u00f4ng Ty C\u1ed5 Ph\u1ea7n Gi\u1ea3i Ph\u00e1p Chi\u1ebfu S\u00e1ng To\u00e0n Di\u1ec7n \u00c1nh Sao\" \/>\n<meta property=\"article:modified_time\" content=\"2023-06-29T06:24:13+00:00\" \/>\n<meta property=\"og:image\" content=\"https:\/\/aslighting.com.vn\/wp-content\/uploads\/2022\/11\/20210824145906_1.png\" \/>\n\t<meta property=\"og:image:width\" content=\"900\" \/>\n\t<meta property=\"og:image:height\" content=\"780\" \/>\n\t<meta property=\"og:image:type\" content=\"image\/png\" \/>\n<meta name=\"twitter:card\" content=\"summary_large_image\" \/>\n<meta name=\"twitter:label1\" content=\"\u01af\u1edbc t\u00ednh th\u1eddi gian \u0111\u1ecdc\" \/>\n\t<meta name=\"twitter:data1\" content=\"4 ph\u00fat\" \/>\n<script type=\"application\/ld+json\" class=\"yoast-schema-graph\">{\"@context\":\"https:\/\/schema.org\",\"@graph\":[{\"@type\":\"WebPage\",\"@id\":\"https:\/\/aslighting.com.vn\/san-pham\/den-chieu-sang-su-co-mtl-nm-l203-nc-2x3w-maxspid\/\",\"url\":\"https:\/\/aslighting.com.vn\/san-pham\/den-chieu-sang-su-co-mtl-nm-l203-nc-2x3w-maxspid\/\",\"name\":\"\u0110\u00e8n chi\u1ebfu s\u00e1ng s\u1ef1 c\u1ed1 MTL\/NM\/L203 NC 2x3W Maxspid gi\u00e1 t\u1ed1t\",\"isPartOf\":{\"@id\":\"https:\/\/aslighting.com.vn\/#website\"},\"primaryImageOfPage\":{\"@id\":\"https:\/\/aslighting.com.vn\/san-pham\/den-chieu-sang-su-co-mtl-nm-l203-nc-2x3w-maxspid\/#primaryimage\"},\"image\":{\"@id\":\"https:\/\/aslighting.com.vn\/san-pham\/den-chieu-sang-su-co-mtl-nm-l203-nc-2x3w-maxspid\/#primaryimage\"},\"thumbnailUrl\":\"\/wp-content\/uploads\/2022\/11\/20210824145906_1.png\",\"datePublished\":\"2022-11-30T01:35:42+00:00\",\"dateModified\":\"2023-06-29T06:24:13+00:00\",\"description\":\"\u0110\u00e8n chi\u1ebfu s\u00e1ng s\u1ef1 c\u1ed1 MTL\/NM\/L203 NC 2x3W Maxspid ch\u00ednh h\u00e3ng gi\u00e1 t\u1ed1t nh\u1ea5t \u0111\u01b0\u1ee3c c\u00f4ng ty c\u1ed5 ph\u1ea7n thi\u1ebft b\u1ecb chi\u1ebfu s\u00e1ng \u00c1nh Sao cung c\u1ea5p t\u1edbi kh\u00e1ch h\u00e0ng ho\u00e0n h\u1ea3o\",\"breadcrumb\":{\"@id\":\"https:\/\/aslighting.com.vn\/san-pham\/den-chieu-sang-su-co-mtl-nm-l203-nc-2x3w-maxspid\/#breadcrumb\"},\"inLanguage\":\"vi\",\"potentialAction\":[{\"@type\":\"ReadAction\",\"target\":[\"https:\/\/aslighting.com.vn\/san-pham\/den-chieu-sang-su-co-mtl-nm-l203-nc-2x3w-maxspid\/\"]}]},{\"@type\":\"ImageObject\",\"inLanguage\":\"vi\",\"@id\":\"https:\/\/aslighting.com.vn\/san-pham\/den-chieu-sang-su-co-mtl-nm-l203-nc-2x3w-maxspid\/#primaryimage\",\"url\":\"\/wp-content\/uploads\/2022\/11\/20210824145906_1.png\",\"contentUrl\":\"\/wp-content\/uploads\/2022\/11\/20210824145906_1.png\",\"width\":900,\"height\":780},{\"@type\":\"BreadcrumbList\",\"@id\":\"https:\/\/aslighting.com.vn\/san-pham\/den-chieu-sang-su-co-mtl-nm-l203-nc-2x3w-maxspid\/#breadcrumb\",\"itemListElement\":[{\"@type\":\"ListItem\",\"position\":1,\"name\":\"Trang ch\u1ee7\",\"item\":\"https:\/\/aslighting.com.vn\/vi\/\"},{\"@type\":\"ListItem\",\"position\":2,\"name\":\"S\u1ea3n ph\u1ea9m\",\"item\":\"https:\/\/aslighting.com.vn\/en\/san-pham\/\"},{\"@type\":\"ListItem\",\"position\":3,\"name\":\"\u0110\u00c8N CHI\u1ebeU S\u00c1NG S\u1ef0 C\u1ed0 MTL\/NM\/L203 NC 2X3W MAXSPID\"}]},{\"@type\":\"WebSite\",\"@id\":\"https:\/\/aslighting.com.vn\/#website\",\"url\":\"https:\/\/aslighting.com.vn\/\",\"name\":\"C\u00f4ng Ty C\u1ed5 Ph\u1ea7n Gi\u1ea3i Ph\u00e1p Chi\u1ebfu S\u00e1ng To\u00e0n Di\u1ec7n \u00c1nh Sao\",\"description\":\"\",\"publisher\":{\"@id\":\"https:\/\/aslighting.com.vn\/#organization\"},\"potentialAction\":[{\"@type\":\"SearchAction\",\"target\":{\"@type\":\"EntryPoint\",\"urlTemplate\":\"https:\/\/aslighting.com.vn\/?s={search_term_string}\"},\"query-input\":\"required name=search_term_string\"}],\"inLanguage\":\"vi\"},{\"@type\":\"Organization\",\"@id\":\"https:\/\/aslighting.com.vn\/#organization\",\"name\":\"C\u00f4ng Ty C\u1ed5 Ph\u1ea7n Gi\u1ea3i Ph\u00e1p Chi\u1ebfu S\u00e1ng To\u00e0n Di\u1ec7n \u00c1nh Sao\",\"url\":\"https:\/\/aslighting.com.vn\/\",\"logo\":{\"@type\":\"ImageObject\",\"inLanguage\":\"vi\",\"@id\":\"https:\/\/aslighting.com.vn\/#\/schema\/logo\/image\/\",\"url\":\"\/wp-content\/uploads\/2022\/10\/logo-ANHSAO.png\",\"contentUrl\":\"\/wp-content\/uploads\/2022\/10\/logo-ANHSAO.png\",\"width\":1091,\"height\":360,\"caption\":\"C\u00f4ng Ty C\u1ed5 Ph\u1ea7n Gi\u1ea3i Ph\u00e1p Chi\u1ebfu S\u00e1ng To\u00e0n Di\u1ec7n \u00c1nh Sao\"},\"image\":{\"@id\":\"https:\/\/aslighting.com.vn\/#\/schema\/logo\/image\/\"}}]}<\/script>\n<!-- \/ Yoast SEO Premium plugin. -->","yoast_head_json":{"title":"\u0110\u00e8n chi\u1ebfu s\u00e1ng s\u1ef1 c\u1ed1 MTL\/NM\/L203 NC 2x3W Maxspid gi\u00e1 t\u1ed1t","description":"\u0110\u00e8n chi\u1ebfu s\u00e1ng s\u1ef1 c\u1ed1 MTL\/NM\/L203 NC 2x3W Maxspid ch\u00ednh h\u00e3ng gi\u00e1 t\u1ed1t nh\u1ea5t \u0111\u01b0\u1ee3c c\u00f4ng ty c\u1ed5 ph\u1ea7n thi\u1ebft b\u1ecb chi\u1ebfu s\u00e1ng \u00c1nh Sao cung c\u1ea5p t\u1edbi kh\u00e1ch h\u00e0ng ho\u00e0n h\u1ea3o","robots":{"index":"index","follow":"follow","max-snippet":"max-snippet:-1","max-image-preview":"max-image-preview:large","max-video-preview":"max-video-preview:-1"},"canonical":"https:\/\/aslighting.com.vn\/vi\/san-pham\/den-chieu-sang-su-co-mtl-nm-l203-nc-2x3w-maxspid\/","og_locale":"vi_VN","og_type":"article","og_title":"\u0110\u00c8N CHI\u1ebeU S\u00c1NG S\u1ef0 C\u1ed0 MTL\/NM\/L203 NC 2X3W MAXSPID","og_description":"\u0110\u00e8n chi\u1ebfu s\u00e1ng s\u1ef1 c\u1ed1 MTL\/NM\/L203 NC 2x3W Maxspid ch\u00ednh h\u00e3ng gi\u00e1 t\u1ed1t nh\u1ea5t \u0111\u01b0\u1ee3c c\u00f4ng ty c\u1ed5 ph\u1ea7n thi\u1ebft b\u1ecb chi\u1ebfu s\u00e1ng \u00c1nh Sao cung c\u1ea5p t\u1edbi kh\u00e1ch h\u00e0ng ho\u00e0n h\u1ea3o","og_url":"https:\/\/aslighting.com.vn\/vi\/san-pham\/den-chieu-sang-su-co-mtl-nm-l203-nc-2x3w-maxspid\/","og_site_name":"C\u00f4ng Ty C\u1ed5 Ph\u1ea7n Gi\u1ea3i Ph\u00e1p Chi\u1ebfu S\u00e1ng To\u00e0n Di\u1ec7n \u00c1nh Sao","article_modified_time":"2023-06-29T06:24:13+00:00","og_image":[{"width":900,"height":780,"url":"https:\/\/aslighting.com.vn\/wp-content\/uploads\/2022\/11\/20210824145906_1.png","type":"image\/png"}],"twitter_card":"summary_large_image","twitter_misc":{"\u01af\u1edbc t\u00ednh th\u1eddi gian \u0111\u1ecdc":"4 ph\u00fat"},"schema":{"@context":"https:\/\/schema.org","@graph":[{"@type":"WebPage","@id":"https:\/\/aslighting.com.vn\/san-pham\/den-chieu-sang-su-co-mtl-nm-l203-nc-2x3w-maxspid\/","url":"https:\/\/aslighting.com.vn\/san-pham\/den-chieu-sang-su-co-mtl-nm-l203-nc-2x3w-maxspid\/","name":"\u0110\u00e8n chi\u1ebfu s\u00e1ng s\u1ef1 c\u1ed1 MTL\/NM\/L203 NC 2x3W Maxspid gi\u00e1 t\u1ed1t","isPartOf":{"@id":"https:\/\/aslighting.com.vn\/#website"},"primaryImageOfPage":{"@id":"https:\/\/aslighting.com.vn\/san-pham\/den-chieu-sang-su-co-mtl-nm-l203-nc-2x3w-maxspid\/#primaryimage"},"image":{"@id":"https:\/\/aslighting.com.vn\/san-pham\/den-chieu-sang-su-co-mtl-nm-l203-nc-2x3w-maxspid\/#primaryimage"},"thumbnailUrl":"\/wp-content\/uploads\/2022\/11\/20210824145906_1.png","datePublished":"2022-11-30T01:35:42+00:00","dateModified":"2023-06-29T06:24:13+00:00","description":"\u0110\u00e8n chi\u1ebfu s\u00e1ng s\u1ef1 c\u1ed1 MTL\/NM\/L203 NC 2x3W Maxspid ch\u00ednh h\u00e3ng gi\u00e1 t\u1ed1t nh\u1ea5t \u0111\u01b0\u1ee3c c\u00f4ng ty c\u1ed5 ph\u1ea7n thi\u1ebft b\u1ecb chi\u1ebfu s\u00e1ng \u00c1nh Sao cung c\u1ea5p t\u1edbi kh\u00e1ch h\u00e0ng ho\u00e0n h\u1ea3o","breadcrumb":{"@id":"https:\/\/aslighting.com.vn\/san-pham\/den-chieu-sang-su-co-mtl-nm-l203-nc-2x3w-maxspid\/#breadcrumb"},"inLanguage":"vi","potentialAction":[{"@type":"ReadAction","target":["https:\/\/aslighting.com.vn\/san-pham\/den-chieu-sang-su-co-mtl-nm-l203-nc-2x3w-maxspid\/"]}]},{"@type":"ImageObject","inLanguage":"vi","@id":"https:\/\/aslighting.com.vn\/san-pham\/den-chieu-sang-su-co-mtl-nm-l203-nc-2x3w-maxspid\/#primaryimage","url":"\/wp-content\/uploads\/2022\/11\/20210824145906_1.png","contentUrl":"\/wp-content\/uploads\/2022\/11\/20210824145906_1.png","width":900,"height":780},{"@type":"BreadcrumbList","@id":"https:\/\/aslighting.com.vn\/san-pham\/den-chieu-sang-su-co-mtl-nm-l203-nc-2x3w-maxspid\/#breadcrumb","itemListElement":[{"@type":"ListItem","position":1,"name":"Trang ch\u1ee7","item":"https:\/\/aslighting.com.vn\/vi\/"},{"@type":"ListItem","position":2,"name":"S\u1ea3n ph\u1ea9m","item":"https:\/\/aslighting.com.vn\/en\/san-pham\/"},{"@type":"ListItem","position":3,"name":"\u0110\u00c8N CHI\u1ebeU S\u00c1NG S\u1ef0 C\u1ed0 MTL\/NM\/L203 NC 2X3W MAXSPID"}]},{"@type":"WebSite","@id":"https:\/\/aslighting.com.vn\/#website","url":"https:\/\/aslighting.com.vn\/","name":"C\u00f4ng Ty C\u1ed5 Ph\u1ea7n Gi\u1ea3i Ph\u00e1p Chi\u1ebfu S\u00e1ng To\u00e0n Di\u1ec7n \u00c1nh Sao","description":"","publisher":{"@id":"https:\/\/aslighting.com.vn\/#organization"},"potentialAction":[{"@type":"SearchAction","target":{"@type":"EntryPoint","urlTemplate":"https:\/\/aslighting.com.vn\/?s={search_term_string}"},"query-input":"required name=search_term_string"}],"inLanguage":"vi"},{"@type":"Organization","@id":"https:\/\/aslighting.com.vn\/#organization","name":"C\u00f4ng Ty C\u1ed5 Ph\u1ea7n Gi\u1ea3i Ph\u00e1p Chi\u1ebfu S\u00e1ng To\u00e0n Di\u1ec7n \u00c1nh Sao","url":"https:\/\/aslighting.com.vn\/","logo":{"@type":"ImageObject","inLanguage":"vi","@id":"https:\/\/aslighting.com.vn\/#\/schema\/logo\/image\/","url":"\/wp-content\/uploads\/2022\/10\/logo-ANHSAO.png","contentUrl":"\/wp-content\/uploads\/2022\/10\/logo-ANHSAO.png","width":1091,"height":360,"caption":"C\u00f4ng Ty C\u1ed5 Ph\u1ea7n Gi\u1ea3i Ph\u00e1p Chi\u1ebfu S\u00e1ng To\u00e0n Di\u1ec7n \u00c1nh Sao"},"image":{"@id":"https:\/\/aslighting.com.vn\/#\/schema\/logo\/image\/"}}]}},"_links":{"self":[{"href":"https:\/\/aslighting.com.vn\/vi\/wp-json\/wp\/v2\/product\/2289","targetHints":{"allow":["GET"]}}],"collection":[{"href":"https:\/\/aslighting.com.vn\/vi\/wp-json\/wp\/v2\/product"}],"about":[{"href":"https:\/\/aslighting.com.vn\/vi\/wp-json\/wp\/v2\/types\/product"}],"replies":[{"embeddable":true,"href":"https:\/\/aslighting.com.vn\/vi\/wp-json\/wp\/v2\/comments?post=2289"}],"wp:featuredmedia":[{"embeddable":true,"href":"https:\/\/aslighting.com.vn\/vi\/wp-json\/wp\/v2\/media\/2290"}],"wp:attachment":[{"href":"https:\/\/aslighting.com.vn\/vi\/wp-json\/wp\/v2\/media?parent=2289"}],"wp:term":[{"taxonomy":"product_brand","embeddable":true,"href":"https:\/\/aslighting.com.vn\/vi\/wp-json\/wp\/v2\/product_brand?post=2289"},{"taxonomy":"product_cat","embeddable":true,"href":"https:\/\/aslighting.com.vn\/vi\/wp-json\/wp\/v2\/product_cat?post=2289"},{"taxonomy":"product_tag","embeddable":true,"href":"https:\/\/aslighting.com.vn\/vi\/wp-json\/wp\/v2\/product_tag?post=2289"}],"curies":[{"name":"wp","href":"https:\/\/api.w.org\/{rel}","templated":true}]}}