{"id":2352,"date":"2022-11-30T11:04:17","date_gmt":"2022-11-30T04:04:17","guid":{"rendered":"https:\/\/aslighting.com.vn\/?post_type=product&#038;p=2352"},"modified":"2023-05-31T10:14:06","modified_gmt":"2023-05-31T03:14:06","slug":"mang-den-batten","status":"publish","type":"product","link":"https:\/\/aslighting.com.vn\/vi\/san-pham\/mang-den-batten\/","title":{"rendered":"M\u00c1NG \u0110\u00c8N BATTEN"},"content":{"rendered":"<p><span style=\"font-weight: 400;\">D\u00f2ng s\u1ea3n ph\u1ea9m m\u00e1ng \u0111\u00e8n <strong>Batten<\/strong> c\u1ee7a AS FLAS \u0111\u01b0\u1ee3c bi\u1ebft \u0111\u1ebfn l\u00e0 d\u00f2ng s\u1ea3n ph\u1ea9m m\u00e1ng th\u00f4ng d\u1ee5ng, \u0111\u01b0\u1ee3c d\u00f9ng kh\u00e1 ph\u1ed5 bi\u1ebfn v\u1edbi chi ph\u00ed h\u1ee3p l\u00fd. H\u00e3y c\u00f9ng t\u00ecm hi\u1ec3u chi ti\u1ebft d\u00f2ng s\u1ea3n ph\u1ea9m n\u00e0y nh\u00e9.<\/span><\/p>\n<p><a href=\"https:\/\/aslighting.com.vn\/wp-content\/uploads\/2022\/11\/v-shape-41.png\"><img fetchpriority=\"high\" decoding=\"async\" class=\"aligncenter wp-image-4785\" src=\"https:\/\/aslighting.com.vn\/wp-content\/uploads\/2022\/11\/v-shape-41.png\" alt=\"\" width=\"500\" height=\"500\" srcset=\"\/wp-content\/uploads\/2022\/11\/v-shape-41.png 900w, \/wp-content\/uploads\/2022\/11\/v-shape-41-300x300.png 300w, \/wp-content\/uploads\/2022\/11\/v-shape-41-150x150.png 150w, \/wp-content\/uploads\/2022\/11\/v-shape-41-768x768.png 768w, \/wp-content\/uploads\/2022\/11\/v-shape-41-12x12.png 12w, \/wp-content\/uploads\/2022\/11\/v-shape-41-600x600.png 600w, \/wp-content\/uploads\/2022\/11\/v-shape-41-100x100.png 100w\" sizes=\"(max-width: 500px) 100vw, 500px\" \/><\/a><\/p>\n<p style=\"text-align: center;\"><span style=\"font-size: 10pt;\"><em>M\u00e1ng \u0111\u00e8n Batten \u0111\u01b0\u1ee3c s\u1ea3n xu\u1ea5t b\u1edfi \u00c1nh Sao<\/em><\/span><\/p>\n<h2><span style=\"color: #000080;\"><strong>I\/ \u0110\u1eb7c \u0111i\u1ec3m c\u1ee7a m\u00e1ng \u0111\u00e8n Batten<\/strong><\/span><\/h2>\n<h3><span style=\"color: #ff6600;\"><strong>1. Thi\u1ebft k\u1ebf<\/strong><\/span><\/h3>\n<ul>\n<li><span style=\"font-weight: 400;\">\u0110\u00e8n \u0111\u01b0\u1ee3c thi\u1ebft k\u1ebf nh\u1ecf g\u1ecdn, mang t\u00ednh th\u1ea9m m\u1ef9 cho kh\u00f4ng gian chi\u1ebfu s\u00e1ng.\u00a0<\/span><\/li>\n<li><span style=\"font-weight: 400;\">Th\u00e2n m\u00e1ng c\u1ee7a \u0111\u00e8n \u0111\u01b0\u1ee3c l\u00e0m b\u1eb1ng th\u00e9p ph\u1ee7 s\u01a1n t\u0129nh \u0111i\u1ec7n 0.5mm \u0111\u1ea3m b\u1ea3o an to\u00e0n t\u1ed1i \u0111a trong qu\u00e1 tr\u00ecnh s\u1eed d\u1ee5ng.<\/span><\/li>\n<li><span style=\"font-weight: 400;\">Ch\u00e2n \u0111\u00e8n (\u0111ui \u0111\u00e8n) \u0111\u01b0\u1ee3c thi\u1ebft k\u1ebf b\u1eb1ng ch\u1ea5t li\u1ec7u Polycarbonate ch\u1ea5t l\u01b0\u1ee3ng cao. \u0110ui \u0111\u00e8n b\u1eb1ng nh\u1ef1a ch\u1ecbu nhi\u1ec7t ch\u1ed1ng ch\u00e1y, thi\u1ebft k\u1ebf d\u1ea1ng xoay, gi\u00fap b\u00f3ng \u0111\u00e8n ch\u1eafc ch\u1eafn v\u00e0 ti\u1ebfp x\u00fac t\u1ed1t.<\/span><\/li>\n<li><span style=\"font-weight: 400;\">M\u00e1ng \u0111\u00e8n Batten \u0111\u01b0\u1ee3c thi\u1ebft k\u1ebf tinh t\u1ebf v\u1edbi m\u00e0u tr\u1eafng ch\u1ee7 \u0111\u1ea1o mang \u0111\u1ebfn s\u1ef1 t\u01b0\u01a1i m\u00e1t cho gia ch\u1ee7.<\/span><\/li>\n<\/ul>\n<h3><span style=\"color: #ff6600;\"><strong>2. \u01afu \u0111i\u1ec3m n\u1ed5i b\u1eadt<\/strong><\/span><\/h3>\n<ul>\n<li><span style=\"font-weight: 400;\">M\u00e1ng \u0111\u00e8n Batten \u0111\u01b0\u1ee3c t\u00edch h\u1ee3p v\u1edbi nhi\u1ec1u \u01b0u \u0111i\u1ec3m n\u1ed5i b\u1eadt, c\u00f3 th\u1ec3 l\u1eafp v\u1edbi b\u00f3ng hu\u1ef3nh quang hay b\u00f3ng Led T8 \u0111\u1ec1u \u0111\u01b0\u1ee3c.\u00a0<\/span><\/li>\n<li><span style=\"font-weight: 400;\">S\u1ea3n ph\u1ea9m \u0111\u1ea1t ti\u00eau chu\u1ea9n c\u1ea5p \u0111\u1ed9 IP20 v\u1ec1 t\u00ednh d\u1ebbo v\u00e0 ch\u1ecbu \u0111\u01b0\u1ee3c v\u1eadt r\u1eafn va ch\u1ea1m.<\/span><\/li>\n<li><span style=\"font-weight: 400;\">B\u1ed9 ch\u00f3a c\u1ee7a m\u00e1ng Batten l\u00e0m b\u1eb1ng nh\u00f4m ph\u1ea3n quang r\u1ea5t \u0111\u1ed9c \u0111\u00e1o. N\u00f3 kh\u00f4ng ch\u1ec9 t\u0103ng hi\u1ec7u qu\u1ea3 chi\u1ebfu s\u00e1ng m\u00e0 c\u00f2n mang \u0111\u1ebfn m\u1ed9t d\u00e1ng v\u1ebb r\u1ea5t m\u1edbi m\u1ebb cho \u0111\u00e8n.<\/span><\/li>\n<\/ul>\n<h3><span style=\"color: #ff6600;\"><strong>3. Th\u00f4ng s\u1ed1 k\u1ef9 thu\u1eadt<\/strong><\/span><\/h3>\n<table style=\"width: 98.3816%; height: 120px;\" width=\"650\">\n<tbody>\n<tr style=\"height: 24px;\">\n<td style=\"width: 20.711%; text-align: center; height: 24px;\"><strong>M\u00e1ng<\/strong><\/td>\n<td style=\"width: 25.6569%; text-align: center; height: 24px;\">ASBATTEN 1x4FT<\/td>\n<td style=\"width: 25.6569%; text-align: center; height: 24px;\">ASBATTEN 2x4FT<\/td>\n<\/tr>\n<tr style=\"height: 24px;\">\n<td style=\"width: 20.711%; text-align: center; height: 24px;\"><strong>\u0110i\u1ec7n \u00e1p:<\/strong><\/td>\n<td style=\"width: 25.6569%; text-align: center; height: 24px;\">220V<\/td>\n<td style=\"width: 25.6569%; text-align: center; height: 24px;\">220V<\/td>\n<\/tr>\n<tr style=\"height: 24px;\">\n<td style=\"width: 20.711%; text-align: center; height: 24px;\"><strong>K\u00edch th\u01b0\u1edbc:<\/strong><\/td>\n<td style=\"width: 25.6569%; text-align: center; height: 24px;\">1200mm<\/td>\n<td style=\"width: 25.6569%; text-align: center; height: 24px;\">1200mm<\/td>\n<\/tr>\n<tr style=\"height: 24px;\">\n<td style=\"width: 20.711%; text-align: center; height: 24px;\"><strong>Ch\u1ea5t li\u1ec7u<\/strong><\/td>\n<td style=\"width: 25.6569%; text-align: center; height: 24px;\">Th\u00e9p s\u01a1n t\u0129nh \u0111i\u1ec7n d\u00e0y 0.5mm<\/td>\n<td style=\"width: 25.6569%; text-align: center; height: 24px;\">Th\u00e9p s\u01a1n t\u0129nh \u0111i\u1ec7n d\u00e0y 0.5mm<\/td>\n<\/tr>\n<tr style=\"height: 24px;\">\n<td style=\"width: 20.711%; text-align: center; height: 24px;\"><strong>S\u1ed1 b\u00f3ng \u0111\u00e8n:<\/strong><\/td>\n<td style=\"width: 25.6569%; text-align: center; height: 24px;\">1&#215;1.2m<\/td>\n<td style=\"width: 25.6569%; text-align: center; height: 24px;\">2&#215;1.2m<\/td>\n<\/tr>\n<\/tbody>\n<\/table>\n<h2><span style=\"color: #000080;\"><strong>II\/ \u1ee8ng d\u1ee5ng c\u1ee7a m\u00e1ng \u0111\u00e8n Batten<\/strong><\/span><\/h2>\n<p><span style=\"font-weight: 400;\">M\u00e1ng \u0111\u00e8n Batten c\u1ee7a AS FLAS \u0111\u01b0\u1ee3c \u1ee9ng d\u1ee5ng cho nhi\u1ec1u kh\u00f4ng gian chi\u1ebfu s\u00e1ng kh\u00e1c nhau:\u00a0<\/span><\/p>\n<ul>\n<li style=\"font-weight: 400;\" aria-level=\"1\"><span style=\"font-weight: 400;\">Chi\u1ebfu s\u00e1ng chung, trong nh\u00e0 .<\/span><\/li>\n<li style=\"font-weight: 400;\" aria-level=\"1\"><span style=\"font-weight: 400;\">B\u00e3i \u0111\u1ed7 xe trong nh\u00e0, c\u00f4ng nghi\u1ec7p, c\u1eeda h\u00e0ng, v\u0103n ph\u00f2ng, tr\u01b0\u1eddng h\u1ecdc .<\/span><\/li>\n<li style=\"font-weight: 400;\" aria-level=\"1\"><span style=\"font-weight: 400;\">Chi\u1ebfu s\u00e1ng tuy\u1ebfn t\u00ednh \u1edf kho\u1ea3ng c\u00e1ch xa.<\/span><\/li>\n<\/ul>\n<p><a href=\"https:\/\/aslighting.com.vn\/wp-content\/uploads\/2022\/11\/thiet-ke-bai-do-xe-oto-thong-dung-scaled.jpg\"><img decoding=\"async\" class=\"aligncenter wp-image-4786 lazyload\" data-src=\"https:\/\/aslighting.com.vn\/wp-content\/uploads\/2022\/11\/thiet-ke-bai-do-xe-oto-thong-dung-scaled.jpg\" alt=\"\" width=\"600\" height=\"305\" data-srcset=\"\/wp-content\/uploads\/2022\/11\/thiet-ke-bai-do-xe-oto-thong-dung-scaled.jpg 1000w, \/wp-content\/uploads\/2022\/11\/thiet-ke-bai-do-xe-oto-thong-dung-300x153.jpg 300w, \/wp-content\/uploads\/2022\/11\/thiet-ke-bai-do-xe-oto-thong-dung-1024x521.jpg 1024w, \/wp-content\/uploads\/2022\/11\/thiet-ke-bai-do-xe-oto-thong-dung-768x391.jpg 768w, \/wp-content\/uploads\/2022\/11\/thiet-ke-bai-do-xe-oto-thong-dung-18x9.jpg 18w, \/wp-content\/uploads\/2022\/11\/thiet-ke-bai-do-xe-oto-thong-dung-600x305.jpg 600w\" data-sizes=\"(max-width: 600px) 100vw, 600px\" src=\"data:image\/svg+xml;base64,PHN2ZyB3aWR0aD0iMSIgaGVpZ2h0PSIxIiB4bWxucz0iaHR0cDovL3d3dy53My5vcmcvMjAwMC9zdmciPjwvc3ZnPg==\" style=\"--smush-placeholder-width: 600px; --smush-placeholder-aspect-ratio: 600\/305;\" \/><\/a><\/p>\n<p style=\"text-align: center;\"><a href=\"https:\/\/drive.google.com\/file\/d\/1uYfhbarHmhL-yRdAif_ce0pxKBvX-SXK\/view?usp=sharing\"><img decoding=\"async\" class=\"alignnone size-medium wp-image-4783 lazyload\" data-src=\"https:\/\/aslighting.com.vn\/wp-content\/uploads\/2022\/11\/button_tai-catalogue-tai-day-2-300x49.png\" alt=\"\" width=\"300\" height=\"49\" data-srcset=\"\/wp-content\/uploads\/2022\/11\/button_tai-catalogue-tai-day-2-300x49.png 300w, \/wp-content\/uploads\/2022\/11\/button_tai-catalogue-tai-day-2-18x3.png 18w, \/wp-content\/uploads\/2022\/11\/button_tai-catalogue-tai-day-2.png 407w\" data-sizes=\"(max-width: 300px) 100vw, 300px\" src=\"data:image\/svg+xml;base64,PHN2ZyB3aWR0aD0iMSIgaGVpZ2h0PSIxIiB4bWxucz0iaHR0cDovL3d3dy53My5vcmcvMjAwMC9zdmciPjwvc3ZnPg==\" style=\"--smush-placeholder-width: 300px; --smush-placeholder-aspect-ratio: 300\/49;\" \/><\/a><\/p>\n<p>&nbsp;<\/p>\n","protected":false},"excerpt":{"rendered":"<p><strong>M\u00f4 t\u1ea3: <\/strong>M\u00e1ng \u0111\u00e8n ki\u1ec3u batten, s\u01a1n t\u0129nh \u0111i\u1ec7n, kh\u00f4ng bao g\u1ed3m b\u00f3ng<\/p>\n<p><b>\u0110i\u1ec7n \u00e1p: <\/b>220V<\/p>\n<p><strong>IP:<\/strong> 20<\/p>\n<p><strong>K\u00edch th\u01b0\u1edbc:<\/strong> 600mm, 1200mm<\/p>\n<p><strong>\u0110ui:<\/strong> T8 (G13)<\/p>\n<p><strong>S\u1ed1 b\u00f3ng:<\/strong> 1 &#8211; 2 b\u00f3ng<\/p>\n<p>&nbsp;<\/p>\n","protected":false},"featured_media":3614,"comment_status":"open","ping_status":"closed","template":"","meta":[],"product_brand":[],"product_cat":[381,377],"product_tag":[376],"class_list":{"0":"post-2352","1":"product","2":"type-product","3":"status-publish","4":"has-post-thumbnail","6":"product_cat-batten","7":"product_cat-mang-den-as","8":"product_tag-mang-den","10":"first","11":"instock","12":"shipping-taxable","13":"product-type-simple"},"yoast_head":"<!-- This site is optimized with the Yoast SEO Premium plugin v22.0 (Yoast SEO v22.5) - https:\/\/yoast.com\/wordpress\/plugins\/seo\/ -->\n<title>M\u00e1ng \u0111\u00e8n Batten \u00c1nh Sao ch\u00ednh h\u00e3ng gi\u00e1 t\u1ed1t<\/title>\n<meta name=\"description\" content=\"M\u00e1ng \u0111\u00e8n Batten \u0111\u01b0\u1ee3c c\u00f4ng ty c\u1ed5 ph\u1ea7n thi\u1ebft b\u1ecb chi\u1ebfu s\u00e1ng \u00c1nh Sao cung c\u1ea5p t\u1edbi kh\u00e1ch h\u00e0ng: thi\u1ebft k\u1ebf, \u01b0u \u0111i\u1ec3m, th\u00f4ng s\u1ed1 k\u1ef9 thu\u1eadt...\" \/>\n<meta name=\"robots\" content=\"index, follow, max-snippet:-1, max-image-preview:large, max-video-preview:-1\" \/>\n<link rel=\"canonical\" href=\"https:\/\/aslighting.com.vn\/vi\/san-pham\/mang-den-batten\/\" \/>\n<meta property=\"og:locale\" content=\"vi_VN\" \/>\n<meta property=\"og:type\" content=\"article\" \/>\n<meta property=\"og:title\" content=\"M\u00c1NG \u0110\u00c8N BATTEN\" \/>\n<meta property=\"og:description\" content=\"M\u00e1ng \u0111\u00e8n Batten \u0111\u01b0\u1ee3c c\u00f4ng ty c\u1ed5 ph\u1ea7n thi\u1ebft b\u1ecb chi\u1ebfu s\u00e1ng \u00c1nh Sao cung c\u1ea5p t\u1edbi kh\u00e1ch h\u00e0ng: thi\u1ebft k\u1ebf, \u01b0u \u0111i\u1ec3m, th\u00f4ng s\u1ed1 k\u1ef9 thu\u1eadt...\" \/>\n<meta property=\"og:url\" content=\"https:\/\/aslighting.com.vn\/vi\/san-pham\/mang-den-batten\/\" \/>\n<meta property=\"og:site_name\" content=\"C\u00f4ng Ty C\u1ed5 Ph\u1ea7n Gi\u1ea3i Ph\u00e1p Chi\u1ebfu S\u00e1ng To\u00e0n Di\u1ec7n \u00c1nh Sao\" \/>\n<meta property=\"article:modified_time\" content=\"2023-05-31T03:14:06+00:00\" \/>\n<meta property=\"og:image\" content=\"https:\/\/aslighting.com.vn\/wp-content\/uploads\/2022\/11\/v-shape-401-1.png\" \/>\n\t<meta property=\"og:image:width\" content=\"900\" \/>\n\t<meta property=\"og:image:height\" content=\"780\" \/>\n\t<meta property=\"og:image:type\" content=\"image\/png\" \/>\n<meta name=\"twitter:card\" content=\"summary_large_image\" \/>\n<meta name=\"twitter:label1\" content=\"\u01af\u1edbc t\u00ednh th\u1eddi gian \u0111\u1ecdc\" \/>\n\t<meta name=\"twitter:data1\" content=\"3 ph\u00fat\" \/>\n<script type=\"application\/ld+json\" class=\"yoast-schema-graph\">{\"@context\":\"https:\/\/schema.org\",\"@graph\":[{\"@type\":\"WebPage\",\"@id\":\"https:\/\/aslighting.com.vn\/san-pham\/mang-den-batten\/\",\"url\":\"https:\/\/aslighting.com.vn\/san-pham\/mang-den-batten\/\",\"name\":\"M\u00e1ng \u0111\u00e8n Batten \u00c1nh Sao ch\u00ednh h\u00e3ng gi\u00e1 t\u1ed1t\",\"isPartOf\":{\"@id\":\"https:\/\/aslighting.com.vn\/#website\"},\"primaryImageOfPage\":{\"@id\":\"https:\/\/aslighting.com.vn\/san-pham\/mang-den-batten\/#primaryimage\"},\"image\":{\"@id\":\"https:\/\/aslighting.com.vn\/san-pham\/mang-den-batten\/#primaryimage\"},\"thumbnailUrl\":\"\/wp-content\/uploads\/2022\/11\/v-shape-401-1.png\",\"datePublished\":\"2022-11-30T04:04:17+00:00\",\"dateModified\":\"2023-05-31T03:14:06+00:00\",\"description\":\"M\u00e1ng \u0111\u00e8n Batten \u0111\u01b0\u1ee3c c\u00f4ng ty c\u1ed5 ph\u1ea7n thi\u1ebft b\u1ecb chi\u1ebfu s\u00e1ng \u00c1nh Sao cung c\u1ea5p t\u1edbi kh\u00e1ch h\u00e0ng: thi\u1ebft k\u1ebf, \u01b0u \u0111i\u1ec3m, th\u00f4ng s\u1ed1 k\u1ef9 thu\u1eadt...\",\"breadcrumb\":{\"@id\":\"https:\/\/aslighting.com.vn\/san-pham\/mang-den-batten\/#breadcrumb\"},\"inLanguage\":\"vi\",\"potentialAction\":[{\"@type\":\"ReadAction\",\"target\":[\"https:\/\/aslighting.com.vn\/san-pham\/mang-den-batten\/\"]}]},{\"@type\":\"ImageObject\",\"inLanguage\":\"vi\",\"@id\":\"https:\/\/aslighting.com.vn\/san-pham\/mang-den-batten\/#primaryimage\",\"url\":\"\/wp-content\/uploads\/2022\/11\/v-shape-401-1.png\",\"contentUrl\":\"\/wp-content\/uploads\/2022\/11\/v-shape-401-1.png\",\"width\":900,\"height\":780},{\"@type\":\"BreadcrumbList\",\"@id\":\"https:\/\/aslighting.com.vn\/san-pham\/mang-den-batten\/#breadcrumb\",\"itemListElement\":[{\"@type\":\"ListItem\",\"position\":1,\"name\":\"Trang ch\u1ee7\",\"item\":\"https:\/\/aslighting.com.vn\/vi\/\"},{\"@type\":\"ListItem\",\"position\":2,\"name\":\"S\u1ea3n ph\u1ea9m\",\"item\":\"https:\/\/aslighting.com.vn\/en\/san-pham\/\"},{\"@type\":\"ListItem\",\"position\":3,\"name\":\"M\u00c1NG \u0110\u00c8N BATTEN\"}]},{\"@type\":\"WebSite\",\"@id\":\"https:\/\/aslighting.com.vn\/#website\",\"url\":\"https:\/\/aslighting.com.vn\/\",\"name\":\"C\u00f4ng Ty C\u1ed5 Ph\u1ea7n Gi\u1ea3i Ph\u00e1p Chi\u1ebfu S\u00e1ng To\u00e0n Di\u1ec7n \u00c1nh Sao\",\"description\":\"\",\"publisher\":{\"@id\":\"https:\/\/aslighting.com.vn\/#organization\"},\"potentialAction\":[{\"@type\":\"SearchAction\",\"target\":{\"@type\":\"EntryPoint\",\"urlTemplate\":\"https:\/\/aslighting.com.vn\/?s={search_term_string}\"},\"query-input\":\"required name=search_term_string\"}],\"inLanguage\":\"vi\"},{\"@type\":\"Organization\",\"@id\":\"https:\/\/aslighting.com.vn\/#organization\",\"name\":\"C\u00f4ng Ty C\u1ed5 Ph\u1ea7n Gi\u1ea3i Ph\u00e1p Chi\u1ebfu S\u00e1ng To\u00e0n Di\u1ec7n \u00c1nh Sao\",\"url\":\"https:\/\/aslighting.com.vn\/\",\"logo\":{\"@type\":\"ImageObject\",\"inLanguage\":\"vi\",\"@id\":\"https:\/\/aslighting.com.vn\/#\/schema\/logo\/image\/\",\"url\":\"\/wp-content\/uploads\/2022\/10\/logo-ANHSAO.png\",\"contentUrl\":\"\/wp-content\/uploads\/2022\/10\/logo-ANHSAO.png\",\"width\":1091,\"height\":360,\"caption\":\"C\u00f4ng Ty C\u1ed5 Ph\u1ea7n Gi\u1ea3i Ph\u00e1p Chi\u1ebfu S\u00e1ng To\u00e0n Di\u1ec7n \u00c1nh Sao\"},\"image\":{\"@id\":\"https:\/\/aslighting.com.vn\/#\/schema\/logo\/image\/\"}}]}<\/script>\n<!-- \/ Yoast SEO Premium plugin. -->","yoast_head_json":{"title":"M\u00e1ng \u0111\u00e8n Batten \u00c1nh Sao ch\u00ednh h\u00e3ng gi\u00e1 t\u1ed1t","description":"M\u00e1ng \u0111\u00e8n Batten \u0111\u01b0\u1ee3c c\u00f4ng ty c\u1ed5 ph\u1ea7n thi\u1ebft b\u1ecb chi\u1ebfu s\u00e1ng \u00c1nh Sao cung c\u1ea5p t\u1edbi kh\u00e1ch h\u00e0ng: thi\u1ebft k\u1ebf, \u01b0u \u0111i\u1ec3m, th\u00f4ng s\u1ed1 k\u1ef9 thu\u1eadt...","robots":{"index":"index","follow":"follow","max-snippet":"max-snippet:-1","max-image-preview":"max-image-preview:large","max-video-preview":"max-video-preview:-1"},"canonical":"https:\/\/aslighting.com.vn\/vi\/san-pham\/mang-den-batten\/","og_locale":"vi_VN","og_type":"article","og_title":"M\u00c1NG \u0110\u00c8N BATTEN","og_description":"M\u00e1ng \u0111\u00e8n Batten \u0111\u01b0\u1ee3c c\u00f4ng ty c\u1ed5 ph\u1ea7n thi\u1ebft b\u1ecb chi\u1ebfu s\u00e1ng \u00c1nh Sao cung c\u1ea5p t\u1edbi kh\u00e1ch h\u00e0ng: thi\u1ebft k\u1ebf, \u01b0u \u0111i\u1ec3m, th\u00f4ng s\u1ed1 k\u1ef9 thu\u1eadt...","og_url":"https:\/\/aslighting.com.vn\/vi\/san-pham\/mang-den-batten\/","og_site_name":"C\u00f4ng Ty C\u1ed5 Ph\u1ea7n Gi\u1ea3i Ph\u00e1p Chi\u1ebfu S\u00e1ng To\u00e0n Di\u1ec7n \u00c1nh Sao","article_modified_time":"2023-05-31T03:14:06+00:00","og_image":[{"width":900,"height":780,"url":"https:\/\/aslighting.com.vn\/wp-content\/uploads\/2022\/11\/v-shape-401-1.png","type":"image\/png"}],"twitter_card":"summary_large_image","twitter_misc":{"\u01af\u1edbc t\u00ednh th\u1eddi gian \u0111\u1ecdc":"3 ph\u00fat"},"schema":{"@context":"https:\/\/schema.org","@graph":[{"@type":"WebPage","@id":"https:\/\/aslighting.com.vn\/san-pham\/mang-den-batten\/","url":"https:\/\/aslighting.com.vn\/san-pham\/mang-den-batten\/","name":"M\u00e1ng \u0111\u00e8n Batten \u00c1nh Sao ch\u00ednh h\u00e3ng gi\u00e1 t\u1ed1t","isPartOf":{"@id":"https:\/\/aslighting.com.vn\/#website"},"primaryImageOfPage":{"@id":"https:\/\/aslighting.com.vn\/san-pham\/mang-den-batten\/#primaryimage"},"image":{"@id":"https:\/\/aslighting.com.vn\/san-pham\/mang-den-batten\/#primaryimage"},"thumbnailUrl":"\/wp-content\/uploads\/2022\/11\/v-shape-401-1.png","datePublished":"2022-11-30T04:04:17+00:00","dateModified":"2023-05-31T03:14:06+00:00","description":"M\u00e1ng \u0111\u00e8n Batten \u0111\u01b0\u1ee3c c\u00f4ng ty c\u1ed5 ph\u1ea7n thi\u1ebft b\u1ecb chi\u1ebfu s\u00e1ng \u00c1nh Sao cung c\u1ea5p t\u1edbi kh\u00e1ch h\u00e0ng: thi\u1ebft k\u1ebf, \u01b0u \u0111i\u1ec3m, th\u00f4ng s\u1ed1 k\u1ef9 thu\u1eadt...","breadcrumb":{"@id":"https:\/\/aslighting.com.vn\/san-pham\/mang-den-batten\/#breadcrumb"},"inLanguage":"vi","potentialAction":[{"@type":"ReadAction","target":["https:\/\/aslighting.com.vn\/san-pham\/mang-den-batten\/"]}]},{"@type":"ImageObject","inLanguage":"vi","@id":"https:\/\/aslighting.com.vn\/san-pham\/mang-den-batten\/#primaryimage","url":"\/wp-content\/uploads\/2022\/11\/v-shape-401-1.png","contentUrl":"\/wp-content\/uploads\/2022\/11\/v-shape-401-1.png","width":900,"height":780},{"@type":"BreadcrumbList","@id":"https:\/\/aslighting.com.vn\/san-pham\/mang-den-batten\/#breadcrumb","itemListElement":[{"@type":"ListItem","position":1,"name":"Trang ch\u1ee7","item":"https:\/\/aslighting.com.vn\/vi\/"},{"@type":"ListItem","position":2,"name":"S\u1ea3n ph\u1ea9m","item":"https:\/\/aslighting.com.vn\/en\/san-pham\/"},{"@type":"ListItem","position":3,"name":"M\u00c1NG \u0110\u00c8N BATTEN"}]},{"@type":"WebSite","@id":"https:\/\/aslighting.com.vn\/#website","url":"https:\/\/aslighting.com.vn\/","name":"C\u00f4ng Ty C\u1ed5 Ph\u1ea7n Gi\u1ea3i Ph\u00e1p Chi\u1ebfu S\u00e1ng To\u00e0n Di\u1ec7n \u00c1nh Sao","description":"","publisher":{"@id":"https:\/\/aslighting.com.vn\/#organization"},"potentialAction":[{"@type":"SearchAction","target":{"@type":"EntryPoint","urlTemplate":"https:\/\/aslighting.com.vn\/?s={search_term_string}"},"query-input":"required name=search_term_string"}],"inLanguage":"vi"},{"@type":"Organization","@id":"https:\/\/aslighting.com.vn\/#organization","name":"C\u00f4ng Ty C\u1ed5 Ph\u1ea7n Gi\u1ea3i Ph\u00e1p Chi\u1ebfu S\u00e1ng To\u00e0n Di\u1ec7n \u00c1nh Sao","url":"https:\/\/aslighting.com.vn\/","logo":{"@type":"ImageObject","inLanguage":"vi","@id":"https:\/\/aslighting.com.vn\/#\/schema\/logo\/image\/","url":"\/wp-content\/uploads\/2022\/10\/logo-ANHSAO.png","contentUrl":"\/wp-content\/uploads\/2022\/10\/logo-ANHSAO.png","width":1091,"height":360,"caption":"C\u00f4ng Ty C\u1ed5 Ph\u1ea7n Gi\u1ea3i Ph\u00e1p Chi\u1ebfu S\u00e1ng To\u00e0n Di\u1ec7n \u00c1nh Sao"},"image":{"@id":"https:\/\/aslighting.com.vn\/#\/schema\/logo\/image\/"}}]}},"_links":{"self":[{"href":"https:\/\/aslighting.com.vn\/vi\/wp-json\/wp\/v2\/product\/2352","targetHints":{"allow":["GET"]}}],"collection":[{"href":"https:\/\/aslighting.com.vn\/vi\/wp-json\/wp\/v2\/product"}],"about":[{"href":"https:\/\/aslighting.com.vn\/vi\/wp-json\/wp\/v2\/types\/product"}],"replies":[{"embeddable":true,"href":"https:\/\/aslighting.com.vn\/vi\/wp-json\/wp\/v2\/comments?post=2352"}],"wp:featuredmedia":[{"embeddable":true,"href":"https:\/\/aslighting.com.vn\/vi\/wp-json\/wp\/v2\/media\/3614"}],"wp:attachment":[{"href":"https:\/\/aslighting.com.vn\/vi\/wp-json\/wp\/v2\/media?parent=2352"}],"wp:term":[{"taxonomy":"product_brand","embeddable":true,"href":"https:\/\/aslighting.com.vn\/vi\/wp-json\/wp\/v2\/product_brand?post=2352"},{"taxonomy":"product_cat","embeddable":true,"href":"https:\/\/aslighting.com.vn\/vi\/wp-json\/wp\/v2\/product_cat?post=2352"},{"taxonomy":"product_tag","embeddable":true,"href":"https:\/\/aslighting.com.vn\/vi\/wp-json\/wp\/v2\/product_tag?post=2352"}],"curies":[{"name":"wp","href":"https:\/\/api.w.org\/{rel}","templated":true}]}}